

{"id":8984,"date":"2025-10-25T07:07:17","date_gmt":"2025-10-25T07:07:17","guid":{"rendered":"https:\/\/vapemaison.com\/?post_type=product&#038;p=8984"},"modified":"2026-05-16T09:26:14","modified_gmt":"2026-05-16T09:26:14","slug":"hume-azul-24000-puffs-wegwerfbare-vape","status":"publish","type":"product","link":"https:\/\/vapemaison.com\/de\/product\/hume-azul-24000-puffs-disposable-vape\/","title":{"rendered":"Azul Puff 24k Einweg Vape - Premium Mesh Coil, 600mAh Akku, 2% Nikotin"},"content":{"rendered":"<p>Entdecken Sie das ultimative Vaping-Erlebnis mit dem <strong>Azul Puff 24k Einweg Vape<\/strong>, Sie wurde f\u00fcr diejenigen entwickelt, die hohe Leistung und au\u00dfergew\u00f6hnlichen Geschmack suchen. Mit bis zu <strong>24.000 Z\u00fcge<\/strong> pro Ger\u00e4t verspricht es lang anhaltende Zufriedenheit. Ausgestattet mit einem <strong>Netzspule<\/strong>, a <strong>600mAh-Akku<\/strong>, und eine <strong>Typ-C-Ladeanschluss<\/strong>, Dieses Ger\u00e4t ist f\u00fcr ein reibungsloses, konsistentes Erlebnis gebaut. Genie\u00dfen Sie eine Vielzahl von k\u00f6stlichen Geschmacksrichtungen mit <strong>2% Nikotingehalt<\/strong>, perfekt f\u00fcr jeden Geschmack.<\/p>\n\n\n\n<figure class=\"wp-block-embed is-type-video is-provider-youtube wp-block-embed-youtube wp-embed-aspect-9-16 wp-has-aspect-ratio\"><div class=\"wp-block-embed__wrapper\">\n<div class=\"video-container\"><iframe title=\"Humo Azul 24000 Puffs Vape - Unboxing &amp; Verwendung | Wassermelone Eis-Geschmack\" width=\"563\" height=\"1000\" src=\"https:\/\/www.youtube.com\/embed\/U0POWHMEwbU?feature=oembed\" frameborder=\"0\" allow=\"accelerometer; autoplay; clipboard-write; encrypted-media; gyroscope; picture-in-picture; web-share\" referrerpolicy=\"strict-origin-when-cross-origin\" allowfullscreen><\/iframe><\/div>\n<\/div><\/figure>\n\n\n\n<h3 class=\"wp-block-heading\"><strong>Warum w\u00e4hlen <strong>Azul Puff 24k Einweg Vape<\/strong>?<\/strong><\/h3>\n\n\n\n<p><strong>Unerreichte Puffkapazit\u00e4t<\/strong><br>Mit bis zu <strong>24000 Z\u00fcge<\/strong>, die <strong>Humo Azul<\/strong> zeichnet sich als einer der langlebigsten Einwegverdampfer auf dem heutigen Markt aus. Verabschiede Dich vom st\u00e4ndigen Austausch und begr\u00fc\u00dfe wochenlanges, ununterbrochenes Vergn\u00fcgen. Er ist perfekt f\u00fcr Dampfer, die Haltbarkeit verlangen, ohne Kompromisse bei der Leistung einzugehen.<\/p>\n\n\n\n<p><strong>Fortschrittliche Mesh-Spulen-Technologie<\/strong><br>Unser <strong>Maschenspule<\/strong> Technologie-Garantien <strong>reicherer, sanfterer Geschmack<\/strong> mit jedem Inhalieren. Im Gegensatz zu herk\u00f6mmlichen Spulen erhitzen Mesh-Spulen das E-Liquid gleichm\u00e4\u00dfig und erzeugen einen befriedigenderen und geschmackvolleren Dampf. Erwarten Sie einen gleichm\u00e4\u00dfigen Geschmack, der nicht nachl\u00e4sst - perfekt f\u00fcr jede Session.<\/p>\n\n\n\n<p><strong>Lang anhaltende Leistung<\/strong><br>Angetrieben von einem <strong>600mAh wiederaufladbare Batterie<\/strong>, die <strong><strong>Humo Azul 24000 Puffs Einweg Vape<\/strong><\/strong> ist f\u00fcr den langfristigen Einsatz konzipiert. Laden Sie das Ger\u00e4t \u00fcber den praktischen <strong>Typ-C-Anschluss<\/strong>, und Sie k\u00f6nnen in k\u00fcrzester Zeit und mit minimaler Ausfallzeit wieder dampfen.<\/p>\n\n\n\n<p><strong>Sanfte Nikotinbefriedigung<\/strong><br>Mit <strong>2% Nikotin<\/strong>, Jeder Zug bietet die ideale Balance zwischen einem befriedigenden Schlag und einem sanften Dampferlebnis. Egal, ob Du von traditionellen Zigaretten wegkommen willst oder einfach eine saubere Alternative genie\u00dfen willst, dieser Vape liefert jedes Mal.<\/p>\n\n\n\n<p><strong>Wesentliche Merkmale<\/strong>:<\/p>\n\n\n\n<ul class=\"wp-block-list\">\n<li><strong>24.000 Puffs<\/strong>: Maximale Puffkapazit\u00e4t f\u00fcr ein ausgedehntes Vaping-Erlebnis.<\/li>\n\n\n\n<li><strong>Mesh-Spulen-Technologie<\/strong>: Liefert ein reiches, volles Aroma mit jedem Inhalieren.<\/li>\n\n\n\n<li><strong>600mAh Akku<\/strong>: Langlebige und effiziente Leistung f\u00fcr ununterbrochenen Musikgenuss.<\/li>\n\n\n\n<li><strong>Typ-C-Ladung<\/strong>: Schnelles und einfaches Aufladen f\u00fcr maximalen Komfort.<\/li>\n\n\n\n<li><strong>2% Nikotingehalt<\/strong>: Ein sanfter und befriedigender Nikotinsto\u00df.<\/li>\n<\/ul>\n\n\n\n<p><strong>Verf\u00fcgbare Geschmacksrichtungen<\/strong>:<\/p>\n\n\n\n<ul class=\"wp-block-list\">\n<li><strong>Pfirsich-Eis<\/strong><\/li>\n\n\n\n<li><strong>Blaubeereis<\/strong><\/li>\n\n\n\n<li><strong>Traubeneis<\/strong><\/li>\n\n\n\n<li><strong>Brombeere Drachenfrucht<\/strong><\/li>\n\n\n\n<li><strong>Meloneneis<\/strong><\/li>\n\n\n\n<li><strong>Erdbeere Wassermelone Weintraube<\/strong><\/li>\n\n\n\n<li><strong>Zitrone-Limette<\/strong><\/li>\n\n\n\n<li><strong>Wassermelone Eis<\/strong><\/li>\n\n\n\n<li><strong>Erdbeere Cranberry Kirsche<\/strong><\/li>\n\n\n\n<li><strong>Blaues Razzeis<\/strong><\/li>\n\n\n\n<li><strong>Passionsfrucht Kiwi Guave<\/strong><\/li>\n<\/ul>\n\n\n\n<p><strong>Verpackungs-Optionen<\/strong>:<\/p>\n\n\n\n<ul class=\"wp-block-list\">\n<li><strong>Kleinpackung<\/strong>: 1 St\u00fcck pro Packung (Gr\u00f6\u00dfe: 42.5<em>42.5<\/em>137mm)<\/li>\n\n\n\n<li><strong>Medium Pack<\/strong>: 10 St\u00fcck pro Packung (Gr\u00f6\u00dfe: 218<em>89<\/em>140mm)<\/li>\n\n\n\n<li><strong>Hauptkarton<\/strong>: 200 St\u00fcck pro Packung (Gr\u00f6\u00dfe: 474x305x518mm, Gewicht: 20kg)<\/li>\n<\/ul>\n\n\n\n<h4 class=\"wp-block-heading\">Um mehr \u00fcber Markenprodukte zu erfahren, <a href=\"https:\/\/vapemaison.com\/shop\/\">hier klicken<\/a> Entdecken Sie die Welt des Premium-Vapings auf <a href=\"https:\/\/vapemaison.com\/\">VapeMaison<\/a>, wo Innovation auf Stil trifft. Durchsuchen Sie unsere gesamte Kollektion auf der <a href=\"https:\/\/vapemaison.com\/shop\/\">Shop<\/a> Seite, oder entdecken Sie die beliebte <a href=\"https:\/\/vapemaison.com\/brand\/humo-azul\/\">Humo Vape Markenkollektion<\/a> und <a href=\"https:\/\/vapemaison.com\/brand\/bang\/\">Bang<\/a> Produkte, die bei Vapern \u00fcberall beliebt sind. Suchen Sie nach mehr Optionen? Sehen Sie sich alle unsere <a href=\"https:\/\/vapemaison.com\/product-category\/puffs-count\/\">Puffs<\/a> Ger\u00e4te und finden Sie die perfekte L\u00f6sung f\u00fcr Ihren Geschmack und Lebensstil.<\/h4>\n\n\n\n<h2 class=\"wp-block-heading has-text-align-center\">Faqs<\/h2>\n\n\n\n<h3 class=\"wp-block-heading\">1<strong>. Wie lange h\u00e4lt der Humo Azul 24k?<\/strong><\/h3>\n\n\n\n<p>Der Humo Azul 24000 ist so konzipiert, dass er <strong>bis zu 24k Puffs<\/strong>, Die tats\u00e4chliche Dauer variiert jedoch je nach den pers\u00f6nlichen Rauchgewohnheiten. Seine gro\u00dfe Kapazit\u00e4t macht ihn zu einer gro\u00dfartigen Option f\u00fcr Nutzer, die ein Ger\u00e4t suchen, das sie \u00fcber einen l\u00e4ngeren Zeitraum begleiten kann.<\/p>\n\n\n\n<h3 class=\"wp-block-heading\"><strong>2. Wie lange dauert es, den Humo Azul aufzuladen?<\/strong><\/h3>\n\n\n\n<p>Dieses Ger\u00e4t enth\u00e4lt eine <strong>600mAh wiederaufladbare Batterie<\/strong>, die im Allgemeinen eine <strong>35-45 Minuten<\/strong> um eine volle Ladung \u00fcber Typ-C zu erreichen. Die Schnellladefunktion minimiert die Wartezeit, sodass Sie schnell wieder mit dem Dampfen beginnen k\u00f6nnen.<\/p>\n\n\n\n<h3 class=\"wp-block-heading\"><strong>3. Woran erkenne ich, dass der Azul Puff 24k fertig ist?<\/strong><\/h3>\n\n\n\n<p>Sie werden feststellen, dass es kurz vor dem Ende ist, wenn <strong>der Geschmack wird schw\u00e4cher<\/strong>, Der Dampfaussto\u00df sinkt oder das Ger\u00e4t h\u00f6rt ganz auf, Dampf zu produzieren. Einige Nutzer beobachten auch, dass sich das Ger\u00e4t leichter anf\u00fchlt, wenn das gesamte E-Liquid verbraucht wurde.<\/p>\n\n\n\n<h3 class=\"wp-block-heading\"><strong>4. Kann ich den Humo Azul 24000 nachf\u00fcllen?<\/strong><\/h3>\n\n\n\n<p>Nein. Der Humo Azul 24000 ist ein <strong>Einwegger\u00e4t f\u00fcr den einmaligen Gebrauch<\/strong>, Das hei\u00dft, er kann nicht nachgef\u00fcllt werden. Wenn das eingebaute E-Liquid aufgebraucht ist, werfen Sie das Ger\u00e4t einfach weg und tauschen es gegen ein neues aus.<\/p>\n\n\n\n<h3 class=\"wp-block-heading\"><strong>5. Ist dieses Ger\u00e4t anf\u00e4ngerfreundlich?<\/strong><\/h3>\n\n\n\n<p>Ja. Seine <strong>einfaches, inhalatives Design zur Aktivierung<\/strong> macht ihn besonders geeignet f\u00fcr neue Dampfer. Da keine Kn\u00f6pfe oder Einstellungen zu bedienen sind, k\u00f6nnen Anf\u00e4nger sofort ein reibungsloses und konsistentes Erlebnis genie\u00dfen.<\/p>\n\n\n\n<h3 class=\"wp-block-heading\">6. wie lange dauert der Versand?<\/h3>\n\n\n\n<p>Die Bearbeitung der Auftr\u00e4ge erfolgt innerhalb von <strong>24 Stunden<\/strong> nach Zahlungsbest\u00e4tigung.<br>Die <strong>Humo Azul<\/strong> Das Produkt ist derzeit in unserem <strong>Deutschland Lagerhaus<\/strong>.<\/p>\n\n\n\n<ul class=\"wp-block-list\">\n<li><strong>Deutschland:<\/strong> 3-5 Arbeitstage<\/li>\n\n\n\n<li><strong>Andere europ\u00e4ische L\u00e4nder:<\/strong> 5-7 Arbeitstage<\/li>\n\n\n\n<li><strong>Au\u00dferhalb Europas:<\/strong> Versand aus China, ca. 10-15 Arbeitstage<\/li>\n<\/ul>\n\n\n\n<p>Die tats\u00e4chlichen Lieferzeiten k\u00f6nnen je nach Bestimmungsort und \u00f6rtlichen Gepflogenheiten variieren. Wenn Sie genauere Informationen ben\u00f6tigen, kontaktieren Sie bitte unseren Kundenservice, bevor Sie Ihre Bestellung aufgeben.<\/p>","protected":false},"excerpt":{"rendered":"<p data-start=\"155\" data-end=\"418\">Die <strong data-start=\"159\" data-end=\"200\">Humo Azul 24000 Puffs Einweg Vape<\/strong> ist f\u00fcr Dampfer gemacht, die eine l\u00e4ngere Nutzungsdauer w\u00fcnschen, ohne auf Geschmack oder Konsistenz verzichten zu m\u00fcssen. Mit seiner sanften Dampfabgabe und dem wiederaufladbaren Design bietet er ein zuverl\u00e4ssiges Erlebnis, das vom ersten bis zum letzten Zug anh\u00e4lt. Er ist einfach zu bedienen, bequem zu tragen und in einer gro\u00dfen Auswahl an beliebten Geschmacksrichtungen erh\u00e4ltlich.<\/p>","protected":false},"featured_media":8985,"comment_status":"open","ping_status":"closed","template":"","meta":[],"product_brand":[166],"product_cat":[292],"product_tag":[],"class_list":{"0":"post-8984","1":"product","2":"type-product","3":"status-publish","4":"has-post-thumbnail","6":"product_brand-humo-azul","7":"product_cat-24k-puffs","9":"first","10":"instock","11":"sale","12":"shipping-taxable","13":"purchasable","14":"product-type-variable"},"yoast_head":"<!-- This site is optimized with the Yoast SEO plugin v27.4 - https:\/\/yoast.com\/product\/yoast-seo-wordpress\/ -->\n<title>Azul Puff 24k Disposable Vape - Mesh Coil, 10+ Flavors<\/title>\n<meta name=\"description\" content=\"Shop the Azul Puff 24k Disposable Vape for a premium vaping experience. Enjoy up to 24,000 puffs with mesh coil technology.\" \/>\n<meta name=\"robots\" content=\"index, follow, max-snippet:-1, max-image-preview:large, max-video-preview:-1\" \/>\n<link rel=\"canonical\" href=\"https:\/\/vapemaison.com\/de\/product\/hume-azul-24000-puffs-wegwerfbare-vape\/\" \/>\n<meta property=\"og:locale\" content=\"de_DE\" \/>\n<meta property=\"og:type\" content=\"article\" \/>\n<meta property=\"og:title\" content=\"Azul Puff 24k Disposable Vape - Mesh Coil, 10+ Flavors\" \/>\n<meta property=\"og:description\" content=\"Shop the Azul Puff 24k Disposable Vape for a premium vaping experience. Enjoy up to 24,000 puffs with mesh coil technology.\" \/>\n<meta property=\"og:url\" content=\"https:\/\/vapemaison.com\/de\/product\/hume-azul-24000-puffs-wegwerfbare-vape\/\" \/>\n<meta property=\"og:site_name\" content=\"VapeMaison\" \/>\n<meta property=\"article:modified_time\" content=\"2026-05-16T09:26:14+00:00\" \/>\n<meta property=\"og:image\" content=\"https:\/\/vapemaison.com\/wp-content\/uploads\/2025\/10\/humo-azul-24000-puffs-flavor-blackberry-dragonfruit-picture-scaled.png\" \/>\n\t<meta property=\"og:image:width\" content=\"2560\" \/>\n\t<meta property=\"og:image:height\" content=\"2560\" \/>\n\t<meta property=\"og:image:type\" content=\"image\/png\" \/>\n<meta name=\"twitter:card\" content=\"summary_large_image\" \/>\n<meta name=\"twitter:label1\" content=\"Gesch\u00e4tzte Lesezeit\" \/>\n\t<meta name=\"twitter:data1\" content=\"4\u00a0Minuten\" \/>\n<!-- \/ Yoast SEO plugin. -->","yoast_head_json":{"title":"Azul Puff 24k Einweg Vape - Mesh Coil, 10+ Geschmacksrichtungen","description":"Kaufen Sie den Azul Puff 24k Disposable Vape f\u00fcr ein erstklassiges Dampferlebnis. Genie\u00dfen Sie bis zu 24.000 Z\u00fcge mit Mesh-Coil-Technologie.","robots":{"index":"index","follow":"follow","max-snippet":"max-snippet:-1","max-image-preview":"max-image-preview:large","max-video-preview":"max-video-preview:-1"},"canonical":"https:\/\/vapemaison.com\/de\/product\/hume-azul-24000-puffs-wegwerfbare-vape\/","og_locale":"de_DE","og_type":"article","og_title":"Azul Puff 24k Disposable Vape - Mesh Coil, 10+ Flavors","og_description":"Shop the Azul Puff 24k Disposable Vape for a premium vaping experience. Enjoy up to 24,000 puffs with mesh coil technology.","og_url":"https:\/\/vapemaison.com\/de\/product\/hume-azul-24000-puffs-wegwerfbare-vape\/","og_site_name":"VapeMaison","article_modified_time":"2026-05-16T09:26:14+00:00","og_image":[{"width":2560,"height":2560,"url":"https:\/\/vapemaison.com\/wp-content\/uploads\/2025\/10\/humo-azul-24000-puffs-flavor-blackberry-dragonfruit-picture-scaled.png","type":"image\/png"}],"twitter_card":"summary_large_image","twitter_misc":{"Gesch\u00e4tzte Lesezeit":"4\u00a0Minuten"},"schema":{"@context":"https:\/\/schema.org","@graph":[{"@type":"WebPage","@id":"https:\/\/vapemaison.com\/product\/hume-azul-24000-puffs-disposable-vape\/","url":"https:\/\/vapemaison.com\/product\/hume-azul-24000-puffs-disposable-vape\/","name":"Azul Puff 24k Einweg Vape - Mesh Coil, 10+ Geschmacksrichtungen","isPartOf":{"@id":"https:\/\/vapemaison.com\/#website"},"primaryImageOfPage":{"@id":"https:\/\/vapemaison.com\/product\/hume-azul-24000-puffs-disposable-vape\/#primaryimage"},"image":{"@id":"https:\/\/vapemaison.com\/product\/hume-azul-24000-puffs-disposable-vape\/#primaryimage"},"thumbnailUrl":"https:\/\/vapemaison.com\/wp-content\/uploads\/2025\/10\/humo-azul-24000-puffs-flavor-blackberry-dragonfruit-picture-scaled.png","datePublished":"2025-10-25T07:07:17+00:00","dateModified":"2026-05-16T09:26:14+00:00","description":"Kaufen Sie den Azul Puff 24k Disposable Vape f\u00fcr ein erstklassiges Dampferlebnis. Genie\u00dfen Sie bis zu 24.000 Z\u00fcge mit Mesh-Coil-Technologie.","breadcrumb":{"@id":"https:\/\/vapemaison.com\/product\/hume-azul-24000-puffs-disposable-vape\/#breadcrumb"},"inLanguage":"de","potentialAction":[{"@type":"ReadAction","target":["https:\/\/vapemaison.com\/product\/hume-azul-24000-puffs-disposable-vape\/"]}]},{"@type":"ImageObject","inLanguage":"de","@id":"https:\/\/vapemaison.com\/product\/hume-azul-24000-puffs-disposable-vape\/#primaryimage","url":"https:\/\/vapemaison.com\/wp-content\/uploads\/2025\/10\/humo-azul-24000-puffs-flavor-blackberry-dragonfruit-picture-scaled.png","contentUrl":"https:\/\/vapemaison.com\/wp-content\/uploads\/2025\/10\/humo-azul-24000-puffs-flavor-blackberry-dragonfruit-picture-scaled.png","width":2560,"height":2560,"caption":"Humo Azul Puffs Flavor Blackberry Dragonfruit Picture Scaled Disposable Vape Device"},{"@type":"BreadcrumbList","@id":"https:\/\/vapemaison.com\/product\/hume-azul-24000-puffs-disposable-vape\/#breadcrumb","itemListElement":[{"@type":"ListItem","position":1,"name":"\u9996\u9875","item":"https:\/\/vapemaison.com\/"},{"@type":"ListItem","position":2,"name":"Shop","item":"https:\/\/vapemaison.com\/shop\/"},{"@type":"ListItem","position":3,"name":"Humo Azul","item":"https:\/\/vapemaison.com\/brand\/humo-azul\/"},{"@type":"ListItem","position":4,"name":"Azul Puff 24k Disposable Vape \u2013 Premium Mesh Coil, 600mAh Battery, 2% Nicotine"}]},{"@type":"WebSite","@id":"https:\/\/vapemaison.com\/#website","url":"https:\/\/vapemaison.com\/","name":"VapeMaison","description":"Premium Vaping-Ger\u00e4te und Zubeh\u00f6r","publisher":{"@id":"https:\/\/vapemaison.com\/#organization"},"potentialAction":[{"@type":"SearchAction","target":{"@type":"EntryPoint","urlTemplate":"https:\/\/vapemaison.com\/?s={search_term_string}"},"query-input":{"@type":"PropertyValueSpecification","valueRequired":true,"valueName":"search_term_string"}}],"inLanguage":"de"},{"@type":"Organization","@id":"https:\/\/vapemaison.com\/#organization","name":"VapeMaison","url":"https:\/\/vapemaison.com\/","logo":{"@type":"ImageObject","inLanguage":"de","@id":"https:\/\/vapemaison.com\/#\/schema\/logo\/image\/","url":"https:\/\/vapemaison.com\/wp-content\/uploads\/2026\/01\/cropped-vapemaison-logo-g-2026.webp","contentUrl":"https:\/\/vapemaison.com\/wp-content\/uploads\/2026\/01\/cropped-vapemaison-logo-g-2026.webp","width":350,"height":280,"caption":"VapeMaison"},"image":{"@id":"https:\/\/vapemaison.com\/#\/schema\/logo\/image\/"},"sameAs":["https:\/\/www.youtube.com\/@VapeMaison"]}]}},"tiered_pricing_type":"fixed","tiered_pricing_fixed_rules":{"30":"8.48","50":"7.99","100":"7.34","200":"6.78"},"tiered_pricing_product_settings":{"layout":"default","base_unit_name":{"singular":null,"plural":null},"default_variation":null},"tiered_pricing_minimum_quantity":10,"tiered_pricing_roles_data":[],"tiered_pricing_percentage_rules":[],"tiered_pricing_maximum_quantity":null,"tiered_pricing_quantity_step":"10","_links":{"self":[{"href":"https:\/\/vapemaison.com\/de\/wp-json\/wp\/v2\/product\/8984","targetHints":{"allow":["GET"]}}],"collection":[{"href":"https:\/\/vapemaison.com\/de\/wp-json\/wp\/v2\/product"}],"about":[{"href":"https:\/\/vapemaison.com\/de\/wp-json\/wp\/v2\/types\/product"}],"replies":[{"embeddable":true,"href":"https:\/\/vapemaison.com\/de\/wp-json\/wp\/v2\/comments?post=8984"}],"version-history":[{"count":4,"href":"https:\/\/vapemaison.com\/de\/wp-json\/wp\/v2\/product\/8984\/revisions"}],"predecessor-version":[{"id":26155,"href":"https:\/\/vapemaison.com\/de\/wp-json\/wp\/v2\/product\/8984\/revisions\/26155"}],"wp:featuredmedia":[{"embeddable":true,"href":"https:\/\/vapemaison.com\/de\/wp-json\/wp\/v2\/media\/8985"}],"wp:attachment":[{"href":"https:\/\/vapemaison.com\/de\/wp-json\/wp\/v2\/media?parent=8984"}],"wp:term":[{"taxonomy":"product_brand","embeddable":true,"href":"https:\/\/vapemaison.com\/de\/wp-json\/wp\/v2\/product_brand?post=8984"},{"taxonomy":"product_cat","embeddable":true,"href":"https:\/\/vapemaison.com\/de\/wp-json\/wp\/v2\/product_cat?post=8984"},{"taxonomy":"product_tag","embeddable":true,"href":"https:\/\/vapemaison.com\/de\/wp-json\/wp\/v2\/product_tag?post=8984"}],"curies":[{"name":"wp","href":"https:\/\/api.w.org\/{rel}","templated":true}]}}