

{"id":9031,"date":"2025-10-25T07:47:26","date_gmt":"2025-10-25T07:47:26","guid":{"rendered":"https:\/\/vapemaison.com\/?post_type=product&#038;p=9031"},"modified":"2026-05-15T06:02:13","modified_gmt":"2026-05-15T06:02:13","slug":"humo-azul-15000-puffs-wegwerfbares-vape","status":"publish","type":"product","link":"https:\/\/vapemaison.com\/de\/product\/humo-azul-15000-puffs-disposable-vape\/","title":{"rendered":"Humo Azul Vape 15k Puff 2% Low Nikotin Bulk kaufen wiederaufladbare Einweg Vapes Pen Gro\u00dfhandel"},"content":{"rendered":"<h3 class=\"wp-block-heading\">Entdecken Sie den Humo Azul 15000 Puffs Einweg Vape - jetzt bei VapeMaison<\/h3>\n\n\n\n<p>Unter <strong>VapeMaison<\/strong>, sind wir bestrebt, hochwertige Vaping-L\u00f6sungen f\u00fcr alle Bereiche anzubieten. <strong>die Niederlande, Deutschland, Belgien und Spanien<\/strong>. Die <strong>Humo Azul 15000 Puffs Wiederaufladbarer Einweg Vape Pen<\/strong> wurde f\u00fcr Benutzer entwickelt, die Folgendes erwarten <strong>au\u00dfergew\u00f6hnliche Leistung, reichhaltiger Geschmack und lang anhaltender Wert<\/strong> in jedem Zug.<\/p>\n\n\n\n<figure class=\"wp-block-embed is-type-video is-provider-youtube wp-block-embed-youtube wp-embed-aspect-9-16 wp-has-aspect-ratio\"><div class=\"wp-block-embed__wrapper\">\n<div class=\"video-container\"><iframe title=\"Humo Azul 24000 Puffs Vape - Unboxing &amp; Verwendung | Wassermelone Eis-Geschmack\" width=\"563\" height=\"1000\" src=\"https:\/\/www.youtube.com\/embed\/U0POWHMEwbU?feature=oembed\" frameborder=\"0\" allow=\"accelerometer; autoplay; clipboard-write; encrypted-media; gyroscope; picture-in-picture; web-share\" referrerpolicy=\"strict-origin-when-cross-origin\" allowfullscreen><\/iframe><\/div>\n<\/div><\/figure>\n\n\n\n<h2 class=\"wp-block-heading\">Warum Humo Azul Vape 15k Puff w\u00e4hlen?<\/h2>\n\n\n\n<h3 class=\"wp-block-heading\"><strong>Ultra-lange Lebensdauer - bis zu 15.000 Z\u00fcge<\/strong><\/h3>\n\n\n\n<p>Verringert den Bedarf an Ersatzteilen erheblich und bietet den Benutzern ein kosteneffizientes und sorgenfreies Dampferlebnis.<\/p>\n\n\n\n<h3 class=\"wp-block-heading\"><strong>Gro\u00dfe 20ml E-Liquid Kapazit\u00e4t<\/strong><\/h3>\n\n\n\n<p>Mehr Fl\u00fcssigkeit bedeutet mehr Geschmack und weniger Unterbrechungen - perfekt f\u00fcr den t\u00e4glichen Langzeitgebrauch.<\/p>\n\n\n\n<h3 class=\"wp-block-heading\"><strong>Wiederaufladbarer 500mAh-Akku mit Typ-C-Ladung<\/strong><\/h3>\n\n\n\n<p>Schnelles, bequemes Aufladen sorgt daf\u00fcr, dass Ihr Ger\u00e4t immer bereit ist, wenn Sie es sind.<\/p>\n\n\n\n<h3 class=\"wp-block-heading\"><strong>Fortschrittliche Mesh-Spulen-Technologie<\/strong><\/h3>\n\n\n\n<p>Liefert ein intensiveres Aroma, eine verbesserte Dampfproduktion und eine gleichbleibende Geschmeidigkeit vom ersten bis zum letzten Zug.<\/p>\n\n\n\n<h3 class=\"wp-block-heading\"><strong>Ergonomisches, taschenfreundliches Design<\/strong><\/h3>\n\n\n\n<p>Leicht und bequem zu halten, ideal f\u00fcr l\u00e4ngere Sessions oder zum Dampfen unterwegs.<\/p>\n\n\n\n<h3 class=\"wp-block-heading\"><strong>2% Nikotinst\u00e4rke<\/strong><\/h3>\n\n\n\n<p>Sie ist so konzipiert, dass sie sowohl f\u00fcr erfahrene Raucher als auch f\u00fcr Umsteiger geeignet ist und ein ausgewogenes Verh\u00e4ltnis zwischen Zufriedenheit und Sanftheit bietet.<\/p>\n\n\n\n<h2 class=\"wp-block-heading\">Premium-Geschmackskollektion<\/h2>\n\n\n\n<ul class=\"wp-block-list\">\n<li>Pfirsich-Eis-Kaskade<\/li>\n\n\n\n<li>Heidelbeere Frost<\/li>\n\n\n\n<li>Traubengletscher<\/li>\n\n\n\n<li>Brombeer-Drachenfrucht-Fusion<\/li>\n\n\n\n<li>Erdbeer-Wassermelone-Trauben-Mischung<\/li>\n\n\n\n<li>Blauer Razz-Eissturm<\/li>\n\n\n\n<li>Wassermelone Chill<\/li>\n\n\n\n<li>Erdbeer-Cranberry-Kirsch-Dreierpackung<\/li>\n\n\n\n<li>Melone Frost<\/li>\n\n\n\n<li>Zitronen-Limetten-Schale<\/li>\n\n\n\n<li>Kiwi Passionsfrucht Guave Paradies<\/li>\n\n\n\n<li>Weinlese Beeren<\/li>\n<\/ul>\n\n\n\n<p>Jede Mischung ist formuliert f\u00fcr <strong>sauberer Geschmack, erfrischende Ausgewogenheit und gleichbleibende Intensit\u00e4t<\/strong>.<\/p>\n\n\n\n<h2 class=\"wp-block-heading\">Entwickelt f\u00fcr Einzelh\u00e4ndler und Verbraucher<\/h2>\n\n\n\n<p>Ob Sie ein <strong>Einzelh\u00e4ndler, die zuverl\u00e4ssige Produkte mit hoher Nachfrage suchen<\/strong> oder eine <strong>Vaper auf der Suche nach einem hochwertigen Ger\u00e4t f\u00fcr den t\u00e4glichen Gebrauch<\/strong>, Der Humo Azul 15000 Puffs zeichnet sich durch seine Eigenschaften aus:<\/p>\n\n\n\n<ul class=\"wp-block-list\">\n<li>Lange Lebensdauer<\/li>\n\n\n\n<li>Erstklassige Verarbeitungsqualit\u00e4t<\/li>\n\n\n\n<li>Vielf\u00e4ltige, hochwertige Geschmacksoptionen<\/li>\n\n\n\n<li>Wiederaufladbare Leistung, die den Wert maximiert<\/li>\n<\/ul>\n\n\n\n<h2 class=\"wp-block-heading\">Gro\u00dfhandelsvorteile bei VapeMaison<\/h2>\n\n\n\n<ul class=\"wp-block-list\">\n<li><strong>Bulk-Verf\u00fcgbarkeit:<\/strong> Kartons mit 300 St\u00fcck, ideal f\u00fcr Gro\u00dfh\u00e4ndler und Wiederverk\u00e4ufer.<\/li>\n\n\n\n<li><strong>Konkurrenzf\u00e4hige Preisgestaltung:<\/strong> Attraktive Gewinnspannen bei gleichbleibend hoher Qualit\u00e4t.<\/li>\n\n\n\n<li><strong>Professionelle Unterst\u00fctzung:<\/strong> Reibungslose Bestellung, reaktionsschneller Service und zuverl\u00e4ssige Lieferung.<\/li>\n<\/ul>\n\n\n\n<h2 class=\"wp-block-heading\">Verbessern Sie Ihr Vaping-Erlebnis noch heute<\/h2>\n\n\n\n<p>Der Humo Azul 15000 Puffs Disposable Vape kombiniert <strong>innovative Technologie<\/strong>, <strong>verl\u00e4ngerte Lebensdauer<\/strong>, und <strong>au\u00dfergew\u00f6hnliche Geschmacksleistung<\/strong>-und ist damit eine der zuverl\u00e4ssigsten Entscheidungen auf dem Markt.<\/p>\n\n\n\n<p><strong>Jetzt bestellen bei <a href=\"https:\/\/vapemaison.com\/\">VapeMaison<\/a> und erleben Sie Vaping in seiner sch\u00f6nsten Form.<\/strong>Entdecken Sie die Welt des Premium-Vapings unter <a href=\"https:\/\/vapemaison.com\/\">VapeMaison<\/a>, wo Innovation auf Stil trifft. Durchsuchen Sie unsere gesamte Kollektion auf der <a href=\"https:\/\/vapemaison.com\/shop\/\">Shop<\/a> Seite, oder entdecken Sie die beliebte <a href=\"https:\/\/vapemaison.com\/brand\/humo-azul\/\">Humo Vape Markenkollektion<\/a> und <a href=\"https:\/\/vapemaison.com\/brand\/bang\/\">Bang<\/a> Produkte, die bei Vapern \u00fcberall beliebt sind. Suchen Sie nach mehr Optionen? Sehen Sie sich alle unsere <a href=\"https:\/\/vapemaison.com\/product-category\/puffs-count\/\">Puffs<\/a> Ger\u00e4te und finden Sie die perfekte L\u00f6sung f\u00fcr Ihren Geschmack und Lebensstil.<\/p>\n\n\n\n<h2 class=\"wp-block-heading has-text-align-center\"><strong>FAQ \u00fcber Humo Azul 15<\/strong><\/h2>\n\n\n\n<h3 class=\"wp-block-heading\"><strong>1. Wie lange h\u00e4lt der Humo Azul 15k?<\/strong><\/h3>\n\n\n\n<p>Der Humo Azul 15000 ist so konzipiert, dass er <strong>bis zu 15.000 Z\u00fcge<\/strong>, Die tats\u00e4chliche Dauer variiert jedoch je nach den pers\u00f6nlichen Rauchgewohnheiten. Seine gro\u00dfe Kapazit\u00e4t macht ihn zu einer gro\u00dfartigen Option f\u00fcr Nutzer, die ein Ger\u00e4t suchen, das sie \u00fcber einen l\u00e4ngeren Zeitraum begleiten kann.<\/p>\n\n\n\n<h3 class=\"wp-block-heading\"><strong>2. Wie lange dauert es, den Humo Azul Vape zu laden?<\/strong><\/h3>\n\n\n\n<p>Dieses Ger\u00e4t enth\u00e4lt eine <strong>600mAh wiederaufladbare Batterie<\/strong>, die im Allgemeinen eine <strong>35-45 Minuten<\/strong> um eine volle Ladung \u00fcber Typ-C zu erreichen. Die Schnellladefunktion minimiert die Wartezeit, sodass Sie schnell wieder mit dem Dampfen beginnen k\u00f6nnen.<\/p>\n\n\n\n<h3 class=\"wp-block-heading\"><strong>3. Wie kann ich feststellen, ob der Humo Azul 15k fertig ist?<\/strong><\/h3>\n\n\n\n<p>Sie werden feststellen, dass es kurz vor dem Ende ist, wenn <strong>der Geschmack wird schw\u00e4cher<\/strong>, Der Dampfaussto\u00df sinkt oder das Ger\u00e4t h\u00f6rt ganz auf, Dampf zu produzieren. Einige Nutzer beobachten auch, dass sich das Ger\u00e4t leichter anf\u00fchlt, wenn das gesamte E-Liquid verbraucht wurde.<\/p>\n\n\n\n<h3 class=\"wp-block-heading\"><strong>4. Kann ich den Humo Azul 15000 nachf\u00fcllen?<\/strong><\/h3>\n\n\n\n<p>Nein. Der Humo Azul 15000 ist ein <strong>Einwegger\u00e4t f\u00fcr den einmaligen Gebrauch<\/strong>, Das hei\u00dft, er kann nicht nachgef\u00fcllt werden. Wenn das eingebaute E-Liquid aufgebraucht ist, werfen Sie das Ger\u00e4t einfach weg und tauschen es gegen ein neues aus.<\/p>\n\n\n\n<h3 class=\"wp-block-heading\"><strong>5. Ist dieses Ger\u00e4t anf\u00e4ngerfreundlich?<\/strong><\/h3>\n\n\n\n<p>Ja. Seine <strong>einfaches, inhalatives Design zur Aktivierung<\/strong> macht ihn besonders geeignet f\u00fcr neue Dampfer. Da keine Kn\u00f6pfe oder Einstellungen zu bedienen sind, k\u00f6nnen Anf\u00e4nger sofort ein reibungsloses und konsistentes Erlebnis genie\u00dfen.<\/p>\n\n\n\n<h3 class=\"wp-block-heading\"><strong>6. Wodurch unterscheidet sich der Humo Azul 15k von anderen Einwegprodukten?<\/strong><\/h3>\n\n\n\n<p>Sein herausragendes Merkmal ist die <strong>Premium-Design, inspiriert von der kultigen Tequila-Flasche von Clase Azul<\/strong>, und verleiht ihm ein einzigartiges Aussehen. Gepaart mit <strong>15.000 Z\u00fcge<\/strong> und eine <strong>Netzspule<\/strong> die den Geschmack und die Dampfkonsistenz verbessert, bietet er ein High-End-Erlebnis, das viele Ger\u00e4te nicht bieten k\u00f6nnen.<\/p>\n\n\n\n<h3 class=\"wp-block-heading\">7. wie lange dauert der Versand?<\/h3>\n\n\n\n<p>Die Bearbeitung der Auftr\u00e4ge erfolgt innerhalb von <strong>24 Stunden<\/strong> nach Zahlungsbest\u00e4tigung.<br>Die <strong>Humo Azul<\/strong> Das Produkt ist derzeit in unserem <strong>Deutschland Lagerhaus<\/strong>.<\/p>\n\n\n\n<ul class=\"wp-block-list\">\n<li><strong>Deutschland:<\/strong> 3-5 Arbeitstage<\/li>\n\n\n\n<li><strong>Andere europ\u00e4ische L\u00e4nder:<\/strong> 5-7 Arbeitstage<\/li>\n\n\n\n<li><strong>Au\u00dferhalb Europas:<\/strong> Versand aus China, ca. 10-15 Arbeitstage<\/li>\n<\/ul>\n\n\n\n<p>Die tats\u00e4chlichen Lieferzeiten k\u00f6nnen je nach Bestimmungsort und \u00f6rtlichen Gepflogenheiten variieren. Wenn Sie genauere Informationen ben\u00f6tigen, kontaktieren Sie bitte unseren Kundenservice, bevor Sie Ihre Bestellung aufgeben.<\/p>\n\n\n\n<p><\/p>","protected":false},"excerpt":{"rendered":"<p data-start=\"132\" data-end=\"399\">Die <strong data-start=\"136\" data-end=\"177\">Humo Azul 15000 Puffs Einweg Vape<\/strong> wurde f\u00fcr diejenigen entwickelt, die eine lang anhaltende Leistung mit sanftem, konsistentem Geschmack w\u00fcnschen. Kompakt, bequem zu benutzen und in einer breiten Palette von raffinierten Geschmacksrichtungen erh\u00e4ltlich, ist er eine solide Wahl f\u00fcr den t\u00e4glichen Gebrauch von Einzelpersonen und eine zuverl\u00e4ssige Option f\u00fcr Einzelh\u00e4ndler, die ein bew\u00e4hrtes, stark nachgefragtes Produkt suchen.<\/p>","protected":false},"featured_media":9032,"comment_status":"open","ping_status":"closed","template":"","meta":[],"product_brand":[166],"product_cat":[167],"product_tag":[],"class_list":{"0":"post-9031","1":"product","2":"type-product","3":"status-publish","4":"has-post-thumbnail","6":"product_brand-humo-azul","7":"product_cat-15k-puffs","9":"first","10":"instock","11":"sale","12":"shipping-taxable","13":"purchasable","14":"product-type-variable"},"yoast_head":"<!-- This site is optimized with the Yoast SEO plugin v27.4 - https:\/\/yoast.com\/product\/yoast-seo-wordpress\/ -->\n<title>Humo Azul Vape 15k Puff Disposable Vape \u2013 Rechargeable<\/title>\n<meta name=\"description\" content=\"Shop the Humo Azul Vape 15k Puff Disposable Vape at VapeMaison. Fast Type-C charging, multiple flavors, and bulk purchase options available.\" \/>\n<meta name=\"robots\" content=\"index, follow, max-snippet:-1, max-image-preview:large, max-video-preview:-1\" \/>\n<link rel=\"canonical\" href=\"https:\/\/vapemaison.com\/de\/product\/humo-azul-15000-puffs-wegwerfbares-vape\/\" \/>\n<meta property=\"og:locale\" content=\"de_DE\" \/>\n<meta property=\"og:type\" content=\"article\" \/>\n<meta property=\"og:title\" content=\"Humo Azul Vape 15k Puff Disposable Vape \u2013 Rechargeable\" \/>\n<meta property=\"og:description\" content=\"Shop the Humo Azul Vape 15k Puff Disposable Vape at VapeMaison. Fast Type-C charging, multiple flavors, and bulk purchase options available.\" \/>\n<meta property=\"og:url\" content=\"https:\/\/vapemaison.com\/de\/product\/humo-azul-15000-puffs-wegwerfbares-vape\/\" \/>\n<meta property=\"og:site_name\" content=\"VapeMaison\" \/>\n<meta property=\"article:modified_time\" content=\"2026-05-15T06:02:13+00:00\" \/>\n<meta property=\"og:image\" content=\"https:\/\/vapemaison.com\/wp-content\/uploads\/2025\/10\/banner-16-1024x546.png\" \/>\n\t<meta property=\"og:image:width\" content=\"1024\" \/>\n\t<meta property=\"og:image:height\" content=\"546\" \/>\n\t<meta property=\"og:image:type\" content=\"image\/png\" \/>\n<meta name=\"twitter:card\" content=\"summary_large_image\" \/>\n<meta name=\"twitter:label1\" content=\"Gesch\u00e4tzte Lesezeit\" \/>\n\t<meta name=\"twitter:data1\" content=\"4\u00a0Minuten\" \/>\n<!-- \/ Yoast SEO plugin. -->","yoast_head_json":{"title":"Humo Azul Vape 15k Puff Einweg Vape - wiederaufladbar","description":"Kaufen Sie den Humo Azul Vape 15k Puff Einwegdampfer bei VapeMaison. Schnelles Typ-C Laden, mehrere Geschmacksrichtungen und Gro\u00dfeinkaufsoptionen verf\u00fcgbar.","robots":{"index":"index","follow":"follow","max-snippet":"max-snippet:-1","max-image-preview":"max-image-preview:large","max-video-preview":"max-video-preview:-1"},"canonical":"https:\/\/vapemaison.com\/de\/product\/humo-azul-15000-puffs-wegwerfbares-vape\/","og_locale":"de_DE","og_type":"article","og_title":"Humo Azul Vape 15k Puff Disposable Vape \u2013 Rechargeable","og_description":"Shop the Humo Azul Vape 15k Puff Disposable Vape at VapeMaison. Fast Type-C charging, multiple flavors, and bulk purchase options available.","og_url":"https:\/\/vapemaison.com\/de\/product\/humo-azul-15000-puffs-wegwerfbares-vape\/","og_site_name":"VapeMaison","article_modified_time":"2026-05-15T06:02:13+00:00","og_image":[{"width":1024,"height":546,"url":"https:\/\/vapemaison.com\/wp-content\/uploads\/2025\/10\/banner-16-1024x546.png","type":"image\/png"}],"twitter_card":"summary_large_image","twitter_misc":{"Gesch\u00e4tzte Lesezeit":"4\u00a0Minuten"},"schema":{"@context":"https:\/\/schema.org","@graph":[{"@type":"WebPage","@id":"https:\/\/vapemaison.com\/product\/humo-azul-15000-puffs-disposable-vape\/","url":"https:\/\/vapemaison.com\/product\/humo-azul-15000-puffs-disposable-vape\/","name":"Humo Azul Vape 15k Puff Einweg Vape - wiederaufladbar","isPartOf":{"@id":"https:\/\/vapemaison.com\/#website"},"primaryImageOfPage":{"@id":"https:\/\/vapemaison.com\/product\/humo-azul-15000-puffs-disposable-vape\/#primaryimage"},"image":{"@id":"https:\/\/vapemaison.com\/product\/humo-azul-15000-puffs-disposable-vape\/#primaryimage"},"thumbnailUrl":"https:\/\/vapemaison.com\/wp-content\/uploads\/2025\/10\/banner-16-scaled.png","datePublished":"2025-10-25T07:47:26+00:00","dateModified":"2026-05-15T06:02:13+00:00","description":"Kaufen Sie den Humo Azul Vape 15k Puff Einwegdampfer bei VapeMaison. Schnelles Typ-C Laden, mehrere Geschmacksrichtungen und Gro\u00dfeinkaufsoptionen verf\u00fcgbar.","breadcrumb":{"@id":"https:\/\/vapemaison.com\/product\/humo-azul-15000-puffs-disposable-vape\/#breadcrumb"},"inLanguage":"de","potentialAction":[{"@type":"ReadAction","target":["https:\/\/vapemaison.com\/product\/humo-azul-15000-puffs-disposable-vape\/"]}]},{"@type":"ImageObject","inLanguage":"de","@id":"https:\/\/vapemaison.com\/product\/humo-azul-15000-puffs-disposable-vape\/#primaryimage","url":"https:\/\/vapemaison.com\/wp-content\/uploads\/2025\/10\/banner-16-scaled.png","contentUrl":"https:\/\/vapemaison.com\/wp-content\/uploads\/2025\/10\/banner-16-scaled.png","width":2560,"height":1366,"caption":"Banner 16 Scaled Disposable Vape Device"},{"@type":"BreadcrumbList","@id":"https:\/\/vapemaison.com\/product\/humo-azul-15000-puffs-disposable-vape\/#breadcrumb","itemListElement":[{"@type":"ListItem","position":1,"name":"\u9996\u9875","item":"https:\/\/vapemaison.com\/"},{"@type":"ListItem","position":2,"name":"Shop","item":"https:\/\/vapemaison.com\/shop\/"},{"@type":"ListItem","position":3,"name":"Humo Azul","item":"https:\/\/vapemaison.com\/brand\/humo-azul\/"},{"@type":"ListItem","position":4,"name":"Humo Azul Vape 15k Puff 2% Low Nicotine Bulk Buy Rechargeable Disposable Vapes Pen Wholesale"}]},{"@type":"WebSite","@id":"https:\/\/vapemaison.com\/#website","url":"https:\/\/vapemaison.com\/","name":"VapeMaison","description":"Premium Vaping-Ger\u00e4te und Zubeh\u00f6r","publisher":{"@id":"https:\/\/vapemaison.com\/#organization"},"potentialAction":[{"@type":"SearchAction","target":{"@type":"EntryPoint","urlTemplate":"https:\/\/vapemaison.com\/?s={search_term_string}"},"query-input":{"@type":"PropertyValueSpecification","valueRequired":true,"valueName":"search_term_string"}}],"inLanguage":"de"},{"@type":"Organization","@id":"https:\/\/vapemaison.com\/#organization","name":"VapeMaison","url":"https:\/\/vapemaison.com\/","logo":{"@type":"ImageObject","inLanguage":"de","@id":"https:\/\/vapemaison.com\/#\/schema\/logo\/image\/","url":"https:\/\/vapemaison.com\/wp-content\/uploads\/2026\/01\/cropped-vapemaison-logo-g-2026.webp","contentUrl":"https:\/\/vapemaison.com\/wp-content\/uploads\/2026\/01\/cropped-vapemaison-logo-g-2026.webp","width":350,"height":280,"caption":"VapeMaison"},"image":{"@id":"https:\/\/vapemaison.com\/#\/schema\/logo\/image\/"},"sameAs":["https:\/\/www.youtube.com\/@VapeMaison"]}]}},"tiered_pricing_type":"fixed","tiered_pricing_fixed_rules":{"30":"8.48","50":"7.99","100":"7.34","200":"6.78"},"tiered_pricing_product_settings":{"layout":"default","base_unit_name":{"singular":null,"plural":null},"default_variation":null},"tiered_pricing_minimum_quantity":10,"tiered_pricing_roles_data":[],"tiered_pricing_percentage_rules":[],"tiered_pricing_maximum_quantity":null,"tiered_pricing_quantity_step":"10","_links":{"self":[{"href":"https:\/\/vapemaison.com\/de\/wp-json\/wp\/v2\/product\/9031","targetHints":{"allow":["GET"]}}],"collection":[{"href":"https:\/\/vapemaison.com\/de\/wp-json\/wp\/v2\/product"}],"about":[{"href":"https:\/\/vapemaison.com\/de\/wp-json\/wp\/v2\/types\/product"}],"replies":[{"embeddable":true,"href":"https:\/\/vapemaison.com\/de\/wp-json\/wp\/v2\/comments?post=9031"}],"version-history":[{"count":4,"href":"https:\/\/vapemaison.com\/de\/wp-json\/wp\/v2\/product\/9031\/revisions"}],"predecessor-version":[{"id":26151,"href":"https:\/\/vapemaison.com\/de\/wp-json\/wp\/v2\/product\/9031\/revisions\/26151"}],"wp:featuredmedia":[{"embeddable":true,"href":"https:\/\/vapemaison.com\/de\/wp-json\/wp\/v2\/media\/9032"}],"wp:attachment":[{"href":"https:\/\/vapemaison.com\/de\/wp-json\/wp\/v2\/media?parent=9031"}],"wp:term":[{"taxonomy":"product_brand","embeddable":true,"href":"https:\/\/vapemaison.com\/de\/wp-json\/wp\/v2\/product_brand?post=9031"},{"taxonomy":"product_cat","embeddable":true,"href":"https:\/\/vapemaison.com\/de\/wp-json\/wp\/v2\/product_cat?post=9031"},{"taxonomy":"product_tag","embeddable":true,"href":"https:\/\/vapemaison.com\/de\/wp-json\/wp\/v2\/product_tag?post=9031"}],"curies":[{"name":"wp","href":"https:\/\/api.w.org\/{rel}","templated":true}]}}