

{"id":9143,"date":"2025-10-25T09:22:15","date_gmt":"2025-10-25T09:22:15","guid":{"rendered":"https:\/\/vapemaison.com\/?post_type=product&#038;p=9143"},"modified":"2026-04-23T07:29:56","modified_gmt":"2026-04-23T07:29:56","slug":"bang-king-15000-puffs-wegwerfbares-vape","status":"publish","type":"product","link":"https:\/\/vapemaison.com\/de\/product\/bang-king-15000-puffs-disposable-vape\/","title":{"rendered":"BangKing 15000 Puffs Wiederaufladbare Einweg-Vape"},"content":{"rendered":"<h3 class=\"wp-block-heading\"><strong>BangKing 15000 Puffs Disposable Vape - Die ultimative in Vaping Befriedigung<\/strong><\/h3>\n\n\n\n<p>Die <strong>BangKing 15000 Puffs Einweg-Vape<\/strong> definiert mit seiner au\u00dfergew\u00f6hnlichen Leistung, seiner Langlebigkeit und seiner \u00fcberragenden Kundenzufriedenheit das Erlebnis des Einwegdampfens neu. Entwickelt, um die Bed\u00fcrfnisse von Gelegenheits- und erfahrenen Vapern zu erf\u00fcllen, kombiniert dieses Ger\u00e4t Komfort, Geschmack und ein hohes Ma\u00df an Langlebigkeit, was es zu einer herausragenden Wahl auf dem Markt macht.<\/p>\n\n\n\n<p>Mit einer beeindruckenden <strong><a href=\"https:\/\/vapemaison.com\/product-category\/puffs-count\/15k-puffs\/\" type=\"link\" id=\"https:\/\/vapemaison.com\/product-category\/puffs-count\/15k-puffs\/\">15k Puffs<\/a> pro Ger\u00e4t<\/strong>, bietet der Bang King eines der am l\u00e4ngsten anhaltenden Dampferlebnisse auf dem Markt. Diese Langlebigkeit wird unterst\u00fctzt durch eine <strong>650mAh wiederaufladbare Batterie<\/strong>, Dies gew\u00e4hrleistet eine zuverl\u00e4ssige und konstante Stromversorgung w\u00e4hrend der gesamten Lebensdauer. Dar\u00fcber hinaus ist die <strong>25ml vorgef\u00fcllte E-Saft Kapazit\u00e4t<\/strong> reduziert den Bedarf an h\u00e4ufigen Nachf\u00fcllungen erheblich, so dass die Nutzer ihren Vape ohne st\u00e4ndige Wartung genie\u00dfen k\u00f6nnen.<\/p>\n\n\n\n<p>Der Bang King verf\u00fcgt au\u00dferdem \u00fcber eine <strong>verstellbares Luftstromsystem<\/strong>, Dadurch k\u00f6nnen die Benutzer ihren Zug fein abstimmen und das Dampferlebnis an ihre pers\u00f6nlichen Vorlieben anpassen. Verf\u00fcgbar in <strong>0%, 2%, 3% und 5% Nikotinst\u00e4rke<\/strong>, Sie spricht ein breites Spektrum von Benutzern an, von denen, die ein sanftes, nikotinfreies Erlebnis suchen, bis zu denen, die einen st\u00e4rkeren Zug bevorzugen.<\/p>\n\n\n\n<p>Ob Sie t\u00e4glich dampfen oder eine l\u00e4nger anhaltende Option bevorzugen, die <strong>Bang King 15000 Puffs Einweg-Vape<\/strong> bietet ein perfektes Gleichgewicht zwischen Komfort, Qualit\u00e4t und Leistung und ist damit die ideale Wahl f\u00fcr alle, die bei ihren Verdampfern Wert auf Qualit\u00e4t und Langlebigkeit legen.<\/p>\n\n\n\n<p><strong>Klicken Sie hier, um mehr zu sehen <a href=\"https:\/\/vapemaison.com\/brand\/bang\/\">Produkte von Bang<\/a>, sowie <a href=\"https:\/\/vapemaison.com\/shop\/\" type=\"link\" id=\"https:\/\/vapemaison.com\/shop\/\">alle Produkte<\/a>.<\/strong><\/p>\n\n\n\n<h4 class=\"wp-block-heading\"><strong>Geschmacksliste <\/strong><\/h4>\n\n\n\n<p>Die <strong>Bang King 15000 Puffs<\/strong> bietet eine Reihe von k\u00f6stlichen Geschmacksrichtungen, die Ihre Geschmacksknospen mit Sicherheit begeistern werden. Ganz gleich, ob Sie fruchtige, minzige oder von Desserts inspirierte Geschmacksrichtungen bevorzugen, Sie werden die perfekte Kombination finden. Hier sind einige der besten Geschmacksrichtungen, aus denen Sie w\u00e4hlen k\u00f6nnen:<\/p>\n\n\n\n<ol class=\"wp-block-list\">\n<li><strong>Erdbeere Wassermelone<\/strong><\/li>\n\n\n\n<li><strong>Dreifach-Beereneis<\/strong><\/li>\n\n\n\n<li><strong>\u00dcppiges Eis<\/strong><\/li>\n\n\n\n<li><strong>Pfirsich-Eis<\/strong><\/li>\n\n\n\n<li><strong>Erdbeer-Kiwi<\/strong><\/li>\n\n\n\n<li><strong>Blaues Razzeis<\/strong><\/li>\n\n\n\n<li><strong>Aloe Traube<\/strong><\/li>\n\n\n\n<li><strong>Pfirsich-Mango<\/strong><\/li>\n\n\n\n<li><strong>Doppelter Apfel<\/strong><\/li>\n\n\n\n<li><strong>Tropische Fr\u00fcchte<\/strong><\/li>\n\n\n\n<li><strong>Erdbeere-Banane<\/strong><\/li>\n\n\n\n<li><strong>Kiwi Passionsfrucht Guave<\/strong><\/li>\n\n\n\n<li><strong>Saurer Apfel Razberry<\/strong><\/li>\n\n\n\n<li><strong>Wassermelone Bubblegum<\/strong><\/li>\n\n\n\n<li><strong>Erdbeer-Joghurt<\/strong><\/li>\n\n\n\n<li><strong>Schwarzer Drache Eis<\/strong><\/li>\n\n\n\n<li><strong>Rosa Limonade<\/strong><\/li>\n\n\n\n<li><strong>Kirsche Pop<\/strong><\/li>\n\n\n\n<li><strong>K\u00fchle Minze<\/strong><\/li>\n\n\n\n<li><strong>Zuckerwatte<\/strong><\/li>\n<\/ol>\n\n\n\n<h4 class=\"wp-block-heading\"><strong>Warum Bang King 15000 Puffs w\u00e4hlen?<\/strong><\/h4>\n\n\n\n<p><strong>Langanhaltendes Vergn\u00fcgen<\/strong>: Mit seinem <strong>15.000 Puffs Kapazit\u00e4t<\/strong>, die <strong>K\u00f6nig Bang<\/strong> bietet ein langanhaltendes Dampferlebnis, perfekt f\u00fcr Vielnutzer, die sich den \u00c4rger mit dem h\u00e4ufigen Austausch ersparen wollen.<\/p>\n\n\n\n<p><strong>Vielseitige Nikotinoptionen<\/strong>: Egal, ob Sie ein Anf\u00e4nger oder ein langj\u00e4hriger Dampfer sind, der <strong>K\u00f6nig Bang<\/strong> gibt Ihnen die Flexibilit\u00e4t, den Nikotingehalt an Ihre Vorlieben anzupassen.<\/p>\n\n\n\n<p><strong>Tragbar &amp; stilvoll<\/strong>: Die <strong>K\u00f6nig Bang<\/strong> verf\u00fcgt \u00fcber ein schlankes, tragbares Design, das bequem in der Hand liegt. Mit leuchtenden, auff\u00e4lligen Farben und erstklassigen Geschmacksoptionen hebt sich dieses Ger\u00e4t sowohl im Design als auch in der Leistung ab.<\/p>\n\n\n\n<p><strong>Au\u00dfergew\u00f6hnlicher Wert<\/strong>: Angebot von bis zu <strong>15.000 Z\u00fcge<\/strong> und eine <strong>25ml E-Saft Kapazit\u00e4t<\/strong>, die <strong>K\u00f6nig Bang<\/strong> ist so gebaut, dass er l\u00e4nger h\u00e4lt als andere Einwegdampfer und bietet ein hervorragendes Preis-Leistungs-Verh\u00e4ltnis, ohne Kompromisse bei der Qualit\u00e4t einzugehen.<\/p>\n\n\n\n<h4 class=\"wp-block-heading\"><strong>Verbessern Sie Ihr Vaping-Erlebnis noch heute<\/strong><\/h4>\n\n\n\n<p>Egal, ob Sie ein Ger\u00e4t f\u00fcr den Alltag oder f\u00fcr unterwegs suchen, das <strong>Bang King 15000 Puffs<\/strong> Einweg-Vape bietet die <strong>perfekte Kombination<\/strong> der Bequemlichkeit, Leistung und des Geschmacks. Wiederaufladbar, langlebig und mit einer umfangreichen Geschmacksliste, ist es f\u00fcr Dampfer, die das Beste verlangen, konzipiert.<\/p>\n\n\n\n<p>Treten Sie ein in eine neue Ebene des Vergn\u00fcgens beim Dampfen mit dem <strong>Bang King 15000 Puffs Einweg-Vape<\/strong>.<\/p>","protected":false},"excerpt":{"rendered":"<p><strong data-start=\"0\" data-end=\"41\" data-is-only-node=\"\">Bang King 15000 Puffs Einweg-Vape<\/strong> liefert bis zu 15.000 Z\u00fcge reichhaltigen, befriedigenden Geschmacks mit einem 650mAh-Akku und 25ML vorgef\u00fclltem E-Saft. Genie\u00dfen Sie den einstellbaren Luftstrom, den sanften Dampf und mehrere Nikotinoptionen (0%-5%) - entwickelt f\u00fcr dauerhafte Leistung und puren Komfort.<\/p>","protected":false},"featured_media":9156,"comment_status":"open","ping_status":"closed","template":"","meta":[],"product_brand":[57],"product_cat":[167],"product_tag":[],"class_list":{"0":"post-9143","1":"product","2":"type-product","3":"status-publish","4":"has-post-thumbnail","6":"product_brand-bang","7":"product_cat-15k-puffs","9":"first","10":"instock","11":"sale","12":"shipping-taxable","13":"purchasable","14":"product-type-variable"},"yoast_head":"<!-- This site is optimized with the Yoast SEO plugin v27.4 - https:\/\/yoast.com\/product\/yoast-seo-wordpress\/ -->\n<title>BangKing 15000 Puffs Disposable Vape \u2013 Rechargeable<\/title>\n<meta name=\"description\" content=\"Enjoy BangKing 15000 puffs with the Bang King Disposable Vape. Rechargeable, and multiple nicotine levels for a customizable experience.\" \/>\n<meta name=\"robots\" content=\"index, follow, max-snippet:-1, max-image-preview:large, max-video-preview:-1\" \/>\n<link rel=\"canonical\" href=\"https:\/\/vapemaison.com\/de\/product\/bang-king-15000-puffs-wegwerfbares-vape\/\" \/>\n<meta property=\"og:locale\" content=\"de_DE\" \/>\n<meta property=\"og:type\" content=\"article\" \/>\n<meta property=\"og:title\" content=\"BangKing 15000 Puffs Disposable Vape \u2013 Rechargeable\" \/>\n<meta property=\"og:description\" content=\"Enjoy BangKing 15000 puffs with the Bang King Disposable Vape. Rechargeable, and multiple nicotine levels for a customizable experience.\" \/>\n<meta property=\"og:url\" content=\"https:\/\/vapemaison.com\/de\/product\/bang-king-15000-puffs-wegwerfbares-vape\/\" \/>\n<meta property=\"og:site_name\" content=\"VapeMaison\" \/>\n<meta property=\"article:modified_time\" content=\"2026-04-23T07:29:56+00:00\" \/>\n<meta property=\"og:image\" content=\"https:\/\/vapemaison.com\/wp-content\/uploads\/2025\/10\/Bang-King-15000-Puffs-Crystal-Vapes-Main-Picture.webp\" \/>\n\t<meta property=\"og:image:width\" content=\"638\" \/>\n\t<meta property=\"og:image:height\" content=\"637\" \/>\n\t<meta property=\"og:image:type\" content=\"image\/webp\" \/>\n<meta name=\"twitter:card\" content=\"summary_large_image\" \/>\n<meta name=\"twitter:label1\" content=\"Gesch\u00e4tzte Lesezeit\" \/>\n\t<meta name=\"twitter:data1\" content=\"3\u00a0Minuten\" \/>\n<!-- \/ Yoast SEO plugin. -->","yoast_head_json":{"title":"BangKing 15000 Puffs Einweg Vape - Wiederaufladbar","description":"Genie\u00dfen Sie BangKing 15000 Z\u00fcge mit dem Bang King Disposable Vape. Wiederaufladbar, und mehrere Nikotinstufen f\u00fcr eine anpassbare Erfahrung.","robots":{"index":"index","follow":"follow","max-snippet":"max-snippet:-1","max-image-preview":"max-image-preview:large","max-video-preview":"max-video-preview:-1"},"canonical":"https:\/\/vapemaison.com\/de\/product\/bang-king-15000-puffs-wegwerfbares-vape\/","og_locale":"de_DE","og_type":"article","og_title":"BangKing 15000 Puffs Disposable Vape \u2013 Rechargeable","og_description":"Enjoy BangKing 15000 puffs with the Bang King Disposable Vape. Rechargeable, and multiple nicotine levels for a customizable experience.","og_url":"https:\/\/vapemaison.com\/de\/product\/bang-king-15000-puffs-wegwerfbares-vape\/","og_site_name":"VapeMaison","article_modified_time":"2026-04-23T07:29:56+00:00","og_image":[{"width":638,"height":637,"url":"https:\/\/vapemaison.com\/wp-content\/uploads\/2025\/10\/Bang-King-15000-Puffs-Crystal-Vapes-Main-Picture.webp","type":"image\/webp"}],"twitter_card":"summary_large_image","twitter_misc":{"Gesch\u00e4tzte Lesezeit":"3\u00a0Minuten"},"schema":{"@context":"https:\/\/schema.org","@graph":[{"@type":"WebPage","@id":"https:\/\/vapemaison.com\/product\/bang-king-15000-puffs-disposable-vape\/","url":"https:\/\/vapemaison.com\/product\/bang-king-15000-puffs-disposable-vape\/","name":"BangKing 15000 Puffs Einweg Vape - Wiederaufladbar","isPartOf":{"@id":"https:\/\/vapemaison.com\/#website"},"primaryImageOfPage":{"@id":"https:\/\/vapemaison.com\/product\/bang-king-15000-puffs-disposable-vape\/#primaryimage"},"image":{"@id":"https:\/\/vapemaison.com\/product\/bang-king-15000-puffs-disposable-vape\/#primaryimage"},"thumbnailUrl":"https:\/\/vapemaison.com\/wp-content\/uploads\/2025\/10\/Bang-King-15000-Puffs-Crystal-Vapes-Main-Picture.webp","datePublished":"2025-10-25T09:22:15+00:00","dateModified":"2026-04-23T07:29:56+00:00","description":"Genie\u00dfen Sie BangKing 15000 Z\u00fcge mit dem Bang King Disposable Vape. Wiederaufladbar, und mehrere Nikotinstufen f\u00fcr eine anpassbare Erfahrung.","breadcrumb":{"@id":"https:\/\/vapemaison.com\/product\/bang-king-15000-puffs-disposable-vape\/#breadcrumb"},"inLanguage":"de","potentialAction":[{"@type":"ReadAction","target":["https:\/\/vapemaison.com\/product\/bang-king-15000-puffs-disposable-vape\/"]}]},{"@type":"ImageObject","inLanguage":"de","@id":"https:\/\/vapemaison.com\/product\/bang-king-15000-puffs-disposable-vape\/#primaryimage","url":"https:\/\/vapemaison.com\/wp-content\/uploads\/2025\/10\/Bang-King-15000-Puffs-Crystal-Vapes-Main-Picture.webp","contentUrl":"https:\/\/vapemaison.com\/wp-content\/uploads\/2025\/10\/Bang-King-15000-Puffs-Crystal-Vapes-Main-Picture.webp","width":638,"height":637,"caption":"Bang King Puffs Crystal Vapes Main Picture"},{"@type":"BreadcrumbList","@id":"https:\/\/vapemaison.com\/product\/bang-king-15000-puffs-disposable-vape\/#breadcrumb","itemListElement":[{"@type":"ListItem","position":1,"name":"\u9996\u9875","item":"https:\/\/vapemaison.com\/"},{"@type":"ListItem","position":2,"name":"Shop","item":"https:\/\/vapemaison.com\/shop\/"},{"@type":"ListItem","position":3,"name":"Bang","item":"https:\/\/vapemaison.com\/brand\/bang\/"},{"@type":"ListItem","position":4,"name":"BangKing 15000 Puffs Rechargeable Disposable Vape"}]},{"@type":"WebSite","@id":"https:\/\/vapemaison.com\/#website","url":"https:\/\/vapemaison.com\/","name":"VapeMaison","description":"Premium Vaping-Ger\u00e4te und Zubeh\u00f6r","publisher":{"@id":"https:\/\/vapemaison.com\/#organization"},"potentialAction":[{"@type":"SearchAction","target":{"@type":"EntryPoint","urlTemplate":"https:\/\/vapemaison.com\/?s={search_term_string}"},"query-input":{"@type":"PropertyValueSpecification","valueRequired":true,"valueName":"search_term_string"}}],"inLanguage":"de"},{"@type":"Organization","@id":"https:\/\/vapemaison.com\/#organization","name":"VapeMaison","url":"https:\/\/vapemaison.com\/","logo":{"@type":"ImageObject","inLanguage":"de","@id":"https:\/\/vapemaison.com\/#\/schema\/logo\/image\/","url":"https:\/\/vapemaison.com\/wp-content\/uploads\/2026\/01\/cropped-vapemaison-logo-g-2026.webp","contentUrl":"https:\/\/vapemaison.com\/wp-content\/uploads\/2026\/01\/cropped-vapemaison-logo-g-2026.webp","width":350,"height":280,"caption":"VapeMaison"},"image":{"@id":"https:\/\/vapemaison.com\/#\/schema\/logo\/image\/"},"sameAs":["https:\/\/www.youtube.com\/@VapeMaison"]}]}},"tiered_pricing_type":"fixed","tiered_pricing_fixed_rules":{"30":"8.19","50":"7.88","100":"7.51","200":"7.21"},"tiered_pricing_product_settings":{"layout":"default","base_unit_name":{"singular":null,"plural":null},"default_variation":null},"tiered_pricing_minimum_quantity":10,"tiered_pricing_roles_data":[],"tiered_pricing_percentage_rules":[],"tiered_pricing_maximum_quantity":null,"tiered_pricing_quantity_step":"10","_links":{"self":[{"href":"https:\/\/vapemaison.com\/de\/wp-json\/wp\/v2\/product\/9143","targetHints":{"allow":["GET"]}}],"collection":[{"href":"https:\/\/vapemaison.com\/de\/wp-json\/wp\/v2\/product"}],"about":[{"href":"https:\/\/vapemaison.com\/de\/wp-json\/wp\/v2\/types\/product"}],"replies":[{"embeddable":true,"href":"https:\/\/vapemaison.com\/de\/wp-json\/wp\/v2\/comments?post=9143"}],"version-history":[{"count":2,"href":"https:\/\/vapemaison.com\/de\/wp-json\/wp\/v2\/product\/9143\/revisions"}],"predecessor-version":[{"id":29529,"href":"https:\/\/vapemaison.com\/de\/wp-json\/wp\/v2\/product\/9143\/revisions\/29529"}],"wp:featuredmedia":[{"embeddable":true,"href":"https:\/\/vapemaison.com\/de\/wp-json\/wp\/v2\/media\/9156"}],"wp:attachment":[{"href":"https:\/\/vapemaison.com\/de\/wp-json\/wp\/v2\/media?parent=9143"}],"wp:term":[{"taxonomy":"product_brand","embeddable":true,"href":"https:\/\/vapemaison.com\/de\/wp-json\/wp\/v2\/product_brand?post=9143"},{"taxonomy":"product_cat","embeddable":true,"href":"https:\/\/vapemaison.com\/de\/wp-json\/wp\/v2\/product_cat?post=9143"},{"taxonomy":"product_tag","embeddable":true,"href":"https:\/\/vapemaison.com\/de\/wp-json\/wp\/v2\/product_tag?post=9143"}],"curies":[{"name":"wp","href":"https:\/\/api.w.org\/{rel}","templated":true}]}}