

{"id":9572,"date":"2025-11-04T09:53:53","date_gmt":"2025-11-04T09:53:53","guid":{"rendered":"https:\/\/vapemaison.com\/?post_type=product&#038;p=9572"},"modified":"2026-02-27T09:44:31","modified_gmt":"2026-02-27T09:44:31","slug":"fumot-tornado-12000-blaubeere-himbeere-vape","status":"publish","type":"product","link":"https:\/\/vapemaison.com\/de\/product\/fumot-tornado-12000-blueberry-raspberry-vape\/","title":{"rendered":"Fumot 12000 Heidelbeere-Himbeere Vape | Top 10 E-Zigarette von RandM Fumot 12000 preis"},"content":{"rendered":"<h2 class=\"wp-block-heading\"><strong>Fumot Digital Box 12000 - Heidelbeer-Himbeer-Geschmack<\/strong><\/h2>\n\n\n\n<p>Die <strong>Fumot Digital Box 12000<\/strong> rangiert unter den <strong>Top 10 E-Zigaretten<\/strong>, und verbindet erstklassige Leistung mit au\u00dfergew\u00f6hnlichem Geschmack. Die <em>Heidelbeere-Himbeere<\/em> edition mischt saftige Blaubeeren und spritzige Himbeeren zu einem sanften, fruchtigen Dampferlebnis, das die Benutzer immer wieder zur\u00fcckkommen l\u00e4sst. Entdecken Sie, warum diese Geschmacksrichtung ein Fan-Favorit ist und wie die innovative Technologie von Fumot sie von anderen unterscheidet.<\/p>\n\n\n\n<h3 class=\"wp-block-heading\"><strong>Warum sollten Sie sich f\u00fcr Fumot 12000 preis Heidelbeere-Himbeere entscheiden?<\/strong><\/h3>\n\n\n\n<p>Die <strong>Heidelbeere-Himbeere<\/strong> Der Geschmack bietet ein perfektes Gleichgewicht zwischen s\u00fc\u00dfen und leicht s\u00e4uerlichen Beerennoten - genau wie frisch gepfl\u00fcckte Waldbeeren. Mit <strong>bis zu 12.000 Z\u00fcge<\/strong>, a <strong>20ml vorgef\u00fcllte e-Fl\u00fcssigkeit Kapazit\u00e4t<\/strong>, und <strong>Nikotinoptionen von 0% bis 5%<\/strong>, Dieser Vape ist ideal f\u00fcr diejenigen, die sowohl Langlebigkeit als auch eine reiche Geschmacksvielfalt sch\u00e4tzen.<\/p>\n\n\n\n<h3 class=\"wp-block-heading\"><strong>Technische Daten - Fumot Digital Box 12000<\/strong><\/h3>\n\n\n\n<figure class=\"wp-block-table\"><table class=\"has-fixed-layout\"><thead><tr><th>Merkmal<\/th><th>Spezifikation<\/th><\/tr><\/thead><tbody><tr><td><strong>Nikotinst\u00e4rke<\/strong><\/td><td>0%, 2%, 3%, 5%<\/td><\/tr><tr><td><strong>Anzahl der Puffs<\/strong><\/td><td>Bis zu 12.000 Z\u00fcge<\/td><\/tr><tr><td><strong>E-Fl\u00fcssigkeit Kapazit\u00e4t<\/strong><\/td><td>20ml<\/td><\/tr><tr><td><strong>Geschmack<\/strong><\/td><td>Heidelbeere-Himbeere<\/td><\/tr><tr><td><strong>Batterie<\/strong><\/td><td>550mAh wiederaufladbar<\/td><\/tr><tr><td><strong>Spule Typ<\/strong><\/td><td>0.8\u03a9 Masche Spule<\/td><\/tr><tr><td><strong>Gr\u00f6\u00dfe des Kartons<\/strong><\/td><td>69,1 \u00d7 32 \u00d7 23,8 cm (18 kg)<\/td><\/tr><tr><td><strong>Preis pro Einheit<\/strong><\/td><td>\u20ac18.88<\/td><\/tr><\/tbody><\/table><\/figure>\n\n\n\n<h3 class=\"wp-block-heading\"><strong>Warum es eine der 10 besten E-Zigaretten ist<\/strong><\/h3>\n\n\n\n<p>Die <strong>Fumot Digital Box 12000 Heidelbeere-Himbeere<\/strong> zeichnet sich aus durch:<\/p>\n\n\n\n<p><strong>Nat\u00fcrliches Fruchtaroma<\/strong> - Keine k\u00fcnstliche S\u00fc\u00dfe, nur saubere und saftige Beerent\u00f6ne.<\/p>\n\n\n\n<p><strong>Hochleistungs-Maschenspule (0,8\u03a9)<\/strong> - Sorgt f\u00fcr gleichm\u00e4\u00dfige Erhitzung und volle Geschmacksentfaltung.<\/p>\n\n\n\n<p><strong>Individuelle Nikotin-Optionen<\/strong> - Von nikotinfreier (0%) bis starker (5%) Zufriedenheit.<\/p>\n\n\n\n<p><strong>Wiederaufladbares Design<\/strong> - Umweltfreundlich und f\u00fcr langanhaltendes Dampfen gebaut.<\/p>\n\n\n\n<p>Als einer der <strong>Top bewertete Vapes auf dem Markt<\/strong>, Sie bietet die perfekte Balance aus Komfort, Geschmack und Haltbarkeit - ideal f\u00fcr Anf\u00e4nger und erfahrene Dampfer.<\/p>\n\n\n\n<h3 class=\"wp-block-heading\"><strong>Warum bei Fumot kaufen?<\/strong><\/h3>\n\n\n\n<ul class=\"wp-block-list\">\n<li><strong>48 Geschmacksoptionen<\/strong> - Entdecken Sie mehr aus der Kollektion Fumot 12000 preis.<\/li>\n\n\n\n<li><strong>Kompatibles Zubeh\u00f6r<\/strong> - Passend zu den Produkten aus der <em>RandM Tornado<\/em> Serie.<\/li>\n\n\n\n<li><strong>Schneller Versand<\/strong> - Sicherer Checkout und Versand innerhalb von 24 Stunden \u00fcber <a href=\"https:\/\/vapemaison.com\/\">vapemaison.com<\/a><\/li>\n<\/ul>\n\n\n\n<h3 class=\"wp-block-heading\"><strong>FAQ - H\u00e4ufig gestellte Fragen<\/strong><\/h3>\n\n\n\n<p><strong>1. Ist Blueberry Raspberry f\u00fcr Allergiker geeignet?<\/strong><br>Diese Geschmacksrichtung enth\u00e4lt keine bekannten Allergene, aber \u00fcberpr\u00fcfen Sie vor der Verwendung immer die Angaben zu den Inhaltsstoffen.<\/p>\n\n\n\n<p><strong>2. Wie unterscheidet sich die Digital Box von anderen Modellen?<\/strong><br>Es bietet eine pr\u00e4zise Leistungssteuerung, eine l\u00e4ngere Batterielebensdauer und ein kompaktes, langlebiges Design.<\/p>\n\n\n\n<p><strong>3. Warum ist die Fumot 12000 als eine Top 10 vape?<\/strong><br>Wegen der hohen Puffzahl, der vielf\u00e4ltigen Geschmacksrichtungen und der fortschrittlichen Mesh-Coil-Technologie f\u00fcr eine gleichbleibende Leistung.<\/p>","protected":false},"excerpt":{"rendered":"<p>Fumot Digital Box 12000 \u2013 Blueberry Raspberry Flavor The Fumot Digital Box 12000 ranks among the top 10 e-cigarettes, combining premium performance with exceptional flavor. The Blueberry Raspberry edition blends juicy blueberries and tangy raspberries into a smooth, fruity vape experience that keeps users coming back for more. Discover why this flavor is a fan [&hellip;]<\/p>\n","protected":false},"featured_media":10004,"comment_status":"open","ping_status":"closed","template":"","meta":[],"product_brand":[58],"product_cat":[154,174,294],"product_tag":[],"class_list":{"0":"post-9572","1":"product","2":"type-product","3":"status-publish","4":"has-post-thumbnail","6":"product_brand-fumot","7":"product_cat-12k-puffs","8":"product_cat-fumot-12k","9":"product_cat-no-nicotine-vape","11":"first","12":"instock","13":"sale","14":"shipping-taxable","15":"purchasable","16":"product-type-variable"},"yoast_head":"<!-- This site is optimized with the Yoast SEO plugin v27.4 - https:\/\/yoast.com\/product\/yoast-seo-wordpress\/ -->\n<title>Fumot 12000 Blueberry Raspberry | Randm Tornado 12000<\/title>\n<meta name=\"description\" content=\"Discover the Fumot Digital Box 12000 and RandM Tornado 12000 vapes. Enjoy Blueberry Raspberry flavor and premium E-Zigarette performance.\" \/>\n<meta name=\"robots\" content=\"index, follow, max-snippet:-1, max-image-preview:large, max-video-preview:-1\" \/>\n<link rel=\"canonical\" href=\"https:\/\/vapemaison.com\/de\/product\/fumot-tornado-12000-blaubeere-himbeere-vape\/\" \/>\n<meta property=\"og:locale\" content=\"de_DE\" \/>\n<meta property=\"og:type\" content=\"article\" \/>\n<meta property=\"og:title\" content=\"Fumot 12000 Blueberry Raspberry | Randm Tornado 12000\" \/>\n<meta property=\"og:description\" content=\"Discover the Fumot Digital Box 12000 and RandM Tornado 12000 vapes. Enjoy Blueberry Raspberry flavor and premium E-Zigarette performance.\" \/>\n<meta property=\"og:url\" content=\"https:\/\/vapemaison.com\/de\/product\/fumot-tornado-12000-blaubeere-himbeere-vape\/\" \/>\n<meta property=\"og:site_name\" content=\"VapeMaison\" \/>\n<meta property=\"article:modified_time\" content=\"2026-02-27T09:44:31+00:00\" \/>\n<meta property=\"og:image\" content=\"https:\/\/vapemaison.com\/wp-content\/uploads\/2025\/11\/Fumot-12000-Blueberry-Raspberry.jpg\" \/>\n\t<meta property=\"og:image:width\" content=\"2000\" \/>\n\t<meta property=\"og:image:height\" content=\"2000\" \/>\n\t<meta property=\"og:image:type\" content=\"image\/jpeg\" \/>\n<meta name=\"twitter:card\" content=\"summary_large_image\" \/>\n<meta name=\"twitter:label1\" content=\"Gesch\u00e4tzte Lesezeit\" \/>\n\t<meta name=\"twitter:data1\" content=\"2\u00a0Minuten\" \/>\n<!-- \/ Yoast SEO plugin. -->","yoast_head_json":{"title":"Fumot 12000 preis Heidelbeere-Himbeere | Randm Tornado 12000","description":"Entdecken Sie die Fumot Digital Box 12000 und RandM Tornado 12000 vapes. Genie\u00dfen Sie Blaubeer-Himbeer-Geschmack und Premium E-Zigarette Leistung.","robots":{"index":"index","follow":"follow","max-snippet":"max-snippet:-1","max-image-preview":"max-image-preview:large","max-video-preview":"max-video-preview:-1"},"canonical":"https:\/\/vapemaison.com\/de\/product\/fumot-tornado-12000-blaubeere-himbeere-vape\/","og_locale":"de_DE","og_type":"article","og_title":"Fumot 12000 Blueberry Raspberry | Randm Tornado 12000","og_description":"Discover the Fumot Digital Box 12000 and RandM Tornado 12000 vapes. Enjoy Blueberry Raspberry flavor and premium E-Zigarette performance.","og_url":"https:\/\/vapemaison.com\/de\/product\/fumot-tornado-12000-blaubeere-himbeere-vape\/","og_site_name":"VapeMaison","article_modified_time":"2026-02-27T09:44:31+00:00","og_image":[{"width":2000,"height":2000,"url":"https:\/\/vapemaison.com\/wp-content\/uploads\/2025\/11\/Fumot-12000-Blueberry-Raspberry.jpg","type":"image\/jpeg"}],"twitter_card":"summary_large_image","twitter_misc":{"Gesch\u00e4tzte Lesezeit":"2\u00a0Minuten"},"schema":{"@context":"https:\/\/schema.org","@graph":[{"@type":"WebPage","@id":"https:\/\/vapemaison.com\/product\/fumot-tornado-12000-blueberry-raspberry-vape\/","url":"https:\/\/vapemaison.com\/product\/fumot-tornado-12000-blueberry-raspberry-vape\/","name":"Fumot 12000 preis Heidelbeere-Himbeere | Randm Tornado 12000","isPartOf":{"@id":"https:\/\/vapemaison.com\/#website"},"primaryImageOfPage":{"@id":"https:\/\/vapemaison.com\/product\/fumot-tornado-12000-blueberry-raspberry-vape\/#primaryimage"},"image":{"@id":"https:\/\/vapemaison.com\/product\/fumot-tornado-12000-blueberry-raspberry-vape\/#primaryimage"},"thumbnailUrl":"https:\/\/vapemaison.com\/wp-content\/uploads\/2025\/11\/Fumot-12000-Blueberry-Raspberry.jpg","datePublished":"2025-11-04T09:53:53+00:00","dateModified":"2026-02-27T09:44:31+00:00","description":"Entdecken Sie die Fumot Digital Box 12000 und RandM Tornado 12000 vapes. Genie\u00dfen Sie Blaubeer-Himbeer-Geschmack und Premium E-Zigarette Leistung.","breadcrumb":{"@id":"https:\/\/vapemaison.com\/product\/fumot-tornado-12000-blueberry-raspberry-vape\/#breadcrumb"},"inLanguage":"de","potentialAction":[{"@type":"ReadAction","target":["https:\/\/vapemaison.com\/product\/fumot-tornado-12000-blueberry-raspberry-vape\/"]}]},{"@type":"ImageObject","inLanguage":"de","@id":"https:\/\/vapemaison.com\/product\/fumot-tornado-12000-blueberry-raspberry-vape\/#primaryimage","url":"https:\/\/vapemaison.com\/wp-content\/uploads\/2025\/11\/Fumot-12000-Blueberry-Raspberry.jpg","contentUrl":"https:\/\/vapemaison.com\/wp-content\/uploads\/2025\/11\/Fumot-12000-Blueberry-Raspberry.jpg","width":2000,"height":2000,"caption":"Fumot Blueberry Raspberry Disposable Vape Device"},{"@type":"BreadcrumbList","@id":"https:\/\/vapemaison.com\/product\/fumot-tornado-12000-blueberry-raspberry-vape\/#breadcrumb","itemListElement":[{"@type":"ListItem","position":1,"name":"\u9996\u9875","item":"https:\/\/vapemaison.com\/"},{"@type":"ListItem","position":2,"name":"Shop","item":"https:\/\/vapemaison.com\/shop\/"},{"@type":"ListItem","position":3,"name":"Fumot","item":"https:\/\/vapemaison.com\/brand\/fumot\/"},{"@type":"ListItem","position":4,"name":"Fumot 12000 Blueberry Raspberry Vape | Top 10 E-Cigarette by RandMFumot 12000"}]},{"@type":"WebSite","@id":"https:\/\/vapemaison.com\/#website","url":"https:\/\/vapemaison.com\/","name":"VapeMaison","description":"Premium Vaping-Ger\u00e4te und Zubeh\u00f6r","publisher":{"@id":"https:\/\/vapemaison.com\/#organization"},"potentialAction":[{"@type":"SearchAction","target":{"@type":"EntryPoint","urlTemplate":"https:\/\/vapemaison.com\/?s={search_term_string}"},"query-input":{"@type":"PropertyValueSpecification","valueRequired":true,"valueName":"search_term_string"}}],"inLanguage":"de"},{"@type":"Organization","@id":"https:\/\/vapemaison.com\/#organization","name":"VapeMaison","url":"https:\/\/vapemaison.com\/","logo":{"@type":"ImageObject","inLanguage":"de","@id":"https:\/\/vapemaison.com\/#\/schema\/logo\/image\/","url":"https:\/\/vapemaison.com\/wp-content\/uploads\/2026\/01\/cropped-vapemaison-logo-g-2026.webp","contentUrl":"https:\/\/vapemaison.com\/wp-content\/uploads\/2026\/01\/cropped-vapemaison-logo-g-2026.webp","width":350,"height":280,"caption":"VapeMaison"},"image":{"@id":"https:\/\/vapemaison.com\/#\/schema\/logo\/image\/"},"sameAs":["https:\/\/www.youtube.com\/@VapeMaison"]}]}},"tiered_pricing_type":"fixed","tiered_pricing_fixed_rules":{"30":"12.56","50":"10.78","100":"8.55","200":"7.98"},"tiered_pricing_product_settings":{"layout":"default","base_unit_name":{"singular":null,"plural":null},"default_variation":null},"tiered_pricing_minimum_quantity":10,"tiered_pricing_roles_data":[],"tiered_pricing_percentage_rules":[],"tiered_pricing_maximum_quantity":null,"tiered_pricing_quantity_step":"10","_links":{"self":[{"href":"https:\/\/vapemaison.com\/de\/wp-json\/wp\/v2\/product\/9572","targetHints":{"allow":["GET"]}}],"collection":[{"href":"https:\/\/vapemaison.com\/de\/wp-json\/wp\/v2\/product"}],"about":[{"href":"https:\/\/vapemaison.com\/de\/wp-json\/wp\/v2\/types\/product"}],"replies":[{"embeddable":true,"href":"https:\/\/vapemaison.com\/de\/wp-json\/wp\/v2\/comments?post=9572"}],"version-history":[{"count":1,"href":"https:\/\/vapemaison.com\/de\/wp-json\/wp\/v2\/product\/9572\/revisions"}],"predecessor-version":[{"id":26647,"href":"https:\/\/vapemaison.com\/de\/wp-json\/wp\/v2\/product\/9572\/revisions\/26647"}],"wp:featuredmedia":[{"embeddable":true,"href":"https:\/\/vapemaison.com\/de\/wp-json\/wp\/v2\/media\/10004"}],"wp:attachment":[{"href":"https:\/\/vapemaison.com\/de\/wp-json\/wp\/v2\/media?parent=9572"}],"wp:term":[{"taxonomy":"product_brand","embeddable":true,"href":"https:\/\/vapemaison.com\/de\/wp-json\/wp\/v2\/product_brand?post=9572"},{"taxonomy":"product_cat","embeddable":true,"href":"https:\/\/vapemaison.com\/de\/wp-json\/wp\/v2\/product_cat?post=9572"},{"taxonomy":"product_tag","embeddable":true,"href":"https:\/\/vapemaison.com\/de\/wp-json\/wp\/v2\/product_tag?post=9572"}],"curies":[{"name":"wp","href":"https:\/\/api.w.org\/{rel}","templated":true}]}}