

{"id":9590,"date":"2025-11-04T02:28:48","date_gmt":"2025-11-04T02:28:48","guid":{"rendered":"https:\/\/vapemaison.com\/?post_type=product&#038;p=9590"},"modified":"2026-03-26T05:40:59","modified_gmt":"2026-03-26T05:40:59","slug":"bang-leader-110000-puffs-6-in-1-wegwerf-vpae","status":"publish","type":"product","link":"https:\/\/vapemaison.com\/de\/product\/bang-leader-110000-puffs-6-in-1-disposable-vpae\/","title":{"rendered":"Bang Leader 110000 Puffs 6-in-1 Disposable Vape | LED-Anzeige, Triple Mesh Coil, wiederaufladbar"},"content":{"rendered":"<p>Die <strong><a href=\"https:\/\/vapemaison.com\/brand\/bang\/\">Bang Leader<\/a> 110K Puffs Einweg-Vape<\/strong> definiert die Grenzen des Einwegdampfens neu. Entwickelt f\u00fcr Vaper, die verlangen <strong>ultimative Geschmackskontrolle, massive Dampfentwicklung und au\u00dfergew\u00f6hnliche Ausdauer<\/strong>, bietet es eine erstaunliche <strong>110.000 Z\u00fcge<\/strong> - die einen neuen Standard f\u00fcr Leistung und Langlebigkeit setzen.<\/p>\n\n\n\n<p>Mit <strong>drei unabh\u00e4ngige Tanks<\/strong>, <strong>sechs Geschmacksrichtungen<\/strong>, und eine <strong>dreifach vernetztes Spulensystem<\/strong>, Mit dem Bang Leader 110K k\u00f6nnen Sie pure Aromen einzeln genie\u00dfen oder sie kreativ zu einzigartigen Kombinationen mischen. Ob Sie nun fruchtige, eisige oder von Desserts inspirierte Profile bevorzugen, der Bang Leader 110K liefert <strong>un\u00fcbertroffene Flexibilit\u00e4t und Zufriedenheit<\/strong>.<\/p>\n\n\n\n<h3 class=\"wp-block-heading\"><strong>Wesentliche Merkmale<\/strong><\/h3>\n\n\n\n<p><strong>Riesige 110.000 Puffs<\/strong> - Gebaut f\u00fcr langfristige Freude mit gleichbleibender Leistung.<\/p>\n\n\n\n<p><strong>Dreifach-Tank-System (3x)<\/strong> - Unabh\u00e4ngig und umschaltbar f\u00fcr frischen, unverf\u00e4lschten Geschmack.<\/p>\n\n\n\n<p><strong>Sechs Geschmacksrichtungen<\/strong> - A, B, C, A+B, A+C, B+C - einzelne oder gemischte Geschmacksoptionen.<\/p>\n\n\n\n<p><strong>Dreifach-Maschenspule<\/strong> - Fortschrittliche Heiztechnologie f\u00fcr reicheren Dampf und tieferen Geschmack.<\/p>\n\n\n\n<p><strong>Nikotinst\u00e4rken:<\/strong> 0%, 2%, 3%, 5% - anpassbar an Ihre W\u00fcnsche.<\/p>\n\n\n\n<p><strong>850mAh wiederaufladbare Batterie<\/strong> - Lang anhaltende Leistung f\u00fcr ausgedehnte Vaping-Sessions.<\/p>\n\n\n\n<p><strong>Typ-C-Schnellaufladung<\/strong> - Schnelles, effizientes Aufladen f\u00fcr den Komfort unterwegs.<\/p>\n\n\n\n<p><strong>Intelligente LED-Anzeige<\/strong> - Zeigt die Batterielebensdauer, die Anzahl der Puffs und den Geschmacksmodus in Echtzeit an.<\/p>\n\n\n\n<p><strong>Verpackung:<\/strong> 10 St\u00fcck pro Packung - ideal f\u00fcr Einzelhandel und Gro\u00dfhandel.<\/p>\n\n\n\n<h3 class=\"wp-block-heading\"><strong>Geschmackserlebnis<\/strong><\/h3>\n\n\n\n<p>Genie\u00dfen Sie <strong>10 einzigartige 3-in-1-Geschmackssets<\/strong> die f\u00fcr jeden Geschmack geeignet sind. Jedes Ger\u00e4t umfasst <strong>drei E-Liquid-Tanks<\/strong> und unterst\u00fctzt sechs Mix-Modi - f\u00fcr endlose Kombinationen von sanftem, kr\u00e4ftigem und erfrischendem Geschmack.<\/p>\n\n\n\n<p><strong>Verf\u00fcgbare Geschmackssets:<\/strong><\/p>\n\n\n\n<ol class=\"wp-block-list\">\n<li>Wassermelone Eis \/ Erdbeer Mamba \/ Erdbeer Wassermelone<\/li>\n\n\n\n<li>Fuji-Eis \/ Apfel-Traube \/ Kirsche-Granatapfel<\/li>\n\n\n\n<li>Heidelbeere Eis \/ Himbeere Zitrone \/ Wassermelone Bubblegum<\/li>\n\n\n\n<li>Heidelbeeren Himbeeren \/ Saure Ananas Orangen \/ Himbeeren Wassermelone<\/li>\n\n\n\n<li>Traubeneis \/ Mango-Pfirsich \/ Heidelbeere-Wassermelone<\/li>\n\n\n\n<li>Erdbeere Eis \/ Pfirsich Zitrone \/ Kiwi Passionsfrucht Guave<\/li>\n\n\n\n<li>Ananas-Kokosnuss \/ Blaubeer-Red Bull \/ Wassermelone-Eis<\/li>\n\n\n\n<li>Erdbeer-Kiwi \/ Heidelbeer-Kokos \/ Gemischte Beeren<\/li>\n\n\n\n<li>Zitrone-Romantik \/ Heidelbeere-Himbeere \/ Pfirsich-Menthol<\/li>\n\n\n\n<li>Pfirsich Eis \/ Schwarze Johannisbeere Ananas Eis \/ Gr\u00fcner Apfel Kiwi<\/li>\n<\/ol>\n\n\n\n<p>Ob Sie eine <strong>klassisch fruchtiger Punsch<\/strong> oder ein <strong>exotisch-tropischer Twist<\/strong>, Mit dem Bang Leader 110K k\u00f6nnen Sie <strong>Geschmacksrichtungen sofort wechseln<\/strong> oder mischen Sie sie, um mit jedem Zug eine neue Erfahrung zu machen.<\/p>\n\n\n\n<h3 class=\"wp-block-heading\"><strong>Technische Daten<\/strong><\/h3>\n\n\n\n<figure class=\"wp-block-table\"><table class=\"has-fixed-layout\"><thead><tr><th>Spezifikation<\/th><th>Einzelheiten<\/th><\/tr><\/thead><tbody><tr><td>Anzahl der Puffs<\/td><td>Bis zu 110.000 Puffs<\/td><\/tr><tr><td>Batterie<\/td><td>850mAh Wiederaufladbar<\/td><\/tr><tr><td>Ladeanschluss<\/td><td>Typ-C-Schnellaufladung<\/td><\/tr><tr><td>Spule Typ<\/td><td>Dreifach-Maschenspule<\/td><\/tr><tr><td>\u00d6ltanks<\/td><td>3 unabh\u00e4ngige Tanks<\/td><\/tr><tr><td>Geschmacksrichtungen<\/td><td>6 (A, B, C, A+B, A+C, B+C)<\/td><\/tr><tr><td>Nikotin St\u00e4rken<\/td><td>0%, 2%, 3%, 5%<\/td><\/tr><tr><td>Anzeige<\/td><td>Smart LED (Batterie, Puff, Modus)<\/td><\/tr><tr><td>Verpackung<\/td><td>10 St\u00fcck \/ Packung<\/td><\/tr><\/tbody><\/table><\/figure>\n\n\n\n<h3 class=\"wp-block-heading\"><strong>Warum Bang Leader 110K w\u00e4hlen?<\/strong><\/h3>\n\n\n\n<p><strong>Unerreichte Langlebigkeit<\/strong> - Bis zu 110.000 Z\u00fcge f\u00fcr Non-Stop-Genuss.<br><strong>Geschmacksfreiheit<\/strong> - Sie k\u00f6nnen die Geschmacksrichtungen jederzeit mischen oder wechseln.<br><strong>Elegant und stilvoll<\/strong> - Schlankes Design mit LED-Anzeige.<br><strong>Leistung, auf die Sie sich verlassen k\u00f6nnen<\/strong> - Schnelllade-Akku mit 850 mAh.<br><strong>Perfekt f\u00fcr Einzelh\u00e4ndler<\/strong> - Auff\u00e4llige Verpackung und hohes Wiederverkaufspotenzial.<\/p>","protected":false},"excerpt":{"rendered":"<p>Der Bang Leader 110000 Puffs Disposable Vape ist nicht einfach ein weiterer Einwegdampfer - er ist eine Revolution in der Vaping-Innovation. Er kombiniert Leistung, Vielfalt und Pr\u00e4zision und ist f\u00fcr Vaper gemacht, die keine Kompromisse eingehen wollen. W\u00e4hle Deinen Geschmack, mische Deinen Modus und erlebe wahre Freiheit beim Dampfen mit dem Bang Leader 110K.<\/p>","protected":false},"featured_media":9597,"comment_status":"open","ping_status":"closed","template":"","meta":[],"product_brand":[57],"product_cat":[152,142],"product_tag":[],"class_list":{"0":"post-9590","1":"product","2":"type-product","3":"status-publish","4":"has-post-thumbnail","6":"product_brand-bang","7":"product_cat-110k-puffs","8":"product_cat-eu-stock","10":"first","11":"instock","12":"sale","13":"featured","14":"shipping-taxable","15":"purchasable","16":"product-type-variable"},"yoast_head":"<!-- This site is optimized with the Yoast SEO plugin v27.4 - https:\/\/yoast.com\/product\/yoast-seo-wordpress\/ -->\n<title>Bang Leader 110K Puffs 6 in1 Disposable Vape LED Display<\/title>\n<meta name=\"description\" content=\"LED Display Bang Leader 110k Puffs Disposable Vape with 6-in-1 flavor modes. Rechargeable battery and Type-C fast charging.\" \/>\n<meta name=\"robots\" content=\"index, follow, max-snippet:-1, max-image-preview:large, max-video-preview:-1\" \/>\n<link rel=\"canonical\" href=\"https:\/\/vapemaison.com\/de\/product\/bang-leader-110000-puffs-6-in-1-wegwerf-vpae\/\" \/>\n<meta property=\"og:locale\" content=\"de_DE\" \/>\n<meta property=\"og:type\" content=\"article\" \/>\n<meta property=\"og:title\" content=\"Bang Leader 110K Puffs 6 in1 Disposable Vape LED Display\" \/>\n<meta property=\"og:description\" content=\"LED Display Bang Leader 110k Puffs Disposable Vape with 6-in-1 flavor modes. Rechargeable battery and Type-C fast charging.\" \/>\n<meta property=\"og:url\" content=\"https:\/\/vapemaison.com\/de\/product\/bang-leader-110000-puffs-6-in-1-wegwerf-vpae\/\" \/>\n<meta property=\"og:site_name\" content=\"VapeMaison\" \/>\n<meta property=\"article:modified_time\" content=\"2026-03-26T05:40:59+00:00\" \/>\n<meta property=\"og:image\" content=\"https:\/\/vapemaison.com\/wp-content\/uploads\/2025\/11\/bang-leader-110000-puffs-6-in-1-flavor-ola-tank-3-picure.jpg\" \/>\n\t<meta property=\"og:image:width\" content=\"600\" \/>\n\t<meta property=\"og:image:height\" content=\"600\" \/>\n\t<meta property=\"og:image:type\" content=\"image\/jpeg\" \/>\n<meta name=\"twitter:card\" content=\"summary_large_image\" \/>\n<meta name=\"twitter:label1\" content=\"Gesch\u00e4tzte Lesezeit\" \/>\n\t<meta name=\"twitter:data1\" content=\"3\u00a0Minuten\" \/>\n<!-- \/ Yoast SEO plugin. -->","yoast_head_json":{"title":"Bang Leader 110K Puffs 6 in1 Einweg Vape LED Display","description":"LED-Anzeige Bang Leader 110k Puffs Einweg-Vape mit 6-in-1-Aroma-Modi. Wiederaufladbare Batterie und Typ-C Schnellladung.","robots":{"index":"index","follow":"follow","max-snippet":"max-snippet:-1","max-image-preview":"max-image-preview:large","max-video-preview":"max-video-preview:-1"},"canonical":"https:\/\/vapemaison.com\/de\/product\/bang-leader-110000-puffs-6-in-1-wegwerf-vpae\/","og_locale":"de_DE","og_type":"article","og_title":"Bang Leader 110K Puffs 6 in1 Disposable Vape LED Display","og_description":"LED Display Bang Leader 110k Puffs Disposable Vape with 6-in-1 flavor modes. Rechargeable battery and Type-C fast charging.","og_url":"https:\/\/vapemaison.com\/de\/product\/bang-leader-110000-puffs-6-in-1-wegwerf-vpae\/","og_site_name":"VapeMaison","article_modified_time":"2026-03-26T05:40:59+00:00","og_image":[{"width":600,"height":600,"url":"https:\/\/vapemaison.com\/wp-content\/uploads\/2025\/11\/bang-leader-110000-puffs-6-in-1-flavor-ola-tank-3-picure.jpg","type":"image\/jpeg"}],"twitter_card":"summary_large_image","twitter_misc":{"Gesch\u00e4tzte Lesezeit":"3\u00a0Minuten"},"schema":{"@context":"https:\/\/schema.org","@graph":[{"@type":"WebPage","@id":"https:\/\/vapemaison.com\/product\/bang-leader-110000-puffs-6-in-1-disposable-vpae\/","url":"https:\/\/vapemaison.com\/product\/bang-leader-110000-puffs-6-in-1-disposable-vpae\/","name":"Bang Leader 110K Puffs 6 in1 Einweg Vape LED Display","isPartOf":{"@id":"https:\/\/vapemaison.com\/#website"},"primaryImageOfPage":{"@id":"https:\/\/vapemaison.com\/product\/bang-leader-110000-puffs-6-in-1-disposable-vpae\/#primaryimage"},"image":{"@id":"https:\/\/vapemaison.com\/product\/bang-leader-110000-puffs-6-in-1-disposable-vpae\/#primaryimage"},"thumbnailUrl":"https:\/\/vapemaison.com\/wp-content\/uploads\/2025\/11\/bang-leader-110000-puffs-6-in-1-flavor-ola-tank-3-picure.jpg","datePublished":"2025-11-04T02:28:48+00:00","dateModified":"2026-03-26T05:40:59+00:00","description":"LED-Anzeige Bang Leader 110k Puffs Einweg-Vape mit 6-in-1-Aroma-Modi. Wiederaufladbare Batterie und Typ-C Schnellladung.","breadcrumb":{"@id":"https:\/\/vapemaison.com\/product\/bang-leader-110000-puffs-6-in-1-disposable-vpae\/#breadcrumb"},"inLanguage":"de","potentialAction":[{"@type":"ReadAction","target":["https:\/\/vapemaison.com\/product\/bang-leader-110000-puffs-6-in-1-disposable-vpae\/"]}]},{"@type":"ImageObject","inLanguage":"de","@id":"https:\/\/vapemaison.com\/product\/bang-leader-110000-puffs-6-in-1-disposable-vpae\/#primaryimage","url":"https:\/\/vapemaison.com\/wp-content\/uploads\/2025\/11\/bang-leader-110000-puffs-6-in-1-flavor-ola-tank-3-picure.jpg","contentUrl":"https:\/\/vapemaison.com\/wp-content\/uploads\/2025\/11\/bang-leader-110000-puffs-6-in-1-flavor-ola-tank-3-picure.jpg","width":600,"height":600,"caption":"Bang Leader Puffs 6 In 1 Flavor Ola Tank 3 Picure Disposable Vape Device"},{"@type":"BreadcrumbList","@id":"https:\/\/vapemaison.com\/product\/bang-leader-110000-puffs-6-in-1-disposable-vpae\/#breadcrumb","itemListElement":[{"@type":"ListItem","position":1,"name":"\u9996\u9875","item":"https:\/\/vapemaison.com\/"},{"@type":"ListItem","position":2,"name":"Shop","item":"https:\/\/vapemaison.com\/shop\/"},{"@type":"ListItem","position":3,"name":"Bang","item":"https:\/\/vapemaison.com\/brand\/bang\/"},{"@type":"ListItem","position":4,"name":"Bang Leader 110000 Puffs 6-in-1 Disposable Vape | LED Display, Triple Mesh Coil, Rechargeable"}]},{"@type":"WebSite","@id":"https:\/\/vapemaison.com\/#website","url":"https:\/\/vapemaison.com\/","name":"VapeMaison","description":"Premium Vaping-Ger\u00e4te und Zubeh\u00f6r","publisher":{"@id":"https:\/\/vapemaison.com\/#organization"},"potentialAction":[{"@type":"SearchAction","target":{"@type":"EntryPoint","urlTemplate":"https:\/\/vapemaison.com\/?s={search_term_string}"},"query-input":{"@type":"PropertyValueSpecification","valueRequired":true,"valueName":"search_term_string"}}],"inLanguage":"de"},{"@type":"Organization","@id":"https:\/\/vapemaison.com\/#organization","name":"VapeMaison","url":"https:\/\/vapemaison.com\/","logo":{"@type":"ImageObject","inLanguage":"de","@id":"https:\/\/vapemaison.com\/#\/schema\/logo\/image\/","url":"https:\/\/vapemaison.com\/wp-content\/uploads\/2026\/01\/cropped-vapemaison-logo-g-2026.webp","contentUrl":"https:\/\/vapemaison.com\/wp-content\/uploads\/2026\/01\/cropped-vapemaison-logo-g-2026.webp","width":350,"height":280,"caption":"VapeMaison"},"image":{"@id":"https:\/\/vapemaison.com\/#\/schema\/logo\/image\/"},"sameAs":["https:\/\/www.youtube.com\/@VapeMaison"]}]}},"tiered_pricing_type":"fixed","tiered_pricing_fixed_rules":{"30":"10.35","50":"9.99","100":"9.36","200":"8.88"},"tiered_pricing_product_settings":{"layout":"default","base_unit_name":{"singular":null,"plural":null},"default_variation":null},"tiered_pricing_minimum_quantity":10,"tiered_pricing_roles_data":[],"tiered_pricing_percentage_rules":[],"tiered_pricing_maximum_quantity":null,"tiered_pricing_quantity_step":"10","_links":{"self":[{"href":"https:\/\/vapemaison.com\/de\/wp-json\/wp\/v2\/product\/9590","targetHints":{"allow":["GET"]}}],"collection":[{"href":"https:\/\/vapemaison.com\/de\/wp-json\/wp\/v2\/product"}],"about":[{"href":"https:\/\/vapemaison.com\/de\/wp-json\/wp\/v2\/types\/product"}],"replies":[{"embeddable":true,"href":"https:\/\/vapemaison.com\/de\/wp-json\/wp\/v2\/comments?post=9590"}],"version-history":[{"count":1,"href":"https:\/\/vapemaison.com\/de\/wp-json\/wp\/v2\/product\/9590\/revisions"}],"predecessor-version":[{"id":26114,"href":"https:\/\/vapemaison.com\/de\/wp-json\/wp\/v2\/product\/9590\/revisions\/26114"}],"wp:featuredmedia":[{"embeddable":true,"href":"https:\/\/vapemaison.com\/de\/wp-json\/wp\/v2\/media\/9597"}],"wp:attachment":[{"href":"https:\/\/vapemaison.com\/de\/wp-json\/wp\/v2\/media?parent=9590"}],"wp:term":[{"taxonomy":"product_brand","embeddable":true,"href":"https:\/\/vapemaison.com\/de\/wp-json\/wp\/v2\/product_brand?post=9590"},{"taxonomy":"product_cat","embeddable":true,"href":"https:\/\/vapemaison.com\/de\/wp-json\/wp\/v2\/product_cat?post=9590"},{"taxonomy":"product_tag","embeddable":true,"href":"https:\/\/vapemaison.com\/de\/wp-json\/wp\/v2\/product_tag?post=9590"}],"curies":[{"name":"wp","href":"https:\/\/api.w.org\/{rel}","templated":true}]}}