

{"id":1004,"date":"2020-10-09T13:39:05","date_gmt":"2020-10-09T13:39:05","guid":{"rendered":"http:\/\/shoptimizer.local\/?page_id=848"},"modified":"2025-10-24T03:24:55","modified_gmt":"2025-10-24T03:24:55","slug":"acerca-de","status":"publish","type":"page","link":"https:\/\/vapemaison.com\/es\/about\/","title":{"rendered":"Acerca de"},"content":{"rendered":"<div data-elementor-type=\"wp-post\" data-elementor-id=\"1004\" class=\"elementor elementor-1004\">\n\t\t\t\t<div class=\"elementor-element elementor-element-ed3b7f4 e-flex e-con-boxed e-con e-parent\" data-id=\"ed3b7f4\" data-element_type=\"container\" data-e-type=\"container\">\n\t\t\t\t\t<div class=\"e-con-inner\">\n\t\t\t\t<div class=\"elementor-element elementor-element-6de0ef3 elementor-widget elementor-widget-spacer\" data-id=\"6de0ef3\" data-element_type=\"widget\" data-e-type=\"widget\" data-widget_type=\"spacer.default\">\n\t\t\t\t\t\t\t<div class=\"elementor-spacer\">\n\t\t\t<div class=\"elementor-spacer-inner\"><\/div>\n\t\t<\/div>\n\t\t\t\t\t\t<\/div>\n\t\t\t\t<div class=\"elementor-element elementor-element-9646529 elementor-widget elementor-widget-heading\" data-id=\"9646529\" data-element_type=\"widget\" data-e-type=\"widget\" data-widget_type=\"heading.default\">\n\t\t\t\t\t<h1 class=\"elementor-heading-title elementor-size-default\">Acerca de VapeMaison<\/h1>\t\t\t\t<\/div>\n\t\t\t\t\t<\/div>\n\t\t\t\t<\/div>\n\t\t<div class=\"elementor-element elementor-element-9d68450 e-flex e-con-boxed e-con e-parent\" data-id=\"9d68450\" data-element_type=\"container\" data-e-type=\"container\">\n\t\t\t\t\t<div class=\"e-con-inner\">\n\t\t\t\t<div class=\"elementor-element elementor-element-80d25d2 elementor-widget elementor-widget-text-editor\" data-id=\"80d25d2\" data-element_type=\"widget\" data-e-type=\"widget\" data-widget_type=\"text-editor.default\">\n\t\t\t\t\t\t\t\t\t<p>Tu destino de confianza para experiencias vaping premium.<\/p>\t\t\t\t\t\t\t\t<\/div>\n\t\t\t\t\t<\/div>\n\t\t\t\t<\/div>\n\t\t<div class=\"elementor-element elementor-element-39b8dfa e-flex e-con-boxed e-con e-parent\" data-id=\"39b8dfa\" data-element_type=\"container\" data-e-type=\"container\">\n\t\t\t\t\t<div class=\"e-con-inner\">\n\t\t\t\t<div class=\"elementor-element elementor-element-6b62d78 elementor-widget elementor-widget-text-editor\" data-id=\"6b62d78\" data-element_type=\"widget\" data-e-type=\"widget\" data-widget_type=\"text-editor.default\">\n\t\t\t\t\t\t\t\t\t<p>VapeMaison se fund\u00f3 con una misi\u00f3n clara: redefinir lo que significa disfrutar del vapeo.<br data-start=\"1881\" data-end=\"1884\" \/>Nos centramos en ofrecer productos de primera calidad, dise\u00f1o elegante y rendimiento fiable a clientes de todo el mundo.<\/p>\t\t\t\t\t\t\t\t<\/div>\n\t\t\t\t\t<\/div>\n\t\t\t\t<\/div>\n\t\t\t\t<section class=\"elementor-section elementor-top-section elementor-element elementor-element-983905d elementor-section-boxed elementor-section-height-default elementor-section-height-default\" data-id=\"983905d\" data-element_type=\"section\" data-e-type=\"section\">\n\t\t\t\t\t\t<div class=\"elementor-container elementor-column-gap-wider\">\n\t\t\t\t\t<div class=\"elementor-column elementor-col-50 elementor-top-column elementor-element elementor-element-7310116 elementor-invisible\" data-id=\"7310116\" data-element_type=\"column\" data-e-type=\"column\" data-settings=\"{&quot;animation&quot;:&quot;fadeIn&quot;}\">\n\t\t\t<div class=\"elementor-widget-wrap elementor-element-populated\">\n\t\t\t\t\t\t<div class=\"elementor-element elementor-element-e710402 elementor-widget elementor-widget-text-editor\" data-id=\"e710402\" data-element_type=\"widget\" data-e-type=\"widget\" data-widget_type=\"text-editor.default\">\n\t\t\t\t\t\t\t\t\t<p data-start=\"478\" data-end=\"710\">VapeMaison fue fundada con una simple misi\u00f3n - hacer que vapear sea mejor, m\u00e1s seguro y m\u00e1s agradable para todos.Creemos que vapear es m\u00e1s que un h\u00e1bito - es un estilo de vida que merece calidad, dise\u00f1o y fiabilidad.Desde el principio, nos hemos asociado con fabricantes de confianza y expertos de la industria para ofrecer productos de alta calidad a clientes de todo el mundo.<\/p>\t\t\t\t\t\t\t\t<\/div>\n\t\t\t\t\t<\/div>\n\t\t<\/div>\n\t\t\t\t<div class=\"elementor-column elementor-col-50 elementor-top-column elementor-element elementor-element-34c609e elementor-invisible\" data-id=\"34c609e\" data-element_type=\"column\" data-e-type=\"column\" data-settings=\"{&quot;animation&quot;:&quot;fadeIn&quot;,&quot;animation_delay&quot;:200}\">\n\t\t\t<div class=\"elementor-widget-wrap elementor-element-populated\">\n\t\t\t\t\t\t<div class=\"elementor-element elementor-element-86979c1 elementor-widget elementor-widget-image\" data-id=\"86979c1\" data-element_type=\"widget\" data-e-type=\"widget\" data-widget_type=\"image.default\">\n\t\t\t\t\t\t\t\t\t\t\t\t\t\t\t<img fetchpriority=\"high\" decoding=\"async\" width=\"800\" height=\"800\" src=\"https:\/\/vapemaison.com\/wp-content\/uploads\/2025\/10\/bang-leader-32000-puffs-banana-ice-blueberry-cherry-flavor-picture.jpg\" class=\"attachment-large size-large wp-image-8414\" alt=\"Bang Leader Puffs Banana Ice Blueberry Cherry Flavor Picture Disposable Vape Device\" srcset=\"https:\/\/vapemaison.com\/wp-content\/uploads\/2025\/10\/bang-leader-32000-puffs-banana-ice-blueberry-cherry-flavor-picture.jpg 800w, https:\/\/vapemaison.com\/wp-content\/uploads\/2025\/10\/bang-leader-32000-puffs-banana-ice-blueberry-cherry-flavor-picture-300x300.jpg 300w, https:\/\/vapemaison.com\/wp-content\/uploads\/2025\/10\/bang-leader-32000-puffs-banana-ice-blueberry-cherry-flavor-picture-150x150.jpg 150w, https:\/\/vapemaison.com\/wp-content\/uploads\/2025\/10\/bang-leader-32000-puffs-banana-ice-blueberry-cherry-flavor-picture-768x768.jpg 768w, https:\/\/vapemaison.com\/wp-content\/uploads\/2025\/10\/bang-leader-32000-puffs-banana-ice-blueberry-cherry-flavor-picture-441x441.jpg 441w, https:\/\/vapemaison.com\/wp-content\/uploads\/2025\/10\/bang-leader-32000-puffs-banana-ice-blueberry-cherry-flavor-picture-100x100.jpg 100w\" sizes=\"(max-width: 800px) 100vw, 800px\" \/>\t\t\t\t\t\t\t\t\t\t\t\t\t\t\t<\/div>\n\t\t\t\t\t<\/div>\n\t\t<\/div>\n\t\t\t\t\t<\/div>\n\t\t<\/section>\n\t\t\t\t<section class=\"elementor-section elementor-top-section elementor-element elementor-element-ff82b4f elementor-section-boxed elementor-section-height-default elementor-section-height-default\" data-id=\"ff82b4f\" data-element_type=\"section\" data-e-type=\"section\">\n\t\t\t\t\t\t<div class=\"elementor-container elementor-column-gap-wider\">\n\t\t\t\t\t<div class=\"elementor-column elementor-col-50 elementor-top-column elementor-element elementor-element-78364e5 elementor-invisible\" data-id=\"78364e5\" data-element_type=\"column\" data-e-type=\"column\" data-settings=\"{&quot;animation&quot;:&quot;fadeIn&quot;,&quot;animation_delay&quot;:200}\">\n\t\t\t<div class=\"elementor-widget-wrap elementor-element-populated\">\n\t\t\t\t\t\t<div class=\"elementor-element elementor-element-08acb6a elementor-widget elementor-widget-image\" data-id=\"08acb6a\" data-element_type=\"widget\" data-e-type=\"widget\" data-widget_type=\"image.default\">\n\t\t\t\t\t\t\t\t\t\t\t\t\t\t\t<img decoding=\"async\" width=\"800\" height=\"800\" src=\"https:\/\/vapemaison.com\/wp-content\/uploads\/2025\/10\/Waspe-FIHP-40000-Puffs-40K-Disposable-Vape-Wholesale-Peach-Ice-Pineapple-Mango-Peach.png\" class=\"attachment-large size-large wp-image-8222\" alt=\"Waspe Fihp Puffs 40k Disposable Vape Wholesale Peach Ice Pineapple Mango\" srcset=\"https:\/\/vapemaison.com\/wp-content\/uploads\/2025\/10\/Waspe-FIHP-40000-Puffs-40K-Disposable-Vape-Wholesale-Peach-Ice-Pineapple-Mango-Peach.png 800w, https:\/\/vapemaison.com\/wp-content\/uploads\/2025\/10\/Waspe-FIHP-40000-Puffs-40K-Disposable-Vape-Wholesale-Peach-Ice-Pineapple-Mango-Peach-300x300.png 300w, https:\/\/vapemaison.com\/wp-content\/uploads\/2025\/10\/Waspe-FIHP-40000-Puffs-40K-Disposable-Vape-Wholesale-Peach-Ice-Pineapple-Mango-Peach-150x150.png 150w, https:\/\/vapemaison.com\/wp-content\/uploads\/2025\/10\/Waspe-FIHP-40000-Puffs-40K-Disposable-Vape-Wholesale-Peach-Ice-Pineapple-Mango-Peach-768x768.png 768w, https:\/\/vapemaison.com\/wp-content\/uploads\/2025\/10\/Waspe-FIHP-40000-Puffs-40K-Disposable-Vape-Wholesale-Peach-Ice-Pineapple-Mango-Peach-441x441.png 441w, https:\/\/vapemaison.com\/wp-content\/uploads\/2025\/10\/Waspe-FIHP-40000-Puffs-40K-Disposable-Vape-Wholesale-Peach-Ice-Pineapple-Mango-Peach-100x100.png 100w\" sizes=\"(max-width: 800px) 100vw, 800px\" \/>\t\t\t\t\t\t\t\t\t\t\t\t\t\t\t<\/div>\n\t\t\t\t\t<\/div>\n\t\t<\/div>\n\t\t\t\t<div class=\"elementor-column elementor-col-50 elementor-top-column elementor-element elementor-element-e0027ea elementor-invisible\" data-id=\"e0027ea\" data-element_type=\"column\" data-e-type=\"column\" data-settings=\"{&quot;animation&quot;:&quot;fadeIn&quot;}\">\n\t\t\t<div class=\"elementor-widget-wrap elementor-element-populated\">\n\t\t\t\t\t\t<div class=\"elementor-element elementor-element-dab1f23 elementor-widget elementor-widget-text-editor\" data-id=\"dab1f23\" data-element_type=\"widget\" data-e-type=\"widget\" data-widget_type=\"text-editor.default\">\n\t\t\t\t\t\t\t\t\t<p>Defendemos <strong data-start=\"976\" data-end=\"1011\">calidad, seguridad e innovaci\u00f3n<\/strong>.<br data-start=\"1012\" data-end=\"1015\" \/>Cada producto que ofrecemos pasa por un estricto control de calidad y est\u00e1 dise\u00f1ado para ofrecer una experiencia excepcional.<br data-start=\"1127\" data-end=\"1130\" \/>Exploramos constantemente nuevas tecnolog\u00edas y tendencias para garantizar que nuestros clientes reciban siempre lo mejor.<\/p>\t\t\t\t\t\t\t\t<\/div>\n\t\t\t\t\t<\/div>\n\t\t<\/div>\n\t\t\t\t\t<\/div>\n\t\t<\/section>\n\t\t\t\t<section class=\"elementor-section elementor-top-section elementor-element elementor-element-6f8eac5 elementor-section-boxed elementor-section-height-default elementor-section-height-default\" data-id=\"6f8eac5\" data-element_type=\"section\" data-e-type=\"section\">\n\t\t\t\t\t\t<div class=\"elementor-container elementor-column-gap-wider\">\n\t\t\t\t\t<div class=\"elementor-column elementor-col-50 elementor-top-column elementor-element elementor-element-8c68c8e elementor-invisible\" data-id=\"8c68c8e\" data-element_type=\"column\" data-e-type=\"column\" data-settings=\"{&quot;animation&quot;:&quot;fadeIn&quot;}\">\n\t\t\t<div class=\"elementor-widget-wrap elementor-element-populated\">\n\t\t\t\t\t\t<div class=\"elementor-element elementor-element-ddc2078 elementor-widget elementor-widget-text-editor\" data-id=\"ddc2078\" data-element_type=\"widget\" data-e-type=\"widget\" data-widget_type=\"text-editor.default\">\n\t\t\t\t\t\t\t\t\t<p data-start=\"2354\" data-end=\"2500\">En VapeMaison, creemos que vapear deber\u00eda ser suave, satisfactorio y seguro, y estamos aqu\u00ed para hacer que esa experiencia sea posible, para todos y en todas partes.<\/p>\t\t\t\t\t\t\t\t<\/div>\n\t\t\t\t\t<\/div>\n\t\t<\/div>\n\t\t\t\t<div class=\"elementor-column elementor-col-50 elementor-top-column elementor-element elementor-element-cf5a858 elementor-invisible\" data-id=\"cf5a858\" data-element_type=\"column\" data-e-type=\"column\" data-settings=\"{&quot;animation&quot;:&quot;fadeIn&quot;,&quot;animation_delay&quot;:200}\">\n\t\t\t<div class=\"elementor-widget-wrap elementor-element-populated\">\n\t\t\t\t\t\t<div class=\"elementor-element elementor-element-5e5d7c8 elementor-widget elementor-widget-image\" data-id=\"5e5d7c8\" data-element_type=\"widget\" data-e-type=\"widget\" data-widget_type=\"image.default\">\n\t\t\t\t\t\t\t\t\t\t\t\t\t\t\t<img decoding=\"async\" width=\"800\" height=\"800\" src=\"https:\/\/vapemaison.com\/wp-content\/uploads\/2025\/10\/vape-bang-leader-45000-45k-puffs-cola-ice-cherry-cranberry.jpg\" class=\"attachment-large size-large wp-image-8118\" alt=\"Vape Bang Leader 45k Puffs Cola Ice Cherry Cranberry\" srcset=\"https:\/\/vapemaison.com\/wp-content\/uploads\/2025\/10\/vape-bang-leader-45000-45k-puffs-cola-ice-cherry-cranberry.jpg 800w, https:\/\/vapemaison.com\/wp-content\/uploads\/2025\/10\/vape-bang-leader-45000-45k-puffs-cola-ice-cherry-cranberry-300x300.jpg 300w, https:\/\/vapemaison.com\/wp-content\/uploads\/2025\/10\/vape-bang-leader-45000-45k-puffs-cola-ice-cherry-cranberry-150x150.jpg 150w, https:\/\/vapemaison.com\/wp-content\/uploads\/2025\/10\/vape-bang-leader-45000-45k-puffs-cola-ice-cherry-cranberry-768x768.jpg 768w, https:\/\/vapemaison.com\/wp-content\/uploads\/2025\/10\/vape-bang-leader-45000-45k-puffs-cola-ice-cherry-cranberry-441x441.jpg 441w, https:\/\/vapemaison.com\/wp-content\/uploads\/2025\/10\/vape-bang-leader-45000-45k-puffs-cola-ice-cherry-cranberry-100x100.jpg 100w\" sizes=\"(max-width: 800px) 100vw, 800px\" \/>\t\t\t\t\t\t\t\t\t\t\t\t\t\t\t<\/div>\n\t\t\t\t\t<\/div>\n\t\t<\/div>\n\t\t\t\t\t<\/div>\n\t\t<\/section>\n\t\t\t\t<section class=\"elementor-section elementor-top-section elementor-element elementor-element-338b57d elementor-section-boxed elementor-section-height-default elementor-section-height-default\" data-id=\"338b57d\" data-element_type=\"section\" data-e-type=\"section\">\n\t\t\t\t\t\t<div class=\"elementor-container elementor-column-gap-wider\">\n\t\t\t\t\t<div class=\"elementor-column elementor-col-50 elementor-top-column elementor-element elementor-element-4938926 elementor-invisible\" data-id=\"4938926\" data-element_type=\"column\" data-e-type=\"column\" data-settings=\"{&quot;animation&quot;:&quot;fadeIn&quot;,&quot;animation_delay&quot;:200}\">\n\t\t\t<div class=\"elementor-widget-wrap elementor-element-populated\">\n\t\t\t\t\t\t<div class=\"elementor-element elementor-element-48239f5 elementor-widget elementor-widget-image\" data-id=\"48239f5\" data-element_type=\"widget\" data-e-type=\"widget\" data-widget_type=\"image.default\">\n\t\t\t\t\t\t\t\t\t\t\t\t\t\t\t<img loading=\"lazy\" decoding=\"async\" width=\"1024\" height=\"1024\" src=\"https:\/\/vapemaison.com\/wp-content\/uploads\/2025\/10\/bang-blaze-4in1-60000-flavor-02-1024x1024.jpg\" class=\"attachment-large size-large wp-image-8094\" alt=\"Bang Blaze 4in1 Flavor Disposable Vape Device variant 2\" srcset=\"https:\/\/vapemaison.com\/wp-content\/uploads\/2025\/10\/bang-blaze-4in1-60000-flavor-02-1024x1024.jpg 1024w, https:\/\/vapemaison.com\/wp-content\/uploads\/2025\/10\/bang-blaze-4in1-60000-flavor-02-300x300.jpg 300w, https:\/\/vapemaison.com\/wp-content\/uploads\/2025\/10\/bang-blaze-4in1-60000-flavor-02-150x150.jpg 150w, https:\/\/vapemaison.com\/wp-content\/uploads\/2025\/10\/bang-blaze-4in1-60000-flavor-02-768x768.jpg 768w, https:\/\/vapemaison.com\/wp-content\/uploads\/2025\/10\/bang-blaze-4in1-60000-flavor-02-1536x1536.jpg 1536w, https:\/\/vapemaison.com\/wp-content\/uploads\/2025\/10\/bang-blaze-4in1-60000-flavor-02-990x990.jpg 990w, https:\/\/vapemaison.com\/wp-content\/uploads\/2025\/10\/bang-blaze-4in1-60000-flavor-02-441x441.jpg 441w, https:\/\/vapemaison.com\/wp-content\/uploads\/2025\/10\/bang-blaze-4in1-60000-flavor-02-100x100.jpg 100w, https:\/\/vapemaison.com\/wp-content\/uploads\/2025\/10\/bang-blaze-4in1-60000-flavor-02-800x800.jpg 800w, https:\/\/vapemaison.com\/wp-content\/uploads\/2025\/10\/bang-blaze-4in1-60000-flavor-02.jpg 2000w\" sizes=\"(max-width: 1024px) 100vw, 1024px\" \/>\t\t\t\t\t\t\t\t\t\t\t\t\t\t\t<\/div>\n\t\t\t\t\t<\/div>\n\t\t<\/div>\n\t\t\t\t<div class=\"elementor-column elementor-col-50 elementor-top-column elementor-element elementor-element-e30bac7 elementor-invisible\" data-id=\"e30bac7\" data-element_type=\"column\" data-e-type=\"column\" data-settings=\"{&quot;animation&quot;:&quot;fadeIn&quot;}\">\n\t\t\t<div class=\"elementor-widget-wrap elementor-element-populated\">\n\t\t\t\t\t\t<div class=\"elementor-element elementor-element-740daea elementor-widget elementor-widget-text-editor\" data-id=\"740daea\" data-element_type=\"widget\" data-e-type=\"widget\" data-widget_type=\"text-editor.default\">\n\t\t\t\t\t\t\t\t\t<p>Nuestra visi\u00f3n es construir una comunidad global de vaping que valore la calidad, la autenticidad y el cuidado.En VapeMaison, no s\u00f3lo vendemos vapes - estamos creando una mejor experiencia para cada usuario.<\/p>\t\t\t\t\t\t\t\t<\/div>\n\t\t\t\t\t<\/div>\n\t\t<\/div>\n\t\t\t\t\t<\/div>\n\t\t<\/section>\n\t\t\t\t<\/div>","protected":false},"excerpt":{"rendered":"<p>About VapeMaison Your trusted destination for premium vaping experiences. VapeMaison was founded with a clear mission \u2014 to redefine what it means to enjoy vaping.We focus on delivering top-tier products, stylish design, and dependable performance for customers around the world. VapeMaison was founded with a simple mission \u2014 to make vaping better, safer, and more [&hellip;]<\/p>\n","protected":false},"author":1,"featured_media":0,"parent":0,"menu_order":0,"comment_status":"closed","ping_status":"closed","template":"template-fullwidth-no-heading.php","meta":{"footnotes":""},"class_list":["post-1004","page","type-page","status-publish","hentry"],"yoast_head":"<!-- This site is optimized with the Yoast SEO plugin v27.4 - https:\/\/yoast.com\/product\/yoast-seo-wordpress\/ -->\n<title>About<\/title>\n<meta name=\"robots\" content=\"index, follow, max-snippet:-1, max-image-preview:large, max-video-preview:-1\" \/>\n<link rel=\"canonical\" href=\"https:\/\/vapemaison.com\/es\/acerca-de\/\" \/>\n<meta property=\"og:locale\" content=\"es_ES\" \/>\n<meta property=\"og:type\" content=\"article\" \/>\n<meta property=\"og:title\" content=\"About\" \/>\n<meta property=\"og:description\" content=\"About VapeMaison Your trusted destination for premium vaping experiences. VapeMaison was founded with a clear mission \u2014 to redefine what it means to enjoy vaping.We focus on delivering top-tier products, stylish design, and dependable performance for customers around the world. VapeMaison was founded with a simple mission \u2014 to make vaping better, safer, and more [&hellip;]\" \/>\n<meta property=\"og:url\" content=\"https:\/\/vapemaison.com\/es\/acerca-de\/\" \/>\n<meta property=\"og:site_name\" content=\"VapeMaison\" \/>\n<meta property=\"article:modified_time\" content=\"2025-10-24T03:24:55+00:00\" \/>\n<meta property=\"og:image\" content=\"https:\/\/vapemaison.com\/wp-content\/uploads\/2025\/10\/bang-leader-32000-puffs-banana-ice-blueberry-cherry-flavor-picture.jpg\" \/>\n\t<meta property=\"og:image:width\" content=\"800\" \/>\n\t<meta property=\"og:image:height\" content=\"800\" \/>\n\t<meta property=\"og:image:type\" content=\"image\/jpeg\" \/>\n<meta name=\"twitter:card\" content=\"summary_large_image\" \/>\n<meta name=\"twitter:label1\" content=\"Tiempo de lectura\" \/>\n\t<meta name=\"twitter:data1\" content=\"1 minuto\" \/>\n<!-- \/ Yoast SEO plugin. -->","yoast_head_json":{"title":"Acerca de","robots":{"index":"index","follow":"follow","max-snippet":"max-snippet:-1","max-image-preview":"max-image-preview:large","max-video-preview":"max-video-preview:-1"},"canonical":"https:\/\/vapemaison.com\/es\/acerca-de\/","og_locale":"es_ES","og_type":"article","og_title":"About","og_description":"About VapeMaison Your trusted destination for premium vaping experiences. VapeMaison was founded with a clear mission \u2014 to redefine what it means to enjoy vaping.We focus on delivering top-tier products, stylish design, and dependable performance for customers around the world. VapeMaison was founded with a simple mission \u2014 to make vaping better, safer, and more [&hellip;]","og_url":"https:\/\/vapemaison.com\/es\/acerca-de\/","og_site_name":"VapeMaison","article_modified_time":"2025-10-24T03:24:55+00:00","og_image":[{"width":800,"height":800,"url":"https:\/\/vapemaison.com\/wp-content\/uploads\/2025\/10\/bang-leader-32000-puffs-banana-ice-blueberry-cherry-flavor-picture.jpg","type":"image\/jpeg"}],"twitter_card":"summary_large_image","twitter_misc":{"Tiempo de lectura":"1 minuto"},"schema":{"@context":"https:\/\/schema.org","@graph":[{"@type":"WebPage","@id":"https:\/\/vapemaison.com\/about\/","url":"https:\/\/vapemaison.com\/about\/","name":"Acerca de","isPartOf":{"@id":"https:\/\/vapemaison.com\/#website"},"primaryImageOfPage":{"@id":"https:\/\/vapemaison.com\/about\/#primaryimage"},"image":{"@id":"https:\/\/vapemaison.com\/about\/#primaryimage"},"thumbnailUrl":"https:\/\/vapemaison.com\/wp-content\/uploads\/2025\/10\/bang-leader-32000-puffs-banana-ice-blueberry-cherry-flavor-picture.jpg","datePublished":"2020-10-09T13:39:05+00:00","dateModified":"2025-10-24T03:24:55+00:00","breadcrumb":{"@id":"https:\/\/vapemaison.com\/about\/#breadcrumb"},"inLanguage":"es","potentialAction":[{"@type":"ReadAction","target":["https:\/\/vapemaison.com\/about\/"]}]},{"@type":"ImageObject","inLanguage":"es","@id":"https:\/\/vapemaison.com\/about\/#primaryimage","url":"https:\/\/vapemaison.com\/wp-content\/uploads\/2025\/10\/bang-leader-32000-puffs-banana-ice-blueberry-cherry-flavor-picture.jpg","contentUrl":"https:\/\/vapemaison.com\/wp-content\/uploads\/2025\/10\/bang-leader-32000-puffs-banana-ice-blueberry-cherry-flavor-picture.jpg"},{"@type":"BreadcrumbList","@id":"https:\/\/vapemaison.com\/about\/#breadcrumb","itemListElement":[{"@type":"ListItem","position":1,"name":"\u9996\u9875","item":"https:\/\/vapemaison.com\/"},{"@type":"ListItem","position":2,"name":"About"}]},{"@type":"WebSite","@id":"https:\/\/vapemaison.com\/#website","url":"https:\/\/vapemaison.com\/","name":"VapeMaison","description":"Dispositivos y accesorios premium para vapear","publisher":{"@id":"https:\/\/vapemaison.com\/#organization"},"potentialAction":[{"@type":"SearchAction","target":{"@type":"EntryPoint","urlTemplate":"https:\/\/vapemaison.com\/?s={search_term_string}"},"query-input":{"@type":"PropertyValueSpecification","valueRequired":true,"valueName":"search_term_string"}}],"inLanguage":"es"},{"@type":"Organization","@id":"https:\/\/vapemaison.com\/#organization","name":"VapeMaison","url":"https:\/\/vapemaison.com\/","logo":{"@type":"ImageObject","inLanguage":"es","@id":"https:\/\/vapemaison.com\/#\/schema\/logo\/image\/","url":"https:\/\/vapemaison.com\/wp-content\/uploads\/2026\/01\/cropped-vapemaison-logo-g-2026.webp","contentUrl":"https:\/\/vapemaison.com\/wp-content\/uploads\/2026\/01\/cropped-vapemaison-logo-g-2026.webp","width":350,"height":280,"caption":"VapeMaison"},"image":{"@id":"https:\/\/vapemaison.com\/#\/schema\/logo\/image\/"},"sameAs":["https:\/\/www.youtube.com\/@VapeMaison"]}]}},"_links":{"self":[{"href":"https:\/\/vapemaison.com\/es\/wp-json\/wp\/v2\/pages\/1004","targetHints":{"allow":["GET"]}}],"collection":[{"href":"https:\/\/vapemaison.com\/es\/wp-json\/wp\/v2\/pages"}],"about":[{"href":"https:\/\/vapemaison.com\/es\/wp-json\/wp\/v2\/types\/page"}],"author":[{"embeddable":true,"href":"https:\/\/vapemaison.com\/es\/wp-json\/wp\/v2\/users\/1"}],"replies":[{"embeddable":true,"href":"https:\/\/vapemaison.com\/es\/wp-json\/wp\/v2\/comments?post=1004"}],"version-history":[{"count":0,"href":"https:\/\/vapemaison.com\/es\/wp-json\/wp\/v2\/pages\/1004\/revisions"}],"wp:attachment":[{"href":"https:\/\/vapemaison.com\/es\/wp-json\/wp\/v2\/media?parent=1004"}],"curies":[{"name":"wp","href":"https:\/\/api.w.org\/{rel}","templated":true}]}}