

{"id":3,"date":"2025-10-13T08:13:32","date_gmt":"2025-10-13T08:13:32","guid":{"rendered":"https:\/\/vapemaison.com\/?page_id=3"},"modified":"2026-01-19T05:58:38","modified_gmt":"2026-01-19T05:58:38","slug":"politica-de-privacidad","status":"publish","type":"page","link":"https:\/\/vapemaison.com\/es\/privacy-policy\/","title":{"rendered":"Pol\u00edtica de privacidad"},"content":{"rendered":"<div data-elementor-type=\"wp-page\" data-elementor-id=\"3\" class=\"elementor elementor-3\">\n\t\t\t\t<div class=\"elementor-element elementor-element-65908c49 e-flex e-con-boxed e-con e-parent\" data-id=\"65908c49\" data-element_type=\"container\" data-e-type=\"container\">\n\t\t\t\t\t<div class=\"e-con-inner\">\n\t\t\t\t<div class=\"elementor-element elementor-element-2055602b elementor-widget elementor-widget-text-editor\" data-id=\"2055602b\" data-element_type=\"widget\" data-e-type=\"widget\" data-widget_type=\"text-editor.default\">\n\t\t\t\t\t\t\t\t\t<p data-start=\"316\" data-end=\"358\"><strong data-start=\"316\" data-end=\"358\">\u00daltima actualizaci\u00f3n: 2026-01-19<\/strong><\/p><p data-start=\"360\" data-end=\"704\">VapeMaison (denominado \u201cnosotros\u201d, \u201cnuestro\u201d o \u201cVapeMaison\u201d) se compromete a proteger su informaci\u00f3n personal y a respetar su privacidad. Esta Pol\u00edtica de Privacidad (la \u201cPol\u00edtica\u201d) explica c\u00f3mo recopilamos, utilizamos, almacenamos y protegemos su informaci\u00f3n personal cuando accede o utiliza nuestro sitio web <strong data-start=\"644\" data-end=\"666\"><a class=\"decorated-link\" href=\"http:\/\/www.vapemaison.com\" target=\"_new\" rel=\"noopener\" data-start=\"646\" data-end=\"664\">www.vapemaison.com<\/a><\/strong> (el \u201cSitio Web\u201d) y servicios relacionados.<\/p><p data-start=\"706\" data-end=\"850\">Esta Pol\u00edtica se aplica a toda la informaci\u00f3n personal recopilada a trav\u00e9s del Sitio Web, las comunicaciones con nosotros y las transacciones realizadas en VapeMaison.<\/p><h2 data-start=\"857\" data-end=\"885\">1. Informaci\u00f3n que recopilamos<\/h2><p data-start=\"887\" data-end=\"963\">Podemos recopilar y procesar las siguientes categor\u00edas de informaci\u00f3n personal:<\/p><h3 data-start=\"965\" data-end=\"1005\">1.1 Informaci\u00f3n personal facilitada por el usuario<\/h3><ul data-start=\"1006\" data-end=\"1115\"><li data-start=\"1006\" data-end=\"1014\"><p data-start=\"1008\" data-end=\"1014\">Nombre<\/p><\/li><li data-start=\"1015\" data-end=\"1032\"><p data-start=\"1017\" data-end=\"1032\">Direcci\u00f3n de correo electr\u00f3nico<\/p><\/li><li data-start=\"1033\" data-end=\"1049\"><p data-start=\"1035\" data-end=\"1049\">N\u00famero de tel\u00e9fono<\/p><\/li><li data-start=\"1050\" data-end=\"1082\"><p data-start=\"1052\" data-end=\"1082\">Direcci\u00f3n de facturaci\u00f3n y env\u00edo<\/p><\/li><li data-start=\"1083\" data-end=\"1115\"><p data-start=\"1085\" data-end=\"1115\">Datos de registro de la cuenta<\/p><\/li><\/ul><h3 data-start=\"1117\" data-end=\"1158\">1.2 Informaci\u00f3n sobre pedidos y transacciones<\/h3><ul data-start=\"1159\" data-end=\"1287\"><li data-start=\"1159\" data-end=\"1181\"><p data-start=\"1161\" data-end=\"1181\">Productos adquiridos<\/p><\/li><li data-start=\"1182\" data-end=\"1199\"><p data-start=\"1184\" data-end=\"1199\">Historial de pedidos<\/p><\/li><li data-start=\"1200\" data-end=\"1241\"><p data-start=\"1202\" data-end=\"1241\">Datos de env\u00edo y direcci\u00f3n de entrega<\/p><\/li><li data-start=\"1242\" data-end=\"1287\"><p data-start=\"1244\" data-end=\"1287\">Estado del pago y referencias de la transacci\u00f3n<\/p><\/li><\/ul><blockquote data-start=\"1289\" data-end=\"1451\"><p data-start=\"1291\" data-end=\"1451\"><strong data-start=\"1291\" data-end=\"1305\">Importante:<\/strong> Lo hacemos <strong data-start=\"1312\" data-end=\"1319\">no<\/strong> almacenar n\u00fameros completos de tarjetas de pago o credenciales de pago confidenciales. Los pagos se procesan de forma segura a trav\u00e9s de proveedores de pago externos.<\/p><\/blockquote><h3 data-start=\"1453\" data-end=\"1501\">1.3 Autenticaci\u00f3n e informaci\u00f3n t\u00e9cnica<\/h3><ul data-start=\"1502\" data-end=\"1598\"><li data-start=\"1502\" data-end=\"1516\"><p data-start=\"1504\" data-end=\"1516\">Direcci\u00f3n IP<\/p><\/li><li data-start=\"1517\" data-end=\"1558\"><p data-start=\"1519\" data-end=\"1558\">Credenciales de acceso a la cuenta (cifradas)<\/p><\/li><li data-start=\"1559\" data-end=\"1598\"><p data-start=\"1561\" data-end=\"1598\">Tipo de dispositivo e informaci\u00f3n del navegador<\/p><\/li><\/ul><h3 data-start=\"1600\" data-end=\"1643\">1.4 Informaci\u00f3n recopilada autom\u00e1ticamente<\/h3><ul data-start=\"1644\" data-end=\"1761\"><li data-start=\"1644\" data-end=\"1683\"><p data-start=\"1646\" data-end=\"1683\">P\u00e1ginas visitadas y comportamiento de navegaci\u00f3n<\/p><\/li><li data-start=\"1684\" data-end=\"1719\"><p data-start=\"1686\" data-end=\"1719\">Horas de acceso y URL de referencia<\/p><\/li><li data-start=\"1720\" data-end=\"1761\"><p data-start=\"1722\" data-end=\"1761\">Sistema operativo e idioma del navegador<\/p><\/li><\/ul><h2 data-start=\"1768\" data-end=\"1800\">2. C\u00f3mo recopilamos la informaci\u00f3n<\/h2><p data-start=\"1802\" data-end=\"1864\">Recopilamos informaci\u00f3n personal a trav\u00e9s de los siguientes m\u00e9todos:<\/p><ul data-start=\"1866\" data-end=\"2267\"><li data-start=\"1866\" data-end=\"2010\"><p data-start=\"1868\" data-end=\"2010\"><strong data-start=\"1868\" data-end=\"1892\">Interacciones directas:<\/strong> Cuando crea una cuenta, realiza un pedido, se pone en contacto con el servicio de atenci\u00f3n al cliente, se suscribe a comunicaciones o rellena formularios.<\/p><\/li><li data-start=\"2011\" data-end=\"2132\"><p data-start=\"2013\" data-end=\"2132\"><strong data-start=\"2013\" data-end=\"2040\">Tecnolog\u00edas automatizadas:<\/strong> A trav\u00e9s de cookies, registros de servidor, p\u00edxeles y tecnolog\u00edas similares cuando navega por el Sitio Web.<\/p><\/li><li data-start=\"2133\" data-end=\"2267\"><p data-start=\"2135\" data-end=\"2267\"><strong data-start=\"2135\" data-end=\"2153\">Terceros:<\/strong> De procesadores de pagos, socios log\u00edsticos o plataformas de redes sociales cuando interact\u00faa con nuestros contenidos o anuncios.<\/p><\/li><\/ul><h2 data-start=\"2274\" data-end=\"2307\">3. C\u00f3mo utilizamos su informaci\u00f3n<\/h2><p data-start=\"2309\" data-end=\"2386\">Utilizamos su informaci\u00f3n personal para fines empresariales leg\u00edtimos, entre los que se incluyen:<\/p><ul data-start=\"2388\" data-end=\"2853\"><li data-start=\"2388\" data-end=\"2489\"><p data-start=\"2390\" data-end=\"2489\">Tramitaci\u00f3n y cumplimiento de sus pedidos (incluida la revisi\u00f3n de las direcciones de env\u00edo y los datos de entrega)<\/p><\/li><li data-start=\"2490\" data-end=\"2546\"><p data-start=\"2492\" data-end=\"2546\">Atenci\u00f3n al cliente y respuesta a las consultas<\/p><\/li><li data-start=\"2547\" data-end=\"2589\"><p data-start=\"2549\" data-end=\"2589\">Gesti\u00f3n de cuentas y verificaci\u00f3n de identidad<\/p><\/li><li data-start=\"2590\" data-end=\"2661\"><p data-start=\"2592\" data-end=\"2661\">Mejorar el rendimiento del sitio web, la experiencia del usuario y la oferta de productos<\/p><\/li><li data-start=\"2662\" data-end=\"2758\"><p data-start=\"2664\" data-end=\"2758\">Env\u00edo de notificaciones relacionadas con pedidos, actualizaciones y comunicaciones promocionales (cuando est\u00e9 permitido)<\/p><\/li><li data-start=\"2759\" data-end=\"2803\"><p data-start=\"2761\" data-end=\"2803\">Detecci\u00f3n de fraudes, abusos o problemas de seguridad<\/p><\/li><li data-start=\"2804\" data-end=\"2853\"><p data-start=\"2806\" data-end=\"2853\">Cumplir las obligaciones legales y reglamentarias<\/p><\/li><\/ul><h2 data-start=\"2860\" data-end=\"2899\">4. Cookies y tecnolog\u00edas de seguimiento<\/h2><p data-start=\"2901\" data-end=\"3016\">Utilizamos cookies y tecnolog\u00edas similares para mejorar su experiencia de navegaci\u00f3n y comprender c\u00f3mo se utiliza nuestro sitio web.<\/p><h3 data-start=\"3018\" data-end=\"3049\">4.1 Tipos de cookies que utilizamos<\/h3><ul data-start=\"3050\" data-end=\"3436\"><li data-start=\"3050\" data-end=\"3151\"><p data-start=\"3052\" data-end=\"3151\"><strong data-start=\"3052\" data-end=\"3074\">Cookies esenciales:<\/strong> Necesario para las funciones b\u00e1sicas del sitio web, como el inicio de sesi\u00f3n y el pago.<\/p><\/li><li data-start=\"3152\" data-end=\"3259\"><p data-start=\"3154\" data-end=\"3259\"><strong data-start=\"3154\" data-end=\"3190\">Cookies de rendimiento y an\u00e1lisis:<\/strong> Nos ayudan a comprender los patrones de tr\u00e1fico y a mejorar el rendimiento del sitio web.<\/p><\/li><li data-start=\"3260\" data-end=\"3334\"><p data-start=\"3262\" data-end=\"3334\"><strong data-start=\"3262\" data-end=\"3285\">Cookies funcionales:<\/strong> Recuerda preferencias como el idioma o la regi\u00f3n.<\/p><\/li><li data-start=\"3335\" data-end=\"3436\"><p data-start=\"3337\" data-end=\"3436\"><strong data-start=\"3337\" data-end=\"3359\">Cookies de marketing:<\/strong> Se utiliza para mostrar anuncios relevantes y medir la eficacia del marketing.<\/p><\/li><\/ul><h3 data-start=\"3438\" data-end=\"3462\">4.2 Gesti\u00f3n de las cookies<\/h3><p data-start=\"3463\" data-end=\"3615\">Puede gestionar o desactivar las cookies a trav\u00e9s de la configuraci\u00f3n de su navegador. Tenga en cuenta que deshabilitar determinadas cookies puede afectar a la funcionalidad del sitio web.<\/p><h2 data-start=\"3622\" data-end=\"3665\">5. Divulgaci\u00f3n e intercambio de informaci\u00f3n<\/h2><p data-start=\"3667\" data-end=\"3774\">Lo hacemos <strong data-start=\"3673\" data-end=\"3680\">no<\/strong> vender su informaci\u00f3n personal. S\u00f3lo podemos compartir informaci\u00f3n en las siguientes circunstancias:<\/p><ul data-start=\"3776\" data-end=\"4223\"><li data-start=\"3776\" data-end=\"3945\"><p data-start=\"3778\" data-end=\"3945\"><strong data-start=\"3778\" data-end=\"3800\">Proveedores de servicios:<\/strong> Procesadores de pagos, empresas de transporte, proveedores de servicios inform\u00e1ticos, plataformas de correo electr\u00f3nico y servicios de an\u00e1lisis, \u00fanicamente para prestar servicios en nuestro nombre.<\/p><\/li><li data-start=\"3946\" data-end=\"4056\"><p data-start=\"3948\" data-end=\"4056\"><strong data-start=\"3948\" data-end=\"3971\">Requisitos legales:<\/strong> Cuando sea necesario para cumplir leyes, reglamentos, procesos legales o solicitudes leg\u00edtimas.<\/p><\/li><li data-start=\"4057\" data-end=\"4223\"><p data-start=\"4059\" data-end=\"4223\"><strong data-start=\"4059\" data-end=\"4085\">Transacciones comerciales:<\/strong> En caso de fusi\u00f3n, adquisici\u00f3n, reestructuraci\u00f3n o venta de activos, la informaci\u00f3n personal puede transferirse como parte del negocio.<\/p><\/li><\/ul><p data-start=\"4225\" data-end=\"4346\">Todos los terceros est\u00e1n obligados a tratar su informaci\u00f3n de acuerdo con las obligaciones de privacidad y seguridad aplicables.<\/p><h2 data-start=\"4353\" data-end=\"4372\">6. Seguridad de los datos<\/h2><p data-start=\"4374\" data-end=\"4547\">Aplicamos medidas t\u00e9cnicas y organizativas comercialmente razonables para salvaguardar su informaci\u00f3n personal, incluidos el cifrado, los controles de acceso y los servidores seguros.<\/p><p data-start=\"4549\" data-end=\"4716\">Sin embargo, ning\u00fan m\u00e9todo de transmisi\u00f3n o almacenamiento de datos es 100% seguro. Aunque nos esforzamos por proteger sus datos, usted reconoce que facilita informaci\u00f3n por su cuenta y riesgo.<\/p><h2 data-start=\"4723\" data-end=\"4778\">7. Uso de n\u00fameros de tel\u00e9fono y comunicaciones comerciales<\/h2><p data-start=\"4780\" data-end=\"4929\">Si opta por recibir comunicaciones de VapeMaison, podemos enviarle mensajes transaccionales, promocionales o de marketing por correo electr\u00f3nico o mensaje de texto.<\/p><p data-start=\"4931\" data-end=\"5051\">Puede darse de baja en cualquier momento siguiendo las instrucciones incluidas en el mensaje o poni\u00e9ndose en contacto con nosotros directamente.<\/p><h2 data-start=\"5058\" data-end=\"5078\">8. Conservaci\u00f3n de datos<\/h2><p data-start=\"5080\" data-end=\"5144\">Conservamos la informaci\u00f3n personal s\u00f3lo el tiempo necesario para:<\/p><ul data-start=\"5146\" data-end=\"5278\"><li data-start=\"5146\" data-end=\"5185\"><p data-start=\"5148\" data-end=\"5185\">Cumplimiento de pedidos y prestaci\u00f3n de servicios<\/p><\/li><li data-start=\"5186\" data-end=\"5234\"><p data-start=\"5188\" data-end=\"5234\">Cumplir los requisitos legales, fiscales y contables<\/p><\/li><li data-start=\"5235\" data-end=\"5278\"><p data-start=\"5237\" data-end=\"5278\">Resolver litigios y hacer cumplir los acuerdos<\/p><\/li><\/ul><p data-start=\"5280\" data-end=\"5371\">Cuando la informaci\u00f3n personal ya no sea necesaria, se eliminar\u00e1 de forma segura o se convertir\u00e1 en an\u00f3nima.<\/p><h2 data-start=\"5378\" data-end=\"5403\">9. Su derecho a la intimidad<\/h2><p data-start=\"5405\" data-end=\"5463\">Dependiendo de su jurisdicci\u00f3n, puede tener derecho a:<\/p><ul data-start=\"5465\" data-end=\"5797\"><li data-start=\"5465\" data-end=\"5501\"><p data-start=\"5467\" data-end=\"5501\">Acceder a su informaci\u00f3n personal<\/p><\/li><li data-start=\"5502\" data-end=\"5557\"><p data-start=\"5504\" data-end=\"5557\">Solicitar la correcci\u00f3n de datos inexactos o incompletos<\/p><\/li><li data-start=\"5558\" data-end=\"5638\"><p data-start=\"5560\" data-end=\"5638\">Solicitar la supresi\u00f3n de sus datos personales (con sujeci\u00f3n a las limitaciones legales)<\/p><\/li><li data-start=\"5639\" data-end=\"5694\"><p data-start=\"5641\" data-end=\"5694\">Oponerse a determinadas actividades de tratamiento o restringirlas<\/p><\/li><li data-start=\"5695\" data-end=\"5744\"><p data-start=\"5697\" data-end=\"5744\">Retirar el consentimiento para recibir comunicaciones comerciales<\/p><\/li><li data-start=\"5745\" data-end=\"5797\"><p data-start=\"5747\" data-end=\"5797\">Solicite una copia de sus datos en formato port\u00e1til<\/p><\/li><\/ul><p data-start=\"5799\" data-end=\"5866\">Para ejercer sus derechos, p\u00f3ngase en contacto con nosotros utilizando los datos que figuran a continuaci\u00f3n.<\/p><h2 data-start=\"5873\" data-end=\"5898\">10. Privacidad de los ni\u00f1os<\/h2><p data-start=\"5900\" data-end=\"6098\">Nuestro sitio web y nuestros servicios no est\u00e1n destinados a personas menores de 16 a\u00f1os. No recopilamos conscientemente informaci\u00f3n personal de ni\u00f1os. Si se identifican tales datos, los eliminaremos de inmediato.<\/p><h2 data-start=\"6105\" data-end=\"6140\">11. Transferencias internacionales de datos<\/h2><p data-start=\"6142\" data-end=\"6381\">Su informaci\u00f3n personal puede ser transferida y procesada en pa\u00edses distintos al suyo. Tomamos medidas razonables para garantizar que dichas transferencias cumplan la legislaci\u00f3n aplicable en materia de protecci\u00f3n de datos y que su informaci\u00f3n permanezca protegida.<\/p><h2 data-start=\"6388\" data-end=\"6425\">12. Actualizaciones de esta pol\u00edtica de privacidad<\/h2><p data-start=\"6427\" data-end=\"6634\">Podemos actualizar esta Pol\u00edtica de Privacidad peri\u00f3dicamente. Los cambios se publicar\u00e1n en esta p\u00e1gina con una fecha actualizada de \u201c\u00daltima actualizaci\u00f3n\u201d. El uso continuado del sitio web despu\u00e9s de los cambios indica la aceptaci\u00f3n de la Pol\u00edtica revisada.<\/p><h2 data-start=\"6641\" data-end=\"6658\">13. Contacto<\/h2><p data-start=\"6660\" data-end=\"6774\">Si tiene alguna pregunta sobre esta Pol\u00edtica de privacidad o sobre c\u00f3mo tratamos su informaci\u00f3n personal, p\u00f3ngase en contacto con nosotros:<\/p><p data-start=\"6776\" data-end=\"6858\"><strong data-start=\"6776\" data-end=\"6790\">VapeMaison<\/strong><br data-start=\"6790\" data-end=\"6793\" \/>Correo electr\u00f3nico: <strong data-start=\"6800\" data-end=\"6826\"><a class=\"decorated-link cursor-pointer\" rel=\"noopener\" data-start=\"6802\" data-end=\"6824\">support@vapemaison.com<\/a><\/strong><br data-start=\"6826\" data-end=\"6829\" \/>WhatsApp: <strong data-start=\"6839\" data-end=\"6858\">+86 17602190264<\/strong><\/p>\t\t\t\t\t\t\t\t<\/div>\n\t\t\t\t\t<\/div>\n\t\t\t\t<\/div>\n\t\t\t\t<\/div>","protected":false},"excerpt":{"rendered":"<p>Last Updated: 2026-01-19 VapeMaison (referred to as \u201cwe\u201d, \u201cour\u201d, or \u201cVapeMaison\u201d) is committed to protecting your personal information and respecting your privacy. This Privacy Policy (the \u201cPolicy\u201d) explains how we collect, use, store, and protect your personal information when you access or use our website www.vapemaison.com (the \u201cWebsite\u201d) and related services. This Policy applies to [&hellip;]<\/p>\n","protected":false},"author":1,"featured_media":0,"parent":0,"menu_order":0,"comment_status":"closed","ping_status":"closed","template":"","meta":{"footnotes":""},"class_list":["post-3","page","type-page","status-publish","hentry"],"yoast_head":"<!-- This site is optimized with the Yoast SEO plugin v27.4 - https:\/\/yoast.com\/product\/yoast-seo-wordpress\/ -->\n<title>Privacy Policy - VapeMaison<\/title>\n<meta name=\"description\" content=\"Read Vapemaison&#039;s Privacy Policy to understand how we collect, use, and protect your personal information. Your privacy is important to us, and we are committed to safeguarding your data.\" \/>\n<meta name=\"robots\" content=\"index, follow, max-snippet:-1, max-image-preview:large, max-video-preview:-1\" \/>\n<link rel=\"canonical\" href=\"https:\/\/vapemaison.com\/es\/politica-de-privacidad\/\" \/>\n<meta property=\"og:locale\" content=\"es_ES\" \/>\n<meta property=\"og:type\" content=\"article\" \/>\n<meta property=\"og:title\" content=\"Privacy Policy - VapeMaison\" \/>\n<meta property=\"og:description\" content=\"Read Vapemaison&#039;s Privacy Policy to understand how we collect, use, and protect your personal information. Your privacy is important to us, and we are committed to safeguarding your data.\" \/>\n<meta property=\"og:url\" content=\"https:\/\/vapemaison.com\/es\/politica-de-privacidad\/\" \/>\n<meta property=\"og:site_name\" content=\"VapeMaison\" \/>\n<meta property=\"article:modified_time\" content=\"2026-01-19T05:58:38+00:00\" \/>\n<meta name=\"twitter:card\" content=\"summary_large_image\" \/>\n<meta name=\"twitter:label1\" content=\"Tiempo de lectura\" \/>\n\t<meta name=\"twitter:data1\" content=\"4 minutos\" \/>\n<!-- \/ Yoast SEO plugin. -->","yoast_head_json":{"title":"Pol\u00edtica de privacidad - VapeMaison","description":"Lea la Pol\u00edtica de privacidad de Vapemaison para comprender c\u00f3mo recopilamos, utilizamos y protegemos su informaci\u00f3n personal. Su privacidad es importante para nosotros y nos comprometemos a salvaguardar sus datos.","robots":{"index":"index","follow":"follow","max-snippet":"max-snippet:-1","max-image-preview":"max-image-preview:large","max-video-preview":"max-video-preview:-1"},"canonical":"https:\/\/vapemaison.com\/es\/politica-de-privacidad\/","og_locale":"es_ES","og_type":"article","og_title":"Privacy Policy - VapeMaison","og_description":"Read Vapemaison's Privacy Policy to understand how we collect, use, and protect your personal information. Your privacy is important to us, and we are committed to safeguarding your data.","og_url":"https:\/\/vapemaison.com\/es\/politica-de-privacidad\/","og_site_name":"VapeMaison","article_modified_time":"2026-01-19T05:58:38+00:00","twitter_card":"summary_large_image","twitter_misc":{"Tiempo de lectura":"4 minutos"},"schema":{"@context":"https:\/\/schema.org","@graph":[{"@type":"WebPage","@id":"https:\/\/vapemaison.com\/privacy-policy\/","url":"https:\/\/vapemaison.com\/privacy-policy\/","name":"Pol\u00edtica de privacidad - VapeMaison","isPartOf":{"@id":"https:\/\/vapemaison.com\/#website"},"datePublished":"2025-10-13T08:13:32+00:00","dateModified":"2026-01-19T05:58:38+00:00","description":"Lea la Pol\u00edtica de privacidad de Vapemaison para comprender c\u00f3mo recopilamos, utilizamos y protegemos su informaci\u00f3n personal. Su privacidad es importante para nosotros y nos comprometemos a salvaguardar sus datos.","breadcrumb":{"@id":"https:\/\/vapemaison.com\/privacy-policy\/#breadcrumb"},"inLanguage":"es","potentialAction":[{"@type":"ReadAction","target":["https:\/\/vapemaison.com\/privacy-policy\/"]}]},{"@type":"BreadcrumbList","@id":"https:\/\/vapemaison.com\/privacy-policy\/#breadcrumb","itemListElement":[{"@type":"ListItem","position":1,"name":"\u9996\u9875","item":"https:\/\/vapemaison.com\/"},{"@type":"ListItem","position":2,"name":"Privacy Policy"}]},{"@type":"WebSite","@id":"https:\/\/vapemaison.com\/#website","url":"https:\/\/vapemaison.com\/","name":"VapeMaison","description":"Dispositivos y accesorios premium para vapear","publisher":{"@id":"https:\/\/vapemaison.com\/#organization"},"potentialAction":[{"@type":"SearchAction","target":{"@type":"EntryPoint","urlTemplate":"https:\/\/vapemaison.com\/?s={search_term_string}"},"query-input":{"@type":"PropertyValueSpecification","valueRequired":true,"valueName":"search_term_string"}}],"inLanguage":"es"},{"@type":"Organization","@id":"https:\/\/vapemaison.com\/#organization","name":"VapeMaison","url":"https:\/\/vapemaison.com\/","logo":{"@type":"ImageObject","inLanguage":"es","@id":"https:\/\/vapemaison.com\/#\/schema\/logo\/image\/","url":"https:\/\/vapemaison.com\/wp-content\/uploads\/2026\/01\/cropped-vapemaison-logo-g-2026.webp","contentUrl":"https:\/\/vapemaison.com\/wp-content\/uploads\/2026\/01\/cropped-vapemaison-logo-g-2026.webp","width":350,"height":280,"caption":"VapeMaison"},"image":{"@id":"https:\/\/vapemaison.com\/#\/schema\/logo\/image\/"},"sameAs":["https:\/\/www.youtube.com\/@VapeMaison"]}]}},"_links":{"self":[{"href":"https:\/\/vapemaison.com\/es\/wp-json\/wp\/v2\/pages\/3","targetHints":{"allow":["GET"]}}],"collection":[{"href":"https:\/\/vapemaison.com\/es\/wp-json\/wp\/v2\/pages"}],"about":[{"href":"https:\/\/vapemaison.com\/es\/wp-json\/wp\/v2\/types\/page"}],"author":[{"embeddable":true,"href":"https:\/\/vapemaison.com\/es\/wp-json\/wp\/v2\/users\/1"}],"replies":[{"embeddable":true,"href":"https:\/\/vapemaison.com\/es\/wp-json\/wp\/v2\/comments?post=3"}],"version-history":[{"count":3,"href":"https:\/\/vapemaison.com\/es\/wp-json\/wp\/v2\/pages\/3\/revisions"}],"predecessor-version":[{"id":26103,"href":"https:\/\/vapemaison.com\/es\/wp-json\/wp\/v2\/pages\/3\/revisions\/26103"}],"wp:attachment":[{"href":"https:\/\/vapemaison.com\/es\/wp-json\/wp\/v2\/media?parent=3"}],"curies":[{"name":"wp","href":"https:\/\/api.w.org\/{rel}","templated":true}]}}