

{"id":7263,"date":"2025-10-16T02:18:27","date_gmt":"2025-10-16T02:18:27","guid":{"rendered":"https:\/\/vapemaison.com\/?page_id=7263"},"modified":"2025-10-20T10:17:19","modified_gmt":"2025-10-20T10:17:19","slug":"faq","status":"publish","type":"page","link":"https:\/\/vapemaison.com\/es\/faq\/","title":{"rendered":"PREGUNTAS FRECUENTES"},"content":{"rendered":"<div data-elementor-type=\"wp-page\" data-elementor-id=\"7263\" class=\"elementor elementor-7263\">\n\t\t\t\t<div class=\"elementor-element elementor-element-430815d e-flex e-con-boxed e-con e-parent\" data-id=\"430815d\" data-element_type=\"container\" data-e-type=\"container\">\n\t\t\t\t\t<div class=\"e-con-inner\">\n\t\t\t\t<div class=\"elementor-element elementor-element-c9ff6f9 elementor-widget elementor-widget-spacer\" data-id=\"c9ff6f9\" data-element_type=\"widget\" data-e-type=\"widget\" data-widget_type=\"spacer.default\">\n\t\t\t\t\t\t\t<div class=\"elementor-spacer\">\n\t\t\t<div class=\"elementor-spacer-inner\"><\/div>\n\t\t<\/div>\n\t\t\t\t\t\t<\/div>\n\t\t\t\t<div class=\"elementor-element elementor-element-446aab8 elementor-widget elementor-widget-heading\" data-id=\"446aab8\" data-element_type=\"widget\" data-e-type=\"widget\" data-widget_type=\"heading.default\">\n\t\t\t\t\t<h2 class=\"elementor-heading-title elementor-size-default\">\ud83e\udde0 Preguntas generales<\/h2>\t\t\t\t<\/div>\n\t\t\t\t<div class=\"elementor-element elementor-element-3dcd08c elementor-widget elementor-widget-text-editor\" data-id=\"3dcd08c\" data-element_type=\"widget\" data-e-type=\"widget\" data-widget_type=\"text-editor.default\">\n\t\t\t\t\t\t\t\t\t<p data-start=\"149\" data-end=\"400\"><strong data-start=\"149\" data-end=\"180\">P1: \u00bfQu\u00e9 es un cigarrillo electr\u00f3nico?<\/strong><br data-start=\"180\" data-end=\"183\" \/>Un e-cigarrillo es un dispositivo electr\u00f3nico que calienta el e-l\u00edquido para producir vapor. Proporciona una experiencia similar a fumar sin quemar tabaco, reduciendo la producci\u00f3n de sustancias nocivas como el alquitr\u00e1n y el mon\u00f3xido de carbono.<\/p><p data-start=\"402\" data-end=\"607\"><strong data-start=\"402\" data-end=\"443\">P2: \u00bfContienen nicotina los cigarrillos electr\u00f3nicos?<\/strong><br data-start=\"443\" data-end=\"446\" \/>Depende del e-l\u00edquido. Algunos e-l\u00edquidos contienen nicotina, mientras que otros est\u00e1n completamente libres de nicotina. Puede elegir seg\u00fan sus preferencias personales.<\/p><p data-start=\"609\" data-end=\"852\"><strong data-start=\"609\" data-end=\"668\">P3: \u00bfSon los cigarrillos electr\u00f3nicos m\u00e1s seguros que los tradicionales?<\/strong><br data-start=\"668\" data-end=\"671\" \/>Los cigarrillos electr\u00f3nicos se consideran una alternativa menos nociva porque no implican combusti\u00f3n. Sin embargo, no est\u00e1n completamente exentos de riesgos y deben ser utilizados de forma responsable por adultos.<\/p>\t\t\t\t\t\t\t\t<\/div>\n\t\t\t\t<div class=\"elementor-element elementor-element-a59c032 elementor-widget elementor-widget-spacer\" data-id=\"a59c032\" data-element_type=\"widget\" data-e-type=\"widget\" data-widget_type=\"spacer.default\">\n\t\t\t\t\t\t\t<div class=\"elementor-spacer\">\n\t\t\t<div class=\"elementor-spacer-inner\"><\/div>\n\t\t<\/div>\n\t\t\t\t\t\t<\/div>\n\t\t\t\t\t<\/div>\n\t\t\t\t<\/div>\n\t\t<div class=\"elementor-element elementor-element-beacd78 e-flex e-con-boxed e-con e-parent\" data-id=\"beacd78\" data-element_type=\"container\" data-e-type=\"container\">\n\t\t\t\t\t<div class=\"e-con-inner\">\n\t\t\t\t<div class=\"elementor-element elementor-element-d31b965 elementor-widget elementor-widget-heading\" data-id=\"d31b965\" data-element_type=\"widget\" data-e-type=\"widget\" data-widget_type=\"heading.default\">\n\t\t\t\t\t<h2 class=\"elementor-heading-title elementor-size-default\">\ud83d\udca8 Producto y uso<\/h2>\t\t\t\t<\/div>\n\t\t\t\t<div class=\"elementor-element elementor-element-7db7eb8 elementor-widget elementor-widget-text-editor\" data-id=\"7db7eb8\" data-element_type=\"widget\" data-e-type=\"widget\" data-widget_type=\"text-editor.default\">\n\t\t\t\t\t\t\t\t\t<p data-start=\"882\" data-end=\"1128\"><strong data-start=\"882\" data-end=\"924\">P4: \u00bfCu\u00e1nto dura un cigarrillo electr\u00f3nico?<\/strong><br data-start=\"924\" data-end=\"927\" \/>Depende del tipo de dispositivo y de tus h\u00e1bitos de vapeo. Los vaporizadores desechables suelen durar entre varios cientos y miles de caladas, mientras que los recargables pueden utilizarse durante meses con un mantenimiento adecuado.<\/p><p data-start=\"1130\" data-end=\"1317\"><strong data-start=\"1130\" data-end=\"1188\">P5: \u00bfC\u00f3mo s\u00e9 cu\u00e1ndo debo sustituir mi e-l\u00edquido o mi bobina?<\/strong><br data-start=\"1188\" data-end=\"1191\" \/>Si nota un sabor a quemado, menor producci\u00f3n de vapor o p\u00e9rdida de sabor, es hora de sustituir la bobina o rellenar el e-l\u00edquido.<\/p><p data-start=\"1319\" data-end=\"1523\"><strong data-start=\"1319\" data-end=\"1353\">P6: \u00bfPuedo viajar con mi vape?<\/strong><br data-start=\"1353\" data-end=\"1356\" \/>S\u00ed, pero la mayor\u00eda de las compa\u00f1\u00edas a\u00e9reas exigen llevar los cigarrillos electr\u00f3nicos en el equipaje de mano, no en el facturado. Comprueba siempre la legislaci\u00f3n local antes de viajar con productos de vapeo.<\/p><p data-start=\"1525\" data-end=\"1706\"><strong data-start=\"1525\" data-end=\"1567\">P7: \u00bfC\u00f3mo debo guardar mi cigarrillo electr\u00f3nico?<\/strong><br data-start=\"1567\" data-end=\"1570\" \/>Mantenga el dispositivo en un lugar fresco y seco, alejado de la luz solar directa y de las altas temperaturas. Evita dejarlo en el coche o cerca de fuentes de calor.<\/p>\t\t\t\t\t\t\t\t<\/div>\n\t\t\t\t<div class=\"elementor-element elementor-element-5171f67 elementor-widget elementor-widget-spacer\" data-id=\"5171f67\" data-element_type=\"widget\" data-e-type=\"widget\" data-widget_type=\"spacer.default\">\n\t\t\t\t\t\t\t<div class=\"elementor-spacer\">\n\t\t\t<div class=\"elementor-spacer-inner\"><\/div>\n\t\t<\/div>\n\t\t\t\t\t\t<\/div>\n\t\t\t\t\t<\/div>\n\t\t\t\t<\/div>\n\t\t<div class=\"elementor-element elementor-element-2c6899d e-flex e-con-boxed e-con e-parent\" data-id=\"2c6899d\" data-element_type=\"container\" data-e-type=\"container\">\n\t\t\t\t\t<div class=\"e-con-inner\">\n\t\t\t\t<div class=\"elementor-element elementor-element-d2fa517 elementor-widget elementor-widget-heading\" data-id=\"d2fa517\" data-element_type=\"widget\" data-e-type=\"widget\" data-widget_type=\"heading.default\">\n\t\t\t\t\t<h2 class=\"elementor-heading-title elementor-size-default\">\ud83d\ude9a Env\u00edo y entrega<\/h2>\t\t\t\t<\/div>\n\t\t\t\t<div class=\"elementor-element elementor-element-d955f44 elementor-widget elementor-widget-text-editor\" data-id=\"d955f44\" data-element_type=\"widget\" data-e-type=\"widget\" data-widget_type=\"text-editor.default\">\n\t\t\t\t\t\t\t\t\t<p data-start=\"1740\" data-end=\"1888\"><strong data-start=\"1740\" data-end=\"1771\">P8: \u00bfDesde d\u00f3nde realizan los env\u00edos?<\/strong><br data-start=\"1771\" data-end=\"1774\" \/>Enviamos los pedidos desde nuestros almacenes en <strong data-start=\"1812\" data-end=\"1832\">Europa y China<\/strong>, dependiendo de la disponibilidad del producto y de su ubicaci\u00f3n.<\/p><p data-start=\"1890\" data-end=\"2118\"><strong data-start=\"1890\" data-end=\"1926\">P9: \u00bfCu\u00e1nto tardar\u00e1 la entrega?<\/strong><br data-start=\"1926\" data-end=\"1929\" \/>Los plazos de entrega var\u00edan seg\u00fan el destino. Pedidos desde nuestra <strong data-start=\"1981\" data-end=\"1997\">Almac\u00e9n de la UE<\/strong> suelen llegar en <strong data-start=\"2018\" data-end=\"2039\">3-7 d\u00edas laborables<\/strong>, mientras que los pedidos de <strong data-start=\"2063\" data-end=\"2082\">Almac\u00e9n en China<\/strong> puede tomar <strong data-start=\"2092\" data-end=\"2115\">10-20 d\u00edas laborables<\/strong>.<\/p><p data-start=\"2120\" data-end=\"2286\"><strong data-start=\"2120\" data-end=\"2154\">P10: \u00bfC\u00f3mo puedo hacer el seguimiento de mi pedido?<\/strong><br data-start=\"2154\" data-end=\"2157\" \/>Una vez enviado su pedido, le enviaremos un correo electr\u00f3nico con un enlace de seguimiento. Puedes utilizarlo para comprobar el estado de la entrega en cualquier momento.<\/p>\t\t\t\t\t\t\t\t<\/div>\n\t\t\t\t<div class=\"elementor-element elementor-element-4f10566 elementor-widget elementor-widget-spacer\" data-id=\"4f10566\" data-element_type=\"widget\" data-e-type=\"widget\" data-widget_type=\"spacer.default\">\n\t\t\t\t\t\t\t<div class=\"elementor-spacer\">\n\t\t\t<div class=\"elementor-spacer-inner\"><\/div>\n\t\t<\/div>\n\t\t\t\t\t\t<\/div>\n\t\t\t\t\t<\/div>\n\t\t\t\t<\/div>\n\t\t<div class=\"elementor-element elementor-element-0b8c973 e-flex e-con-boxed e-con e-parent\" data-id=\"0b8c973\" data-element_type=\"container\" data-e-type=\"container\">\n\t\t\t\t\t<div class=\"e-con-inner\">\n\t\t\t\t<div class=\"elementor-element elementor-element-c41f431 elementor-widget elementor-widget-heading\" data-id=\"c41f431\" data-element_type=\"widget\" data-e-type=\"widget\" data-widget_type=\"heading.default\">\n\t\t\t\t\t<h2 class=\"elementor-heading-title elementor-size-default\">\ud83d\udd12 Seguridad y pol\u00edticas<\/h2>\t\t\t\t<\/div>\n\t\t\t\t<div class=\"elementor-element elementor-element-c02cd61 elementor-widget elementor-widget-text-editor\" data-id=\"c02cd61\" data-element_type=\"widget\" data-e-type=\"widget\" data-widget_type=\"text-editor.default\">\n\t\t\t\t\t\t\t\t\t<p data-start=\"2318\" data-end=\"2454\"><strong data-start=\"2318\" data-end=\"2355\">P11: \u00bfPueden comprar cigarrillos electr\u00f3nicos los menores?<\/strong><br data-start=\"2355\" data-end=\"2358\" \/>No. Nuestros productos est\u00e1n destinados <strong data-start=\"2388\" data-end=\"2413\">s\u00f3lo para adultos (18+)<\/strong>. Prohibimos estrictamente la venta a menores.<\/p><p data-start=\"2456\" data-end=\"2665\"><strong data-start=\"2456\" data-end=\"2507\">P12: \u00bfQu\u00e9 debo hacer si mi vaporizador no funciona?<\/strong><br data-start=\"2507\" data-end=\"2510\" \/>Compruebe si la bater\u00eda est\u00e1 cargada y correctamente conectada. Si el problema persiste, ponte en contacto con nuestro servicio de atenci\u00f3n al cliente para obtener ayuda o sustituir la bater\u00eda.<\/p><p data-start=\"2667\" data-end=\"2860\"><strong data-start=\"2667\" data-end=\"2714\">P13: \u00bfCu\u00e1l es su pol\u00edtica de devoluciones y reembolsos?<\/strong><br data-start=\"2714\" data-end=\"2717\" \/>Aceptamos devoluciones dentro de <strong data-start=\"2742\" data-end=\"2753\">14 d\u00edas<\/strong> de entrega para art\u00edculos sin usar y sin abrir. P\u00f3ngase en contacto con nuestro equipo de asistencia antes de devolver cualquier producto. <a href=\"https:\/\/vapemaison.com\/refund_returns\/\">Pol\u00edtica de devoluciones y reembolsos<\/a> para m\u00e1s detalles.<\/p><p data-start=\"2862\" data-end=\"3040\"><strong data-start=\"2862\" data-end=\"2897\">P14: \u00bfSon aut\u00e9nticos sus productos?<\/strong><br data-start=\"2897\" data-end=\"2900\" \/>S\u00ed. Todos nuestros e-cigarrillos y e-l\u00edquidos proceden de <strong data-start=\"2950\" data-end=\"2988\">fabricantes autorizados y verificados<\/strong>. No vendemos productos falsificados o no probados.<\/p>\t\t\t\t\t\t\t\t<\/div>\n\t\t\t\t<div class=\"elementor-element elementor-element-7b5a055 elementor-widget elementor-widget-spacer\" data-id=\"7b5a055\" data-element_type=\"widget\" data-e-type=\"widget\" data-widget_type=\"spacer.default\">\n\t\t\t\t\t\t\t<div class=\"elementor-spacer\">\n\t\t\t<div class=\"elementor-spacer-inner\"><\/div>\n\t\t<\/div>\n\t\t\t\t\t\t<\/div>\n\t\t\t\t\t<\/div>\n\t\t\t\t<\/div>\n\t\t<div class=\"elementor-element elementor-element-b712fe9 e-flex e-con-boxed e-con e-parent\" data-id=\"b712fe9\" data-element_type=\"container\" data-e-type=\"container\">\n\t\t\t\t\t<div class=\"e-con-inner\">\n\t\t\t\t<div class=\"elementor-element elementor-element-f6dbeab elementor-widget elementor-widget-heading\" data-id=\"f6dbeab\" data-element_type=\"widget\" data-e-type=\"widget\" data-widget_type=\"heading.default\">\n\t\t\t\t\t<h2 class=\"elementor-heading-title elementor-size-default\">\u2764\ufe0f Salud y responsabilidad<\/h2>\t\t\t\t<\/div>\n\t\t\t\t<div class=\"elementor-element elementor-element-f2572f6 elementor-widget elementor-widget-text-editor\" data-id=\"f2572f6\" data-element_type=\"widget\" data-e-type=\"widget\" data-widget_type=\"text-editor.default\">\n\t\t\t\t\t\t\t\t\t<p data-start=\"3078\" data-end=\"3325\"><strong data-start=\"3078\" data-end=\"3125\">P15: \u00bfPueden los cigarrillos electr\u00f3nicos ayudarme a dejar de fumar?<\/strong><br data-start=\"3125\" data-end=\"3128\" \/>Muchos usuarios se pasan a los cigarrillos electr\u00f3nicos como forma de reducir o dejar de fumar, pero los resultados var\u00edan seg\u00fan la persona. Para obtener asesoramiento m\u00e9dico o planes personalizados para dejar de fumar, recomendamos consultar a un profesional sanitario.<\/p><p data-start=\"3327\" data-end=\"3489\"><strong data-start=\"3327\" data-end=\"3375\">P16: \u00bfSus productos son seguros para los no fumadores?<\/strong><br data-start=\"3375\" data-end=\"3378\" \/>Los cigarrillos electr\u00f3nicos est\u00e1n dise\u00f1ados para fumadores adultos o consumidores de nicotina, no para no fumadores, mujeres embarazadas o menores.<\/p>\t\t\t\t\t\t\t\t<\/div>\n\t\t\t\t<div class=\"elementor-element elementor-element-3ad2735 elementor-widget elementor-widget-spacer\" data-id=\"3ad2735\" data-element_type=\"widget\" data-e-type=\"widget\" data-widget_type=\"spacer.default\">\n\t\t\t\t\t\t\t<div class=\"elementor-spacer\">\n\t\t\t<div class=\"elementor-spacer-inner\"><\/div>\n\t\t<\/div>\n\t\t\t\t\t\t<\/div>\n\t\t\t\t\t<\/div>\n\t\t\t\t<\/div>\n\t\t<div class=\"elementor-element elementor-element-d5cf795 e-flex e-con-boxed e-con e-parent\" data-id=\"d5cf795\" data-element_type=\"container\" data-e-type=\"container\">\n\t\t\t\t\t<div class=\"e-con-inner\">\n\t\t\t\t<div class=\"elementor-element elementor-element-36f85ab elementor-widget elementor-widget-text-editor\" data-id=\"36f85ab\" data-element_type=\"widget\" data-e-type=\"widget\" data-widget_type=\"text-editor.default\">\n\t\t\t\t\t\t\t\t\t<p data-start=\"407\" data-end=\"520\"><strong>\u00bfTiene m\u00e1s preguntas? No se preocupe: nuestro amable equipo de asistencia est\u00e1 a su disposici\u00f3n las 24 horas del d\u00eda para ayudarle.<\/strong><\/p>\t\t\t\t\t\t\t\t<\/div>\n\t\t\t\t\t<\/div>\n\t\t\t\t<\/div>\n\t\t\t\t<\/div>","protected":false},"excerpt":{"rendered":"<p>\ud83e\udde0 General Questions Q1: What is an e-cigarette?An e-cigarette is an electronic device that heats e-liquid to produce vapor. It provides a smoking-like experience without burning tobacco, reducing the production of harmful substances like tar and carbon monoxide. Q2: Do e-cigarettes contain nicotine?That depends on the e-liquid. Some e-liquids contain nicotine, while others are completely [&hellip;]<\/p>\n","protected":false},"author":1,"featured_media":0,"parent":0,"menu_order":0,"comment_status":"closed","ping_status":"closed","template":"","meta":{"footnotes":""},"class_list":["post-7263","page","type-page","status-publish","hentry"],"yoast_head":"<!-- This site is optimized with the Yoast SEO plugin v27.4 - https:\/\/yoast.com\/product\/yoast-seo-wordpress\/ -->\n<title>FAQ - VapeMaison<\/title>\n<meta name=\"robots\" content=\"index, follow, max-snippet:-1, max-image-preview:large, max-video-preview:-1\" \/>\n<link rel=\"canonical\" href=\"https:\/\/vapemaison.com\/es\/faq\/\" \/>\n<meta property=\"og:locale\" content=\"es_ES\" \/>\n<meta property=\"og:type\" content=\"article\" \/>\n<meta property=\"og:title\" content=\"FAQ - VapeMaison\" \/>\n<meta property=\"og:description\" content=\"\ud83e\udde0 General Questions Q1: What is an e-cigarette?An e-cigarette is an electronic device that heats e-liquid to produce vapor. It provides a smoking-like experience without burning tobacco, reducing the production of harmful substances like tar and carbon monoxide. Q2: Do e-cigarettes contain nicotine?That depends on the e-liquid. Some e-liquids contain nicotine, while others are completely [&hellip;]\" \/>\n<meta property=\"og:url\" content=\"https:\/\/vapemaison.com\/es\/faq\/\" \/>\n<meta property=\"og:site_name\" content=\"VapeMaison\" \/>\n<meta property=\"article:modified_time\" content=\"2025-10-20T10:17:19+00:00\" \/>\n<meta name=\"twitter:card\" content=\"summary_large_image\" \/>\n<meta name=\"twitter:label1\" content=\"Tiempo de lectura\" \/>\n\t<meta name=\"twitter:data1\" content=\"1 minuto\" \/>\n<!-- \/ Yoast SEO plugin. -->","yoast_head_json":{"title":"FAQ - VapeMaison","robots":{"index":"index","follow":"follow","max-snippet":"max-snippet:-1","max-image-preview":"max-image-preview:large","max-video-preview":"max-video-preview:-1"},"canonical":"https:\/\/vapemaison.com\/es\/faq\/","og_locale":"es_ES","og_type":"article","og_title":"FAQ - VapeMaison","og_description":"\ud83e\udde0 General Questions Q1: What is an e-cigarette?An e-cigarette is an electronic device that heats e-liquid to produce vapor. It provides a smoking-like experience without burning tobacco, reducing the production of harmful substances like tar and carbon monoxide. Q2: Do e-cigarettes contain nicotine?That depends on the e-liquid. Some e-liquids contain nicotine, while others are completely [&hellip;]","og_url":"https:\/\/vapemaison.com\/es\/faq\/","og_site_name":"VapeMaison","article_modified_time":"2025-10-20T10:17:19+00:00","twitter_card":"summary_large_image","twitter_misc":{"Tiempo de lectura":"1 minuto"},"schema":{"@context":"https:\/\/schema.org","@graph":[{"@type":"WebPage","@id":"https:\/\/vapemaison.com\/faq\/","url":"https:\/\/vapemaison.com\/faq\/","name":"FAQ - VapeMaison","isPartOf":{"@id":"https:\/\/vapemaison.com\/#website"},"datePublished":"2025-10-16T02:18:27+00:00","dateModified":"2025-10-20T10:17:19+00:00","breadcrumb":{"@id":"https:\/\/vapemaison.com\/faq\/#breadcrumb"},"inLanguage":"es","potentialAction":[{"@type":"ReadAction","target":["https:\/\/vapemaison.com\/faq\/"]}]},{"@type":"BreadcrumbList","@id":"https:\/\/vapemaison.com\/faq\/#breadcrumb","itemListElement":[{"@type":"ListItem","position":1,"name":"\u9996\u9875","item":"https:\/\/vapemaison.com\/"},{"@type":"ListItem","position":2,"name":"FAQ"}]},{"@type":"WebSite","@id":"https:\/\/vapemaison.com\/#website","url":"https:\/\/vapemaison.com\/","name":"VapeMaison","description":"Dispositivos y accesorios premium para vapear","publisher":{"@id":"https:\/\/vapemaison.com\/#organization"},"potentialAction":[{"@type":"SearchAction","target":{"@type":"EntryPoint","urlTemplate":"https:\/\/vapemaison.com\/?s={search_term_string}"},"query-input":{"@type":"PropertyValueSpecification","valueRequired":true,"valueName":"search_term_string"}}],"inLanguage":"es"},{"@type":"Organization","@id":"https:\/\/vapemaison.com\/#organization","name":"VapeMaison","url":"https:\/\/vapemaison.com\/","logo":{"@type":"ImageObject","inLanguage":"es","@id":"https:\/\/vapemaison.com\/#\/schema\/logo\/image\/","url":"https:\/\/vapemaison.com\/wp-content\/uploads\/2026\/01\/cropped-vapemaison-logo-g-2026.webp","contentUrl":"https:\/\/vapemaison.com\/wp-content\/uploads\/2026\/01\/cropped-vapemaison-logo-g-2026.webp","width":350,"height":280,"caption":"VapeMaison"},"image":{"@id":"https:\/\/vapemaison.com\/#\/schema\/logo\/image\/"},"sameAs":["https:\/\/www.youtube.com\/@VapeMaison"]}]}},"_links":{"self":[{"href":"https:\/\/vapemaison.com\/es\/wp-json\/wp\/v2\/pages\/7263","targetHints":{"allow":["GET"]}}],"collection":[{"href":"https:\/\/vapemaison.com\/es\/wp-json\/wp\/v2\/pages"}],"about":[{"href":"https:\/\/vapemaison.com\/es\/wp-json\/wp\/v2\/types\/page"}],"author":[{"embeddable":true,"href":"https:\/\/vapemaison.com\/es\/wp-json\/wp\/v2\/users\/1"}],"replies":[{"embeddable":true,"href":"https:\/\/vapemaison.com\/es\/wp-json\/wp\/v2\/comments?post=7263"}],"version-history":[{"count":0,"href":"https:\/\/vapemaison.com\/es\/wp-json\/wp\/v2\/pages\/7263\/revisions"}],"wp:attachment":[{"href":"https:\/\/vapemaison.com\/es\/wp-json\/wp\/v2\/media?parent=7263"}],"curies":[{"name":"wp","href":"https:\/\/api.w.org\/{rel}","templated":true}]}}