

{"id":11212,"date":"2025-11-11T06:33:43","date_gmt":"2025-11-11T06:33:43","guid":{"rendered":"https:\/\/vapemaison.com\/?post_type=product&#038;p=11212"},"modified":"2026-04-14T07:24:52","modified_gmt":"2026-04-14T07:24:52","slug":"elf-bar-30000-sour-king-puff-5","status":"publish","type":"product","link":"https:\/\/vapemaison.com\/es\/product\/elf-bar-30000-sour-king-puff-5\/","title":{"rendered":"ELFBAR SOUR KING 30000 puff 5%"},"content":{"rendered":"<h3 class=\"wp-block-heading\"><strong>ELF BAR 30000 Puffs - Edici\u00f3n de intensidad \u00e1cida ajustable<\/strong><\/h3>\n\n\n\n<p>\u00a1Ha llegado el ELF BAR 30000!<br>Esta edici\u00f3n especial destaca por su exclusiva intensidad de acidez ajustable, que le permite ajustar el sabor a su gusto.<br>Con 5 niveles diferentes de SOUR, puede controlar con precisi\u00f3n la intensidad del efecto \u00e1cido.<\/p>\n\n\n\n<p>Este vaporizador desechable precargado est\u00e1 listo para usar nada m\u00e1s sacarlo de la caja y proporciona hasta 30.000 caladas de sabor satisfactorio.<\/p>\n\n\n\n<p>Una pantalla digital en la parte frontal muestra tanto el nivel de la bater\u00eda como el estado del e-l\u00edquido, para que siempre sepas cu\u00e1ndo es el momento de recargar o sustituir.<\/p>\n\n\n\n<p>Equipado con una bobina de malla, al igual que en los cigarrillos electr\u00f3nicos de alta calidad, proporciona un sabor m\u00e1s intenso y un vapor m\u00e1s espeso.<br>Gracias a su dise\u00f1o ergon\u00f3mico, podr\u00e1 disfrutar de \u00e9l en cualquier momento y lugar.<\/p>\n\n\n\n<p><strong>Especificaciones:<\/strong><\/p>\n\n\n\n<ul class=\"wp-block-list\">\n<li><strong>Capacidad de soplado:<\/strong> 30.000 bocanadas<\/li>\n\n\n\n<li><strong>Bater\u00eda:<\/strong> 850mAh<\/li>\n\n\n\n<li><strong>Potencia de nicotina:<\/strong> 5%<\/li>\n\n\n\n<li><strong>Sabor:<\/strong> Triple baya \u00e1cida<\/li>\n\n\n\n<li><strong>Tipo de bobina:<\/strong> Malla<\/li>\n\n\n\n<li><strong>Sistema de flujo de aire:<\/strong> Doble flujo de aire<\/li>\n\n\n\n<li><strong>Ajustes de acidez:<\/strong> 4 niveles ajustables<\/li>\n<\/ul>\n\n\n\n<p><\/p>\n\n\n\n<p>Explora m\u00e1s de nuestra colecci\u00f3n para encontrar el vaporizador perfecto para tus necesidades. Explore toda nuestra gama en la <strong><a href=\"https:\/\/vapemaison.com\/\" type=\"link\" id=\"https:\/\/vapemaison.com\/\">P\u00e1gina de inicio<\/a><\/strong>, descubra dispositivos similares de alto rendimiento en el <strong><a href=\"https:\/\/vapemaison.com\/shop\/\" type=\"link\" id=\"https:\/\/vapemaison.com\/shop\/\">Vape Store desechable<\/a><\/strong>, u obtenga m\u00e1s informaci\u00f3n sobre la calidad de confianza del <strong><a href=\"https:\/\/vapemaison.com\/brand\/elfbar\/\" type=\"link\" id=\"https:\/\/vapemaison.com\/brand\/elfbar\/\">Marca Elfbar<\/a><\/strong>.Si est\u00e1 comparando diferentes niveles de uso, consulte nuestro <strong><a href=\"https:\/\/vapemaison.com\/product-category\/puffs-count\/30k-puffs\/\" type=\"link\" id=\"https:\/\/vapemaison.com\/product-category\/puffs-count\/30k-puffs\/\">30K Puffs<\/a><\/strong> para encontrar dispositivos que se ajusten a su capacidad preferida, desde opciones compactas hasta modelos de gran potencia.<\/p>\n\n\n\n<p><\/p>","protected":false},"excerpt":{"rendered":"<p>ELF BAR 30000 Puffs \u2013 Adjustable Sour Intensity Edition The ELF BAR 30000 has arrived!This special edition stands out with its unique adjustable sourness intensity, allowing you to fine-tune the flavor experience to your liking.With 5 different SOUR levels, you can precisely control how strong the sour effect feels. This pre-filled disposable vape is ready [&hellip;]<\/p>\n","protected":false},"featured_media":11243,"comment_status":"open","ping_status":"closed","template":"","meta":[],"product_brand":[177],"product_cat":[134],"product_tag":[],"class_list":{"0":"post-11212","1":"product","2":"type-product","3":"status-publish","4":"has-post-thumbnail","6":"product_brand-elfbar","7":"product_cat-30k-puffs","9":"first","10":"instock","11":"sale","12":"shipping-taxable","13":"purchasable","14":"product-type-variable"},"yoast_head":"<!-- This site is optimized with the Yoast SEO plugin v27.4 - https:\/\/yoast.com\/product\/yoast-seo-wordpress\/ -->\n<title>ELF BAR 30000 Puffs Vape | Sour Intensity Digital Display<\/title>\n<meta name=\"description\" content=\"Experience the ELF BAR 30000 Puffs with 4 sour levels, digital screen, mesh coil, and 5% nicotine. Pure flavor, smooth vapor, and ultimate control.\" \/>\n<meta name=\"robots\" content=\"index, follow, max-snippet:-1, max-image-preview:large, max-video-preview:-1\" \/>\n<link rel=\"canonical\" href=\"https:\/\/vapemaison.com\/es\/producto\/elf-bar-30000-sour-king-puff-5\/\" \/>\n<meta property=\"og:locale\" content=\"es_ES\" \/>\n<meta property=\"og:type\" content=\"article\" \/>\n<meta property=\"og:title\" content=\"ELF BAR 30000 Puffs Vape | Sour Intensity Digital Display\" \/>\n<meta property=\"og:description\" content=\"Experience the ELF BAR 30000 Puffs with 4 sour levels, digital screen, mesh coil, and 5% nicotine. Pure flavor, smooth vapor, and ultimate control.\" \/>\n<meta property=\"og:url\" content=\"https:\/\/vapemaison.com\/es\/producto\/elf-bar-30000-sour-king-puff-5\/\" \/>\n<meta property=\"og:site_name\" content=\"VapeMaison\" \/>\n<meta property=\"article:modified_time\" content=\"2026-04-14T07:24:52+00:00\" \/>\n<meta property=\"og:image\" content=\"https:\/\/vapemaison.com\/wp-content\/uploads\/2025\/11\/elf-bar-sour-king-sour-blueberry-waterm-1.png\" \/>\n\t<meta property=\"og:image:width\" content=\"1000\" \/>\n\t<meta property=\"og:image:height\" content=\"1000\" \/>\n\t<meta property=\"og:image:type\" content=\"image\/png\" \/>\n<meta name=\"twitter:card\" content=\"summary_large_image\" \/>\n<meta name=\"twitter:label1\" content=\"Tiempo de lectura\" \/>\n\t<meta name=\"twitter:data1\" content=\"2 minutos\" \/>\n<!-- \/ Yoast SEO plugin. -->","yoast_head_json":{"title":"ELF BAR 30000 Puffs Vape | Intensidad Agria Pantalla Digital","description":"Experimenta el ELF BAR 30000 Puffs con 4 niveles de sour, pantalla digital, bobina de malla, y nicotina 5%. Sabor puro, vapor suave y el m\u00e1ximo control.","robots":{"index":"index","follow":"follow","max-snippet":"max-snippet:-1","max-image-preview":"max-image-preview:large","max-video-preview":"max-video-preview:-1"},"canonical":"https:\/\/vapemaison.com\/es\/producto\/elf-bar-30000-sour-king-puff-5\/","og_locale":"es_ES","og_type":"article","og_title":"ELF BAR 30000 Puffs Vape | Sour Intensity Digital Display","og_description":"Experience the ELF BAR 30000 Puffs with 4 sour levels, digital screen, mesh coil, and 5% nicotine. Pure flavor, smooth vapor, and ultimate control.","og_url":"https:\/\/vapemaison.com\/es\/producto\/elf-bar-30000-sour-king-puff-5\/","og_site_name":"VapeMaison","article_modified_time":"2026-04-14T07:24:52+00:00","og_image":[{"width":1000,"height":1000,"url":"https:\/\/vapemaison.com\/wp-content\/uploads\/2025\/11\/elf-bar-sour-king-sour-blueberry-waterm-1.png","type":"image\/png"}],"twitter_card":"summary_large_image","twitter_misc":{"Tiempo de lectura":"2 minutos"},"schema":{"@context":"https:\/\/schema.org","@graph":[{"@type":"WebPage","@id":"https:\/\/vapemaison.com\/product\/elf-bar-30000-sour-king-puff-5\/","url":"https:\/\/vapemaison.com\/product\/elf-bar-30000-sour-king-puff-5\/","name":"ELF BAR 30000 Puffs Vape | Intensidad Agria Pantalla Digital","isPartOf":{"@id":"https:\/\/vapemaison.com\/#website"},"primaryImageOfPage":{"@id":"https:\/\/vapemaison.com\/product\/elf-bar-30000-sour-king-puff-5\/#primaryimage"},"image":{"@id":"https:\/\/vapemaison.com\/product\/elf-bar-30000-sour-king-puff-5\/#primaryimage"},"thumbnailUrl":"https:\/\/vapemaison.com\/wp-content\/uploads\/2025\/11\/elf-bar-sour-king-sour-blueberry-waterm-1.png","datePublished":"2025-11-11T06:33:43+00:00","dateModified":"2026-04-14T07:24:52+00:00","description":"Experimenta el ELF BAR 30000 Puffs con 4 niveles de sour, pantalla digital, bobina de malla, y nicotina 5%. Sabor puro, vapor suave y el m\u00e1ximo control.","breadcrumb":{"@id":"https:\/\/vapemaison.com\/product\/elf-bar-30000-sour-king-puff-5\/#breadcrumb"},"inLanguage":"es","potentialAction":[{"@type":"ReadAction","target":["https:\/\/vapemaison.com\/product\/elf-bar-30000-sour-king-puff-5\/"]}]},{"@type":"ImageObject","inLanguage":"es","@id":"https:\/\/vapemaison.com\/product\/elf-bar-30000-sour-king-puff-5\/#primaryimage","url":"https:\/\/vapemaison.com\/wp-content\/uploads\/2025\/11\/elf-bar-sour-king-sour-blueberry-waterm-1.png","contentUrl":"https:\/\/vapemaison.com\/wp-content\/uploads\/2025\/11\/elf-bar-sour-king-sour-blueberry-waterm-1.png","width":1000,"height":1000,"caption":"Elf Bar Sour King Blueberry Waterm Disposable Vape Device"},{"@type":"BreadcrumbList","@id":"https:\/\/vapemaison.com\/product\/elf-bar-30000-sour-king-puff-5\/#breadcrumb","itemListElement":[{"@type":"ListItem","position":1,"name":"\u9996\u9875","item":"https:\/\/vapemaison.com\/"},{"@type":"ListItem","position":2,"name":"Shop","item":"https:\/\/vapemaison.com\/shop\/"},{"@type":"ListItem","position":3,"name":"Elfbar","item":"https:\/\/vapemaison.com\/brand\/elfbar\/"},{"@type":"ListItem","position":4,"name":"ELFBAR SOUR KING 30000 puff 5%"}]},{"@type":"WebSite","@id":"https:\/\/vapemaison.com\/#website","url":"https:\/\/vapemaison.com\/","name":"VapeMaison","description":"Dispositivos y accesorios premium para vapear","publisher":{"@id":"https:\/\/vapemaison.com\/#organization"},"potentialAction":[{"@type":"SearchAction","target":{"@type":"EntryPoint","urlTemplate":"https:\/\/vapemaison.com\/?s={search_term_string}"},"query-input":{"@type":"PropertyValueSpecification","valueRequired":true,"valueName":"search_term_string"}}],"inLanguage":"es"},{"@type":"Organization","@id":"https:\/\/vapemaison.com\/#organization","name":"VapeMaison","url":"https:\/\/vapemaison.com\/","logo":{"@type":"ImageObject","inLanguage":"es","@id":"https:\/\/vapemaison.com\/#\/schema\/logo\/image\/","url":"https:\/\/vapemaison.com\/wp-content\/uploads\/2026\/01\/cropped-vapemaison-logo-g-2026.webp","contentUrl":"https:\/\/vapemaison.com\/wp-content\/uploads\/2026\/01\/cropped-vapemaison-logo-g-2026.webp","width":350,"height":280,"caption":"VapeMaison"},"image":{"@id":"https:\/\/vapemaison.com\/#\/schema\/logo\/image\/"},"sameAs":["https:\/\/www.youtube.com\/@VapeMaison"]}]}},"tiered_pricing_type":"fixed","tiered_pricing_fixed_rules":{"30":"16.99","50":"15.42","100":"13.68","200":"12.21"},"tiered_pricing_product_settings":{"layout":"default","base_unit_name":{"singular":null,"plural":null},"default_variation":null},"tiered_pricing_minimum_quantity":10,"tiered_pricing_roles_data":[],"tiered_pricing_percentage_rules":[],"tiered_pricing_maximum_quantity":null,"tiered_pricing_quantity_step":"10","_links":{"self":[{"href":"https:\/\/vapemaison.com\/es\/wp-json\/wp\/v2\/product\/11212","targetHints":{"allow":["GET"]}}],"collection":[{"href":"https:\/\/vapemaison.com\/es\/wp-json\/wp\/v2\/product"}],"about":[{"href":"https:\/\/vapemaison.com\/es\/wp-json\/wp\/v2\/types\/product"}],"replies":[{"embeddable":true,"href":"https:\/\/vapemaison.com\/es\/wp-json\/wp\/v2\/comments?post=11212"}],"version-history":[{"count":1,"href":"https:\/\/vapemaison.com\/es\/wp-json\/wp\/v2\/product\/11212\/revisions"}],"predecessor-version":[{"id":29389,"href":"https:\/\/vapemaison.com\/es\/wp-json\/wp\/v2\/product\/11212\/revisions\/29389"}],"wp:featuredmedia":[{"embeddable":true,"href":"https:\/\/vapemaison.com\/es\/wp-json\/wp\/v2\/media\/11243"}],"wp:attachment":[{"href":"https:\/\/vapemaison.com\/es\/wp-json\/wp\/v2\/media?parent=11212"}],"wp:term":[{"taxonomy":"product_brand","embeddable":true,"href":"https:\/\/vapemaison.com\/es\/wp-json\/wp\/v2\/product_brand?post=11212"},{"taxonomy":"product_cat","embeddable":true,"href":"https:\/\/vapemaison.com\/es\/wp-json\/wp\/v2\/product_cat?post=11212"},{"taxonomy":"product_tag","embeddable":true,"href":"https:\/\/vapemaison.com\/es\/wp-json\/wp\/v2\/product_tag?post=11212"}],"curies":[{"name":"wp","href":"https:\/\/api.w.org\/{rel}","templated":true}]}}