

{"id":11217,"date":"2025-11-11T06:33:43","date_gmt":"2025-11-11T06:33:43","guid":{"rendered":"https:\/\/vapemaison.com\/?post_type=product&#038;p=11217"},"modified":"2025-11-21T08:53:49","modified_gmt":"2025-11-21T08:53:49","slug":"vozol-star-20000-puffs-vape","status":"publish","type":"product","link":"https:\/\/vapemaison.com\/es\/product\/vozol-star-20000-puffs-vape\/","title":{"rendered":"VOZOL STAR 20000 | Vozol star 20k PUFF 5%"},"content":{"rendered":"<h3 class=\"wp-block-heading\"><strong>Vozol Star 20000 Puffs Dual Power - La Experiencia Vaping Definitiva<\/strong><\/h3>\n\n\n\n<p><strong>Vozol Star 20000 Puffs Dual Power<\/strong> redefine los vapes desechables con una tecnolog\u00eda innovadora, ofreciendo <strong>20k puff<\/strong> para una experiencia de vapeo de larga duraci\u00f3n sin igual. Con <strong>Tecnolog\u00eda de doble alimentaci\u00f3n<\/strong>, Adem\u00e1s, garantiza un sabor consistente y caladas suaves desde la primera hasta la \u00faltima calada, lo que lo convierte en la elecci\u00f3n ideal para los vapeadores que buscan comodidad, calidad y rendimiento.<\/p>\n\n\n\n<h3 class=\"wp-block-heading\"><strong>\u00bfPor qu\u00e9 elegir Vozol Star 20000 Puffs Dual Power?<\/strong><\/h3>\n\n\n\n<ul class=\"wp-block-list\">\n<li><strong>Rendimiento duradero<\/strong>: Con una incre\u00edble <strong>20000 bocanadas<\/strong>, el Vape<strong> Doble alimentaci\u00f3n<\/strong> est\u00e1 dise\u00f1ado para mantenerte en marcha durante m\u00e1s tiempo, por lo que es una opci\u00f3n rentable para los vapeadores serios.<\/li>\n\n\n\n<li><strong>Sabroso y suave<\/strong>: La tecnolog\u00eda Dual Power garantiza que cada calada sea tan fresca y satisfactoria como la primera, proporcionando <strong>sabores suaves y ricos<\/strong> durante toda la vida \u00fatil del aparato.<\/li>\n\n\n\n<li><strong>Perfecto para llevar<\/strong>: Su dise\u00f1o compacto y ergon\u00f3mico hace que el <strong>Estrella Vozol<\/strong> f\u00e1cil de transportar y perfecta para <strong>vapear en cualquier lugar<\/strong>.<\/li>\n\n\n\n<li><strong>Entrega sin complicaciones<\/strong>: Disfrute de <strong>entrega r\u00e1pida de vape en Dubai<\/strong> con Vape King DXB, llevando lo mejor del vapeo a su puerta.<\/li>\n<\/ul>\n\n\n\n<h3 class=\"wp-block-heading\">Vozol estrella 20k <strong>Caracter\u00edsticas principales<\/strong><\/h3>\n\n\n\n<ul class=\"wp-block-list\">\n<li><strong>Cantidad de caladas inigualable<\/strong>:<br>Con <strong>20.000 bocanadas<\/strong>, El <strong>Vozol Star 20000 Puffs Dual Power<\/strong> destaca en el mercado como uno de los vapeadores desechables m\u00e1s duraderos, perfecto para los vapeadores que desean un uso prolongado sin sacrificar el sabor o el rendimiento.<\/li>\n\n\n\n<li><strong>Tecnolog\u00eda de doble alimentaci\u00f3n<\/strong>:<br>En <strong>Doble alimentaci\u00f3n<\/strong> estabiliza la salida, ofreciendo un rendimiento constante en cada calada. Experimenta un vapeo suave e ininterrumpido, con un rico sabor que nunca se desvanece.<\/li>\n\n\n\n<li><strong>Dise\u00f1o compacto y elegante<\/strong>:<br>En <strong>Estrella Vozol<\/strong> tiene un dise\u00f1o elegante y port\u00e1til que cabe c\u00f3modamente en la mano y en el bolsillo. Ll\u00e9velo con usted dondequiera que vaya, garantizando una experiencia de vapeo de primera calidad sobre la marcha.<\/li>\n\n\n\n<li><strong>Calidad de construcci\u00f3n superior<\/strong>:<br>Construido con materiales de alta calidad, el <strong>Vozol Star 20000 Puffs<\/strong> ofrece durabilidad y fiabilidad, garantizando un rendimiento duradero, incluso con un uso frecuente.<\/li>\n\n\n\n<li><strong>Entrega de Vape en Dubai<\/strong>:<br>Obtener el <strong>Vozol Star 20000 Puffs Dual Power<\/strong> entregados directamente a su puerta en Dubai con servicios de entrega de vape r\u00e1pido, seguro y sin complicaciones. No vuelvas a quedarte sin tu dispositivo favorito: Vape King DXB te garantiza el acceso a productos de vapeo de primer nivel cuando te convenga.<\/li>\n<\/ul>\n\n\n\n<h3 class=\"wp-block-heading\"><strong>Sabores disponibles<\/strong><\/h3>\n\n\n\n<p>Del\u00e9itese con una amplia gama de deliciosos y refrescantes sabores con el <strong>Vozol Star 20000 Puffs Dual Power<\/strong>. Tanto si prefiere las mezclas afrutadas, heladas o cl\u00e1sicas, hay algo para todos los paladares:<\/p>\n\n\n\n<ul class=\"wp-block-list\">\n<li><strong>Hielo de sand\u00eda<\/strong><\/li>\n\n\n\n<li><strong>Hielo de uva<\/strong><\/li>\n\n\n\n<li><strong>Mango Ice<\/strong><\/li>\n\n\n\n<li><strong>Doble manzana helada<\/strong><\/li>\n\n\n\n<li><strong>Fresa Kiwi<\/strong><\/li>\n\n\n\n<li><strong>Sand\u00eda con frambuesa<\/strong><\/li>\n\n\n\n<li><strong>Hielo Razz Azul<\/strong><\/li>\n\n\n\n<li><strong>Fresa Mango<\/strong><\/li>\n\n\n\n<li><strong>Mango Melocot\u00f3n Sand\u00eda<\/strong><\/li>\n\n\n\n<li><strong>Cereza Cola<\/strong><\/li>\n\n\n\n<li><strong>Helado de melocot\u00f3n jugoso<\/strong><\/li>\n\n\n\n<li><strong>Drag\u00f3n Strawnana<\/strong><\/li>\n\n\n\n<li><strong>Mezcla de bayas<\/strong><\/li>\n\n\n\n<li><strong>Lim\u00f3n Lima<\/strong><\/li>\n\n\n\n<li><strong>Explosi\u00f3n tropical<\/strong><\/li>\n\n\n\n<li><strong>Tormenta de ar\u00e1ndanos<\/strong><\/li>\n\n\n\n<li><strong>Perfume Lim\u00f3n<\/strong><\/li>\n\n\n\n<li><strong>Naranja Pi\u00f1a Lichi<\/strong><\/li>\n\n\n\n<li><strong>Amor 777<\/strong><\/li>\n\n\n\n<li><strong>Frambuesa Manzana Sand\u00eda Pi\u00f1a<\/strong><\/li>\n<\/ul>\n\n\n\n<h3 class=\"wp-block-heading\"><strong>P\u00eddalo ahora y experimente la mejor tecnolog\u00eda de vapeo<\/strong><\/h3>\n\n\n\n<p>En <strong>Vozol Star 20000 Puffs Dual Power<\/strong> ya est\u00e1 disponible en <strong>Vape King DXB<\/strong>. Disfrute de <strong>bocanadas duraderas<\/strong>, Un sabor excepcional y una comodidad insuperable, todo en un solo dispositivo. P\u00eddalo hoy mismo y aumente su nivel de vapeo.<\/p>\n\n\n\n<p>Puede visitar otros productos bajo la marca vozol, o consultar la igualmente querida Puede visitar otros productos bajo la marca <strong><a href=\"https:\/\/vapemaison.com\/brand\/vozol\/\">Marca VOZOL<\/a><\/strong>, o echa un vistazo a la igualmente querida<strong> <a href=\"https:\/\/vapemaison.com\/product\/vozol-vista-20000-puff-vape\/\">VOZOL VISTA 20000<\/a><\/strong>.<\/p>\n\n\n\n<p><\/p>","protected":false},"excerpt":{"rendered":"<p data-start=\"3955\" data-end=\"4211\">Experiencia <strong data-start=\"3966\" data-end=\"3982\">20.000 bocanadas<\/strong> con el <strong data-start=\"3992\" data-end=\"4029\">Vozol Star 20000 Puffs Dual Power<\/strong>, con <strong data-start=\"4041\" data-end=\"4066\">Tecnolog\u00eda de doble alimentaci\u00f3n<\/strong> para un rendimiento constante y un sabor suave. Compacta, duradera y disponible en <strong data-start=\"4148\" data-end=\"4171\">24 emocionantes sabores<\/strong>. Entrega r\u00e1pida y c\u00f3moda en VapeMaison.<\/p>","protected":false},"featured_media":11254,"comment_status":"open","ping_status":"closed","template":"","meta":[],"product_brand":[178],"product_cat":[133],"product_tag":[],"class_list":{"0":"post-11217","1":"product","2":"type-product","3":"status-publish","4":"has-post-thumbnail","6":"product_brand-vozol","7":"product_cat-20k-puffs","9":"first","10":"instock","11":"sale","12":"shipping-taxable","13":"purchasable","14":"product-type-variable"},"yoast_head":"<!-- This site is optimized with the Yoast SEO plugin v27.4 - https:\/\/yoast.com\/product\/yoast-seo-wordpress\/ -->\n<title>Vozol Star 20000 Puffs Dual Power Vape \u2013vozol star 20k Puffs<\/title>\n<meta name=\"description\" content=\"Discover the Vozol Star 20000 Puffs Dual Power, . Available in 24 flavors and ideal for on-the-go use, delivering a vaping experience anytime, anywhere.\" \/>\n<meta name=\"robots\" content=\"index, follow, max-snippet:-1, max-image-preview:large, max-video-preview:-1\" \/>\n<link rel=\"canonical\" href=\"https:\/\/vapemaison.com\/es\/producto\/vozol-star-20000-puffs-vape\/\" \/>\n<meta property=\"og:locale\" content=\"es_ES\" \/>\n<meta property=\"og:type\" content=\"article\" \/>\n<meta property=\"og:title\" content=\"Vozol Star 20000 Puffs Dual Power Vape \u2013vozol star 20k Puffs\" \/>\n<meta property=\"og:description\" content=\"Discover the Vozol Star 20000 Puffs Dual Power, . Available in 24 flavors and ideal for on-the-go use, delivering a vaping experience anytime, anywhere.\" \/>\n<meta property=\"og:url\" content=\"https:\/\/vapemaison.com\/es\/producto\/vozol-star-20000-puffs-vape\/\" \/>\n<meta property=\"og:site_name\" content=\"VapeMaison\" \/>\n<meta property=\"article:modified_time\" content=\"2025-11-21T08:53:49+00:00\" \/>\n<meta property=\"og:image\" content=\"https:\/\/vapemaison.com\/wp-content\/uploads\/2025\/11\/vozol-star-20000-perfume-lemon-r8t8017-1.jpg\" \/>\n\t<meta property=\"og:image:width\" content=\"2048\" \/>\n\t<meta property=\"og:image:height\" content=\"1969\" \/>\n\t<meta property=\"og:image:type\" content=\"image\/jpeg\" \/>\n<meta name=\"twitter:card\" content=\"summary_large_image\" \/>\n<meta name=\"twitter:label1\" content=\"Tiempo de lectura\" \/>\n\t<meta name=\"twitter:data1\" content=\"3 minutos\" \/>\n<!-- \/ Yoast SEO plugin. -->","yoast_head_json":{"title":"Vape Vozol Star 20000 Puffs Dual Power -vozol star 20k Puffs","description":"Descubre Vozol Star 20000 Puffs Dual Power, . Disponible en 24 sabores e ideal para su uso sobre la marcha, la entrega de una experiencia vaping en cualquier momento y en cualquier lugar.","robots":{"index":"index","follow":"follow","max-snippet":"max-snippet:-1","max-image-preview":"max-image-preview:large","max-video-preview":"max-video-preview:-1"},"canonical":"https:\/\/vapemaison.com\/es\/producto\/vozol-star-20000-puffs-vape\/","og_locale":"es_ES","og_type":"article","og_title":"Vozol Star 20000 Puffs Dual Power Vape \u2013vozol star 20k Puffs","og_description":"Discover the Vozol Star 20000 Puffs Dual Power, . Available in 24 flavors and ideal for on-the-go use, delivering a vaping experience anytime, anywhere.","og_url":"https:\/\/vapemaison.com\/es\/producto\/vozol-star-20000-puffs-vape\/","og_site_name":"VapeMaison","article_modified_time":"2025-11-21T08:53:49+00:00","og_image":[{"width":2048,"height":1969,"url":"https:\/\/vapemaison.com\/wp-content\/uploads\/2025\/11\/vozol-star-20000-perfume-lemon-r8t8017-1.jpg","type":"image\/jpeg"}],"twitter_card":"summary_large_image","twitter_misc":{"Tiempo de lectura":"3 minutos"},"schema":{"@context":"https:\/\/schema.org","@graph":[{"@type":"WebPage","@id":"https:\/\/vapemaison.com\/product\/vozol-star-20000-puffs-vape\/","url":"https:\/\/vapemaison.com\/product\/vozol-star-20000-puffs-vape\/","name":"Vape Vozol Star 20000 Puffs Dual Power -vozol star 20k Puffs","isPartOf":{"@id":"https:\/\/vapemaison.com\/#website"},"primaryImageOfPage":{"@id":"https:\/\/vapemaison.com\/product\/vozol-star-20000-puffs-vape\/#primaryimage"},"image":{"@id":"https:\/\/vapemaison.com\/product\/vozol-star-20000-puffs-vape\/#primaryimage"},"thumbnailUrl":"https:\/\/vapemaison.com\/wp-content\/uploads\/2025\/11\/vozol-star-20000-perfume-lemon-r8t8017-1.jpg","datePublished":"2025-11-11T06:33:43+00:00","dateModified":"2025-11-21T08:53:49+00:00","description":"Descubre Vozol Star 20000 Puffs Dual Power, . Disponible en 24 sabores e ideal para su uso sobre la marcha, la entrega de una experiencia vaping en cualquier momento y en cualquier lugar.","breadcrumb":{"@id":"https:\/\/vapemaison.com\/product\/vozol-star-20000-puffs-vape\/#breadcrumb"},"inLanguage":"es","potentialAction":[{"@type":"ReadAction","target":["https:\/\/vapemaison.com\/product\/vozol-star-20000-puffs-vape\/"]}]},{"@type":"ImageObject","inLanguage":"es","@id":"https:\/\/vapemaison.com\/product\/vozol-star-20000-puffs-vape\/#primaryimage","url":"https:\/\/vapemaison.com\/wp-content\/uploads\/2025\/11\/vozol-star-20000-perfume-lemon-r8t8017-1.jpg","contentUrl":"https:\/\/vapemaison.com\/wp-content\/uploads\/2025\/11\/vozol-star-20000-perfume-lemon-r8t8017-1.jpg","width":2048,"height":1969,"caption":"Vozol Star Perfume Lemon R8t Disposable Vape Device"},{"@type":"BreadcrumbList","@id":"https:\/\/vapemaison.com\/product\/vozol-star-20000-puffs-vape\/#breadcrumb","itemListElement":[{"@type":"ListItem","position":1,"name":"\u9996\u9875","item":"https:\/\/vapemaison.com\/"},{"@type":"ListItem","position":2,"name":"Shop","item":"https:\/\/vapemaison.com\/shop\/"},{"@type":"ListItem","position":3,"name":"Vozol","item":"https:\/\/vapemaison.com\/brand\/vozol\/"},{"@type":"ListItem","position":4,"name":"VOZOL STAR 20000 | Vozol star 20k PUFF 5%"}]},{"@type":"WebSite","@id":"https:\/\/vapemaison.com\/#website","url":"https:\/\/vapemaison.com\/","name":"VapeMaison","description":"Dispositivos y accesorios premium para vapear","publisher":{"@id":"https:\/\/vapemaison.com\/#organization"},"potentialAction":[{"@type":"SearchAction","target":{"@type":"EntryPoint","urlTemplate":"https:\/\/vapemaison.com\/?s={search_term_string}"},"query-input":{"@type":"PropertyValueSpecification","valueRequired":true,"valueName":"search_term_string"}}],"inLanguage":"es"},{"@type":"Organization","@id":"https:\/\/vapemaison.com\/#organization","name":"VapeMaison","url":"https:\/\/vapemaison.com\/","logo":{"@type":"ImageObject","inLanguage":"es","@id":"https:\/\/vapemaison.com\/#\/schema\/logo\/image\/","url":"https:\/\/vapemaison.com\/wp-content\/uploads\/2026\/01\/cropped-vapemaison-logo-g-2026.webp","contentUrl":"https:\/\/vapemaison.com\/wp-content\/uploads\/2026\/01\/cropped-vapemaison-logo-g-2026.webp","width":350,"height":280,"caption":"VapeMaison"},"image":{"@id":"https:\/\/vapemaison.com\/#\/schema\/logo\/image\/"},"sameAs":["https:\/\/www.youtube.com\/@VapeMaison"]}]}},"tiered_pricing_type":"fixed","tiered_pricing_fixed_rules":{"30":"11.24","50":"10.36","100":"9.56","200":"8.47"},"tiered_pricing_product_settings":{"layout":"default","base_unit_name":{"singular":null,"plural":null},"default_variation":null},"tiered_pricing_minimum_quantity":10,"tiered_pricing_roles_data":[],"tiered_pricing_percentage_rules":[],"tiered_pricing_maximum_quantity":null,"tiered_pricing_quantity_step":"10","_links":{"self":[{"href":"https:\/\/vapemaison.com\/es\/wp-json\/wp\/v2\/product\/11217","targetHints":{"allow":["GET"]}}],"collection":[{"href":"https:\/\/vapemaison.com\/es\/wp-json\/wp\/v2\/product"}],"about":[{"href":"https:\/\/vapemaison.com\/es\/wp-json\/wp\/v2\/types\/product"}],"replies":[{"embeddable":true,"href":"https:\/\/vapemaison.com\/es\/wp-json\/wp\/v2\/comments?post=11217"}],"version-history":[{"count":0,"href":"https:\/\/vapemaison.com\/es\/wp-json\/wp\/v2\/product\/11217\/revisions"}],"wp:featuredmedia":[{"embeddable":true,"href":"https:\/\/vapemaison.com\/es\/wp-json\/wp\/v2\/media\/11254"}],"wp:attachment":[{"href":"https:\/\/vapemaison.com\/es\/wp-json\/wp\/v2\/media?parent=11217"}],"wp:term":[{"taxonomy":"product_brand","embeddable":true,"href":"https:\/\/vapemaison.com\/es\/wp-json\/wp\/v2\/product_brand?post=11217"},{"taxonomy":"product_cat","embeddable":true,"href":"https:\/\/vapemaison.com\/es\/wp-json\/wp\/v2\/product_cat?post=11217"},{"taxonomy":"product_tag","embeddable":true,"href":"https:\/\/vapemaison.com\/es\/wp-json\/wp\/v2\/product_tag?post=11217"}],"curies":[{"name":"wp","href":"https:\/\/api.w.org\/{rel}","templated":true}]}}