

{"id":11219,"date":"2025-11-11T06:33:44","date_gmt":"2025-11-11T06:33:44","guid":{"rendered":"https:\/\/vapemaison.com\/?post_type=product&#038;p=11219"},"modified":"2026-03-06T03:44:51","modified_gmt":"2026-03-06T03:44:51","slug":"jnr-falcon-16000-puff-jnr-16k","status":"publish","type":"product","link":"https:\/\/vapemaison.com\/es\/product\/jnr-falcon-16000-puff-jnr-16k\/","title":{"rendered":"JNR Falcon 16000 Puff JNR 16k"},"content":{"rendered":"<h2 class=\"wp-block-heading\"><strong>JNR 16k Puffs Vape Desechable - Experiencia de Vapeo Potente y Duradera<\/strong><\/h2>\n\n\n\n<p>En <strong>JNR 16k Puffs<\/strong> es un vaporizador desechable de alto rendimiento dise\u00f1ado para ofrecer un disfrute duradero con un impresionante <strong>16k bocanadas<\/strong> por dispositivo. Equipado con <strong>tecnolog\u00eda de bobina de doble malla<\/strong>, un gran <strong>Bater\u00eda de 850 mAh<\/strong>, y <strong>Capacidad de 22 ml de e-l\u00edquido<\/strong>, Este dispositivo garantiza un sabor consistente, grandes nubes y un suave golpe de garganta. Perfecto para los vapers que exigen durabilidad y rendimiento, el <strong>JNR 16k<\/strong> es la elecci\u00f3n ideal para largas sesiones de vapeo.<\/p>\n\n\n\n<h3 class=\"wp-block-heading\"><strong>Caracter\u00edsticas principales<\/strong><\/h3>\n\n\n\n<ul class=\"wp-block-list\">\n<li><strong>Hasta 16.000 bocanadas<\/strong>:<br>Disfruta de sesiones de vapeo m\u00e1s largas sin necesidad de sustituir el dispositivo con frecuencia.<\/li>\n\n\n\n<li><strong>Bater\u00eda de 850 mAh<\/strong>:<br>Una bater\u00eda de gran capacidad garantiza un rendimiento constante durante toda su vida \u00fatil.<\/li>\n\n\n\n<li><strong>Bobinas de doble malla<\/strong>:<br>Ofrece un sabor y una producci\u00f3n de vapor mejorados, creando suaves y ricos golpes de garganta.<\/li>\n\n\n\n<li><strong>Capacidad de 22 ml de E-l\u00edquido<\/strong>:<br>Un generoso dep\u00f3sito de e-l\u00edquido para un uso duradero, eliminando las recargas frecuentes.<\/li>\n\n\n\n<li><strong>Dos puertos de carga<\/strong>:<br>Incluye <strong>Tipo-C<\/strong> y <strong>Rayo<\/strong> para una recarga r\u00e1pida y c\u00f3moda.<\/li>\n\n\n\n<li><strong>Potente golpe en la garganta y grandes nubes<\/strong>:<br>Dise\u00f1ado para vapeadores que prefieren un fuerte golpe de garganta y nubes de vapor m\u00e1s grandes.<\/li>\n\n\n\n<li><strong>Aroma duradero<\/strong>:<br>Mantiene el sabor fresco desde la primera calada hasta la \u00faltima.<\/li>\n<\/ul>\n\n\n\n<h3 class=\"wp-block-heading\"><strong>Sabores disponibles<\/strong><\/h3>\n\n\n\n<p>En <strong>JNR Falcon 16000<\/strong> ofrece una amplia variedad de sabores para satisfacer todas las preferencias:<\/p>\n\n\n\n<ul class=\"wp-block-list\">\n<li><strong>Hielo Razz Azul<\/strong><\/li>\n\n\n\n<li><strong>Hielo de ar\u00e1ndano y granada<\/strong><\/li>\n\n\n\n<li><strong>Mango Fruta de la pasi\u00f3n<\/strong><\/li>\n\n\n\n<li><strong>Fruta de la pasi\u00f3n Kiwi<\/strong><\/li>\n\n\n\n<li><strong>Fresa Kiwi<\/strong><\/li>\n\n\n\n<li><strong>Hielo de fresa y sand\u00eda<\/strong><\/li>\n\n\n\n<li><strong>Hielo de sand\u00eda<\/strong><\/li>\n\n\n\n<li><strong>R\u00e1faga de bayas<\/strong><\/li>\n\n\n\n<li><strong>Fresa Pl\u00e1tano<\/strong><\/li>\n\n\n\n<li><strong>Mezcla de bayas<\/strong><\/li>\n\n\n\n<li><strong>Cola Ice<\/strong><\/li>\n\n\n\n<li><strong>Ar\u00e1ndano Kiwi<\/strong><\/li>\n<\/ul>\n\n\n\n<h3 class=\"wp-block-heading\"><strong>\u00bfPor qu\u00e9 elegir el JNR 16k?<\/strong><\/h3>\n\n\n\n<ul class=\"wp-block-list\">\n<li><strong>Duradero y de alto rendimiento<\/strong>:<br>En <strong>JNR Falcon 16000<\/strong> est\u00e1 dise\u00f1ado para los vapers que quieren durabilidad y un dispositivo de larga duraci\u00f3n con <strong>16.000 bocanadas<\/strong>.<\/li>\n\n\n\n<li><strong>Funciones avanzadas<\/strong>:<br>Con <strong>bobinas de doble malla<\/strong> y un gran <strong>Capacidad de 22 ml de e-l\u00edquido<\/strong>, Este dispositivo ofrece un excelente sabor, vapor y un satisfactorio golpe de garganta.<\/li>\n\n\n\n<li><strong>Dos puertos de carga<\/strong>:<br>El dispositivo est\u00e1 equipado con <strong>Tipo-C<\/strong> y <strong>Rayo<\/strong> puertos de carga, lo que garantiza una recarga f\u00e1cil y r\u00e1pida.<\/li>\n\n\n\n<li><strong>Variedad de sabores<\/strong>:<br>Elija entre una gama de <strong>fruta, mentol<\/strong>, y <strong>mezclas refrescantes<\/strong> para encontrar la pareja perfecta.<\/li>\n<\/ul>\n\n\n\n<h3 class=\"wp-block-heading\">16K <strong>Precio y ofertas de JNR Falcon<\/strong><\/h3>\n\n\n\n<p>Obtener el <strong>JNR Falcon 16000<\/strong> s\u00f3lo para <strong>\u20ac24.99<\/strong>, con un <strong>7% descuento<\/strong> del precio original de <strong>\u20ac26.99<\/strong>. Disfrute de <strong>descuentos por volumen<\/strong> para ahorrar a\u00fan m\u00e1s:<\/p>\n\n\n\n<ul class=\"wp-block-list\">\n<li><strong>Compre 3 dispositivos por 65,99<\/strong> (ahorra 8,98 euros).<\/li>\n\n\n\n<li><strong>Comprar 5 dispositivos por 102,99<\/strong> (ahorra 21,96 euros).<\/li>\n<\/ul>\n\n\n\n<p>Aprovecha estas fant\u00e1sticas ofertas y abast\u00e9cete de tus productos favoritos. <strong>JNR Falcon 16000<\/strong> sabores a un precio inmejorable.<\/p>\n\n\n\n<h3 class=\"wp-block-heading\"><strong>Especificaciones<\/strong><\/h3>\n\n\n\n<figure class=\"wp-block-table\"><table class=\"has-fixed-layout\"><thead><tr><th>Caracter\u00edstica<\/th><th>Detalles<\/th><\/tr><\/thead><tbody><tr><td><strong>Recuento de puff<\/strong><\/td><td>Hasta 16.000 caladas<\/td><\/tr><tr><td><strong>Capacidad de la bater\u00eda<\/strong><\/td><td>850mAh<\/td><\/tr><tr><td><strong>Tipo de bobina<\/strong><\/td><td>Malla doble<\/td><\/tr><tr><td><strong>Capacidad de e-l\u00edquido<\/strong><\/td><td>22 ml<\/td><\/tr><tr><td><strong>Puertos de carga<\/strong><\/td><td>Tipo C y Lightning<\/td><\/tr><tr><td><strong>Golpe en la garganta<\/strong><\/td><td>Fuerte y suave<\/td><\/tr><tr><td><strong>Producci\u00f3n en nube<\/strong><\/td><td>Grandes nubes<\/td><\/tr><\/tbody><\/table><\/figure>\n\n\n\n<h3 class=\"wp-block-heading\"><strong>Preguntas frecuentes<\/strong><\/h3>\n\n\n\n<p><strong>1. \u00bfPor qu\u00e9 destaca el Falcon 16000 de JNR?<\/strong><br>En <strong>JNR Falcon 16000<\/strong> ofrece <strong>16.000 bocanadas<\/strong>, <strong>bobinas de doble malla<\/strong> para mejorar el sabor, <strong>22 ml de e-l\u00edquido<\/strong>, y <strong>doble puerto de carga<\/strong> para mayor comodidad, por lo que es perfecto para vapear durante mucho tiempo.<\/p>\n\n\n\n<p><strong>2. \u00bfCu\u00e1nto dura el JNR Falcon 16000?<\/strong><br>Con <strong>16.000 bocanadas<\/strong> y un <strong>Bater\u00eda de 850 mAh<\/strong>, El <strong>JNR Falcon 16000<\/strong> est\u00e1 dise\u00f1ado para un uso prolongado sin necesidad de sustituciones o recargas frecuentes.<\/p>\n\n\n\n<p><strong>3. \u00bfQu\u00e9 sabores est\u00e1n disponibles para el JNR Falcon 16000?<\/strong><br>El dispositivo viene en una variedad de deliciosos sabores, incluyendo <strong>Hielo Razz Azul<\/strong>, <strong>Mango Fruta de la pasi\u00f3n<\/strong>, <strong>Fresa Kiwi<\/strong>, y muchos m\u00e1s.<\/p>","protected":false},"excerpt":{"rendered":"<p data-start=\"4724\" data-end=\"4918\">El JNR Falcon 16000 ofrece 16.000 caladas, una gran capacidad de 22 ml de e-l\u00edquido, y bobinas de doble malla para un vapeo suave y sabroso. Disponible ahora con descuentos a granel en VapeMaison.<\/p>","protected":false},"featured_media":11272,"comment_status":"open","ping_status":"closed","template":"","meta":[],"product_brand":[168],"product_cat":[291],"product_tag":[],"class_list":{"0":"post-11219","1":"product","2":"type-product","3":"status-publish","4":"has-post-thumbnail","6":"product_brand-jnr","7":"product_cat-16k-puffs","9":"first","10":"instock","11":"sale","12":"shipping-taxable","13":"purchasable","14":"product-type-variable","15":"has-default-attributes"},"yoast_head":"<!-- This site is optimized with the Yoast SEO plugin v27.4 - https:\/\/yoast.com\/product\/yoast-seo-wordpress\/ -->\n<title>JNR 16k Puffs Disposable Vape | JNR 16K Dual Mesh<\/title>\n<meta name=\"description\" content=\"Experience the JNR 16k Puffs Disposable Vape. Enjoy long-lasting flavor with up to 16,000 puffs. Buy now at VapesMaison with exclusive discounts.\" \/>\n<meta name=\"robots\" content=\"index, follow, max-snippet:-1, max-image-preview:large, max-video-preview:-1\" \/>\n<link rel=\"canonical\" href=\"https:\/\/vapemaison.com\/es\/producto\/jnr-falcon-16000-puff-jnr-16k\/\" \/>\n<meta property=\"og:locale\" content=\"es_ES\" \/>\n<meta property=\"og:type\" content=\"article\" \/>\n<meta property=\"og:title\" content=\"JNR 16k Puffs Disposable Vape | JNR 16K Dual Mesh\" \/>\n<meta property=\"og:description\" content=\"Experience the JNR 16k Puffs Disposable Vape. Enjoy long-lasting flavor with up to 16,000 puffs. Buy now at VapesMaison with exclusive discounts.\" \/>\n<meta property=\"og:url\" content=\"https:\/\/vapemaison.com\/es\/producto\/jnr-falcon-16000-puff-jnr-16k\/\" \/>\n<meta property=\"og:site_name\" content=\"VapeMaison\" \/>\n<meta property=\"article:modified_time\" content=\"2026-03-06T03:44:51+00:00\" \/>\n<meta property=\"og:image\" content=\"https:\/\/vapemaison.com\/wp-content\/uploads\/2025\/11\/peach-oolong-tea-falcon-16000-puffs-picture-1.jpg\" \/>\n\t<meta property=\"og:image:width\" content=\"2500\" \/>\n\t<meta property=\"og:image:height\" content=\"2500\" \/>\n\t<meta property=\"og:image:type\" content=\"image\/jpeg\" \/>\n<meta name=\"twitter:card\" content=\"summary_large_image\" \/>\n<meta name=\"twitter:label1\" content=\"Tiempo de lectura\" \/>\n\t<meta name=\"twitter:data1\" content=\"3 minutos\" \/>\n<!-- \/ Yoast SEO plugin. -->","yoast_head_json":{"title":"JNR 16k Puffs Vape Desechable | JNR 16K Dual Mesh","description":"Experimenta el Vapeador Desechable JNR 16k Puffs. Disfruta de un sabor duradero con hasta 16.000 caladas. Compra ahora en VapesMaison con descuentos exclusivos.","robots":{"index":"index","follow":"follow","max-snippet":"max-snippet:-1","max-image-preview":"max-image-preview:large","max-video-preview":"max-video-preview:-1"},"canonical":"https:\/\/vapemaison.com\/es\/producto\/jnr-falcon-16000-puff-jnr-16k\/","og_locale":"es_ES","og_type":"article","og_title":"JNR 16k Puffs Disposable Vape | JNR 16K Dual Mesh","og_description":"Experience the JNR 16k Puffs Disposable Vape. Enjoy long-lasting flavor with up to 16,000 puffs. Buy now at VapesMaison with exclusive discounts.","og_url":"https:\/\/vapemaison.com\/es\/producto\/jnr-falcon-16000-puff-jnr-16k\/","og_site_name":"VapeMaison","article_modified_time":"2026-03-06T03:44:51+00:00","og_image":[{"width":2500,"height":2500,"url":"https:\/\/vapemaison.com\/wp-content\/uploads\/2025\/11\/peach-oolong-tea-falcon-16000-puffs-picture-1.jpg","type":"image\/jpeg"}],"twitter_card":"summary_large_image","twitter_misc":{"Tiempo de lectura":"3 minutos"},"schema":{"@context":"https:\/\/schema.org","@graph":[{"@type":"WebPage","@id":"https:\/\/vapemaison.com\/product\/jnr-falcon-16000-puff-jnr-16k\/","url":"https:\/\/vapemaison.com\/product\/jnr-falcon-16000-puff-jnr-16k\/","name":"JNR 16k Puffs Vape Desechable | JNR 16K Dual Mesh","isPartOf":{"@id":"https:\/\/vapemaison.com\/#website"},"primaryImageOfPage":{"@id":"https:\/\/vapemaison.com\/product\/jnr-falcon-16000-puff-jnr-16k\/#primaryimage"},"image":{"@id":"https:\/\/vapemaison.com\/product\/jnr-falcon-16000-puff-jnr-16k\/#primaryimage"},"thumbnailUrl":"https:\/\/vapemaison.com\/wp-content\/uploads\/2025\/11\/peach-oolong-tea-falcon-16000-puffs-picture-1.jpg","datePublished":"2025-11-11T06:33:44+00:00","dateModified":"2026-03-06T03:44:51+00:00","description":"Experimenta el Vapeador Desechable JNR 16k Puffs. Disfruta de un sabor duradero con hasta 16.000 caladas. Compra ahora en VapesMaison con descuentos exclusivos.","breadcrumb":{"@id":"https:\/\/vapemaison.com\/product\/jnr-falcon-16000-puff-jnr-16k\/#breadcrumb"},"inLanguage":"es","potentialAction":[{"@type":"ReadAction","target":["https:\/\/vapemaison.com\/product\/jnr-falcon-16000-puff-jnr-16k\/"]}]},{"@type":"ImageObject","inLanguage":"es","@id":"https:\/\/vapemaison.com\/product\/jnr-falcon-16000-puff-jnr-16k\/#primaryimage","url":"https:\/\/vapemaison.com\/wp-content\/uploads\/2025\/11\/peach-oolong-tea-falcon-16000-puffs-picture-1.jpg","contentUrl":"https:\/\/vapemaison.com\/wp-content\/uploads\/2025\/11\/peach-oolong-tea-falcon-16000-puffs-picture-1.jpg","width":2500,"height":2500,"caption":"Peach Oolong Tea Falcon Puffs Picture Disposable Vape Device"},{"@type":"BreadcrumbList","@id":"https:\/\/vapemaison.com\/product\/jnr-falcon-16000-puff-jnr-16k\/#breadcrumb","itemListElement":[{"@type":"ListItem","position":1,"name":"\u9996\u9875","item":"https:\/\/vapemaison.com\/"},{"@type":"ListItem","position":2,"name":"Shop","item":"https:\/\/vapemaison.com\/shop\/"},{"@type":"ListItem","position":3,"name":"JNR","item":"https:\/\/vapemaison.com\/brand\/jnr\/"},{"@type":"ListItem","position":4,"name":"JNR Falcon 16000 Puff JNR 16k"}]},{"@type":"WebSite","@id":"https:\/\/vapemaison.com\/#website","url":"https:\/\/vapemaison.com\/","name":"VapeMaison","description":"Dispositivos y accesorios premium para vapear","publisher":{"@id":"https:\/\/vapemaison.com\/#organization"},"potentialAction":[{"@type":"SearchAction","target":{"@type":"EntryPoint","urlTemplate":"https:\/\/vapemaison.com\/?s={search_term_string}"},"query-input":{"@type":"PropertyValueSpecification","valueRequired":true,"valueName":"search_term_string"}}],"inLanguage":"es"},{"@type":"Organization","@id":"https:\/\/vapemaison.com\/#organization","name":"VapeMaison","url":"https:\/\/vapemaison.com\/","logo":{"@type":"ImageObject","inLanguage":"es","@id":"https:\/\/vapemaison.com\/#\/schema\/logo\/image\/","url":"https:\/\/vapemaison.com\/wp-content\/uploads\/2026\/01\/cropped-vapemaison-logo-g-2026.webp","contentUrl":"https:\/\/vapemaison.com\/wp-content\/uploads\/2026\/01\/cropped-vapemaison-logo-g-2026.webp","width":350,"height":280,"caption":"VapeMaison"},"image":{"@id":"https:\/\/vapemaison.com\/#\/schema\/logo\/image\/"},"sameAs":["https:\/\/www.youtube.com\/@VapeMaison"]}]}},"tiered_pricing_type":"fixed","tiered_pricing_fixed_rules":{"30":"11.42","50":"10.99","100":"10.54","200":"9.98"},"tiered_pricing_product_settings":{"layout":"default","base_unit_name":{"singular":null,"plural":null},"default_variation":null},"tiered_pricing_minimum_quantity":10,"tiered_pricing_roles_data":[],"tiered_pricing_percentage_rules":[],"tiered_pricing_maximum_quantity":null,"tiered_pricing_quantity_step":"10","_links":{"self":[{"href":"https:\/\/vapemaison.com\/es\/wp-json\/wp\/v2\/product\/11219","targetHints":{"allow":["GET"]}}],"collection":[{"href":"https:\/\/vapemaison.com\/es\/wp-json\/wp\/v2\/product"}],"about":[{"href":"https:\/\/vapemaison.com\/es\/wp-json\/wp\/v2\/types\/product"}],"replies":[{"embeddable":true,"href":"https:\/\/vapemaison.com\/es\/wp-json\/wp\/v2\/comments?post=11219"}],"version-history":[{"count":1,"href":"https:\/\/vapemaison.com\/es\/wp-json\/wp\/v2\/product\/11219\/revisions"}],"predecessor-version":[{"id":27795,"href":"https:\/\/vapemaison.com\/es\/wp-json\/wp\/v2\/product\/11219\/revisions\/27795"}],"wp:featuredmedia":[{"embeddable":true,"href":"https:\/\/vapemaison.com\/es\/wp-json\/wp\/v2\/media\/11272"}],"wp:attachment":[{"href":"https:\/\/vapemaison.com\/es\/wp-json\/wp\/v2\/media?parent=11219"}],"wp:term":[{"taxonomy":"product_brand","embeddable":true,"href":"https:\/\/vapemaison.com\/es\/wp-json\/wp\/v2\/product_brand?post=11219"},{"taxonomy":"product_cat","embeddable":true,"href":"https:\/\/vapemaison.com\/es\/wp-json\/wp\/v2\/product_cat?post=11219"},{"taxonomy":"product_tag","embeddable":true,"href":"https:\/\/vapemaison.com\/es\/wp-json\/wp\/v2\/product_tag?post=11219"}],"curies":[{"name":"wp","href":"https:\/\/api.w.org\/{rel}","templated":true}]}}