

{"id":11220,"date":"2025-11-11T06:33:44","date_gmt":"2025-11-11T06:33:44","guid":{"rendered":"https:\/\/vapemaison.com\/?post_type=product&#038;p=11220"},"modified":"2026-02-10T06:55:19","modified_gmt":"2026-02-10T06:55:19","slug":"jnr-mediamax-40000-puffs","status":"publish","type":"product","link":"https:\/\/vapemaison.com\/es\/product\/jnr-mediamax-40000-puffs\/","title":{"rendered":"JNR MediaMax 40000 Puffs"},"content":{"rendered":"<h2 class=\"wp-block-heading\"><strong>JNR MediaMax 40K Vape desechable - 40.000 caladas con funciones inteligentes<\/strong><\/h2>\n\n\n\n<p>Descubre la <strong>JNR MediaMax 40K<\/strong>, el primer <strong>40.000-puff<\/strong> \u00a1vapeador recargable con funciones similares a las de un smartphone! Combinando tecnolog\u00eda punta, una bater\u00eda recargable de 1000mAh y una capacidad de 21mL de e-l\u00edquido, este dispositivo est\u00e1 dise\u00f1ado para <strong>duradero<\/strong> y <strong>personalizable<\/strong> experiencias de vapeo. Tanto si prefieres <strong>Modo normal<\/strong> o <strong>Modo Pulso<\/strong>, El <strong>JNR MediaMax 40K<\/strong> ofrece un vape inigualable con hasta <strong>40.000 bocanadas<\/strong> en modo normal y <strong>20.000 bocanadas<\/strong> en modo Pulse, garantizando la m\u00e1xima satisfacci\u00f3n y sabor.<\/p>\n\n\n\n<h3 class=\"wp-block-heading\"><strong>Caracter\u00edsticas principales<\/strong><\/h3>\n\n\n\n<ul class=\"wp-block-list\">\n<li><strong>Hasta 40.000 bocanadas<\/strong>:<br>Disfrute de hasta <strong>40.000 bocanadas<\/strong> en <strong>Modo normal<\/strong> o <strong>20.000 bocanadas<\/strong> en <strong>Modo Pulso<\/strong>-perfecto para un uso prolongado o una producci\u00f3n de vapor m\u00e1s intensa.<\/li>\n\n\n\n<li><strong>Bater\u00eda recargable de 1000 mAh<\/strong>:<br>\u00a1Se acabaron los vaporizadores desechables! El <strong>Bater\u00eda recargable de 1000 mAh<\/strong> garantiza un rendimiento duradero, para que nunca tenga que preocuparse por un dispositivo muerto durante sus sesiones de vapeo.<\/li>\n\n\n\n<li><strong>Modo dual para un vapeo personalizable<\/strong>:<br>Elija <strong>Modo normal<\/strong> para un golpe de garganta suave y consistente, o cambia a <strong>Modo Pulso<\/strong> para una experiencia m\u00e1s densa y sabrosa.<\/li>\n\n\n\n<li><strong>Vaping MTL (boca a pulm\u00f3n)<\/strong>:<br>Dise\u00f1ado para <strong>Vapers MTL<\/strong>, Este dispositivo ofrece la sensaci\u00f3n de fumar un cigarrillo tradicional con un vapor suave y satisfactorio.<\/li>\n\n\n\n<li><strong>Pantalla t\u00e1ctil HD de 2,4 pulgadas<\/strong>:<br>La pantalla t\u00e1ctil integrada te permite acceder f\u00e1cilmente al estado de la bater\u00eda, al recuento de caladas y a los ajustes, ofreci\u00e9ndote un control total de tu dispositivo.<\/li>\n\n\n\n<li><strong>Funciones similares a las de un smartphone<\/strong>:\n<ul class=\"wp-block-list\">\n<li><strong>Notificaciones de llamadas y mensajes<\/strong>: Mantente al d\u00eda sin sacar el tel\u00e9fono.<\/li>\n\n\n\n<li><strong>Control remoto de la c\u00e1mara<\/strong>: Hazte selfies o fotos de grupo a distancia.<\/li>\n\n\n\n<li><strong>Encuentra tu tel\u00e9fono<\/strong>: No vuelvas a perder tu tel\u00e9fono con la funci\u00f3n de b\u00fasqueda de tel\u00e9fono del dispositivo.<\/li>\n\n\n\n<li><strong>Modo de bloqueo<\/strong>: Evite la activaci\u00f3n accidental y mantenga su vape seguro en su bolsillo o bolso.<\/li>\n<\/ul>\n<\/li>\n\n\n\n<li><strong>Capacidad de 21mL de E-l\u00edquido<\/strong>:<br>Con una generosa capacidad de 21 ml de e-l\u00edquido, este dispositivo ofrece una satisfacci\u00f3n duradera sin necesidad de recargas frecuentes.<\/li>\n\n\n\n<li><strong>Potencia de nicotina<\/strong>:<br>En <strong>JNR MediaMax 40K<\/strong> viene con un <strong>2% concentraci\u00f3n de nicotina<\/strong>, que ofrece una experiencia suave y satisfactoria sin golpes abrumadores.<\/li>\n<\/ul>\n\n\n\n<h3 class=\"wp-block-heading\"><strong>\u00bfPor qu\u00e9 elegir el JNR MediaMax 40K?<\/strong><\/h3>\n\n\n\n<ul class=\"wp-block-list\">\n<li><strong>Tecnolog\u00eda avanzada<\/strong>: La <strong>JNR MediaMax 40K<\/strong> trae lo \u00faltimo en tecnolog\u00eda de vaporizaci\u00f3n, con caracter\u00edsticas como un <strong>Pantalla t\u00e1ctil HD de 2,4 pulgadas<\/strong>, <strong>notificaciones del smartphone<\/strong>, e incluso un <strong>control remoto de la c\u00e1mara<\/strong>.<\/li>\n\n\n\n<li><strong>Rendimiento duradero<\/strong>: Con hasta <strong>40.000 bocanadas<\/strong>, a <strong>Bater\u00eda recargable de 1000 mAh<\/strong>, y un <strong>Capacidad de 21 ml de e-l\u00edquido<\/strong>, Este dispositivo est\u00e1 dise\u00f1ado para <strong>uso prolongado<\/strong>, perfecto para los vapeadores que disfrutan de una experiencia duradera e ininterrumpida.<\/li>\n\n\n\n<li><strong>Vaping personalizable<\/strong>: Elija entre <strong>Modo normal<\/strong> para un suave golpe de garganta o <strong>Modo Pulso<\/strong> para una experiencia m\u00e1s intensa. En <strong>MTL<\/strong> garantiza la satisfacci\u00f3n en cada calada.<\/li>\n\n\n\n<li><strong>Funciones inteligentes<\/strong>: Mant\u00e9ngase en contacto con <strong>notificaciones de llamadas y mensajes<\/strong>, utilice el bot\u00f3n <strong>Encuentra tu tel\u00e9fono<\/strong> y captura fotos perfectas con la <strong>control remoto de la c\u00e1mara<\/strong>.<\/li>\n\n\n\n<li><strong>F\u00e1cil y seguro de usar<\/strong>: Con su <strong>modo de bloqueo<\/strong>, As\u00ed podr\u00e1s llevar tu vape con tranquilidad, evitando activaciones accidentales.<\/li>\n<\/ul>\n\n\n\n<h3 class=\"wp-block-heading\"><strong>Especificaciones<\/strong><\/h3>\n\n\n\n<figure class=\"wp-block-table\"><table class=\"has-fixed-layout\"><thead><tr><th>Caracter\u00edstica<\/th><th>Detalles<\/th><\/tr><\/thead><tbody><tr><td><strong>Bater\u00eda<\/strong><\/td><td>1000mAh recargable<\/td><\/tr><tr><td><strong>Recuento de puff<\/strong><\/td><td>Hasta 40.000 (Modo Normal) \/ 20.000 (Modo Pulso)<\/td><\/tr><tr><td><strong>Capacidad de e-l\u00edquido<\/strong><\/td><td>21 ml<\/td><\/tr><tr><td><strong>Potencia de nicotina<\/strong><\/td><td>2% (20mg)<\/td><\/tr><tr><td><strong>Tipo de bobina<\/strong><\/td><td>Sistema de bobina de malla doble<\/td><\/tr><tr><td><strong>Estilo de vapeo<\/strong><\/td><td>MTL (boca a pulm\u00f3n)<\/td><\/tr><tr><td><strong>Pantalla<\/strong><\/td><td>Pantalla t\u00e1ctil HD de 2,4 pulgadas<\/td><\/tr><tr><td><strong>Funciones inteligentes<\/strong><\/td><td>Notificaciones de llamadas\/mensajes, control de la c\u00e1mara, Encuentra tu tel\u00e9fono<\/td><\/tr><tr><td><strong>Seguridad<\/strong><\/td><td>Modo de bloqueo<\/td><\/tr><tr><td><strong>Dimensiones<\/strong><\/td><td>Compacto y port\u00e1til<\/td><\/tr><\/tbody><\/table><\/figure>\n\n\n\n<h3 class=\"wp-block-heading\"><strong>\u00a1Pida el JNR MediaMax 40K hoy mismo!<\/strong><\/h3>\n\n\n\n<p>Experimente el futuro del vapeo con el <strong>JNR MediaMax 40K Vape desechable<\/strong>. Oferta <strong>hasta 40.000 caladas<\/strong>, <strong>funciones similares a las de un smartphone<\/strong>, y modos de vapeo personalizables, es la elecci\u00f3n definitiva para los vapeadores que quieren lo mejor en rendimiento y comodidad. <strong>Haz tu pedido<\/strong> y disfrute de una experiencia de vapeo revolucionaria.<\/p>","protected":false},"excerpt":{"rendered":"<p>JNR MediaMax 40K Disposable Vape &#8211; 40,000 Puffs with Smart Features Discover the JNR MediaMax 40K, the world\u2019s first 40,000-puff rechargeable vape with smartphone-like features! Combining cutting-edge technology, a rechargeable 1000mAh battery, and a 21mL e-liquid capacity, this device is designed for long-lasting and customizable vaping experiences. Whether you prefer Regular Mode or Pulse Mode, [&hellip;]<\/p>\n","protected":false},"featured_media":11274,"comment_status":"open","ping_status":"closed","template":"","meta":[],"product_brand":[168],"product_cat":[135],"product_tag":[],"class_list":{"0":"post-11220","1":"product","2":"type-product","3":"status-publish","4":"has-post-thumbnail","6":"product_brand-jnr","7":"product_cat-40k-puffs","9":"first","10":"instock","11":"sale","12":"shipping-taxable","13":"purchasable","14":"product-type-variable"},"yoast_head":"<!-- This site is optimized with the Yoast SEO plugin v27.4 - https:\/\/yoast.com\/product\/yoast-seo-wordpress\/ -->\n<title>JNR MediaMax 40K Disposable Vape \u2013 40,000 Puffs<\/title>\n<meta name=\"description\" content=\"Discover the JNR MediaMax 40K disposable vape with up to 40,000 puffs. Perfect for MTL vapers looking for long-lasting performance and flavor.\" \/>\n<meta name=\"robots\" content=\"index, follow, max-snippet:-1, max-image-preview:large, max-video-preview:-1\" \/>\n<link rel=\"canonical\" href=\"https:\/\/vapemaison.com\/es\/producto\/jnr-mediamax-40000-puffs\/\" \/>\n<meta property=\"og:locale\" content=\"es_ES\" \/>\n<meta property=\"og:type\" content=\"article\" \/>\n<meta property=\"og:title\" content=\"JNR MediaMax 40K Disposable Vape \u2013 40,000 Puffs\" \/>\n<meta property=\"og:description\" content=\"Discover the JNR MediaMax 40K disposable vape with up to 40,000 puffs. Perfect for MTL vapers looking for long-lasting performance and flavor.\" \/>\n<meta property=\"og:url\" content=\"https:\/\/vapemaison.com\/es\/producto\/jnr-mediamax-40000-puffs\/\" \/>\n<meta property=\"og:site_name\" content=\"VapeMaison\" \/>\n<meta property=\"article:modified_time\" content=\"2026-02-10T06:55:19+00:00\" \/>\n<meta property=\"og:image\" content=\"https:\/\/vapemaison.com\/wp-content\/uploads\/2025\/11\/jnr-mediamax-1-1.jpg\" \/>\n\t<meta property=\"og:image:width\" content=\"800\" \/>\n\t<meta property=\"og:image:height\" content=\"800\" \/>\n\t<meta property=\"og:image:type\" content=\"image\/jpeg\" \/>\n<meta name=\"twitter:card\" content=\"summary_large_image\" \/>\n<meta name=\"twitter:label1\" content=\"Tiempo de lectura\" \/>\n\t<meta name=\"twitter:data1\" content=\"3 minutos\" \/>\n<!-- \/ Yoast SEO plugin. -->","yoast_head_json":{"title":"JNR MediaMax 40K Vape Desechable - 40.000 Puffs","description":"Descubre el vapeador desechable JNR MediaMax 40K con hasta 40.000 caladas. Perfecto para vapeadores MTL que buscan rendimiento y sabor duraderos.","robots":{"index":"index","follow":"follow","max-snippet":"max-snippet:-1","max-image-preview":"max-image-preview:large","max-video-preview":"max-video-preview:-1"},"canonical":"https:\/\/vapemaison.com\/es\/producto\/jnr-mediamax-40000-puffs\/","og_locale":"es_ES","og_type":"article","og_title":"JNR MediaMax 40K Disposable Vape \u2013 40,000 Puffs","og_description":"Discover the JNR MediaMax 40K disposable vape with up to 40,000 puffs. Perfect for MTL vapers looking for long-lasting performance and flavor.","og_url":"https:\/\/vapemaison.com\/es\/producto\/jnr-mediamax-40000-puffs\/","og_site_name":"VapeMaison","article_modified_time":"2026-02-10T06:55:19+00:00","og_image":[{"width":800,"height":800,"url":"https:\/\/vapemaison.com\/wp-content\/uploads\/2025\/11\/jnr-mediamax-1-1.jpg","type":"image\/jpeg"}],"twitter_card":"summary_large_image","twitter_misc":{"Tiempo de lectura":"3 minutos"},"schema":{"@context":"https:\/\/schema.org","@graph":[{"@type":"WebPage","@id":"https:\/\/vapemaison.com\/product\/jnr-mediamax-40000-puffs\/","url":"https:\/\/vapemaison.com\/product\/jnr-mediamax-40000-puffs\/","name":"JNR MediaMax 40K Vape Desechable - 40.000 Puffs","isPartOf":{"@id":"https:\/\/vapemaison.com\/#website"},"primaryImageOfPage":{"@id":"https:\/\/vapemaison.com\/product\/jnr-mediamax-40000-puffs\/#primaryimage"},"image":{"@id":"https:\/\/vapemaison.com\/product\/jnr-mediamax-40000-puffs\/#primaryimage"},"thumbnailUrl":"https:\/\/vapemaison.com\/wp-content\/uploads\/2025\/11\/jnr-mediamax-1-1.jpg","datePublished":"2025-11-11T06:33:44+00:00","dateModified":"2026-02-10T06:55:19+00:00","description":"Descubre el vapeador desechable JNR MediaMax 40K con hasta 40.000 caladas. Perfecto para vapeadores MTL que buscan rendimiento y sabor duraderos.","breadcrumb":{"@id":"https:\/\/vapemaison.com\/product\/jnr-mediamax-40000-puffs\/#breadcrumb"},"inLanguage":"es","potentialAction":[{"@type":"ReadAction","target":["https:\/\/vapemaison.com\/product\/jnr-mediamax-40000-puffs\/"]}]},{"@type":"ImageObject","inLanguage":"es","@id":"https:\/\/vapemaison.com\/product\/jnr-mediamax-40000-puffs\/#primaryimage","url":"https:\/\/vapemaison.com\/wp-content\/uploads\/2025\/11\/jnr-mediamax-1-1.jpg","contentUrl":"https:\/\/vapemaison.com\/wp-content\/uploads\/2025\/11\/jnr-mediamax-1-1.jpg","width":800,"height":800,"caption":"Jnr Mediamax 1 Disposable Vape Device"},{"@type":"BreadcrumbList","@id":"https:\/\/vapemaison.com\/product\/jnr-mediamax-40000-puffs\/#breadcrumb","itemListElement":[{"@type":"ListItem","position":1,"name":"\u9996\u9875","item":"https:\/\/vapemaison.com\/"},{"@type":"ListItem","position":2,"name":"Shop","item":"https:\/\/vapemaison.com\/shop\/"},{"@type":"ListItem","position":3,"name":"JNR","item":"https:\/\/vapemaison.com\/brand\/jnr\/"},{"@type":"ListItem","position":4,"name":"JNR MediaMax 40000 Puffs"}]},{"@type":"WebSite","@id":"https:\/\/vapemaison.com\/#website","url":"https:\/\/vapemaison.com\/","name":"VapeMaison","description":"Dispositivos y accesorios premium para vapear","publisher":{"@id":"https:\/\/vapemaison.com\/#organization"},"potentialAction":[{"@type":"SearchAction","target":{"@type":"EntryPoint","urlTemplate":"https:\/\/vapemaison.com\/?s={search_term_string}"},"query-input":{"@type":"PropertyValueSpecification","valueRequired":true,"valueName":"search_term_string"}}],"inLanguage":"es"},{"@type":"Organization","@id":"https:\/\/vapemaison.com\/#organization","name":"VapeMaison","url":"https:\/\/vapemaison.com\/","logo":{"@type":"ImageObject","inLanguage":"es","@id":"https:\/\/vapemaison.com\/#\/schema\/logo\/image\/","url":"https:\/\/vapemaison.com\/wp-content\/uploads\/2026\/01\/cropped-vapemaison-logo-g-2026.webp","contentUrl":"https:\/\/vapemaison.com\/wp-content\/uploads\/2026\/01\/cropped-vapemaison-logo-g-2026.webp","width":350,"height":280,"caption":"VapeMaison"},"image":{"@id":"https:\/\/vapemaison.com\/#\/schema\/logo\/image\/"},"sameAs":["https:\/\/www.youtube.com\/@VapeMaison"]}]}},"tiered_pricing_type":"fixed","tiered_pricing_fixed_rules":{"30":"13.98","50":"12.64","100":"11.88","200":"10.78"},"tiered_pricing_product_settings":{"layout":"default","base_unit_name":{"singular":null,"plural":null},"default_variation":null},"tiered_pricing_minimum_quantity":10,"tiered_pricing_roles_data":[],"tiered_pricing_percentage_rules":[],"tiered_pricing_maximum_quantity":null,"tiered_pricing_quantity_step":"10","_links":{"self":[{"href":"https:\/\/vapemaison.com\/es\/wp-json\/wp\/v2\/product\/11220","targetHints":{"allow":["GET"]}}],"collection":[{"href":"https:\/\/vapemaison.com\/es\/wp-json\/wp\/v2\/product"}],"about":[{"href":"https:\/\/vapemaison.com\/es\/wp-json\/wp\/v2\/types\/product"}],"replies":[{"embeddable":true,"href":"https:\/\/vapemaison.com\/es\/wp-json\/wp\/v2\/comments?post=11220"}],"version-history":[{"count":1,"href":"https:\/\/vapemaison.com\/es\/wp-json\/wp\/v2\/product\/11220\/revisions"}],"predecessor-version":[{"id":27195,"href":"https:\/\/vapemaison.com\/es\/wp-json\/wp\/v2\/product\/11220\/revisions\/27195"}],"wp:featuredmedia":[{"embeddable":true,"href":"https:\/\/vapemaison.com\/es\/wp-json\/wp\/v2\/media\/11274"}],"wp:attachment":[{"href":"https:\/\/vapemaison.com\/es\/wp-json\/wp\/v2\/media?parent=11220"}],"wp:term":[{"taxonomy":"product_brand","embeddable":true,"href":"https:\/\/vapemaison.com\/es\/wp-json\/wp\/v2\/product_brand?post=11220"},{"taxonomy":"product_cat","embeddable":true,"href":"https:\/\/vapemaison.com\/es\/wp-json\/wp\/v2\/product_cat?post=11220"},{"taxonomy":"product_tag","embeddable":true,"href":"https:\/\/vapemaison.com\/es\/wp-json\/wp\/v2\/product_tag?post=11220"}],"curies":[{"name":"wp","href":"https:\/\/api.w.org\/{rel}","templated":true}]}}