

{"id":11222,"date":"2025-11-11T06:33:44","date_gmt":"2025-11-11T06:33:44","guid":{"rendered":"https:\/\/vapemaison.com\/?post_type=product&#038;p=11222"},"modified":"2025-11-21T08:52:50","modified_gmt":"2025-11-21T08:52:50","slug":"vozol-20k-puffs-5","status":"publish","type":"product","link":"https:\/\/vapemaison.com\/es\/product\/vozol-20k-puffs-5\/","title":{"rendered":"Vozol 20k Puffs 5%"},"content":{"rendered":"<h3 class=\"wp-block-heading\"><strong>Vozol 20K Puffs Dual Power - Vapeador desechable avanzado para sabor y potencia<\/strong><\/h3>\n\n\n\n<p>En <strong>Vozol 20K Puffs Dual Power<\/strong> establece un nuevo est\u00e1ndar en vapeo desechable con tecnolog\u00eda inteligente de doble alimentaci\u00f3n y enorme capacidad. Proporciona hasta <strong>20.000 bocanadas suaves y sabrosas<\/strong>, est\u00e1 pensado para usuarios que valoran la coherencia, el estilo y la comodidad.<\/p>\n\n\n\n<h4 class=\"wp-block-heading\"><strong>Por qu\u00e9 elegir Vozol 20K Dual Power<\/strong><\/h4>\n\n\n\n<ul class=\"wp-block-list\">\n<li><strong>Capacidad masiva:<\/strong> Disfrute de hasta 20.000 caladas con una potencia estable y un rendimiento fiable.<\/li>\n\n\n\n<li><strong>Sabor rico y consistente:<\/strong> La tecnolog\u00eda Dual Power mantiene cada calada suave y llena de sabor.<\/li>\n\n\n\n<li><strong>Compacto y elegante:<\/strong> Dise\u00f1o elegante, f\u00e1cil de llevar y c\u00f3modo en la mano.<\/li>\n\n\n\n<li><strong>Construcci\u00f3n fiable:<\/strong> Fabricado con materiales de primera calidad para ofrecer una calidad fiable y una larga vida \u00fatil.<\/li>\n<\/ul>\n\n\n\n<h4 class=\"wp-block-heading\"><strong>Experimente la diferencia<\/strong><\/h4>\n\n\n\n<p>En <strong>Vozol 20K Dual Power<\/strong> combina tecnolog\u00eda avanzada, rendimiento suave y diversos sabores para ofrecer una experiencia de vapeo de primera calidad, en cualquier momento y en cualquier lugar.<\/p>\n\n\n\n<h3 class=\"wp-block-heading\"><strong>Sabores disponibles<\/strong><\/h3>\n\n\n\n<p>Del\u00e9itese con una amplia gama de deliciosos y refrescantes sabores con el <strong>Vozol Star 20000 Puffs Dual Power<\/strong>. Tanto si prefiere las mezclas afrutadas, heladas o cl\u00e1sicas, hay algo para todos los paladares:<\/p>\n\n\n\n<ul class=\"wp-block-list\">\n<li><strong>Hielo de sand\u00eda<\/strong><\/li>\n\n\n\n<li><strong>Hielo de uva<\/strong><\/li>\n\n\n\n<li><strong>Mango Ice<\/strong><\/li>\n\n\n\n<li><strong>Doble manzana helada<\/strong><\/li>\n\n\n\n<li><strong>Fresa Kiwi<\/strong><\/li>\n\n\n\n<li><strong>Sand\u00eda con frambuesa<\/strong><\/li>\n\n\n\n<li><strong>Hielo Razz Azul<\/strong><\/li>\n\n\n\n<li><strong>Fresa Mango<\/strong><\/li>\n\n\n\n<li><strong>Mango Melocot\u00f3n Sand\u00eda<\/strong><\/li>\n\n\n\n<li><strong>Cereza Cola<\/strong><\/li>\n\n\n\n<li><strong>Helado de melocot\u00f3n jugoso<\/strong><\/li>\n\n\n\n<li><strong>Drag\u00f3n Strawnana<\/strong><\/li>\n\n\n\n<li><strong>Mezcla de bayas<\/strong><\/li>\n\n\n\n<li><strong>Lim\u00f3n Lima<\/strong><\/li>\n\n\n\n<li><strong>Explosi\u00f3n tropical<\/strong><\/li>\n\n\n\n<li><strong>Tormenta de ar\u00e1ndanos<\/strong><\/li>\n\n\n\n<li><strong>Perfume Lim\u00f3n<\/strong><\/li>\n\n\n\n<li><strong>Naranja Pi\u00f1a Lichi<\/strong><\/li>\n\n\n\n<li><strong>Amor 777<\/strong><\/li>\n\n\n\n<li><strong>Frambuesa Manzana Sand\u00eda Pi\u00f1a<\/strong><\/li>\n<\/ul>\n\n\n\n<h3 class=\"wp-block-heading\"><strong>P\u00eddalo ahora y experimente la mejor tecnolog\u00eda de vapeo<\/strong><\/h3>\n\n\n\n<p>En <strong>Vozol Star 20000 Puffs Dual Power<\/strong> ya est\u00e1 disponible en <strong>Vape King DXB<\/strong>. Disfrute de <strong>bocanadas duraderas<\/strong>, Un sabor excepcional y una comodidad insuperable, todo en un solo dispositivo. P\u00eddalo hoy mismo y aumente su nivel de vapeo.<\/p>\n\n\n\n<p>Puede visitar otros productos bajo la marca vozol, o consultar la igualmente querida Puede visitar otros productos bajo la marca <strong><a href=\"https:\/\/vapemaison.com\/brand\/vozol\/\">Marca VOZOL<\/a><\/strong>, o echa un vistazo a la igualmente querida<strong> <a href=\"https:\/\/vapemaison.com\/product\/vozol-vista-20000-puff-vape\/\">VOZOL VISTA 20000<\/a><\/strong>.<\/p>\n\n\n\n<p><\/p>","protected":false},"excerpt":{"rendered":"<p data-start=\"3955\" data-end=\"4211\">Experimenta 20000 caladas con el <strong>Vozol 20k<\/strong>Puffs Dual Power, con tecnolog\u00eda Dual Power para un rendimiento constante y un sabor suave. Compacto, duradero y disponible en 24 excitantes sabores. Entrega r\u00e1pida y conveniente en VapeMaison.<\/p>","protected":false},"featured_media":11258,"comment_status":"open","ping_status":"closed","template":"","meta":[],"product_brand":[178],"product_cat":[133],"product_tag":[],"class_list":{"0":"post-11222","1":"product","2":"type-product","3":"status-publish","4":"has-post-thumbnail","6":"product_brand-vozol","7":"product_cat-20k-puffs","9":"first","10":"instock","11":"sale","12":"shipping-taxable","13":"purchasable","14":"product-type-variable"},"yoast_head":"<!-- This site is optimized with the Yoast SEO plugin v27.4 - https:\/\/yoast.com\/product\/yoast-seo-wordpress\/ -->\n<title>Vozol 20k Puffs Dual Power Vape \u2013 20k Puffs<\/title>\n<meta name=\"description\" content=\"Discover the Vozol 20k Puffs Dual Power . Available in 24 flavors and ideal for on-the-go use, delivering a vaping experience anytime, anywhere.\" \/>\n<meta name=\"robots\" content=\"index, follow, max-snippet:-1, max-image-preview:large, max-video-preview:-1\" \/>\n<link rel=\"canonical\" href=\"https:\/\/vapemaison.com\/es\/producto\/vozol-20k-puffs-5\/\" \/>\n<meta property=\"og:locale\" content=\"es_ES\" \/>\n<meta property=\"og:type\" content=\"article\" \/>\n<meta property=\"og:title\" content=\"Vozol 20k Puffs Dual Power Vape \u2013 20k Puffs\" \/>\n<meta property=\"og:description\" content=\"Discover the Vozol 20k Puffs Dual Power . Available in 24 flavors and ideal for on-the-go use, delivering a vaping experience anytime, anywhere.\" \/>\n<meta property=\"og:url\" content=\"https:\/\/vapemaison.com\/es\/producto\/vozol-20k-puffs-5\/\" \/>\n<meta property=\"og:site_name\" content=\"VapeMaison\" \/>\n<meta property=\"article:modified_time\" content=\"2025-11-21T08:52:50+00:00\" \/>\n<meta property=\"og:image\" content=\"https:\/\/vapemaison.com\/wp-content\/uploads\/2025\/11\/vozol-star-20000-raspberry-apple-watermelon-pineapple-r8t8018-1.jpg\" \/>\n\t<meta property=\"og:image:width\" content=\"2048\" \/>\n\t<meta property=\"og:image:height\" content=\"1963\" \/>\n\t<meta property=\"og:image:type\" content=\"image\/jpeg\" \/>\n<meta name=\"twitter:card\" content=\"summary_large_image\" \/>\n<meta name=\"twitter:label1\" content=\"Tiempo de lectura\" \/>\n\t<meta name=\"twitter:data1\" content=\"2 minutos\" \/>\n<!-- \/ Yoast SEO plugin. -->","yoast_head_json":{"title":"Vape Vozol 20k Puffs Dual Power - 20k Puffs","description":"Descubre Vozol 20k Puffs Dual Power . Disponible en 24 sabores e ideal para su uso sobre la marcha, la entrega de una experiencia vaping en cualquier momento y en cualquier lugar.","robots":{"index":"index","follow":"follow","max-snippet":"max-snippet:-1","max-image-preview":"max-image-preview:large","max-video-preview":"max-video-preview:-1"},"canonical":"https:\/\/vapemaison.com\/es\/producto\/vozol-20k-puffs-5\/","og_locale":"es_ES","og_type":"article","og_title":"Vozol 20k Puffs Dual Power Vape \u2013 20k Puffs","og_description":"Discover the Vozol 20k Puffs Dual Power . Available in 24 flavors and ideal for on-the-go use, delivering a vaping experience anytime, anywhere.","og_url":"https:\/\/vapemaison.com\/es\/producto\/vozol-20k-puffs-5\/","og_site_name":"VapeMaison","article_modified_time":"2025-11-21T08:52:50+00:00","og_image":[{"width":2048,"height":1963,"url":"https:\/\/vapemaison.com\/wp-content\/uploads\/2025\/11\/vozol-star-20000-raspberry-apple-watermelon-pineapple-r8t8018-1.jpg","type":"image\/jpeg"}],"twitter_card":"summary_large_image","twitter_misc":{"Tiempo de lectura":"2 minutos"},"schema":{"@context":"https:\/\/schema.org","@graph":[{"@type":"WebPage","@id":"https:\/\/vapemaison.com\/product\/vozol-20k-puffs-5\/","url":"https:\/\/vapemaison.com\/product\/vozol-20k-puffs-5\/","name":"Vape Vozol 20k Puffs Dual Power - 20k Puffs","isPartOf":{"@id":"https:\/\/vapemaison.com\/#website"},"primaryImageOfPage":{"@id":"https:\/\/vapemaison.com\/product\/vozol-20k-puffs-5\/#primaryimage"},"image":{"@id":"https:\/\/vapemaison.com\/product\/vozol-20k-puffs-5\/#primaryimage"},"thumbnailUrl":"https:\/\/vapemaison.com\/wp-content\/uploads\/2025\/11\/vozol-star-20000-raspberry-apple-watermelon-pineapple-r8t8018-1.jpg","datePublished":"2025-11-11T06:33:44+00:00","dateModified":"2025-11-21T08:52:50+00:00","description":"Descubre Vozol 20k Puffs Dual Power . Disponible en 24 sabores e ideal para su uso sobre la marcha, la entrega de una experiencia vaping en cualquier momento y en cualquier lugar.","breadcrumb":{"@id":"https:\/\/vapemaison.com\/product\/vozol-20k-puffs-5\/#breadcrumb"},"inLanguage":"es","potentialAction":[{"@type":"ReadAction","target":["https:\/\/vapemaison.com\/product\/vozol-20k-puffs-5\/"]}]},{"@type":"ImageObject","inLanguage":"es","@id":"https:\/\/vapemaison.com\/product\/vozol-20k-puffs-5\/#primaryimage","url":"https:\/\/vapemaison.com\/wp-content\/uploads\/2025\/11\/vozol-star-20000-raspberry-apple-watermelon-pineapple-r8t8018-1.jpg","contentUrl":"https:\/\/vapemaison.com\/wp-content\/uploads\/2025\/11\/vozol-star-20000-raspberry-apple-watermelon-pineapple-r8t8018-1.jpg","width":2048,"height":1963,"caption":"Vozol Star Raspberry Apple Watermelon Pineapple R8t Disposable Vape Device"},{"@type":"BreadcrumbList","@id":"https:\/\/vapemaison.com\/product\/vozol-20k-puffs-5\/#breadcrumb","itemListElement":[{"@type":"ListItem","position":1,"name":"\u9996\u9875","item":"https:\/\/vapemaison.com\/"},{"@type":"ListItem","position":2,"name":"Shop","item":"https:\/\/vapemaison.com\/shop\/"},{"@type":"ListItem","position":3,"name":"Vozol","item":"https:\/\/vapemaison.com\/brand\/vozol\/"},{"@type":"ListItem","position":4,"name":"Vozol 20k Puffs 5%"}]},{"@type":"WebSite","@id":"https:\/\/vapemaison.com\/#website","url":"https:\/\/vapemaison.com\/","name":"VapeMaison","description":"Dispositivos y accesorios premium para vapear","publisher":{"@id":"https:\/\/vapemaison.com\/#organization"},"potentialAction":[{"@type":"SearchAction","target":{"@type":"EntryPoint","urlTemplate":"https:\/\/vapemaison.com\/?s={search_term_string}"},"query-input":{"@type":"PropertyValueSpecification","valueRequired":true,"valueName":"search_term_string"}}],"inLanguage":"es"},{"@type":"Organization","@id":"https:\/\/vapemaison.com\/#organization","name":"VapeMaison","url":"https:\/\/vapemaison.com\/","logo":{"@type":"ImageObject","inLanguage":"es","@id":"https:\/\/vapemaison.com\/#\/schema\/logo\/image\/","url":"https:\/\/vapemaison.com\/wp-content\/uploads\/2026\/01\/cropped-vapemaison-logo-g-2026.webp","contentUrl":"https:\/\/vapemaison.com\/wp-content\/uploads\/2026\/01\/cropped-vapemaison-logo-g-2026.webp","width":350,"height":280,"caption":"VapeMaison"},"image":{"@id":"https:\/\/vapemaison.com\/#\/schema\/logo\/image\/"},"sameAs":["https:\/\/www.youtube.com\/@VapeMaison"]}]}},"tiered_pricing_type":"fixed","tiered_pricing_fixed_rules":{"30":"11.24","50":"10.36","100":"9.56","200":"8.47"},"tiered_pricing_product_settings":{"layout":"default","base_unit_name":{"singular":null,"plural":null},"default_variation":null},"tiered_pricing_minimum_quantity":10,"tiered_pricing_roles_data":[],"tiered_pricing_percentage_rules":[],"tiered_pricing_maximum_quantity":null,"tiered_pricing_quantity_step":"10","_links":{"self":[{"href":"https:\/\/vapemaison.com\/es\/wp-json\/wp\/v2\/product\/11222","targetHints":{"allow":["GET"]}}],"collection":[{"href":"https:\/\/vapemaison.com\/es\/wp-json\/wp\/v2\/product"}],"about":[{"href":"https:\/\/vapemaison.com\/es\/wp-json\/wp\/v2\/types\/product"}],"replies":[{"embeddable":true,"href":"https:\/\/vapemaison.com\/es\/wp-json\/wp\/v2\/comments?post=11222"}],"version-history":[{"count":0,"href":"https:\/\/vapemaison.com\/es\/wp-json\/wp\/v2\/product\/11222\/revisions"}],"wp:featuredmedia":[{"embeddable":true,"href":"https:\/\/vapemaison.com\/es\/wp-json\/wp\/v2\/media\/11258"}],"wp:attachment":[{"href":"https:\/\/vapemaison.com\/es\/wp-json\/wp\/v2\/media?parent=11222"}],"wp:term":[{"taxonomy":"product_brand","embeddable":true,"href":"https:\/\/vapemaison.com\/es\/wp-json\/wp\/v2\/product_brand?post=11222"},{"taxonomy":"product_cat","embeddable":true,"href":"https:\/\/vapemaison.com\/es\/wp-json\/wp\/v2\/product_cat?post=11222"},{"taxonomy":"product_tag","embeddable":true,"href":"https:\/\/vapemaison.com\/es\/wp-json\/wp\/v2\/product_tag?post=11222"}],"curies":[{"name":"wp","href":"https:\/\/api.w.org\/{rel}","templated":true}]}}