

{"id":12997,"date":"2025-11-12T05:44:55","date_gmt":"2025-11-12T05:44:55","guid":{"rendered":"https:\/\/vapemaison.com\/?post_type=product&#038;p=12997"},"modified":"2025-12-01T06:00:44","modified_gmt":"2025-12-01T06:00:44","slug":"fumot-25k-melocoton-jugoso-randm-tornado-25000-vape","status":"publish","type":"product","link":"https:\/\/vapemaison.com\/es\/product\/fumot-25k-juicy-peach-randm-tornado-25000-vape\/","title":{"rendered":"Fumot 25k Juicy Peach Ice Randm Tornado 25000 Vape Salt E Zigarette"},"content":{"rendered":"<h2 class=\"wp-block-heading\"><strong>Fumot 25000 Helado de melocot\u00f3n jugoso<\/strong><\/h2>\n\n\n\n<p>En busca de un <strong>25.000 caladas<\/strong> que ofrece tanto dulzor afrutado como refresco helado?<br>En <strong>Fumot 25000 Helado de melocot\u00f3n jugoso<\/strong>, parte de la <strong>Fumot 25k<\/strong> combina el jugoso sabor del melocot\u00f3n maduro con un fresco toque mentolado. <strong>dulce, afrutado y refrescante<\/strong> vapes.<\/p>\n\n\n\n<h3 class=\"wp-block-heading\"><strong>\u00bfPor qu\u00e9 elegir Juicy Peach Ice?<\/strong><\/h3>\n\n\n\n<ul class=\"wp-block-list\">\n<li><strong>Afrutado y refrescante:<\/strong> Exuberante sabor a melocot\u00f3n maduro con un crujiente final mentolado.<\/li>\n\n\n\n<li><strong>Suave golpe de nicotina:<\/strong> Disponible en <strong>2% o 5% sal nicotina<\/strong> para un vapeo suave y satisfactorio.<\/li>\n\n\n\n<li><strong>Disfrute durante mucho tiempo:<\/strong> Hasta <strong>25.000 bocanadas<\/strong> por dispositivo: no es necesario sustituirlos con frecuencia.<\/li>\n\n\n\n<li><strong>Gran variedad:<\/strong> Explore los m\u00e1s de 20 sabores de nuestra colecci\u00f3n Fumot 25000, como Mango Tango, Menta con Ar\u00e1ndanos y muchos m\u00e1s.<\/li>\n<\/ul>\n\n\n\n<h3 class=\"wp-block-heading\"><strong>Aspectos t\u00e9cnicos destacados<\/strong><\/h3>\n\n\n\n<figure class=\"wp-block-table\"><table class=\"has-fixed-layout\"><thead><tr><th><strong>Caracter\u00edstica<\/strong><\/th><th><strong>Especificaci\u00f3n<\/strong><\/th><\/tr><\/thead><tbody><tr><td><strong>Bater\u00eda<\/strong><\/td><td>850mAh (<strong>Recargable mediante USB-C<\/strong>)<\/td><\/tr><tr><td><strong>Puffs<\/strong><\/td><td>Hasta <strong>25,000<\/strong><\/td><\/tr><tr><td><strong>Capacidad de e-l\u00edquido<\/strong><\/td><td>20 ml de l\u00edquido Salt Nic<\/td><\/tr><tr><td><strong>Potencia de nicotina<\/strong><\/td><td>2% o 5%<\/td><\/tr><tr><td><strong>Recargable<\/strong><\/td><td>S\u00ed (USB-C)<\/td><\/tr><tr><td><strong>Sabor<\/strong><\/td><td>Helado de melocot\u00f3n jugoso<\/td><\/tr><\/tbody><\/table><\/figure>\n\n\n\n<h3 class=\"wp-block-heading\"><strong>\u00bfQu\u00e9 hace especial a Juicy Peach Ice?<\/strong><\/h3>\n\n\n\n<p>En <strong>Fumot 25000 Helado de melocot\u00f3n jugoso<\/strong> es algo m\u00e1s que un dispositivo con un gran n\u00famero de soplidos: se trata de <strong>sabor perfectamente equilibrado<\/strong>.<br>La combinaci\u00f3n de <strong>melocot\u00f3n dulce y jugoso<\/strong> y <strong>mentol refrescante<\/strong> entrega un <strong>fresco, suave y satisfactorio<\/strong> sabor que nunca abruma.<\/p>\n\n\n\n<p>Tanto si eres <strong>en el trabajo, descansando en casa o de viaje<\/strong>, Juicy Peach Ice proporciona un <strong>experiencia de vapeo siempre refrescante<\/strong> siempre.<\/p>\n\n\n\n<h3 class=\"wp-block-heading\"><strong>Descubre la <strong>Fumot 25k<\/strong> Serie<\/strong><\/h3>\n\n\n\n<p>Explora toda la <strong>Gama RandM Tornado 25000<\/strong> - una colecci\u00f3n conocida por <strong>sabores intensos, bater\u00eda de larga duraci\u00f3n y dise\u00f1o moderno<\/strong>.<br>En <strong>Helado de melocot\u00f3n jugoso<\/strong> a <strong>Mango Tango<\/strong> y <strong>Menta con ar\u00e1ndanos<\/strong>, Cada sabor ofrece una experiencia de vapeo \u00fanica y satisfactoria.<\/p>\n\n\n\n<h3 class=\"wp-block-heading\"><strong>\u00a1Pruebe Juicy Peach Ice ahora!<\/strong><\/h3>\n\n\n\n<p>\u00bfListo para tu pr\u00f3ximo vape favorito?<br>Experimenta la <strong>mezcla perfecta de dulzor afrutado y refresco helado<\/strong> con <strong>Fumot 25000 Helado de melocot\u00f3n jugoso<\/strong> - donde cada bocanada se siente <strong>fresco, jugoso y satisfactorio<\/strong>.<\/p>\n\n\n\n<p>Visite nuestra tienda y descubra por qu\u00e9 los vapers de todo el mundo adoran el <strong><a href=\"https:\/\/vapemaison.com\/product-category\/hot-series\/randm-tornado-25000\/\">RandM Tornado 25000<\/a> serie<\/strong>.<\/p>","protected":false},"excerpt":{"rendered":"<p>Fumot 25000 Juicy Peach Ice Looking for a 25,000-puff vape that delivers both fruity sweetness and icy refreshment?The Fumot 25000 Juicy Peach Ice, part of the Fumot 25k series, combines the juicy flavour of ripe peaches with a cool menthol kick \u2014 perfect for fans of sweet, fruity, and refreshing vapes. Why Choose Juicy Peach [&hellip;]<\/p>\n","protected":false},"featured_media":13348,"comment_status":"open","ping_status":"closed","template":"","meta":[],"product_brand":[58],"product_cat":[144,181],"product_tag":[],"class_list":{"0":"post-12997","1":"product","2":"type-product","3":"status-publish","4":"has-post-thumbnail","6":"product_brand-fumot","7":"product_cat-25k-puffs","8":"product_cat-randm-tornado-25000","10":"first","11":"instock","12":"sale","13":"shipping-taxable","14":"purchasable","15":"product-type-variable"},"yoast_head":"<!-- This site is optimized with the Yoast SEO plugin v27.4 - https:\/\/yoast.com\/product\/yoast-seo-wordpress\/ -->\n<title>Fumot 25k Juicy Peach Ice \u2013 RandM Tornado 25K Puffs<\/title>\n<meta name=\"description\" content=\"Discover the Fumot 25k Juicy Peach Ice Vape \u2013 up to 25,000 puffs, rechargeable 850mAh battery, and smooth salt nic flavour.\" \/>\n<meta name=\"robots\" content=\"index, follow, max-snippet:-1, max-image-preview:large, max-video-preview:-1\" \/>\n<link rel=\"canonical\" href=\"https:\/\/vapemaison.com\/es\/producto\/fumot-25k-melocoton-jugoso-randm-tornado-25000-vape\/\" \/>\n<meta property=\"og:locale\" content=\"es_ES\" \/>\n<meta property=\"og:type\" content=\"article\" \/>\n<meta property=\"og:title\" content=\"Fumot 25k Juicy Peach Ice \u2013 RandM Tornado 25K Puffs\" \/>\n<meta property=\"og:description\" content=\"Discover the Fumot 25k Juicy Peach Ice Vape \u2013 up to 25,000 puffs, rechargeable 850mAh battery, and smooth salt nic flavour.\" \/>\n<meta property=\"og:url\" content=\"https:\/\/vapemaison.com\/es\/producto\/fumot-25k-melocoton-jugoso-randm-tornado-25000-vape\/\" \/>\n<meta property=\"og:site_name\" content=\"VapeMaison\" \/>\n<meta property=\"article:modified_time\" content=\"2025-12-01T06:00:44+00:00\" \/>\n<meta property=\"og:image\" content=\"https:\/\/vapemaison.com\/wp-content\/uploads\/2025\/11\/Fumot-25000-Juicy-Peach-Ice.jpg\" \/>\n\t<meta property=\"og:image:width\" content=\"1200\" \/>\n\t<meta property=\"og:image:height\" content=\"1200\" \/>\n\t<meta property=\"og:image:type\" content=\"image\/jpeg\" \/>\n<meta name=\"twitter:card\" content=\"summary_large_image\" \/>\n<meta name=\"twitter:label1\" content=\"Tiempo de lectura\" \/>\n\t<meta name=\"twitter:data1\" content=\"2 minutos\" \/>\n<!-- \/ Yoast SEO plugin. -->","yoast_head_json":{"title":"Fumot 25k Juicy Peach Ice - RandM Tornado 25K Puffs","description":"Descubre el Fumot 25k Juicy Peach Ice Vape - hasta 25.000 caladas, bater\u00eda recargable de 850mAh y suave sabor a nic salado.","robots":{"index":"index","follow":"follow","max-snippet":"max-snippet:-1","max-image-preview":"max-image-preview:large","max-video-preview":"max-video-preview:-1"},"canonical":"https:\/\/vapemaison.com\/es\/producto\/fumot-25k-melocoton-jugoso-randm-tornado-25000-vape\/","og_locale":"es_ES","og_type":"article","og_title":"Fumot 25k Juicy Peach Ice \u2013 RandM Tornado 25K Puffs","og_description":"Discover the Fumot 25k Juicy Peach Ice Vape \u2013 up to 25,000 puffs, rechargeable 850mAh battery, and smooth salt nic flavour.","og_url":"https:\/\/vapemaison.com\/es\/producto\/fumot-25k-melocoton-jugoso-randm-tornado-25000-vape\/","og_site_name":"VapeMaison","article_modified_time":"2025-12-01T06:00:44+00:00","og_image":[{"width":1200,"height":1200,"url":"https:\/\/vapemaison.com\/wp-content\/uploads\/2025\/11\/Fumot-25000-Juicy-Peach-Ice.jpg","type":"image\/jpeg"}],"twitter_card":"summary_large_image","twitter_misc":{"Tiempo de lectura":"2 minutos"},"schema":{"@context":"https:\/\/schema.org","@graph":[{"@type":"WebPage","@id":"https:\/\/vapemaison.com\/product\/fumot-25k-juicy-peach-randm-tornado-25000-vape\/","url":"https:\/\/vapemaison.com\/product\/fumot-25k-juicy-peach-randm-tornado-25000-vape\/","name":"Fumot 25k Juicy Peach Ice - RandM Tornado 25K Puffs","isPartOf":{"@id":"https:\/\/vapemaison.com\/#website"},"primaryImageOfPage":{"@id":"https:\/\/vapemaison.com\/product\/fumot-25k-juicy-peach-randm-tornado-25000-vape\/#primaryimage"},"image":{"@id":"https:\/\/vapemaison.com\/product\/fumot-25k-juicy-peach-randm-tornado-25000-vape\/#primaryimage"},"thumbnailUrl":"https:\/\/vapemaison.com\/wp-content\/uploads\/2025\/11\/Fumot-25000-Juicy-Peach-Ice.jpg","datePublished":"2025-11-12T05:44:55+00:00","dateModified":"2025-12-01T06:00:44+00:00","description":"Descubre el Fumot 25k Juicy Peach Ice Vape - hasta 25.000 caladas, bater\u00eda recargable de 850mAh y suave sabor a nic salado.","breadcrumb":{"@id":"https:\/\/vapemaison.com\/product\/fumot-25k-juicy-peach-randm-tornado-25000-vape\/#breadcrumb"},"inLanguage":"es","potentialAction":[{"@type":"ReadAction","target":["https:\/\/vapemaison.com\/product\/fumot-25k-juicy-peach-randm-tornado-25000-vape\/"]}]},{"@type":"ImageObject","inLanguage":"es","@id":"https:\/\/vapemaison.com\/product\/fumot-25k-juicy-peach-randm-tornado-25000-vape\/#primaryimage","url":"https:\/\/vapemaison.com\/wp-content\/uploads\/2025\/11\/Fumot-25000-Juicy-Peach-Ice.jpg","contentUrl":"https:\/\/vapemaison.com\/wp-content\/uploads\/2025\/11\/Fumot-25000-Juicy-Peach-Ice.jpg","width":1200,"height":1200,"caption":"Fumot Juicy Peach Ice Disposable Vape Device"},{"@type":"BreadcrumbList","@id":"https:\/\/vapemaison.com\/product\/fumot-25k-juicy-peach-randm-tornado-25000-vape\/#breadcrumb","itemListElement":[{"@type":"ListItem","position":1,"name":"\u9996\u9875","item":"https:\/\/vapemaison.com\/"},{"@type":"ListItem","position":2,"name":"Shop","item":"https:\/\/vapemaison.com\/shop\/"},{"@type":"ListItem","position":3,"name":"Fumot","item":"https:\/\/vapemaison.com\/brand\/fumot\/"},{"@type":"ListItem","position":4,"name":"Fumot 25k Juicy Peach Ice Randm Tornado 25000 Vape Salt E Zigarette"}]},{"@type":"WebSite","@id":"https:\/\/vapemaison.com\/#website","url":"https:\/\/vapemaison.com\/","name":"VapeMaison","description":"Dispositivos y accesorios premium para vapear","publisher":{"@id":"https:\/\/vapemaison.com\/#organization"},"potentialAction":[{"@type":"SearchAction","target":{"@type":"EntryPoint","urlTemplate":"https:\/\/vapemaison.com\/?s={search_term_string}"},"query-input":{"@type":"PropertyValueSpecification","valueRequired":true,"valueName":"search_term_string"}}],"inLanguage":"es"},{"@type":"Organization","@id":"https:\/\/vapemaison.com\/#organization","name":"VapeMaison","url":"https:\/\/vapemaison.com\/","logo":{"@type":"ImageObject","inLanguage":"es","@id":"https:\/\/vapemaison.com\/#\/schema\/logo\/image\/","url":"https:\/\/vapemaison.com\/wp-content\/uploads\/2026\/01\/cropped-vapemaison-logo-g-2026.webp","contentUrl":"https:\/\/vapemaison.com\/wp-content\/uploads\/2026\/01\/cropped-vapemaison-logo-g-2026.webp","width":350,"height":280,"caption":"VapeMaison"},"image":{"@id":"https:\/\/vapemaison.com\/#\/schema\/logo\/image\/"},"sameAs":["https:\/\/www.youtube.com\/@VapeMaison"]}]}},"tiered_pricing_type":"fixed","tiered_pricing_fixed_rules":{"30":"12.42","50":"11.23","100":"10.68","200":"9.98"},"tiered_pricing_product_settings":{"layout":"default","base_unit_name":{"singular":null,"plural":null},"default_variation":null},"tiered_pricing_minimum_quantity":10,"tiered_pricing_roles_data":[],"tiered_pricing_percentage_rules":[],"tiered_pricing_maximum_quantity":null,"tiered_pricing_quantity_step":"10","_links":{"self":[{"href":"https:\/\/vapemaison.com\/es\/wp-json\/wp\/v2\/product\/12997","targetHints":{"allow":["GET"]}}],"collection":[{"href":"https:\/\/vapemaison.com\/es\/wp-json\/wp\/v2\/product"}],"about":[{"href":"https:\/\/vapemaison.com\/es\/wp-json\/wp\/v2\/types\/product"}],"replies":[{"embeddable":true,"href":"https:\/\/vapemaison.com\/es\/wp-json\/wp\/v2\/comments?post=12997"}],"version-history":[{"count":0,"href":"https:\/\/vapemaison.com\/es\/wp-json\/wp\/v2\/product\/12997\/revisions"}],"wp:featuredmedia":[{"embeddable":true,"href":"https:\/\/vapemaison.com\/es\/wp-json\/wp\/v2\/media\/13348"}],"wp:attachment":[{"href":"https:\/\/vapemaison.com\/es\/wp-json\/wp\/v2\/media?parent=12997"}],"wp:term":[{"taxonomy":"product_brand","embeddable":true,"href":"https:\/\/vapemaison.com\/es\/wp-json\/wp\/v2\/product_brand?post=12997"},{"taxonomy":"product_cat","embeddable":true,"href":"https:\/\/vapemaison.com\/es\/wp-json\/wp\/v2\/product_cat?post=12997"},{"taxonomy":"product_tag","embeddable":true,"href":"https:\/\/vapemaison.com\/es\/wp-json\/wp\/v2\/product_tag?post=12997"}],"curies":[{"name":"wp","href":"https:\/\/api.w.org\/{rel}","templated":true}]}}