

{"id":13888,"date":"2025-11-18T02:42:53","date_gmt":"2025-11-18T02:42:53","guid":{"rendered":"https:\/\/vapemaison.com\/?post_type=product&#038;p=13888"},"modified":"2026-01-30T08:34:05","modified_gmt":"2026-01-30T08:34:05","slug":"elfbar-sweet30000puff-5","status":"publish","type":"product","link":"https:\/\/vapemaison.com\/es\/product\/elfbar-sweet30000puff-5\/","title":{"rendered":"ELFBAR SWEET KING 30000 Vape | Pine Needle Mint 30k"},"content":{"rendered":"<h2 class=\"wp-block-heading\"><strong>ELFBAR mentol - Vape desechable inteligente, ajustable y de larga duraci\u00f3n<\/strong><\/h2>\n\n\n\n<p>En <strong><strong>ELFBAR mentolada<\/strong> 30000<\/strong> aporta un nuevo nivel de rendimiento a los sistemas POD desechables. Dise\u00f1ado para los vapeadores que desean personalizaci\u00f3n, estabilidad y valor a largo plazo, ofrece hasta <strong>30k puff<\/strong>, cuenta con una pantalla LED inteligente y permite un control total de la dulzura, la intensidad del sabor, el vataje y el flujo de aire, una experiencia que rara vez se encuentra en un dispositivo desechable.<\/p>\n\n\n\n<p>Alimentado por 20mL de sal de nic 5% y una bater\u00eda de 850mAh, el SWEET KING garantiza una producci\u00f3n de vapor consistente, con el apoyo de una bobina de malla triple para un sabor rico y denso sin sobrecalentamiento. Su dise\u00f1o compacto, la activaci\u00f3n autom\u00e1tica de la extracci\u00f3n y la carga r\u00e1pida Type-C lo convierten en un vapeador diario c\u00f3modo y fiable.<\/p>\n\n\n\n<h2 class=\"wp-block-heading\"><strong>Principales ventajas<\/strong><\/h2>\n\n\n\n<ul class=\"wp-block-list\">\n<li><strong>Personalizaci\u00f3n completa<\/strong> - Ajuste el dulzor, la intensidad del sabor, el vataje y el flujo de aire.<\/li>\n\n\n\n<li><strong>Hasta 30.000 bocanadas<\/strong> - 20mL e-liquid y una eficiente bater\u00eda de 850mAh para un rendimiento duradero.<\/li>\n\n\n\n<li><strong>Bobina de malla triple<\/strong> - Proporciona un sabor m\u00e1s intenso, un calentamiento m\u00e1s r\u00e1pido y un vapor m\u00e1s suave.<\/li>\n\n\n\n<li><strong>Pantalla LED inteligente<\/strong> - Vea el nivel de la bater\u00eda, el estado del e-l\u00edquido, el vataje y los ajustes activos de un vistazo.<\/li>\n\n\n\n<li><strong>Activaci\u00f3n del dibujo autom\u00e1tico<\/strong> - S\u00f3lo tiene que inhalar para disfrutar; no necesita botones.<\/li>\n\n\n\n<li><strong>Carga r\u00e1pida Tipo-C<\/strong> - C\u00f3modo, r\u00e1pido y fiable.<\/li>\n\n\n\n<li><strong>Dise\u00f1o compacto premium<\/strong> - Ligero, moderno y c\u00f3modo de llevar.<\/li>\n<\/ul>\n\n\n\n<p>Si est\u00e1 interesado en dispositivos m\u00e1s avanzados y de alto rendimiento como el SWEET KING 30000, puede consultar nuestra gama completa de productos. <strong><a href=\"https:\/\/vapemaison.com\/de\/marke\/elfbar\/\">ELFBAR<\/a><\/strong> para descubrir otros modelos, consulte nuestra <a href=\"https:\/\/vapemaison.com\/product-category\/puffs-count\/30k-puffs\/\"><strong>Colecci\u00f3n de dispositivos puff 30k<\/strong><\/a> para explorar otros modelos y sabores de ELFBAR.<\/p>\n\n\n\n<p><\/p>\n\n\n\n<p><\/p>\n\n\n\n<p><\/p>","protected":false},"excerpt":{"rendered":"<p>ELFBAR menthol \u2013 Smart, Adjustable, Long-Lasting Disposable Vape The ELFBAR menthol 30000 brings a new level of performance to disposable POD systems. Designed for vapers who want customization, stability, and long-term value, it delivers up to 30k puff, features a smart LED display, and allows full control over sweetness, flavour intensity, wattage, and airflow\u2014an experience [&hellip;]<\/p>\n","protected":false},"featured_media":14053,"comment_status":"open","ping_status":"closed","template":"","meta":[],"product_brand":[177],"product_cat":[134],"product_tag":[],"class_list":{"0":"post-13888","1":"product","2":"type-product","3":"status-publish","4":"has-post-thumbnail","6":"product_brand-elfbar","7":"product_cat-30k-puffs","9":"first","10":"instock","11":"sale","12":"shipping-taxable","13":"purchasable","14":"product-type-variable"},"yoast_head":"<!-- This site is optimized with the Yoast SEO plugin v27.4 - https:\/\/yoast.com\/product\/yoast-seo-wordpress\/ -->\n<title>ELFBAR SWEET KING 30000 Vape | Pine Needle Mint 30k - VapeMaison<\/title>\n<meta name=\"description\" content=\"ELFBAR Menthol 30000 \u2013 smart, long-lasting disposable vape with up to 30,000 puffs, adjustable sweetness, flavor intensity, wattage, and airflow.\" \/>\n<meta name=\"robots\" content=\"index, follow, max-snippet:-1, max-image-preview:large, max-video-preview:-1\" \/>\n<link rel=\"canonical\" href=\"https:\/\/vapemaison.com\/es\/producto\/elfbar-sweet30000puff-5\/\" \/>\n<meta property=\"og:locale\" content=\"es_ES\" \/>\n<meta property=\"og:type\" content=\"article\" \/>\n<meta property=\"og:title\" content=\"ELFBAR SWEET KING 30000 Vape | Pine Needle Mint 30k - VapeMaison\" \/>\n<meta property=\"og:description\" content=\"ELFBAR Menthol 30000 \u2013 smart, long-lasting disposable vape with up to 30,000 puffs, adjustable sweetness, flavor intensity, wattage, and airflow.\" \/>\n<meta property=\"og:url\" content=\"https:\/\/vapemaison.com\/es\/producto\/elfbar-sweet30000puff-5\/\" \/>\n<meta property=\"og:site_name\" content=\"VapeMaison\" \/>\n<meta property=\"article:modified_time\" content=\"2026-01-30T08:34:05+00:00\" \/>\n<meta property=\"og:image\" content=\"https:\/\/vapemaison.com\/wp-content\/uploads\/2025\/11\/elfbar-sweet-king-pine-needle-mint-30k-puffs-disposable-vape.jpg\" \/>\n\t<meta property=\"og:image:width\" content=\"759\" \/>\n\t<meta property=\"og:image:height\" content=\"759\" \/>\n\t<meta property=\"og:image:type\" content=\"image\/jpeg\" \/>\n<meta name=\"twitter:card\" content=\"summary_large_image\" \/>\n<meta name=\"twitter:label1\" content=\"Tiempo de lectura\" \/>\n\t<meta name=\"twitter:data1\" content=\"2 minutos\" \/>\n<!-- \/ Yoast SEO plugin. -->","yoast_head_json":{"title":"ELFBAR SWEET KING 30000 Vape | Pine Needle Mint 30k - VapeMaison","description":"ELFBAR Menthol 30000 - vapeador desechable inteligente y duradero con hasta 30.000 caladas, dulzor, intensidad de sabor, vataje y flujo de aire ajustables.","robots":{"index":"index","follow":"follow","max-snippet":"max-snippet:-1","max-image-preview":"max-image-preview:large","max-video-preview":"max-video-preview:-1"},"canonical":"https:\/\/vapemaison.com\/es\/producto\/elfbar-sweet30000puff-5\/","og_locale":"es_ES","og_type":"article","og_title":"ELFBAR SWEET KING 30000 Vape | Pine Needle Mint 30k - VapeMaison","og_description":"ELFBAR Menthol 30000 \u2013 smart, long-lasting disposable vape with up to 30,000 puffs, adjustable sweetness, flavor intensity, wattage, and airflow.","og_url":"https:\/\/vapemaison.com\/es\/producto\/elfbar-sweet30000puff-5\/","og_site_name":"VapeMaison","article_modified_time":"2026-01-30T08:34:05+00:00","og_image":[{"width":759,"height":759,"url":"https:\/\/vapemaison.com\/wp-content\/uploads\/2025\/11\/elfbar-sweet-king-pine-needle-mint-30k-puffs-disposable-vape.jpg","type":"image\/jpeg"}],"twitter_card":"summary_large_image","twitter_misc":{"Tiempo de lectura":"2 minutos"},"schema":{"@context":"https:\/\/schema.org","@graph":[{"@type":"WebPage","@id":"https:\/\/vapemaison.com\/product\/elfbar-sweet30000puff-5\/","url":"https:\/\/vapemaison.com\/product\/elfbar-sweet30000puff-5\/","name":"ELFBAR SWEET KING 30000 Vape | Pine Needle Mint 30k - VapeMaison","isPartOf":{"@id":"https:\/\/vapemaison.com\/#website"},"primaryImageOfPage":{"@id":"https:\/\/vapemaison.com\/product\/elfbar-sweet30000puff-5\/#primaryimage"},"image":{"@id":"https:\/\/vapemaison.com\/product\/elfbar-sweet30000puff-5\/#primaryimage"},"thumbnailUrl":"https:\/\/vapemaison.com\/wp-content\/uploads\/2025\/11\/elfbar-sweet-king-pine-needle-mint-30k-puffs-disposable-vape.jpg","datePublished":"2025-11-18T02:42:53+00:00","dateModified":"2026-01-30T08:34:05+00:00","description":"ELFBAR Menthol 30000 - vapeador desechable inteligente y duradero con hasta 30.000 caladas, dulzor, intensidad de sabor, vataje y flujo de aire ajustables.","breadcrumb":{"@id":"https:\/\/vapemaison.com\/product\/elfbar-sweet30000puff-5\/#breadcrumb"},"inLanguage":"es","potentialAction":[{"@type":"ReadAction","target":["https:\/\/vapemaison.com\/product\/elfbar-sweet30000puff-5\/"]}]},{"@type":"ImageObject","inLanguage":"es","@id":"https:\/\/vapemaison.com\/product\/elfbar-sweet30000puff-5\/#primaryimage","url":"https:\/\/vapemaison.com\/wp-content\/uploads\/2025\/11\/elfbar-sweet-king-pine-needle-mint-30k-puffs-disposable-vape.jpg","contentUrl":"https:\/\/vapemaison.com\/wp-content\/uploads\/2025\/11\/elfbar-sweet-king-pine-needle-mint-30k-puffs-disposable-vape.jpg","width":759,"height":759,"caption":"Elfbar Sweet King Pine Needle Mint 30k Puffs Disposable Vape detail"},{"@type":"BreadcrumbList","@id":"https:\/\/vapemaison.com\/product\/elfbar-sweet30000puff-5\/#breadcrumb","itemListElement":[{"@type":"ListItem","position":1,"name":"\u9996\u9875","item":"https:\/\/vapemaison.com\/"},{"@type":"ListItem","position":2,"name":"Shop","item":"https:\/\/vapemaison.com\/shop\/"},{"@type":"ListItem","position":3,"name":"Elfbar","item":"https:\/\/vapemaison.com\/brand\/elfbar\/"},{"@type":"ListItem","position":4,"name":"ELFBAR SWEET KING 30000 Vape | Pine Needle Mint 30k"}]},{"@type":"WebSite","@id":"https:\/\/vapemaison.com\/#website","url":"https:\/\/vapemaison.com\/","name":"VapeMaison","description":"Dispositivos y accesorios premium para vapear","publisher":{"@id":"https:\/\/vapemaison.com\/#organization"},"potentialAction":[{"@type":"SearchAction","target":{"@type":"EntryPoint","urlTemplate":"https:\/\/vapemaison.com\/?s={search_term_string}"},"query-input":{"@type":"PropertyValueSpecification","valueRequired":true,"valueName":"search_term_string"}}],"inLanguage":"es"},{"@type":"Organization","@id":"https:\/\/vapemaison.com\/#organization","name":"VapeMaison","url":"https:\/\/vapemaison.com\/","logo":{"@type":"ImageObject","inLanguage":"es","@id":"https:\/\/vapemaison.com\/#\/schema\/logo\/image\/","url":"https:\/\/vapemaison.com\/wp-content\/uploads\/2026\/01\/cropped-vapemaison-logo-g-2026.webp","contentUrl":"https:\/\/vapemaison.com\/wp-content\/uploads\/2026\/01\/cropped-vapemaison-logo-g-2026.webp","width":350,"height":280,"caption":"VapeMaison"},"image":{"@id":"https:\/\/vapemaison.com\/#\/schema\/logo\/image\/"},"sameAs":["https:\/\/www.youtube.com\/@VapeMaison"]}]}},"tiered_pricing_type":"fixed","tiered_pricing_fixed_rules":{"30":"14.78","50":"12.28","100":"11.78","200":"10.78"},"tiered_pricing_product_settings":{"layout":"default","base_unit_name":{"singular":null,"plural":null},"default_variation":null},"tiered_pricing_minimum_quantity":10,"tiered_pricing_roles_data":[],"tiered_pricing_percentage_rules":[],"tiered_pricing_maximum_quantity":null,"tiered_pricing_quantity_step":"10","_links":{"self":[{"href":"https:\/\/vapemaison.com\/es\/wp-json\/wp\/v2\/product\/13888","targetHints":{"allow":["GET"]}}],"collection":[{"href":"https:\/\/vapemaison.com\/es\/wp-json\/wp\/v2\/product"}],"about":[{"href":"https:\/\/vapemaison.com\/es\/wp-json\/wp\/v2\/types\/product"}],"replies":[{"embeddable":true,"href":"https:\/\/vapemaison.com\/es\/wp-json\/wp\/v2\/comments?post=13888"}],"version-history":[{"count":1,"href":"https:\/\/vapemaison.com\/es\/wp-json\/wp\/v2\/product\/13888\/revisions"}],"predecessor-version":[{"id":26556,"href":"https:\/\/vapemaison.com\/es\/wp-json\/wp\/v2\/product\/13888\/revisions\/26556"}],"wp:featuredmedia":[{"embeddable":true,"href":"https:\/\/vapemaison.com\/es\/wp-json\/wp\/v2\/media\/14053"}],"wp:attachment":[{"href":"https:\/\/vapemaison.com\/es\/wp-json\/wp\/v2\/media?parent=13888"}],"wp:term":[{"taxonomy":"product_brand","embeddable":true,"href":"https:\/\/vapemaison.com\/es\/wp-json\/wp\/v2\/product_brand?post=13888"},{"taxonomy":"product_cat","embeddable":true,"href":"https:\/\/vapemaison.com\/es\/wp-json\/wp\/v2\/product_cat?post=13888"},{"taxonomy":"product_tag","embeddable":true,"href":"https:\/\/vapemaison.com\/es\/wp-json\/wp\/v2\/product_tag?post=13888"}],"curies":[{"name":"wp","href":"https:\/\/api.w.org\/{rel}","templated":true}]}}