

{"id":14004,"date":"2025-11-18T02:21:21","date_gmt":"2025-11-18T02:21:21","guid":{"rendered":"https:\/\/vapemaison.com\/?post_type=product&#038;p=14004"},"modified":"2026-05-14T18:00:01","modified_gmt":"2026-05-14T18:00:01","slug":"humo-azul-vape-2-nicotina-15k-puff-azul","status":"publish","type":"product","link":"https:\/\/vapemaison.com\/es\/product\/humo-azul-vape-2-nicotine-15k-puff-azul\/","title":{"rendered":"Humo Azul Vape 2% Nicotina | 15k Puff Azul"},"content":{"rendered":"<h3 class=\"wp-block-heading\"><strong>Descubre el Vapeador Desechable 15 Puff Azul en VapeMaison<\/strong><\/h3>\n\n\n\n<p>Bienvenido a <strong><a href=\"https:\/\/vapemaison.com\/\">VapeMaison<\/a><\/strong>, su destino para productos de vapeo de primera calidad en los Pa\u00edses Bajos, Alemania, B\u00e9lgica y Espa\u00f1a. Presentamos el <strong>Humo Azul 15000 Puffs Vape Pen Desechable Recargable<\/strong>, Dise\u00f1ado para ofrecer la mejor experiencia de vapeo con tecnolog\u00eda de vanguardia, rendimiento duradero y una variedad de sabores satisfactorios.<\/p>\n\n\n\n<h4 class=\"wp-block-heading\"><strong>Caracter\u00edsticas principales<\/strong><\/h4>\n\n\n\n<ul class=\"wp-block-list\">\n<li><strong>15.000 Puffs<\/strong>: Disfruta de un uso prolongado con hasta 15.000 caladas por dispositivo.<\/li>\n\n\n\n<li><strong>Capacidad de 20 ml de E-l\u00edquido<\/strong>: Menos recarga, m\u00e1s vapeo.<\/li>\n\n\n\n<li><strong>Bater\u00eda recargable de 500 mAh<\/strong>: Carga r\u00e1pida Type-C para disfrutar sin interrupciones.<\/li>\n\n\n\n<li><strong>Tecnolog\u00eda avanzada de bobina de malla<\/strong>: Para un sabor m\u00e1s rico y suave en cada calada.<\/li>\n\n\n\n<li><strong>Dise\u00f1o ergon\u00f3mico<\/strong>: Compacta, ligera y c\u00f3moda para sesiones prolongadas.<\/li>\n\n\n\n<li><strong>2% Nicotina<\/strong>: Contenido equilibrado de nicotina para una satisfacci\u00f3n suave.<\/li>\n<\/ul>\n\n\n\n<h4 class=\"wp-block-heading\"><strong>Opciones de sabor<\/strong><\/h4>\n\n\n\n<ol class=\"wp-block-list\">\n<li><strong>Cascada helada de melocot\u00f3n<\/strong><\/li>\n\n\n\n<li><strong>Escarcha de ar\u00e1ndanos<\/strong><\/li>\n\n\n\n<li><strong>Uva Glaciar<\/strong><\/li>\n\n\n\n<li><strong>Fusi\u00f3n de mora y fruta del drag\u00f3n<\/strong><\/li>\n\n\n\n<li><strong>Fresa Sand\u00eda Uva Medley<\/strong><\/li>\n\n\n\n<li><strong>Tormenta de hielo Blue Razz<\/strong><\/li>\n\n\n\n<li><strong>Sand\u00eda fr\u00eda<\/strong><\/li>\n\n\n\n<li><strong>Trifecta de fresa, ar\u00e1ndano y cereza<\/strong><\/li>\n\n\n\n<li><strong>Mel\u00f3n escarchado<\/strong><\/li>\n\n\n\n<li><strong>C\u00e1scara de lima lim\u00f3n<\/strong><\/li>\n\n\n\n<li><strong>Kiwi Maracuy\u00e1 Guayaba Para\u00edso<\/strong><\/li>\n\n\n\n<li><strong>Vendimia<\/strong><\/li>\n<\/ol>\n\n\n\n<h4 class=\"wp-block-heading\"><strong>Perfecto tanto para minoristas como para vapeadores<\/strong><\/h4>\n\n\n\n<p>Tanto si usted es un minorista en busca de un producto de primer nivel o un individuo en busca de la \u00faltima experiencia vaping, el <strong>Humo Azul 15000 Puffs<\/strong> es la elecci\u00f3n perfecta. Est\u00e1 dise\u00f1ado para destacar por su construcci\u00f3n de alta calidad, larga vida \u00fatil y perfiles de sabor de primera calidad.<\/p>\n\n\n\n<h4 class=\"wp-block-heading\"><strong>Ventajas de la venta al por mayor<\/strong><\/h4>\n\n\n\n<ul class=\"wp-block-list\">\n<li><strong>Compra a granel<\/strong>: Disponible en cajas de 300 unidades, ideal para mayoristas.<\/li>\n\n\n\n<li><strong>Precios competitivos<\/strong>: Ofrece un valor excelente tanto para los compradores a granel como para los consumidores.<\/li>\n\n\n\n<li><strong>Asistencia fiable<\/strong>: Servicio de atenci\u00f3n al cliente dedicado para transacciones sin problemas.<\/li>\n<\/ul>\n\n\n\n<p>Adem\u00e1s, tambi\u00e9n disponemos de <strong><a href=\"https:\/\/vapemaison.com\/product\/hume-azul-24000-puffs-disposable-vape\/\">Humo Azul 24000 Puff <\/a><\/strong>y otros <strong><a href=\"https:\/\/vapemaison.com\/product-category\/hot-series\/\">superventas<\/a><\/strong> serie.<\/p>\n\n\n\n<p>Explore el mundo del vaping premium en <a href=\"https:\/\/vapemaison.com\/\">VapeMaison<\/a>, donde la innovaci\u00f3n se une al estilo. Consulte nuestra colecci\u00f3n completa en <a href=\"https:\/\/vapemaison.com\/shop\/\">Tienda<\/a> o descubra la popular <a href=\"https:\/\/vapemaison.com\/brand\/humo-azul\/\">Colecci\u00f3n Humo Vape Brand<\/a> y <a href=\"https:\/\/vapemaison.com\/brand\/bang\/\">Bang<\/a> que adoran los vapers de todo el mundo. \u00bfBuscas m\u00e1s opciones? Echa un vistazo a todos nuestros <a href=\"https:\/\/vapemaison.com\/product-category\/puffs-count\/\">Puffs<\/a> dispositivos y encuentre el que mejor se adapte a sus gustos y estilo de vida.<\/p>\n\n\n\n<figure class=\"wp-block-embed is-type-video is-provider-youtube wp-block-embed-youtube wp-embed-aspect-9-16 wp-has-aspect-ratio\"><div class=\"wp-block-embed__wrapper\">\n<div class=\"video-container\"><iframe title=\"Humo Azul 24000 Puffs Vape - Unboxing &amp; Modo de empleo | Sabor Sand\u00eda Helada\" width=\"563\" height=\"1000\" src=\"https:\/\/www.youtube.com\/embed\/U0POWHMEwbU?feature=oembed\" frameborder=\"0\" allow=\"accelerometer; autoplay; clipboard-write; encrypted-media; gyroscope; picture-in-picture; web-share\" referrerpolicy=\"strict-origin-when-cross-origin\" allowfullscreen><\/iframe><\/div>\n<\/div><\/figure>\n\n\n\n<h3 class=\"wp-block-heading has-text-align-center\"><strong>Preguntas frecuentes sobre Humo Azul 15<\/strong><\/h3>\n\n\n\n<p><strong>1. \u00bfCu\u00e1nto dura el Humo Azul 15k?<\/strong><br>El Humo Azul 15000 est\u00e1 dise\u00f1ado para ofrecer <strong>hasta 15.000 bocanadas<\/strong>, aunque la duraci\u00f3n real var\u00eda en funci\u00f3n de los h\u00e1bitos de vapeo personales. Su gran capacidad lo convierte en una gran opci\u00f3n para los usuarios que buscan un dispositivo que pueda acompa\u00f1arles durante un periodo prolongado.<\/p>\n\n\n\n<hr class=\"wp-block-separator has-alpha-channel-opacity\"\/>\n\n\n\n<p><strong>2. \u00bfCu\u00e1nto tiempo se tarda en cargar el Humo Azul?<\/strong><br>Este dispositivo incluye un <strong>Bater\u00eda recargable de 600 mAh<\/strong>, que generalmente necesita <strong>35-45 minutos<\/strong> para alcanzar una carga completa a trav\u00e9s de Type-C. La funci\u00f3n de carga r\u00e1pida minimiza el tiempo de espera, para que puedas volver a vapear r\u00e1pidamente.<\/p>\n\n\n\n<hr class=\"wp-block-separator has-alpha-channel-opacity\"\/>\n\n\n\n<p><strong>3. \u00bfC\u00f3mo puedo saber si el Humo Azul 15k est\u00e1 terminado?<\/strong><br>Te dar\u00e1s cuenta de que es cerca del final cuando <strong>el sabor se vuelve tenue<\/strong>, La producci\u00f3n de vapor disminuye, o el dispositivo deja de producir vapor por completo. Algunos usuarios tambi\u00e9n observan que el dispositivo se siente m\u00e1s ligero una vez que se ha consumido todo el e-l\u00edquido.<\/p>\n\n\n\n<hr class=\"wp-block-separator has-alpha-channel-opacity\"\/>\n\n\n\n<p><strong>4. \u00bfPuedo rellenar el Humo Azul 15000?<\/strong><br>No. El Humo Azul 15000 es un <strong>dispositivo desechable de un solo uso<\/strong>, lo que significa que no puede rellenarse. Una vez agotado el e-l\u00edquido incorporado, simplemente deseche la unidad y cambie a una nueva.<\/p>\n\n\n\n<hr class=\"wp-block-separator has-alpha-channel-opacity\"\/>\n\n\n\n<p><strong>5. \u00bfEste aparato es apto para principiantes?<\/strong><br>S\u00ed. Su <strong>dise\u00f1o sencillo, para inhalar y activar<\/strong> lo hace especialmente adecuado para nuevos vapeadores. Sin botones ni ajustes que manejar, los principiantes pueden disfrutar de una experiencia suave y consistente desde el primer momento.<\/p>\n\n\n\n<hr class=\"wp-block-separator has-alpha-channel-opacity\"\/>\n\n\n\n<p><strong>6. \u00bfQu\u00e9 diferencia al Humo Azul 15k de otros desechables?<\/strong><br>Su caracter\u00edstica m\u00e1s destacada es el <strong>dise\u00f1o premium inspirado en la ic\u00f3nica botella de tequila Clase Azul<\/strong>, d\u00e1ndole un aspecto \u00fanico. Combinado con <strong>15.000 bocanadas<\/strong> y un <strong>bobina de malla<\/strong> que mejora el sabor y la consistencia del vapor, ofrece una experiencia de alta gama que muchos dispositivos no pueden igualar.<\/p>","protected":false},"excerpt":{"rendered":"<p>El Vape Pen Desechable Recargable Humo Azul 15000 Puffs, disponible en Randmvaper, ofrece una experiencia de vapeo excepcional con hasta 15.000 puffs, flujo de aire ajustable, y una variedad de ricos sabores, todo en un dise\u00f1o elegante y port\u00e1til.<\/p>","protected":false},"featured_media":9032,"comment_status":"open","ping_status":"closed","template":"","meta":[],"product_brand":[166],"product_cat":[167],"product_tag":[],"class_list":{"0":"post-14004","1":"product","2":"type-product","3":"status-publish","4":"has-post-thumbnail","6":"product_brand-humo-azul","7":"product_cat-15k-puffs","9":"first","10":"instock","11":"sale","12":"shipping-taxable","13":"purchasable","14":"product-type-variable"},"yoast_head":"<!-- This site is optimized with the Yoast SEO plugin v27.4 - https:\/\/yoast.com\/product\/yoast-seo-wordpress\/ -->\n<title>Humo Azul 15000 Puffs Disposable Vape \u2013 Rechargeable<\/title>\n<meta name=\"description\" content=\"Shop the Humo Azul 15000 Puffs Disposable Vape at VapeMaison. Fast Type-C charging, multiple flavors, and bulk purchase options available.\" \/>\n<meta name=\"robots\" content=\"index, follow, max-snippet:-1, max-image-preview:large, max-video-preview:-1\" \/>\n<link rel=\"canonical\" href=\"https:\/\/vapemaison.com\/es\/producto\/humo-azul-vape-2-nicotina-15k-puff-azul\/\" \/>\n<meta property=\"og:locale\" content=\"es_ES\" \/>\n<meta property=\"og:type\" content=\"article\" \/>\n<meta property=\"og:title\" content=\"Humo Azul 15000 Puffs Disposable Vape \u2013 Rechargeable\" \/>\n<meta property=\"og:description\" content=\"Shop the Humo Azul 15000 Puffs Disposable Vape at VapeMaison. Fast Type-C charging, multiple flavors, and bulk purchase options available.\" \/>\n<meta property=\"og:url\" content=\"https:\/\/vapemaison.com\/es\/producto\/humo-azul-vape-2-nicotina-15k-puff-azul\/\" \/>\n<meta property=\"og:site_name\" content=\"VapeMaison\" \/>\n<meta property=\"article:modified_time\" content=\"2026-05-14T18:00:01+00:00\" \/>\n<meta property=\"og:image\" content=\"https:\/\/vapemaison.com\/wp-content\/uploads\/2025\/10\/banner-16-1024x546.png\" \/>\n\t<meta property=\"og:image:width\" content=\"1024\" \/>\n\t<meta property=\"og:image:height\" content=\"546\" \/>\n\t<meta property=\"og:image:type\" content=\"image\/png\" \/>\n<meta name=\"twitter:card\" content=\"summary_large_image\" \/>\n<meta name=\"twitter:label1\" content=\"Tiempo de lectura\" \/>\n\t<meta name=\"twitter:data1\" content=\"3 minutos\" \/>\n<!-- \/ Yoast SEO plugin. -->","yoast_head_json":{"title":"Humo Azul 15000 Puffs Vape Desechable - Recargable","description":"Compra el Humo Azul 15000 Puffs Desechables en VapeMaison. Carga r\u00e1pida Type-C, m\u00faltiples sabores y opciones de compra al por mayor disponibles.","robots":{"index":"index","follow":"follow","max-snippet":"max-snippet:-1","max-image-preview":"max-image-preview:large","max-video-preview":"max-video-preview:-1"},"canonical":"https:\/\/vapemaison.com\/es\/producto\/humo-azul-vape-2-nicotina-15k-puff-azul\/","og_locale":"es_ES","og_type":"article","og_title":"Humo Azul 15000 Puffs Disposable Vape \u2013 Rechargeable","og_description":"Shop the Humo Azul 15000 Puffs Disposable Vape at VapeMaison. Fast Type-C charging, multiple flavors, and bulk purchase options available.","og_url":"https:\/\/vapemaison.com\/es\/producto\/humo-azul-vape-2-nicotina-15k-puff-azul\/","og_site_name":"VapeMaison","article_modified_time":"2026-05-14T18:00:01+00:00","og_image":[{"width":1024,"height":546,"url":"https:\/\/vapemaison.com\/wp-content\/uploads\/2025\/10\/banner-16-1024x546.png","type":"image\/png"}],"twitter_card":"summary_large_image","twitter_misc":{"Tiempo de lectura":"3 minutos"},"schema":{"@context":"https:\/\/schema.org","@graph":[{"@type":"WebPage","@id":"https:\/\/vapemaison.com\/product\/humo-azul-vape-2-nicotine-15k-puff-azul\/","url":"https:\/\/vapemaison.com\/product\/humo-azul-vape-2-nicotine-15k-puff-azul\/","name":"Humo Azul 15000 Puffs Vape Desechable - Recargable","isPartOf":{"@id":"https:\/\/vapemaison.com\/#website"},"primaryImageOfPage":{"@id":"https:\/\/vapemaison.com\/product\/humo-azul-vape-2-nicotine-15k-puff-azul\/#primaryimage"},"image":{"@id":"https:\/\/vapemaison.com\/product\/humo-azul-vape-2-nicotine-15k-puff-azul\/#primaryimage"},"thumbnailUrl":"https:\/\/vapemaison.com\/wp-content\/uploads\/2025\/10\/banner-16-scaled.png","datePublished":"2025-11-18T02:21:21+00:00","dateModified":"2026-05-14T18:00:01+00:00","description":"Compra el Humo Azul 15000 Puffs Desechables en VapeMaison. Carga r\u00e1pida Type-C, m\u00faltiples sabores y opciones de compra al por mayor disponibles.","breadcrumb":{"@id":"https:\/\/vapemaison.com\/product\/humo-azul-vape-2-nicotine-15k-puff-azul\/#breadcrumb"},"inLanguage":"es","potentialAction":[{"@type":"ReadAction","target":["https:\/\/vapemaison.com\/product\/humo-azul-vape-2-nicotine-15k-puff-azul\/"]}]},{"@type":"ImageObject","inLanguage":"es","@id":"https:\/\/vapemaison.com\/product\/humo-azul-vape-2-nicotine-15k-puff-azul\/#primaryimage","url":"https:\/\/vapemaison.com\/wp-content\/uploads\/2025\/10\/banner-16-scaled.png","contentUrl":"https:\/\/vapemaison.com\/wp-content\/uploads\/2025\/10\/banner-16-scaled.png","width":2560,"height":1366,"caption":"Banner 16 Scaled Disposable Vape Device"},{"@type":"BreadcrumbList","@id":"https:\/\/vapemaison.com\/product\/humo-azul-vape-2-nicotine-15k-puff-azul\/#breadcrumb","itemListElement":[{"@type":"ListItem","position":1,"name":"\u9996\u9875","item":"https:\/\/vapemaison.com\/"},{"@type":"ListItem","position":2,"name":"Shop","item":"https:\/\/vapemaison.com\/shop\/"},{"@type":"ListItem","position":3,"name":"Humo Azul","item":"https:\/\/vapemaison.com\/brand\/humo-azul\/"},{"@type":"ListItem","position":4,"name":"Humo Azul Vape 2% Nicotine | 15k Puff Azul"}]},{"@type":"WebSite","@id":"https:\/\/vapemaison.com\/#website","url":"https:\/\/vapemaison.com\/","name":"VapeMaison","description":"Dispositivos y accesorios premium para vapear","publisher":{"@id":"https:\/\/vapemaison.com\/#organization"},"potentialAction":[{"@type":"SearchAction","target":{"@type":"EntryPoint","urlTemplate":"https:\/\/vapemaison.com\/?s={search_term_string}"},"query-input":{"@type":"PropertyValueSpecification","valueRequired":true,"valueName":"search_term_string"}}],"inLanguage":"es"},{"@type":"Organization","@id":"https:\/\/vapemaison.com\/#organization","name":"VapeMaison","url":"https:\/\/vapemaison.com\/","logo":{"@type":"ImageObject","inLanguage":"es","@id":"https:\/\/vapemaison.com\/#\/schema\/logo\/image\/","url":"https:\/\/vapemaison.com\/wp-content\/uploads\/2026\/01\/cropped-vapemaison-logo-g-2026.webp","contentUrl":"https:\/\/vapemaison.com\/wp-content\/uploads\/2026\/01\/cropped-vapemaison-logo-g-2026.webp","width":350,"height":280,"caption":"VapeMaison"},"image":{"@id":"https:\/\/vapemaison.com\/#\/schema\/logo\/image\/"},"sameAs":["https:\/\/www.youtube.com\/@VapeMaison"]}]}},"tiered_pricing_type":"fixed","tiered_pricing_fixed_rules":{"30":"6.98","50":"6.63","100":"6.34","200":"6.12"},"tiered_pricing_product_settings":{"layout":"default","base_unit_name":{"singular":null,"plural":null},"default_variation":null},"tiered_pricing_minimum_quantity":10,"tiered_pricing_roles_data":[],"tiered_pricing_percentage_rules":[],"tiered_pricing_maximum_quantity":null,"tiered_pricing_quantity_step":null,"_links":{"self":[{"href":"https:\/\/vapemaison.com\/es\/wp-json\/wp\/v2\/product\/14004","targetHints":{"allow":["GET"]}}],"collection":[{"href":"https:\/\/vapemaison.com\/es\/wp-json\/wp\/v2\/product"}],"about":[{"href":"https:\/\/vapemaison.com\/es\/wp-json\/wp\/v2\/types\/product"}],"replies":[{"embeddable":true,"href":"https:\/\/vapemaison.com\/es\/wp-json\/wp\/v2\/comments?post=14004"}],"version-history":[{"count":1,"href":"https:\/\/vapemaison.com\/es\/wp-json\/wp\/v2\/product\/14004\/revisions"}],"predecessor-version":[{"id":25485,"href":"https:\/\/vapemaison.com\/es\/wp-json\/wp\/v2\/product\/14004\/revisions\/25485"}],"wp:featuredmedia":[{"embeddable":true,"href":"https:\/\/vapemaison.com\/es\/wp-json\/wp\/v2\/media\/9032"}],"wp:attachment":[{"href":"https:\/\/vapemaison.com\/es\/wp-json\/wp\/v2\/media?parent=14004"}],"wp:term":[{"taxonomy":"product_brand","embeddable":true,"href":"https:\/\/vapemaison.com\/es\/wp-json\/wp\/v2\/product_brand?post=14004"},{"taxonomy":"product_cat","embeddable":true,"href":"https:\/\/vapemaison.com\/es\/wp-json\/wp\/v2\/product_cat?post=14004"},{"taxonomy":"product_tag","embeddable":true,"href":"https:\/\/vapemaison.com\/es\/wp-json\/wp\/v2\/product_tag?post=14004"}],"curies":[{"name":"wp","href":"https:\/\/api.w.org\/{rel}","templated":true}]}}