

{"id":14556,"date":"2025-11-21T02:16:33","date_gmt":"2025-11-21T02:16:33","guid":{"rendered":"https:\/\/vapemaison.com\/?post_type=product&#038;p=14556"},"modified":"2025-11-22T07:55:24","modified_gmt":"2025-11-22T07:55:24","slug":"bang-blaze-bc5000-5k-puffs","status":"publish","type":"product","link":"https:\/\/vapemaison.com\/es\/product\/bang-blaze-bc5000-5k-puffs\/","title":{"rendered":"Bang Blaze BC5000 Vape Puff 5k"},"content":{"rendered":"<h3 class=\"wp-block-heading\"><strong>Experiencia de vapeo duradera<\/strong><\/h3>\n\n\n\n<p>En <strong>Bang Blaze BC5000 Vape<\/strong> ofrece una experiencia de vapeo suave y consistente, hecha para durar. Cada dispositivo proporciona hasta <strong>5000 bocanadas<\/strong>, garantizando un rendimiento fiable sin necesidad de sustituciones frecuentes.<\/p>\n\n\n\n<h3 class=\"wp-block-heading\"><strong>Potencias de nicotina personalizables<\/strong><\/h3>\n\n\n\n<p>Adem\u00e1s, el BC5000 est\u00e1 disponible en <strong>Concentraciones de nicotina 2%, 3% y 5%<\/strong>, permitiendo a los vapeadores seleccionar el nivel que mejor se adapte a sus preferencias. Si usted prefiere un golpe m\u00e1s ligero o un golpe de garganta m\u00e1s fuerte, el dispositivo mantiene una salida constante, ofreciendo un empate satisfactorio con cada calada.<\/p>\n\n\n\n<h3 class=\"wp-block-heading\"><strong>Sabores atrevidos en cada calada<\/strong><\/h3>\n\n\n\n<p>Adem\u00e1s, el <strong>13 ml de capacidad de e-l\u00edquido precargado<\/strong> ofrece sabores intensos y equilibrados desde la primera calada hasta la \u00faltima. Gracias a su <strong>Bobina de malla de 1,2\u03a9<\/strong>, El BC5000 produce un vapor suave y un perfil de sabor m\u00e1s rico. La estructura de malla mejora tanto la claridad del sabor como la densidad del vapor, garantizando una experiencia de vapeo agradable y consistente.<\/p>\n\n\n\n<h3 class=\"wp-block-heading\"><strong>Potencia fiable para un uso prolongado<\/strong><\/h3>\n\n\n\n<p>Impulsado por un <strong>Bater\u00eda recargable de 600 mAh<\/strong>, El BC5000 sigue siendo fiable durante toda su vida \u00fatil. Adem\u00e1s, el <strong>Puerto de carga Tipo-C<\/strong> garantiza una recarga r\u00e1pida y c\u00f3moda, minimizando el tiempo de inactividad para que puedas volver a vapear con facilidad.<\/p>\n\n\n\n<h3 class=\"wp-block-heading\"><strong>Gran variedad de sabores<\/strong><\/h3>\n\n\n\n<p>Por \u00faltimo, con <strong>12 sabores \u00fanicos<\/strong> para elegir, el <strong>Bang Blaze BC5000 Vape<\/strong> combina un rendimiento fiable, una fuerte entrega de sabor y una pr\u00e1ctica comodidad. Esto lo convierte en una excelente opci\u00f3n para cualquiera que busque un vapeador desechable de primera calidad.<\/p>\n\n\n\n<p><strong>Caracter\u00edsticas\uff1a<\/strong><\/p>\n\n\n\n<ul class=\"wp-block-list\">\n<li><strong>Puffs: 5000<\/strong><\/li>\n\n\n\n<li><strong>Sal de nicotina: 2% 5%<\/strong><\/li>\n\n\n\n<li><strong>Capacidad del eliquid: 13ML<\/strong><\/li>\n\n\n\n<li><strong>Resistencia: malla de 1,2 ohmios<\/strong><\/li>\n\n\n\n<li><strong>Bater\u00eda:600mAh<\/strong><\/li>\n\n\n\n<li><strong>Puerto de carga: Tipo C<\/strong><\/li>\n\n\n\n<li><strong>12 sabores a elegir<\/strong><\/li>\n<\/ul>\n\n\n\n<p><strong>Sabor\uff1a<\/strong><\/p>\n\n\n\n<ol class=\"wp-block-list\">\n<li>Fresa Mango<\/li>\n\n\n\n<li>Helado de fresa<\/li>\n\n\n\n<li>Hielo de sand\u00eda<\/li>\n\n\n\n<li>Hielo de ar\u00e1ndano y frambuesa<\/li>\n\n\n\n<li>Fresa Kiwi<\/li>\n\n\n\n<li>Bebida energ\u00e9tica<\/li>\n\n\n\n<li>Melocot\u00f3n Mango Sand\u00eda<\/li>\n\n\n\n<li>Hielo de ar\u00e1ndanos<\/li>\n\n\n\n<li>Fresa Pl\u00e1tano<\/li>\n\n\n\n<li>Kiwi Fruta de la pasi\u00f3n Guayaba<\/li>\n\n\n\n<li>Frutas variadas<\/li>\n\n\n\n<li>Sand\u00eda con fresa<\/li>\n<\/ol>\n\n\n\n<p>Si est\u00e1 explorando m\u00e1s opciones del <strong><a href=\"https:\/\/vapemaison.com\/brand\/bang\/\">Serie Bang<\/a><\/strong>, no dude en consultar nuestra colecci\u00f3n completa para ver otros sabores y modelos. Y si quiere saber c\u00f3mo puede afectar el vapeo a su salud, tambi\u00e9n puede <strong><a href=\"https:\/\/vapemaison.com\/vaping-risks-why-are-they-addictive-what-are-the-dangers-of-flavor-additives\/\">lea nuestra gu\u00eda detallada <\/a><\/strong>que desglosa los datos clave sobre el impacto de los cigarrillos electr\u00f3nicos en el organismo.<\/p>","protected":false},"excerpt":{"rendered":"<p>Long-Lasting Vaping Experience The Bang Blaze BC5000 Vape delivers a smooth, consistent vaping experience that is built to last. Each device provides up to 5000 puffs, ensuring reliable performance without the need for frequent replacements. Customizable Nicotine Strengths Moreover, the BC5000 is available in 2%, 3%, and 5% nicotine strengths, allowing vapers to select the [&hellip;]<\/p>\n","protected":false},"featured_media":14561,"comment_status":"open","ping_status":"closed","template":"","meta":[],"product_brand":[57],"product_cat":[290],"product_tag":[],"class_list":{"0":"post-14556","1":"product","2":"type-product","3":"status-publish","4":"has-post-thumbnail","6":"product_brand-bang","7":"product_cat-5k-puffs","9":"first","10":"instock","11":"sale","12":"shipping-taxable","13":"purchasable","14":"product-type-variable"},"yoast_head":"<!-- This site is optimized with the Yoast SEO plugin v27.4 - https:\/\/yoast.com\/product\/yoast-seo-wordpress\/ -->\n<title>Bang Blaze BC5000 Vape \u2013 5k Puffs,12 Flavors - VapeMaison<\/title>\n<meta name=\"description\" content=\"Shop the Bang Blaze BC5000 vape with up to 5000 puffs, and multiple nicotine strengths. Smooth flavor for a reliable vaping experience.\" \/>\n<meta name=\"robots\" content=\"index, follow, max-snippet:-1, max-image-preview:large, max-video-preview:-1\" \/>\n<link rel=\"canonical\" href=\"https:\/\/vapemaison.com\/es\/producto\/bang-blaze-bc5000-5k-puffs\/\" \/>\n<meta property=\"og:locale\" content=\"es_ES\" \/>\n<meta property=\"og:type\" content=\"article\" \/>\n<meta property=\"og:title\" content=\"Bang Blaze BC5000 Vape \u2013 5k Puffs,12 Flavors - VapeMaison\" \/>\n<meta property=\"og:description\" content=\"Shop the Bang Blaze BC5000 vape with up to 5000 puffs, and multiple nicotine strengths. Smooth flavor for a reliable vaping experience.\" \/>\n<meta property=\"og:url\" content=\"https:\/\/vapemaison.com\/es\/producto\/bang-blaze-bc5000-5k-puffs\/\" \/>\n<meta property=\"og:site_name\" content=\"VapeMaison\" \/>\n<meta property=\"article:modified_time\" content=\"2025-11-22T07:55:24+00:00\" \/>\n<meta property=\"og:image\" content=\"https:\/\/vapemaison.com\/wp-content\/uploads\/2025\/11\/main-picture.jpg.webp\" \/>\n\t<meta property=\"og:image:width\" content=\"1000\" \/>\n\t<meta property=\"og:image:height\" content=\"1000\" \/>\n\t<meta property=\"og:image:type\" content=\"image\/webp\" \/>\n<meta name=\"twitter:card\" content=\"summary_large_image\" \/>\n<meta name=\"twitter:label1\" content=\"Tiempo de lectura\" \/>\n\t<meta name=\"twitter:data1\" content=\"2 minutos\" \/>\n<!-- \/ Yoast SEO plugin. -->","yoast_head_json":{"title":"Bang Blaze BC5000 Vape - 5k Puffs,12 Sabores - VapeMaison","description":"Compra el vaporizador Bang Blaze BC5000 con hasta 5000 caladas y m\u00faltiples niveles de nicotina. Sabor suave para una experiencia de vapeo fiable.","robots":{"index":"index","follow":"follow","max-snippet":"max-snippet:-1","max-image-preview":"max-image-preview:large","max-video-preview":"max-video-preview:-1"},"canonical":"https:\/\/vapemaison.com\/es\/producto\/bang-blaze-bc5000-5k-puffs\/","og_locale":"es_ES","og_type":"article","og_title":"Bang Blaze BC5000 Vape \u2013 5k Puffs,12 Flavors - VapeMaison","og_description":"Shop the Bang Blaze BC5000 vape with up to 5000 puffs, and multiple nicotine strengths. Smooth flavor for a reliable vaping experience.","og_url":"https:\/\/vapemaison.com\/es\/producto\/bang-blaze-bc5000-5k-puffs\/","og_site_name":"VapeMaison","article_modified_time":"2025-11-22T07:55:24+00:00","og_image":[{"width":1000,"height":1000,"url":"https:\/\/vapemaison.com\/wp-content\/uploads\/2025\/11\/main-picture.jpg.webp","type":"image\/webp"}],"twitter_card":"summary_large_image","twitter_misc":{"Tiempo de lectura":"2 minutos"},"schema":{"@context":"https:\/\/schema.org","@graph":[{"@type":"WebPage","@id":"https:\/\/vapemaison.com\/product\/bang-blaze-bc5000-5k-puffs\/","url":"https:\/\/vapemaison.com\/product\/bang-blaze-bc5000-5k-puffs\/","name":"Bang Blaze BC5000 Vape - 5k Puffs,12 Sabores - VapeMaison","isPartOf":{"@id":"https:\/\/vapemaison.com\/#website"},"primaryImageOfPage":{"@id":"https:\/\/vapemaison.com\/product\/bang-blaze-bc5000-5k-puffs\/#primaryimage"},"image":{"@id":"https:\/\/vapemaison.com\/product\/bang-blaze-bc5000-5k-puffs\/#primaryimage"},"thumbnailUrl":"https:\/\/vapemaison.com\/wp-content\/uploads\/2025\/11\/main-picture.jpg.webp","datePublished":"2025-11-21T02:16:33+00:00","dateModified":"2025-11-22T07:55:24+00:00","description":"Compra el vaporizador Bang Blaze BC5000 con hasta 5000 caladas y m\u00faltiples niveles de nicotina. Sabor suave para una experiencia de vapeo fiable.","breadcrumb":{"@id":"https:\/\/vapemaison.com\/product\/bang-blaze-bc5000-5k-puffs\/#breadcrumb"},"inLanguage":"es","potentialAction":[{"@type":"ReadAction","target":["https:\/\/vapemaison.com\/product\/bang-blaze-bc5000-5k-puffs\/"]}]},{"@type":"ImageObject","inLanguage":"es","@id":"https:\/\/vapemaison.com\/product\/bang-blaze-bc5000-5k-puffs\/#primaryimage","url":"https:\/\/vapemaison.com\/wp-content\/uploads\/2025\/11\/main-picture.jpg.webp","contentUrl":"https:\/\/vapemaison.com\/wp-content\/uploads\/2025\/11\/main-picture.jpg.webp","width":1000,"height":1000,"caption":"Main Picture.jpg Disposable Vape Device"},{"@type":"BreadcrumbList","@id":"https:\/\/vapemaison.com\/product\/bang-blaze-bc5000-5k-puffs\/#breadcrumb","itemListElement":[{"@type":"ListItem","position":1,"name":"\u9996\u9875","item":"https:\/\/vapemaison.com\/"},{"@type":"ListItem","position":2,"name":"Shop","item":"https:\/\/vapemaison.com\/shop\/"},{"@type":"ListItem","position":3,"name":"Bang","item":"https:\/\/vapemaison.com\/brand\/bang\/"},{"@type":"ListItem","position":4,"name":"Bang Blaze BC5000 Vape 5K Puffs"}]},{"@type":"WebSite","@id":"https:\/\/vapemaison.com\/#website","url":"https:\/\/vapemaison.com\/","name":"VapeMaison","description":"Dispositivos y accesorios premium para vapear","publisher":{"@id":"https:\/\/vapemaison.com\/#organization"},"potentialAction":[{"@type":"SearchAction","target":{"@type":"EntryPoint","urlTemplate":"https:\/\/vapemaison.com\/?s={search_term_string}"},"query-input":{"@type":"PropertyValueSpecification","valueRequired":true,"valueName":"search_term_string"}}],"inLanguage":"es"},{"@type":"Organization","@id":"https:\/\/vapemaison.com\/#organization","name":"VapeMaison","url":"https:\/\/vapemaison.com\/","logo":{"@type":"ImageObject","inLanguage":"es","@id":"https:\/\/vapemaison.com\/#\/schema\/logo\/image\/","url":"https:\/\/vapemaison.com\/wp-content\/uploads\/2026\/01\/cropped-vapemaison-logo-g-2026.webp","contentUrl":"https:\/\/vapemaison.com\/wp-content\/uploads\/2026\/01\/cropped-vapemaison-logo-g-2026.webp","width":350,"height":280,"caption":"VapeMaison"},"image":{"@id":"https:\/\/vapemaison.com\/#\/schema\/logo\/image\/"},"sameAs":["https:\/\/www.youtube.com\/@VapeMaison"]}]}},"tiered_pricing_type":"fixed","tiered_pricing_fixed_rules":{"30":"7.32","50":"6.88","100":"6.42","200":"5.98"},"tiered_pricing_product_settings":{"layout":"default","base_unit_name":{"singular":null,"plural":null},"default_variation":null},"tiered_pricing_minimum_quantity":10,"tiered_pricing_roles_data":[],"tiered_pricing_percentage_rules":[],"tiered_pricing_maximum_quantity":null,"tiered_pricing_quantity_step":null,"_links":{"self":[{"href":"https:\/\/vapemaison.com\/es\/wp-json\/wp\/v2\/product\/14556","targetHints":{"allow":["GET"]}}],"collection":[{"href":"https:\/\/vapemaison.com\/es\/wp-json\/wp\/v2\/product"}],"about":[{"href":"https:\/\/vapemaison.com\/es\/wp-json\/wp\/v2\/types\/product"}],"replies":[{"embeddable":true,"href":"https:\/\/vapemaison.com\/es\/wp-json\/wp\/v2\/comments?post=14556"}],"version-history":[{"count":0,"href":"https:\/\/vapemaison.com\/es\/wp-json\/wp\/v2\/product\/14556\/revisions"}],"wp:featuredmedia":[{"embeddable":true,"href":"https:\/\/vapemaison.com\/es\/wp-json\/wp\/v2\/media\/14561"}],"wp:attachment":[{"href":"https:\/\/vapemaison.com\/es\/wp-json\/wp\/v2\/media?parent=14556"}],"wp:term":[{"taxonomy":"product_brand","embeddable":true,"href":"https:\/\/vapemaison.com\/es\/wp-json\/wp\/v2\/product_brand?post=14556"},{"taxonomy":"product_cat","embeddable":true,"href":"https:\/\/vapemaison.com\/es\/wp-json\/wp\/v2\/product_cat?post=14556"},{"taxonomy":"product_tag","embeddable":true,"href":"https:\/\/vapemaison.com\/es\/wp-json\/wp\/v2\/product_tag?post=14556"}],"curies":[{"name":"wp","href":"https:\/\/api.w.org\/{rel}","templated":true}]}}