

{"id":14781,"date":"2025-11-22T07:48:07","date_gmt":"2025-11-22T07:48:07","guid":{"rendered":"https:\/\/vapemaison.com\/?post_type=product&#038;p=14781"},"modified":"2025-11-22T07:54:16","modified_gmt":"2025-11-22T07:54:16","slug":"40k-puff-bang-king-tornado-40000-puffs-vape-pen-desechable","status":"publish","type":"product","link":"https:\/\/vapemaison.com\/es\/product\/40k-puff-bang-king-tornado-40000-puffs-disposable-vape-pen\/","title":{"rendered":"40k Puff Bang King Tornado | 40000 Puffs Vapeador Desechable"},"content":{"rendered":"<p>Presentaci\u00f3n de la <strong>Puff Bang rey Tornado 40k Puff<\/strong> - la Edici\u00f3n con Pantalla LED dise\u00f1ada para los vapeadores que exigen un rendimiento audaz y una capacidad masiva en cada calada. Con hasta 40.000 caladas, este vaporizador desechable ofrece una satisfacci\u00f3n duradera, un sabor vibrante y un rendimiento fiable, todo en un dispositivo elegante.<\/p>\n\n\n\n<p>Lleno con 35mL de e-liquido premium y disponible en 2%, 3%, o 5% potencias de nicotina, el <strong>40k Puff Bang Rey Tornado<\/strong> satisface todas las preferencias, desde ligeros golpes de garganta hasta sabores ricos e intensos. Tanto si eres un vapeador ocasional como un avezado perseguidor de nubes, este dispositivo cumple.<\/p>\n\n\n\n<p>En su n\u00facleo, 40k Puff Bang King Tornado cuenta con una bobina de malla 1.0\u03a9 con flujo de aire ajustable, ofreciendo una experiencia personalizable tanto para estilos MTL y DTL. Cada calada es suave, consistente y llena de sabor, ofreci\u00e9ndote la mejor experiencia de vapeo en todo momento.<\/p>\n\n\n\n<p>Alimentado por una bater\u00eda recargable de 1000 mAh y equipado con un puerto de carga Type-C, el Tornado 40.000 minimiza el tiempo de inactividad, para que puedas vapear durante m\u00e1s tiempo. La pantalla LED integrada te mantiene informado de los niveles de bater\u00eda y e-l\u00edquido, para que siempre tengas todo bajo control.<\/p>\n\n\n\n<p>Con 12 sabores premium para elegir,<strong> el Tornado Puff Bang King de 40k<\/strong> aporta un equilibrio perfecto de sabor, rendimiento y fiabilidad en cada aparato.<\/p>\n\n\n\n<h2 class=\"wp-block-heading\"><strong>Caracter\u00edsticas\uff1a<\/strong><\/h2>\n\n\n\n<ul class=\"wp-block-list\">\n<li>Bocanadas: HASTA 40000 caladas<\/li>\n\n\n\n<li>Nicotine:2%\/3%\/5%<\/li>\n\n\n\n<li>Tipos: Desechable<\/li>\n\n\n\n<li>1.0 Mesh Coil, Flujo de aire ajustable<\/li>\n\n\n\n<li>Recarga tipo c<\/li>\n\n\n\n<li>E-l\u00edquido: 35mL<\/li>\n\n\n\n<li>Capacidad de la bater\u00eda\uff1a1000 mAh<\/li>\n\n\n\n<li>12 sabores a elegir<\/li>\n<\/ul>\n\n\n\n<h2 class=\"wp-block-heading\"><strong>Sabor<\/strong>:<\/h2>\n\n\n\n<p>1.Sand\u00eda<\/p>\n\n\n\n<p>2.Sand\u00eda con fresa<\/p>\n\n\n\n<p>3.Hielo de ar\u00e1ndano<\/p>\n\n\n\n<p>4.Ar\u00e1ndano Frambuesa<\/p>\n\n\n\n<p>5.Hielo de fresa<\/p>\n\n\n\n<p>6.Kiwi fresa<\/p>\n\n\n\n<p>7.Mango Melocot\u00f3n Sand\u00eda<\/p>\n\n\n\n<p>8.Kiwi Fruta de la Pasi\u00f3n Granada<\/p>\n\n\n\n<p>9.Hielo de melocot\u00f3n<\/p>\n\n\n\n<p>10.Mezcla de bayas<\/p>\n\n\n\n<p>11.Ar\u00e1ndano Uva<\/p>\n\n\n\n<p>12.Sand\u00eda Chicle<\/p>","protected":false},"excerpt":{"rendered":"<p>Introducing the Puff Bang king Tornado 40k Puff \u2013 the LED Display Edition designed for vapers who demand bold performance and massive capacity in every puff. With up to 40k puffs, this disposable vape pen offers long-lasting satisfaction, vibrant flavor, and reliable performance\u2014all packed into one sleek device. Filled with 35mL of premium e-liquid and [&hellip;]<\/p>\n","protected":false},"featured_media":14782,"comment_status":"open","ping_status":"closed","template":"","meta":[],"product_brand":[57],"product_cat":[135],"product_tag":[],"class_list":{"0":"post-14781","1":"product","2":"type-product","3":"status-publish","4":"has-post-thumbnail","6":"product_brand-bang","7":"product_cat-40k-puffs","9":"first","10":"instock","11":"sale","12":"shipping-taxable","13":"purchasable","14":"product-type-variable"},"yoast_head":"<!-- This site is optimized with the Yoast SEO plugin v27.4 - https:\/\/yoast.com\/product\/yoast-seo-wordpress\/ -->\n<title>40K Puff Bang King Tornado | 40000 Puffs Disposable Vape<\/title>\n<meta name=\"description\" content=\"Experience the 40k puff Bang King Tornado Disposable Vape with 12 premium flavors. Available in 2%, 3%, and 5% nicotine strengths.\" \/>\n<meta name=\"robots\" content=\"index, follow, max-snippet:-1, max-image-preview:large, max-video-preview:-1\" \/>\n<link rel=\"canonical\" href=\"https:\/\/vapemaison.com\/es\/producto\/40k-puff-bang-king-tornado-40000-puffs-vape-pen-desechable\/\" \/>\n<meta property=\"og:locale\" content=\"es_ES\" \/>\n<meta property=\"og:type\" content=\"article\" \/>\n<meta property=\"og:title\" content=\"40K Puff Bang King Tornado | 40000 Puffs Disposable Vape\" \/>\n<meta property=\"og:description\" content=\"Experience the 40k puff Bang King Tornado Disposable Vape with 12 premium flavors. Available in 2%, 3%, and 5% nicotine strengths.\" \/>\n<meta property=\"og:url\" content=\"https:\/\/vapemaison.com\/es\/producto\/40k-puff-bang-king-tornado-40000-puffs-vape-pen-desechable\/\" \/>\n<meta property=\"og:site_name\" content=\"VapeMaison\" \/>\n<meta property=\"article:modified_time\" content=\"2025-11-22T07:54:16+00:00\" \/>\n<meta property=\"og:image\" content=\"https:\/\/vapemaison.com\/wp-content\/uploads\/2025\/11\/vape-maison-bang-king-tornado-40000-puffs-blueberry-grape-654x690-1.webp\" \/>\n\t<meta property=\"og:image:width\" content=\"654\" \/>\n\t<meta property=\"og:image:height\" content=\"690\" \/>\n\t<meta property=\"og:image:type\" content=\"image\/webp\" \/>\n<meta name=\"twitter:card\" content=\"summary_large_image\" \/>\n<meta name=\"twitter:label1\" content=\"Tiempo de lectura\" \/>\n\t<meta name=\"twitter:data1\" content=\"2 minutos\" \/>\n<!-- \/ Yoast SEO plugin. -->","yoast_head_json":{"title":"40K Puff Bang King Tornado | 40000 Puffs Vape Desechable","description":"Experimenta el vapeador desechable Bang King Tornado de 40k caladas con 12 sabores premium. Disponible en potencias de nicotina 2%, 3%, y 5%.","robots":{"index":"index","follow":"follow","max-snippet":"max-snippet:-1","max-image-preview":"max-image-preview:large","max-video-preview":"max-video-preview:-1"},"canonical":"https:\/\/vapemaison.com\/es\/producto\/40k-puff-bang-king-tornado-40000-puffs-vape-pen-desechable\/","og_locale":"es_ES","og_type":"article","og_title":"40K Puff Bang King Tornado | 40000 Puffs Disposable Vape","og_description":"Experience the 40k puff Bang King Tornado Disposable Vape with 12 premium flavors. Available in 2%, 3%, and 5% nicotine strengths.","og_url":"https:\/\/vapemaison.com\/es\/producto\/40k-puff-bang-king-tornado-40000-puffs-vape-pen-desechable\/","og_site_name":"VapeMaison","article_modified_time":"2025-11-22T07:54:16+00:00","og_image":[{"width":654,"height":690,"url":"https:\/\/vapemaison.com\/wp-content\/uploads\/2025\/11\/vape-maison-bang-king-tornado-40000-puffs-blueberry-grape-654x690-1.webp","type":"image\/webp"}],"twitter_card":"summary_large_image","twitter_misc":{"Tiempo de lectura":"2 minutos"},"schema":{"@context":"https:\/\/schema.org","@graph":[{"@type":"WebPage","@id":"https:\/\/vapemaison.com\/product\/40k-puff-bang-king-tornado-40000-puffs-disposable-vape-pen\/","url":"https:\/\/vapemaison.com\/product\/40k-puff-bang-king-tornado-40000-puffs-disposable-vape-pen\/","name":"40K Puff Bang King Tornado | 40000 Puffs Vape Desechable","isPartOf":{"@id":"https:\/\/vapemaison.com\/#website"},"primaryImageOfPage":{"@id":"https:\/\/vapemaison.com\/product\/40k-puff-bang-king-tornado-40000-puffs-disposable-vape-pen\/#primaryimage"},"image":{"@id":"https:\/\/vapemaison.com\/product\/40k-puff-bang-king-tornado-40000-puffs-disposable-vape-pen\/#primaryimage"},"thumbnailUrl":"https:\/\/vapemaison.com\/wp-content\/uploads\/2025\/11\/vape-maison-bang-king-tornado-40000-puffs-blueberry-grape-654x690-1.webp","datePublished":"2025-11-22T07:48:07+00:00","dateModified":"2025-11-22T07:54:16+00:00","description":"Experimenta el vapeador desechable Bang King Tornado de 40k caladas con 12 sabores premium. Disponible en potencias de nicotina 2%, 3%, y 5%.","breadcrumb":{"@id":"https:\/\/vapemaison.com\/product\/40k-puff-bang-king-tornado-40000-puffs-disposable-vape-pen\/#breadcrumb"},"inLanguage":"es","potentialAction":[{"@type":"ReadAction","target":["https:\/\/vapemaison.com\/product\/40k-puff-bang-king-tornado-40000-puffs-disposable-vape-pen\/"]}]},{"@type":"ImageObject","inLanguage":"es","@id":"https:\/\/vapemaison.com\/product\/40k-puff-bang-king-tornado-40000-puffs-disposable-vape-pen\/#primaryimage","url":"https:\/\/vapemaison.com\/wp-content\/uploads\/2025\/11\/vape-maison-bang-king-tornado-40000-puffs-blueberry-grape-654x690-1.webp","contentUrl":"https:\/\/vapemaison.com\/wp-content\/uploads\/2025\/11\/vape-maison-bang-king-tornado-40000-puffs-blueberry-grape-654x690-1.webp","width":654,"height":690,"caption":"Vape Maison Bang King Tornado Puffs Blueberry Grape 654x690"},{"@type":"BreadcrumbList","@id":"https:\/\/vapemaison.com\/product\/40k-puff-bang-king-tornado-40000-puffs-disposable-vape-pen\/#breadcrumb","itemListElement":[{"@type":"ListItem","position":1,"name":"\u9996\u9875","item":"https:\/\/vapemaison.com\/"},{"@type":"ListItem","position":2,"name":"Shop","item":"https:\/\/vapemaison.com\/shop\/"},{"@type":"ListItem","position":3,"name":"Bang","item":"https:\/\/vapemaison.com\/brand\/bang\/"},{"@type":"ListItem","position":4,"name":"40k Puff Bang King Tornado | 40000 Puffs Disposable Vape Pen"}]},{"@type":"WebSite","@id":"https:\/\/vapemaison.com\/#website","url":"https:\/\/vapemaison.com\/","name":"VapeMaison","description":"Dispositivos y accesorios premium para vapear","publisher":{"@id":"https:\/\/vapemaison.com\/#organization"},"potentialAction":[{"@type":"SearchAction","target":{"@type":"EntryPoint","urlTemplate":"https:\/\/vapemaison.com\/?s={search_term_string}"},"query-input":{"@type":"PropertyValueSpecification","valueRequired":true,"valueName":"search_term_string"}}],"inLanguage":"es"},{"@type":"Organization","@id":"https:\/\/vapemaison.com\/#organization","name":"VapeMaison","url":"https:\/\/vapemaison.com\/","logo":{"@type":"ImageObject","inLanguage":"es","@id":"https:\/\/vapemaison.com\/#\/schema\/logo\/image\/","url":"https:\/\/vapemaison.com\/wp-content\/uploads\/2026\/01\/cropped-vapemaison-logo-g-2026.webp","contentUrl":"https:\/\/vapemaison.com\/wp-content\/uploads\/2026\/01\/cropped-vapemaison-logo-g-2026.webp","width":350,"height":280,"caption":"VapeMaison"},"image":{"@id":"https:\/\/vapemaison.com\/#\/schema\/logo\/image\/"},"sameAs":["https:\/\/www.youtube.com\/@VapeMaison"]}]}},"tiered_pricing_type":"fixed","tiered_pricing_fixed_rules":{"30":"9.98","50":"8.88","100":"7.98","200":"6.99"},"tiered_pricing_product_settings":{"layout":"default","base_unit_name":{"singular":null,"plural":null},"default_variation":null},"tiered_pricing_minimum_quantity":10,"tiered_pricing_roles_data":[],"tiered_pricing_percentage_rules":[],"tiered_pricing_maximum_quantity":null,"tiered_pricing_quantity_step":"10","_links":{"self":[{"href":"https:\/\/vapemaison.com\/es\/wp-json\/wp\/v2\/product\/14781","targetHints":{"allow":["GET"]}}],"collection":[{"href":"https:\/\/vapemaison.com\/es\/wp-json\/wp\/v2\/product"}],"about":[{"href":"https:\/\/vapemaison.com\/es\/wp-json\/wp\/v2\/types\/product"}],"replies":[{"embeddable":true,"href":"https:\/\/vapemaison.com\/es\/wp-json\/wp\/v2\/comments?post=14781"}],"version-history":[{"count":0,"href":"https:\/\/vapemaison.com\/es\/wp-json\/wp\/v2\/product\/14781\/revisions"}],"wp:featuredmedia":[{"embeddable":true,"href":"https:\/\/vapemaison.com\/es\/wp-json\/wp\/v2\/media\/14782"}],"wp:attachment":[{"href":"https:\/\/vapemaison.com\/es\/wp-json\/wp\/v2\/media?parent=14781"}],"wp:term":[{"taxonomy":"product_brand","embeddable":true,"href":"https:\/\/vapemaison.com\/es\/wp-json\/wp\/v2\/product_brand?post=14781"},{"taxonomy":"product_cat","embeddable":true,"href":"https:\/\/vapemaison.com\/es\/wp-json\/wp\/v2\/product_cat?post=14781"},{"taxonomy":"product_tag","embeddable":true,"href":"https:\/\/vapemaison.com\/es\/wp-json\/wp\/v2\/product_tag?post=14781"}],"curies":[{"name":"wp","href":"https:\/\/api.w.org\/{rel}","templated":true}]}}