

{"id":14990,"date":"2025-11-26T06:20:26","date_gmt":"2025-11-26T06:20:26","guid":{"rendered":"https:\/\/vapemaison.com\/?post_type=product&#038;p=14990"},"modified":"2026-01-22T03:51:23","modified_gmt":"2026-01-22T03:51:23","slug":"zooy-zero-45k-puff","status":"publish","type":"product","link":"https:\/\/vapemaison.com\/es\/product\/zooy-zero-45k-puff\/","title":{"rendered":"ZOOY ZERO 45k Puff - Vapeo inteligente y ajustable para el futuro"},"content":{"rendered":"<p>Experimenta una personalizaci\u00f3n de nivel superior con el <strong>ZOOY ZERO 45000 Puffs<\/strong>, un innovador vaporizador desechable dise\u00f1ado para ofrecer un control total, un sabor intenso y un rendimiento duradero. Con hasta <strong>45.000 bocanadas<\/strong>, Con bobinas de doble malla, nicotina ajustable y una pantalla LED inteligente, cada detalle est\u00e1 dise\u00f1ado en torno a tu estilo de vapeo perfecto.<\/p>\n\n\n\n<h2 class=\"wp-block-heading\"><strong>Por qu\u00e9 te encantar\u00e1 el ZOOY ZERO 45000<\/strong><\/h2>\n\n\n\n<p><strong>Nicotina y refrigeraci\u00f3n ajustables (NIC&amp;ICE Control)<\/strong><\/p>\n\n\n\n<p>Ajuste con precisi\u00f3n la potencia de la nicotina y la intensidad del enfriamiento. Disfruta de un golpe m\u00e1s suave y personalizado, tanto si prefieres una calada suave como una sensaci\u00f3n m\u00e1s fuerte en la garganta.<\/p>\n\n\n\n<p><strong>Perfecto para vapear en MTL y DTL<\/strong><\/p>\n\n\n\n<p>Cambia sin esfuerzo entre los estilos Boca a Pulm\u00f3n y Directo a Pulm\u00f3n.<br>En <strong>sistema de flujo de aire ajustable<\/strong> le permite controlar la resistencia a la extracci\u00f3n para obtener la experiencia exacta que desea.<\/p>\n\n\n\n<p><strong>Bobina de malla doble para un sabor superior<\/strong><\/p>\n\n\n\n<p>Equipado con <strong>Bobinas de malla doble de 0,6\u03a9 + 1,5\u03a9<\/strong>, entregando:<\/p>\n\n\n\n<ul class=\"wp-block-list\">\n<li>Calentamiento m\u00e1s r\u00e1pido<\/li>\n\n\n\n<li>Sabor m\u00e1s rico<\/li>\n\n\n\n<li>Nubes m\u00e1s grandes y suaves<\/li>\n<\/ul>\n\n\n\n<p><strong>Pantalla LED inteligente<\/strong><\/p>\n\n\n\n<p>Mant\u00e9ngase plenamente informado con datos en tiempo real:<\/p>\n\n\n\n<ul class=\"wp-block-list\">\n<li>Recuento de puff<\/li>\n\n\n\n<li>Nivel de bater\u00eda<\/li>\n\n\n\n<li>Estado del e-l\u00edquido<\/li>\n<\/ul>\n\n\n\n<p>No vuelvas a adivinar cu\u00e1nto queda.<\/p>\n\n\n\n<p><strong>Potencia que dura m\u00e1s<\/strong><\/p>\n\n\n\n<p>A <strong>Bater\u00eda recargable de 1000 mAh<\/strong> emparejado con <strong>Carga r\u00e1pida Tipo-C<\/strong> te permite vapear durante m\u00e1s tiempo y recargar m\u00e1s r\u00e1pido.<\/p>\n\n\n\n<h2 class=\"wp-block-heading\"><strong>Caracter\u00edsticas principales<\/strong><\/h2>\n\n\n\n<ul class=\"wp-block-list\">\n<li><strong>Hasta 45.000 bocanadas<\/strong> - Vida \u00fatil ultralarga<\/li>\n\n\n\n<li><strong>Niveles de nicotina ajustables<\/strong> - Controla tu fuerza<\/li>\n\n\n\n<li><strong>Control NIC&amp;ICE<\/strong> - Personalizar refrigeraci\u00f3n + nicotina<\/li>\n\n\n\n<li><strong>Flujo de aire ajustable<\/strong> - MTL o DTL, usted elige<\/li>\n\n\n\n<li><strong>Bobina de malla doble de 0,6\u03a9 + 1,5\u03a9<\/strong> - Sabor + vapor optimizados<\/li>\n\n\n\n<li><strong>Pantalla LED inteligente<\/strong> - Indicadores de bater\u00eda, calada y zumo<\/li>\n\n\n\n<li><strong>Bater\u00eda recargable de 1000 mAh<\/strong><\/li>\n\n\n\n<li><strong>Carga r\u00e1pida Tipo-C<\/strong><\/li>\n\n\n\n<li><strong>10 opciones de sabores premium<\/strong><\/li>\n<\/ul>\n\n\n\n<h2 class=\"wp-block-heading\"><strong>Sabores disponibles<\/strong><\/h2>\n\n\n\n<ul class=\"wp-block-list\">\n<li>Hielo de sand\u00eda<\/li>\n\n\n\n<li>Hielo de ar\u00e1ndanos<\/li>\n\n\n\n<li>Sand\u00eda con fresa<\/li>\n\n\n\n<li>Lim\u00f3n Cola<\/li>\n\n\n\n<li>Fresa Kiwi<\/li>\n\n\n\n<li>Uva Manzana<\/li>\n\n\n\n<li>Fresa Naranja Pop<\/li>\n\n\n\n<li>Hielo Razz Azul<\/li>\n\n\n\n<li>Sand\u00eda con ar\u00e1ndanos<\/li>\n\n\n\n<li>Mango Pasi\u00f3n Guayaba<\/li>\n<\/ul>\n\n\n\n<h2 class=\"wp-block-heading\"><strong>ZOOY ZERO 45000 - Creado para vapeadores que quieren control<\/strong><\/h2>\n\n\n\n<p>El ZOOY ZERO 45000 te da las herramientas para crear tu sesi\u00f3n perfecta, ya sea que busques caladas m\u00e1s fuertes, un sabor m\u00e1s suave o una personalizaci\u00f3n total. Dise\u00f1ado para el rendimiento, dise\u00f1ado para la comodidad, y lleno de caracter\u00edsticas inteligentes, este dispositivo representa el futuro de los vaporizadores desechables de gama alta.<\/p>\n\n\n\n<p>Si le interesa saber m\u00e1s sobre <strong>Zooy<\/strong>, consulte nuestro <strong><a href=\"https:\/\/vapemaison.com\/shop\/\">Colecci\u00f3n de vapeadores desechables Zooy<\/a><\/strong> para explorar otros modelos con diferentes cantidades de caladas y sabores. Para opciones similares, el <strong><a href=\"https:\/\/vapemaison.com\/product\/zooy-trlple-70000-70k-puffs\/\">ZOOY SHISHA 25K<\/a><\/strong> y <strong><a href=\"https:\/\/vapemaison.com\/product\/puff-zooy-flyer-35000-disposable-vape-wholesale\/\"><strong><a href=\"https:\/\/vapemaison.com\/wp-admin\/post.php?post=25580&amp;action=edit\">Puff Zooy Flyer 35k<\/a><\/strong><\/a><\/strong> son alternativas populares con una mayor duraci\u00f3n de la bater\u00eda y diversas opciones de sabores. Tambi\u00e9n puede consultar nuestra <strong><a href=\"https:\/\/vapemaison.com\/\">dispositivos vape desechables<\/a><\/strong> para comparar otras marcas y encontrar la que mejor se adapte a sus necesidades.<\/p>\n\n\n\n<p><\/p>","protected":false},"excerpt":{"rendered":"<p>Experience next-level personalization with the ZOOY ZERO 45000 Puffs, a breakthrough disposable vape engineered for full control, rich flavor, and long-lasting performance. With up to 45,000 puffs, dual mesh coils, adjustable nicotine, and a smart LED screen, every detail is designed around your perfect vaping style. Why You\u2019ll Love the ZOOY ZERO 45000 Adjustable Nicotine [&hellip;]<\/p>\n","protected":false},"featured_media":15057,"comment_status":"open","ping_status":"closed","template":"","meta":[],"product_brand":[170],"product_cat":[156],"product_tag":[],"class_list":{"0":"post-14990","1":"product","2":"type-product","3":"status-publish","4":"has-post-thumbnail","6":"product_brand-zooy","7":"product_cat-45k-puffs","9":"first","10":"instock","11":"sale","12":"shipping-taxable","13":"purchasable","14":"product-type-variable"},"yoast_head":"<!-- This site is optimized with the Yoast SEO plugin v27.4 - https:\/\/yoast.com\/product\/yoast-seo-wordpress\/ -->\n<title>ZOOY ZERO 45k Puff \u2013 Smart Adjustable Vaping for the Future - VapeMaison<\/title>\n<meta name=\"robots\" content=\"index, follow, max-snippet:-1, max-image-preview:large, max-video-preview:-1\" \/>\n<link rel=\"canonical\" href=\"https:\/\/vapemaison.com\/es\/producto\/zooy-zero-45k-puff\/\" \/>\n<meta property=\"og:locale\" content=\"es_ES\" \/>\n<meta property=\"og:type\" content=\"article\" \/>\n<meta property=\"og:title\" content=\"ZOOY ZERO 45k Puff \u2013 Smart Adjustable Vaping for the Future - VapeMaison\" \/>\n<meta property=\"og:description\" content=\"Experience next-level personalization with the ZOOY ZERO 45000 Puffs, a breakthrough disposable vape engineered for full control, rich flavor, and long-lasting performance. With up to 45,000 puffs, dual mesh coils, adjustable nicotine, and a smart LED screen, every detail is designed around your perfect vaping style. Why You\u2019ll Love the ZOOY ZERO 45000 Adjustable Nicotine [&hellip;]\" \/>\n<meta property=\"og:url\" content=\"https:\/\/vapemaison.com\/es\/producto\/zooy-zero-45k-puff\/\" \/>\n<meta property=\"og:site_name\" content=\"VapeMaison\" \/>\n<meta property=\"article:modified_time\" content=\"2026-01-22T03:51:23+00:00\" \/>\n<meta property=\"og:image\" content=\"https:\/\/vapemaison.com\/wp-content\/uploads\/2025\/11\/vapemaison-zooy-zero-45000-45k-puffs-main-picture.webp\" \/>\n\t<meta property=\"og:image:width\" content=\"800\" \/>\n\t<meta property=\"og:image:height\" content=\"800\" \/>\n\t<meta property=\"og:image:type\" content=\"image\/webp\" \/>\n<meta name=\"twitter:card\" content=\"summary_large_image\" \/>\n<meta name=\"twitter:label1\" content=\"Tiempo de lectura\" \/>\n\t<meta name=\"twitter:data1\" content=\"2 minutos\" \/>\n<!-- \/ Yoast SEO plugin. -->","yoast_head_json":{"title":"ZOOY ZERO 45k Puff - Vaping inteligente ajustable para el futuro - VapeMaison","robots":{"index":"index","follow":"follow","max-snippet":"max-snippet:-1","max-image-preview":"max-image-preview:large","max-video-preview":"max-video-preview:-1"},"canonical":"https:\/\/vapemaison.com\/es\/producto\/zooy-zero-45k-puff\/","og_locale":"es_ES","og_type":"article","og_title":"ZOOY ZERO 45k Puff \u2013 Smart Adjustable Vaping for the Future - VapeMaison","og_description":"Experience next-level personalization with the ZOOY ZERO 45000 Puffs, a breakthrough disposable vape engineered for full control, rich flavor, and long-lasting performance. With up to 45,000 puffs, dual mesh coils, adjustable nicotine, and a smart LED screen, every detail is designed around your perfect vaping style. Why You\u2019ll Love the ZOOY ZERO 45000 Adjustable Nicotine [&hellip;]","og_url":"https:\/\/vapemaison.com\/es\/producto\/zooy-zero-45k-puff\/","og_site_name":"VapeMaison","article_modified_time":"2026-01-22T03:51:23+00:00","og_image":[{"width":800,"height":800,"url":"https:\/\/vapemaison.com\/wp-content\/uploads\/2025\/11\/vapemaison-zooy-zero-45000-45k-puffs-main-picture.webp","type":"image\/webp"}],"twitter_card":"summary_large_image","twitter_misc":{"Tiempo de lectura":"2 minutos"},"schema":{"@context":"https:\/\/schema.org","@graph":[{"@type":"WebPage","@id":"https:\/\/vapemaison.com\/product\/zooy-zero-45k-puff\/","url":"https:\/\/vapemaison.com\/product\/zooy-zero-45k-puff\/","name":"ZOOY ZERO 45k Puff - Vaping inteligente ajustable para el futuro - VapeMaison","isPartOf":{"@id":"https:\/\/vapemaison.com\/#website"},"primaryImageOfPage":{"@id":"https:\/\/vapemaison.com\/product\/zooy-zero-45k-puff\/#primaryimage"},"image":{"@id":"https:\/\/vapemaison.com\/product\/zooy-zero-45k-puff\/#primaryimage"},"thumbnailUrl":"https:\/\/vapemaison.com\/wp-content\/uploads\/2025\/11\/vapemaison-zooy-zero-45000-45k-puffs-main-picture.webp","datePublished":"2025-11-26T06:20:26+00:00","dateModified":"2026-01-22T03:51:23+00:00","breadcrumb":{"@id":"https:\/\/vapemaison.com\/product\/zooy-zero-45k-puff\/#breadcrumb"},"inLanguage":"es","potentialAction":[{"@type":"ReadAction","target":["https:\/\/vapemaison.com\/product\/zooy-zero-45k-puff\/"]}]},{"@type":"ImageObject","inLanguage":"es","@id":"https:\/\/vapemaison.com\/product\/zooy-zero-45k-puff\/#primaryimage","url":"https:\/\/vapemaison.com\/wp-content\/uploads\/2025\/11\/vapemaison-zooy-zero-45000-45k-puffs-main-picture.webp","contentUrl":"https:\/\/vapemaison.com\/wp-content\/uploads\/2025\/11\/vapemaison-zooy-zero-45000-45k-puffs-main-picture.webp","width":800,"height":800,"caption":"Vapemaison Zooy Zero 45k Puffs Main Picture"},{"@type":"BreadcrumbList","@id":"https:\/\/vapemaison.com\/product\/zooy-zero-45k-puff\/#breadcrumb","itemListElement":[{"@type":"ListItem","position":1,"name":"\u9996\u9875","item":"https:\/\/vapemaison.com\/"},{"@type":"ListItem","position":2,"name":"Shop","item":"https:\/\/vapemaison.com\/shop\/"},{"@type":"ListItem","position":3,"name":"Zooy","item":"https:\/\/vapemaison.com\/brand\/zooy\/"},{"@type":"ListItem","position":4,"name":"ZOOY ZERO 45k Puff \u2013 Smart Adjustable Vaping for the Future"}]},{"@type":"WebSite","@id":"https:\/\/vapemaison.com\/#website","url":"https:\/\/vapemaison.com\/","name":"VapeMaison","description":"Dispositivos y accesorios premium para vapear","publisher":{"@id":"https:\/\/vapemaison.com\/#organization"},"potentialAction":[{"@type":"SearchAction","target":{"@type":"EntryPoint","urlTemplate":"https:\/\/vapemaison.com\/?s={search_term_string}"},"query-input":{"@type":"PropertyValueSpecification","valueRequired":true,"valueName":"search_term_string"}}],"inLanguage":"es"},{"@type":"Organization","@id":"https:\/\/vapemaison.com\/#organization","name":"VapeMaison","url":"https:\/\/vapemaison.com\/","logo":{"@type":"ImageObject","inLanguage":"es","@id":"https:\/\/vapemaison.com\/#\/schema\/logo\/image\/","url":"https:\/\/vapemaison.com\/wp-content\/uploads\/2026\/01\/cropped-vapemaison-logo-g-2026.webp","contentUrl":"https:\/\/vapemaison.com\/wp-content\/uploads\/2026\/01\/cropped-vapemaison-logo-g-2026.webp","width":350,"height":280,"caption":"VapeMaison"},"image":{"@id":"https:\/\/vapemaison.com\/#\/schema\/logo\/image\/"},"sameAs":["https:\/\/www.youtube.com\/@VapeMaison"]}]}},"tiered_pricing_type":"fixed","tiered_pricing_fixed_rules":{"30":"10.99","50":"9.98","100":"8.88","200":"7.98"},"tiered_pricing_product_settings":{"layout":"default","base_unit_name":{"singular":null,"plural":null},"default_variation":null},"tiered_pricing_minimum_quantity":10,"tiered_pricing_roles_data":[],"tiered_pricing_percentage_rules":[],"tiered_pricing_maximum_quantity":null,"tiered_pricing_quantity_step":"10","_links":{"self":[{"href":"https:\/\/vapemaison.com\/es\/wp-json\/wp\/v2\/product\/14990","targetHints":{"allow":["GET"]}}],"collection":[{"href":"https:\/\/vapemaison.com\/es\/wp-json\/wp\/v2\/product"}],"about":[{"href":"https:\/\/vapemaison.com\/es\/wp-json\/wp\/v2\/types\/product"}],"replies":[{"embeddable":true,"href":"https:\/\/vapemaison.com\/es\/wp-json\/wp\/v2\/comments?post=14990"}],"version-history":[{"count":2,"href":"https:\/\/vapemaison.com\/es\/wp-json\/wp\/v2\/product\/14990\/revisions"}],"predecessor-version":[{"id":26171,"href":"https:\/\/vapemaison.com\/es\/wp-json\/wp\/v2\/product\/14990\/revisions\/26171"}],"wp:featuredmedia":[{"embeddable":true,"href":"https:\/\/vapemaison.com\/es\/wp-json\/wp\/v2\/media\/15057"}],"wp:attachment":[{"href":"https:\/\/vapemaison.com\/es\/wp-json\/wp\/v2\/media?parent=14990"}],"wp:term":[{"taxonomy":"product_brand","embeddable":true,"href":"https:\/\/vapemaison.com\/es\/wp-json\/wp\/v2\/product_brand?post=14990"},{"taxonomy":"product_cat","embeddable":true,"href":"https:\/\/vapemaison.com\/es\/wp-json\/wp\/v2\/product_cat?post=14990"},{"taxonomy":"product_tag","embeddable":true,"href":"https:\/\/vapemaison.com\/es\/wp-json\/wp\/v2\/product_tag?post=14990"}],"curies":[{"name":"wp","href":"https:\/\/api.w.org\/{rel}","templated":true}]}}