

{"id":15227,"date":"2025-11-27T07:15:09","date_gmt":"2025-11-27T07:15:09","guid":{"rendered":"https:\/\/vapemaison.com\/?post_type=product&#038;p=15227"},"modified":"2026-05-14T03:28:32","modified_gmt":"2026-05-14T03:28:32","slug":"humo-case-triple-berry-phone-case-vape-desechable","status":"publish","type":"product","link":"https:\/\/vapemaison.com\/es\/product\/humo-case-triple-berry-phone-case-disposable-vape\/","title":{"rendered":"Humo Case Vape - Funda de tel\u00e9fono desechable Vape"},"content":{"rendered":"<p>Humo Case Triple Berry M\u00e1s que un dispositivo, es una innovaci\u00f3n - un <strong>funda de tel\u00e9fono real que funciona como vaporizador recargable<\/strong>.Ll\u00e9velo a todas partes, disfrute de su vape en cualquier momento, y mantenga sus manos libres sin volumen extra.<\/p>\n\n\n\n<h3 class=\"wp-block-heading\"><strong>Sabor refrescante, sensaci\u00f3n inolvidable<\/strong><\/h3>\n\n\n\n<p>Humo Case Vape Triple Berry re\u00fane el tr\u00edo perfecto de fresas, ar\u00e1ndanos y frambuesas. Cada calada estalla de jugosa dulzura, seguida de un final suave y ligeramente \u00e1cido que te hace volver a por m\u00e1s. Es una sinfon\u00eda de sabores creada para los amantes de las bayas.<\/p>\n\n\n\n<h3 class=\"wp-block-heading\"><strong>\u00bfPor qu\u00e9 elegir Humo Case Vape Triple Berry?<\/strong><\/h3>\n\n\n\n<p>Funda de tel\u00e9fono real + integraci\u00f3n de vaporizador: la primera de su clase<br>Sabor sin fisuras con tecnolog\u00eda de bobina de vanguardia<br>Dise\u00f1o elegante y f\u00e1cil de transportar<br>A prueba de fugas y recargable por USB-C<br>Perfecto para los usuarios con estilo a los que les gusta destacar<\/p>\n\n\n\n<h3 class=\"wp-block-heading\"><strong>Experiencia de sabor<\/strong><\/h3>\n\n\n\n<p>La inhalaci\u00f3n comienza con la dulzura de la fresa madura, seguida de la profundidad del ar\u00e1ndano y un toque de frambuesa en la exhalaci\u00f3n. Equilibrado, afrutado y suave, Triple Berry es tu vapeador para todo el d\u00eda con el toque justo de frescor.<\/p>\n\n\n\n<h3 class=\"wp-block-heading\"><strong>Dise\u00f1o e innovaci\u00f3n<\/strong><\/h3>\n\n\n\n<p>Dise\u00f1o exclusivo de funda de tel\u00e9fono real: discreta, port\u00e1til y pr\u00e1ctica<\/p>\n\n\n\n<p>Estructura ergon\u00f3mica que se adapta con naturalidad a tus objetos cotidianos<\/p>\n\n\n\n<p>Sistema de flujo de aire suave para un suministro de sabor uniforme<\/p>\n\n\n\n<p>Perfecto para quienes desean una experiencia de vapeo refrescante y llena de energ\u00eda<\/p>\n\n\n\n<h3 class=\"wp-block-heading\"><strong>Especificaciones<\/strong>s<\/h3>\n\n\n\n<figure class=\"wp-block-table\"><table class=\"has-fixed-layout\"><thead><tr><th>Caracter\u00edstica<\/th><th>Descripci\u00f3n<\/th><\/tr><\/thead><tbody><tr><td><strong>Sabor<\/strong><\/td><td>Triple baya<\/td><\/tr><tr><td><strong>Recuento de puff<\/strong><\/td><td>30,000<\/td><\/tr><tr><td><strong>Resistencia<\/strong><\/td><td>1.2\u03a9<\/td><\/tr><tr><td><strong>Capacidad de e-l\u00edquido<\/strong><\/td><td>20 ml<\/td><\/tr><tr><td><strong>Potencia de nicotina<\/strong><\/td><td>5%<\/td><\/tr><\/tbody><\/table><\/figure>\n\n\n\n<h3 class=\"wp-block-heading\"><strong>Seguridad y exenci\u00f3n de responsabilidad<\/strong><\/h3>\n\n\n\n<p>S\u00f3lo para uso de adultos (21+). Mantener fuera del alcance de ni\u00f1os y mascotas.<br>Este producto contiene nicotina, que es una sustancia qu\u00edmica adictiva.<br>No se vende a menores.<\/p>\n\n\n\n<p>Descubra las \u00faltimas innovaciones en vaporizaci\u00f3n port\u00e1til en <a href=\"https:\/\/vapemaison.com\/\">VapeMaison<\/a>, donde la comodidad se une al estilo. Consulte toda nuestra gama de productos en la <a href=\"https:\/\/vapemaison.com\/shop\/\">Tienda<\/a> incluida la popular <strong>Caso Humo<\/strong> por <a href=\"https:\/\/vapemaison.com\/brand\/humocase\/\"><\/a><a href=\"https:\/\/vapemaison.com\/brand\/humocase\/\">Humocase<\/a>, Una combinaci\u00f3n perfecta de dise\u00f1o elegante y experiencia de vapeo suave. Tanto si buscas un compa\u00f1ero inteligente para el d\u00eda a d\u00eda como ideas para regalar, encontrar\u00e1s algo que se adapte a tu estilo de vida.<\/p>","protected":false},"excerpt":{"rendered":"<p data-start=\"132\" data-end=\"389\">Dise\u00f1ado espec\u00edficamente para <strong data-start=\"158\" data-end=\"171\">iPhone <\/strong>, <strong data-start=\"173\" data-end=\"185\">HumoCase<\/strong> te permite proteger tu tel\u00e9fono y disfrutar de un vapeo suave en una elegante funda recargable. Sin dispositivos adicionales, sin volumen a\u00f1adido, solo una soluci\u00f3n limpia y c\u00f3moda para el d\u00eda a d\u00eda que se adapta de forma natural a tu rutina.<\/p>\n<p data-start=\"396\" data-end=\"503\">Si valora la comodidad, el dise\u00f1o inteligente y el rendimiento fiable, HumoCase es una elecci\u00f3n f\u00e1cil para el uso diario.<\/p>","protected":false},"featured_media":15332,"comment_status":"open","ping_status":"closed","template":"","meta":[],"product_brand":[163],"product_cat":[134],"product_tag":[],"class_list":{"0":"post-15227","1":"product","2":"type-product","3":"status-publish","4":"has-post-thumbnail","6":"product_brand-humocase","7":"product_cat-30k-puffs","9":"first","10":"instock","11":"sale","12":"shipping-taxable","13":"purchasable","14":"product-type-variable"},"yoast_head":"<!-- This site is optimized with the Yoast SEO plugin v27.4 - https:\/\/yoast.com\/product\/yoast-seo-wordpress\/ -->\n<title>Humo Case Vape Triple Berry \u2013 Phone Case Disposable Vape<\/title>\n<meta name=\"description\" content=\"Experience the bold fusion of strawberry, blueberry, and raspberry with Humo Case Vape Triple Berry . This flavor redefines what portable vaping can be.\" \/>\n<meta name=\"robots\" content=\"index, follow, max-snippet:-1, max-image-preview:large, max-video-preview:-1\" \/>\n<link rel=\"canonical\" href=\"https:\/\/vapemaison.com\/es\/producto\/humo-case-triple-berry-phone-case-vape-desechable\/\" \/>\n<meta property=\"og:locale\" content=\"es_ES\" \/>\n<meta property=\"og:type\" content=\"article\" \/>\n<meta property=\"og:title\" content=\"Humo Case Vape Triple Berry \u2013 Phone Case Disposable Vape\" \/>\n<meta property=\"og:description\" content=\"Experience the bold fusion of strawberry, blueberry, and raspberry with Humo Case Vape Triple Berry . This flavor redefines what portable vaping can be.\" \/>\n<meta property=\"og:url\" content=\"https:\/\/vapemaison.com\/es\/producto\/humo-case-triple-berry-phone-case-vape-desechable\/\" \/>\n<meta property=\"og:site_name\" content=\"VapeMaison\" \/>\n<meta property=\"article:modified_time\" content=\"2026-05-14T03:28:32+00:00\" \/>\n<meta property=\"og:image\" content=\"https:\/\/vapemaison.com\/wp-content\/uploads\/2025\/11\/homecase-display-5-flavor-picture.jpg\" \/>\n\t<meta property=\"og:image:width\" content=\"1147\" \/>\n\t<meta property=\"og:image:height\" content=\"1453\" \/>\n\t<meta property=\"og:image:type\" content=\"image\/jpeg\" \/>\n<meta name=\"twitter:card\" content=\"summary_large_image\" \/>\n<meta name=\"twitter:label1\" content=\"Tiempo de lectura\" \/>\n\t<meta name=\"twitter:data1\" content=\"2 minutos\" \/>\n<!-- \/ Yoast SEO plugin. -->","yoast_head_json":{"title":"Humo Case Vape Triple Berry - Phone Case Vape Desechable","description":"Experimente la audaz fusi\u00f3n de fresa, ar\u00e1ndano y frambuesa con Humo Case Vape Triple Berry . Este sabor redefine lo que puede ser el vapeo port\u00e1til.","robots":{"index":"index","follow":"follow","max-snippet":"max-snippet:-1","max-image-preview":"max-image-preview:large","max-video-preview":"max-video-preview:-1"},"canonical":"https:\/\/vapemaison.com\/es\/producto\/humo-case-triple-berry-phone-case-vape-desechable\/","og_locale":"es_ES","og_type":"article","og_title":"Humo Case Vape Triple Berry \u2013 Phone Case Disposable Vape","og_description":"Experience the bold fusion of strawberry, blueberry, and raspberry with Humo Case Vape Triple Berry . This flavor redefines what portable vaping can be.","og_url":"https:\/\/vapemaison.com\/es\/producto\/humo-case-triple-berry-phone-case-vape-desechable\/","og_site_name":"VapeMaison","article_modified_time":"2026-05-14T03:28:32+00:00","og_image":[{"width":1147,"height":1453,"url":"https:\/\/vapemaison.com\/wp-content\/uploads\/2025\/11\/homecase-display-5-flavor-picture.jpg","type":"image\/jpeg"}],"twitter_card":"summary_large_image","twitter_misc":{"Tiempo de lectura":"2 minutos"},"schema":{"@context":"https:\/\/schema.org","@graph":[{"@type":"WebPage","@id":"https:\/\/vapemaison.com\/product\/humo-case-triple-berry-phone-case-disposable-vape\/","url":"https:\/\/vapemaison.com\/product\/humo-case-triple-berry-phone-case-disposable-vape\/","name":"Humo Case Vape Triple Berry - Phone Case Vape Desechable","isPartOf":{"@id":"https:\/\/vapemaison.com\/#website"},"primaryImageOfPage":{"@id":"https:\/\/vapemaison.com\/product\/humo-case-triple-berry-phone-case-disposable-vape\/#primaryimage"},"image":{"@id":"https:\/\/vapemaison.com\/product\/humo-case-triple-berry-phone-case-disposable-vape\/#primaryimage"},"thumbnailUrl":"https:\/\/vapemaison.com\/wp-content\/uploads\/2025\/11\/homecase-display-5-flavor-picture.jpg","datePublished":"2025-11-27T07:15:09+00:00","dateModified":"2026-05-14T03:28:32+00:00","description":"Experimente la audaz fusi\u00f3n de fresa, ar\u00e1ndano y frambuesa con Humo Case Vape Triple Berry . Este sabor redefine lo que puede ser el vapeo port\u00e1til.","breadcrumb":{"@id":"https:\/\/vapemaison.com\/product\/humo-case-triple-berry-phone-case-disposable-vape\/#breadcrumb"},"inLanguage":"es","potentialAction":[{"@type":"ReadAction","target":["https:\/\/vapemaison.com\/product\/humo-case-triple-berry-phone-case-disposable-vape\/"]}]},{"@type":"ImageObject","inLanguage":"es","@id":"https:\/\/vapemaison.com\/product\/humo-case-triple-berry-phone-case-disposable-vape\/#primaryimage","url":"https:\/\/vapemaison.com\/wp-content\/uploads\/2025\/11\/homecase-display-5-flavor-picture.jpg","contentUrl":"https:\/\/vapemaison.com\/wp-content\/uploads\/2025\/11\/homecase-display-5-flavor-picture.jpg","width":1147,"height":1453,"caption":"Homecase Display 5 Flavor Picture"},{"@type":"BreadcrumbList","@id":"https:\/\/vapemaison.com\/product\/humo-case-triple-berry-phone-case-disposable-vape\/#breadcrumb","itemListElement":[{"@type":"ListItem","position":1,"name":"\u9996\u9875","item":"https:\/\/vapemaison.com\/"},{"@type":"ListItem","position":2,"name":"Shop","item":"https:\/\/vapemaison.com\/shop\/"},{"@type":"ListItem","position":3,"name":"HumoCase","item":"https:\/\/vapemaison.com\/brand\/humocase\/"},{"@type":"ListItem","position":4,"name":"Humo Case Vape \u2013 Phone Case Disposable Vape"}]},{"@type":"WebSite","@id":"https:\/\/vapemaison.com\/#website","url":"https:\/\/vapemaison.com\/","name":"VapeMaison","description":"Dispositivos y accesorios premium para vapear","publisher":{"@id":"https:\/\/vapemaison.com\/#organization"},"potentialAction":[{"@type":"SearchAction","target":{"@type":"EntryPoint","urlTemplate":"https:\/\/vapemaison.com\/?s={search_term_string}"},"query-input":{"@type":"PropertyValueSpecification","valueRequired":true,"valueName":"search_term_string"}}],"inLanguage":"es"},{"@type":"Organization","@id":"https:\/\/vapemaison.com\/#organization","name":"VapeMaison","url":"https:\/\/vapemaison.com\/","logo":{"@type":"ImageObject","inLanguage":"es","@id":"https:\/\/vapemaison.com\/#\/schema\/logo\/image\/","url":"https:\/\/vapemaison.com\/wp-content\/uploads\/2026\/01\/cropped-vapemaison-logo-g-2026.webp","contentUrl":"https:\/\/vapemaison.com\/wp-content\/uploads\/2026\/01\/cropped-vapemaison-logo-g-2026.webp","width":350,"height":280,"caption":"VapeMaison"},"image":{"@id":"https:\/\/vapemaison.com\/#\/schema\/logo\/image\/"},"sameAs":["https:\/\/www.youtube.com\/@VapeMaison"]}]}},"tiered_pricing_type":"fixed","tiered_pricing_fixed_rules":{"30":"9.78","50":"8.44","100":"7.86","200":"6.25"},"tiered_pricing_product_settings":{"layout":"default","base_unit_name":{"singular":null,"plural":null},"default_variation":null},"tiered_pricing_minimum_quantity":5,"tiered_pricing_roles_data":[],"tiered_pricing_percentage_rules":[],"tiered_pricing_maximum_quantity":null,"tiered_pricing_quantity_step":"5","_links":{"self":[{"href":"https:\/\/vapemaison.com\/es\/wp-json\/wp\/v2\/product\/15227","targetHints":{"allow":["GET"]}}],"collection":[{"href":"https:\/\/vapemaison.com\/es\/wp-json\/wp\/v2\/product"}],"about":[{"href":"https:\/\/vapemaison.com\/es\/wp-json\/wp\/v2\/types\/product"}],"replies":[{"embeddable":true,"href":"https:\/\/vapemaison.com\/es\/wp-json\/wp\/v2\/comments?post=15227"}],"version-history":[{"count":1,"href":"https:\/\/vapemaison.com\/es\/wp-json\/wp\/v2\/product\/15227\/revisions"}],"predecessor-version":[{"id":30316,"href":"https:\/\/vapemaison.com\/es\/wp-json\/wp\/v2\/product\/15227\/revisions\/30316"}],"wp:featuredmedia":[{"embeddable":true,"href":"https:\/\/vapemaison.com\/es\/wp-json\/wp\/v2\/media\/15332"}],"wp:attachment":[{"href":"https:\/\/vapemaison.com\/es\/wp-json\/wp\/v2\/media?parent=15227"}],"wp:term":[{"taxonomy":"product_brand","embeddable":true,"href":"https:\/\/vapemaison.com\/es\/wp-json\/wp\/v2\/product_brand?post=15227"},{"taxonomy":"product_cat","embeddable":true,"href":"https:\/\/vapemaison.com\/es\/wp-json\/wp\/v2\/product_cat?post=15227"},{"taxonomy":"product_tag","embeddable":true,"href":"https:\/\/vapemaison.com\/es\/wp-json\/wp\/v2\/product_tag?post=15227"}],"curies":[{"name":"wp","href":"https:\/\/api.w.org\/{rel}","templated":true}]}}