

{"id":15901,"date":"2025-12-04T10:32:57","date_gmt":"2025-12-04T10:32:57","guid":{"rendered":"https:\/\/vapemaison.com\/?post_type=product&#038;p=15901"},"modified":"2025-12-05T08:04:39","modified_gmt":"2025-12-05T08:04:39","slug":"bang-box-9000-puffs-vape-desechable","status":"publish","type":"product","link":"https:\/\/vapemaison.com\/es\/product\/bang-box-9000-puffs-disposable-vape\/","title":{"rendered":"Bang Box 9000 Puffs Vape Desechable"},"content":{"rendered":"<p>Experimenta un rendimiento de vapeo de nivel superior con el <strong>Bang Box 9000 - 9.000 Puffs Vape Desechable<\/strong>. Dise\u00f1ado para la comodidad, el sabor y la durabilidad, este avanzado dispositivo re\u00fane un elegante cuerpo estilo caja, una vibrante pantalla LED y un rendimiento de larga duraci\u00f3n. Si usted es un vapor experimentado o cambiar de fumar tradicional, el Bang Box 9000 asegura una experiencia vaping suave, satisfactoria y sin esfuerzo.<\/p>\n\n\n\n<p>En <strong>Bang Box 9000 Vape desechable<\/strong> ofrece una experiencia superior y f\u00e1cil de usar, dise\u00f1ada para las necesidades de vapeo modernas. Su dise\u00f1o ergon\u00f3mico en forma de caja se adapta c\u00f3modamente a la mano, mientras que la pantalla LED a\u00f1ade un toque de sofisticaci\u00f3n tecnol\u00f3gica al mostrar los niveles de bater\u00eda y e-l\u00edquido en tiempo real.<\/p>\n\n\n\n<p>Con hasta <strong>9.000 bocanadas<\/strong>, a <strong>Bater\u00eda de 650 mAh<\/strong>, y un <strong>bobina de malla<\/strong>, Este dispositivo asegura una entrega de sabor consistente y una producci\u00f3n de vapor suave durante toda la vida \u00fatil del dispositivo.<\/p>\n\n\n\n<p>Tanto si prefieres vapear sin nicotina como si prefieres un golpe m\u00e1s fuerte, la Bang Box 9000 cubre todas tus necesidades con <strong>cuatro niveles de nicotina<\/strong> y <strong>doce sabores exclusivos<\/strong>.<\/p>\n\n\n\n<p>Perfecto para vapear sobre la marcha: sin botones, sin rellenar, sin mantenimiento. Simplemente inhala y disfruta.<\/p>\n\n\n\n<figure class=\"wp-block-table\"><table class=\"has-fixed-layout\"><thead><tr><th>Caracter\u00edstica<\/th><th>Detalles<\/th><\/tr><\/thead><tbody><tr><td><strong>Capacidad de soplado<\/strong><\/td><td>Hasta 9000 bocanadas<\/td><\/tr><tr><td><strong>Volumen de e-l\u00edquido<\/strong><\/td><td>14 ml<\/td><\/tr><tr><td><strong>Opciones de potencia de nicotina<\/strong><\/td><td>0%, 2%, 3%, 5%<\/td><\/tr><tr><td><strong>Capacidad de la bater\u00eda<\/strong><\/td><td>650mAh Recargable<\/td><\/tr><tr><td><strong>Puerto de carga<\/strong><\/td><td>Tipo-C<\/td><\/tr><tr><td><strong>Tipo de bobina<\/strong><\/td><td>Bobina de malla<\/td><\/tr><tr><td><strong>Dise\u00f1o<\/strong><\/td><td>Desechable, no se rellena<\/td><\/tr><tr><td><strong>Pantalla de visualizaci\u00f3n<\/strong><\/td><td>LED para bater\u00eda y nivel de aceite<\/td><\/tr><tr><td><strong>Dimensiones<\/strong><\/td><td>42 \u00d7 40,5 \u00d7 29,5 mm<\/td><\/tr><tr><td><strong>Sabores<\/strong><\/td><td>12 opciones<\/td><\/tr><\/tbody><\/table><\/figure>\n\n\n\n<h2 class=\"wp-block-heading\">Sabores<\/h2>\n\n\n\n<ul class=\"wp-block-list\">\n<li>1.Osito de goma<\/li>\n\n\n\n<li>2.Helado de fresa<\/li>\n\n\n\n<li>3.Melocot\u00f3n Mango<\/li>\n\n\n\n<li>4.Triple Berry Ice<\/li>\n\n\n\n<li>5.Fresa Pl\u00e1tano<\/li>\n\n\n\n<li>6.Hielo exuberante<\/li>\n\n\n\n<li>7.Blue Razz Ice<\/li>\n\n\n\n<li>8.Frutas tropicales<\/li>\n\n\n\n<li>9.Aloe Uva<\/li>\n\n\n\n<li>10. Hielo de melocot\u00f3n<\/li>\n\n\n\n<li>11.Lichi de fresa<\/li>\n\n\n\n<li>12.Menta fresca<\/li>\n<\/ul>\n\n\n\n<p><\/p>","protected":false},"excerpt":{"rendered":"<p>Experience next-level vaping performance with the Bang Box 9000 \u2013 9,000 Puffs Disposable Vape. Designed for convenience, flavor, and durability, this advanced device brings together a sleek box-style body, a vibrant LED display, and long-lasting performance. Whether you\u2019re a seasoned vapor or switching from traditional smoking, the Bang Box 9000 ensures a smooth, satisfying, and [&hellip;]<\/p>\n","protected":false},"featured_media":15907,"comment_status":"open","ping_status":"closed","template":"","meta":[],"product_brand":[57],"product_cat":[293],"product_tag":[],"class_list":{"0":"post-15901","1":"product","2":"type-product","3":"status-publish","4":"has-post-thumbnail","6":"product_brand-bang","7":"product_cat-9k-puffs","9":"first","10":"instock","11":"sale","12":"shipping-taxable","13":"purchasable","14":"product-type-variable"},"yoast_head":"<!-- This site is optimized with the Yoast SEO plugin v27.4 - https:\/\/yoast.com\/product\/yoast-seo-wordpress\/ -->\n<title>Bang Box 9000 Puffs Disposable Vape - LED Display &amp; Mesh Coil - VapeMaison<\/title>\n<meta name=\"description\" content=\"Discover the Bang Box 9000 Disposable Vape featuring 9,000 puffs, a smart LED display, and mesh coil technology. Shop now for a premium vaping experience.\" \/>\n<meta name=\"robots\" content=\"index, follow, max-snippet:-1, max-image-preview:large, max-video-preview:-1\" \/>\n<link rel=\"canonical\" href=\"https:\/\/vapemaison.com\/es\/producto\/bang-box-9000-puffs-vape-desechable\/\" \/>\n<meta property=\"og:locale\" content=\"es_ES\" \/>\n<meta property=\"og:type\" content=\"article\" \/>\n<meta property=\"og:title\" content=\"Bang Box 9000 Puffs Disposable Vape - LED Display &amp; Mesh Coil - VapeMaison\" \/>\n<meta property=\"og:description\" content=\"Discover the Bang Box 9000 Disposable Vape featuring 9,000 puffs, a smart LED display, and mesh coil technology. Shop now for a premium vaping experience.\" \/>\n<meta property=\"og:url\" content=\"https:\/\/vapemaison.com\/es\/producto\/bang-box-9000-puffs-vape-desechable\/\" \/>\n<meta property=\"og:site_name\" content=\"VapeMaison\" \/>\n<meta property=\"article:modified_time\" content=\"2025-12-05T08:04:39+00:00\" \/>\n<meta property=\"og:image\" content=\"https:\/\/vapemaison.com\/wp-content\/uploads\/2025\/12\/vapemaison-bang-box-9000-puffs-00003.jpg.webp\" \/>\n\t<meta property=\"og:image:width\" content=\"800\" \/>\n\t<meta property=\"og:image:height\" content=\"800\" \/>\n\t<meta property=\"og:image:type\" content=\"image\/webp\" \/>\n<meta name=\"twitter:card\" content=\"summary_large_image\" \/>\n<meta name=\"twitter:label1\" content=\"Tiempo de lectura\" \/>\n\t<meta name=\"twitter:data1\" content=\"2 minutos\" \/>\n<!-- \/ Yoast SEO plugin. -->","yoast_head_json":{"title":"Bang Box 9000 Puffs Vapeador Desechable - Pantalla LED y bobina de malla - VapeMaison","description":"Descubre el vaporizador desechable Bang Box 9000 con 9.000 caladas, pantalla LED inteligente y tecnolog\u00eda de bobina de malla. Compra ahora para una experiencia de vapeo premium.","robots":{"index":"index","follow":"follow","max-snippet":"max-snippet:-1","max-image-preview":"max-image-preview:large","max-video-preview":"max-video-preview:-1"},"canonical":"https:\/\/vapemaison.com\/es\/producto\/bang-box-9000-puffs-vape-desechable\/","og_locale":"es_ES","og_type":"article","og_title":"Bang Box 9000 Puffs Disposable Vape - LED Display & Mesh Coil - VapeMaison","og_description":"Discover the Bang Box 9000 Disposable Vape featuring 9,000 puffs, a smart LED display, and mesh coil technology. Shop now for a premium vaping experience.","og_url":"https:\/\/vapemaison.com\/es\/producto\/bang-box-9000-puffs-vape-desechable\/","og_site_name":"VapeMaison","article_modified_time":"2025-12-05T08:04:39+00:00","og_image":[{"width":800,"height":800,"url":"https:\/\/vapemaison.com\/wp-content\/uploads\/2025\/12\/vapemaison-bang-box-9000-puffs-00003.jpg.webp","type":"image\/webp"}],"twitter_card":"summary_large_image","twitter_misc":{"Tiempo de lectura":"2 minutos"},"schema":{"@context":"https:\/\/schema.org","@graph":[{"@type":"WebPage","@id":"https:\/\/vapemaison.com\/product\/bang-box-9000-puffs-disposable-vape\/","url":"https:\/\/vapemaison.com\/product\/bang-box-9000-puffs-disposable-vape\/","name":"Bang Box 9000 Puffs Vapeador Desechable - Pantalla LED y bobina de malla - VapeMaison","isPartOf":{"@id":"https:\/\/vapemaison.com\/#website"},"primaryImageOfPage":{"@id":"https:\/\/vapemaison.com\/product\/bang-box-9000-puffs-disposable-vape\/#primaryimage"},"image":{"@id":"https:\/\/vapemaison.com\/product\/bang-box-9000-puffs-disposable-vape\/#primaryimage"},"thumbnailUrl":"https:\/\/vapemaison.com\/wp-content\/uploads\/2025\/12\/vapemaison-bang-box-9000-puffs-00003.jpg.webp","datePublished":"2025-12-04T10:32:57+00:00","dateModified":"2025-12-05T08:04:39+00:00","description":"Descubre el vaporizador desechable Bang Box 9000 con 9.000 caladas, pantalla LED inteligente y tecnolog\u00eda de bobina de malla. Compra ahora para una experiencia de vapeo premium.","breadcrumb":{"@id":"https:\/\/vapemaison.com\/product\/bang-box-9000-puffs-disposable-vape\/#breadcrumb"},"inLanguage":"es","potentialAction":[{"@type":"ReadAction","target":["https:\/\/vapemaison.com\/product\/bang-box-9000-puffs-disposable-vape\/"]}]},{"@type":"ImageObject","inLanguage":"es","@id":"https:\/\/vapemaison.com\/product\/bang-box-9000-puffs-disposable-vape\/#primaryimage","url":"https:\/\/vapemaison.com\/wp-content\/uploads\/2025\/12\/vapemaison-bang-box-9000-puffs-00003.jpg.webp","contentUrl":"https:\/\/vapemaison.com\/wp-content\/uploads\/2025\/12\/vapemaison-bang-box-9000-puffs-00003.jpg.webp","width":800,"height":800,"caption":"Vapemaison Bang Box Puffs.jpg"},{"@type":"BreadcrumbList","@id":"https:\/\/vapemaison.com\/product\/bang-box-9000-puffs-disposable-vape\/#breadcrumb","itemListElement":[{"@type":"ListItem","position":1,"name":"\u9996\u9875","item":"https:\/\/vapemaison.com\/"},{"@type":"ListItem","position":2,"name":"Shop","item":"https:\/\/vapemaison.com\/shop\/"},{"@type":"ListItem","position":3,"name":"Bang","item":"https:\/\/vapemaison.com\/brand\/bang\/"},{"@type":"ListItem","position":4,"name":"Bang Box 9000 Puffs Disposable Vape"}]},{"@type":"WebSite","@id":"https:\/\/vapemaison.com\/#website","url":"https:\/\/vapemaison.com\/","name":"VapeMaison","description":"Dispositivos y accesorios premium para vapear","publisher":{"@id":"https:\/\/vapemaison.com\/#organization"},"potentialAction":[{"@type":"SearchAction","target":{"@type":"EntryPoint","urlTemplate":"https:\/\/vapemaison.com\/?s={search_term_string}"},"query-input":{"@type":"PropertyValueSpecification","valueRequired":true,"valueName":"search_term_string"}}],"inLanguage":"es"},{"@type":"Organization","@id":"https:\/\/vapemaison.com\/#organization","name":"VapeMaison","url":"https:\/\/vapemaison.com\/","logo":{"@type":"ImageObject","inLanguage":"es","@id":"https:\/\/vapemaison.com\/#\/schema\/logo\/image\/","url":"https:\/\/vapemaison.com\/wp-content\/uploads\/2026\/01\/cropped-vapemaison-logo-g-2026.webp","contentUrl":"https:\/\/vapemaison.com\/wp-content\/uploads\/2026\/01\/cropped-vapemaison-logo-g-2026.webp","width":350,"height":280,"caption":"VapeMaison"},"image":{"@id":"https:\/\/vapemaison.com\/#\/schema\/logo\/image\/"},"sameAs":["https:\/\/www.youtube.com\/@VapeMaison"]}]}},"tiered_pricing_type":"fixed","tiered_pricing_fixed_rules":{"30":"12.86","50":"11.99","100":"10.45","200":"9.27"},"tiered_pricing_product_settings":{"layout":"default","base_unit_name":{"singular":null,"plural":null},"default_variation":null},"tiered_pricing_minimum_quantity":10,"tiered_pricing_roles_data":[],"tiered_pricing_percentage_rules":[],"tiered_pricing_maximum_quantity":null,"tiered_pricing_quantity_step":"10","_links":{"self":[{"href":"https:\/\/vapemaison.com\/es\/wp-json\/wp\/v2\/product\/15901","targetHints":{"allow":["GET"]}}],"collection":[{"href":"https:\/\/vapemaison.com\/es\/wp-json\/wp\/v2\/product"}],"about":[{"href":"https:\/\/vapemaison.com\/es\/wp-json\/wp\/v2\/types\/product"}],"replies":[{"embeddable":true,"href":"https:\/\/vapemaison.com\/es\/wp-json\/wp\/v2\/comments?post=15901"}],"version-history":[{"count":0,"href":"https:\/\/vapemaison.com\/es\/wp-json\/wp\/v2\/product\/15901\/revisions"}],"wp:featuredmedia":[{"embeddable":true,"href":"https:\/\/vapemaison.com\/es\/wp-json\/wp\/v2\/media\/15907"}],"wp:attachment":[{"href":"https:\/\/vapemaison.com\/es\/wp-json\/wp\/v2\/media?parent=15901"}],"wp:term":[{"taxonomy":"product_brand","embeddable":true,"href":"https:\/\/vapemaison.com\/es\/wp-json\/wp\/v2\/product_brand?post=15901"},{"taxonomy":"product_cat","embeddable":true,"href":"https:\/\/vapemaison.com\/es\/wp-json\/wp\/v2\/product_cat?post=15901"},{"taxonomy":"product_tag","embeddable":true,"href":"https:\/\/vapemaison.com\/es\/wp-json\/wp\/v2\/product_tag?post=15901"}],"curies":[{"name":"wp","href":"https:\/\/api.w.org\/{rel}","templated":true}]}}