

{"id":16098,"date":"2025-12-05T07:59:30","date_gmt":"2025-12-05T07:59:30","guid":{"rendered":"https:\/\/vapemaison.com\/?post_type=product&#038;p=16098"},"modified":"2025-12-05T08:03:35","modified_gmt":"2025-12-05T08:03:35","slug":"bang-30k-pro-dual-flavor","status":"publish","type":"product","link":"https:\/\/vapemaison.com\/es\/product\/bang-30k-pro-dual-flavor\/","title":{"rendered":"Bang 30K PRO Doble Sabor Vape Desechable | 30000 Puffs"},"content":{"rendered":"<h2 class=\"wp-block-heading\">Doble experiencia inteligente: La ventaja de Bang 30K PRO<\/h2>\n\n\n\n<ul class=\"wp-block-list\">\n<li><strong>Sistema Twin Pod:<\/strong> Caracter\u00edsticas <strong>dos c\u00e1maras de e-l\u00edquido independientes de 18mL<\/strong> (36 ml de capacidad total), lo que le proporciona el doble de satisfacci\u00f3n y opciones de sabor.<\/li>\n\n\n\n<li><strong>Conmutaci\u00f3n instant\u00e1nea:<\/strong> Cambia f\u00e1cilmente entre dos sabores distintos sobre la marcha. Este sistema te garantiza que nunca m\u00e1s sufrir\u00e1s de \u201cLengua de Vaper\u201d o monoton\u00eda de sabores.<\/li>\n<\/ul>\n\n\n\n<h2 class=\"wp-block-heading\">La experiencia Smart Vaping: Control en tiempo real<\/h2>\n\n\n\n<p>Este es su cuadro de mandos digital. Gracias al <strong>Pantalla LED inteligente<\/strong>, nunca tendr\u00e1s que adivinar. La pantalla te mantiene informado sobre:<\/p>\n\n\n\n<ul class=\"wp-block-list\">\n<li><strong>Estado de la bater\u00eda:<\/strong> Controla con precisi\u00f3n la carga restante de la bater\u00eda de 550 mAh.<\/li>\n\n\n\n<li><strong>Niveles de e-l\u00edquido:<\/strong> Visibilidad en tiempo real del consumo de <em>ambos<\/em> c\u00e1maras de e-l\u00edquido, lo que le permite planificar con antelaci\u00f3n antes de quedarse seco.<\/li>\n<\/ul>\n\n\n\n<h2 class=\"wp-block-heading\">Rendimiento, potencia y precisi\u00f3n<\/h2>\n\n\n\n<ul class=\"wp-block-list\">\n<li><strong>Resistencia extrema:<\/strong> Dise\u00f1ado para <strong>30.000 bocanadas<\/strong>, con un robusto <strong>Bater\u00eda recargable de 550 mAh<\/strong> dise\u00f1ados para durar semanas de uso.<\/li>\n\n\n\n<li><strong>Carga r\u00e1pida Tipo-C:<\/strong> Utilizando la <strong>Carga r\u00e1pida Tipo-C<\/strong> est\u00e1ndar, el dispositivo minimiza el tiempo de inactividad, garantizando que siempre est\u00e9s listo para vapear.<\/li>\n\n\n\n<li><strong>Lo \u00faltimo en sabor:<\/strong> La incrustaci\u00f3n <strong>Bobina de malla 1.0\u03a9<\/strong> proporciona un calentamiento estable y eficiente para el sistema dual, garantizando una producci\u00f3n de vapor suave y un sabor rico y aut\u00e9ntico desde la primera calada hasta la \u00faltima.<\/li>\n<\/ul>\n\n\n\n<h2 class=\"wp-block-heading\">Especificaciones del producto<\/h2>\n\n\n\n<figure class=\"wp-block-table\"><table class=\"has-fixed-layout\"><thead><tr><td><strong>Caracter\u00edstica<\/strong><\/td><td><strong>Detalles<\/strong><\/td><\/tr><\/thead><tbody><tr><td><strong>Recuento de puff<\/strong><\/td><td>Hasta 30.000 inhalaciones (m\u00e1x.)<\/td><\/tr><tr><td><strong>Capacidad de e-l\u00edquido<\/strong><\/td><td>2 C\u00e1psulas de 18 ml (36 ml en total)<\/td><\/tr><tr><td><strong>Innovaci\u00f3n clave<\/strong><\/td><td>Conmutaci\u00f3n dual de sabores, pantalla LED inteligente<\/td><\/tr><tr><td><strong>Bater\u00eda<\/strong><\/td><td>550mAh (Recargable)<\/td><\/tr><tr><td><strong>Puerto de carga<\/strong><\/td><td>Carga r\u00e1pida Tipo-C<\/td><\/tr><tr><td><strong>Resistencia de la bobina<\/strong><\/td><td>Bobina de malla 1.0\u03a9<\/td><\/tr><tr><td><strong>Opciones de nicotina<\/strong><\/td><td>0% \/ 2% \/ 3% \/ 5%<\/td><\/tr><tr><td><strong>Selecci\u00f3n de sabores<\/strong><\/td><td>16 sabores apasionantes<\/td><\/tr><\/tbody><\/table><\/figure>\n\n\n\n<h2 class=\"wp-block-heading\"><strong>Lista de sabores\uff1a<\/strong><\/h2>\n\n\n\n<ol class=\"wp-block-list\">\n<li>Menta con sand\u00eda y ar\u00e1ndanos<\/li>\n\n\n\n<li>Black Dragon Ice &amp; Fresa Pl\u00e1tano<\/li>\n\n\n\n<li>Manzana \u00e1cida y frambuesa<\/li>\n\n\n\n<li>Helado de mango, melocot\u00f3n y pl\u00e1tano<\/li>\n\n\n\n<li>Red Bull y Mango Fresa<\/li>\n\n\n\n<li>Doble Manzana y Kiwi Fruta de la Pasi\u00f3n Granada<\/li>\n\n\n\n<li>Hielo de uva y Cola de cereza<\/li>\n\n\n\n<li>Hielo de menta y triple de bayas<\/li>\n\n\n\n<li>Melocot\u00f3n helado y sand\u00eda con fresa<\/li>\n\n\n\n<li>Ar\u00e1ndano Cereza Ar\u00e1ndano y Sand\u00eda Berry Boom<\/li>\n\n\n\n<li>Love66 &amp; Fresa Kiwi<\/li>\n\n\n\n<li>Pi\u00f1a Ice &amp; Blue Fusion<\/li>\n\n\n\n<li>Uva Sakura y lichi de fresa<\/li>\n\n\n\n<li>Lluvia p\u00farpura y helado de fresa, frambuesa y cereza<\/li>\n\n\n\n<li>Mezcla de frutas y ar\u00e1ndanos<\/li>\n\n\n\n<li>Black Dragon Ice &amp; Mango Pi\u00f1a Melocot\u00f3n<\/li>\n<\/ol>","protected":false},"excerpt":{"rendered":"<p>Smart Dual Experience: The Bang 30K PRO Advantage The Smart Vaping Experience: Real-Time Monitoring This is your digital dashboard. Thanks to the integrated Smart LED Screen, you never have to guess. The display keeps you informed about: Performance, Power, and Precision Product Specifications at a Glance Feature Details Puff Count Up to 30,000 Puffs (Max) [&hellip;]<\/p>\n","protected":false},"featured_media":16109,"comment_status":"open","ping_status":"closed","template":"","meta":[],"product_brand":[57],"product_cat":[134],"product_tag":[],"class_list":{"0":"post-16098","1":"product","2":"type-product","3":"status-publish","4":"has-post-thumbnail","6":"product_brand-bang","7":"product_cat-30k-puffs","9":"first","10":"instock","11":"sale","12":"shipping-taxable","13":"purchasable","14":"product-type-variable"},"yoast_head":"<!-- This site is optimized with the Yoast SEO plugin v27.4 - https:\/\/yoast.com\/product\/yoast-seo-wordpress\/ -->\n<title>Bang 30K PRO Dual Flavor Disposable Vape | 30000 Puffs - VapeMaison<\/title>\n<meta name=\"description\" content=\"Buy the innovative Bang 30K PRO Dual Flavor Disposable Vape. Featuring 30k puffs instant flavor switching. Find the best price and 16 unique flavors here!\" \/>\n<meta name=\"robots\" content=\"index, follow, max-snippet:-1, max-image-preview:large, max-video-preview:-1\" \/>\n<link rel=\"canonical\" href=\"https:\/\/vapemaison.com\/es\/producto\/bang-30k-pro-dual-flavor\/\" \/>\n<meta property=\"og:locale\" content=\"es_ES\" \/>\n<meta property=\"og:type\" content=\"article\" \/>\n<meta property=\"og:title\" content=\"Bang 30K PRO Dual Flavor Disposable Vape | 30000 Puffs - VapeMaison\" \/>\n<meta property=\"og:description\" content=\"Buy the innovative Bang 30K PRO Dual Flavor Disposable Vape. Featuring 30k puffs instant flavor switching. Find the best price and 16 unique flavors here!\" \/>\n<meta property=\"og:url\" content=\"https:\/\/vapemaison.com\/es\/producto\/bang-30k-pro-dual-flavor\/\" \/>\n<meta property=\"og:site_name\" content=\"VapeMaison\" \/>\n<meta property=\"article:modified_time\" content=\"2025-12-05T08:03:35+00:00\" \/>\n<meta property=\"og:image\" content=\"https:\/\/vapemaison.com\/wp-content\/uploads\/2025\/12\/bang-30k-pro-30000-puffs-front-page.jpg.webp\" \/>\n\t<meta property=\"og:image:width\" content=\"900\" \/>\n\t<meta property=\"og:image:height\" content=\"900\" \/>\n\t<meta property=\"og:image:type\" content=\"image\/webp\" \/>\n<meta name=\"twitter:card\" content=\"summary_large_image\" \/>\n<meta name=\"twitter:label1\" content=\"Tiempo de lectura\" \/>\n\t<meta name=\"twitter:data1\" content=\"2 minutos\" \/>\n<!-- \/ Yoast SEO plugin. -->","yoast_head_json":{"title":"Bang 30K PRO Doble Sabor Vapeador Desechable | 30000 Puffs - VapeMaison","description":"Compra el innovador Bang 30K PRO Dual Flavor Vape Desechable. Con 30k caladas de cambio de sabor instant\u00e1neo. \u00a1Encuentra el mejor precio y 16 sabores \u00fanicos aqu\u00ed!","robots":{"index":"index","follow":"follow","max-snippet":"max-snippet:-1","max-image-preview":"max-image-preview:large","max-video-preview":"max-video-preview:-1"},"canonical":"https:\/\/vapemaison.com\/es\/producto\/bang-30k-pro-dual-flavor\/","og_locale":"es_ES","og_type":"article","og_title":"Bang 30K PRO Dual Flavor Disposable Vape | 30000 Puffs - VapeMaison","og_description":"Buy the innovative Bang 30K PRO Dual Flavor Disposable Vape. Featuring 30k puffs instant flavor switching. Find the best price and 16 unique flavors here!","og_url":"https:\/\/vapemaison.com\/es\/producto\/bang-30k-pro-dual-flavor\/","og_site_name":"VapeMaison","article_modified_time":"2025-12-05T08:03:35+00:00","og_image":[{"width":900,"height":900,"url":"https:\/\/vapemaison.com\/wp-content\/uploads\/2025\/12\/bang-30k-pro-30000-puffs-front-page.jpg.webp","type":"image\/webp"}],"twitter_card":"summary_large_image","twitter_misc":{"Tiempo de lectura":"2 minutos"},"schema":{"@context":"https:\/\/schema.org","@graph":[{"@type":"WebPage","@id":"https:\/\/vapemaison.com\/product\/bang-30k-pro-dual-flavor\/","url":"https:\/\/vapemaison.com\/product\/bang-30k-pro-dual-flavor\/","name":"Bang 30K PRO Doble Sabor Vapeador Desechable | 30000 Puffs - VapeMaison","isPartOf":{"@id":"https:\/\/vapemaison.com\/#website"},"primaryImageOfPage":{"@id":"https:\/\/vapemaison.com\/product\/bang-30k-pro-dual-flavor\/#primaryimage"},"image":{"@id":"https:\/\/vapemaison.com\/product\/bang-30k-pro-dual-flavor\/#primaryimage"},"thumbnailUrl":"https:\/\/vapemaison.com\/wp-content\/uploads\/2025\/12\/bang-30k-pro-30000-puffs-front-page.jpg.webp","datePublished":"2025-12-05T07:59:30+00:00","dateModified":"2025-12-05T08:03:35+00:00","description":"Compra el innovador Bang 30K PRO Dual Flavor Vape Desechable. Con 30k caladas de cambio de sabor instant\u00e1neo. \u00a1Encuentra el mejor precio y 16 sabores \u00fanicos aqu\u00ed!","breadcrumb":{"@id":"https:\/\/vapemaison.com\/product\/bang-30k-pro-dual-flavor\/#breadcrumb"},"inLanguage":"es","potentialAction":[{"@type":"ReadAction","target":["https:\/\/vapemaison.com\/product\/bang-30k-pro-dual-flavor\/"]}]},{"@type":"ImageObject","inLanguage":"es","@id":"https:\/\/vapemaison.com\/product\/bang-30k-pro-dual-flavor\/#primaryimage","url":"https:\/\/vapemaison.com\/wp-content\/uploads\/2025\/12\/bang-30k-pro-30000-puffs-front-page.jpg.webp","contentUrl":"https:\/\/vapemaison.com\/wp-content\/uploads\/2025\/12\/bang-30k-pro-30000-puffs-front-page.jpg.webp","width":900,"height":900,"caption":"Bang 30k Pro Puffs Front Page.jpg Disposable Vape Device"},{"@type":"BreadcrumbList","@id":"https:\/\/vapemaison.com\/product\/bang-30k-pro-dual-flavor\/#breadcrumb","itemListElement":[{"@type":"ListItem","position":1,"name":"\u9996\u9875","item":"https:\/\/vapemaison.com\/"},{"@type":"ListItem","position":2,"name":"Shop","item":"https:\/\/vapemaison.com\/shop\/"},{"@type":"ListItem","position":3,"name":"Bang","item":"https:\/\/vapemaison.com\/brand\/bang\/"},{"@type":"ListItem","position":4,"name":"Bang 30K PRO Dual Flavor Disposable Vape | 30000 Puffs"}]},{"@type":"WebSite","@id":"https:\/\/vapemaison.com\/#website","url":"https:\/\/vapemaison.com\/","name":"VapeMaison","description":"Dispositivos y accesorios premium para vapear","publisher":{"@id":"https:\/\/vapemaison.com\/#organization"},"potentialAction":[{"@type":"SearchAction","target":{"@type":"EntryPoint","urlTemplate":"https:\/\/vapemaison.com\/?s={search_term_string}"},"query-input":{"@type":"PropertyValueSpecification","valueRequired":true,"valueName":"search_term_string"}}],"inLanguage":"es"},{"@type":"Organization","@id":"https:\/\/vapemaison.com\/#organization","name":"VapeMaison","url":"https:\/\/vapemaison.com\/","logo":{"@type":"ImageObject","inLanguage":"es","@id":"https:\/\/vapemaison.com\/#\/schema\/logo\/image\/","url":"https:\/\/vapemaison.com\/wp-content\/uploads\/2026\/01\/cropped-vapemaison-logo-g-2026.webp","contentUrl":"https:\/\/vapemaison.com\/wp-content\/uploads\/2026\/01\/cropped-vapemaison-logo-g-2026.webp","width":350,"height":280,"caption":"VapeMaison"},"image":{"@id":"https:\/\/vapemaison.com\/#\/schema\/logo\/image\/"},"sameAs":["https:\/\/www.youtube.com\/@VapeMaison"]}]}},"tiered_pricing_type":"fixed","tiered_pricing_fixed_rules":{"30":"10.24","50":"9.56","100":"8.99","200":"8.36"},"tiered_pricing_product_settings":{"layout":"default","base_unit_name":{"singular":null,"plural":null},"default_variation":null},"tiered_pricing_minimum_quantity":10,"tiered_pricing_roles_data":[],"tiered_pricing_percentage_rules":[],"tiered_pricing_maximum_quantity":null,"tiered_pricing_quantity_step":"10","_links":{"self":[{"href":"https:\/\/vapemaison.com\/es\/wp-json\/wp\/v2\/product\/16098","targetHints":{"allow":["GET"]}}],"collection":[{"href":"https:\/\/vapemaison.com\/es\/wp-json\/wp\/v2\/product"}],"about":[{"href":"https:\/\/vapemaison.com\/es\/wp-json\/wp\/v2\/types\/product"}],"replies":[{"embeddable":true,"href":"https:\/\/vapemaison.com\/es\/wp-json\/wp\/v2\/comments?post=16098"}],"version-history":[{"count":0,"href":"https:\/\/vapemaison.com\/es\/wp-json\/wp\/v2\/product\/16098\/revisions"}],"wp:featuredmedia":[{"embeddable":true,"href":"https:\/\/vapemaison.com\/es\/wp-json\/wp\/v2\/media\/16109"}],"wp:attachment":[{"href":"https:\/\/vapemaison.com\/es\/wp-json\/wp\/v2\/media?parent=16098"}],"wp:term":[{"taxonomy":"product_brand","embeddable":true,"href":"https:\/\/vapemaison.com\/es\/wp-json\/wp\/v2\/product_brand?post=16098"},{"taxonomy":"product_cat","embeddable":true,"href":"https:\/\/vapemaison.com\/es\/wp-json\/wp\/v2\/product_cat?post=16098"},{"taxonomy":"product_tag","embeddable":true,"href":"https:\/\/vapemaison.com\/es\/wp-json\/wp\/v2\/product_tag?post=16098"}],"curies":[{"name":"wp","href":"https:\/\/api.w.org\/{rel}","templated":true}]}}