

{"id":16162,"date":"2025-12-08T07:53:01","date_gmt":"2025-12-08T07:53:01","guid":{"rendered":"https:\/\/vapemaison.com\/?post_type=product&#038;p=16162"},"modified":"2026-02-10T09:37:20","modified_gmt":"2026-02-10T09:37:20","slug":"bang-king-tornado-35k-puffs","status":"publish","type":"product","link":"https:\/\/vapemaison.com\/es\/product\/bang-king-tornado-35k-puffs\/","title":{"rendered":"Bang King Tornado 35000 Puffs Pantalla LED Vape Desechable"},"content":{"rendered":"<p>El Bang King Tornado 35k Puffs Original LED Display Edition est\u00e1 dise\u00f1ado para usuarios que buscan rendimiento y estabilidad, llevando el vapeo al siguiente nivel en t\u00e9rminos de durabilidad, sabor y experiencia tecnol\u00f3gica.<\/p>\n\n\n\n<p>Equipado con una bater\u00eda recargable de 850 mAh y compatible con la carga r\u00e1pida Type-C, Tornado repone r\u00e1pidamente su energ\u00eda, reduciendo el tiempo de espera y permitiendo vapear pr\u00e1cticamente sin interrupciones. La bobina atomizadora de malla de 0,6\u03a9 integrada mejora la eficiencia del calentamiento, proporcionando un vapor m\u00e1s intenso y un sabor m\u00e1s suave.<\/p>\n\n\n\n<p>Cuenta con una gran capacidad de 23 ml de e-l\u00edquido, lo que elimina la necesidad de reemplazar el dispositivo con frecuencia y garantiza una durabilidad real. La pantalla LED frontal inteligente muestra en tiempo real el estado de la bater\u00eda y el e-l\u00edquido; junto con un sistema de protecci\u00f3n antiquemaduras, prolonga eficazmente la vida \u00fatil del dispositivo y mantiene un rendimiento constante con cada calada.<\/p>\n\n\n\n<p>Ofrece m\u00faltiples concentraciones de nicotina (0%, 2%, 3%, 5%) y 12 sabores populares para satisfacer las diversas preferencias de los usuarios. Tanto si prefieres un sabor intenso como una experiencia m\u00e1s suave, Tornado te lo pone f\u00e1cil.<\/p>\n\n\n\n<p>El Bang King Tornado 35k Puffs -combinando alto rendimiento, gran capacidad y una experiencia inteligente- te ofrece una nueva opci\u00f3n de vapeo m\u00e1s duradera, m\u00e1s pura y m\u00e1s c\u00f3moda.<\/p>\n\n\n\n<figure class=\"wp-block-table\"><table class=\"has-fixed-layout\"><thead><tr><th><strong>Caracter\u00edsticas<\/strong><\/th><th><strong>Detalles<\/strong><\/th><\/tr><\/thead><tbody><tr><td><strong>Puffs<\/strong><\/td><td>Hasta 35.000 caladas<\/td><\/tr><tr><td><strong>Opciones de nicotina<\/strong><\/td><td>0% \/ 2% \/ 3% \/ 5%<\/td><\/tr><tr><td><strong>Tipo<\/strong><\/td><td>Desechable<\/td><\/tr><tr><td><strong>Resistencia<\/strong><\/td><td>0.6\u03a9<\/td><\/tr><tr><td><strong>Capacidad de e-l\u00edquido<\/strong><\/td><td>23 ml<\/td><\/tr><tr><td><strong>Capacidad de la bater\u00eda<\/strong><\/td><td>850mAh<\/td><\/tr><tr><td><strong>Cargando<\/strong><\/td><td>Recargable tipo C<\/td><\/tr><tr><td><strong>Protecci\u00f3n<\/strong><\/td><td>Protecci\u00f3n antiquemaduras<\/td><\/tr><tr><td><strong>Sabores<\/strong><\/td><td>12 sabores disponibles<\/td><\/tr><\/tbody><\/table><\/figure>\n\n\n\n<h5 class=\"wp-block-heading\"><strong>Lista de sabores\uff1a<\/strong><\/h5>\n\n\n\n<ol class=\"wp-block-list\">\n<li>Fresa Mango<\/li>\n\n\n\n<li>Amor66<\/li>\n\n\n\n<li>Hielo Razz Azul<\/li>\n\n\n\n<li>Sand\u00eda con fresa<\/li>\n\n\n\n<li>Menta lim\u00f3n<\/li>\n\n\n\n<li>Manzana doble<\/li>\n\n\n\n<li>Bebida energ\u00e9tica<\/li>\n\n\n\n<li>Melocot\u00f3n helado<\/li>\n\n\n\n<li>Fresa Kiwi<\/li>\n\n\n\n<li>Hielo de uva<\/li>\n\n\n\n<li>Hielo de ar\u00e1ndanos<\/li>\n\n\n\n<li>Sand\u00eda<\/li>\n<\/ol>","protected":false},"excerpt":{"rendered":"<p>The Bang King Tornado 35k Puffs Original LED Display Edition is designed for users seeking performance and stability, taking vaping to the next level in terms of durability, flavor, and technological experience. Equipped with an 850mAh rechargeable battery and supporting Type-C fast charging, Tornado quickly replenishes its power, reducing waiting time and allowing for virtually [&hellip;]<\/p>\n","protected":false},"featured_media":16167,"comment_status":"open","ping_status":"closed","template":"","meta":[],"product_brand":[57],"product_cat":[142,16],"product_tag":[],"class_list":{"0":"post-16162","1":"product","2":"type-product","3":"status-publish","4":"has-post-thumbnail","6":"product_brand-bang","7":"product_cat-eu-stock","8":"product_cat-uncategorized","10":"first","11":"instock","12":"sale","13":"shipping-taxable","14":"purchasable","15":"product-type-variable"},"yoast_head":"<!-- This site is optimized with the Yoast SEO plugin v27.4 - https:\/\/yoast.com\/product\/yoast-seo-wordpress\/ -->\n<title>Bang King Tornado 35000 Puffs LED Display Disposable Vape - VapeMaison<\/title>\n<meta name=\"description\" content=\"Bang King Tornado 35000\u2014LED display, 23mL capacity, rechargeable 850mAh battery, and mesh coil for long-lasting, smooth vaping in multiple flavors.\" \/>\n<meta name=\"robots\" content=\"index, follow, max-snippet:-1, max-image-preview:large, max-video-preview:-1\" \/>\n<link rel=\"canonical\" href=\"https:\/\/vapemaison.com\/es\/producto\/bang-king-tornado-35k-puffs\/\" \/>\n<meta property=\"og:locale\" content=\"es_ES\" \/>\n<meta property=\"og:type\" content=\"article\" \/>\n<meta property=\"og:title\" content=\"Bang King Tornado 35000 Puffs LED Display Disposable Vape - VapeMaison\" \/>\n<meta property=\"og:description\" content=\"Bang King Tornado 35000\u2014LED display, 23mL capacity, rechargeable 850mAh battery, and mesh coil for long-lasting, smooth vaping in multiple flavors.\" \/>\n<meta property=\"og:url\" content=\"https:\/\/vapemaison.com\/es\/producto\/bang-king-tornado-35k-puffs\/\" \/>\n<meta property=\"og:site_name\" content=\"VapeMaison\" \/>\n<meta property=\"article:modified_time\" content=\"2026-02-10T09:37:20+00:00\" \/>\n<meta property=\"og:image\" content=\"https:\/\/vapemaison.com\/wp-content\/uploads\/2025\/12\/bang-king-tornado-35000-puffs-main-image.jpg.webp\" \/>\n\t<meta property=\"og:image:width\" content=\"1000\" \/>\n\t<meta property=\"og:image:height\" content=\"1000\" \/>\n\t<meta property=\"og:image:type\" content=\"image\/webp\" \/>\n<meta name=\"twitter:card\" content=\"summary_large_image\" \/>\n<meta name=\"twitter:label1\" content=\"Tiempo de lectura\" \/>\n\t<meta name=\"twitter:data1\" content=\"2 minutos\" \/>\n<!-- \/ Yoast SEO plugin. -->","yoast_head_json":{"title":"Bang King Tornado 35000 Puffs Pantalla LED Vape Desechable - VapeMaison","description":"Bang King Tornado 35000 con pantalla LED, 23mL de capacidad, bater\u00eda recargable de 850mAh, y bobina de malla para un vapeo suave y duradero en m\u00faltiples sabores.","robots":{"index":"index","follow":"follow","max-snippet":"max-snippet:-1","max-image-preview":"max-image-preview:large","max-video-preview":"max-video-preview:-1"},"canonical":"https:\/\/vapemaison.com\/es\/producto\/bang-king-tornado-35k-puffs\/","og_locale":"es_ES","og_type":"article","og_title":"Bang King Tornado 35000 Puffs LED Display Disposable Vape - VapeMaison","og_description":"Bang King Tornado 35000\u2014LED display, 23mL capacity, rechargeable 850mAh battery, and mesh coil for long-lasting, smooth vaping in multiple flavors.","og_url":"https:\/\/vapemaison.com\/es\/producto\/bang-king-tornado-35k-puffs\/","og_site_name":"VapeMaison","article_modified_time":"2026-02-10T09:37:20+00:00","og_image":[{"width":1000,"height":1000,"url":"https:\/\/vapemaison.com\/wp-content\/uploads\/2025\/12\/bang-king-tornado-35000-puffs-main-image.jpg.webp","type":"image\/webp"}],"twitter_card":"summary_large_image","twitter_misc":{"Tiempo de lectura":"2 minutos"},"schema":{"@context":"https:\/\/schema.org","@graph":[{"@type":"WebPage","@id":"https:\/\/vapemaison.com\/product\/bang-king-tornado-35k-puffs\/","url":"https:\/\/vapemaison.com\/product\/bang-king-tornado-35k-puffs\/","name":"Bang King Tornado 35000 Puffs Pantalla LED Vape Desechable - VapeMaison","isPartOf":{"@id":"https:\/\/vapemaison.com\/#website"},"primaryImageOfPage":{"@id":"https:\/\/vapemaison.com\/product\/bang-king-tornado-35k-puffs\/#primaryimage"},"image":{"@id":"https:\/\/vapemaison.com\/product\/bang-king-tornado-35k-puffs\/#primaryimage"},"thumbnailUrl":"https:\/\/vapemaison.com\/wp-content\/uploads\/2025\/12\/bang-king-tornado-35000-puffs-main-image.jpg.webp","datePublished":"2025-12-08T07:53:01+00:00","dateModified":"2026-02-10T09:37:20+00:00","description":"Bang King Tornado 35000 con pantalla LED, 23mL de capacidad, bater\u00eda recargable de 850mAh, y bobina de malla para un vapeo suave y duradero en m\u00faltiples sabores.","breadcrumb":{"@id":"https:\/\/vapemaison.com\/product\/bang-king-tornado-35k-puffs\/#breadcrumb"},"inLanguage":"es","potentialAction":[{"@type":"ReadAction","target":["https:\/\/vapemaison.com\/product\/bang-king-tornado-35k-puffs\/"]}]},{"@type":"ImageObject","inLanguage":"es","@id":"https:\/\/vapemaison.com\/product\/bang-king-tornado-35k-puffs\/#primaryimage","url":"https:\/\/vapemaison.com\/wp-content\/uploads\/2025\/12\/bang-king-tornado-35000-puffs-main-image.jpg.webp","contentUrl":"https:\/\/vapemaison.com\/wp-content\/uploads\/2025\/12\/bang-king-tornado-35000-puffs-main-image.jpg.webp","width":1000,"height":1000,"caption":"Bang King Tornado Puffs Main Image.jpg Disposable Vape Device"},{"@type":"BreadcrumbList","@id":"https:\/\/vapemaison.com\/product\/bang-king-tornado-35k-puffs\/#breadcrumb","itemListElement":[{"@type":"ListItem","position":1,"name":"\u9996\u9875","item":"https:\/\/vapemaison.com\/"},{"@type":"ListItem","position":2,"name":"Shop","item":"https:\/\/vapemaison.com\/shop\/"},{"@type":"ListItem","position":3,"name":"Bang","item":"https:\/\/vapemaison.com\/brand\/bang\/"},{"@type":"ListItem","position":4,"name":"Bang King Tornado 35000 Puffs LED Display Disposable Vape"}]},{"@type":"WebSite","@id":"https:\/\/vapemaison.com\/#website","url":"https:\/\/vapemaison.com\/","name":"VapeMaison","description":"Dispositivos y accesorios premium para vapear","publisher":{"@id":"https:\/\/vapemaison.com\/#organization"},"potentialAction":[{"@type":"SearchAction","target":{"@type":"EntryPoint","urlTemplate":"https:\/\/vapemaison.com\/?s={search_term_string}"},"query-input":{"@type":"PropertyValueSpecification","valueRequired":true,"valueName":"search_term_string"}}],"inLanguage":"es"},{"@type":"Organization","@id":"https:\/\/vapemaison.com\/#organization","name":"VapeMaison","url":"https:\/\/vapemaison.com\/","logo":{"@type":"ImageObject","inLanguage":"es","@id":"https:\/\/vapemaison.com\/#\/schema\/logo\/image\/","url":"https:\/\/vapemaison.com\/wp-content\/uploads\/2026\/01\/cropped-vapemaison-logo-g-2026.webp","contentUrl":"https:\/\/vapemaison.com\/wp-content\/uploads\/2026\/01\/cropped-vapemaison-logo-g-2026.webp","width":350,"height":280,"caption":"VapeMaison"},"image":{"@id":"https:\/\/vapemaison.com\/#\/schema\/logo\/image\/"},"sameAs":["https:\/\/www.youtube.com\/@VapeMaison"]}]}},"tiered_pricing_type":"fixed","tiered_pricing_fixed_rules":{"30":"9.99","50":"9.45","100":"8.98","200":"7.99"},"tiered_pricing_product_settings":{"layout":"default","base_unit_name":{"singular":null,"plural":null},"default_variation":null},"tiered_pricing_minimum_quantity":10,"tiered_pricing_roles_data":[],"tiered_pricing_percentage_rules":[],"tiered_pricing_maximum_quantity":null,"tiered_pricing_quantity_step":"10","_links":{"self":[{"href":"https:\/\/vapemaison.com\/es\/wp-json\/wp\/v2\/product\/16162","targetHints":{"allow":["GET"]}}],"collection":[{"href":"https:\/\/vapemaison.com\/es\/wp-json\/wp\/v2\/product"}],"about":[{"href":"https:\/\/vapemaison.com\/es\/wp-json\/wp\/v2\/types\/product"}],"replies":[{"embeddable":true,"href":"https:\/\/vapemaison.com\/es\/wp-json\/wp\/v2\/comments?post=16162"}],"version-history":[{"count":1,"href":"https:\/\/vapemaison.com\/es\/wp-json\/wp\/v2\/product\/16162\/revisions"}],"predecessor-version":[{"id":27203,"href":"https:\/\/vapemaison.com\/es\/wp-json\/wp\/v2\/product\/16162\/revisions\/27203"}],"wp:featuredmedia":[{"embeddable":true,"href":"https:\/\/vapemaison.com\/es\/wp-json\/wp\/v2\/media\/16167"}],"wp:attachment":[{"href":"https:\/\/vapemaison.com\/es\/wp-json\/wp\/v2\/media?parent=16162"}],"wp:term":[{"taxonomy":"product_brand","embeddable":true,"href":"https:\/\/vapemaison.com\/es\/wp-json\/wp\/v2\/product_brand?post=16162"},{"taxonomy":"product_cat","embeddable":true,"href":"https:\/\/vapemaison.com\/es\/wp-json\/wp\/v2\/product_cat?post=16162"},{"taxonomy":"product_tag","embeddable":true,"href":"https:\/\/vapemaison.com\/es\/wp-json\/wp\/v2\/product_tag?post=16162"}],"curies":[{"name":"wp","href":"https:\/\/api.w.org\/{rel}","templated":true}]}}