

{"id":16298,"date":"2025-12-09T03:35:09","date_gmt":"2025-12-09T03:35:09","guid":{"rendered":"https:\/\/vapemaison.com\/?post_type=product&#038;p=16298"},"modified":"2025-12-22T09:54:35","modified_gmt":"2025-12-22T09:54:35","slug":"bang-28000-puff-vape","status":"publish","type":"product","link":"https:\/\/vapemaison.com\/es\/product\/bang-28000-puff-vape\/","title":{"rendered":"Bang 28K Puff Bol\u00edgrafo Vape Desechable Original Nivel de Hielo Ajustable"},"content":{"rendered":"<p><strong>Bang 28000: el futuro de la resistencia personalizada<\/strong><\/p>\n\n\n\n<p>En <strong>Vapeador desechable Bang 28000<\/strong> representa un salto significativo en rendimiento, dise\u00f1ado para ofrecer hasta <strong>28.000 bocanadas<\/strong> para usuarios que exigen tanto una longevidad extrema como un control personalizado. <strong>Primero,<\/strong> este dispositivo insignia cuenta con un <strong>Dep\u00f3sito de e-l\u00edquido de 30 ml<\/strong>, garantizando una rentabilidad superior y eliminando las molestias de las sustituciones frecuentes durante semanas de uso ininterrumpido.<\/p>\n\n\n\n<p><strong>Adem\u00e1s,<\/strong> la Bang 28000 incluye un <strong>Tecnolog\u00eda exclusiva de nivel de hielo ajustable<\/strong>. Esta funci\u00f3n permite a los usuarios personalizar con precisi\u00f3n la intensidad de la sensaci\u00f3n de enfriamiento para una experiencia instant\u00e1nea y a medida. <strong>Adem\u00e1s,<\/strong> su avanzada <strong>Bobina de malla 1.0\u03a9<\/strong> garantiza un suministro de sabor preciso, lo que se traduce en un sabor rico y constante y una salida de vapor suave.<sup><\/sup><\/p>\n\n\n\n<p><strong>Crucial,<\/strong> potencia estable respalda la inmensa capacidad. Un sistema fiable <strong>Bater\u00eda recargable de 650 mAh<\/strong> y <strong>Carga r\u00e1pida Tipo-C<\/strong> mantener la potencia durante toda su vida \u00fatil. <strong>Adem\u00e1s,<\/strong> el dispositivo se adapta tanto a <strong>Directo al pulm\u00f3n (DTL)<\/strong> uso con flujo de aire ajustable. Disponible en cuatro concentraciones de nicotina (<strong>0%, 2%, 3% y 5%<\/strong>) y <strong>12 deliciosos sabores<\/strong>, La Bang 28000 es la plataforma ideal tanto para los consumidores finales que buscan una personalizaci\u00f3n de alta calidad como para los que buscan un producto de calidad. <strong>y<\/strong> empresas que utilizan nuestros <strong>Servicios OEM\/ODM<\/strong>.<\/p>\n\n\n\n<p><strong>Especificaciones principales:<\/strong><\/p>\n\n\n\n<ul class=\"wp-block-list\">\n<li><strong>Puffs:<\/strong> Hasta 28.000 caladas<\/li>\n\n\n\n<li><strong>Capacidad:<\/strong> 30 ml<\/li>\n\n\n\n<li><strong>Bobina:<\/strong> Bobina de malla 1.0\u03a9<\/li>\n\n\n\n<li><strong>Bater\u00eda:<\/strong> 650mAh (Recargable)<\/li>\n\n\n\n<li><strong>Opciones de nicotina:<\/strong> 0% \/ 2% \/ 3% \/ 5%<\/li>\n\n\n\n<li><strong>Tecnolog\u00eda:<\/strong> Nivel de hielo ajustable, carga Type-C<\/li>\n\n\n\n<li><strong>Personalizaci\u00f3n:<\/strong> Flujo de aire \/ Soporte DTL, Servicio OEM\/ODM disponible<\/li>\n\n\n\n<li><strong>Cuenta sabores:<\/strong> 12 disponibles<\/li>\n<\/ul>\n\n\n\n<p><strong>Sabores disponibles:<\/strong><\/p>\n\n\n\n<p>Sand\u00eda Fresa, Hielo Ar\u00e1ndanos, Sangre Y Arena, Pi\u00f1a Coco, Fresa Pl\u00e1tano, Fruta Mixta, Ar\u00e1ndanos Frambuesas, Melocot\u00f3n Hielo, Mango Melocot\u00f3n, Sand\u00eda, Uva Hielo, Fresa Kiwi<\/p>\n\n\n\n<p>\u00danete a miles de vapers satisfechos que adoran los dispositivos Bang. Explora nuestro <a href=\"https:\/\/vapemaison.com\">p\u00e1gina de inicio<\/a> para los reci\u00e9n llegados, consulte la <a href=\"https:\/\/vapemaison.com\/shop\">tienda<\/a> para ver la gama completa, o inf\u00f3rmese sobre la <a href=\"https:\/\/vapemaison.com\/brand\/bang\">Marca Bang<\/a> del que todo el mundo habla. Para variar, descubra <a href=\"https:\/\/vapemaison.com\/brand\/humo-azul\/\">Colecci\u00f3n Humo Vape Brand<\/a> productos o navegar por todos <a href=\"https:\/\/vapemaison.com\/product-category\/puffs-count\/\">Puffs vapes<\/a> en un solo lugar.<\/p>\n\n\n\n<p><\/p>","protected":false},"excerpt":{"rendered":"<p>Redefina su experiencia con el <b data-path-to-node=\"0\" data-index-in-node=\"34\">Bang 28000<\/b>, con exclusivas <b data-path-to-node=\"0\" data-index-in-node=\"66\">Nivel de hielo ajustable<\/b> para una sensaci\u00f3n de enfriamiento totalmente personalizada. Con 28.000 caladas, una capacidad masiva de 30mL, y una bobina de malla de 1.0\u03a9, ofrece un sabor de precisi\u00f3n y un rendimiento de larga duraci\u00f3n - haga su pedido hoy para asegurar su potencia de nicotina preferida con nuestro env\u00edo r\u00e1pido.<\/p>","protected":false},"featured_media":16299,"comment_status":"open","ping_status":"closed","template":"","meta":[],"product_brand":[57],"product_cat":[16],"product_tag":[],"class_list":{"0":"post-16298","1":"product","2":"type-product","3":"status-publish","4":"has-post-thumbnail","6":"product_brand-bang","7":"product_cat-uncategorized","9":"first","10":"instock","11":"sale","12":"shipping-taxable","13":"purchasable","14":"product-type-variable"},"yoast_head":"<!-- This site is optimized with the Yoast SEO plugin v27.4 - https:\/\/yoast.com\/product\/yoast-seo-wordpress\/ -->\n<title>Bang 28000 Puff Vape | Adjustable Ice Level &amp; 30mL<\/title>\n<meta name=\"description\" content=\"Experience the 28K Puff Bang 28000 with exclusive Adjustable Ice Level tech. Massive 30mL capacity, and Type-C charging. Customize your perfect hit now!\" \/>\n<meta name=\"robots\" content=\"index, follow, max-snippet:-1, max-image-preview:large, max-video-preview:-1\" \/>\n<link rel=\"canonical\" href=\"https:\/\/vapemaison.com\/es\/producto\/bang-28000-puff-vape\/\" \/>\n<meta property=\"og:locale\" content=\"es_ES\" \/>\n<meta property=\"og:type\" content=\"article\" \/>\n<meta property=\"og:title\" content=\"Bang 28000 Puff Vape | Adjustable Ice Level &amp; 30mL\" \/>\n<meta property=\"og:description\" content=\"Experience the 28K Puff Bang 28000 with exclusive Adjustable Ice Level tech. Massive 30mL capacity, and Type-C charging. Customize your perfect hit now!\" \/>\n<meta property=\"og:url\" content=\"https:\/\/vapemaison.com\/es\/producto\/bang-28000-puff-vape\/\" \/>\n<meta property=\"og:site_name\" content=\"VapeMaison\" \/>\n<meta property=\"article:modified_time\" content=\"2025-12-22T09:54:35+00:00\" \/>\n<meta property=\"og:image\" content=\"https:\/\/vapemaison.com\/wp-content\/uploads\/2025\/12\/vape-bang-28000-puffs-main-image.jpg.webp\" \/>\n\t<meta property=\"og:image:width\" content=\"1000\" \/>\n\t<meta property=\"og:image:height\" content=\"1000\" \/>\n\t<meta property=\"og:image:type\" content=\"image\/webp\" \/>\n<meta name=\"twitter:card\" content=\"summary_large_image\" \/>\n<meta name=\"twitter:label1\" content=\"Tiempo de lectura\" \/>\n\t<meta name=\"twitter:data1\" content=\"2 minutos\" \/>\n<!-- \/ Yoast SEO plugin. -->","yoast_head_json":{"title":"Bang 28000 Puff Vape | Nivel de Hielo Ajustable &amp; 30mL","description":"Experimenta el 28K Puff Bang 28000 con la exclusiva tecnolog\u00eda Adjustable Ice Level. Capacidad masiva de 30 ml y carga Type-C. \u00a1Personaliza tu calada perfecta ahora!","robots":{"index":"index","follow":"follow","max-snippet":"max-snippet:-1","max-image-preview":"max-image-preview:large","max-video-preview":"max-video-preview:-1"},"canonical":"https:\/\/vapemaison.com\/es\/producto\/bang-28000-puff-vape\/","og_locale":"es_ES","og_type":"article","og_title":"Bang 28000 Puff Vape | Adjustable Ice Level & 30mL","og_description":"Experience the 28K Puff Bang 28000 with exclusive Adjustable Ice Level tech. Massive 30mL capacity, and Type-C charging. Customize your perfect hit now!","og_url":"https:\/\/vapemaison.com\/es\/producto\/bang-28000-puff-vape\/","og_site_name":"VapeMaison","article_modified_time":"2025-12-22T09:54:35+00:00","og_image":[{"width":1000,"height":1000,"url":"https:\/\/vapemaison.com\/wp-content\/uploads\/2025\/12\/vape-bang-28000-puffs-main-image.jpg.webp","type":"image\/webp"}],"twitter_card":"summary_large_image","twitter_misc":{"Tiempo de lectura":"2 minutos"},"schema":{"@context":"https:\/\/schema.org","@graph":[{"@type":"WebPage","@id":"https:\/\/vapemaison.com\/product\/bang-28000-puff-vape\/","url":"https:\/\/vapemaison.com\/product\/bang-28000-puff-vape\/","name":"Bang 28000 Puff Vape | Nivel de Hielo Ajustable &amp; 30mL","isPartOf":{"@id":"https:\/\/vapemaison.com\/#website"},"primaryImageOfPage":{"@id":"https:\/\/vapemaison.com\/product\/bang-28000-puff-vape\/#primaryimage"},"image":{"@id":"https:\/\/vapemaison.com\/product\/bang-28000-puff-vape\/#primaryimage"},"thumbnailUrl":"https:\/\/vapemaison.com\/wp-content\/uploads\/2025\/12\/vape-bang-28000-puffs-main-image.jpg.webp","datePublished":"2025-12-09T03:35:09+00:00","dateModified":"2025-12-22T09:54:35+00:00","description":"Experimenta el 28K Puff Bang 28000 con la exclusiva tecnolog\u00eda Adjustable Ice Level. Capacidad masiva de 30 ml y carga Type-C. \u00a1Personaliza tu calada perfecta ahora!","breadcrumb":{"@id":"https:\/\/vapemaison.com\/product\/bang-28000-puff-vape\/#breadcrumb"},"inLanguage":"es","potentialAction":[{"@type":"ReadAction","target":["https:\/\/vapemaison.com\/product\/bang-28000-puff-vape\/"]}]},{"@type":"ImageObject","inLanguage":"es","@id":"https:\/\/vapemaison.com\/product\/bang-28000-puff-vape\/#primaryimage","url":"https:\/\/vapemaison.com\/wp-content\/uploads\/2025\/12\/vape-bang-28000-puffs-main-image.jpg.webp","contentUrl":"https:\/\/vapemaison.com\/wp-content\/uploads\/2025\/12\/vape-bang-28000-puffs-main-image.jpg.webp","width":1000,"height":1000,"caption":"Vape Bang Puffs Main Image.jpg"},{"@type":"BreadcrumbList","@id":"https:\/\/vapemaison.com\/product\/bang-28000-puff-vape\/#breadcrumb","itemListElement":[{"@type":"ListItem","position":1,"name":"\u9996\u9875","item":"https:\/\/vapemaison.com\/"},{"@type":"ListItem","position":2,"name":"Shop","item":"https:\/\/vapemaison.com\/shop\/"},{"@type":"ListItem","position":3,"name":"Bang","item":"https:\/\/vapemaison.com\/brand\/bang\/"},{"@type":"ListItem","position":4,"name":"Bang 28K Puff Disposable Vape Pen Original Adjustable Ice level"}]},{"@type":"WebSite","@id":"https:\/\/vapemaison.com\/#website","url":"https:\/\/vapemaison.com\/","name":"VapeMaison","description":"Dispositivos y accesorios premium para vapear","publisher":{"@id":"https:\/\/vapemaison.com\/#organization"},"potentialAction":[{"@type":"SearchAction","target":{"@type":"EntryPoint","urlTemplate":"https:\/\/vapemaison.com\/?s={search_term_string}"},"query-input":{"@type":"PropertyValueSpecification","valueRequired":true,"valueName":"search_term_string"}}],"inLanguage":"es"},{"@type":"Organization","@id":"https:\/\/vapemaison.com\/#organization","name":"VapeMaison","url":"https:\/\/vapemaison.com\/","logo":{"@type":"ImageObject","inLanguage":"es","@id":"https:\/\/vapemaison.com\/#\/schema\/logo\/image\/","url":"https:\/\/vapemaison.com\/wp-content\/uploads\/2026\/01\/cropped-vapemaison-logo-g-2026.webp","contentUrl":"https:\/\/vapemaison.com\/wp-content\/uploads\/2026\/01\/cropped-vapemaison-logo-g-2026.webp","width":350,"height":280,"caption":"VapeMaison"},"image":{"@id":"https:\/\/vapemaison.com\/#\/schema\/logo\/image\/"},"sameAs":["https:\/\/www.youtube.com\/@VapeMaison"]}]}},"tiered_pricing_type":"fixed","tiered_pricing_fixed_rules":{"30":"9.99","50":"8.99","100":"8.21","200":"7.42"},"tiered_pricing_product_settings":{"layout":"default","base_unit_name":{"singular":null,"plural":null},"default_variation":null},"tiered_pricing_minimum_quantity":10,"tiered_pricing_roles_data":[],"tiered_pricing_percentage_rules":[],"tiered_pricing_maximum_quantity":null,"tiered_pricing_quantity_step":"10","_links":{"self":[{"href":"https:\/\/vapemaison.com\/es\/wp-json\/wp\/v2\/product\/16298","targetHints":{"allow":["GET"]}}],"collection":[{"href":"https:\/\/vapemaison.com\/es\/wp-json\/wp\/v2\/product"}],"about":[{"href":"https:\/\/vapemaison.com\/es\/wp-json\/wp\/v2\/types\/product"}],"replies":[{"embeddable":true,"href":"https:\/\/vapemaison.com\/es\/wp-json\/wp\/v2\/comments?post=16298"}],"version-history":[{"count":0,"href":"https:\/\/vapemaison.com\/es\/wp-json\/wp\/v2\/product\/16298\/revisions"}],"wp:featuredmedia":[{"embeddable":true,"href":"https:\/\/vapemaison.com\/es\/wp-json\/wp\/v2\/media\/16299"}],"wp:attachment":[{"href":"https:\/\/vapemaison.com\/es\/wp-json\/wp\/v2\/media?parent=16298"}],"wp:term":[{"taxonomy":"product_brand","embeddable":true,"href":"https:\/\/vapemaison.com\/es\/wp-json\/wp\/v2\/product_brand?post=16298"},{"taxonomy":"product_cat","embeddable":true,"href":"https:\/\/vapemaison.com\/es\/wp-json\/wp\/v2\/product_cat?post=16298"},{"taxonomy":"product_tag","embeddable":true,"href":"https:\/\/vapemaison.com\/es\/wp-json\/wp\/v2\/product_tag?post=16298"}],"curies":[{"name":"wp","href":"https:\/\/api.w.org\/{rel}","templated":true}]}}