

{"id":16354,"date":"2025-12-09T05:38:21","date_gmt":"2025-12-09T05:38:21","guid":{"rendered":"https:\/\/vapemaison.com\/?post_type=product&#038;p=16354"},"modified":"2025-12-22T09:51:52","modified_gmt":"2025-12-22T09:51:52","slug":"bang-40000-40k-caladas-vape-led-pantalla-digital","status":"publish","type":"product","link":"https:\/\/vapemaison.com\/es\/product\/bang-40000-40k-puffs-vape-led-digital-display\/","title":{"rendered":"Bang 40000 40K Puffs Vape LED Pantalla Digital"},"content":{"rendered":"<h2 class=\"wp-block-heading\"><strong>Bang 40000 - 40K Puffs Vape recargable con pantalla LED<\/strong><\/h2>\n\n\n\n<p>En <strong>Puffs Bang 40K<\/strong> est\u00e1 dise\u00f1ado para los vapeadores que desean un rendimiento duradero, un sabor suave y una comodidad moderna. En <strong>hasta 40K Puffs<\/strong>, Este dispositivo cuenta con un <strong>Dep\u00f3sito rellenable de 10 ml<\/strong> e incluye una botella de e-l\u00edquido para rellenarla f\u00e1cilmente. Funciona con un <strong>Bater\u00eda duradera de 750 mAh<\/strong>, garantiza una producci\u00f3n constante, junto con un <strong>Bobina de malla dual de 1.0\u03a9<\/strong> que mejora la producci\u00f3n de vapor y la consistencia del sabor.<\/p>\n\n\n\n<p>El inteligente <strong>Pantalla digital LED<\/strong> te mantiene informado con lecturas en tiempo real de los niveles de bater\u00eda y e-l\u00edquido, mientras que el <strong>seguro para ni\u00f1os<\/strong> a\u00f1ade una capa adicional de seguridad. Con <strong>dos modos de vaporizaci\u00f3n<\/strong>-MTL a 12 W y DTL a 24 W- y un <strong>sistema de flujo de aire ajustable<\/strong>, Puedes personalizar tu calada exactamente como te gusta. Las concentraciones de nicotina disponibles son <strong>0%, 2%, 3% y 5%<\/strong>, junto con <strong>12 emocionantes sabores<\/strong> para adaptarse a todas las preferencias. Equipado con <strong>Carga r\u00e1pida Tipo-C<\/strong>, Bang 40000 minimiza el tiempo de inactividad y mantiene su experiencia sin interrupciones.<\/p>\n\n\n\n<h3 class=\"wp-block-heading\"><strong>Caracter\u00edsticas<\/strong><\/h3>\n\n\n\n<ul class=\"wp-block-list\">\n<li>Niveles de nicotina: <strong>0%, 2%, 3%, 5%<\/strong><\/li>\n\n\n\n<li>Capacidad de soplado: <strong>Hasta 40.000 bocanadas<\/strong><\/li>\n\n\n\n<li>Capacidad de e-l\u00edquido: <strong>Dep\u00f3sito rellenable de 10 ml<\/strong> (incluye una botella de e-l\u00edquido)<\/li>\n\n\n\n<li>Resistencia de la bobina: <strong>Bobina de malla dual de 1.0\u03a9<\/strong><\/li>\n\n\n\n<li>Bater\u00eda: <strong>750 mAh<\/strong><\/li>\n\n\n\n<li>Pantalla inteligente: Muestra la duraci\u00f3n de la bater\u00eda y los niveles de e-l\u00edquido<\/li>\n\n\n\n<li>Bloqueo para ni\u00f1os: <strong>S\u00ed<\/strong>, seguridad a prueba de ni\u00f1os<\/li>\n\n\n\n<li>Dos modos de vapeo: <strong>MTL 12W \/ DTL 24W<\/strong><\/li>\n\n\n\n<li>Flujo de aire ajustable: Totalmente personalizable<\/li>\n\n\n\n<li>Carga r\u00e1pida: <strong>Tipo-C<\/strong><\/li>\n\n\n\n<li>Sabores: <strong>12 sabores<\/strong><\/li>\n<\/ul>\n\n\n\n<h3 class=\"wp-block-heading\"><strong>Lista de sabores<\/strong><\/h3>\n\n\n\n<ul class=\"wp-block-list\">\n<li>Hielo de sand\u00eda<\/li>\n\n\n\n<li>Fresa Mango<\/li>\n\n\n\n<li>Sand\u00eda con fresa<\/li>\n\n\n\n<li>Hielo de uva<\/li>\n\n\n\n<li>Melocot\u00f3n Mango Sand\u00eda<\/li>\n\n\n\n<li>Ar\u00e1ndano Frambuesa<\/li>\n\n\n\n<li>Hielo de ar\u00e1ndanos<\/li>\n\n\n\n<li>Fresa Pl\u00e1tano<\/li>\n\n\n\n<li>Sand\u00eda con ar\u00e1ndanos<\/li>\n\n\n\n<li>Red Bull<\/li>\n\n\n\n<li>Fresa Kiwi<\/li>\n\n\n\n<li>Mezcla de frutas mohosas<\/li>\n<\/ul>\n\n\n\n<p>\u00danete a miles de vapers satisfechos que adoran los dispositivos Bang. Explora nuestro <a href=\"https:\/\/vapemaison.com\">p\u00e1gina de inicio<\/a> para los reci\u00e9n llegados, consulte la <a href=\"https:\/\/vapemaison.com\/shop\">tienda<\/a> para ver la gama completa, o inf\u00f3rmese sobre la <a href=\"https:\/\/vapemaison.com\/brand\/bang\">Marca Bang<\/a> del que todo el mundo habla. Para variar, descubra <a href=\"https:\/\/vapemaison.com\/brand\/humo-azul\/\">Colecci\u00f3n Humo Vape Brand<\/a> productos o navegar por todos <a href=\"https:\/\/vapemaison.com\/product-category\/puffs-count\/\">Puffs vapes<\/a> en un solo lugar.<\/p>","protected":false},"excerpt":{"rendered":"<div id=\"model-response-message-contentr_6d2fc3a728b37b8c\" class=\"markdown markdown-main-panel stronger enable-updated-hr-color\" dir=\"ltr\" aria-live=\"polite\" aria-busy=\"false\">\n<p data-path-to-node=\"0\">Domina tu vape con el <b data-path-to-node=\"0\" data-index-in-node=\"26\">Bang 40000<\/b>, una potencia vers\u00e1til que incluye <b data-path-to-node=\"0\" data-index-in-node=\"71\">dos modos de vaporizaci\u00f3n<\/b> (MTL a 12W y DTL a 24W) y una bobina de malla dual de 1,0\u03a9 para el m\u00e1ximo control del sabor. Este <b data-path-to-node=\"0\" data-index-in-node=\"177\">recargable<\/b> El dispositivo de 40.000 caladas incluye una pantalla LED inteligente, un bloqueo para ni\u00f1os integrado y un flujo de aire ajustable para personalizar completamente su experiencia. Pida el suyo hoy mismo para asegurarse lo \u00faltimo en seguridad y rendimiento con nuestra garant\u00eda de env\u00edo r\u00e1pido.<\/p>\n<\/div>","protected":false},"featured_media":16407,"comment_status":"open","ping_status":"closed","template":"","meta":[],"product_brand":[57],"product_cat":[135],"product_tag":[],"class_list":{"0":"post-16354","1":"product","2":"type-product","3":"status-publish","4":"has-post-thumbnail","6":"product_brand-bang","7":"product_cat-40k-puffs","9":"first","10":"instock","11":"sale","12":"shipping-taxable","13":"purchasable","14":"product-type-variable"},"yoast_head":"<!-- This site is optimized with the Yoast SEO plugin v27.4 - https:\/\/yoast.com\/product\/yoast-seo-wordpress\/ -->\n<title>Bang 40000 Vape \u2013 40K Puffs Refillable LED Display Device<\/title>\n<meta name=\"description\" content=\"Experience the Bang 40000 with 40K puffs, refillable 10mL tank, dual mesh coil, LED display, dual vaping modes, Type-C charging, and 12 amazing flavors.\" \/>\n<meta name=\"robots\" content=\"index, follow, max-snippet:-1, max-image-preview:large, max-video-preview:-1\" \/>\n<link rel=\"canonical\" href=\"https:\/\/vapemaison.com\/es\/producto\/bang-40000-40k-caladas-vape-led-pantalla-digital\/\" \/>\n<meta property=\"og:locale\" content=\"es_ES\" \/>\n<meta property=\"og:type\" content=\"article\" \/>\n<meta property=\"og:title\" content=\"Bang 40000 Vape \u2013 40K Puffs Refillable LED Display Device\" \/>\n<meta property=\"og:description\" content=\"Experience the Bang 40000 with 40K puffs, refillable 10mL tank, dual mesh coil, LED display, dual vaping modes, Type-C charging, and 12 amazing flavors.\" \/>\n<meta property=\"og:url\" content=\"https:\/\/vapemaison.com\/es\/producto\/bang-40000-40k-caladas-vape-led-pantalla-digital\/\" \/>\n<meta property=\"og:site_name\" content=\"VapeMaison\" \/>\n<meta property=\"article:modified_time\" content=\"2025-12-22T09:51:52+00:00\" \/>\n<meta property=\"og:image\" content=\"https:\/\/vapemaison.com\/wp-content\/uploads\/2025\/12\/vape-bang-40000-40k-puffs-peach-mango-watermelon-654x690.jpg.webp\" \/>\n\t<meta property=\"og:image:width\" content=\"654\" \/>\n\t<meta property=\"og:image:height\" content=\"690\" \/>\n\t<meta property=\"og:image:type\" content=\"image\/webp\" \/>\n<meta name=\"twitter:card\" content=\"summary_large_image\" \/>\n<meta name=\"twitter:label1\" content=\"Tiempo de lectura\" \/>\n\t<meta name=\"twitter:data1\" content=\"2 minutos\" \/>\n<!-- \/ Yoast SEO plugin. -->","yoast_head_json":{"title":"Bang 40000 Vape - 40K Puffs Dispositivo recargable con pantalla LED","description":"Experimenta el Bang 40000 con 40K caladas, tanque recargable de 10mL, doble bobina de malla, pantalla LED, modos de vapeo duales, carga Type-C y 12 sabores incre\u00edbles.","robots":{"index":"index","follow":"follow","max-snippet":"max-snippet:-1","max-image-preview":"max-image-preview:large","max-video-preview":"max-video-preview:-1"},"canonical":"https:\/\/vapemaison.com\/es\/producto\/bang-40000-40k-caladas-vape-led-pantalla-digital\/","og_locale":"es_ES","og_type":"article","og_title":"Bang 40000 Vape \u2013 40K Puffs Refillable LED Display Device","og_description":"Experience the Bang 40000 with 40K puffs, refillable 10mL tank, dual mesh coil, LED display, dual vaping modes, Type-C charging, and 12 amazing flavors.","og_url":"https:\/\/vapemaison.com\/es\/producto\/bang-40000-40k-caladas-vape-led-pantalla-digital\/","og_site_name":"VapeMaison","article_modified_time":"2025-12-22T09:51:52+00:00","og_image":[{"width":654,"height":690,"url":"https:\/\/vapemaison.com\/wp-content\/uploads\/2025\/12\/vape-bang-40000-40k-puffs-peach-mango-watermelon-654x690.jpg.webp","type":"image\/webp"}],"twitter_card":"summary_large_image","twitter_misc":{"Tiempo de lectura":"2 minutos"},"schema":{"@context":"https:\/\/schema.org","@graph":[{"@type":"WebPage","@id":"https:\/\/vapemaison.com\/product\/bang-40000-40k-puffs-vape-led-digital-display\/","url":"https:\/\/vapemaison.com\/product\/bang-40000-40k-puffs-vape-led-digital-display\/","name":"Bang 40000 Vape - 40K Puffs Dispositivo recargable con pantalla LED","isPartOf":{"@id":"https:\/\/vapemaison.com\/#website"},"primaryImageOfPage":{"@id":"https:\/\/vapemaison.com\/product\/bang-40000-40k-puffs-vape-led-digital-display\/#primaryimage"},"image":{"@id":"https:\/\/vapemaison.com\/product\/bang-40000-40k-puffs-vape-led-digital-display\/#primaryimage"},"thumbnailUrl":"https:\/\/vapemaison.com\/wp-content\/uploads\/2025\/12\/vape-bang-40000-40k-puffs-peach-mango-watermelon-654x690.jpg.webp","datePublished":"2025-12-09T05:38:21+00:00","dateModified":"2025-12-22T09:51:52+00:00","description":"Experimenta el Bang 40000 con 40K caladas, tanque recargable de 10mL, doble bobina de malla, pantalla LED, modos de vapeo duales, carga Type-C y 12 sabores incre\u00edbles.","breadcrumb":{"@id":"https:\/\/vapemaison.com\/product\/bang-40000-40k-puffs-vape-led-digital-display\/#breadcrumb"},"inLanguage":"es","potentialAction":[{"@type":"ReadAction","target":["https:\/\/vapemaison.com\/product\/bang-40000-40k-puffs-vape-led-digital-display\/"]}]},{"@type":"ImageObject","inLanguage":"es","@id":"https:\/\/vapemaison.com\/product\/bang-40000-40k-puffs-vape-led-digital-display\/#primaryimage","url":"https:\/\/vapemaison.com\/wp-content\/uploads\/2025\/12\/vape-bang-40000-40k-puffs-peach-mango-watermelon-654x690.jpg.webp","contentUrl":"https:\/\/vapemaison.com\/wp-content\/uploads\/2025\/12\/vape-bang-40000-40k-puffs-peach-mango-watermelon-654x690.jpg.webp","width":654,"height":690,"caption":"Vape Bang 40k Puffs Peach Mango Watermelon 654x690.jpg"},{"@type":"BreadcrumbList","@id":"https:\/\/vapemaison.com\/product\/bang-40000-40k-puffs-vape-led-digital-display\/#breadcrumb","itemListElement":[{"@type":"ListItem","position":1,"name":"\u9996\u9875","item":"https:\/\/vapemaison.com\/"},{"@type":"ListItem","position":2,"name":"Shop","item":"https:\/\/vapemaison.com\/shop\/"},{"@type":"ListItem","position":3,"name":"Bang","item":"https:\/\/vapemaison.com\/brand\/bang\/"},{"@type":"ListItem","position":4,"name":"Bang 40000 40K Puffs Vape LED Digital Display"}]},{"@type":"WebSite","@id":"https:\/\/vapemaison.com\/#website","url":"https:\/\/vapemaison.com\/","name":"VapeMaison","description":"Dispositivos y accesorios premium para vapear","publisher":{"@id":"https:\/\/vapemaison.com\/#organization"},"potentialAction":[{"@type":"SearchAction","target":{"@type":"EntryPoint","urlTemplate":"https:\/\/vapemaison.com\/?s={search_term_string}"},"query-input":{"@type":"PropertyValueSpecification","valueRequired":true,"valueName":"search_term_string"}}],"inLanguage":"es"},{"@type":"Organization","@id":"https:\/\/vapemaison.com\/#organization","name":"VapeMaison","url":"https:\/\/vapemaison.com\/","logo":{"@type":"ImageObject","inLanguage":"es","@id":"https:\/\/vapemaison.com\/#\/schema\/logo\/image\/","url":"https:\/\/vapemaison.com\/wp-content\/uploads\/2026\/01\/cropped-vapemaison-logo-g-2026.webp","contentUrl":"https:\/\/vapemaison.com\/wp-content\/uploads\/2026\/01\/cropped-vapemaison-logo-g-2026.webp","width":350,"height":280,"caption":"VapeMaison"},"image":{"@id":"https:\/\/vapemaison.com\/#\/schema\/logo\/image\/"},"sameAs":["https:\/\/www.youtube.com\/@VapeMaison"]}]}},"tiered_pricing_type":"fixed","tiered_pricing_fixed_rules":{"30":"11.45","50":"10.99","100":"9.99","200":"8.99"},"tiered_pricing_product_settings":{"layout":"default","base_unit_name":{"singular":null,"plural":null},"default_variation":null},"tiered_pricing_minimum_quantity":10,"tiered_pricing_roles_data":[],"tiered_pricing_percentage_rules":[],"tiered_pricing_maximum_quantity":null,"tiered_pricing_quantity_step":"10","_links":{"self":[{"href":"https:\/\/vapemaison.com\/es\/wp-json\/wp\/v2\/product\/16354","targetHints":{"allow":["GET"]}}],"collection":[{"href":"https:\/\/vapemaison.com\/es\/wp-json\/wp\/v2\/product"}],"about":[{"href":"https:\/\/vapemaison.com\/es\/wp-json\/wp\/v2\/types\/product"}],"replies":[{"embeddable":true,"href":"https:\/\/vapemaison.com\/es\/wp-json\/wp\/v2\/comments?post=16354"}],"version-history":[{"count":0,"href":"https:\/\/vapemaison.com\/es\/wp-json\/wp\/v2\/product\/16354\/revisions"}],"wp:featuredmedia":[{"embeddable":true,"href":"https:\/\/vapemaison.com\/es\/wp-json\/wp\/v2\/media\/16407"}],"wp:attachment":[{"href":"https:\/\/vapemaison.com\/es\/wp-json\/wp\/v2\/media?parent=16354"}],"wp:term":[{"taxonomy":"product_brand","embeddable":true,"href":"https:\/\/vapemaison.com\/es\/wp-json\/wp\/v2\/product_brand?post=16354"},{"taxonomy":"product_cat","embeddable":true,"href":"https:\/\/vapemaison.com\/es\/wp-json\/wp\/v2\/product_cat?post=16354"},{"taxonomy":"product_tag","embeddable":true,"href":"https:\/\/vapemaison.com\/es\/wp-json\/wp\/v2\/product_tag?post=16354"}],"curies":[{"name":"wp","href":"https:\/\/api.w.org\/{rel}","templated":true}]}}