

{"id":16442,"date":"2025-12-09T07:31:45","date_gmt":"2025-12-09T07:31:45","guid":{"rendered":"https:\/\/vapemaison.com\/?post_type=product&#038;p=16442"},"modified":"2025-12-22T09:51:28","modified_gmt":"2025-12-22T09:51:28","slug":"bang-blaze-40k-caladas-2-5-nicotina","status":"publish","type":"product","link":"https:\/\/vapemaison.com\/es\/product\/bang-blaze-40k-puffs-2-5-nicotine\/","title":{"rendered":"Bang Blaze 40k Puffs 2% 5% Nicotina"},"content":{"rendered":"<p>En <strong>Puffs Bang Blaze 40k<\/strong> est\u00e1 dise\u00f1ado para los usuarios que quieren el m\u00e1ximo n\u00famero de caladas, un fuerte rendimiento de sabor, y la libertad de rellenar con cualquier e-l\u00edquido que prefieran. Con una enorme capacidad de calada y un avanzado dise\u00f1o de bobina de malla, este dispositivo ofrece longevidad y sabor de primera calidad en un \u00fanico sistema desechable recargable.<\/p>\n\n\n\n<p>Si eres nuevo en nuestra tienda, no dudes en explorar nuestro <strong><a href=\"https:\/\/vapemaison.com\/product-category\/hot-series\/\">Top ventas<\/a><\/strong> u obtenga m\u00e1s informaci\u00f3n sobre <strong><a href=\"https:\/\/vapemaison.com\/brand\/bang\/\">Colecci\u00f3n Bang Vape<\/a><\/strong> para productos relacionados.<\/p>\n\n\n\n<h2 class=\"wp-block-heading\"><strong>Bang Blaze 40k Puffs Caracter\u00edsticas y rendimiento<\/strong><\/h2>\n\n\n\n<p>Construido con un <strong>Bater\u00eda recargable de 1000 mAh<\/strong> y <strong>Carga r\u00e1pida Tipo-C<\/strong>, Bang Blaze 40K ofrece una potencia fiable y ciclos de recarga r\u00e1pidos. Su <strong>Bobina de malla de 0,6\u03a9<\/strong> proporciona un vapor m\u00e1s rico, un flujo de aire m\u00e1s suave y un rendimiento constante, incluso despu\u00e9s de varias recargas.<\/p>\n\n\n\n<p>Este dispositivo admite <strong>Capacidad de 40 ml de e-l\u00edquido<\/strong> y ofrece <strong>Concentraciones de nicotina 2% y 5%<\/strong>, permitiendo a los usuarios ajustar con precisi\u00f3n su experiencia de vapeo. Tanto si prefiere un fuerte golpe de garganta como una calada m\u00e1s suave y ligera, el Bang Blaze 40000 Puffs garantiza una personalizaci\u00f3n total.<\/p>\n\n\n\n<p>Para obtener m\u00e1s informaci\u00f3n sobre las normas vape desechables, tambi\u00e9n puede consultar recursos de buena reputaci\u00f3n como <strong>el sitio oficial del fabricante<\/strong> o <strong>gu\u00edas de vapeo independientes<\/strong><\/p>\n\n\n\n<h2 class=\"wp-block-heading\"><strong>\u00bfPor qu\u00e9 elegir Bang Blaze 40k Puffs?<\/strong><\/h2>\n\n\n\n<p>El Bang Blaze 40K destaca porque combina:<\/p>\n\n\n\n<ul class=\"wp-block-list\">\n<li>Massive <strong>40.000 puff<\/strong> vida \u00fatil<\/li>\n\n\n\n<li><strong>Sistema de aceite rellenable<\/strong> para una libertad infinita de sabores<\/li>\n\n\n\n<li><strong>Tecnolog\u00eda de bobina de malla<\/strong> para un sabor potente<\/li>\n\n\n\n<li><strong>Carga r\u00e1pida Tipo-C<\/strong><\/li>\n\n\n\n<li><strong>Gran capacidad de 40 ml<\/strong><\/li>\n\n\n\n<li><strong>Opciones de nicotina: 2% \/ 5%<\/strong><\/li>\n<\/ul>\n\n\n\n<p>Esto lo hace ideal para los usuarios a largo plazo, vapers pesados, y cualquiera que busque un dispositivo desechable personalizable.<\/p>\n\n\n\n<h3 class=\"wp-block-heading\"><strong>Caracter\u00edsticas<\/strong><\/h3>\n\n\n\n<figure class=\"wp-block-table\"><table class=\"has-fixed-layout\"><thead><tr><th><strong>Caracter\u00edstica<\/strong><\/th><th><strong>Detalles<\/strong><\/th><\/tr><\/thead><tbody><tr><td><strong>Puffs<\/strong><\/td><td>Hasta 40.000 caladas<\/td><\/tr><tr><td><strong>Bobina<\/strong><\/td><td>Bobina de malla de 0,6\u03a9<\/td><\/tr><tr><td><strong>L\u00edquido electr\u00f3nico<\/strong><\/td><td>40 ml<\/td><\/tr><tr><td><strong>Nicotina<\/strong><\/td><td>2% \/ 5%<\/td><\/tr><tr><td><strong>Bater\u00eda<\/strong><\/td><td>1000mAh Recargable<\/td><\/tr><tr><td><strong>Cargando<\/strong><\/td><td>Carga r\u00e1pida Tipo-C<\/td><\/tr><tr><td><strong>Dise\u00f1o<\/strong><\/td><td>Sistema de aceite rellenable<\/td><\/tr><tr><td><strong>Sabores<\/strong><\/td><td>12 sabores disponibles<\/td><\/tr><\/tbody><\/table><\/figure>\n\n\n\n<h3 class=\"wp-block-heading\"><strong>Sabores disponibles<\/strong><\/h3>\n\n\n\n<ul class=\"wp-block-list\">\n<li>Sand\u00eda<\/li>\n\n\n\n<li>Sand\u00eda Fresa<\/li>\n\n\n\n<li>Pi\u00f1a Colada<\/li>\n\n\n\n<li>Fresa helada<\/li>\n\n\n\n<li>Red Bull<\/li>\n\n\n\n<li>Melocot\u00f3n helado<\/li>\n\n\n\n<li>Hielo de ar\u00e1ndanos<\/li>\n\n\n\n<li>Ar\u00e1ndano Frambuesa<\/li>\n\n\n\n<li>Uvas en flor<\/li>\n\n\n\n<li>Manzanas dobles<\/li>\n\n\n\n<li>Frutas variadas<\/li>\n\n\n\n<li>Mango Melocot\u00f3n<\/li>\n<\/ul>\n\n\n\n<p>\u00danete a miles de vapers satisfechos que adoran los dispositivos Bang. Explora nuestro <a href=\"https:\/\/vapemaison.com\">p\u00e1gina de inicio<\/a> para los reci\u00e9n llegados, consulte la <a href=\"https:\/\/vapemaison.com\/shop\">tienda<\/a> para ver la gama completa, o inf\u00f3rmese sobre la <a href=\"https:\/\/vapemaison.com\/brand\/bang\">Marca Bang<\/a> del que todo el mundo habla. Para variar, descubra <a href=\"https:\/\/vapemaison.com\/brand\/humo-azul\/\">Colecci\u00f3n Humo Vape Brand<\/a> productos o navegar por todos <a href=\"https:\/\/vapemaison.com\/product-category\/puffs-count\/\">Puffs vapes<\/a> en un solo lugar.<\/p>","protected":false},"excerpt":{"rendered":"<div id=\"model-response-message-contentr_9c475cc880d901e2\" class=\"markdown markdown-main-panel stronger enable-updated-hr-color\" dir=\"ltr\" aria-live=\"polite\" aria-busy=\"false\">\n<p data-path-to-node=\"0\">Maximice su libertad de vapeo con el <b data-path-to-node=\"0\" data-index-in-node=\"38\">Bang Blaze 40K<\/b>, con un dise\u00f1o \u00fanico <b data-path-to-node=\"0\" data-index-in-node=\"73\">sistema de aceite rellenable<\/b> y una vida \u00fatil de 40.000 puff para una personalizaci\u00f3n definitiva. Dise\u00f1ado con un <b data-path-to-node=\"0\" data-index-in-node=\"176\">Bobina de malla de 0,6\u03a9<\/b> y una robusta bater\u00eda de 1000mAh, proporciona un sabor potente y un vapor denso en cada recarga - haz tu pedido hoy para disfrutar de infinitas posibilidades de sabor y asegurar nuestra actual oferta de env\u00edo r\u00e1pido.<\/p>\n<\/div>","protected":false},"featured_media":16445,"comment_status":"open","ping_status":"closed","template":"","meta":[],"product_brand":[57],"product_cat":[135],"product_tag":[],"class_list":{"0":"post-16442","1":"product","2":"type-product","3":"status-publish","4":"has-post-thumbnail","6":"product_brand-bang","7":"product_cat-40k-puffs","9":"first","10":"instock","11":"sale","12":"shipping-taxable","13":"purchasable","14":"product-type-variable"},"yoast_head":"<!-- This site is optimized with the Yoast SEO plugin v27.4 - https:\/\/yoast.com\/product\/yoast-seo-wordpress\/ -->\n<title>Bang Blaze 40k Puffs \u2013 Refillable Mesh Coil Disposable Vape - VapeMaison<\/title>\n<meta name=\"description\" content=\"Experience the Bang Blaze 40k Puffs, a refillable disposable vape with a 0.6\u03a9 mesh coil,and 12 flavor options. Long-lasting, powerful, and customizable.\" \/>\n<meta name=\"robots\" content=\"index, follow, max-snippet:-1, max-image-preview:large, max-video-preview:-1\" \/>\n<link rel=\"canonical\" href=\"https:\/\/vapemaison.com\/es\/producto\/bang-blaze-40k-caladas-2-5-nicotina\/\" \/>\n<meta property=\"og:locale\" content=\"es_ES\" \/>\n<meta property=\"og:type\" content=\"article\" \/>\n<meta property=\"og:title\" content=\"Bang Blaze 40k Puffs \u2013 Refillable Mesh Coil Disposable Vape - VapeMaison\" \/>\n<meta property=\"og:description\" content=\"Experience the Bang Blaze 40k Puffs, a refillable disposable vape with a 0.6\u03a9 mesh coil,and 12 flavor options. Long-lasting, powerful, and customizable.\" \/>\n<meta property=\"og:url\" content=\"https:\/\/vapemaison.com\/es\/producto\/bang-blaze-40k-caladas-2-5-nicotina\/\" \/>\n<meta property=\"og:site_name\" content=\"VapeMaison\" \/>\n<meta property=\"article:modified_time\" content=\"2025-12-22T09:51:28+00:00\" \/>\n<meta property=\"og:image\" content=\"https:\/\/vapemaison.com\/wp-content\/uploads\/2025\/12\/vape-bang-blaze-40k-oil-40000-puffs-mixed-fruit-654x690.jpg.webp\" \/>\n\t<meta property=\"og:image:width\" content=\"654\" \/>\n\t<meta property=\"og:image:height\" content=\"690\" \/>\n\t<meta property=\"og:image:type\" content=\"image\/webp\" \/>\n<meta name=\"twitter:card\" content=\"summary_large_image\" \/>\n<meta name=\"twitter:label1\" content=\"Tiempo de lectura\" \/>\n\t<meta name=\"twitter:data1\" content=\"2 minutos\" \/>\n<!-- \/ Yoast SEO plugin. -->","yoast_head_json":{"title":"Bang Blaze 40k Puffs - Vapeador Recargable Desechable - VapeMaison","description":"Experimenta el Bang Blaze 40k Puffs, un vapeador desechable recargable con una bobina de malla de 0,6\u03a9,y 12 opciones de sabor. Duradero, potente y personalizable.","robots":{"index":"index","follow":"follow","max-snippet":"max-snippet:-1","max-image-preview":"max-image-preview:large","max-video-preview":"max-video-preview:-1"},"canonical":"https:\/\/vapemaison.com\/es\/producto\/bang-blaze-40k-caladas-2-5-nicotina\/","og_locale":"es_ES","og_type":"article","og_title":"Bang Blaze 40k Puffs \u2013 Refillable Mesh Coil Disposable Vape - VapeMaison","og_description":"Experience the Bang Blaze 40k Puffs, a refillable disposable vape with a 0.6\u03a9 mesh coil,and 12 flavor options. Long-lasting, powerful, and customizable.","og_url":"https:\/\/vapemaison.com\/es\/producto\/bang-blaze-40k-caladas-2-5-nicotina\/","og_site_name":"VapeMaison","article_modified_time":"2025-12-22T09:51:28+00:00","og_image":[{"width":654,"height":690,"url":"https:\/\/vapemaison.com\/wp-content\/uploads\/2025\/12\/vape-bang-blaze-40k-oil-40000-puffs-mixed-fruit-654x690.jpg.webp","type":"image\/webp"}],"twitter_card":"summary_large_image","twitter_misc":{"Tiempo de lectura":"2 minutos"},"schema":{"@context":"https:\/\/schema.org","@graph":[{"@type":"WebPage","@id":"https:\/\/vapemaison.com\/product\/bang-blaze-40k-puffs-2-5-nicotine\/","url":"https:\/\/vapemaison.com\/product\/bang-blaze-40k-puffs-2-5-nicotine\/","name":"Bang Blaze 40k Puffs - Vapeador Recargable Desechable - VapeMaison","isPartOf":{"@id":"https:\/\/vapemaison.com\/#website"},"primaryImageOfPage":{"@id":"https:\/\/vapemaison.com\/product\/bang-blaze-40k-puffs-2-5-nicotine\/#primaryimage"},"image":{"@id":"https:\/\/vapemaison.com\/product\/bang-blaze-40k-puffs-2-5-nicotine\/#primaryimage"},"thumbnailUrl":"https:\/\/vapemaison.com\/wp-content\/uploads\/2025\/12\/vape-bang-blaze-40k-oil-40000-puffs-mixed-fruit-654x690.jpg.webp","datePublished":"2025-12-09T07:31:45+00:00","dateModified":"2025-12-22T09:51:28+00:00","description":"Experimenta el Bang Blaze 40k Puffs, un vapeador desechable recargable con una bobina de malla de 0,6\u03a9,y 12 opciones de sabor. Duradero, potente y personalizable.","breadcrumb":{"@id":"https:\/\/vapemaison.com\/product\/bang-blaze-40k-puffs-2-5-nicotine\/#breadcrumb"},"inLanguage":"es","potentialAction":[{"@type":"ReadAction","target":["https:\/\/vapemaison.com\/product\/bang-blaze-40k-puffs-2-5-nicotine\/"]}]},{"@type":"ImageObject","inLanguage":"es","@id":"https:\/\/vapemaison.com\/product\/bang-blaze-40k-puffs-2-5-nicotine\/#primaryimage","url":"https:\/\/vapemaison.com\/wp-content\/uploads\/2025\/12\/vape-bang-blaze-40k-oil-40000-puffs-mixed-fruit-654x690.jpg.webp","contentUrl":"https:\/\/vapemaison.com\/wp-content\/uploads\/2025\/12\/vape-bang-blaze-40k-oil-40000-puffs-mixed-fruit-654x690.jpg.webp","width":654,"height":690,"caption":"Vape Bang Blaze 40k Oil Puffs Mixed Fruit 654x690.jpg"},{"@type":"BreadcrumbList","@id":"https:\/\/vapemaison.com\/product\/bang-blaze-40k-puffs-2-5-nicotine\/#breadcrumb","itemListElement":[{"@type":"ListItem","position":1,"name":"\u9996\u9875","item":"https:\/\/vapemaison.com\/"},{"@type":"ListItem","position":2,"name":"Shop","item":"https:\/\/vapemaison.com\/shop\/"},{"@type":"ListItem","position":3,"name":"Bang","item":"https:\/\/vapemaison.com\/brand\/bang\/"},{"@type":"ListItem","position":4,"name":"Bang Blaze 40k Puffs 2% 5% Nicotine"}]},{"@type":"WebSite","@id":"https:\/\/vapemaison.com\/#website","url":"https:\/\/vapemaison.com\/","name":"VapeMaison","description":"Dispositivos y accesorios premium para vapear","publisher":{"@id":"https:\/\/vapemaison.com\/#organization"},"potentialAction":[{"@type":"SearchAction","target":{"@type":"EntryPoint","urlTemplate":"https:\/\/vapemaison.com\/?s={search_term_string}"},"query-input":{"@type":"PropertyValueSpecification","valueRequired":true,"valueName":"search_term_string"}}],"inLanguage":"es"},{"@type":"Organization","@id":"https:\/\/vapemaison.com\/#organization","name":"VapeMaison","url":"https:\/\/vapemaison.com\/","logo":{"@type":"ImageObject","inLanguage":"es","@id":"https:\/\/vapemaison.com\/#\/schema\/logo\/image\/","url":"https:\/\/vapemaison.com\/wp-content\/uploads\/2026\/01\/cropped-vapemaison-logo-g-2026.webp","contentUrl":"https:\/\/vapemaison.com\/wp-content\/uploads\/2026\/01\/cropped-vapemaison-logo-g-2026.webp","width":350,"height":280,"caption":"VapeMaison"},"image":{"@id":"https:\/\/vapemaison.com\/#\/schema\/logo\/image\/"},"sameAs":["https:\/\/www.youtube.com\/@VapeMaison"]}]}},"tiered_pricing_type":"fixed","tiered_pricing_fixed_rules":{"30":"10.63","50":"9.72","100":"8.99","200":"7.99"},"tiered_pricing_product_settings":{"layout":"default","base_unit_name":{"singular":null,"plural":null},"default_variation":null},"tiered_pricing_minimum_quantity":10,"tiered_pricing_roles_data":[],"tiered_pricing_percentage_rules":[],"tiered_pricing_maximum_quantity":null,"tiered_pricing_quantity_step":"10","_links":{"self":[{"href":"https:\/\/vapemaison.com\/es\/wp-json\/wp\/v2\/product\/16442","targetHints":{"allow":["GET"]}}],"collection":[{"href":"https:\/\/vapemaison.com\/es\/wp-json\/wp\/v2\/product"}],"about":[{"href":"https:\/\/vapemaison.com\/es\/wp-json\/wp\/v2\/types\/product"}],"replies":[{"embeddable":true,"href":"https:\/\/vapemaison.com\/es\/wp-json\/wp\/v2\/comments?post=16442"}],"version-history":[{"count":0,"href":"https:\/\/vapemaison.com\/es\/wp-json\/wp\/v2\/product\/16442\/revisions"}],"wp:featuredmedia":[{"embeddable":true,"href":"https:\/\/vapemaison.com\/es\/wp-json\/wp\/v2\/media\/16445"}],"wp:attachment":[{"href":"https:\/\/vapemaison.com\/es\/wp-json\/wp\/v2\/media?parent=16442"}],"wp:term":[{"taxonomy":"product_brand","embeddable":true,"href":"https:\/\/vapemaison.com\/es\/wp-json\/wp\/v2\/product_brand?post=16442"},{"taxonomy":"product_cat","embeddable":true,"href":"https:\/\/vapemaison.com\/es\/wp-json\/wp\/v2\/product_cat?post=16442"},{"taxonomy":"product_tag","embeddable":true,"href":"https:\/\/vapemaison.com\/es\/wp-json\/wp\/v2\/product_tag?post=16442"}],"curies":[{"name":"wp","href":"https:\/\/api.w.org\/{rel}","templated":true}]}}