

{"id":16479,"date":"2025-12-09T10:32:01","date_gmt":"2025-12-09T10:32:01","guid":{"rendered":"https:\/\/vapemaison.com\/?post_type=product&#038;p=16479"},"modified":"2026-03-23T02:32:45","modified_gmt":"2026-03-23T02:32:45","slug":"bang-king-shisha-25000-caladas","status":"publish","type":"product","link":"https:\/\/vapemaison.com\/es\/product\/bang-king-shisha-25000-puffs\/","title":{"rendered":"Bang King Shisha 25000 Puffs Vape Pen Desechable"},"content":{"rendered":"<p><strong>Bang King Shisha 25000 Puffs Pantalla LED Vape desechable de cuero - El estilo se une a la potencia<\/strong><\/p>\n\n\n\n<p>Experimente lo \u00faltimo en vaporizadores desechables con el <strong>Bang King Shisha 25000 Puffs<\/strong>, Una combinaci\u00f3n perfecta de sofisticaci\u00f3n, rendimiento y comodidad. Con un elegante acabado en piel, este dispositivo de primera calidad est\u00e1 dise\u00f1ado para un disfrute duradero sin renunciar al estilo.<\/p>\n\n\n\n<p>Con <strong>hasta 25.000 caladas<\/strong>, La Bang King Shisha garantiza un uso prolongado, al tiempo que ofrece <strong>Concentraciones de nicotina 2%, 3% y 5%<\/strong> para adaptarse a todas las preferencias. Su generoso <strong>Capacidad de 30 ml de e-l\u00edquido<\/strong> y <strong>bobina de malla avanzada de 0,6\u03a9<\/strong> proporcionan un vapor rico y suave y un sabor intenso desde la primera calada.<\/p>\n\n\n\n<p>Impulsado por un <strong>Bater\u00eda recargable de 650 mAh<\/strong> con <strong>Carga r\u00e1pida Tipo-C<\/strong>, el tiempo de inactividad se reduce al m\u00ednimo, manteni\u00e9ndote listo para vapear todo el d\u00eda. El <strong>Pantalla LED<\/strong> proporciona informaci\u00f3n sobre la bater\u00eda en tiempo real, para que siempre tengas el control.<\/p>\n\n\n\n<p>Disponible en <strong>12 sabores distintos<\/strong> y con un lujoso dise\u00f1o de cuero, la Bang King Shisha combina variedad, elegancia y alto rendimiento. Cada paquete contiene <strong>10 dispositivos<\/strong>, Por lo tanto, es ideal para aquellos que exigen una experiencia de vapeo de primera calidad.<\/p>\n\n\n\n<p>Eleva tu juego de vapeo con el <strong>Bang King Shisha 25000 Puffs<\/strong> - donde se unen estilo, potencia y versatilidad.<\/p>\n\n\n\n<h5 class=\"wp-block-heading\"><strong>Caracter\u00edsticas\uff1a<\/strong><\/h5>\n\n\n\n<ul class=\"wp-block-list\">\n<li>Nicotine:2%\/3%\/5%<\/li>\n\n\n\n<li>Puffs\uff1a25000 puffs<\/li>\n\n\n\n<li>Bater\u00eda: 650 mah<\/li>\n\n\n\n<li>Capacidad\uff1a30ML<\/li>\n\n\n\n<li>Resistencia\uff1a0,6 \u03a9 bobina de malla<\/li>\n\n\n\n<li>Recargable\uff1atipo-C<\/li>\n\n\n\n<li>Dispositivo desechable<\/li>\n\n\n\n<li>12 sabores disponibles<\/li>\n\n\n\n<li>10 unidades en caja expositora.<\/li>\n<\/ul>\n\n\n\n<h5 class=\"wp-block-heading\"><strong><br>Lista de sabores\uff1a<\/strong><\/h5>\n\n\n\n<ol class=\"wp-block-list\">\n<li>Toro Vimto<\/li>\n\n\n\n<li>Cush Man<\/li>\n\n\n\n<li>Ar\u00e1ndano Uva<\/li>\n\n\n\n<li>Frambuesa azul Lim\u00f3n<\/li>\n\n\n\n<li>Limonada Cereza<\/li>\n\n\n\n<li>Frambuesa \u00e1cida con ar\u00e1ndanos<\/li>\n\n\n\n<li>Shisha Lim\u00f3n Menta<\/li>\n\n\n\n<li>Manzana doble<\/li>\n\n\n\n<li>Melocot\u00f3n helado<\/li>\n\n\n\n<li>Hielo de sand\u00eda<\/li>\n\n\n\n<li>Mala sangre<\/li>\n\n\n\n<li>Sand\u00eda Mel\u00f3n dulce Fruta de la pasi\u00f3n<\/li>\n<\/ol>\n\n\n\n<p>\u00danete a miles de vapers satisfechos que adoran los dispositivos Bang. Explora nuestro <a href=\"https:\/\/vapemaison.com\">p\u00e1gina de inicio<\/a> para los reci\u00e9n llegados, consulte la <a href=\"https:\/\/vapemaison.com\/shop\">tienda<\/a> para ver la gama completa, o inf\u00f3rmese sobre la <a href=\"https:\/\/vapemaison.com\/brand\/bang\">Marca Bang<\/a> del que todo el mundo habla. Para variar, descubra <a href=\"https:\/\/vapemaison.com\/brand\/humo-azul\/\">Colecci\u00f3n Humo Vape Brand<\/a> productos o navegar por todos <a href=\"https:\/\/vapemaison.com\/product-category\/puffs-count\/\">Puffs vapes<\/a> en un solo lugar.<\/p>","protected":false},"excerpt":{"rendered":"<p><span class=\"\">Mejore su experiencia de vapeo con el <\/span><b class=\"\" data-path-to-node=\"0\" data-index-in-node=\"40\">Bang King Shisha 25000<\/b><span class=\"\">,<\/span><span class=\"\"> con un lujoso <\/span><b class=\"\" data-path-to-node=\"0\" data-index-in-node=\"86\">acabado en cuero<\/b><span class=\"\"> y un sistema de <\/span><b data-path-to-node=\"0\" data-index-in-node=\"124\">Bobina de malla de 0,6\u03a9<\/b> para un vapor rico y suave. Con una generosa capacidad de 30mL y un <b data-path-to-node=\"0\" data-index-in-node=\"211\">Pantalla LED<\/b> para el control de la bater\u00eda en tiempo real, esta central el\u00e9ctrica de 25.000 esponjas combina a la perfecci\u00f3n sofisticaci\u00f3n y potencia. Pida hoy mismo su paquete de 10 unidades para asegurarse un estilo de primera y un env\u00edo prioritario.<\/p>","protected":false},"featured_media":16481,"comment_status":"open","ping_status":"closed","template":"","meta":[],"product_brand":[57],"product_cat":[144],"product_tag":[],"class_list":{"0":"post-16479","1":"product","2":"type-product","3":"status-publish","4":"has-post-thumbnail","6":"product_brand-bang","7":"product_cat-25k-puffs","9":"first","10":"instock","11":"sale","12":"shipping-taxable","13":"purchasable","14":"product-type-variable"},"yoast_head":"<!-- This site is optimized with the Yoast SEO plugin v27.4 - https:\/\/yoast.com\/product\/yoast-seo-wordpress\/ -->\n<title>Bang King Shisha 25000 Puffs \u2013 Leather LED Disposable Vape- VapeMaison<\/title>\n<meta name=\"description\" content=\"Enjoy up to 25000 puffs with rich flavor, LED display, and sleek leather design. Rechargeable and available in 12 flavors.\" \/>\n<meta name=\"robots\" content=\"index, follow, max-snippet:-1, max-image-preview:large, max-video-preview:-1\" \/>\n<link rel=\"canonical\" href=\"https:\/\/vapemaison.com\/es\/producto\/bang-king-shisha-25000-caladas\/\" \/>\n<meta property=\"og:locale\" content=\"es_ES\" \/>\n<meta property=\"og:type\" content=\"article\" \/>\n<meta property=\"og:title\" content=\"Bang King Shisha 25000 Puffs \u2013 Leather LED Disposable Vape- VapeMaison\" \/>\n<meta property=\"og:description\" content=\"Enjoy up to 25000 puffs with rich flavor, LED display, and sleek leather design. Rechargeable and available in 12 flavors.\" \/>\n<meta property=\"og:url\" content=\"https:\/\/vapemaison.com\/es\/producto\/bang-king-shisha-25000-caladas\/\" \/>\n<meta property=\"og:site_name\" content=\"VapeMaison\" \/>\n<meta property=\"article:modified_time\" content=\"2026-03-23T02:32:45+00:00\" \/>\n<meta property=\"og:image\" content=\"https:\/\/vapemaison.com\/wp-content\/uploads\/2025\/12\/double-apple-bang-king-e-shisha-25000.jpg\" \/>\n\t<meta property=\"og:image:width\" content=\"1500\" \/>\n\t<meta property=\"og:image:height\" content=\"1500\" \/>\n\t<meta property=\"og:image:type\" content=\"image\/jpeg\" \/>\n<meta name=\"twitter:card\" content=\"summary_large_image\" \/>\n<meta name=\"twitter:label1\" content=\"Tiempo de lectura\" \/>\n\t<meta name=\"twitter:data1\" content=\"2 minutos\" \/>\n<!-- \/ Yoast SEO plugin. -->","yoast_head_json":{"title":"Bang King Shisha 25000 Puffs - Vape desechable LED de cuero- VapeMaison","description":"Disfruta de hasta 25000 caladas con un rico sabor, pantalla LED y un elegante dise\u00f1o de cuero. Recargable y disponible en 12 sabores.","robots":{"index":"index","follow":"follow","max-snippet":"max-snippet:-1","max-image-preview":"max-image-preview:large","max-video-preview":"max-video-preview:-1"},"canonical":"https:\/\/vapemaison.com\/es\/producto\/bang-king-shisha-25000-caladas\/","og_locale":"es_ES","og_type":"article","og_title":"Bang King Shisha 25000 Puffs \u2013 Leather LED Disposable Vape- VapeMaison","og_description":"Enjoy up to 25000 puffs with rich flavor, LED display, and sleek leather design. Rechargeable and available in 12 flavors.","og_url":"https:\/\/vapemaison.com\/es\/producto\/bang-king-shisha-25000-caladas\/","og_site_name":"VapeMaison","article_modified_time":"2026-03-23T02:32:45+00:00","og_image":[{"width":1500,"height":1500,"url":"https:\/\/vapemaison.com\/wp-content\/uploads\/2025\/12\/double-apple-bang-king-e-shisha-25000.jpg","type":"image\/jpeg"}],"twitter_card":"summary_large_image","twitter_misc":{"Tiempo de lectura":"2 minutos"},"schema":{"@context":"https:\/\/schema.org","@graph":[{"@type":"WebPage","@id":"https:\/\/vapemaison.com\/product\/bang-king-shisha-25000-puffs\/","url":"https:\/\/vapemaison.com\/product\/bang-king-shisha-25000-puffs\/","name":"Bang King Shisha 25000 Puffs - Vape desechable LED de cuero- VapeMaison","isPartOf":{"@id":"https:\/\/vapemaison.com\/#website"},"primaryImageOfPage":{"@id":"https:\/\/vapemaison.com\/product\/bang-king-shisha-25000-puffs\/#primaryimage"},"image":{"@id":"https:\/\/vapemaison.com\/product\/bang-king-shisha-25000-puffs\/#primaryimage"},"thumbnailUrl":"https:\/\/vapemaison.com\/wp-content\/uploads\/2025\/12\/double-apple-bang-king-e-shisha-25000.jpg","datePublished":"2025-12-09T10:32:01+00:00","dateModified":"2026-03-23T02:32:45+00:00","description":"Disfruta de hasta 25000 caladas con un rico sabor, pantalla LED y un elegante dise\u00f1o de cuero. Recargable y disponible en 12 sabores.","breadcrumb":{"@id":"https:\/\/vapemaison.com\/product\/bang-king-shisha-25000-puffs\/#breadcrumb"},"inLanguage":"es","potentialAction":[{"@type":"ReadAction","target":["https:\/\/vapemaison.com\/product\/bang-king-shisha-25000-puffs\/"]}]},{"@type":"ImageObject","inLanguage":"es","@id":"https:\/\/vapemaison.com\/product\/bang-king-shisha-25000-puffs\/#primaryimage","url":"https:\/\/vapemaison.com\/wp-content\/uploads\/2025\/12\/double-apple-bang-king-e-shisha-25000.jpg","contentUrl":"https:\/\/vapemaison.com\/wp-content\/uploads\/2025\/12\/double-apple-bang-king-e-shisha-25000.jpg","width":1500,"height":1500,"caption":"Double Apple Bang King E Shisha Disposable Vape Device"},{"@type":"BreadcrumbList","@id":"https:\/\/vapemaison.com\/product\/bang-king-shisha-25000-puffs\/#breadcrumb","itemListElement":[{"@type":"ListItem","position":1,"name":"\u9996\u9875","item":"https:\/\/vapemaison.com\/"},{"@type":"ListItem","position":2,"name":"Shop","item":"https:\/\/vapemaison.com\/shop\/"},{"@type":"ListItem","position":3,"name":"Bang","item":"https:\/\/vapemaison.com\/brand\/bang\/"},{"@type":"ListItem","position":4,"name":"Bang King Shisha 25000 Puffs Disposable Vape Pen"}]},{"@type":"WebSite","@id":"https:\/\/vapemaison.com\/#website","url":"https:\/\/vapemaison.com\/","name":"VapeMaison","description":"Dispositivos y accesorios premium para vapear","publisher":{"@id":"https:\/\/vapemaison.com\/#organization"},"potentialAction":[{"@type":"SearchAction","target":{"@type":"EntryPoint","urlTemplate":"https:\/\/vapemaison.com\/?s={search_term_string}"},"query-input":{"@type":"PropertyValueSpecification","valueRequired":true,"valueName":"search_term_string"}}],"inLanguage":"es"},{"@type":"Organization","@id":"https:\/\/vapemaison.com\/#organization","name":"VapeMaison","url":"https:\/\/vapemaison.com\/","logo":{"@type":"ImageObject","inLanguage":"es","@id":"https:\/\/vapemaison.com\/#\/schema\/logo\/image\/","url":"https:\/\/vapemaison.com\/wp-content\/uploads\/2026\/01\/cropped-vapemaison-logo-g-2026.webp","contentUrl":"https:\/\/vapemaison.com\/wp-content\/uploads\/2026\/01\/cropped-vapemaison-logo-g-2026.webp","width":350,"height":280,"caption":"VapeMaison"},"image":{"@id":"https:\/\/vapemaison.com\/#\/schema\/logo\/image\/"},"sameAs":["https:\/\/www.youtube.com\/@VapeMaison"]}]}},"tiered_pricing_type":"fixed","tiered_pricing_fixed_rules":{"30":"10.98","50":"9.98","100":"8.98","200":"7.98"},"tiered_pricing_product_settings":{"layout":"default","base_unit_name":{"singular":null,"plural":null},"default_variation":null},"tiered_pricing_minimum_quantity":10,"tiered_pricing_roles_data":[],"tiered_pricing_percentage_rules":[],"tiered_pricing_maximum_quantity":null,"tiered_pricing_quantity_step":"10","_links":{"self":[{"href":"https:\/\/vapemaison.com\/es\/wp-json\/wp\/v2\/product\/16479","targetHints":{"allow":["GET"]}}],"collection":[{"href":"https:\/\/vapemaison.com\/es\/wp-json\/wp\/v2\/product"}],"about":[{"href":"https:\/\/vapemaison.com\/es\/wp-json\/wp\/v2\/types\/product"}],"replies":[{"embeddable":true,"href":"https:\/\/vapemaison.com\/es\/wp-json\/wp\/v2\/comments?post=16479"}],"version-history":[{"count":1,"href":"https:\/\/vapemaison.com\/es\/wp-json\/wp\/v2\/product\/16479\/revisions"}],"predecessor-version":[{"id":28236,"href":"https:\/\/vapemaison.com\/es\/wp-json\/wp\/v2\/product\/16479\/revisions\/28236"}],"wp:featuredmedia":[{"embeddable":true,"href":"https:\/\/vapemaison.com\/es\/wp-json\/wp\/v2\/media\/16481"}],"wp:attachment":[{"href":"https:\/\/vapemaison.com\/es\/wp-json\/wp\/v2\/media?parent=16479"}],"wp:term":[{"taxonomy":"product_brand","embeddable":true,"href":"https:\/\/vapemaison.com\/es\/wp-json\/wp\/v2\/product_brand?post=16479"},{"taxonomy":"product_cat","embeddable":true,"href":"https:\/\/vapemaison.com\/es\/wp-json\/wp\/v2\/product_cat?post=16479"},{"taxonomy":"product_tag","embeddable":true,"href":"https:\/\/vapemaison.com\/es\/wp-json\/wp\/v2\/product_tag?post=16479"}],"curies":[{"name":"wp","href":"https:\/\/api.w.org\/{rel}","templated":true}]}}