

{"id":16521,"date":"2025-12-10T03:34:35","date_gmt":"2025-12-10T03:34:35","guid":{"rendered":"https:\/\/vapemaison.com\/?post_type=product&#038;p=16521"},"modified":"2025-12-22T09:48:22","modified_gmt":"2025-12-22T09:48:22","slug":"bang-de-8500-puffs-vape-desechable","status":"publish","type":"product","link":"https:\/\/vapemaison.com\/es\/product\/bang-de-8500-puffs-disposable-vape\/","title":{"rendered":"Bang DE 8500 Puffs Vape Desechable"},"content":{"rendered":"<p>En <strong>Bang DE 8500 Puffs Vape Desechable<\/strong> ofrece una experiencia de vapeo duradera y de primera calidad. Perfecto tanto para usuarios ocasionales como para vapeadores experimentados, este elegante dispositivo est\u00e1 equipado con una potente bater\u00eda recargable de 550 mAh para un rendimiento constante. Con 18 ml de e-zumo precargado y hasta 8500 caladas, garantiza una satisfacci\u00f3n prolongada. Disponible en una variedad de deliciosos sabores y potencias de nicotina (0%, 2%, 3%, 5%), el vapeador Bang DE combina comodidad, estilo y rendimiento, por lo que es la opci\u00f3n ideal para sus necesidades de vapeo.<\/p>\n\n\n\n<h3 class=\"wp-block-heading\"><strong>Caracter\u00edsticas principales:<\/strong><\/h3>\n\n\n\n<ul class=\"wp-block-list\">\n<li><strong>Bater\u00eda recargable integrada de 550 mAh:<\/strong> Potencia fiable y eficiente para un rendimiento constante.<\/li>\n\n\n\n<li><strong>18ml E-jugo pre-llenado:<\/strong> Disfrute de una gran capacidad de e-l\u00edquido sabroso, disponible en una gama de concentraciones de nicotina (0%, 2%, 3%, 5%) para adaptarse a sus preferencias.<\/li>\n\n\n\n<li><strong>Hasta 8500 Puffs:<\/strong> Disfrute de sesiones de vapeo prolongadas con hasta 8500 caladas por dispositivo, lo que garantiza una experiencia duradera.<\/li>\n\n\n\n<li><strong>Dise\u00f1o elegante y moderno:<\/strong> Ideal para entornos minoristas, Bang DE 8500 ofrece estilo y comodidad en un vaporizador desechable.<\/li>\n\n\n\n<li><strong>Recargable:<\/strong> Disfrute de a\u00fan m\u00e1s valor recargando su vape, alargando su vida \u00fatil para un disfrute repetido.<\/li>\n<\/ul>\n\n\n\n<h3 class=\"wp-block-heading\"><strong>Sabores disponibles:<\/strong><\/h3>\n\n\n\n<ol class=\"wp-block-list\">\n<li>Sand\u00eda con fresa<\/li>\n\n\n\n<li>Hielo de sand\u00eda<\/li>\n\n\n\n<li>Fresa Pl\u00e1tano<\/li>\n\n\n\n<li>Helado de fresa<\/li>\n\n\n\n<li>Hielo de menta<\/li>\n\n\n\n<li>Mezcla de bayas<\/li>\n\n\n\n<li>Manzana \u00e1cida<\/li>\n\n\n\n<li>Mango Melocot\u00f3n<\/li>\n\n\n\n<li>Hielo de uva Sakura<\/li>\n\n\n\n<li>Hielo de ar\u00e1ndanos<\/li>\n\n\n\n<li>Cola Ice<\/li>\n\n\n\n<li>Fresa Kiwi<\/li>\n<\/ol>\n\n\n\n<p>Mejora tu experiencia de vapeo con el <strong>Bang DE Vape desechable<\/strong>. Ideal tanto para principiantes como para vapeadores experimentados, este dispositivo garantiza un sabor suave y constante durante toda su vida \u00fatil.<\/p>\n\n\n\n<p>\u00danete a miles de vapers satisfechos que adoran los dispositivos Bang. Explora nuestro <a href=\"https:\/\/vapemaison.com\">p\u00e1gina de inicio<\/a> para los reci\u00e9n llegados, consulte la <a href=\"https:\/\/vapemaison.com\/shop\">tienda<\/a> para ver la gama completa, o inf\u00f3rmese sobre la <a href=\"https:\/\/vapemaison.com\/brand\/bang\">Marca Bang<\/a> del que todo el mundo habla. Para variar, descubra <a href=\"https:\/\/vapemaison.com\/brand\/humo-azul\/\">Colecci\u00f3n Humo Vape Brand<\/a> productos o navegar por todos <a href=\"https:\/\/vapemaison.com\/product-category\/puffs-count\/\">Puffs vapes<\/a> en un solo lugar.<\/p>","protected":false},"excerpt":{"rendered":"<p><span class=\"\">Disfruta 8,<\/span><span class=\"\">500 caladas de rendimiento constante con el <\/span><b class=\"\" data-path-to-node=\"0\" data-index-in-node=\"53\">Bang DE 8500<\/b>, con un dep\u00f3sito precargado de 18ml y una fiable bater\u00eda recargable de 550mAh. Su dise\u00f1o elegante y moderno y la variedad de potencias de nicotina lo convierten en el equilibrio perfecto entre estilo y comodidad duradera - haz tu pedido hoy para asegurarte tu sabor favorito y beneficiarte de nuestra actual oferta de env\u00edo r\u00e1pido.<\/p>","protected":false},"featured_media":16523,"comment_status":"open","ping_status":"closed","template":"","meta":[],"product_brand":[57],"product_cat":[176,16],"product_tag":[],"class_list":{"0":"post-16521","1":"product","2":"type-product","3":"status-publish","4":"has-post-thumbnail","6":"product_brand-bang","7":"product_cat-8k-puffs","8":"product_cat-uncategorized","10":"first","11":"instock","12":"sale","13":"shipping-taxable","14":"purchasable","15":"product-type-variable"},"yoast_head":"<!-- This site is optimized with the Yoast SEO plugin v27.4 - https:\/\/yoast.com\/product\/yoast-seo-wordpress\/ -->\n<title>Bang DE 8500 Puffs Disposable Vape - VapeMaison<\/title>\n<meta name=\"description\" content=\"Enjoy the Bang DE 8500 Puffs Disposable Vape with a rechargeable 550mAh battery, 18ml e-juice. Available in various flavors for lasting satisfaction.\" \/>\n<meta name=\"robots\" content=\"index, follow, max-snippet:-1, max-image-preview:large, max-video-preview:-1\" \/>\n<link rel=\"canonical\" href=\"https:\/\/vapemaison.com\/es\/producto\/bang-de-8500-puffs-vape-desechable\/\" \/>\n<meta property=\"og:locale\" content=\"es_ES\" \/>\n<meta property=\"og:type\" content=\"article\" \/>\n<meta property=\"og:title\" content=\"Bang DE 8500 Puffs Disposable Vape - VapeMaison\" \/>\n<meta property=\"og:description\" content=\"Enjoy the Bang DE 8500 Puffs Disposable Vape with a rechargeable 550mAh battery, 18ml e-juice. Available in various flavors for lasting satisfaction.\" \/>\n<meta property=\"og:url\" content=\"https:\/\/vapemaison.com\/es\/producto\/bang-de-8500-puffs-vape-desechable\/\" \/>\n<meta property=\"og:site_name\" content=\"VapeMaison\" \/>\n<meta property=\"article:modified_time\" content=\"2025-12-22T09:48:22+00:00\" \/>\n<meta property=\"og:image\" content=\"https:\/\/vapemaison.com\/wp-content\/uploads\/2025\/12\/vapemaison-bang-de8500-puffs-flavor-display.webp\" \/>\n\t<meta property=\"og:image:width\" content=\"1000\" \/>\n\t<meta property=\"og:image:height\" content=\"1000\" \/>\n\t<meta property=\"og:image:type\" content=\"image\/webp\" \/>\n<meta name=\"twitter:card\" content=\"summary_large_image\" \/>\n<meta name=\"twitter:label1\" content=\"Tiempo de lectura\" \/>\n\t<meta name=\"twitter:data1\" content=\"2 minutos\" \/>\n<!-- \/ Yoast SEO plugin. -->","yoast_head_json":{"title":"Bang DE 8500 Puffs Vape Desechable - VapeMaison","description":"Disfruta del Vapeador Desechable Bang DE 8500 Puffs con una bater\u00eda recargable de 550mAh, 18ml e-juice. Disponible en varios sabores para una satisfacci\u00f3n duradera.","robots":{"index":"index","follow":"follow","max-snippet":"max-snippet:-1","max-image-preview":"max-image-preview:large","max-video-preview":"max-video-preview:-1"},"canonical":"https:\/\/vapemaison.com\/es\/producto\/bang-de-8500-puffs-vape-desechable\/","og_locale":"es_ES","og_type":"article","og_title":"Bang DE 8500 Puffs Disposable Vape - VapeMaison","og_description":"Enjoy the Bang DE 8500 Puffs Disposable Vape with a rechargeable 550mAh battery, 18ml e-juice. Available in various flavors for lasting satisfaction.","og_url":"https:\/\/vapemaison.com\/es\/producto\/bang-de-8500-puffs-vape-desechable\/","og_site_name":"VapeMaison","article_modified_time":"2025-12-22T09:48:22+00:00","og_image":[{"width":1000,"height":1000,"url":"https:\/\/vapemaison.com\/wp-content\/uploads\/2025\/12\/vapemaison-bang-de8500-puffs-flavor-display.webp","type":"image\/webp"}],"twitter_card":"summary_large_image","twitter_misc":{"Tiempo de lectura":"2 minutos"},"schema":{"@context":"https:\/\/schema.org","@graph":[{"@type":"WebPage","@id":"https:\/\/vapemaison.com\/product\/bang-de-8500-puffs-disposable-vape\/","url":"https:\/\/vapemaison.com\/product\/bang-de-8500-puffs-disposable-vape\/","name":"Bang DE 8500 Puffs Vape Desechable - VapeMaison","isPartOf":{"@id":"https:\/\/vapemaison.com\/#website"},"primaryImageOfPage":{"@id":"https:\/\/vapemaison.com\/product\/bang-de-8500-puffs-disposable-vape\/#primaryimage"},"image":{"@id":"https:\/\/vapemaison.com\/product\/bang-de-8500-puffs-disposable-vape\/#primaryimage"},"thumbnailUrl":"https:\/\/vapemaison.com\/wp-content\/uploads\/2025\/12\/vapemaison-bang-de8500-puffs-flavor-display.webp","datePublished":"2025-12-10T03:34:35+00:00","dateModified":"2025-12-22T09:48:22+00:00","description":"Disfruta del Vapeador Desechable Bang DE 8500 Puffs con una bater\u00eda recargable de 550mAh, 18ml e-juice. Disponible en varios sabores para una satisfacci\u00f3n duradera.","breadcrumb":{"@id":"https:\/\/vapemaison.com\/product\/bang-de-8500-puffs-disposable-vape\/#breadcrumb"},"inLanguage":"es","potentialAction":[{"@type":"ReadAction","target":["https:\/\/vapemaison.com\/product\/bang-de-8500-puffs-disposable-vape\/"]}]},{"@type":"ImageObject","inLanguage":"es","@id":"https:\/\/vapemaison.com\/product\/bang-de-8500-puffs-disposable-vape\/#primaryimage","url":"https:\/\/vapemaison.com\/wp-content\/uploads\/2025\/12\/vapemaison-bang-de8500-puffs-flavor-display.webp","contentUrl":"https:\/\/vapemaison.com\/wp-content\/uploads\/2025\/12\/vapemaison-bang-de8500-puffs-flavor-display.webp","width":1000,"height":1000,"caption":"Vapemaison Bang De Puffs Flavor Display"},{"@type":"BreadcrumbList","@id":"https:\/\/vapemaison.com\/product\/bang-de-8500-puffs-disposable-vape\/#breadcrumb","itemListElement":[{"@type":"ListItem","position":1,"name":"\u9996\u9875","item":"https:\/\/vapemaison.com\/"},{"@type":"ListItem","position":2,"name":"Shop","item":"https:\/\/vapemaison.com\/shop\/"},{"@type":"ListItem","position":3,"name":"Bang","item":"https:\/\/vapemaison.com\/brand\/bang\/"},{"@type":"ListItem","position":4,"name":"Bang DE 8500 Puffs Disposable Vape"}]},{"@type":"WebSite","@id":"https:\/\/vapemaison.com\/#website","url":"https:\/\/vapemaison.com\/","name":"VapeMaison","description":"Dispositivos y accesorios premium para vapear","publisher":{"@id":"https:\/\/vapemaison.com\/#organization"},"potentialAction":[{"@type":"SearchAction","target":{"@type":"EntryPoint","urlTemplate":"https:\/\/vapemaison.com\/?s={search_term_string}"},"query-input":{"@type":"PropertyValueSpecification","valueRequired":true,"valueName":"search_term_string"}}],"inLanguage":"es"},{"@type":"Organization","@id":"https:\/\/vapemaison.com\/#organization","name":"VapeMaison","url":"https:\/\/vapemaison.com\/","logo":{"@type":"ImageObject","inLanguage":"es","@id":"https:\/\/vapemaison.com\/#\/schema\/logo\/image\/","url":"https:\/\/vapemaison.com\/wp-content\/uploads\/2026\/01\/cropped-vapemaison-logo-g-2026.webp","contentUrl":"https:\/\/vapemaison.com\/wp-content\/uploads\/2026\/01\/cropped-vapemaison-logo-g-2026.webp","width":350,"height":280,"caption":"VapeMaison"},"image":{"@id":"https:\/\/vapemaison.com\/#\/schema\/logo\/image\/"},"sameAs":["https:\/\/www.youtube.com\/@VapeMaison"]}]}},"tiered_pricing_type":"fixed","tiered_pricing_fixed_rules":{"30":"7.99","50":"6.99","100":"6.63","200":"5.99"},"tiered_pricing_product_settings":{"layout":"default","base_unit_name":{"singular":null,"plural":null},"default_variation":null},"tiered_pricing_minimum_quantity":10,"tiered_pricing_roles_data":[],"tiered_pricing_percentage_rules":[],"tiered_pricing_maximum_quantity":null,"tiered_pricing_quantity_step":"10","_links":{"self":[{"href":"https:\/\/vapemaison.com\/es\/wp-json\/wp\/v2\/product\/16521","targetHints":{"allow":["GET"]}}],"collection":[{"href":"https:\/\/vapemaison.com\/es\/wp-json\/wp\/v2\/product"}],"about":[{"href":"https:\/\/vapemaison.com\/es\/wp-json\/wp\/v2\/types\/product"}],"replies":[{"embeddable":true,"href":"https:\/\/vapemaison.com\/es\/wp-json\/wp\/v2\/comments?post=16521"}],"version-history":[{"count":0,"href":"https:\/\/vapemaison.com\/es\/wp-json\/wp\/v2\/product\/16521\/revisions"}],"wp:featuredmedia":[{"embeddable":true,"href":"https:\/\/vapemaison.com\/es\/wp-json\/wp\/v2\/media\/16523"}],"wp:attachment":[{"href":"https:\/\/vapemaison.com\/es\/wp-json\/wp\/v2\/media?parent=16521"}],"wp:term":[{"taxonomy":"product_brand","embeddable":true,"href":"https:\/\/vapemaison.com\/es\/wp-json\/wp\/v2\/product_brand?post=16521"},{"taxonomy":"product_cat","embeddable":true,"href":"https:\/\/vapemaison.com\/es\/wp-json\/wp\/v2\/product_cat?post=16521"},{"taxonomy":"product_tag","embeddable":true,"href":"https:\/\/vapemaison.com\/es\/wp-json\/wp\/v2\/product_tag?post=16521"}],"curies":[{"name":"wp","href":"https:\/\/api.w.org\/{rel}","templated":true}]}}