

{"id":16581,"date":"2025-12-10T05:53:48","date_gmt":"2025-12-10T05:53:48","guid":{"rendered":"https:\/\/vapemaison.com\/?post_type=product&#038;p=16581"},"modified":"2025-12-22T09:44:15","modified_gmt":"2025-12-22T09:44:15","slug":"bang-digital-box-15k-puff-vape-desechable","status":"publish","type":"product","link":"https:\/\/vapemaison.com\/es\/product\/bang-digital-box-15k-puff-disposable-vape\/","title":{"rendered":"Bang Digital Box 15k Puff Vape Desechable"},"content":{"rendered":"<p><strong>Bang Digital Box 15k Puff Vape Pen Desechable - La Experiencia Vaping Definitiva<\/strong><\/p>\n\n\n\n<p>En <strong>Bang Digital Box <strong>15k Puff<\/strong> Edici\u00f3n Original Vape Pen desechable<\/strong> est\u00e1 dise\u00f1ado para ofrecer una experiencia de vapeo extraordinaria. Con funciones de vanguardia y una impresionante autonom\u00eda de 15.000 caladas, este vaporizador te garantiza un vapor suave y sabroso durante toda su larga vida \u00fatil. Tanto si eres nuevo en el vapeo como si eres un entusiasta experimentado, el <strong>Bang Digital Box<\/strong> combina fiabilidad, comodidad y estilo en un dispositivo desechable elegante y potente.<\/p>\n\n\n\n<h3 class=\"wp-block-heading\"><strong>Caracter\u00edsticas principales:<\/strong><\/h3>\n\n\n\n<ul class=\"wp-block-list\">\n<li><strong>Hasta 15000 caladas:<\/strong> Un dise\u00f1o de gran capacidad para un disfrute prolongado, que te garantiza sacar el m\u00e1ximo partido de cada dispositivo.<\/li>\n\n\n\n<li><strong>Bater\u00eda recargable de 500 mAh:<\/strong> Funciona con una bater\u00eda robusta para un rendimiento duradero, adem\u00e1s de un <strong>Puerto Tipo-C<\/strong> para una recarga c\u00f3moda.<\/li>\n\n\n\n<li><strong>Bobina de malla de 1,0 Ohm:<\/strong> Para una entrega de sabor suave y consistente y una rica producci\u00f3n de vapor con cada calada.<\/li>\n\n\n\n<li><strong>23ml Volumen de inyecci\u00f3n de aceite:<\/strong> Una generosa capacidad de e-jugo para garantizar una experiencia de vapeo satisfactoria con menos necesidad de recargas.<\/li>\n\n\n\n<li><strong>Opciones de nicotina:<\/strong> Disponible en concentraciones de nicotina 0%, 2%, 3% y 5% para adaptarse a sus preferencias.<\/li>\n\n\n\n<li><strong>Compacto y pr\u00e1ctico:<\/strong> Con su tama\u00f1o compacto y su dise\u00f1o elegante, la Bang Digital Box es perfecta para vapear sobre la marcha.<\/li>\n<\/ul>\n\n\n\n<h3 class=\"wp-block-heading\"><strong>Sabores disponibles:<\/strong><\/h3>\n\n\n\n<ol class=\"wp-block-list\">\n<li>Blue Freeze<\/li>\n\n\n\n<li>Explosi\u00f3n de bayas<\/li>\n\n\n\n<li>Blue Cherry Lim\u00f3n<\/li>\n\n\n\n<li>Melocot\u00f3n helado<\/li>\n\n\n\n<li>Uva Freeze<\/li>\n\n\n\n<li>Melocot\u00f3n baya<\/li>\n\n\n\n<li>Razberry de manzana \u00e1cida<\/li>\n\n\n\n<li>Fruta triple<\/li>\n\n\n\n<li>Hielo de sand\u00eda<\/li>\n\n\n\n<li>Sand\u00eda con fresa<\/li>\n\n\n\n<li>Menta fresca<\/li>\n\n\n\n<li>Lichi de fresa<\/li>\n<\/ol>\n\n\n\n<h3 class=\"wp-block-heading\"><strong>\u00bfPor qu\u00e9 elegir el vaporizador desechable Bang Digital Box 15000 Puffs?<\/strong><\/h3>\n\n\n\n<ul class=\"wp-block-list\">\n<li><strong>Vaping de larga duraci\u00f3n:<\/strong> Con hasta 15.000 caladas, este vaporizador desechable te garantiza una experiencia prolongada y constante sin tener que preocuparte constantemente por las sustituciones.<\/li>\n\n\n\n<li><strong>Golpes suaves y sabrosos:<\/strong> Gracias a la avanzada bobina de malla de 1,0 ohmios, cada calada proporciona un vapor rico y suave, por lo que es ideal para aquellos que priorizan el sabor.<\/li>\n\n\n\n<li><strong>Recargable y sostenible:<\/strong> La bater\u00eda de 500 mAh con carga Type-C garantiza que tu vapeo dure a\u00fan m\u00e1s, haci\u00e9ndolo m\u00e1s ecol\u00f3gico y rentable.<\/li>\n\n\n\n<li><strong>Perfecto para cualquier ocasi\u00f3n:<\/strong> Tanto si est\u00e1s en casa, de viaje o de fiesta, la Bang Digital Box es port\u00e1til y elegante, y est\u00e1 dise\u00f1ada para adaptarse a tu estilo de vida.<\/li>\n<\/ul>\n\n\n\n<p>Mejora tu experiencia de vapeo con el <strong>Vapeador desechable Bang Digital Box 15000 Puffs<\/strong> y descubra la combinaci\u00f3n perfecta de rendimiento, comodidad y sabor.<\/p>\n\n\n\n<p>\u00danete a miles de vapers satisfechos que adoran los dispositivos Bang. Explora nuestro <a href=\"https:\/\/vapemaison.com\">p\u00e1gina de inicio<\/a> para los reci\u00e9n llegados, consulte la <a href=\"https:\/\/vapemaison.com\/shop\">tienda<\/a> para ver la gama completa, o inf\u00f3rmese sobre la <a href=\"https:\/\/vapemaison.com\/brand\/bang\">Marca Bang<\/a> del que todo el mundo habla. Para variar, descubra <a href=\"https:\/\/vapemaison.com\/brand\/humo-azul\/\">Colecci\u00f3n Humo Vape Brand<\/a> productos o navegar por todos <a href=\"https:\/\/vapemaison.com\/product-category\/puffs-count\/\">Puffs vapes<\/a> en un solo lugar.<\/p>","protected":false},"excerpt":{"rendered":"<div id=\"model-response-message-contentr_8935f4124dd5cc3a\" class=\"markdown markdown-main-panel stronger enable-updated-hr-color\" dir=\"ltr\" aria-live=\"polite\" aria-busy=\"false\">\n<p data-path-to-node=\"0\"><span class=\"citation-1\">Experimenta 15.000 caladas de puro sabor con el <\/span><b data-path-to-node=\"0\" data-index-in-node=\"48\"><span class=\"citation-1\">Bang Digital Box 15K<\/span><\/b><span class=\"citation-1\">, de alto rendimiento <\/span><b data-path-to-node=\"0\" data-index-in-node=\"98\"><span class=\"citation-1\">Bobina de malla de 1,0\u03a9<\/span><\/b><span class=\"citation-1 citation-end-1\"> y un dep\u00f3sito de 23 ml para una extracci\u00f3n uniforme.<sup class=\"superscript\" data-turn-source-index=\"1\">1<\/sup><\/span> Este elegante y compacto dispositivo combina una fiable bater\u00eda recargable de 500 mAh con carga r\u00e1pida Type-C, lo que lo convierte en el compa\u00f1ero perfecto para vapear sobre la marcha; pide el tuyo ahora para asegurarte tu potencia de nicotina preferida mientras haya existencias y env\u00edo r\u00e1pido.<\/p>\n<div class=\"source-inline-chip-container ng-star-inserted\">\u00a0<\/div>\n<p>&nbsp;<\/p>\n<\/div>","protected":false},"featured_media":16588,"comment_status":"open","ping_status":"closed","template":"","meta":[],"product_brand":[57],"product_cat":[167],"product_tag":[],"class_list":{"0":"post-16581","1":"product","2":"type-product","3":"status-publish","4":"has-post-thumbnail","6":"product_brand-bang","7":"product_cat-15k-puffs","9":"first","10":"instock","11":"sale","12":"shipping-taxable","13":"purchasable","14":"product-type-variable"},"yoast_head":"<!-- This site is optimized with the Yoast SEO plugin v27.4 - https:\/\/yoast.com\/product\/yoast-seo-wordpress\/ -->\n<title>Bang Digital Box 15k Puff Disposable Vape \u2013 23ml, 12 Flavors - VapeMaison<\/title>\n<meta name=\"description\" content=\"Enjoy the Bang Digital Box 15k Puff Vape with 23ml e-juice, 12 flavors, and a rechargeable battery. Up to 15000 puffs for lasting satisfaction.\" \/>\n<meta name=\"robots\" content=\"index, follow, max-snippet:-1, max-image-preview:large, max-video-preview:-1\" \/>\n<link rel=\"canonical\" href=\"https:\/\/vapemaison.com\/es\/producto\/bang-digital-box-15k-puff-vape-desechable\/\" \/>\n<meta property=\"og:locale\" content=\"es_ES\" \/>\n<meta property=\"og:type\" content=\"article\" \/>\n<meta property=\"og:title\" content=\"Bang Digital Box 15k Puff Disposable Vape \u2013 23ml, 12 Flavors - VapeMaison\" \/>\n<meta property=\"og:description\" content=\"Enjoy the Bang Digital Box 15k Puff Vape with 23ml e-juice, 12 flavors, and a rechargeable battery. Up to 15000 puffs for lasting satisfaction.\" \/>\n<meta property=\"og:url\" content=\"https:\/\/vapemaison.com\/es\/producto\/bang-digital-box-15k-puff-vape-desechable\/\" \/>\n<meta property=\"og:site_name\" content=\"VapeMaison\" \/>\n<meta property=\"article:modified_time\" content=\"2025-12-22T09:44:15+00:00\" \/>\n<meta property=\"og:image\" content=\"https:\/\/vapemaison.com\/wp-content\/uploads\/2025\/12\/doge-bang-digital-box-15000puffs-8.png.webp\" \/>\n\t<meta property=\"og:image:width\" content=\"1000\" \/>\n\t<meta property=\"og:image:height\" content=\"1000\" \/>\n\t<meta property=\"og:image:type\" content=\"image\/webp\" \/>\n<meta name=\"twitter:card\" content=\"summary_large_image\" \/>\n<meta name=\"twitter:label1\" content=\"Tiempo de lectura\" \/>\n\t<meta name=\"twitter:data1\" content=\"2 minutos\" \/>\n<!-- \/ Yoast SEO plugin. -->","yoast_head_json":{"title":"Bang Digital Box 15k Puff Vape Desechable - 23ml, 12 Sabores - VapeMaison","description":"Disfruta del Bang Digital Box 15k Puff Vape con 23ml e-juice, 12 sabores, y una bater\u00eda recargable. Hasta 15000 caladas para una satisfacci\u00f3n duradera.","robots":{"index":"index","follow":"follow","max-snippet":"max-snippet:-1","max-image-preview":"max-image-preview:large","max-video-preview":"max-video-preview:-1"},"canonical":"https:\/\/vapemaison.com\/es\/producto\/bang-digital-box-15k-puff-vape-desechable\/","og_locale":"es_ES","og_type":"article","og_title":"Bang Digital Box 15k Puff Disposable Vape \u2013 23ml, 12 Flavors - VapeMaison","og_description":"Enjoy the Bang Digital Box 15k Puff Vape with 23ml e-juice, 12 flavors, and a rechargeable battery. Up to 15000 puffs for lasting satisfaction.","og_url":"https:\/\/vapemaison.com\/es\/producto\/bang-digital-box-15k-puff-vape-desechable\/","og_site_name":"VapeMaison","article_modified_time":"2025-12-22T09:44:15+00:00","og_image":[{"width":1000,"height":1000,"url":"https:\/\/vapemaison.com\/wp-content\/uploads\/2025\/12\/doge-bang-digital-box-15000puffs-8.png.webp","type":"image\/webp"}],"twitter_card":"summary_large_image","twitter_misc":{"Tiempo de lectura":"2 minutos"},"schema":{"@context":"https:\/\/schema.org","@graph":[{"@type":"WebPage","@id":"https:\/\/vapemaison.com\/product\/bang-digital-box-15k-puff-disposable-vape\/","url":"https:\/\/vapemaison.com\/product\/bang-digital-box-15k-puff-disposable-vape\/","name":"Bang Digital Box 15k Puff Vape Desechable - 23ml, 12 Sabores - VapeMaison","isPartOf":{"@id":"https:\/\/vapemaison.com\/#website"},"primaryImageOfPage":{"@id":"https:\/\/vapemaison.com\/product\/bang-digital-box-15k-puff-disposable-vape\/#primaryimage"},"image":{"@id":"https:\/\/vapemaison.com\/product\/bang-digital-box-15k-puff-disposable-vape\/#primaryimage"},"thumbnailUrl":"https:\/\/vapemaison.com\/wp-content\/uploads\/2025\/12\/doge-bang-digital-box-15000puffs-8.png.webp","datePublished":"2025-12-10T05:53:48+00:00","dateModified":"2025-12-22T09:44:15+00:00","description":"Disfruta del Bang Digital Box 15k Puff Vape con 23ml e-juice, 12 sabores, y una bater\u00eda recargable. Hasta 15000 caladas para una satisfacci\u00f3n duradera.","breadcrumb":{"@id":"https:\/\/vapemaison.com\/product\/bang-digital-box-15k-puff-disposable-vape\/#breadcrumb"},"inLanguage":"es","potentialAction":[{"@type":"ReadAction","target":["https:\/\/vapemaison.com\/product\/bang-digital-box-15k-puff-disposable-vape\/"]}]},{"@type":"ImageObject","inLanguage":"es","@id":"https:\/\/vapemaison.com\/product\/bang-digital-box-15k-puff-disposable-vape\/#primaryimage","url":"https:\/\/vapemaison.com\/wp-content\/uploads\/2025\/12\/doge-bang-digital-box-15000puffs-8.png.webp","contentUrl":"https:\/\/vapemaison.com\/wp-content\/uploads\/2025\/12\/doge-bang-digital-box-15000puffs-8.png.webp","width":1000,"height":1000,"caption":"Doge Bang Digital Boxpuffs 8.png Disposable Vape Device"},{"@type":"BreadcrumbList","@id":"https:\/\/vapemaison.com\/product\/bang-digital-box-15k-puff-disposable-vape\/#breadcrumb","itemListElement":[{"@type":"ListItem","position":1,"name":"\u9996\u9875","item":"https:\/\/vapemaison.com\/"},{"@type":"ListItem","position":2,"name":"Shop","item":"https:\/\/vapemaison.com\/shop\/"},{"@type":"ListItem","position":3,"name":"Bang","item":"https:\/\/vapemaison.com\/brand\/bang\/"},{"@type":"ListItem","position":4,"name":"Bang Digital Box 15k Puff Disposable Vape"}]},{"@type":"WebSite","@id":"https:\/\/vapemaison.com\/#website","url":"https:\/\/vapemaison.com\/","name":"VapeMaison","description":"Dispositivos y accesorios premium para vapear","publisher":{"@id":"https:\/\/vapemaison.com\/#organization"},"potentialAction":[{"@type":"SearchAction","target":{"@type":"EntryPoint","urlTemplate":"https:\/\/vapemaison.com\/?s={search_term_string}"},"query-input":{"@type":"PropertyValueSpecification","valueRequired":true,"valueName":"search_term_string"}}],"inLanguage":"es"},{"@type":"Organization","@id":"https:\/\/vapemaison.com\/#organization","name":"VapeMaison","url":"https:\/\/vapemaison.com\/","logo":{"@type":"ImageObject","inLanguage":"es","@id":"https:\/\/vapemaison.com\/#\/schema\/logo\/image\/","url":"https:\/\/vapemaison.com\/wp-content\/uploads\/2026\/01\/cropped-vapemaison-logo-g-2026.webp","contentUrl":"https:\/\/vapemaison.com\/wp-content\/uploads\/2026\/01\/cropped-vapemaison-logo-g-2026.webp","width":350,"height":280,"caption":"VapeMaison"},"image":{"@id":"https:\/\/vapemaison.com\/#\/schema\/logo\/image\/"},"sameAs":["https:\/\/www.youtube.com\/@VapeMaison"]}]}},"tiered_pricing_type":"fixed","tiered_pricing_fixed_rules":{"30":"9.99","50":"9.21","100":"8.24","200":"7.42"},"tiered_pricing_product_settings":{"layout":"default","base_unit_name":{"singular":null,"plural":null},"default_variation":null},"tiered_pricing_minimum_quantity":10,"tiered_pricing_roles_data":[],"tiered_pricing_percentage_rules":[],"tiered_pricing_maximum_quantity":null,"tiered_pricing_quantity_step":"10","_links":{"self":[{"href":"https:\/\/vapemaison.com\/es\/wp-json\/wp\/v2\/product\/16581","targetHints":{"allow":["GET"]}}],"collection":[{"href":"https:\/\/vapemaison.com\/es\/wp-json\/wp\/v2\/product"}],"about":[{"href":"https:\/\/vapemaison.com\/es\/wp-json\/wp\/v2\/types\/product"}],"replies":[{"embeddable":true,"href":"https:\/\/vapemaison.com\/es\/wp-json\/wp\/v2\/comments?post=16581"}],"version-history":[{"count":0,"href":"https:\/\/vapemaison.com\/es\/wp-json\/wp\/v2\/product\/16581\/revisions"}],"wp:featuredmedia":[{"embeddable":true,"href":"https:\/\/vapemaison.com\/es\/wp-json\/wp\/v2\/media\/16588"}],"wp:attachment":[{"href":"https:\/\/vapemaison.com\/es\/wp-json\/wp\/v2\/media?parent=16581"}],"wp:term":[{"taxonomy":"product_brand","embeddable":true,"href":"https:\/\/vapemaison.com\/es\/wp-json\/wp\/v2\/product_brand?post=16581"},{"taxonomy":"product_cat","embeddable":true,"href":"https:\/\/vapemaison.com\/es\/wp-json\/wp\/v2\/product_cat?post=16581"},{"taxonomy":"product_tag","embeddable":true,"href":"https:\/\/vapemaison.com\/es\/wp-json\/wp\/v2\/product_tag?post=16581"}],"curies":[{"name":"wp","href":"https:\/\/api.w.org\/{rel}","templated":true}]}}