

{"id":16722,"date":"2025-12-10T08:50:20","date_gmt":"2025-12-10T08:50:20","guid":{"rendered":"https:\/\/vapemaison.com\/?post_type=product&#038;p=16722"},"modified":"2025-12-22T09:38:44","modified_gmt":"2025-12-22T09:38:44","slug":"bang-tornado-20k-puffs-vape-desechable","status":"publish","type":"product","link":"https:\/\/vapemaison.com\/es\/product\/bang-tornado-20k-puffs-disposable-vape\/","title":{"rendered":"Bang Tornado 20K Puffs Pantalla LED Vape Desechable"},"content":{"rendered":"<h3 class=\"wp-block-heading\"><strong>Bang Tornado 20K Puffs Pantalla LED Edici\u00f3n Vape Pen Desechable<\/strong><\/h3>\n\n\n\n<p>En <strong>Bang Tornado 20K Puffs Pantalla LED Edici\u00f3n Vape Pen Desechable<\/strong> est\u00e1 dise\u00f1ado para los vapeadores que exigen un rendimiento superior, comodidad y estilo. Ofrece hasta <strong>20K Puffs<\/strong>, Este vaporizador de gran capacidad garantiza sesiones prolongadas de vapor satisfactorio, por lo que es la elecci\u00f3n perfecta para aquellos que buscan un disfrute duradero.<\/p>\n\n\n\n<p>Con un <strong>Capacidad de 26 ml de e-l\u00edquido<\/strong>, El <strong>Tornado Bang<\/strong> proporciona un amplio tiempo de vapeo sin necesidad de recargas frecuentes. Su avanzada <strong>Bobina de malla de 1,0\u03a9<\/strong> mejora la producci\u00f3n de vapor al tiempo que proporciona un sabor rico y consistente. El dispositivo tambi\u00e9n cuenta con <strong>flujo de aire ajustable<\/strong>, que permite a los usuarios adaptar su consumo para una experiencia de vapeo personalizada.<\/p>\n\n\n\n<p>Impulsado por un <strong>Bater\u00eda recargable de 1000 mAh<\/strong> y equipado con <strong>Carga r\u00e1pida Tipo-C<\/strong>, El <strong>Tornado Bang<\/strong> garantiza un suministro de energ\u00eda eficiente, minimizando el tiempo de inactividad y manteni\u00e9ndole listo para su pr\u00f3xima sesi\u00f3n. El sistema <strong>Pantalla LED<\/strong> proporciona actualizaciones en tiempo real sobre la duraci\u00f3n de la bater\u00eda y los niveles de e-l\u00edquido, ofreciendo un control total y tranquilidad.<\/p>\n\n\n\n<p>Disponible en concentraciones de nicotina de <strong>0%, 2%, 3% y 5%<\/strong>, y se ofrece en <strong>12 emocionantes sabores<\/strong>, El <strong>Tornado Bang<\/strong> est\u00e1 dise\u00f1ado para satisfacer una amplia gama de preferencias, por lo que es adecuado tanto para vapers principiantes como experimentados.<\/p>\n\n\n\n<h3 class=\"wp-block-heading\"><strong>Caracter\u00edsticas principales:<\/strong><\/h3>\n\n\n\n<figure class=\"wp-block-table\"><table class=\"has-fixed-layout\"><thead><tr><th><strong>Caracter\u00edstica<\/strong><\/th><th><strong>Especificaci\u00f3n<\/strong><\/th><\/tr><\/thead><tbody><tr><td><strong>Capacidad de soplado<\/strong><\/td><td>Hasta 20.000 bocanadas<\/td><\/tr><tr><td><strong>Potencia de nicotina<\/strong><\/td><td>0%, 2%, 3%, 5%<\/td><\/tr><tr><td><strong>Capacidad de e-l\u00edquido<\/strong><\/td><td>26 ml<\/td><\/tr><tr><td><strong>Bater\u00eda<\/strong><\/td><td>1000mAh Recargable<\/td><\/tr><tr><td><strong>Bobina<\/strong><\/td><td>Bobina de malla 1.0\u03a9<\/td><\/tr><tr><td><strong>Flujo de aire<\/strong><\/td><td>Flujo de aire ajustable<\/td><\/tr><tr><td><strong>Puerto de carga<\/strong><\/td><td>Carga r\u00e1pida Tipo-C<\/td><\/tr><tr><td><strong>Pantalla LED<\/strong><\/td><td>Informaci\u00f3n en tiempo real sobre la bater\u00eda y el e-l\u00edquido<\/td><\/tr><tr><td><strong>Sabores<\/strong><\/td><td>12 opciones en negrita<\/td><\/tr><\/tbody><\/table><\/figure>\n\n\n\n<h3 class=\"wp-block-heading\"><strong>Lista de sabores:<\/strong><\/h3>\n\n\n\n<ol class=\"wp-block-list\">\n<li>Sand\u00eda<\/li>\n\n\n\n<li>Sand\u00eda con fresa<\/li>\n\n\n\n<li>Hielo de ar\u00e1ndanos<\/li>\n\n\n\n<li>Ar\u00e1ndano Frambuesa<\/li>\n\n\n\n<li>Fresa helada<\/li>\n\n\n\n<li>Fresa Kiwi<\/li>\n\n\n\n<li>Mango Melocot\u00f3n Sand\u00eda<\/li>\n\n\n\n<li>Kiwi Fruta de la pasi\u00f3n Guayaba<\/li>\n\n\n\n<li>Melocot\u00f3n helado<\/li>\n\n\n\n<li>Mezcla de bayas<\/li>\n\n\n\n<li>Ar\u00e1ndano Uva<\/li>\n\n\n\n<li>Sand\u00eda Chicle<\/li>\n<\/ol>\n\n\n\n<h3 class=\"wp-block-heading\"><strong>\u00bfPor qu\u00e9 elegir Bang Tornado 20000 Puffs?<\/strong><\/h3>\n\n\n\n<ul class=\"wp-block-list\">\n<li><strong>Capacidad de soplado de larga duraci\u00f3n:<\/strong> Con hasta <strong>20K Puffs<\/strong>, Disfrute de una experiencia de vapeo sustancial sin necesidad de reemplazos frecuentes.<\/li>\n\n\n\n<li><strong>Capacidad de E-l\u00edquido Premium:<\/strong> <strong>26 ml<\/strong> de e-l\u00edquido le garantiza el m\u00e1ximo uso de cada dispositivo, reduciendo las recargas y aumentando la comodidad.<\/li>\n\n\n\n<li><strong>Experiencia de vapeo personalizada:<\/strong> En <strong>flujo de aire ajustable<\/strong> y <strong>Bobina de malla de 1,0\u03a9<\/strong> mejoran el sabor y la producci\u00f3n de vapor, permiti\u00e9ndole adaptar cada sesi\u00f3n a sus preferencias personales.<\/li>\n\n\n\n<li><strong>Supervisi\u00f3n en tiempo real:<\/strong> En <strong>Pantalla LED<\/strong> proporciona actualizaciones instant\u00e1neas de los niveles de bater\u00eda y e-l\u00edquido, para que siempre tengas el control.<\/li>\n\n\n\n<li><strong>Recarga r\u00e1pida:<\/strong> <strong>Carga r\u00e1pida Tipo-C<\/strong> garantiza un tiempo de inactividad m\u00ednimo, manteni\u00e9ndole listo para vapear en un abrir y cerrar de ojos.<\/li>\n\n\n\n<li><strong>Amplia selecci\u00f3n de sabores:<\/strong> Con <strong>12 deliciosos sabores<\/strong> y potencias de nicotina que van desde <strong>0% a 5%<\/strong>, El <strong>Tornado Bang<\/strong> satisface las necesidades de todos los vapers.<\/li>\n<\/ul>\n\n\n\n<p>Mejore su experiencia de vapeo con el <strong>Bang Tornado 20K Puffs Pantalla LED Edici\u00f3n Vape Pen Desechable<\/strong>-Dise\u00f1ado para el rendimiento, la comodidad y el sabor audaz. Perfecto para cualquier vapeador que busque un vapeador desechable fiable y de gran capacidad.<\/p>\n\n\n\n<p>\u00danete a miles de vapers satisfechos que adoran los dispositivos Bang. Explora nuestro <a href=\"https:\/\/vapemaison.com\">p\u00e1gina de inicio<\/a> para los reci\u00e9n llegados, consulte la <a href=\"https:\/\/vapemaison.com\/shop\">tienda<\/a> para ver la gama completa, o inf\u00f3rmese sobre la <a href=\"https:\/\/vapemaison.com\/brand\/bang\">Marca Bang<\/a> del que todo el mundo habla. Para variar, descubra <a href=\"https:\/\/vapemaison.com\/brand\/humo-azul\/\">Colecci\u00f3n Humo Vape Brand<\/a> productos o navegar por todos <a href=\"https:\/\/vapemaison.com\/product-category\/puffs-count\/\">Puffs vapes<\/a> en un solo lugar.<\/p>","protected":false},"excerpt":{"rendered":"<div id=\"model-response-message-contentr_41a9ae1d0168c6d5\" class=\"markdown markdown-main-panel stronger enable-updated-hr-color\" dir=\"ltr\" aria-live=\"polite\" aria-busy=\"false\">\n<p data-path-to-node=\"0\">Experimenta 20.000 bocanadas de vapor de ingenier\u00eda de precisi\u00f3n con el <b data-path-to-node=\"0\" data-index-in-node=\"63\">Bang Tornado 20K<\/b>, Con una bater\u00eda de alta capacidad de 1000mAh y flujo de aire ajustable para una extracci\u00f3n totalmente personalizada. Controla tus niveles de un vistazo con la pantalla LED en tiempo real y disfruta de un sabor consistente y rico gracias a la bobina de malla de 1.0\u03a9 - elige tu concentraci\u00f3n de nicotina ahora para asegurar este modelo de alto rendimiento con nuestra garant\u00eda de env\u00edo r\u00e1pido.<\/p>\n<\/div>","protected":false},"featured_media":16727,"comment_status":"open","ping_status":"closed","template":"","meta":[],"product_brand":[57],"product_cat":[133,16],"product_tag":[],"class_list":{"0":"post-16722","1":"product","2":"type-product","3":"status-publish","4":"has-post-thumbnail","6":"product_brand-bang","7":"product_cat-20k-puffs","8":"product_cat-uncategorized","10":"first","11":"instock","12":"sale","13":"shipping-taxable","14":"purchasable","15":"product-type-variable"},"yoast_head":"<!-- This site is optimized with the Yoast SEO plugin v27.4 - https:\/\/yoast.com\/product\/yoast-seo-wordpress\/ -->\n<title>Bang Tornado 20k Puffs Disposable Vape \u2013 LED Display<\/title>\n<meta name=\"description\" content=\"Enjoy up to 20k puffs with the Bang Tornado Disposable Vape. Featuring 26mL e-liquid, 1.0\u03a9 mesh coil, and LED display for a premium vaping experience.\" \/>\n<meta name=\"robots\" content=\"index, follow, max-snippet:-1, max-image-preview:large, max-video-preview:-1\" \/>\n<link rel=\"canonical\" href=\"https:\/\/vapemaison.com\/es\/producto\/bang-tornado-20k-puffs-vape-desechable\/\" \/>\n<meta property=\"og:locale\" content=\"es_ES\" \/>\n<meta property=\"og:type\" content=\"article\" \/>\n<meta property=\"og:title\" content=\"Bang Tornado 20k Puffs Disposable Vape \u2013 LED Display\" \/>\n<meta property=\"og:description\" content=\"Enjoy up to 20k puffs with the Bang Tornado Disposable Vape. Featuring 26mL e-liquid, 1.0\u03a9 mesh coil, and LED display for a premium vaping experience.\" \/>\n<meta property=\"og:url\" content=\"https:\/\/vapemaison.com\/es\/producto\/bang-tornado-20k-puffs-vape-desechable\/\" \/>\n<meta property=\"og:site_name\" content=\"VapeMaison\" \/>\n<meta property=\"article:modified_time\" content=\"2025-12-22T09:38:44+00:00\" \/>\n<meta property=\"og:image\" content=\"https:\/\/vapemaison.com\/wp-content\/uploads\/2025\/12\/vape-bang-tornado-20000-puffs-main-picture.jpg.webp\" \/>\n\t<meta property=\"og:image:width\" content=\"1000\" \/>\n\t<meta property=\"og:image:height\" content=\"1000\" \/>\n\t<meta property=\"og:image:type\" content=\"image\/webp\" \/>\n<meta name=\"twitter:card\" content=\"summary_large_image\" \/>\n<meta name=\"twitter:label1\" content=\"Tiempo de lectura\" \/>\n\t<meta name=\"twitter:data1\" content=\"3 minutos\" \/>\n<!-- \/ Yoast SEO plugin. -->","yoast_head_json":{"title":"Bang Tornado 20k Puffs Vape Desechable - Pantalla LED","description":"Disfruta de hasta 20k caladas con el Vapeador Desechable Bang Tornado. Con 26mL e-l\u00edquido, 1.0\u03a9 bobina de malla, y la pantalla LED para una experiencia vaping premium.","robots":{"index":"index","follow":"follow","max-snippet":"max-snippet:-1","max-image-preview":"max-image-preview:large","max-video-preview":"max-video-preview:-1"},"canonical":"https:\/\/vapemaison.com\/es\/producto\/bang-tornado-20k-puffs-vape-desechable\/","og_locale":"es_ES","og_type":"article","og_title":"Bang Tornado 20k Puffs Disposable Vape \u2013 LED Display","og_description":"Enjoy up to 20k puffs with the Bang Tornado Disposable Vape. Featuring 26mL e-liquid, 1.0\u03a9 mesh coil, and LED display for a premium vaping experience.","og_url":"https:\/\/vapemaison.com\/es\/producto\/bang-tornado-20k-puffs-vape-desechable\/","og_site_name":"VapeMaison","article_modified_time":"2025-12-22T09:38:44+00:00","og_image":[{"width":1000,"height":1000,"url":"https:\/\/vapemaison.com\/wp-content\/uploads\/2025\/12\/vape-bang-tornado-20000-puffs-main-picture.jpg.webp","type":"image\/webp"}],"twitter_card":"summary_large_image","twitter_misc":{"Tiempo de lectura":"3 minutos"},"schema":{"@context":"https:\/\/schema.org","@graph":[{"@type":"WebPage","@id":"https:\/\/vapemaison.com\/product\/bang-tornado-20k-puffs-disposable-vape\/","url":"https:\/\/vapemaison.com\/product\/bang-tornado-20k-puffs-disposable-vape\/","name":"Bang Tornado 20k Puffs Vape Desechable - Pantalla LED","isPartOf":{"@id":"https:\/\/vapemaison.com\/#website"},"primaryImageOfPage":{"@id":"https:\/\/vapemaison.com\/product\/bang-tornado-20k-puffs-disposable-vape\/#primaryimage"},"image":{"@id":"https:\/\/vapemaison.com\/product\/bang-tornado-20k-puffs-disposable-vape\/#primaryimage"},"thumbnailUrl":"https:\/\/vapemaison.com\/wp-content\/uploads\/2025\/12\/vape-bang-tornado-20000-puffs-main-picture.jpg.webp","datePublished":"2025-12-10T08:50:20+00:00","dateModified":"2025-12-22T09:38:44+00:00","description":"Disfruta de hasta 20k caladas con el Vapeador Desechable Bang Tornado. Con 26mL e-l\u00edquido, 1.0\u03a9 bobina de malla, y la pantalla LED para una experiencia vaping premium.","breadcrumb":{"@id":"https:\/\/vapemaison.com\/product\/bang-tornado-20k-puffs-disposable-vape\/#breadcrumb"},"inLanguage":"es","potentialAction":[{"@type":"ReadAction","target":["https:\/\/vapemaison.com\/product\/bang-tornado-20k-puffs-disposable-vape\/"]}]},{"@type":"ImageObject","inLanguage":"es","@id":"https:\/\/vapemaison.com\/product\/bang-tornado-20k-puffs-disposable-vape\/#primaryimage","url":"https:\/\/vapemaison.com\/wp-content\/uploads\/2025\/12\/vape-bang-tornado-20000-puffs-main-picture.jpg.webp","contentUrl":"https:\/\/vapemaison.com\/wp-content\/uploads\/2025\/12\/vape-bang-tornado-20000-puffs-main-picture.jpg.webp","width":1000,"height":1000,"caption":"Vape Bang Tornado Puffs Main Picture.jpg"},{"@type":"BreadcrumbList","@id":"https:\/\/vapemaison.com\/product\/bang-tornado-20k-puffs-disposable-vape\/#breadcrumb","itemListElement":[{"@type":"ListItem","position":1,"name":"\u9996\u9875","item":"https:\/\/vapemaison.com\/"},{"@type":"ListItem","position":2,"name":"Shop","item":"https:\/\/vapemaison.com\/shop\/"},{"@type":"ListItem","position":3,"name":"Bang","item":"https:\/\/vapemaison.com\/brand\/bang\/"},{"@type":"ListItem","position":4,"name":"Bang Tornado 20K Puffs LED Display Disposable Vape"}]},{"@type":"WebSite","@id":"https:\/\/vapemaison.com\/#website","url":"https:\/\/vapemaison.com\/","name":"VapeMaison","description":"Dispositivos y accesorios premium para vapear","publisher":{"@id":"https:\/\/vapemaison.com\/#organization"},"potentialAction":[{"@type":"SearchAction","target":{"@type":"EntryPoint","urlTemplate":"https:\/\/vapemaison.com\/?s={search_term_string}"},"query-input":{"@type":"PropertyValueSpecification","valueRequired":true,"valueName":"search_term_string"}}],"inLanguage":"es"},{"@type":"Organization","@id":"https:\/\/vapemaison.com\/#organization","name":"VapeMaison","url":"https:\/\/vapemaison.com\/","logo":{"@type":"ImageObject","inLanguage":"es","@id":"https:\/\/vapemaison.com\/#\/schema\/logo\/image\/","url":"https:\/\/vapemaison.com\/wp-content\/uploads\/2026\/01\/cropped-vapemaison-logo-g-2026.webp","contentUrl":"https:\/\/vapemaison.com\/wp-content\/uploads\/2026\/01\/cropped-vapemaison-logo-g-2026.webp","width":350,"height":280,"caption":"VapeMaison"},"image":{"@id":"https:\/\/vapemaison.com\/#\/schema\/logo\/image\/"},"sameAs":["https:\/\/www.youtube.com\/@VapeMaison"]}]}},"tiered_pricing_type":"fixed","tiered_pricing_fixed_rules":{"30":"9.99","50":"9.12","100":"8.54","200":"7.26"},"tiered_pricing_product_settings":{"layout":"default","base_unit_name":{"singular":null,"plural":null},"default_variation":null},"tiered_pricing_minimum_quantity":10,"tiered_pricing_roles_data":[],"tiered_pricing_percentage_rules":[],"tiered_pricing_maximum_quantity":null,"tiered_pricing_quantity_step":"10","_links":{"self":[{"href":"https:\/\/vapemaison.com\/es\/wp-json\/wp\/v2\/product\/16722","targetHints":{"allow":["GET"]}}],"collection":[{"href":"https:\/\/vapemaison.com\/es\/wp-json\/wp\/v2\/product"}],"about":[{"href":"https:\/\/vapemaison.com\/es\/wp-json\/wp\/v2\/types\/product"}],"replies":[{"embeddable":true,"href":"https:\/\/vapemaison.com\/es\/wp-json\/wp\/v2\/comments?post=16722"}],"version-history":[{"count":0,"href":"https:\/\/vapemaison.com\/es\/wp-json\/wp\/v2\/product\/16722\/revisions"}],"wp:featuredmedia":[{"embeddable":true,"href":"https:\/\/vapemaison.com\/es\/wp-json\/wp\/v2\/media\/16727"}],"wp:attachment":[{"href":"https:\/\/vapemaison.com\/es\/wp-json\/wp\/v2\/media?parent=16722"}],"wp:term":[{"taxonomy":"product_brand","embeddable":true,"href":"https:\/\/vapemaison.com\/es\/wp-json\/wp\/v2\/product_brand?post=16722"},{"taxonomy":"product_cat","embeddable":true,"href":"https:\/\/vapemaison.com\/es\/wp-json\/wp\/v2\/product_cat?post=16722"},{"taxonomy":"product_tag","embeddable":true,"href":"https:\/\/vapemaison.com\/es\/wp-json\/wp\/v2\/product_tag?post=16722"}],"curies":[{"name":"wp","href":"https:\/\/api.w.org\/{rel}","templated":true}]}}