

{"id":16781,"date":"2025-12-10T09:53:54","date_gmt":"2025-12-10T09:53:54","guid":{"rendered":"https:\/\/vapemaison.com\/?post_type=product&#038;p=16781"},"modified":"2025-12-22T09:38:12","modified_gmt":"2025-12-22T09:38:12","slug":"bang-tornado-40k-puffs-vape-desechable","status":"publish","type":"product","link":"https:\/\/vapemaison.com\/es\/product\/bang-tornado-40k-puffs-disposable-vape\/","title":{"rendered":"Bang Tornado 40K Puffs Pantalla LED Vape Desechable"},"content":{"rendered":"<h3 class=\"wp-block-heading\"><strong>Bang Tornado 40K Puffs Humo Grande Pantalla LED Vape Desechable - La Experiencia Vaping Definitiva<\/strong><\/h3>\n\n\n\n<p>En <strong>Bang Tornado 40K Puffs Humo Grande Pantalla LED Vape Desechable<\/strong> est\u00e1 dise\u00f1ado para los vapeadores que buscan la combinaci\u00f3n definitiva de rendimiento, estilo y comodidad. Con la capacidad de suministrar hasta <strong>40K Puffs<\/strong>, Este dispositivo de gran capacidad es perfecto para sesiones de vapeo prolongadas sin la molestia de tener que rellenarlo o sustituirlo con frecuencia.<\/p>\n\n\n\n<p>Equipado con <strong>tres bobinas de malla avanzadas<\/strong>, El <strong>Tornado Bang<\/strong> produce un vapor consistente y sabroso y enormes nubes con cada calada. El <strong>Pantalla LED inteligente<\/strong> proporciona actualizaciones en tiempo real sobre los niveles de e-l\u00edquido y bater\u00eda, asegurando que siempre est\u00e9s informado sobre el estado de tu dispositivo.<\/p>\n\n\n\n<p>En <strong>Bater\u00eda recargable de 850 mAh<\/strong> garantiza un rendimiento duradero, y el <strong>Puerto de carga Tipo-C<\/strong> ofrece recargas r\u00e1pidas, minimizando el tiempo de inactividad y maximizando tu experiencia de vapeo. Disponible en <strong>Concentraciones de nicotina 0%, 2%, 3% y 5%<\/strong>, y con <strong>12 opciones de sabores \u00fanicos<\/strong>, El <strong>Bang Tornado 40000<\/strong> satisface una amplia gama de preferencias, tanto si prefiere una experiencia sin nicotina como si prefiere un golpe m\u00e1s fuerte.<\/p>\n\n\n\n<p>Cada aparato se suministra con <strong>8 unidades por caja expositora<\/strong>, por lo que es ideal tanto para usuarios particulares como para minoristas. Elija el <strong>Bang Tornado 40K Puffs Pantalla LED Vape Desechable<\/strong> para una experiencia de vapeo superior y de alta tecnolog\u00eda que destaca del resto.<\/p>\n\n\n\n<h3 class=\"wp-block-heading\"><strong>Caracter\u00edsticas principales:<\/strong><\/h3>\n\n\n\n<figure class=\"wp-block-table\"><table class=\"has-fixed-layout\"><thead><tr><th><strong>Caracter\u00edstica<\/strong><\/th><th><strong>Especificaci\u00f3n<\/strong><\/th><\/tr><\/thead><tbody><tr><td><strong>Capacidad de soplado<\/strong><\/td><td>Hasta 40.000 bocanadas<\/td><\/tr><tr><td><strong>Potencia de nicotina<\/strong><\/td><td>0%, 2%, 3%, 5%<\/td><\/tr><tr><td><strong>Capacidad de e-l\u00edquido<\/strong><\/td><td>40 ml<\/td><\/tr><tr><td><strong>Tipo de bobina<\/strong><\/td><td>Tres bobinas de malla avanzadas<\/td><\/tr><tr><td><strong>Caracter\u00edsticas de la pantalla<\/strong><\/td><td>Pantalla LED inteligente (niveles de bater\u00eda y e-l\u00edquido)<\/td><\/tr><tr><td><strong>Capacidad de la bater\u00eda<\/strong><\/td><td>Recargable 850mAh<\/td><\/tr><tr><td><strong>M\u00e9todo de carga<\/strong><\/td><td>Carga r\u00e1pida Tipo-C<\/td><\/tr><tr><td><strong>Sabores<\/strong><\/td><td>12 opciones de sabores<\/td><\/tr><tr><td><strong>Embalaje<\/strong><\/td><td>8 unidades por caja expositora<\/td><\/tr><\/tbody><\/table><\/figure>\n\n\n\n<h3 class=\"wp-block-heading\"><strong>Sabores disponibles:<\/strong><\/h3>\n\n\n\n<ol class=\"wp-block-list\">\n<li>Melocot\u00f3n helado<\/li>\n\n\n\n<li>Amor 66<\/li>\n\n\n\n<li>Triple baya<\/li>\n\n\n\n<li>Ar\u00e1ndano Lim\u00f3n<\/li>\n\n\n\n<li>Bebida energ\u00e9tica<\/li>\n\n\n\n<li>Manzana doble<\/li>\n\n\n\n<li>Mango Melocot\u00f3n<\/li>\n\n\n\n<li>Ar\u00e1ndano Uva<\/li>\n\n\n\n<li>Sand\u00eda con fresa<\/li>\n\n\n\n<li>Fresa Kiwi<\/li>\n\n\n\n<li>Ar\u00e1ndano Frambuesa<\/li>\n\n\n\n<li>Sand\u00eda<\/li>\n<\/ol>\n\n\n\n<h3 class=\"wp-block-heading\"><strong>\u00bfPor qu\u00e9 elegir Bang Tornado 40000 Puffs?<\/strong><\/h3>\n\n\n\n<ul class=\"wp-block-list\">\n<li><strong>Impresionante capacidad de soplado:<\/strong> Con hasta <strong>40K Puffs<\/strong>, Disfrute de sesiones de vapeo prolongadas sin tener que sustituir o rellenar con frecuencia.<\/li>\n\n\n\n<li><strong>Bobinas de malla avanzadas:<\/strong> En <strong>tres bobinas de malla<\/strong> proporcionan una producci\u00f3n de vapor consistente y una entrega de sabor mejorada, asegurando que cada calada sea suave y satisfactoria.<\/li>\n\n\n\n<li><strong>Pantalla LED inteligente:<\/strong> Lleve un registro de sus <strong>niveles de bater\u00eda y e-l\u00edquido<\/strong> en tiempo real con la intuitiva pantalla LED.<\/li>\n\n\n\n<li><strong>Recarga r\u00e1pida:<\/strong> En <strong>Carga Tipo-C<\/strong> garantiza recargas r\u00e1pidas, minimizando el tiempo de inactividad y manteni\u00e9ndote listo para vapear.<\/li>\n\n\n\n<li><strong>Amplia gama de sabores y nicotina:<\/strong> Disponible en <strong>12 sabores \u00fanicos<\/strong> y potencias de nicotina de <strong>0% a 5%<\/strong>, el Bang Tornado satisface una gran variedad de preferencias.<\/li>\n<\/ul>\n\n\n\n<p>Mejore su experiencia de vapeo con el <strong>Bang Tornado 40000 Puffs Pantalla LED Vape Desechable<\/strong> - dise\u00f1ada para quienes exigen rendimiento, sabor y estilo en un solo aparato.<\/p>\n\n\n\n<p>\u00danete a miles de vapers satisfechos que adoran los dispositivos Bang. Explora nuestro <a href=\"https:\/\/vapemaison.com\">p\u00e1gina de inicio<\/a> para los reci\u00e9n llegados, consulte la <a href=\"https:\/\/vapemaison.com\/shop\">tienda<\/a> para ver la gama completa, o inf\u00f3rmese sobre la <a href=\"https:\/\/vapemaison.com\/brand\/bang\">Marca Bang<\/a> del que todo el mundo habla. Para variar, descubra <a href=\"https:\/\/vapemaison.com\/brand\/humo-azul\/\">Colecci\u00f3n Humo Vape Brand<\/a> productos o navegar por todos <a href=\"https:\/\/vapemaison.com\/product-category\/puffs-count\/\">Puffs vapes<\/a> en un solo lugar.<\/p>","protected":false},"excerpt":{"rendered":"<p>Disfrute de la mejor experiencia de b\u00fasqueda en la nube con el <b data-path-to-node=\"0\" data-index-in-node=\"55\">Bang Tornado 40K<\/b>, Con un sistema de triple bobina de malla y una capacidad masiva de 40mL para un sabor intenso y una producci\u00f3n masiva de vapor. Mant\u00e9n el control total con la pantalla LED inteligente y una bater\u00eda robusta de 850mAh - haz tu pedido hoy para asegurar tu potencia de nicotina preferida y aprovechar nuestra oferta actual de env\u00edo r\u00e1pido.<\/p>","protected":false},"featured_media":16788,"comment_status":"open","ping_status":"closed","template":"","meta":[],"product_brand":[57],"product_cat":[135],"product_tag":[],"class_list":{"0":"post-16781","1":"product","2":"type-product","3":"status-publish","4":"has-post-thumbnail","6":"product_brand-bang","7":"product_cat-40k-puffs","9":"first","10":"instock","11":"sale","12":"shipping-taxable","13":"purchasable","14":"product-type-variable"},"yoast_head":"<!-- This site is optimized with the Yoast SEO plugin v27.4 - https:\/\/yoast.com\/product\/yoast-seo-wordpress\/ -->\n<title>Bang Tornado 40k Puffs Disposable Vape \u2013 LED Display - VapeMaison<\/title>\n<meta name=\"description\" content=\"Enjoy up to 40k puffs with the Bang Tornado Disposable Vape. Features 40mL e-liquid, 3 mesh coils, LED display, and Type-C charging.\" \/>\n<meta name=\"robots\" content=\"index, follow, max-snippet:-1, max-image-preview:large, max-video-preview:-1\" \/>\n<link rel=\"canonical\" href=\"https:\/\/vapemaison.com\/es\/producto\/bang-tornado-40k-puffs-vape-desechable\/\" \/>\n<meta property=\"og:locale\" content=\"es_ES\" \/>\n<meta property=\"og:type\" content=\"article\" \/>\n<meta property=\"og:title\" content=\"Bang Tornado 40k Puffs Disposable Vape \u2013 LED Display - VapeMaison\" \/>\n<meta property=\"og:description\" content=\"Enjoy up to 40k puffs with the Bang Tornado Disposable Vape. Features 40mL e-liquid, 3 mesh coils, LED display, and Type-C charging.\" \/>\n<meta property=\"og:url\" content=\"https:\/\/vapemaison.com\/es\/producto\/bang-tornado-40k-puffs-vape-desechable\/\" \/>\n<meta property=\"og:site_name\" content=\"VapeMaison\" \/>\n<meta property=\"article:modified_time\" content=\"2025-12-22T09:38:12+00:00\" \/>\n<meta property=\"og:image\" content=\"https:\/\/vapemaison.com\/wp-content\/uploads\/2025\/12\/vape-bang-tornado-40000-puffs-triple-berry-654x690.jpg.webp\" \/>\n\t<meta property=\"og:image:width\" content=\"654\" \/>\n\t<meta property=\"og:image:height\" content=\"690\" \/>\n\t<meta property=\"og:image:type\" content=\"image\/webp\" \/>\n<meta name=\"twitter:card\" content=\"summary_large_image\" \/>\n<meta name=\"twitter:label1\" content=\"Tiempo de lectura\" \/>\n\t<meta name=\"twitter:data1\" content=\"3 minutos\" \/>\n<!-- \/ Yoast SEO plugin. -->","yoast_head_json":{"title":"Bang Tornado 40k Puffs Vapeador Desechable - Pantalla LED - VapeMaison","description":"Disfruta de hasta 40k caladas con el Vapeador Desechable Bang Tornado. Cuenta con 40 ml de e-l\u00edquido, 3 bobinas de malla, pantalla LED y carga Type-C.","robots":{"index":"index","follow":"follow","max-snippet":"max-snippet:-1","max-image-preview":"max-image-preview:large","max-video-preview":"max-video-preview:-1"},"canonical":"https:\/\/vapemaison.com\/es\/producto\/bang-tornado-40k-puffs-vape-desechable\/","og_locale":"es_ES","og_type":"article","og_title":"Bang Tornado 40k Puffs Disposable Vape \u2013 LED Display - VapeMaison","og_description":"Enjoy up to 40k puffs with the Bang Tornado Disposable Vape. Features 40mL e-liquid, 3 mesh coils, LED display, and Type-C charging.","og_url":"https:\/\/vapemaison.com\/es\/producto\/bang-tornado-40k-puffs-vape-desechable\/","og_site_name":"VapeMaison","article_modified_time":"2025-12-22T09:38:12+00:00","og_image":[{"width":654,"height":690,"url":"https:\/\/vapemaison.com\/wp-content\/uploads\/2025\/12\/vape-bang-tornado-40000-puffs-triple-berry-654x690.jpg.webp","type":"image\/webp"}],"twitter_card":"summary_large_image","twitter_misc":{"Tiempo de lectura":"3 minutos"},"schema":{"@context":"https:\/\/schema.org","@graph":[{"@type":"WebPage","@id":"https:\/\/vapemaison.com\/product\/bang-tornado-40k-puffs-disposable-vape\/","url":"https:\/\/vapemaison.com\/product\/bang-tornado-40k-puffs-disposable-vape\/","name":"Bang Tornado 40k Puffs Vapeador Desechable - Pantalla LED - VapeMaison","isPartOf":{"@id":"https:\/\/vapemaison.com\/#website"},"primaryImageOfPage":{"@id":"https:\/\/vapemaison.com\/product\/bang-tornado-40k-puffs-disposable-vape\/#primaryimage"},"image":{"@id":"https:\/\/vapemaison.com\/product\/bang-tornado-40k-puffs-disposable-vape\/#primaryimage"},"thumbnailUrl":"https:\/\/vapemaison.com\/wp-content\/uploads\/2025\/12\/vape-bang-tornado-40000-puffs-triple-berry-654x690.jpg.webp","datePublished":"2025-12-10T09:53:54+00:00","dateModified":"2025-12-22T09:38:12+00:00","description":"Disfruta de hasta 40k caladas con el Vapeador Desechable Bang Tornado. Cuenta con 40 ml de e-l\u00edquido, 3 bobinas de malla, pantalla LED y carga Type-C.","breadcrumb":{"@id":"https:\/\/vapemaison.com\/product\/bang-tornado-40k-puffs-disposable-vape\/#breadcrumb"},"inLanguage":"es","potentialAction":[{"@type":"ReadAction","target":["https:\/\/vapemaison.com\/product\/bang-tornado-40k-puffs-disposable-vape\/"]}]},{"@type":"ImageObject","inLanguage":"es","@id":"https:\/\/vapemaison.com\/product\/bang-tornado-40k-puffs-disposable-vape\/#primaryimage","url":"https:\/\/vapemaison.com\/wp-content\/uploads\/2025\/12\/vape-bang-tornado-40000-puffs-triple-berry-654x690.jpg.webp","contentUrl":"https:\/\/vapemaison.com\/wp-content\/uploads\/2025\/12\/vape-bang-tornado-40000-puffs-triple-berry-654x690.jpg.webp","width":654,"height":690,"caption":"Vape Bang Tornado Puffs Triple Berry 654x690.jpg"},{"@type":"BreadcrumbList","@id":"https:\/\/vapemaison.com\/product\/bang-tornado-40k-puffs-disposable-vape\/#breadcrumb","itemListElement":[{"@type":"ListItem","position":1,"name":"\u9996\u9875","item":"https:\/\/vapemaison.com\/"},{"@type":"ListItem","position":2,"name":"Shop","item":"https:\/\/vapemaison.com\/shop\/"},{"@type":"ListItem","position":3,"name":"Bang","item":"https:\/\/vapemaison.com\/brand\/bang\/"},{"@type":"ListItem","position":4,"name":"Bang Tornado 40K Puffs LED Display Disposable Vape"}]},{"@type":"WebSite","@id":"https:\/\/vapemaison.com\/#website","url":"https:\/\/vapemaison.com\/","name":"VapeMaison","description":"Dispositivos y accesorios premium para vapear","publisher":{"@id":"https:\/\/vapemaison.com\/#organization"},"potentialAction":[{"@type":"SearchAction","target":{"@type":"EntryPoint","urlTemplate":"https:\/\/vapemaison.com\/?s={search_term_string}"},"query-input":{"@type":"PropertyValueSpecification","valueRequired":true,"valueName":"search_term_string"}}],"inLanguage":"es"},{"@type":"Organization","@id":"https:\/\/vapemaison.com\/#organization","name":"VapeMaison","url":"https:\/\/vapemaison.com\/","logo":{"@type":"ImageObject","inLanguage":"es","@id":"https:\/\/vapemaison.com\/#\/schema\/logo\/image\/","url":"https:\/\/vapemaison.com\/wp-content\/uploads\/2026\/01\/cropped-vapemaison-logo-g-2026.webp","contentUrl":"https:\/\/vapemaison.com\/wp-content\/uploads\/2026\/01\/cropped-vapemaison-logo-g-2026.webp","width":350,"height":280,"caption":"VapeMaison"},"image":{"@id":"https:\/\/vapemaison.com\/#\/schema\/logo\/image\/"},"sameAs":["https:\/\/www.youtube.com\/@VapeMaison"]}]}},"tiered_pricing_type":"fixed","tiered_pricing_fixed_rules":{"30":"11.99","50":"10.99","100":"9.56","200":"8.42"},"tiered_pricing_product_settings":{"layout":"default","base_unit_name":{"singular":null,"plural":null},"default_variation":null},"tiered_pricing_minimum_quantity":10,"tiered_pricing_roles_data":[],"tiered_pricing_percentage_rules":[],"tiered_pricing_maximum_quantity":null,"tiered_pricing_quantity_step":"10","_links":{"self":[{"href":"https:\/\/vapemaison.com\/es\/wp-json\/wp\/v2\/product\/16781","targetHints":{"allow":["GET"]}}],"collection":[{"href":"https:\/\/vapemaison.com\/es\/wp-json\/wp\/v2\/product"}],"about":[{"href":"https:\/\/vapemaison.com\/es\/wp-json\/wp\/v2\/types\/product"}],"replies":[{"embeddable":true,"href":"https:\/\/vapemaison.com\/es\/wp-json\/wp\/v2\/comments?post=16781"}],"version-history":[{"count":0,"href":"https:\/\/vapemaison.com\/es\/wp-json\/wp\/v2\/product\/16781\/revisions"}],"wp:featuredmedia":[{"embeddable":true,"href":"https:\/\/vapemaison.com\/es\/wp-json\/wp\/v2\/media\/16788"}],"wp:attachment":[{"href":"https:\/\/vapemaison.com\/es\/wp-json\/wp\/v2\/media?parent=16781"}],"wp:term":[{"taxonomy":"product_brand","embeddable":true,"href":"https:\/\/vapemaison.com\/es\/wp-json\/wp\/v2\/product_brand?post=16781"},{"taxonomy":"product_cat","embeddable":true,"href":"https:\/\/vapemaison.com\/es\/wp-json\/wp\/v2\/product_cat?post=16781"},{"taxonomy":"product_tag","embeddable":true,"href":"https:\/\/vapemaison.com\/es\/wp-json\/wp\/v2\/product_tag?post=16781"}],"curies":[{"name":"wp","href":"https:\/\/api.w.org\/{rel}","templated":true}]}}