

{"id":16839,"date":"2025-12-10T10:14:49","date_gmt":"2025-12-10T10:14:49","guid":{"rendered":"https:\/\/vapemaison.com\/?post_type=product&#038;p=16839"},"modified":"2025-12-22T09:29:09","modified_gmt":"2025-12-22T09:29:09","slug":"bang-king-triple-45000-puffs-vape","status":"publish","type":"product","link":"https:\/\/vapemaison.com\/es\/product\/bang-king-triple-45000-puffs-vape\/","title":{"rendered":"Bang King Triple 45000 Puffs Recargable Vape Desechable"},"content":{"rendered":"<h3 class=\"wp-block-heading\"><strong>Bang King Triple 45000 Puffs Vape Desechable - Versatilidad Redefinida<\/strong><\/h3>\n\n\n\n<p>En <strong>Bang King Triple 45000 Puffs<\/strong> es un revolucionario vapeador desechable que lleva la versatilidad de sabores al siguiente nivel. Con un innovador <strong>Sistema de cambio de sabor 3 en 1<\/strong>, Este dispositivo le permite cambiar sin problemas entre tres sabores distintos para una experiencia de vapeo din\u00e1mica. Con la capacidad de entregar hasta <strong>45.000 bocanadas<\/strong>, el Bang King Triple 45000 garantiza una satisfacci\u00f3n duradera a quienes ans\u00edan variedad y rendimiento en cada sesi\u00f3n.<\/p>\n\n\n\n<p>Impulsado por un <strong>Bater\u00eda recargable de 650 mAh<\/strong>, este vape ofrece un rendimiento fiable y constante, con la ventaja a\u00f1adida de <strong>Carga r\u00e1pida Tipo-C<\/strong> para recargas r\u00e1pidas y c\u00f3modas. El sitio <strong>bobinas triples de malla 1.0\u03a9<\/strong> proporcionan un vapor suave y una rica producci\u00f3n de sabor durante toda la vida \u00fatil del dispositivo, haciendo que cada calada sea agradable.<\/p>\n\n\n\n<p>Con un total de <strong>45 ml de capacidad de e-l\u00edquido<\/strong> (3 x 15mL), la Bang King Triple 45000 proporciona un uso prolongado sin necesidad de recargas frecuentes. Disponible en <strong>Concentraciones de nicotina 2%, 3% y 5%<\/strong>, Este dispositivo se puede personalizar para adaptarse a una amplia gama de preferencias. Elija entre <strong>10 combinaciones de sabores atrevidas y emocionantes<\/strong>, y disfruta de una experiencia de vapeo sin igual.<\/p>\n\n\n\n<p>En <strong>Bang King Triple 45000<\/strong> es la elecci\u00f3n ideal para los vapeadores que buscan rendimiento, comodidad y funciones innovadoras en un dise\u00f1o elegante y estilizado.<\/p>\n\n\n\n<h3 class=\"wp-block-heading\"><strong>Caracter\u00edsticas principales:<\/strong><\/h3>\n\n\n\n<figure class=\"wp-block-table\"><table class=\"has-fixed-layout\"><thead><tr><th><strong>Caracter\u00edstica<\/strong><\/th><th><strong>Especificaci\u00f3n<\/strong><\/th><\/tr><\/thead><tbody><tr><td><strong>Capacidad de soplado<\/strong><\/td><td>Hasta 45.000 bocanadas<\/td><\/tr><tr><td><strong>Potencia de nicotina<\/strong><\/td><td>2%, 3%, 5%<\/td><\/tr><tr><td><strong>Capacidad de e-l\u00edquido<\/strong><\/td><td>3 x 15mL (Total 45mL)<\/td><\/tr><tr><td><strong>Bater\u00eda<\/strong><\/td><td>650mAh Recargable<\/td><\/tr><tr><td><strong>Resistencia de la bobina<\/strong><\/td><td>Triple 1.0\u03a9 Malla Bobinas<\/td><\/tr><tr><td><strong>Puerto de carga<\/strong><\/td><td>Carga r\u00e1pida Tipo-C<\/td><\/tr><tr><td><strong>Cambio de sabor<\/strong><\/td><td>Mecanismo de colilla giratoria<\/td><\/tr><tr><td><strong>Opciones de sabor<\/strong><\/td><td>10 mezclas \u00fanicas<\/td><\/tr><tr><td><strong>Embalaje<\/strong><\/td><td>10 unidades por caja expositora<\/td><\/tr><\/tbody><\/table><\/figure>\n\n\n\n<h3 class=\"wp-block-heading\"><strong>Lista de sabores:<\/strong><\/h3>\n\n\n\n<ol class=\"wp-block-list\">\n<li>Sand\u00eda + Red Bull + Fresa Kiwi<\/li>\n\n\n\n<li>Lima lim\u00f3n + Sand\u00eda fresa + Hielo de ar\u00e1ndanos<\/li>\n\n\n\n<li>Fresa Pl\u00e1tano + Frambuesa Sand\u00eda + Lim\u00f3n Lima<\/li>\n\n\n\n<li>Fresa Kiwi + Mango Agrio Pi\u00f1a + Red Bull<\/li>\n\n\n\n<li>Fruta Tropical + Sand\u00eda Fresa + Melocot\u00f3n Lim\u00f3n<\/li>\n\n\n\n<li>Pi\u00f1a Coco + Fresa Pl\u00e1tano + Blue Razz<\/li>\n\n\n\n<li>Fresa Frambuesa + Triple Mel\u00f3n + Mango Agrio Pi\u00f1a<\/li>\n\n\n\n<li>Sand\u00eda Frambuesa + Melocot\u00f3n Mango + Kiwi Fresa<\/li>\n\n\n\n<li>Coca-Cola Fresa-Vainilla + Frambuesa-Ar\u00e1ndano + Lima-Lim\u00f3n<\/li>\n\n\n\n<li>Sand\u00eda + Helado de Fresa + Triple Mel\u00f3n<\/li>\n<\/ol>\n\n\n\n<h3 class=\"wp-block-heading\"><strong>\u00bfPor qu\u00e9 elegir Bang King Triple 45000 Puffs?<\/strong><\/h3>\n\n\n\n<ul class=\"wp-block-list\">\n<li><strong>Cambio innovador de sabores:<\/strong> Cambia f\u00e1cilmente entre tres sabores distintos con el <strong>mecanismo rotativo para colillas<\/strong>, proporcionando una experiencia de vapeo fresca y din\u00e1mica.<\/li>\n\n\n\n<li><strong>Rendimiento duradero:<\/strong> Con hasta <strong>45.000 bocanadas<\/strong>, Este dispositivo garantiza una sesi\u00f3n de vapeo prolongada y satisfactoria sin necesidad de recargas constantes.<\/li>\n\n\n\n<li><strong>E-l\u00edquido de alta capacidad:<\/strong> En <strong>45 ml<\/strong> La capacidad del e-l\u00edquido (3 x 15mL) reduce la necesidad de recambios frecuentes, permitiendo un disfrute m\u00e1s ininterrumpido.<\/li>\n\n\n\n<li><strong>Producci\u00f3n de Vapor Premium:<\/strong> Desarrollado por <strong>bobinas triples de malla 1.0\u03a9<\/strong>, Bang King proporciona un vapor suave y un sabor intenso de forma constante durante toda la vida \u00fatil del dispositivo.<\/li>\n\n\n\n<li><strong>Recarga r\u00e1pida:<\/strong> <strong>Carga r\u00e1pida Tipo-C<\/strong> permite recargas r\u00e1pidas, garantizando un tiempo de inactividad m\u00ednimo y una experiencia de vapeo continua.<\/li>\n\n\n\n<li><strong>Potencias de nicotina vers\u00e1tiles:<\/strong> Disponible en <strong>2%, 3% y 5% nicotina<\/strong>, El dispositivo satisface una amplia variedad de preferencias, desde la ausencia de nicotina hasta un golpe m\u00e1s fuerte.<\/li>\n<\/ul>\n\n\n\n<p>\u00bfBusca m\u00e1s opciones de vapeo premium? Visite nuestro <a href=\"https:\/\/vapemaison.com\">p\u00e1gina de inicio<\/a> para ver los \u00faltimos lanzamientos, consulte la colecci\u00f3n completa en nuestra <a href=\"https:\/\/vapemaison.com\/shop\">tienda<\/a>, o explorar otros dispositivos desde el <a href=\"https:\/\/vapemaison.com\/brand\/bang\">Marca Bang<\/a>. Tambi\u00e9n puede que le gusten los desechables de gran capacidad de <a href=\"https:\/\/vapemaison.com\/brand\/jnr\/\">JNR<\/a> o consulte todos nuestros <a href=\"https:\/\/vapemaison.com\/product-category\/puffs-count\/\">Dispositivos Puffs<\/a> para una satisfacci\u00f3n duradera.<\/p>","protected":false},"excerpt":{"rendered":"<div id=\"model-response-message-contentr_fa2a963b657e083b\" class=\"markdown markdown-main-panel stronger enable-updated-hr-color\" dir=\"ltr\" aria-live=\"polite\" aria-busy=\"false\">\n<p data-path-to-node=\"0\">Revoluciona tu rutina de vapeo con 45.000 caladas y un mecanismo giratorio \u00fanico que te permite cambiar entre tres sabores distintos en un solo dispositivo. Equipado con bobinas triples de malla de 1,0 \u03a9 y una enorme capacidad de 45 ml de e-l\u00edquido, esta potencia 3 en 1 ofrece una variedad y un rendimiento sin precedentes - pida su caja expositora de 10 piezas hoy mismo para asegurarse nuestros actuales ahorros a granel y un env\u00edo r\u00e1pido.<\/p>\n<\/div>","protected":false},"featured_media":16841,"comment_status":"open","ping_status":"closed","template":"","meta":[],"product_brand":[57],"product_cat":[156],"product_tag":[],"class_list":{"0":"post-16839","1":"product","2":"type-product","3":"status-publish","4":"has-post-thumbnail","6":"product_brand-bang","7":"product_cat-45k-puffs","9":"first","10":"instock","11":"sale","12":"shipping-taxable","13":"purchasable","14":"product-type-variable"},"yoast_head":"<!-- This site is optimized with the Yoast SEO plugin v27.4 - https:\/\/yoast.com\/product\/yoast-seo-wordpress\/ -->\n<title>Bang King Triple 45000 Puffs Rechargeable Disposable Vape - VapeMaison<\/title>\n<meta name=\"description\" content=\"Discover the ultimate vaping adventure with the Bang King Triple 45000. Switch between 3 exciting flavors, enjoy rich vapor, and elevate every puff.\" \/>\n<meta name=\"robots\" content=\"index, follow, max-snippet:-1, max-image-preview:large, max-video-preview:-1\" \/>\n<link rel=\"canonical\" href=\"https:\/\/vapemaison.com\/es\/producto\/bang-king-triple-45000-puffs-vape\/\" \/>\n<meta property=\"og:locale\" content=\"es_ES\" \/>\n<meta property=\"og:type\" content=\"article\" \/>\n<meta property=\"og:title\" content=\"Bang King Triple 45000 Puffs Rechargeable Disposable Vape - VapeMaison\" \/>\n<meta property=\"og:description\" content=\"Discover the ultimate vaping adventure with the Bang King Triple 45000. Switch between 3 exciting flavors, enjoy rich vapor, and elevate every puff.\" \/>\n<meta property=\"og:url\" content=\"https:\/\/vapemaison.com\/es\/producto\/bang-king-triple-45000-puffs-vape\/\" \/>\n<meta property=\"og:site_name\" content=\"VapeMaison\" \/>\n<meta property=\"article:modified_time\" content=\"2025-12-22T09:29:09+00:00\" \/>\n<meta property=\"og:image\" content=\"https:\/\/vapemaison.com\/wp-content\/uploads\/2025\/12\/vape-bang-king-triple-45000-45k-puffs-main-image.jpg.webp\" \/>\n\t<meta property=\"og:image:width\" content=\"1000\" \/>\n\t<meta property=\"og:image:height\" content=\"1000\" \/>\n\t<meta property=\"og:image:type\" content=\"image\/webp\" \/>\n<meta name=\"twitter:card\" content=\"summary_large_image\" \/>\n<meta name=\"twitter:label1\" content=\"Tiempo de lectura\" \/>\n\t<meta name=\"twitter:data1\" content=\"3 minutos\" \/>\n<!-- \/ Yoast SEO plugin. -->","yoast_head_json":{"title":"Vapeador Desechable Recargable Bang King Triple 45000 Puffs - VapeMaison","description":"Descubra la \u00faltima aventura vaping con el Bang King Triple 45000. Cambia entre 3 excitantes sabores, disfruta de un rico vapor y eleva cada calada.","robots":{"index":"index","follow":"follow","max-snippet":"max-snippet:-1","max-image-preview":"max-image-preview:large","max-video-preview":"max-video-preview:-1"},"canonical":"https:\/\/vapemaison.com\/es\/producto\/bang-king-triple-45000-puffs-vape\/","og_locale":"es_ES","og_type":"article","og_title":"Bang King Triple 45000 Puffs Rechargeable Disposable Vape - VapeMaison","og_description":"Discover the ultimate vaping adventure with the Bang King Triple 45000. Switch between 3 exciting flavors, enjoy rich vapor, and elevate every puff.","og_url":"https:\/\/vapemaison.com\/es\/producto\/bang-king-triple-45000-puffs-vape\/","og_site_name":"VapeMaison","article_modified_time":"2025-12-22T09:29:09+00:00","og_image":[{"width":1000,"height":1000,"url":"https:\/\/vapemaison.com\/wp-content\/uploads\/2025\/12\/vape-bang-king-triple-45000-45k-puffs-main-image.jpg.webp","type":"image\/webp"}],"twitter_card":"summary_large_image","twitter_misc":{"Tiempo de lectura":"3 minutos"},"schema":{"@context":"https:\/\/schema.org","@graph":[{"@type":"WebPage","@id":"https:\/\/vapemaison.com\/product\/bang-king-triple-45000-puffs-vape\/","url":"https:\/\/vapemaison.com\/product\/bang-king-triple-45000-puffs-vape\/","name":"Vapeador Desechable Recargable Bang King Triple 45000 Puffs - VapeMaison","isPartOf":{"@id":"https:\/\/vapemaison.com\/#website"},"primaryImageOfPage":{"@id":"https:\/\/vapemaison.com\/product\/bang-king-triple-45000-puffs-vape\/#primaryimage"},"image":{"@id":"https:\/\/vapemaison.com\/product\/bang-king-triple-45000-puffs-vape\/#primaryimage"},"thumbnailUrl":"https:\/\/vapemaison.com\/wp-content\/uploads\/2025\/12\/vape-bang-king-triple-45000-45k-puffs-main-image.jpg.webp","datePublished":"2025-12-10T10:14:49+00:00","dateModified":"2025-12-22T09:29:09+00:00","description":"Descubra la \u00faltima aventura vaping con el Bang King Triple 45000. Cambia entre 3 excitantes sabores, disfruta de un rico vapor y eleva cada calada.","breadcrumb":{"@id":"https:\/\/vapemaison.com\/product\/bang-king-triple-45000-puffs-vape\/#breadcrumb"},"inLanguage":"es","potentialAction":[{"@type":"ReadAction","target":["https:\/\/vapemaison.com\/product\/bang-king-triple-45000-puffs-vape\/"]}]},{"@type":"ImageObject","inLanguage":"es","@id":"https:\/\/vapemaison.com\/product\/bang-king-triple-45000-puffs-vape\/#primaryimage","url":"https:\/\/vapemaison.com\/wp-content\/uploads\/2025\/12\/vape-bang-king-triple-45000-45k-puffs-main-image.jpg.webp","contentUrl":"https:\/\/vapemaison.com\/wp-content\/uploads\/2025\/12\/vape-bang-king-triple-45000-45k-puffs-main-image.jpg.webp","width":1000,"height":1000,"caption":"Vape Bang King Triple 45k Puffs Main Image.jpg"},{"@type":"BreadcrumbList","@id":"https:\/\/vapemaison.com\/product\/bang-king-triple-45000-puffs-vape\/#breadcrumb","itemListElement":[{"@type":"ListItem","position":1,"name":"\u9996\u9875","item":"https:\/\/vapemaison.com\/"},{"@type":"ListItem","position":2,"name":"Shop","item":"https:\/\/vapemaison.com\/shop\/"},{"@type":"ListItem","position":3,"name":"Bang","item":"https:\/\/vapemaison.com\/brand\/bang\/"},{"@type":"ListItem","position":4,"name":"Bang King Triple 45000 Puffs Rechargeable Disposable Vape"}]},{"@type":"WebSite","@id":"https:\/\/vapemaison.com\/#website","url":"https:\/\/vapemaison.com\/","name":"VapeMaison","description":"Dispositivos y accesorios premium para vapear","publisher":{"@id":"https:\/\/vapemaison.com\/#organization"},"potentialAction":[{"@type":"SearchAction","target":{"@type":"EntryPoint","urlTemplate":"https:\/\/vapemaison.com\/?s={search_term_string}"},"query-input":{"@type":"PropertyValueSpecification","valueRequired":true,"valueName":"search_term_string"}}],"inLanguage":"es"},{"@type":"Organization","@id":"https:\/\/vapemaison.com\/#organization","name":"VapeMaison","url":"https:\/\/vapemaison.com\/","logo":{"@type":"ImageObject","inLanguage":"es","@id":"https:\/\/vapemaison.com\/#\/schema\/logo\/image\/","url":"https:\/\/vapemaison.com\/wp-content\/uploads\/2026\/01\/cropped-vapemaison-logo-g-2026.webp","contentUrl":"https:\/\/vapemaison.com\/wp-content\/uploads\/2026\/01\/cropped-vapemaison-logo-g-2026.webp","width":350,"height":280,"caption":"VapeMaison"},"image":{"@id":"https:\/\/vapemaison.com\/#\/schema\/logo\/image\/"},"sameAs":["https:\/\/www.youtube.com\/@VapeMaison"]}]}},"tiered_pricing_type":"fixed","tiered_pricing_fixed_rules":{"30":"10.56","50":"9.74","100":"8.52","200":"7.99"},"tiered_pricing_product_settings":{"layout":"default","base_unit_name":{"singular":null,"plural":null},"default_variation":null},"tiered_pricing_minimum_quantity":10,"tiered_pricing_roles_data":[],"tiered_pricing_percentage_rules":[],"tiered_pricing_maximum_quantity":null,"tiered_pricing_quantity_step":"10","_links":{"self":[{"href":"https:\/\/vapemaison.com\/es\/wp-json\/wp\/v2\/product\/16839","targetHints":{"allow":["GET"]}}],"collection":[{"href":"https:\/\/vapemaison.com\/es\/wp-json\/wp\/v2\/product"}],"about":[{"href":"https:\/\/vapemaison.com\/es\/wp-json\/wp\/v2\/types\/product"}],"replies":[{"embeddable":true,"href":"https:\/\/vapemaison.com\/es\/wp-json\/wp\/v2\/comments?post=16839"}],"version-history":[{"count":0,"href":"https:\/\/vapemaison.com\/es\/wp-json\/wp\/v2\/product\/16839\/revisions"}],"wp:featuredmedia":[{"embeddable":true,"href":"https:\/\/vapemaison.com\/es\/wp-json\/wp\/v2\/media\/16841"}],"wp:attachment":[{"href":"https:\/\/vapemaison.com\/es\/wp-json\/wp\/v2\/media?parent=16839"}],"wp:term":[{"taxonomy":"product_brand","embeddable":true,"href":"https:\/\/vapemaison.com\/es\/wp-json\/wp\/v2\/product_brand?post=16839"},{"taxonomy":"product_cat","embeddable":true,"href":"https:\/\/vapemaison.com\/es\/wp-json\/wp\/v2\/product_cat?post=16839"},{"taxonomy":"product_tag","embeddable":true,"href":"https:\/\/vapemaison.com\/es\/wp-json\/wp\/v2\/product_tag?post=16839"}],"curies":[{"name":"wp","href":"https:\/\/api.w.org\/{rel}","templated":true}]}}