

{"id":16885,"date":"2025-12-11T03:38:14","date_gmt":"2025-12-11T03:38:14","guid":{"rendered":"https:\/\/vapemaison.com\/?post_type=product&#038;p=16885"},"modified":"2025-12-22T09:28:44","modified_gmt":"2025-12-22T09:28:44","slug":"bang-de-60k-puffs-vape-desechable","status":"publish","type":"product","link":"https:\/\/vapemaison.com\/es\/product\/bang-de-60k-puffs-disposable-vape\/","title":{"rendered":"Bang DE 60000 60k Puffs 3 en 1 Sabor Vape Desechable"},"content":{"rendered":"<h3 class=\"wp-block-heading\"><strong>Bang DE 60000 Puffs - Triple sabor, triple diversi\u00f3n<\/strong><\/h3>\n\n\n\n<p>En <strong>Bang DE 60000 Puffs<\/strong> es un dispositivo de vapeo potente que redefine la forma en que experimentas los sabores. Dise\u00f1ado para los entusiastas de los sabores que anhelan la variedad, este innovador vapeador ofrece un <strong>impresionantes 60.000 caladas<\/strong> con un avanzado <strong>Sistema de sabor 3 en 1<\/strong>. Tanto si prefiere alternar entre distintos sabores como si prefiere mezclarlos para disfrutar de una experiencia din\u00e1mica, el <strong>Bang DE 60000<\/strong> ofrece infinitas posibilidades en cada calada.<\/p>\n\n\n\n<p>\u00bfPor qu\u00e9 destaca? El sitio <strong>Sistema de sabores A &amp; B &amp; AB<\/strong>, que le permite cambiar f\u00e1cilmente entre Sabor A, Sabor B, o disfrutar de <strong>AB<\/strong>-una suave fusi\u00f3n de ambos sabores. Es como tener <strong>tres vaporizadores en uno<\/strong>, que le permite disfrutar de una experiencia de vapeo completamente personalizable.<\/p>\n\n\n\n<h3 class=\"wp-block-heading\"><strong>Caracter\u00edsticas principales:<\/strong><\/h3>\n\n\n\n<figure class=\"wp-block-table\"><table class=\"has-fixed-layout\"><thead><tr><th><strong>Caracter\u00edstica<\/strong><\/th><th><strong>Especificaci\u00f3n<\/strong><\/th><\/tr><\/thead><tbody><tr><td><strong>Capacidad de soplado<\/strong><\/td><td>60.000 Puffs<\/td><\/tr><tr><td><strong>Potencia de nicotina<\/strong><\/td><td>2%, 3%, 5%<\/td><\/tr><tr><td><strong>Capacidad de e-l\u00edquido<\/strong><\/td><td>60 ml<\/td><\/tr><tr><td><strong>Tipo de bobina<\/strong><\/td><td>Bobina de malla triple de 1.0\u03a9<\/td><\/tr><tr><td><strong>Bater\u00eda<\/strong><\/td><td>Recargable 850mAh<\/td><\/tr><tr><td><strong>Puerto de carga<\/strong><\/td><td>Carga r\u00e1pida Tipo-C<\/td><\/tr><tr><td><strong>Sistema de sabor<\/strong><\/td><td>3 en 1 (A, B, AB)<\/td><\/tr><tr><td><strong>Pantalla LCD<\/strong><\/td><td>Indicador de nivel de bater\u00eda y e-l\u00edquido en tiempo real<\/td><\/tr><tr><td><strong>Opciones de sabor<\/strong><\/td><td>12 combinaciones de triple sabor<\/td><\/tr><\/tbody><\/table><\/figure>\n\n\n\n<h3 class=\"wp-block-heading\"><strong>Lista de sabores:<\/strong><\/h3>\n\n\n\n<ol class=\"wp-block-list\">\n<li>Hielo de sand\u00eda y menta con ar\u00e1ndanos<\/li>\n\n\n\n<li>Hielo de sand\u00eda y ar\u00e1ndanos<\/li>\n\n\n\n<li>Hielo de ar\u00e1ndanos y melocot\u00f3n Mango Sand\u00eda<\/li>\n\n\n\n<li>Hielo de ar\u00e1ndanos y melocot\u00f3n<\/li>\n\n\n\n<li>Ar\u00e1ndanos, frambuesas y bayas mixtas<\/li>\n\n\n\n<li>Hielo de ar\u00e1ndano, frambuesa y uva<\/li>\n\n\n\n<li>Red Bull &amp; Fresa Pl\u00e1tano<\/li>\n\n\n\n<li>Red Bull y sand\u00eda con ar\u00e1ndanos<\/li>\n\n\n\n<li>Chicle de fresa, mango y sand\u00eda<\/li>\n\n\n\n<li>Fresa Mango y Fresa Kiwi<\/li>\n\n\n\n<li>Sand\u00eda con fresas y hielo de drag\u00f3n negro<\/li>\n\n\n\n<li>Fresa Sand\u00eda y Kiwi Fruta de la Pasi\u00f3n Guayaba<\/li>\n<\/ol>\n\n\n\n<h3 class=\"wp-block-heading\"><strong>\u00bfPor qu\u00e9 elegir Bang DE 60000 Puffs?<\/strong><\/h3>\n\n\n\n<ul class=\"wp-block-list\">\n<li><strong>El triple de sabor:<\/strong> En <strong>Sistema de sabor 3 en 1<\/strong> le permite cambiar sin esfuerzo entre <strong>Sabor A<\/strong>, <strong>Sabor B<\/strong>, o una fusi\u00f3n \u00fanica, <strong>AB<\/strong>, creando una experiencia de vapeo diversa y personalizable. Es como tener tres sabores en un solo dispositivo.<\/li>\n\n\n\n<li><strong>Rendimiento duradero:<\/strong> Con hasta <strong>60.000 caladas<\/strong>, Disfrutar\u00e1 de un vapeo prolongado sin tener que sustituirlo o rellenarlo con frecuencia.<\/li>\n\n\n\n<li><strong>Bobina de gran capacidad y potencia:<\/strong> En <strong>60 ml de e-l\u00edquido<\/strong> y un <strong>Bobina de malla triple de 1,0\u03a9<\/strong>, Bang DE 60000 asegura un vapor rico y consistente y un sabor suave en todo momento.<\/li>\n\n\n\n<li><strong>Inteligente y eficiente:<\/strong> En <strong>Bater\u00eda recargable de 850 mAh<\/strong> y <strong>Carga r\u00e1pida Tipo-C<\/strong> garantizar que su dispositivo est\u00e9 listo para funcionar con un tiempo de inactividad m\u00ednimo. En <strong>Pantalla LCD<\/strong> te informa en tiempo real de los niveles de bater\u00eda y e-l\u00edquido, para que siempre tengas el control.<\/li>\n\n\n\n<li><strong>Amplia gama de sabores:<\/strong> Con <strong>12 combinaciones de triple sabor<\/strong>, tendr\u00e1s infinitas opciones para mantener tus sesiones de vapeo frescas y emocionantes. Tanto si prefieres mezclas afrutadas, mentas refrescantes o combinaciones atrevidas, hay un sabor para cada estado de \u00e1nimo.<\/li>\n\n\n\n<li><strong>Mayor comodidad:<\/strong> En <strong>Sabor 3 en 1<\/strong> elimina la necesidad de llevar varios dispositivos, proporcionando la flexibilidad de cambiar de sabor sobre la marcha sin complicaciones.<\/li>\n<\/ul>\n\n\n\n<h3 class=\"wp-block-heading\"><strong>Mejora tu experiencia de vapeo con Bang DE 60000 Puffs<\/strong><\/h3>\n\n\n\n<p>En <strong>Bang DE 60000 Puffs<\/strong> es el dispositivo de vapeo definitivo para aquellos que exigen m\u00e1s de su vapeo. Si quieres disfrutar de sabores cl\u00e1sicos, probar combinaciones \u00fanicas o explorar nuevas mezclas, este vape te tiene cubierto. Con su dise\u00f1o de vanguardia y tecnolog\u00eda avanzada, el <strong>Bang DE 60000<\/strong> garantiza una experiencia verdaderamente personalizable y satisfactoria.<\/p>\n\n\n\n<p>\u00bfBusca m\u00e1s opciones de vapeo premium? Visite nuestro <a href=\"https:\/\/vapemaison.com\">p\u00e1gina de inicio<\/a> para ver los \u00faltimos lanzamientos, consulte la colecci\u00f3n completa en nuestra <a href=\"https:\/\/vapemaison.com\/shop\">tienda<\/a>, o explorar otros dispositivos desde el <a href=\"https:\/\/vapemaison.com\/brand\/bang\">Marca Bang<\/a>. Tambi\u00e9n puede que le gusten los desechables de gran capacidad de <a href=\"https:\/\/vapemaison.com\/brand\/jnr\/\">JNR<\/a> o consulte todos nuestros <a href=\"https:\/\/vapemaison.com\/product-category\/puffs-count\/\">Dispositivos Puffs<\/a> para una satisfacci\u00f3n duradera.<\/p>","protected":false},"excerpt":{"rendered":"<div id=\"model-response-message-contentr_a71402abc5eee709\" class=\"markdown markdown-main-panel stronger enable-updated-hr-color\" dir=\"ltr\" aria-live=\"polite\" aria-busy=\"false\">\n<p data-path-to-node=\"0\">Redefine tu experiencia con 60.000 caladas y un innovador sistema de sabor 3 en 1 que te permite cambiar o mezclar tres sabores distintos en un solo dispositivo. Con una bobina de malla triple y una pantalla LCD en tiempo real, esta central el\u00e9ctrica ofrece una variedad sin igual - haga su pedido hoy para bloquear en nuestra promoci\u00f3n actual y disfrutar de env\u00edo prioritario en el vape m\u00e1s vers\u00e1til del mercado.<\/p>\n<\/div>","protected":false},"featured_media":16890,"comment_status":"open","ping_status":"closed","template":"","meta":[],"product_brand":[57],"product_cat":[137],"product_tag":[],"class_list":{"0":"post-16885","1":"product","2":"type-product","3":"status-publish","4":"has-post-thumbnail","6":"product_brand-bang","7":"product_cat-60k-puffs","9":"first","10":"instock","11":"sale","12":"shipping-taxable","13":"purchasable","14":"product-type-variable"},"yoast_head":"<!-- This site is optimized with the Yoast SEO plugin v27.4 - https:\/\/yoast.com\/product\/yoast-seo-wordpress\/ -->\n<title>Bang DE 60k Puffs Disposable Vape \u2013 3-in-1 Flavor LCD Display<\/title>\n<meta name=\"description\" content=\"Enjoy up to 60k puffs with the Bang DE 60000 Disposable Vape. Switch between 3 exciting flavors, featuring 60mL e-liquid, and LCD display.\" \/>\n<meta name=\"robots\" content=\"index, follow, max-snippet:-1, max-image-preview:large, max-video-preview:-1\" \/>\n<link rel=\"canonical\" href=\"https:\/\/vapemaison.com\/es\/producto\/bang-de-60k-puffs-vape-desechable\/\" \/>\n<meta property=\"og:locale\" content=\"es_ES\" \/>\n<meta property=\"og:type\" content=\"article\" \/>\n<meta property=\"og:title\" content=\"Bang DE 60k Puffs Disposable Vape \u2013 3-in-1 Flavor LCD Display\" \/>\n<meta property=\"og:description\" content=\"Enjoy up to 60k puffs with the Bang DE 60000 Disposable Vape. Switch between 3 exciting flavors, featuring 60mL e-liquid, and LCD display.\" \/>\n<meta property=\"og:url\" content=\"https:\/\/vapemaison.com\/es\/producto\/bang-de-60k-puffs-vape-desechable\/\" \/>\n<meta property=\"og:site_name\" content=\"VapeMaison\" \/>\n<meta property=\"article:modified_time\" content=\"2025-12-22T09:28:44+00:00\" \/>\n<meta property=\"og:image\" content=\"https:\/\/vapemaison.com\/wp-content\/uploads\/2025\/12\/vape-bang-de-60000-60k-puffs-strawberry-mango-watermelon-bubble-gum-654x690.jpg.webp\" \/>\n\t<meta property=\"og:image:width\" content=\"654\" \/>\n\t<meta property=\"og:image:height\" content=\"690\" \/>\n\t<meta property=\"og:image:type\" content=\"image\/webp\" \/>\n<meta name=\"twitter:card\" content=\"summary_large_image\" \/>\n<meta name=\"twitter:label1\" content=\"Tiempo de lectura\" \/>\n\t<meta name=\"twitter:data1\" content=\"3 minutos\" \/>\n<!-- \/ Yoast SEO plugin. -->","yoast_head_json":{"title":"Bang DE 60k Puffs Vapeador Desechable - 3 en 1 Sabor Pantalla LCD","description":"Disfruta de hasta 60k caladas con el Bang DE 60000 Vape Desechable. Cambia entre 3 excitantes sabores, con 60mL de e-l\u00edquido, y pantalla LCD.","robots":{"index":"index","follow":"follow","max-snippet":"max-snippet:-1","max-image-preview":"max-image-preview:large","max-video-preview":"max-video-preview:-1"},"canonical":"https:\/\/vapemaison.com\/es\/producto\/bang-de-60k-puffs-vape-desechable\/","og_locale":"es_ES","og_type":"article","og_title":"Bang DE 60k Puffs Disposable Vape \u2013 3-in-1 Flavor LCD Display","og_description":"Enjoy up to 60k puffs with the Bang DE 60000 Disposable Vape. Switch between 3 exciting flavors, featuring 60mL e-liquid, and LCD display.","og_url":"https:\/\/vapemaison.com\/es\/producto\/bang-de-60k-puffs-vape-desechable\/","og_site_name":"VapeMaison","article_modified_time":"2025-12-22T09:28:44+00:00","og_image":[{"width":654,"height":690,"url":"https:\/\/vapemaison.com\/wp-content\/uploads\/2025\/12\/vape-bang-de-60000-60k-puffs-strawberry-mango-watermelon-bubble-gum-654x690.jpg.webp","type":"image\/webp"}],"twitter_card":"summary_large_image","twitter_misc":{"Tiempo de lectura":"3 minutos"},"schema":{"@context":"https:\/\/schema.org","@graph":[{"@type":"WebPage","@id":"https:\/\/vapemaison.com\/product\/bang-de-60k-puffs-disposable-vape\/","url":"https:\/\/vapemaison.com\/product\/bang-de-60k-puffs-disposable-vape\/","name":"Bang DE 60k Puffs Vapeador Desechable - 3 en 1 Sabor Pantalla LCD","isPartOf":{"@id":"https:\/\/vapemaison.com\/#website"},"primaryImageOfPage":{"@id":"https:\/\/vapemaison.com\/product\/bang-de-60k-puffs-disposable-vape\/#primaryimage"},"image":{"@id":"https:\/\/vapemaison.com\/product\/bang-de-60k-puffs-disposable-vape\/#primaryimage"},"thumbnailUrl":"https:\/\/vapemaison.com\/wp-content\/uploads\/2025\/12\/vape-bang-de-60000-60k-puffs-strawberry-mango-watermelon-bubble-gum-654x690.jpg.webp","datePublished":"2025-12-11T03:38:14+00:00","dateModified":"2025-12-22T09:28:44+00:00","description":"Disfruta de hasta 60k caladas con el Bang DE 60000 Vape Desechable. Cambia entre 3 excitantes sabores, con 60mL de e-l\u00edquido, y pantalla LCD.","breadcrumb":{"@id":"https:\/\/vapemaison.com\/product\/bang-de-60k-puffs-disposable-vape\/#breadcrumb"},"inLanguage":"es","potentialAction":[{"@type":"ReadAction","target":["https:\/\/vapemaison.com\/product\/bang-de-60k-puffs-disposable-vape\/"]}]},{"@type":"ImageObject","inLanguage":"es","@id":"https:\/\/vapemaison.com\/product\/bang-de-60k-puffs-disposable-vape\/#primaryimage","url":"https:\/\/vapemaison.com\/wp-content\/uploads\/2025\/12\/vape-bang-de-60000-60k-puffs-strawberry-mango-watermelon-bubble-gum-654x690.jpg.webp","contentUrl":"https:\/\/vapemaison.com\/wp-content\/uploads\/2025\/12\/vape-bang-de-60000-60k-puffs-strawberry-mango-watermelon-bubble-gum-654x690.jpg.webp","width":654,"height":690,"caption":"Vape Bang De 60k Puffs Strawberry Mango Watermelon Bubble Gum 654x690.jpg"},{"@type":"BreadcrumbList","@id":"https:\/\/vapemaison.com\/product\/bang-de-60k-puffs-disposable-vape\/#breadcrumb","itemListElement":[{"@type":"ListItem","position":1,"name":"\u9996\u9875","item":"https:\/\/vapemaison.com\/"},{"@type":"ListItem","position":2,"name":"Shop","item":"https:\/\/vapemaison.com\/shop\/"},{"@type":"ListItem","position":3,"name":"Bang","item":"https:\/\/vapemaison.com\/brand\/bang\/"},{"@type":"ListItem","position":4,"name":"Bang DE 60000 60k Puffs 3 in 1 Flavor Disposable Vape"}]},{"@type":"WebSite","@id":"https:\/\/vapemaison.com\/#website","url":"https:\/\/vapemaison.com\/","name":"VapeMaison","description":"Dispositivos y accesorios premium para vapear","publisher":{"@id":"https:\/\/vapemaison.com\/#organization"},"potentialAction":[{"@type":"SearchAction","target":{"@type":"EntryPoint","urlTemplate":"https:\/\/vapemaison.com\/?s={search_term_string}"},"query-input":{"@type":"PropertyValueSpecification","valueRequired":true,"valueName":"search_term_string"}}],"inLanguage":"es"},{"@type":"Organization","@id":"https:\/\/vapemaison.com\/#organization","name":"VapeMaison","url":"https:\/\/vapemaison.com\/","logo":{"@type":"ImageObject","inLanguage":"es","@id":"https:\/\/vapemaison.com\/#\/schema\/logo\/image\/","url":"https:\/\/vapemaison.com\/wp-content\/uploads\/2026\/01\/cropped-vapemaison-logo-g-2026.webp","contentUrl":"https:\/\/vapemaison.com\/wp-content\/uploads\/2026\/01\/cropped-vapemaison-logo-g-2026.webp","width":350,"height":280,"caption":"VapeMaison"},"image":{"@id":"https:\/\/vapemaison.com\/#\/schema\/logo\/image\/"},"sameAs":["https:\/\/www.youtube.com\/@VapeMaison"]}]}},"tiered_pricing_type":"fixed","tiered_pricing_fixed_rules":{"30":"11.25","50":"10.36","100":"9.42","200":"8.25"},"tiered_pricing_product_settings":{"layout":"default","base_unit_name":{"singular":null,"plural":null},"default_variation":null},"tiered_pricing_minimum_quantity":10,"tiered_pricing_roles_data":[],"tiered_pricing_percentage_rules":[],"tiered_pricing_maximum_quantity":null,"tiered_pricing_quantity_step":"10","_links":{"self":[{"href":"https:\/\/vapemaison.com\/es\/wp-json\/wp\/v2\/product\/16885","targetHints":{"allow":["GET"]}}],"collection":[{"href":"https:\/\/vapemaison.com\/es\/wp-json\/wp\/v2\/product"}],"about":[{"href":"https:\/\/vapemaison.com\/es\/wp-json\/wp\/v2\/types\/product"}],"replies":[{"embeddable":true,"href":"https:\/\/vapemaison.com\/es\/wp-json\/wp\/v2\/comments?post=16885"}],"version-history":[{"count":0,"href":"https:\/\/vapemaison.com\/es\/wp-json\/wp\/v2\/product\/16885\/revisions"}],"wp:featuredmedia":[{"embeddable":true,"href":"https:\/\/vapemaison.com\/es\/wp-json\/wp\/v2\/media\/16890"}],"wp:attachment":[{"href":"https:\/\/vapemaison.com\/es\/wp-json\/wp\/v2\/media?parent=16885"}],"wp:term":[{"taxonomy":"product_brand","embeddable":true,"href":"https:\/\/vapemaison.com\/es\/wp-json\/wp\/v2\/product_brand?post=16885"},{"taxonomy":"product_cat","embeddable":true,"href":"https:\/\/vapemaison.com\/es\/wp-json\/wp\/v2\/product_cat?post=16885"},{"taxonomy":"product_tag","embeddable":true,"href":"https:\/\/vapemaison.com\/es\/wp-json\/wp\/v2\/product_tag?post=16885"}],"curies":[{"name":"wp","href":"https:\/\/api.w.org\/{rel}","templated":true}]}}