

{"id":16932,"date":"2025-12-11T03:59:39","date_gmt":"2025-12-11T03:59:39","guid":{"rendered":"https:\/\/vapemaison.com\/?post_type=product&#038;p=16932"},"modified":"2025-12-22T09:28:12","modified_gmt":"2025-12-22T09:28:12","slug":"bang-tn-12000-bocanadas-vape-desechable","status":"publish","type":"product","link":"https:\/\/vapemaison.com\/es\/product\/bang-tn-12000-puffs-disposable-vape\/","title":{"rendered":"Bang Tn 12000 Puffs Vape Desechable"},"content":{"rendered":"<h3 class=\"wp-block-heading\"><strong>Bang Tn 12000 Puffs - Experiencia de vapeo Premium con bobina de malla y carga Type-C<\/strong><\/h3>\n\n\n\n<p>En <strong>Bang Tn 12000 Puffs Edici\u00f3n Original Vape Desechable<\/strong> ofrece una experiencia de vapeo excepcional dise\u00f1ada para aquellos que valoran tanto el rendimiento como la comodidad. Con un <strong>generosa capacidad de e-l\u00edquido de 20mL<\/strong> y un poderoso <strong>Bater\u00eda de 650 mAh<\/strong>, Este vaporizador ofrece un disfrute duradero sin necesidad de recargas constantes.<\/p>\n\n\n\n<p>Con una <strong>Puerto de carga USB tipo C<\/strong>, La recarga es r\u00e1pida y eficaz con <strong>Entrada 5V 1A<\/strong>, para que pase m\u00e1s tiempo vapeando y menos esperando. El dispositivo est\u00e1 fabricado con <strong>material de PC duradero<\/strong>, lo que lo hace lo suficientemente resistente como para soportar el uso diario y el vapeo sobre la marcha.<\/p>\n\n\n\n<p>Equipado con un <strong>bobina de malla<\/strong>, Bang Tn 12000 proporciona un vapor suave y sabroso con cada calada, haciendo que cada sesi\u00f3n sea m\u00e1s agradable. Tambi\u00e9n puede elegir entre una variedad de <strong>concentraci\u00f3n de nicotina en sal<\/strong> (0%, 2%, 3% o 5%) para adaptarse perfectamente a su estilo de vapeo.<\/p>\n\n\n\n<p>Cada paquete contiene <strong>10 dispositivos<\/strong>, La gama de productos de la cadena de suministro, que ofrece comodidad para el almacenamiento y la compra al por mayor, ya sea para uso personal o al por menor.<\/p>\n\n\n\n<h3 class=\"wp-block-heading\"><strong>Caracter\u00edsticas principales:<\/strong><\/h3>\n\n\n\n<figure class=\"wp-block-table\"><table class=\"has-fixed-layout\"><thead><tr><th><strong>Caracter\u00edstica<\/strong><\/th><th><strong>Especificaci\u00f3n<\/strong><\/th><\/tr><\/thead><tbody><tr><td><strong>Capacidad de soplado<\/strong><\/td><td>Hasta 12.000 bocanadas<\/td><\/tr><tr><td><strong>Capacidad de e-l\u00edquido<\/strong><\/td><td>20 ml<\/td><\/tr><tr><td><strong>Capacidad de la bater\u00eda<\/strong><\/td><td>650mAh Recargable<\/td><\/tr><tr><td><strong>Puerto de carga<\/strong><\/td><td>USB tipo C, entrada de 5 V 1 A<\/td><\/tr><tr><td><strong>Material<\/strong><\/td><td>PC duradero<\/td><\/tr><tr><td><strong>Potencia de nicotina<\/strong><\/td><td>0%, 2%, 3%, 5% (Nicotina salada)<\/td><\/tr><tr><td><strong>Tipo de bobina<\/strong><\/td><td>Bobina de malla<\/td><\/tr><tr><td><strong>Embalaje<\/strong><\/td><td>10 unidades por caja<\/td><\/tr><\/tbody><\/table><\/figure>\n\n\n\n<h3 class=\"wp-block-heading\"><strong>Lista de sabores:<\/strong><\/h3>\n\n\n\n<ol class=\"wp-block-list\">\n<li>Hielo de ar\u00e1ndano y frambuesa<\/li>\n\n\n\n<li>Fresa Mango<\/li>\n\n\n\n<li>Fresa Pl\u00e1tano<\/li>\n\n\n\n<li>Hielo de sand\u00eda<\/li>\n\n\n\n<li>Sr. Azul<\/li>\n\n\n\n<li>Hielo de uva<\/li>\n\n\n\n<li>Menta fresca<\/li>\n\n\n\n<li>Frutas variadas<\/li>\n\n\n\n<li>Lichi de fresa<\/li>\n\n\n\n<li>Fresa helada<\/li>\n\n\n\n<li>Melocot\u00f3n helado<\/li>\n\n\n\n<li>Sand\u00eda Fresa<\/li>\n<\/ol>\n\n\n\n<h3 class=\"wp-block-heading\"><strong>\u00bfPor qu\u00e9 elegir Bang Tn 12000 Puffs?<\/strong><\/h3>\n\n\n\n<ul class=\"wp-block-list\">\n<li><strong>Sesiones de vapeo prolongadas:<\/strong> Con <strong>20 ml de e-l\u00edquido<\/strong> y <strong>hasta 12.000 bocanadas<\/strong>, Disfruta de un vapeo de larga duraci\u00f3n sin tener que recargar constantemente.<\/li>\n\n\n\n<li><strong>Recarga r\u00e1pida:<\/strong> <strong>USB tipo C<\/strong> con <strong>Entrada 5V 1A<\/strong> garantiza una recarga r\u00e1pida y eficaz para vapear sin interrupciones.<\/li>\n\n\n\n<li><strong>Producci\u00f3n de vapor suave:<\/strong> En <strong>bobina de malla<\/strong> garantiza un vapor suave y sabroso con cada calada, proporcionando una experiencia satisfactoria.<\/li>\n\n\n\n<li><strong>Potencia de nicotina personalizable:<\/strong> Disponible en <strong>0%, 2%, 3% y 5% nicotina salina<\/strong>, para que pueda personalizar su experiencia.<\/li>\n\n\n\n<li><strong>Dise\u00f1o duradero:<\/strong> Fabricado en <strong>Material PC<\/strong>, Este vaporizador est\u00e1 dise\u00f1ado para el uso diario y la portabilidad.<\/li>\n<\/ul>\n\n\n\n<p>Mejore su experiencia de vapeo con el <strong>Bang Tn 12000 Puffs Edici\u00f3n Original Vape Desechable<\/strong>-un dispositivo dise\u00f1ado para ofrecer un rendimiento, una comodidad y un sabor de primera calidad.<\/p>\n\n\n\n<p>\u00bfBusca m\u00e1s opciones de vapeo premium? Visite nuestro <a href=\"https:\/\/vapemaison.com\">p\u00e1gina de inicio<\/a> para ver los \u00faltimos lanzamientos, consulte la colecci\u00f3n completa en nuestra <a href=\"https:\/\/vapemaison.com\/shop\">tienda<\/a>, o explorar otros dispositivos desde el <a href=\"https:\/\/vapemaison.com\/brand\/bang\">Marca Bang<\/a>. Tambi\u00e9n puede que le gusten los desechables de gran capacidad de <a href=\"https:\/\/vapemaison.com\/brand\/jnr\/\">JNR<\/a> o consulte todos nuestros <a href=\"https:\/\/vapemaison.com\/product-category\/puffs-count\/\">Dispositivos Puffs<\/a> para una satisfacci\u00f3n duradera.<\/p>","protected":false},"excerpt":{"rendered":"<div id=\"model-response-message-contentr_ff64e4c22b1b6a06\" class=\"markdown markdown-main-panel stronger enable-updated-hr-color\" dir=\"ltr\" aria-live=\"polite\" aria-busy=\"false\">\n<p data-path-to-node=\"0\">Disfruta de 12.000 sabrosas caladas y una generosa capacidad de 20 ml, todo ello en un resistente cuerpo de PC dise\u00f1ado para soportar tus aventuras diarias con facilidad. Con una bobina de malla de alto rendimiento y carga r\u00e1pida Type-C, esta edici\u00f3n original ofrece una calada suave y de calidad en todo momento.<\/p>\n<\/div>","protected":false},"featured_media":16940,"comment_status":"open","ping_status":"closed","template":"","meta":[],"product_brand":[57],"product_cat":[154],"product_tag":[],"class_list":{"0":"post-16932","1":"product","2":"type-product","3":"status-publish","4":"has-post-thumbnail","6":"product_brand-bang","7":"product_cat-12k-puffs","9":"first","10":"instock","11":"sale","12":"shipping-taxable","13":"purchasable","14":"product-type-variable"},"yoast_head":"<!-- This site is optimized with the Yoast SEO plugin v27.4 - https:\/\/yoast.com\/product\/yoast-seo-wordpress\/ -->\n<title>Bang Tn 12000 Puffs Disposable Vape \u2013 20mL, Type-C Charging<\/title>\n<meta name=\"description\" content=\"Experience smooth vapor and long-lasting satisfaction with the Bang Tn 12000 Puffs Vape. 20mL capacity, mesh coil, and fast Type-C charging for convenience.\" \/>\n<meta name=\"robots\" content=\"index, follow, max-snippet:-1, max-image-preview:large, max-video-preview:-1\" \/>\n<link rel=\"canonical\" href=\"https:\/\/vapemaison.com\/es\/producto\/bang-tn-12000-bocanadas-vape-desechable\/\" \/>\n<meta property=\"og:locale\" content=\"es_ES\" \/>\n<meta property=\"og:type\" content=\"article\" \/>\n<meta property=\"og:title\" content=\"Bang Tn 12000 Puffs Disposable Vape \u2013 20mL, Type-C Charging\" \/>\n<meta property=\"og:description\" content=\"Experience smooth vapor and long-lasting satisfaction with the Bang Tn 12000 Puffs Vape. 20mL capacity, mesh coil, and fast Type-C charging for convenience.\" \/>\n<meta property=\"og:url\" content=\"https:\/\/vapemaison.com\/es\/producto\/bang-tn-12000-bocanadas-vape-desechable\/\" \/>\n<meta property=\"og:site_name\" content=\"VapeMaison\" \/>\n<meta property=\"article:modified_time\" content=\"2025-12-22T09:28:12+00:00\" \/>\n<meta property=\"og:image\" content=\"https:\/\/vapemaison.com\/wp-content\/uploads\/2025\/12\/vape-bang-tn-12000-puffs-00015.jpg.webp\" \/>\n\t<meta property=\"og:image:width\" content=\"800\" \/>\n\t<meta property=\"og:image:height\" content=\"800\" \/>\n\t<meta property=\"og:image:type\" content=\"image\/webp\" \/>\n<meta name=\"twitter:card\" content=\"summary_large_image\" \/>\n<meta name=\"twitter:label1\" content=\"Tiempo de lectura\" \/>\n\t<meta name=\"twitter:data1\" content=\"2 minutos\" \/>\n<!-- \/ Yoast SEO plugin. -->","yoast_head_json":{"title":"Bang Tn 12000 Puffs Vapeador Desechable - 20mL, Carga Tipo-C","description":"Experimenta un vapor suave y una satisfacci\u00f3n duradera con el Bang Tn 12000 Puffs Vape. Capacidad de 20mL, bobina de malla y carga r\u00e1pida Type-C para mayor comodidad.","robots":{"index":"index","follow":"follow","max-snippet":"max-snippet:-1","max-image-preview":"max-image-preview:large","max-video-preview":"max-video-preview:-1"},"canonical":"https:\/\/vapemaison.com\/es\/producto\/bang-tn-12000-bocanadas-vape-desechable\/","og_locale":"es_ES","og_type":"article","og_title":"Bang Tn 12000 Puffs Disposable Vape \u2013 20mL, Type-C Charging","og_description":"Experience smooth vapor and long-lasting satisfaction with the Bang Tn 12000 Puffs Vape. 20mL capacity, mesh coil, and fast Type-C charging for convenience.","og_url":"https:\/\/vapemaison.com\/es\/producto\/bang-tn-12000-bocanadas-vape-desechable\/","og_site_name":"VapeMaison","article_modified_time":"2025-12-22T09:28:12+00:00","og_image":[{"width":800,"height":800,"url":"https:\/\/vapemaison.com\/wp-content\/uploads\/2025\/12\/vape-bang-tn-12000-puffs-00015.jpg.webp","type":"image\/webp"}],"twitter_card":"summary_large_image","twitter_misc":{"Tiempo de lectura":"2 minutos"},"schema":{"@context":"https:\/\/schema.org","@graph":[{"@type":"WebPage","@id":"https:\/\/vapemaison.com\/product\/bang-tn-12000-puffs-disposable-vape\/","url":"https:\/\/vapemaison.com\/product\/bang-tn-12000-puffs-disposable-vape\/","name":"Bang Tn 12000 Puffs Vapeador Desechable - 20mL, Carga Tipo-C","isPartOf":{"@id":"https:\/\/vapemaison.com\/#website"},"primaryImageOfPage":{"@id":"https:\/\/vapemaison.com\/product\/bang-tn-12000-puffs-disposable-vape\/#primaryimage"},"image":{"@id":"https:\/\/vapemaison.com\/product\/bang-tn-12000-puffs-disposable-vape\/#primaryimage"},"thumbnailUrl":"https:\/\/vapemaison.com\/wp-content\/uploads\/2025\/12\/vape-bang-tn-12000-puffs-00015.jpg.webp","datePublished":"2025-12-11T03:59:39+00:00","dateModified":"2025-12-22T09:28:12+00:00","description":"Experimenta un vapor suave y una satisfacci\u00f3n duradera con el Bang Tn 12000 Puffs Vape. Capacidad de 20mL, bobina de malla y carga r\u00e1pida Type-C para mayor comodidad.","breadcrumb":{"@id":"https:\/\/vapemaison.com\/product\/bang-tn-12000-puffs-disposable-vape\/#breadcrumb"},"inLanguage":"es","potentialAction":[{"@type":"ReadAction","target":["https:\/\/vapemaison.com\/product\/bang-tn-12000-puffs-disposable-vape\/"]}]},{"@type":"ImageObject","inLanguage":"es","@id":"https:\/\/vapemaison.com\/product\/bang-tn-12000-puffs-disposable-vape\/#primaryimage","url":"https:\/\/vapemaison.com\/wp-content\/uploads\/2025\/12\/vape-bang-tn-12000-puffs-00015.jpg.webp","contentUrl":"https:\/\/vapemaison.com\/wp-content\/uploads\/2025\/12\/vape-bang-tn-12000-puffs-00015.jpg.webp","width":800,"height":800,"caption":"Vape Bang Tn Puffs.jpg"},{"@type":"BreadcrumbList","@id":"https:\/\/vapemaison.com\/product\/bang-tn-12000-puffs-disposable-vape\/#breadcrumb","itemListElement":[{"@type":"ListItem","position":1,"name":"\u9996\u9875","item":"https:\/\/vapemaison.com\/"},{"@type":"ListItem","position":2,"name":"Shop","item":"https:\/\/vapemaison.com\/shop\/"},{"@type":"ListItem","position":3,"name":"Bang","item":"https:\/\/vapemaison.com\/brand\/bang\/"},{"@type":"ListItem","position":4,"name":"Bang Tn 12000 Puffs Disposable Vape"}]},{"@type":"WebSite","@id":"https:\/\/vapemaison.com\/#website","url":"https:\/\/vapemaison.com\/","name":"VapeMaison","description":"Dispositivos y accesorios premium para vapear","publisher":{"@id":"https:\/\/vapemaison.com\/#organization"},"potentialAction":[{"@type":"SearchAction","target":{"@type":"EntryPoint","urlTemplate":"https:\/\/vapemaison.com\/?s={search_term_string}"},"query-input":{"@type":"PropertyValueSpecification","valueRequired":true,"valueName":"search_term_string"}}],"inLanguage":"es"},{"@type":"Organization","@id":"https:\/\/vapemaison.com\/#organization","name":"VapeMaison","url":"https:\/\/vapemaison.com\/","logo":{"@type":"ImageObject","inLanguage":"es","@id":"https:\/\/vapemaison.com\/#\/schema\/logo\/image\/","url":"https:\/\/vapemaison.com\/wp-content\/uploads\/2026\/01\/cropped-vapemaison-logo-g-2026.webp","contentUrl":"https:\/\/vapemaison.com\/wp-content\/uploads\/2026\/01\/cropped-vapemaison-logo-g-2026.webp","width":350,"height":280,"caption":"VapeMaison"},"image":{"@id":"https:\/\/vapemaison.com\/#\/schema\/logo\/image\/"},"sameAs":["https:\/\/www.youtube.com\/@VapeMaison"]}]}},"tiered_pricing_type":"fixed","tiered_pricing_fixed_rules":{"30":"8.12","50":"7.45","100":"6.99","200":"6.21"},"tiered_pricing_product_settings":{"layout":"default","base_unit_name":{"singular":null,"plural":null},"default_variation":null},"tiered_pricing_minimum_quantity":10,"tiered_pricing_roles_data":[],"tiered_pricing_percentage_rules":[],"tiered_pricing_maximum_quantity":null,"tiered_pricing_quantity_step":"10","_links":{"self":[{"href":"https:\/\/vapemaison.com\/es\/wp-json\/wp\/v2\/product\/16932","targetHints":{"allow":["GET"]}}],"collection":[{"href":"https:\/\/vapemaison.com\/es\/wp-json\/wp\/v2\/product"}],"about":[{"href":"https:\/\/vapemaison.com\/es\/wp-json\/wp\/v2\/types\/product"}],"replies":[{"embeddable":true,"href":"https:\/\/vapemaison.com\/es\/wp-json\/wp\/v2\/comments?post=16932"}],"version-history":[{"count":0,"href":"https:\/\/vapemaison.com\/es\/wp-json\/wp\/v2\/product\/16932\/revisions"}],"wp:featuredmedia":[{"embeddable":true,"href":"https:\/\/vapemaison.com\/es\/wp-json\/wp\/v2\/media\/16940"}],"wp:attachment":[{"href":"https:\/\/vapemaison.com\/es\/wp-json\/wp\/v2\/media?parent=16932"}],"wp:term":[{"taxonomy":"product_brand","embeddable":true,"href":"https:\/\/vapemaison.com\/es\/wp-json\/wp\/v2\/product_brand?post=16932"},{"taxonomy":"product_cat","embeddable":true,"href":"https:\/\/vapemaison.com\/es\/wp-json\/wp\/v2\/product_cat?post=16932"},{"taxonomy":"product_tag","embeddable":true,"href":"https:\/\/vapemaison.com\/es\/wp-json\/wp\/v2\/product_tag?post=16932"}],"curies":[{"name":"wp","href":"https:\/\/api.w.org\/{rel}","templated":true}]}}