

{"id":16991,"date":"2025-12-11T06:45:06","date_gmt":"2025-12-11T06:45:06","guid":{"rendered":"https:\/\/vapemaison.com\/?post_type=product&#038;p=16991"},"modified":"2026-01-19T07:51:47","modified_gmt":"2026-01-19T07:51:47","slug":"bang-box-bc5000-puffs-vape-desechable","status":"publish","type":"product","link":"https:\/\/vapemaison.com\/es\/product\/bang-box-bc5000-puffs-disposable-vape\/","title":{"rendered":"Mayorista Bang Vaper caja BC5000 Puffs Vape"},"content":{"rendered":"<h3 class=\"wp-block-heading\"><strong>Bang Vaper box BC5000 Puffs - Vaping compacto, potente y sabroso<\/strong><\/h3>\n\n\n\n<p>En <strong>Bang Vaper caja BC5000 Puffs al por menor Vape desechable<\/strong> entrega un <strong>duradero<\/strong> y <strong>satisfaciendo<\/strong> en un dise\u00f1o compacto. Con <strong>5000 bocanadas<\/strong> por dispositivo, le garantiza que disfrutar\u00e1 de cada momento sin la molestia de tener que rellenar o recargar. Ideal para vapeadores en movimiento, este dispositivo ofrece comodidad y rendimiento.<\/p>\n\n\n\n<p>Equipado con un <strong>13mL de capacidad de e-l\u00edquido<\/strong> y disponible en <strong>2%<\/strong> y <strong>5% sal de nicotina<\/strong> opciones, el <strong>Bang Box BC5000<\/strong> proporciona un satisfactorio golpe de garganta y un sabor consistente en cada calada. El <strong>Bobina de malla de 1,2\u03a9<\/strong> garantiza una producci\u00f3n de vapor suave, mejorando su experiencia general de vapeo.<\/p>\n\n\n\n<p>Dise\u00f1ado para <strong>f\u00e1cil portabilidad<\/strong>, Esto s\u00f3lo pesa <strong>52g<\/strong>, Por eso es ligera y f\u00e1cil de transportar. Adem\u00e1s, su <strong>Puerto de carga Tipo-C<\/strong> garantiza recargas r\u00e1pidas, manteniendo tu dispositivo listo cuando t\u00fa lo est\u00e9s.<\/p>\n\n\n\n<h3 class=\"wp-block-heading\"><strong>Caracter\u00edsticas principales:<\/strong><\/h3>\n\n\n\n<figure class=\"wp-block-table\"><table class=\"has-fixed-layout\"><thead><tr><th><strong>Caracter\u00edstica<\/strong><\/th><th><strong>Especificaci\u00f3n<\/strong><\/th><\/tr><\/thead><tbody><tr><td><strong>Capacidad de soplado<\/strong><\/td><td>Hasta 5000 bocanadas<\/td><\/tr><tr><td><strong>Sal de nicotina<\/strong><\/td><td>2%, 5%<\/td><\/tr><tr><td><strong>Capacidad de e-l\u00edquido<\/strong><\/td><td>13 ml<\/td><\/tr><tr><td><strong>Tipo de bobina<\/strong><\/td><td>Bobina de malla 1.2\u03a9<\/td><\/tr><tr><td><strong>Peso corporal<\/strong><\/td><td>52g<\/td><\/tr><tr><td><strong>Puerto de carga<\/strong><\/td><td>Carga r\u00e1pida Tipo-C<\/td><\/tr><tr><td><strong>Tama\u00f1o de la caja<\/strong><\/td><td>52.3<em>38<\/em>28,5 cm<\/td><\/tr><\/tbody><\/table><\/figure>\n\n\n\n<h3 class=\"wp-block-heading\"><strong>Lista de sabores:<\/strong><\/h3>\n\n\n\n<ol class=\"wp-block-list\">\n<li>Fresa Mango<\/li>\n\n\n\n<li>Helado de fresa<\/li>\n\n\n\n<li>Uva Sakura<\/li>\n\n\n\n<li>Hielo de sand\u00eda<\/li>\n\n\n\n<li>Hielo de ar\u00e1ndano y frambuesa<\/li>\n\n\n\n<li>Sand\u00eda Chicle<\/li>\n\n\n\n<li>Fresa Kiwi<\/li>\n\n\n\n<li>Bebida energ\u00e9tica<\/li>\n\n\n\n<li>Melocot\u00f3n Mango Sand\u00eda<\/li>\n\n\n\n<li>Hielo de ar\u00e1ndanos<\/li>\n\n\n\n<li>Hielo de pi\u00f1a y coco<\/li>\n\n\n\n<li>Fresa Pl\u00e1tano<\/li>\n\n\n\n<li>Kiwi Fruta de la pasi\u00f3n Guayaba<\/li>\n\n\n\n<li>Frutas variadas<\/li>\n\n\n\n<li>Fresa helada<\/li>\n\n\n\n<li>Sand\u00eda con fresa<\/li>\n<\/ol>\n\n\n\n<h3 class=\"wp-block-heading\"><strong>\u00bfPor qu\u00e9 elegir Bang Box BC5000?<\/strong><\/h3>\n\n\n\n<ul class=\"wp-block-list\">\n<li><strong>Disfrute prolongado:<\/strong> <strong>5000 bocanadas<\/strong> garantiza un vapeo duradero sin necesidad de recargas.<\/li>\n\n\n\n<li><strong>Sabor rico y suave:<\/strong> En <strong>Bobina de malla de 1,2\u03a9<\/strong> proporciona un vapor consistente y suave, ofreciendo un excelente sabor con cada calada.<\/li>\n\n\n\n<li><strong>Ligero y port\u00e1til:<\/strong> Con s\u00f3lo <strong>52g<\/strong>, Es perfecto para llevar en el bolsillo o en el bolso, por lo que es ideal para vapear en cualquier lugar.<\/li>\n\n\n\n<li><strong>Recarga r\u00e1pida:<\/strong> En <strong>Puerto de carga Tipo-C<\/strong> permite recargas r\u00e1pidas, manteniendo tu vape listo siempre que est\u00e9s.<\/li>\n\n\n\n<li><strong>Variedad de sabores:<\/strong> Con <strong>16 apasionantes sabores<\/strong>, Hay algo para cada gusto, desde mezclas afrutadas hasta refrescantes opciones heladas.<\/li>\n<\/ul>\n\n\n\n<h3 class=\"wp-block-heading\"><strong>Mejore su experiencia de vapeo con Bang Box BC5000<\/strong><\/h3>\n\n\n\n<p>En <strong>Puffs Bang Box BC5000<\/strong> vape desechable ofrece la <strong>equilibrio perfecto<\/strong> de <strong>rendimiento<\/strong>, <strong>comodidad<\/strong>, y <strong>sabor<\/strong>. Tanto si eres nuevo en el vapeo como un usuario experimentado, este dispositivo compacto te ofrece todo lo que necesitas para una experiencia de vapeo excepcional.<\/p>\n\n\n\n<p>\u00bfBusca m\u00e1s opciones de vapeo premium? Visite nuestro <a href=\"https:\/\/vapemaison.com\">p\u00e1gina de inicio<\/a> para ver los \u00faltimos lanzamientos, consulte la colecci\u00f3n completa en nuestra <a href=\"https:\/\/vapemaison.com\/shop\">tienda<\/a>, o explorar otros dispositivos desde el <a href=\"https:\/\/vapemaison.com\/brand\/bang\">Marca Bang<\/a>. Tambi\u00e9n puede que le gusten los desechables de gran capacidad de <a href=\"https:\/\/vapemaison.com\/brand\/jnr\/\">JNR<\/a> o consulte todos nuestros <a href=\"https:\/\/vapemaison.com\/product-category\/puffs-count\/\">Dispositivos Puffs<\/a> para una satisfacci\u00f3n duradera.<\/p>","protected":false},"excerpt":{"rendered":"<div id=\"model-response-message-contentr_d2b7b102add18b2d\" class=\"markdown markdown-main-panel stronger enable-updated-hr-color\" dir=\"ltr\" aria-live=\"polite\" aria-busy=\"false\">\n<p data-path-to-node=\"0\">Experimenta 5.000 sabrosas caladas en un dise\u00f1o ligero y de bolsillo que cuenta con una bobina de malla de 1,2\u03a9 para un golpe de garganta consistentemente suave y satisfactorio. Perfecto para vapear sobre la marcha, hazte con el tuyo hoy mismo para disfrutar de la m\u00e1xima portabilidad y un rendimiento fiable mientras dure nuestro inventario actual y nuestra oferta de env\u00edo r\u00e1pido.<\/p>\n<\/div>","protected":false},"featured_media":17022,"comment_status":"open","ping_status":"closed","template":"","meta":[],"product_brand":[57],"product_cat":[290],"product_tag":[],"class_list":{"0":"post-16991","1":"product","2":"type-product","3":"status-publish","4":"has-post-thumbnail","6":"product_brand-bang","7":"product_cat-5k-puffs","9":"first","10":"instock","11":"sale","12":"shipping-taxable","13":"purchasable","14":"product-type-variable"},"yoast_head":"<!-- This site is optimized with the Yoast SEO plugin v27.4 - https:\/\/yoast.com\/product\/yoast-seo-wordpress\/ -->\n<title>Bang Vaper box BC5000 Puffs Disposable Vape \u2013 5% Nicotine<\/title>\n<meta name=\"description\" content=\"Enjoy up to 5000 puffs with the Bang Vaper box Disposable Vape. Featuring 13mL e-liquid,and a 1.2\u03a9 mesh coil for smooth. Perfect for on-the-go vaping!\" \/>\n<meta name=\"robots\" content=\"index, follow, max-snippet:-1, max-image-preview:large, max-video-preview:-1\" \/>\n<link rel=\"canonical\" href=\"https:\/\/vapemaison.com\/es\/producto\/bang-box-bc5000-puffs-vape-desechable\/\" \/>\n<meta property=\"og:locale\" content=\"es_ES\" \/>\n<meta property=\"og:type\" content=\"article\" \/>\n<meta property=\"og:title\" content=\"Bang Vaper box BC5000 Puffs Disposable Vape \u2013 5% Nicotine\" \/>\n<meta property=\"og:description\" content=\"Enjoy up to 5000 puffs with the Bang Vaper box Disposable Vape. Featuring 13mL e-liquid,and a 1.2\u03a9 mesh coil for smooth. Perfect for on-the-go vaping!\" \/>\n<meta property=\"og:url\" content=\"https:\/\/vapemaison.com\/es\/producto\/bang-box-bc5000-puffs-vape-desechable\/\" \/>\n<meta property=\"og:site_name\" content=\"VapeMaison\" \/>\n<meta property=\"article:modified_time\" content=\"2026-01-19T07:51:47+00:00\" \/>\n<meta property=\"og:image\" content=\"https:\/\/vapemaison.com\/wp-content\/uploads\/2025\/12\/vape-bang-bc-5000-puffs-00015-scaled.jpg.webp\" \/>\n\t<meta property=\"og:image:width\" content=\"2560\" \/>\n\t<meta property=\"og:image:height\" content=\"2560\" \/>\n\t<meta property=\"og:image:type\" content=\"image\/webp\" \/>\n<meta name=\"twitter:card\" content=\"summary_large_image\" \/>\n<meta name=\"twitter:label1\" content=\"Tiempo de lectura\" \/>\n\t<meta name=\"twitter:data1\" content=\"2 minutos\" \/>\n<!-- \/ Yoast SEO plugin. -->","yoast_head_json":{"title":"Bang Vaper box BC5000 Puffs Vape Desechable - 5% Nicotina","description":"Disfruta de hasta 5000 caladas con la caja Bang Vaper Vape desechable. Con 13mL e-l\u00edquido, y una bobina de malla 1.2\u03a9 para suave. \u00a1Perfecto para vapear sobre la marcha!","robots":{"index":"index","follow":"follow","max-snippet":"max-snippet:-1","max-image-preview":"max-image-preview:large","max-video-preview":"max-video-preview:-1"},"canonical":"https:\/\/vapemaison.com\/es\/producto\/bang-box-bc5000-puffs-vape-desechable\/","og_locale":"es_ES","og_type":"article","og_title":"Bang Vaper box BC5000 Puffs Disposable Vape \u2013 5% Nicotine","og_description":"Enjoy up to 5000 puffs with the Bang Vaper box Disposable Vape. Featuring 13mL e-liquid,and a 1.2\u03a9 mesh coil for smooth. Perfect for on-the-go vaping!","og_url":"https:\/\/vapemaison.com\/es\/producto\/bang-box-bc5000-puffs-vape-desechable\/","og_site_name":"VapeMaison","article_modified_time":"2026-01-19T07:51:47+00:00","og_image":[{"width":2560,"height":2560,"url":"https:\/\/vapemaison.com\/wp-content\/uploads\/2025\/12\/vape-bang-bc-5000-puffs-00015-scaled.jpg.webp","type":"image\/webp"}],"twitter_card":"summary_large_image","twitter_misc":{"Tiempo de lectura":"2 minutos"},"schema":{"@context":"https:\/\/schema.org","@graph":[{"@type":"WebPage","@id":"https:\/\/vapemaison.com\/product\/bang-box-bc5000-puffs-disposable-vape\/","url":"https:\/\/vapemaison.com\/product\/bang-box-bc5000-puffs-disposable-vape\/","name":"Bang Vaper box BC5000 Puffs Vape Desechable - 5% Nicotina","isPartOf":{"@id":"https:\/\/vapemaison.com\/#website"},"primaryImageOfPage":{"@id":"https:\/\/vapemaison.com\/product\/bang-box-bc5000-puffs-disposable-vape\/#primaryimage"},"image":{"@id":"https:\/\/vapemaison.com\/product\/bang-box-bc5000-puffs-disposable-vape\/#primaryimage"},"thumbnailUrl":"https:\/\/vapemaison.com\/wp-content\/uploads\/2025\/12\/vape-bang-bc-5000-puffs-00015-scaled.jpg.webp","datePublished":"2025-12-11T06:45:06+00:00","dateModified":"2026-01-19T07:51:47+00:00","description":"Disfruta de hasta 5000 caladas con la caja Bang Vaper Vape desechable. Con 13mL e-l\u00edquido, y una bobina de malla 1.2\u03a9 para suave. \u00a1Perfecto para vapear sobre la marcha!","breadcrumb":{"@id":"https:\/\/vapemaison.com\/product\/bang-box-bc5000-puffs-disposable-vape\/#breadcrumb"},"inLanguage":"es","potentialAction":[{"@type":"ReadAction","target":["https:\/\/vapemaison.com\/product\/bang-box-bc5000-puffs-disposable-vape\/"]}]},{"@type":"ImageObject","inLanguage":"es","@id":"https:\/\/vapemaison.com\/product\/bang-box-bc5000-puffs-disposable-vape\/#primaryimage","url":"https:\/\/vapemaison.com\/wp-content\/uploads\/2025\/12\/vape-bang-bc-5000-puffs-00015-scaled.jpg.webp","contentUrl":"https:\/\/vapemaison.com\/wp-content\/uploads\/2025\/12\/vape-bang-bc-5000-puffs-00015-scaled.jpg.webp","width":2560,"height":2560,"caption":"Vape Bang Bc Puffs Scaled.jpg"},{"@type":"BreadcrumbList","@id":"https:\/\/vapemaison.com\/product\/bang-box-bc5000-puffs-disposable-vape\/#breadcrumb","itemListElement":[{"@type":"ListItem","position":1,"name":"\u9996\u9875","item":"https:\/\/vapemaison.com\/"},{"@type":"ListItem","position":2,"name":"Shop","item":"https:\/\/vapemaison.com\/shop\/"},{"@type":"ListItem","position":3,"name":"Bang","item":"https:\/\/vapemaison.com\/brand\/bang\/"},{"@type":"ListItem","position":4,"name":"Wholesale Bang Vaper box BC5000 Puffs Vape"}]},{"@type":"WebSite","@id":"https:\/\/vapemaison.com\/#website","url":"https:\/\/vapemaison.com\/","name":"VapeMaison","description":"Dispositivos y accesorios premium para vapear","publisher":{"@id":"https:\/\/vapemaison.com\/#organization"},"potentialAction":[{"@type":"SearchAction","target":{"@type":"EntryPoint","urlTemplate":"https:\/\/vapemaison.com\/?s={search_term_string}"},"query-input":{"@type":"PropertyValueSpecification","valueRequired":true,"valueName":"search_term_string"}}],"inLanguage":"es"},{"@type":"Organization","@id":"https:\/\/vapemaison.com\/#organization","name":"VapeMaison","url":"https:\/\/vapemaison.com\/","logo":{"@type":"ImageObject","inLanguage":"es","@id":"https:\/\/vapemaison.com\/#\/schema\/logo\/image\/","url":"https:\/\/vapemaison.com\/wp-content\/uploads\/2026\/01\/cropped-vapemaison-logo-g-2026.webp","contentUrl":"https:\/\/vapemaison.com\/wp-content\/uploads\/2026\/01\/cropped-vapemaison-logo-g-2026.webp","width":350,"height":280,"caption":"VapeMaison"},"image":{"@id":"https:\/\/vapemaison.com\/#\/schema\/logo\/image\/"},"sameAs":["https:\/\/www.youtube.com\/@VapeMaison"]}]}},"tiered_pricing_type":"fixed","tiered_pricing_fixed_rules":{"30":"7.19","50":"6.29","100":"5.79","200":"4.99"},"tiered_pricing_product_settings":{"layout":"default","base_unit_name":{"singular":null,"plural":null},"default_variation":null},"tiered_pricing_minimum_quantity":10,"tiered_pricing_roles_data":[],"tiered_pricing_percentage_rules":[],"tiered_pricing_maximum_quantity":null,"tiered_pricing_quantity_step":"10","_links":{"self":[{"href":"https:\/\/vapemaison.com\/es\/wp-json\/wp\/v2\/product\/16991","targetHints":{"allow":["GET"]}}],"collection":[{"href":"https:\/\/vapemaison.com\/es\/wp-json\/wp\/v2\/product"}],"about":[{"href":"https:\/\/vapemaison.com\/es\/wp-json\/wp\/v2\/types\/product"}],"replies":[{"embeddable":true,"href":"https:\/\/vapemaison.com\/es\/wp-json\/wp\/v2\/comments?post=16991"}],"version-history":[{"count":1,"href":"https:\/\/vapemaison.com\/es\/wp-json\/wp\/v2\/product\/16991\/revisions"}],"predecessor-version":[{"id":26106,"href":"https:\/\/vapemaison.com\/es\/wp-json\/wp\/v2\/product\/16991\/revisions\/26106"}],"wp:featuredmedia":[{"embeddable":true,"href":"https:\/\/vapemaison.com\/es\/wp-json\/wp\/v2\/media\/17022"}],"wp:attachment":[{"href":"https:\/\/vapemaison.com\/es\/wp-json\/wp\/v2\/media?parent=16991"}],"wp:term":[{"taxonomy":"product_brand","embeddable":true,"href":"https:\/\/vapemaison.com\/es\/wp-json\/wp\/v2\/product_brand?post=16991"},{"taxonomy":"product_cat","embeddable":true,"href":"https:\/\/vapemaison.com\/es\/wp-json\/wp\/v2\/product_cat?post=16991"},{"taxonomy":"product_tag","embeddable":true,"href":"https:\/\/vapemaison.com\/es\/wp-json\/wp\/v2\/product_tag?post=16991"}],"curies":[{"name":"wp","href":"https:\/\/api.w.org\/{rel}","templated":true}]}}