

{"id":16993,"date":"2025-12-11T07:15:03","date_gmt":"2025-12-11T07:15:03","guid":{"rendered":"https:\/\/vapemaison.com\/?post_type=product&#038;p=16993"},"modified":"2025-12-22T09:26:40","modified_gmt":"2025-12-22T09:26:40","slug":"bang-36000-bocanadas-vape-desechable","status":"publish","type":"product","link":"https:\/\/vapemaison.com\/es\/product\/bang-36000-puffs-disposable-vape\/","title":{"rendered":"Bang 36000 Puffs 0% 2% 3% 5% Nicotina Vape"},"content":{"rendered":"<h3 class=\"wp-block-heading\"><strong>Bang 36000 Puffs - Vapeador Desechable Premium con Doble Tanque de E-L\u00edquido y Experiencia DTL<\/strong><\/h3>\n\n\n\n<p>En <strong>Bang 36000 Puffs<\/strong> es lo \u00faltimo en vapeo de alto rendimiento, ofreciendo hasta <strong>36.000 caladas<\/strong> de satisfacci\u00f3n constante. Dise\u00f1ado para un uso prolongado, este elegante y ergon\u00f3mico vaporizador desechable garantiza <strong>comodidad sin igual<\/strong> y un disfrute duradero, lo que la convierte en la elecci\u00f3n perfecta tanto para vapeadores nuevos como experimentados.<\/p>\n\n\n\n<p>Con <strong>40 ml de e-l\u00edquido precargado<\/strong> en un <strong>doble dep\u00f3sito de e-l\u00edquido<\/strong>, El <strong>Bang 36000<\/strong> le ofrece una experiencia de vapeo rica y sabrosa sin necesidad de recargas constantes. Tanto si prefieres un <strong>potencia de nicotina<\/strong> de <strong>0%, 2%, 3% o 5%<\/strong>, Este dispositivo te permite personalizar tu sesi\u00f3n de vapeo para que se ajuste exactamente a tus preferencias.<\/p>\n\n\n\n<h3 class=\"wp-block-heading\"><strong>Caracter\u00edsticas principales:<\/strong><\/h3>\n\n\n\n<figure class=\"wp-block-table\"><table class=\"has-fixed-layout\"><thead><tr><th><strong>Caracter\u00edstica<\/strong><\/th><th><strong>Especificaci\u00f3n<\/strong><\/th><\/tr><\/thead><tbody><tr><td><strong>Capacidad de soplado<\/strong><\/td><td>Hasta 36.000 bocanadas<\/td><\/tr><tr><td><strong>Capacidad de e-l\u00edquido<\/strong><\/td><td>40 ml (dep\u00f3sito doble)<\/td><\/tr><tr><td><strong>Potencia de nicotina<\/strong><\/td><td>0%, 2%, 3%, 5%<\/td><\/tr><tr><td><strong>Tipo de bobina<\/strong><\/td><td>Bobina Sub-Ohm de 0,6\u03a9 (DTL)<\/td><\/tr><tr><td><strong>Capacidad de la bater\u00eda<\/strong><\/td><td>650mAh Recargable<\/td><\/tr><tr><td><strong>Puerto de carga<\/strong><\/td><td>Carga r\u00e1pida Tipo-C<\/td><\/tr><tr><td><strong>Caracter\u00edstica visual<\/strong><\/td><td>Luz LED de color<\/td><\/tr><tr><td><strong>Embalaje<\/strong><\/td><td>8 unidades por caja<\/td><\/tr><tr><td><strong>Sabores<\/strong><\/td><td>12 deliciosos sabores<\/td><\/tr><\/tbody><\/table><\/figure>\n\n\n\n<h3 class=\"wp-block-heading\"><strong>Lista de sabores:<\/strong><\/h3>\n\n\n\n<ol class=\"wp-block-list\">\n<li>Fresa Kiwi<\/li>\n\n\n\n<li>Melocot\u00f3n Mango Sand\u00eda<\/li>\n\n\n\n<li>Frutas variadas<\/li>\n\n\n\n<li>Hielo de menta<\/li>\n\n\n\n<li>Melocot\u00f3n Mango<\/li>\n\n\n\n<li>Hielo de uva<\/li>\n\n\n\n<li>Manzanas dobles<\/li>\n\n\n\n<li>Ar\u00e1ndano Frambuesa<\/li>\n\n\n\n<li>Hielo de ar\u00e1ndanos<\/li>\n\n\n\n<li>Sand\u00eda con fresa<\/li>\n\n\n\n<li>Hielo de sand\u00eda<\/li>\n\n\n\n<li>Fresa Mango<\/li>\n<\/ol>\n\n\n\n<h3 class=\"wp-block-heading\"><strong>\u00bfPor qu\u00e9 elegir Bang 36000?<\/strong><\/h3>\n\n\n\n<ul class=\"wp-block-list\">\n<li><strong>Sesiones de vapeo prolongadas:<\/strong> Con <strong>40 ml de e-l\u00edquido precargado<\/strong>, Disfruta de hasta <strong>36.000 caladas<\/strong> sin recargas constantes.<\/li>\n\n\n\n<li><strong>Vapor suave y rico:<\/strong> En <strong>Bobina sub-ohm de 0,6\u03a9<\/strong> proporciona una <strong>Directo al pulm\u00f3n (DTL)<\/strong> con un sabor intenso y un vapor suave en cada calada.<\/li>\n\n\n\n<li><strong>Potencia de nicotina personalizada:<\/strong> Elige entre <strong>0%, 2%, 3% o 5% nicotina<\/strong> para adaptarse perfectamente a su experiencia de vapeo deseada.<\/li>\n\n\n\n<li><strong>Carga c\u00f3moda:<\/strong> En <strong>Puerto de carga Tipo-C<\/strong> y <strong>Bater\u00eda recargable de 650 mAh<\/strong> proporcionan una carga r\u00e1pida y eficiente, minimizando el tiempo de inactividad.<\/li>\n\n\n\n<li><strong>Luz LED din\u00e1mica de color:<\/strong> En <strong>Luz LED<\/strong> a\u00f1ade un elegante elemento visual a tus sesiones de vapeo, convirti\u00e9ndolo no s\u00f3lo en un vapeo, sino en toda una declaraci\u00f3n de intenciones.<\/li>\n\n\n\n<li><strong>Dise\u00f1o elegante y ergon\u00f3mico:<\/strong> En <strong>Bang 36000<\/strong> est\u00e1 dise\u00f1ado para ofrecer comodidad y facilidad de uso, garantizando una experiencia placentera a todos los usuarios.<\/li>\n<\/ul>\n\n\n\n<h3 class=\"wp-block-heading\"><strong>Mejore su experiencia de vapeo con Bang 36000<\/strong><\/h3>\n\n\n\n<p>En <strong>Bang 36000 Puffs<\/strong> est\u00e1 dise\u00f1ado para el vaper que quiere la combinaci\u00f3n perfecta de <strong>rendimiento, comodidad y estilo<\/strong>. Con su capacidad de larga duraci\u00f3n, su potencia de nicotina personalizable y su llamativa luz LED, el <strong>Bang 36000<\/strong> destaca como un vaporizador desechable de primera calidad dise\u00f1ado para aquellos que esperan m\u00e1s.<\/p>\n\n\n\n<p>\u00bfBusca m\u00e1s opciones de vapeo premium? Visite nuestro <a href=\"https:\/\/vapemaison.com\">p\u00e1gina de inicio<\/a> para ver los \u00faltimos lanzamientos, consulte la colecci\u00f3n completa en nuestra <a href=\"https:\/\/vapemaison.com\/shop\">tienda<\/a>, o explorar otros dispositivos desde el <a href=\"https:\/\/vapemaison.com\/brand\/bang\">Marca Bang<\/a>. Tambi\u00e9n puede que le gusten los desechables de gran capacidad de <a href=\"https:\/\/vapemaison.com\/brand\/jnr\/\">JNR<\/a> o consulte todos nuestros <a href=\"https:\/\/vapemaison.com\/product-category\/puffs-count\/\">Dispositivos Puffs<\/a> para una satisfacci\u00f3n duradera.<\/p>","protected":false},"excerpt":{"rendered":"<p>Maximiza tu experiencia DTL con 36.000 caladas y un sistema de doble tanque de 40ml dise\u00f1ado para un sabor profundo y consistente. Con una bobina sub-ohm de 0.6\u03a9 y vibrantes luces LED, esta central el\u00e9ctrica ofrece una sesi\u00f3n premium centrada en las nubes - pide el tuyo hoy para asegurar tu nivel de nicotina preferido mientras el stock actual y el env\u00edo r\u00e1pido sigan disponibles.<\/p>","protected":false},"featured_media":17159,"comment_status":"open","ping_status":"closed","template":"","meta":[],"product_brand":[57],"product_cat":[309,16],"product_tag":[],"class_list":{"0":"post-16993","1":"product","2":"type-product","3":"status-publish","4":"has-post-thumbnail","6":"product_brand-bang","7":"product_cat-36k-puffs","8":"product_cat-uncategorized","10":"first","11":"instock","12":"sale","13":"shipping-taxable","14":"purchasable","15":"product-type-variable"},"yoast_head":"<!-- This site is optimized with the Yoast SEO plugin v27.4 - https:\/\/yoast.com\/product\/yoast-seo-wordpress\/ -->\n<title>Bang 36000 Puffs Disposable Vape \u2013 36000 Puffs, 20 Flavors<\/title>\n<meta name=\"description\" content=\"Experience up to 36000 puffs with Bang 36000 Disposable Vape. 20 flavors and customizable nicotine strength for a premium vaping experience.\" \/>\n<meta name=\"robots\" content=\"index, follow, max-snippet:-1, max-image-preview:large, max-video-preview:-1\" \/>\n<link rel=\"canonical\" href=\"https:\/\/vapemaison.com\/es\/producto\/bang-36000-bocanadas-vape-desechable\/\" \/>\n<meta property=\"og:locale\" content=\"es_ES\" \/>\n<meta property=\"og:type\" content=\"article\" \/>\n<meta property=\"og:title\" content=\"Bang 36000 Puffs Disposable Vape \u2013 36000 Puffs, 20 Flavors\" \/>\n<meta property=\"og:description\" content=\"Experience up to 36000 puffs with Bang 36000 Disposable Vape. 20 flavors and customizable nicotine strength for a premium vaping experience.\" \/>\n<meta property=\"og:url\" content=\"https:\/\/vapemaison.com\/es\/producto\/bang-36000-bocanadas-vape-desechable\/\" \/>\n<meta property=\"og:site_name\" content=\"VapeMaison\" \/>\n<meta property=\"article:modified_time\" content=\"2025-12-22T09:26:40+00:00\" \/>\n<meta property=\"og:image\" content=\"https:\/\/vapemaison.com\/wp-content\/uploads\/2025\/12\/vape-bang-36000-puffs-bang-36000puffs.jpg.webp\" \/>\n\t<meta property=\"og:image:width\" content=\"1000\" \/>\n\t<meta property=\"og:image:height\" content=\"1000\" \/>\n\t<meta property=\"og:image:type\" content=\"image\/webp\" \/>\n<meta name=\"twitter:card\" content=\"summary_large_image\" \/>\n<meta name=\"twitter:label1\" content=\"Tiempo de lectura\" \/>\n\t<meta name=\"twitter:data1\" content=\"2 minutos\" \/>\n<!-- \/ Yoast SEO plugin. -->","yoast_head_json":{"title":"Bang 36000 Puffs Vape Desechable - 36000 Puffs, 20 Sabores","description":"Experimenta hasta 36000 caladas con el Vapeador Desechable Bang 36000. 20 sabores y potencia de nicotina personalizable para una experiencia de vapeo premium.","robots":{"index":"index","follow":"follow","max-snippet":"max-snippet:-1","max-image-preview":"max-image-preview:large","max-video-preview":"max-video-preview:-1"},"canonical":"https:\/\/vapemaison.com\/es\/producto\/bang-36000-bocanadas-vape-desechable\/","og_locale":"es_ES","og_type":"article","og_title":"Bang 36000 Puffs Disposable Vape \u2013 36000 Puffs, 20 Flavors","og_description":"Experience up to 36000 puffs with Bang 36000 Disposable Vape. 20 flavors and customizable nicotine strength for a premium vaping experience.","og_url":"https:\/\/vapemaison.com\/es\/producto\/bang-36000-bocanadas-vape-desechable\/","og_site_name":"VapeMaison","article_modified_time":"2025-12-22T09:26:40+00:00","og_image":[{"width":1000,"height":1000,"url":"https:\/\/vapemaison.com\/wp-content\/uploads\/2025\/12\/vape-bang-36000-puffs-bang-36000puffs.jpg.webp","type":"image\/webp"}],"twitter_card":"summary_large_image","twitter_misc":{"Tiempo de lectura":"2 minutos"},"schema":{"@context":"https:\/\/schema.org","@graph":[{"@type":"WebPage","@id":"https:\/\/vapemaison.com\/product\/bang-36000-puffs-disposable-vape\/","url":"https:\/\/vapemaison.com\/product\/bang-36000-puffs-disposable-vape\/","name":"Bang 36000 Puffs Vape Desechable - 36000 Puffs, 20 Sabores","isPartOf":{"@id":"https:\/\/vapemaison.com\/#website"},"primaryImageOfPage":{"@id":"https:\/\/vapemaison.com\/product\/bang-36000-puffs-disposable-vape\/#primaryimage"},"image":{"@id":"https:\/\/vapemaison.com\/product\/bang-36000-puffs-disposable-vape\/#primaryimage"},"thumbnailUrl":"https:\/\/vapemaison.com\/wp-content\/uploads\/2025\/12\/vape-bang-36000-puffs-bang-36000puffs.jpg.webp","datePublished":"2025-12-11T07:15:03+00:00","dateModified":"2025-12-22T09:26:40+00:00","description":"Experimenta hasta 36000 caladas con el Vapeador Desechable Bang 36000. 20 sabores y potencia de nicotina personalizable para una experiencia de vapeo premium.","breadcrumb":{"@id":"https:\/\/vapemaison.com\/product\/bang-36000-puffs-disposable-vape\/#breadcrumb"},"inLanguage":"es","potentialAction":[{"@type":"ReadAction","target":["https:\/\/vapemaison.com\/product\/bang-36000-puffs-disposable-vape\/"]}]},{"@type":"ImageObject","inLanguage":"es","@id":"https:\/\/vapemaison.com\/product\/bang-36000-puffs-disposable-vape\/#primaryimage","url":"https:\/\/vapemaison.com\/wp-content\/uploads\/2025\/12\/vape-bang-36000-puffs-bang-36000puffs.jpg.webp","contentUrl":"https:\/\/vapemaison.com\/wp-content\/uploads\/2025\/12\/vape-bang-36000-puffs-bang-36000puffs.jpg.webp","width":1000,"height":1000,"caption":"Vape Bang Puffs Bangpuffs.jpg"},{"@type":"BreadcrumbList","@id":"https:\/\/vapemaison.com\/product\/bang-36000-puffs-disposable-vape\/#breadcrumb","itemListElement":[{"@type":"ListItem","position":1,"name":"\u9996\u9875","item":"https:\/\/vapemaison.com\/"},{"@type":"ListItem","position":2,"name":"Shop","item":"https:\/\/vapemaison.com\/shop\/"},{"@type":"ListItem","position":3,"name":"Bang","item":"https:\/\/vapemaison.com\/brand\/bang\/"},{"@type":"ListItem","position":4,"name":"Bang 36000 Puffs 0% 2% 3% 5% Nicotine Vape"}]},{"@type":"WebSite","@id":"https:\/\/vapemaison.com\/#website","url":"https:\/\/vapemaison.com\/","name":"VapeMaison","description":"Dispositivos y accesorios premium para vapear","publisher":{"@id":"https:\/\/vapemaison.com\/#organization"},"potentialAction":[{"@type":"SearchAction","target":{"@type":"EntryPoint","urlTemplate":"https:\/\/vapemaison.com\/?s={search_term_string}"},"query-input":{"@type":"PropertyValueSpecification","valueRequired":true,"valueName":"search_term_string"}}],"inLanguage":"es"},{"@type":"Organization","@id":"https:\/\/vapemaison.com\/#organization","name":"VapeMaison","url":"https:\/\/vapemaison.com\/","logo":{"@type":"ImageObject","inLanguage":"es","@id":"https:\/\/vapemaison.com\/#\/schema\/logo\/image\/","url":"https:\/\/vapemaison.com\/wp-content\/uploads\/2026\/01\/cropped-vapemaison-logo-g-2026.webp","contentUrl":"https:\/\/vapemaison.com\/wp-content\/uploads\/2026\/01\/cropped-vapemaison-logo-g-2026.webp","width":350,"height":280,"caption":"VapeMaison"},"image":{"@id":"https:\/\/vapemaison.com\/#\/schema\/logo\/image\/"},"sameAs":["https:\/\/www.youtube.com\/@VapeMaison"]}]}},"tiered_pricing_type":"fixed","tiered_pricing_fixed_rules":{"30":"11.99","50":"10.99","100":"9.99","200":"8.99"},"tiered_pricing_product_settings":{"layout":"default","base_unit_name":{"singular":null,"plural":null},"default_variation":null},"tiered_pricing_minimum_quantity":10,"tiered_pricing_roles_data":[],"tiered_pricing_percentage_rules":[],"tiered_pricing_maximum_quantity":null,"tiered_pricing_quantity_step":"10","_links":{"self":[{"href":"https:\/\/vapemaison.com\/es\/wp-json\/wp\/v2\/product\/16993","targetHints":{"allow":["GET"]}}],"collection":[{"href":"https:\/\/vapemaison.com\/es\/wp-json\/wp\/v2\/product"}],"about":[{"href":"https:\/\/vapemaison.com\/es\/wp-json\/wp\/v2\/types\/product"}],"replies":[{"embeddable":true,"href":"https:\/\/vapemaison.com\/es\/wp-json\/wp\/v2\/comments?post=16993"}],"version-history":[{"count":0,"href":"https:\/\/vapemaison.com\/es\/wp-json\/wp\/v2\/product\/16993\/revisions"}],"wp:featuredmedia":[{"embeddable":true,"href":"https:\/\/vapemaison.com\/es\/wp-json\/wp\/v2\/media\/17159"}],"wp:attachment":[{"href":"https:\/\/vapemaison.com\/es\/wp-json\/wp\/v2\/media?parent=16993"}],"wp:term":[{"taxonomy":"product_brand","embeddable":true,"href":"https:\/\/vapemaison.com\/es\/wp-json\/wp\/v2\/product_brand?post=16993"},{"taxonomy":"product_cat","embeddable":true,"href":"https:\/\/vapemaison.com\/es\/wp-json\/wp\/v2\/product_cat?post=16993"},{"taxonomy":"product_tag","embeddable":true,"href":"https:\/\/vapemaison.com\/es\/wp-json\/wp\/v2\/product_tag?post=16993"}],"curies":[{"name":"wp","href":"https:\/\/api.w.org\/{rel}","templated":true}]}}