

{"id":16994,"date":"2025-12-11T07:39:23","date_gmt":"2025-12-11T07:39:23","guid":{"rendered":"https:\/\/vapemaison.com\/?post_type=product&#038;p=16994"},"modified":"2025-12-22T09:26:02","modified_gmt":"2025-12-22T09:26:02","slug":"bang-36000-power-36k-puffs-vape-desechable","status":"publish","type":"product","link":"https:\/\/vapemaison.com\/es\/product\/bang-36000-power-36k-puffs-disposable-vape\/","title":{"rendered":"Bang 36000 Power Advanced 36K Puffs Vape desechable"},"content":{"rendered":"<h3 class=\"wp-block-heading\"><strong>Bang 36000 Power: control avanzado por huella dactilar, doble bobina de malla y regulaci\u00f3n de potencia personalizable.<\/strong><\/h3>\n\n\n\n<p>En <strong>Bang 36000 Potencia<\/strong> es un vapeador desechable avanzado dise\u00f1ado para vapeadores que buscan innovaci\u00f3n, control y personalizaci\u00f3n en cada calada. Ofrece hasta <strong>36.000 caladas<\/strong>, Este dispositivo de \u00faltima generaci\u00f3n garantiza un disfrute duradero y un rendimiento constante de principio a fin.<\/p>\n\n\n\n<p>Equipado con un <strong>bobina de doble malla<\/strong>, El <strong>Bang 36000 Potencia<\/strong> proporciona un vapor suave y sabroso en cada calada, mientras que el <strong>Pantalla t\u00e1ctil TFT<\/strong> y <strong>Pantalla LED<\/strong> proporcionar informaci\u00f3n actualizada en tiempo real sobre <strong>duraci\u00f3n de la bater\u00eda<\/strong> y <strong>niveles de e-l\u00edquido<\/strong>, para mantenerle informado durante su sesi\u00f3n de vapeo.<\/p>\n\n\n\n<p>La caracter\u00edstica m\u00e1s destacada de este vape es el <strong>ajuste de potencia<\/strong> que se activa con s\u00f3lo pulsar el dispositivo <strong>tres veces<\/strong>. Esto le permite adaptar su experiencia de vapeo a sus preferencias exactas, mejorando tanto la comodidad como el disfrute.<\/p>\n\n\n\n<p>Con un <strong>Bater\u00eda recargable de 850 mAh<\/strong> y <strong>Carga Tipo-C<\/strong>, El <strong>Bang 36000<\/strong> garantiza un vapeo ininterrumpido con una recarga r\u00e1pida y eficaz. El a\u00f1adido <strong>sensor de huellas dactilares<\/strong> a\u00f1ade una capa adicional de seguridad y funcionalidad moderna, convirti\u00e9ndolo en un dispositivo personal y f\u00e1cil de usar.<\/p>\n\n\n\n<p>Disponible en <strong>Concentraciones de nicotina 2%, 3% y 5%<\/strong>, y ofreciendo <strong>12 emocionantes sabores<\/strong>, El <strong>Bang 36000<\/strong> satisface una amplia gama de gustos y preferencias, garantizando una experiencia de vapeo totalmente personalizada.<\/p>\n\n\n\n<h3 class=\"wp-block-heading\"><strong>Caracter\u00edsticas principales:<\/strong><\/h3>\n\n\n\n<figure class=\"wp-block-table\"><table class=\"has-fixed-layout\"><thead><tr><th><strong>Caracter\u00edstica<\/strong><\/th><th><strong>Especificaci\u00f3n<\/strong><\/th><\/tr><\/thead><tbody><tr><td><strong>Capacidad de soplado<\/strong><\/td><td>Hasta 36.000 bocanadas<\/td><\/tr><tr><td><strong>Potencia de nicotina<\/strong><\/td><td>2%, 3%, 5%<\/td><\/tr><tr><td><strong>Tipo de bobina<\/strong><\/td><td>Bobina de malla doble<\/td><\/tr><tr><td><strong>Mostrar<\/strong><\/td><td>Pantalla t\u00e1ctil TFT y LED de niveles de bater\u00eda\/l\u00edquido<\/td><\/tr><tr><td><strong>Ajuste de potencia<\/strong><\/td><td>Regulaci\u00f3n de potencia pulsando tres veces<\/td><\/tr><tr><td><strong>Capacidad de la bater\u00eda<\/strong><\/td><td>Recargable 850mAh<\/td><\/tr><tr><td><strong>Puerto de carga<\/strong><\/td><td>Carga r\u00e1pida Tipo-C<\/td><\/tr><tr><td><strong>Elemento de seguridad<\/strong><\/td><td>Sensor de huellas dactilares<\/td><\/tr><tr><td><strong>Opciones de sabor<\/strong><\/td><td>12 sabores \u00fanicos<\/td><\/tr><\/tbody><\/table><\/figure>\n\n\n\n<h3 class=\"wp-block-heading\"><strong>Lista de sabores:<\/strong><\/h3>\n\n\n\n<ol class=\"wp-block-list\">\n<li>Mezcla de frutas<\/li>\n\n\n\n<li>Triple baya<\/li>\n\n\n\n<li>Melocot\u00f3n Mango Sand\u00eda<\/li>\n\n\n\n<li>Ar\u00e1ndano Frambuesa<\/li>\n\n\n\n<li>Hielo del Drag\u00f3n Negro<\/li>\n\n\n\n<li>Hielo de uva<\/li>\n\n\n\n<li>Hielo de ar\u00e1ndanos<\/li>\n\n\n\n<li>Sand\u00eda con fresa<\/li>\n\n\n\n<li>Fresa Pl\u00e1tano<\/li>\n\n\n\n<li>Fresa Kiwi<\/li>\n\n\n\n<li>Fresa Mango<\/li>\n\n\n\n<li>Hielo de sand\u00eda<\/li>\n<\/ol>\n\n\n\n<h3 class=\"wp-block-heading\"><strong>\u00bfPor qu\u00e9 elegir Bang 36000 Power?<\/strong><\/h3>\n\n\n\n<ul class=\"wp-block-list\">\n<li><strong>Disfrute durante mucho tiempo:<\/strong> Con hasta <strong>36.000 caladas<\/strong>, Disfrute de una experiencia de vapeo prolongada sin la molestia de tener que sustituirlos con frecuencia.<\/li>\n\n\n\n<li><strong>Producci\u00f3n de vapor mejorada:<\/strong> En <strong>bobina de doble malla<\/strong> asegura un vapor suave y rico con cada calada, proporcionando una consistencia de sabor superior.<\/li>\n\n\n\n<li><strong>Pantalla inteligente y personalizaci\u00f3n:<\/strong> En <strong>Pantalla t\u00e1ctil TFT<\/strong> y <strong>Pantalla LED<\/strong> te mantienen informado sobre los niveles de bater\u00eda y e-l\u00edquido, mientras que el <strong>ajuste de potencia<\/strong> te permite personalizar tu experiencia.<\/li>\n\n\n\n<li><strong>Seguro y c\u00f3modo:<\/strong> En <strong>sensor de huellas dactilares<\/strong> a\u00f1ade un moderno toque de seguridad, garantizando que s\u00f3lo t\u00fa puedas utilizar el dispositivo.<\/li>\n\n\n\n<li><strong>Recarga r\u00e1pida:<\/strong> En <strong>Bater\u00eda de 850 mAh<\/strong> y <strong>Carga Tipo-C<\/strong> garantizan recargas r\u00e1pidas, minimizando el tiempo de inactividad.<\/li>\n\n\n\n<li><strong>Amplia selecci\u00f3n de sabores:<\/strong> Con <strong>12 emocionantes sabores<\/strong> y distintas concentraciones de nicotina, podr\u00e1 encontrar la combinaci\u00f3n perfecta para satisfacer sus gustos.<\/li>\n<\/ul>\n\n\n\n<p>\u00bfBusca m\u00e1s opciones de vapeo premium? Visite nuestro <a href=\"https:\/\/vapemaison.com\">p\u00e1gina de inicio<\/a> para ver los \u00faltimos lanzamientos, consulte la colecci\u00f3n completa en nuestra <a href=\"https:\/\/vapemaison.com\/shop\">tienda<\/a>, o explorar otros dispositivos desde el <a href=\"https:\/\/vapemaison.com\/brand\/bang\">Marca Bang<\/a>. Tambi\u00e9n puede que le gusten los desechables de gran capacidad de <a href=\"https:\/\/vapemaison.com\/brand\/jnr\/\">JNR<\/a> o consulte todos nuestros <a href=\"https:\/\/vapemaison.com\/product-category\/puffs-count\/\">Dispositivos Puffs<\/a> para una satisfacci\u00f3n duradera.<\/p>","protected":false},"excerpt":{"rendered":"<p><span class=\"\">Experimenta la nueva generaci\u00f3n de vaporizadores con 36,<\/span><span class=\"\">000 bocanadas,<\/span> un sistema de doble bobina de malla y una exclusiva pantalla t\u00e1ctil TFT para un ajuste completo de la potencia y la seguridad de las huellas dactilares. Personaliza tu sesi\u00f3n con un control preciso y 12 sabores premium. Haz tu pedido ahora para asegurarte esta potencia de alta tecnolog\u00eda mientras duren nuestros precios de lanzamiento por tiempo limitado y nuestra oferta de env\u00edo r\u00e1pido.<\/p>","protected":false},"featured_media":17169,"comment_status":"open","ping_status":"closed","template":"","meta":[],"product_brand":[57],"product_cat":[309,16],"product_tag":[],"class_list":{"0":"post-16994","1":"product","2":"type-product","3":"status-publish","4":"has-post-thumbnail","6":"product_brand-bang","7":"product_cat-36k-puffs","8":"product_cat-uncategorized","10":"first","11":"instock","12":"sale","13":"shipping-taxable","14":"purchasable","15":"product-type-variable"},"yoast_head":"<!-- This site is optimized with the Yoast SEO plugin v27.4 - https:\/\/yoast.com\/product\/yoast-seo-wordpress\/ -->\n<title>Bang 36000 Power 36K Puffs Disposable Vape - Vapemaison<\/title>\n<meta name=\"description\" content=\"Enjoy Bang 36000 Power Vape,Features advanced power regulation, 20 flavors, and customizable nicotine options for a premium experience.\" \/>\n<meta name=\"robots\" content=\"index, follow, max-snippet:-1, max-image-preview:large, max-video-preview:-1\" \/>\n<link rel=\"canonical\" href=\"https:\/\/vapemaison.com\/es\/producto\/bang-36000-power-36k-puffs-vape-desechable\/\" \/>\n<meta property=\"og:locale\" content=\"es_ES\" \/>\n<meta property=\"og:type\" content=\"article\" \/>\n<meta property=\"og:title\" content=\"Bang 36000 Power 36K Puffs Disposable Vape - Vapemaison\" \/>\n<meta property=\"og:description\" content=\"Enjoy Bang 36000 Power Vape,Features advanced power regulation, 20 flavors, and customizable nicotine options for a premium experience.\" \/>\n<meta property=\"og:url\" content=\"https:\/\/vapemaison.com\/es\/producto\/bang-36000-power-36k-puffs-vape-desechable\/\" \/>\n<meta property=\"og:site_name\" content=\"VapeMaison\" \/>\n<meta property=\"article:modified_time\" content=\"2025-12-22T09:26:02+00:00\" \/>\n<meta property=\"og:image\" content=\"https:\/\/vapemaison.com\/wp-content\/uploads\/2025\/12\/vape-bang-36000-power-puffs-strawberry-mango.jpg.webp\" \/>\n\t<meta property=\"og:image:width\" content=\"1000\" \/>\n\t<meta property=\"og:image:height\" content=\"1000\" \/>\n\t<meta property=\"og:image:type\" content=\"image\/webp\" \/>\n<meta name=\"twitter:card\" content=\"summary_large_image\" \/>\n<meta name=\"twitter:label1\" content=\"Tiempo de lectura\" \/>\n\t<meta name=\"twitter:data1\" content=\"3 minutos\" \/>\n<!-- \/ Yoast SEO plugin. -->","yoast_head_json":{"title":"Bang 36000 Power 36K Puffs Vape Desechable - Vapemaison","description":"Enjoy Bang 36000 Power Vape, cuenta con regulaci\u00f3n de potencia avanzada, 20 sabores y opciones de nicotina personalizables para una experiencia premium.","robots":{"index":"index","follow":"follow","max-snippet":"max-snippet:-1","max-image-preview":"max-image-preview:large","max-video-preview":"max-video-preview:-1"},"canonical":"https:\/\/vapemaison.com\/es\/producto\/bang-36000-power-36k-puffs-vape-desechable\/","og_locale":"es_ES","og_type":"article","og_title":"Bang 36000 Power 36K Puffs Disposable Vape - Vapemaison","og_description":"Enjoy Bang 36000 Power Vape,Features advanced power regulation, 20 flavors, and customizable nicotine options for a premium experience.","og_url":"https:\/\/vapemaison.com\/es\/producto\/bang-36000-power-36k-puffs-vape-desechable\/","og_site_name":"VapeMaison","article_modified_time":"2025-12-22T09:26:02+00:00","og_image":[{"width":1000,"height":1000,"url":"https:\/\/vapemaison.com\/wp-content\/uploads\/2025\/12\/vape-bang-36000-power-puffs-strawberry-mango.jpg.webp","type":"image\/webp"}],"twitter_card":"summary_large_image","twitter_misc":{"Tiempo de lectura":"3 minutos"},"schema":{"@context":"https:\/\/schema.org","@graph":[{"@type":"WebPage","@id":"https:\/\/vapemaison.com\/product\/bang-36000-power-36k-puffs-disposable-vape\/","url":"https:\/\/vapemaison.com\/product\/bang-36000-power-36k-puffs-disposable-vape\/","name":"Bang 36000 Power 36K Puffs Vape Desechable - Vapemaison","isPartOf":{"@id":"https:\/\/vapemaison.com\/#website"},"primaryImageOfPage":{"@id":"https:\/\/vapemaison.com\/product\/bang-36000-power-36k-puffs-disposable-vape\/#primaryimage"},"image":{"@id":"https:\/\/vapemaison.com\/product\/bang-36000-power-36k-puffs-disposable-vape\/#primaryimage"},"thumbnailUrl":"https:\/\/vapemaison.com\/wp-content\/uploads\/2025\/12\/vape-bang-36000-power-puffs-strawberry-mango.jpg.webp","datePublished":"2025-12-11T07:39:23+00:00","dateModified":"2025-12-22T09:26:02+00:00","description":"Enjoy Bang 36000 Power Vape, cuenta con regulaci\u00f3n de potencia avanzada, 20 sabores y opciones de nicotina personalizables para una experiencia premium.","breadcrumb":{"@id":"https:\/\/vapemaison.com\/product\/bang-36000-power-36k-puffs-disposable-vape\/#breadcrumb"},"inLanguage":"es","potentialAction":[{"@type":"ReadAction","target":["https:\/\/vapemaison.com\/product\/bang-36000-power-36k-puffs-disposable-vape\/"]}]},{"@type":"ImageObject","inLanguage":"es","@id":"https:\/\/vapemaison.com\/product\/bang-36000-power-36k-puffs-disposable-vape\/#primaryimage","url":"https:\/\/vapemaison.com\/wp-content\/uploads\/2025\/12\/vape-bang-36000-power-puffs-strawberry-mango.jpg.webp","contentUrl":"https:\/\/vapemaison.com\/wp-content\/uploads\/2025\/12\/vape-bang-36000-power-puffs-strawberry-mango.jpg.webp","width":1000,"height":1000,"caption":"Vape Bang Power Puffs Strawberry Mango.jpg"},{"@type":"BreadcrumbList","@id":"https:\/\/vapemaison.com\/product\/bang-36000-power-36k-puffs-disposable-vape\/#breadcrumb","itemListElement":[{"@type":"ListItem","position":1,"name":"\u9996\u9875","item":"https:\/\/vapemaison.com\/"},{"@type":"ListItem","position":2,"name":"Shop","item":"https:\/\/vapemaison.com\/shop\/"},{"@type":"ListItem","position":3,"name":"Bang","item":"https:\/\/vapemaison.com\/brand\/bang\/"},{"@type":"ListItem","position":4,"name":"Bang 36000 Power Advanced 36K Puffs Disposable Vape"}]},{"@type":"WebSite","@id":"https:\/\/vapemaison.com\/#website","url":"https:\/\/vapemaison.com\/","name":"VapeMaison","description":"Dispositivos y accesorios premium para vapear","publisher":{"@id":"https:\/\/vapemaison.com\/#organization"},"potentialAction":[{"@type":"SearchAction","target":{"@type":"EntryPoint","urlTemplate":"https:\/\/vapemaison.com\/?s={search_term_string}"},"query-input":{"@type":"PropertyValueSpecification","valueRequired":true,"valueName":"search_term_string"}}],"inLanguage":"es"},{"@type":"Organization","@id":"https:\/\/vapemaison.com\/#organization","name":"VapeMaison","url":"https:\/\/vapemaison.com\/","logo":{"@type":"ImageObject","inLanguage":"es","@id":"https:\/\/vapemaison.com\/#\/schema\/logo\/image\/","url":"https:\/\/vapemaison.com\/wp-content\/uploads\/2026\/01\/cropped-vapemaison-logo-g-2026.webp","contentUrl":"https:\/\/vapemaison.com\/wp-content\/uploads\/2026\/01\/cropped-vapemaison-logo-g-2026.webp","width":350,"height":280,"caption":"VapeMaison"},"image":{"@id":"https:\/\/vapemaison.com\/#\/schema\/logo\/image\/"},"sameAs":["https:\/\/www.youtube.com\/@VapeMaison"]}]}},"tiered_pricing_type":"fixed","tiered_pricing_fixed_rules":{"30":"8.99","50":"8.36","100":"7.99","200":"7.24"},"tiered_pricing_product_settings":{"layout":"default","base_unit_name":{"singular":null,"plural":null},"default_variation":null},"tiered_pricing_minimum_quantity":10,"tiered_pricing_roles_data":[],"tiered_pricing_percentage_rules":[],"tiered_pricing_maximum_quantity":null,"tiered_pricing_quantity_step":"10","_links":{"self":[{"href":"https:\/\/vapemaison.com\/es\/wp-json\/wp\/v2\/product\/16994","targetHints":{"allow":["GET"]}}],"collection":[{"href":"https:\/\/vapemaison.com\/es\/wp-json\/wp\/v2\/product"}],"about":[{"href":"https:\/\/vapemaison.com\/es\/wp-json\/wp\/v2\/types\/product"}],"replies":[{"embeddable":true,"href":"https:\/\/vapemaison.com\/es\/wp-json\/wp\/v2\/comments?post=16994"}],"version-history":[{"count":0,"href":"https:\/\/vapemaison.com\/es\/wp-json\/wp\/v2\/product\/16994\/revisions"}],"wp:featuredmedia":[{"embeddable":true,"href":"https:\/\/vapemaison.com\/es\/wp-json\/wp\/v2\/media\/17169"}],"wp:attachment":[{"href":"https:\/\/vapemaison.com\/es\/wp-json\/wp\/v2\/media?parent=16994"}],"wp:term":[{"taxonomy":"product_brand","embeddable":true,"href":"https:\/\/vapemaison.com\/es\/wp-json\/wp\/v2\/product_brand?post=16994"},{"taxonomy":"product_cat","embeddable":true,"href":"https:\/\/vapemaison.com\/es\/wp-json\/wp\/v2\/product_cat?post=16994"},{"taxonomy":"product_tag","embeddable":true,"href":"https:\/\/vapemaison.com\/es\/wp-json\/wp\/v2\/product_tag?post=16994"}],"curies":[{"name":"wp","href":"https:\/\/api.w.org\/{rel}","templated":true}]}}