

{"id":17213,"date":"2025-12-12T03:02:05","date_gmt":"2025-12-12T03:02:05","guid":{"rendered":"https:\/\/vapemaison.com\/?post_type=product&#038;p=17213"},"modified":"2025-12-22T09:25:37","modified_gmt":"2025-12-22T09:25:37","slug":"bang-beach-20k-puff-vape-pod","status":"publish","type":"product","link":"https:\/\/vapemaison.com\/es\/product\/bang-beach-20k-puff-vape-pod\/","title":{"rendered":"Bang Beach 20K Puff 0% 2% 3% 5%Nicotina"},"content":{"rendered":"<p><strong>Bang Beach 20k Puff Pantalla LED Vape Pod - Premium Experiencia Vaping Desechable<\/strong><\/p>\n\n\n\n<p>En <strong>Vaporizador Bang Beach 20k Puff<\/strong> est\u00e1 dise\u00f1ado para ofrecer la mejor experiencia de vapeo, con un rendimiento y una comodidad inigualables. Con una impresionante <strong>20k puff<\/strong> por dispositivo, este vapeador desechable de gran capacidad garantiza un disfrute prolongado, lo que lo convierte en la elecci\u00f3n perfecta tanto para vapeadores ocasionales como experimentados.<\/p>\n\n\n\n<h3 class=\"wp-block-heading\"><strong>Caracter\u00edsticas principales<\/strong><\/h3>\n\n\n\n<ul class=\"wp-block-list\">\n<li><strong>Mayor uso y comodidad<\/strong>: Equipado con un <strong>Cartucho de e-l\u00edquido precargado de 35 ml<\/strong>, Bang Beach ofrece un tiempo de vaporizaci\u00f3n considerable, eliminando la necesidad de recargas frecuentes.<\/li>\n\n\n\n<li><strong>Potencias de nicotina personalizables<\/strong>: Disponible en cuatro niveles de nicotina.<strong>0%, 2%, 3% y 5%<\/strong>-la Bang Beach satisface una amplia gama de preferencias, permitiendo a los usuarios adaptar su experiencia en funci\u00f3n de su tolerancia a la nicotina.<\/li>\n\n\n\n<li><strong>Bater\u00eda de alta potencia<\/strong>: Impulsado por un <strong>Bater\u00eda recargable de 650 mAh<\/strong>, El dispositivo garantiza un rendimiento constante y fiable. El <strong>Puerto Tipo-C<\/strong> permite una recarga r\u00e1pida y eficaz, minimizando el tiempo de inactividad y mejorando la comodidad del usuario.<\/li>\n\n\n\n<li><strong>Tecnolog\u00eda de bobina de malla<\/strong>: Con un <strong>Bobina de malla 1,0<\/strong> y <strong>flujo de aire ajustable<\/strong>, Bang Beach ofrece un vapor suave y rico, personalizable a su estilo preferido de producci\u00f3n de vapor. Esta tecnolog\u00eda asegura que cada calada sea satisfactoria y llena de sabor.<\/li>\n\n\n\n<li><strong>Pantalla LED<\/strong>: El sistema integrado <strong>Pantalla LED<\/strong> ofrece informaci\u00f3n actualizada en tiempo real sobre <strong>duraci\u00f3n de la bater\u00eda<\/strong> y <strong>niveles de e-l\u00edquido<\/strong>, para que los usuarios est\u00e9n siempre informados y nunca se vean sorprendidos por un dispositivo agotado.<\/li>\n<\/ul>\n\n\n\n<h3 class=\"wp-block-heading\"><strong>Selecci\u00f3n de sabores<\/strong><\/h3>\n\n\n\n<p>Bang Beach ofrece una amplia gama de <strong>12 deliciosos sabores<\/strong>, Los sabores de la familia de los c\u00edtricos, cuidadosamente elaborados para ofrecer una experiencia de vapeo \u00fanica y placentera. Desde dulces mezclas afrutadas a refrescantes notas heladas, hay algo para satisfacer todos los paladares:<\/p>\n\n\n\n<ul class=\"wp-block-list\">\n<li>Hielo Razz Azul<\/li>\n\n\n\n<li>Ar\u00e1ndano Frambuesa<\/li>\n\n\n\n<li>Hielo de uva<\/li>\n\n\n\n<li>Melocot\u00f3n Mango<\/li>\n\n\n\n<li>Mezcla de bayas<\/li>\n\n\n\n<li>Limonada rosa<\/li>\n\n\n\n<li>Sand\u00eda con fresa<\/li>\n\n\n\n<li>Hielo de sand\u00eda<\/li>\n\n\n\n<li>Fresa helada<\/li>\n\n\n\n<li>Hielo triple de bayas<\/li>\n\n\n\n<li>Melocot\u00f3n helado<\/li>\n\n\n\n<li>Manzana \u00e1cida<\/li>\n<\/ul>\n\n\n\n<h3 class=\"wp-block-heading\"><strong>Especificaciones<\/strong><\/h3>\n\n\n\n<ul class=\"wp-block-list\">\n<li><strong>Puffs<\/strong>: Hasta <strong>20k puff<\/strong><\/li>\n\n\n\n<li><strong>Capacidad de e-l\u00edquido<\/strong>: <strong>35 ml precargados<\/strong><\/li>\n\n\n\n<li><strong>Potencia de nicotina<\/strong>: <strong>0%, 2%, 3%, 5%<\/strong><\/li>\n\n\n\n<li><strong>Bater\u00eda<\/strong>: <strong>650 mAh<\/strong> (Recargable mediante <strong>Puerto Tipo-C<\/strong>)<\/li>\n\n\n\n<li><strong>Bobina<\/strong>: <strong>Bobina de malla 1,0<\/strong> con <strong>flujo de aire ajustable<\/strong><\/li>\n\n\n\n<li><strong>Sabores disponibles<\/strong>: 12 sabores \u00fanicos<\/li>\n\n\n\n<li><strong>Tipo<\/strong>: <strong>Desechable<\/strong><\/li>\n<\/ul>\n\n\n\n<h3 class=\"wp-block-heading\"><strong>Conclusi\u00f3n<\/strong><\/h3>\n\n\n\n<p>En <strong>Bang Beach 20k Puff Pantalla LED Vape Pod<\/strong> combina rendimiento, comodidad y sabor en un dise\u00f1o elegante y ergon\u00f3mico. Tanto si eres un principiante como un vapeador experimentado, sus caracter\u00edsticas f\u00e1ciles de usar y su dise\u00f1o de alta capacidad lo convierten en la elecci\u00f3n perfecta para un vapeo duradero y agradable. Con niveles de nicotina personalizables, una bater\u00eda fiable y una gran variedad de deliciosos sabores, el Bang Beach es tu elecci\u00f3n para una experiencia de vapeo elevada.<\/p>\n\n\n\n<p><strong>\u00bfBusca m\u00e1s opciones de vapeo premium? Visite nuestro <a href=\"https:\/\/vapemaison.com\">p\u00e1gina de inicio<\/a> para ver los \u00faltimos lanzamientos, consulte la colecci\u00f3n completa en nuestra <a href=\"https:\/\/vapemaison.com\/shop\">tienda<\/a>, o explorar otros dispositivos desde el <a href=\"https:\/\/vapemaison.com\/brand\/bang\">Marca Bang<\/a>. Tambi\u00e9n puede que le gusten los desechables de gran capacidad de <a href=\"https:\/\/vapemaison.com\/brand\/jnr\/\">JNR<\/a> o consulte todos nuestros <a href=\"https:\/\/vapemaison.com\/product-category\/puffs-count\/\">Dispositivos Puffs<\/a> para una satisfacci\u00f3n duradera.<\/strong><\/p>","protected":false},"excerpt":{"rendered":"<p>Disfrute de 20.000 caladas y un dep\u00f3sito masivo de 35 ml alimentado por la tecnolog\u00eda de bobina de malla y flujo de aire ajustable para la m\u00e1xima precisi\u00f3n de sabor. Mantenga el control total con la bater\u00eda LED integrada y la pantalla de aceite, elija entre 12 sabores premium hoy para asegurar su fuerza de nicotina preferida, mientras que el stock actual y el env\u00edo prioritario est\u00e1n disponibles.<\/p>","protected":false},"featured_media":17214,"comment_status":"open","ping_status":"closed","template":"","meta":[],"product_brand":[57],"product_cat":[133],"product_tag":[],"class_list":{"0":"post-17213","1":"product","2":"type-product","3":"status-publish","4":"has-post-thumbnail","6":"product_brand-bang","7":"product_cat-20k-puffs","9":"first","10":"instock","11":"sale","12":"shipping-taxable","13":"purchasable","14":"product-type-variable"},"yoast_head":"<!-- This site is optimized with the Yoast SEO plugin v27.4 - https:\/\/yoast.com\/product\/yoast-seo-wordpress\/ -->\n<title>Bang Beach 20k Puff Vape Pod \u2013 Flavorful Disposable Vape<\/title>\n<meta name=\"description\" content=\"Enjoy up to 20k puff with the Bang Beach Vape Pod. Choose from 12 delicious flavors for a smooth, satisfying vaping experience.\" \/>\n<meta name=\"robots\" content=\"index, follow, max-snippet:-1, max-image-preview:large, max-video-preview:-1\" \/>\n<link rel=\"canonical\" href=\"https:\/\/vapemaison.com\/es\/producto\/bang-beach-20k-puff-vape-pod\/\" \/>\n<meta property=\"og:locale\" content=\"es_ES\" \/>\n<meta property=\"og:type\" content=\"article\" \/>\n<meta property=\"og:title\" content=\"Bang Beach 20k Puff Vape Pod \u2013 Flavorful Disposable Vape\" \/>\n<meta property=\"og:description\" content=\"Enjoy up to 20k puff with the Bang Beach Vape Pod. Choose from 12 delicious flavors for a smooth, satisfying vaping experience.\" \/>\n<meta property=\"og:url\" content=\"https:\/\/vapemaison.com\/es\/producto\/bang-beach-20k-puff-vape-pod\/\" \/>\n<meta property=\"og:site_name\" content=\"VapeMaison\" \/>\n<meta property=\"article:modified_time\" content=\"2025-12-22T09:25:37+00:00\" \/>\n<meta property=\"og:image\" content=\"https:\/\/vapemaison.com\/wp-content\/uploads\/2025\/12\/vape-bang-beach-20000-Puffs-bang-beach.jpg.webp\" \/>\n\t<meta property=\"og:image:width\" content=\"1000\" \/>\n\t<meta property=\"og:image:height\" content=\"1000\" \/>\n\t<meta property=\"og:image:type\" content=\"image\/webp\" \/>\n<meta name=\"twitter:card\" content=\"summary_large_image\" \/>\n<meta name=\"twitter:label1\" content=\"Tiempo de lectura\" \/>\n\t<meta name=\"twitter:data1\" content=\"3 minutos\" \/>\n<!-- \/ Yoast SEO plugin. -->","yoast_head_json":{"title":"Bang Beach 20k Puff Vape Pod - Sabroso Vape Desechable","description":"Disfruta de hasta 20k caladas con el Bang Beach Vape Pod. Elige entre 12 deliciosos sabores para una experiencia de vapeo suave y satisfactoria.","robots":{"index":"index","follow":"follow","max-snippet":"max-snippet:-1","max-image-preview":"max-image-preview:large","max-video-preview":"max-video-preview:-1"},"canonical":"https:\/\/vapemaison.com\/es\/producto\/bang-beach-20k-puff-vape-pod\/","og_locale":"es_ES","og_type":"article","og_title":"Bang Beach 20k Puff Vape Pod \u2013 Flavorful Disposable Vape","og_description":"Enjoy up to 20k puff with the Bang Beach Vape Pod. Choose from 12 delicious flavors for a smooth, satisfying vaping experience.","og_url":"https:\/\/vapemaison.com\/es\/producto\/bang-beach-20k-puff-vape-pod\/","og_site_name":"VapeMaison","article_modified_time":"2025-12-22T09:25:37+00:00","og_image":[{"width":1000,"height":1000,"url":"https:\/\/vapemaison.com\/wp-content\/uploads\/2025\/12\/vape-bang-beach-20000-Puffs-bang-beach.jpg.webp","type":"image\/webp"}],"twitter_card":"summary_large_image","twitter_misc":{"Tiempo de lectura":"3 minutos"},"schema":{"@context":"https:\/\/schema.org","@graph":[{"@type":"WebPage","@id":"https:\/\/vapemaison.com\/product\/bang-beach-20k-puff-vape-pod\/","url":"https:\/\/vapemaison.com\/product\/bang-beach-20k-puff-vape-pod\/","name":"Bang Beach 20k Puff Vape Pod - Sabroso Vape Desechable","isPartOf":{"@id":"https:\/\/vapemaison.com\/#website"},"primaryImageOfPage":{"@id":"https:\/\/vapemaison.com\/product\/bang-beach-20k-puff-vape-pod\/#primaryimage"},"image":{"@id":"https:\/\/vapemaison.com\/product\/bang-beach-20k-puff-vape-pod\/#primaryimage"},"thumbnailUrl":"https:\/\/vapemaison.com\/wp-content\/uploads\/2025\/12\/vape-bang-beach-20000-Puffs-bang-beach.jpg.webp","datePublished":"2025-12-12T03:02:05+00:00","dateModified":"2025-12-22T09:25:37+00:00","description":"Disfruta de hasta 20k caladas con el Bang Beach Vape Pod. Elige entre 12 deliciosos sabores para una experiencia de vapeo suave y satisfactoria.","breadcrumb":{"@id":"https:\/\/vapemaison.com\/product\/bang-beach-20k-puff-vape-pod\/#breadcrumb"},"inLanguage":"es","potentialAction":[{"@type":"ReadAction","target":["https:\/\/vapemaison.com\/product\/bang-beach-20k-puff-vape-pod\/"]}]},{"@type":"ImageObject","inLanguage":"es","@id":"https:\/\/vapemaison.com\/product\/bang-beach-20k-puff-vape-pod\/#primaryimage","url":"https:\/\/vapemaison.com\/wp-content\/uploads\/2025\/12\/vape-bang-beach-20000-Puffs-bang-beach.jpg.webp","contentUrl":"https:\/\/vapemaison.com\/wp-content\/uploads\/2025\/12\/vape-bang-beach-20000-Puffs-bang-beach.jpg.webp","width":1000,"height":1000,"caption":"Vape Bang Beach Puffs Beach.jpg"},{"@type":"BreadcrumbList","@id":"https:\/\/vapemaison.com\/product\/bang-beach-20k-puff-vape-pod\/#breadcrumb","itemListElement":[{"@type":"ListItem","position":1,"name":"\u9996\u9875","item":"https:\/\/vapemaison.com\/"},{"@type":"ListItem","position":2,"name":"Shop","item":"https:\/\/vapemaison.com\/shop\/"},{"@type":"ListItem","position":3,"name":"Bang","item":"https:\/\/vapemaison.com\/brand\/bang\/"},{"@type":"ListItem","position":4,"name":"Bang Beach 20K Puff 0% 2% 3% 5%Nicotine"}]},{"@type":"WebSite","@id":"https:\/\/vapemaison.com\/#website","url":"https:\/\/vapemaison.com\/","name":"VapeMaison","description":"Dispositivos y accesorios premium para vapear","publisher":{"@id":"https:\/\/vapemaison.com\/#organization"},"potentialAction":[{"@type":"SearchAction","target":{"@type":"EntryPoint","urlTemplate":"https:\/\/vapemaison.com\/?s={search_term_string}"},"query-input":{"@type":"PropertyValueSpecification","valueRequired":true,"valueName":"search_term_string"}}],"inLanguage":"es"},{"@type":"Organization","@id":"https:\/\/vapemaison.com\/#organization","name":"VapeMaison","url":"https:\/\/vapemaison.com\/","logo":{"@type":"ImageObject","inLanguage":"es","@id":"https:\/\/vapemaison.com\/#\/schema\/logo\/image\/","url":"https:\/\/vapemaison.com\/wp-content\/uploads\/2026\/01\/cropped-vapemaison-logo-g-2026.webp","contentUrl":"https:\/\/vapemaison.com\/wp-content\/uploads\/2026\/01\/cropped-vapemaison-logo-g-2026.webp","width":350,"height":280,"caption":"VapeMaison"},"image":{"@id":"https:\/\/vapemaison.com\/#\/schema\/logo\/image\/"},"sameAs":["https:\/\/www.youtube.com\/@VapeMaison"]}]}},"tiered_pricing_type":"fixed","tiered_pricing_fixed_rules":{"30":"9.45","50":"8.99","100":"8.36","200":"7.62"},"tiered_pricing_product_settings":{"layout":"default","base_unit_name":{"singular":null,"plural":null},"default_variation":null},"tiered_pricing_minimum_quantity":10,"tiered_pricing_roles_data":[],"tiered_pricing_percentage_rules":[],"tiered_pricing_maximum_quantity":null,"tiered_pricing_quantity_step":"10","_links":{"self":[{"href":"https:\/\/vapemaison.com\/es\/wp-json\/wp\/v2\/product\/17213","targetHints":{"allow":["GET"]}}],"collection":[{"href":"https:\/\/vapemaison.com\/es\/wp-json\/wp\/v2\/product"}],"about":[{"href":"https:\/\/vapemaison.com\/es\/wp-json\/wp\/v2\/types\/product"}],"replies":[{"embeddable":true,"href":"https:\/\/vapemaison.com\/es\/wp-json\/wp\/v2\/comments?post=17213"}],"version-history":[{"count":0,"href":"https:\/\/vapemaison.com\/es\/wp-json\/wp\/v2\/product\/17213\/revisions"}],"wp:featuredmedia":[{"embeddable":true,"href":"https:\/\/vapemaison.com\/es\/wp-json\/wp\/v2\/media\/17214"}],"wp:attachment":[{"href":"https:\/\/vapemaison.com\/es\/wp-json\/wp\/v2\/media?parent=17213"}],"wp:term":[{"taxonomy":"product_brand","embeddable":true,"href":"https:\/\/vapemaison.com\/es\/wp-json\/wp\/v2\/product_brand?post=17213"},{"taxonomy":"product_cat","embeddable":true,"href":"https:\/\/vapemaison.com\/es\/wp-json\/wp\/v2\/product_cat?post=17213"},{"taxonomy":"product_tag","embeddable":true,"href":"https:\/\/vapemaison.com\/es\/wp-json\/wp\/v2\/product_tag?post=17213"}],"curies":[{"name":"wp","href":"https:\/\/api.w.org\/{rel}","templated":true}]}}