

{"id":17271,"date":"2025-12-12T03:21:20","date_gmt":"2025-12-12T03:21:20","guid":{"rendered":"https:\/\/vapemaison.com\/?post_type=product&#038;p=17271"},"modified":"2025-12-22T09:24:32","modified_gmt":"2025-12-22T09:24:32","slug":"bang-beach-22k-puffs-vape-pen-desechable","status":"publish","type":"product","link":"https:\/\/vapemaison.com\/es\/product\/bang-beach-22k-puffs-vape-pen-disposable\/","title":{"rendered":"Bang Beach 22k Puffs Pantalla LED Vape Desechable"},"content":{"rendered":"<p>En <strong>Vapeador Bang Beach 22k Puffs<\/strong> ofrece una experiencia de vapeo excepcional, combinando un rendimiento duradero, niveles de nicotina personalizables y una amplia gama de deliciosos sabores. Tanto si eres un principiante como un vapeador experimentado, este vapeador desechable de gran capacidad est\u00e1 dise\u00f1ado para ofrecer una satisfacci\u00f3n constante.<\/p>\n\n\n\n<h3 class=\"wp-block-heading\"><strong>Caracter\u00edsticas principales<\/strong><\/h3>\n\n\n\n<ul class=\"wp-block-list\">\n<li><strong>Disfrute durante mucho tiempo<\/strong>: Con hasta <strong>22k bocanadas<\/strong>, Bang Beach garantiza una experiencia de vapeo prolongada y satisfactoria gracias a sus <strong>Cartucho de e-l\u00edquido precargado de 36 ml<\/strong>.<\/li>\n\n\n\n<li><strong>Potencias de nicotina personalizables<\/strong>: Elija entre <strong>0%, 2%, 3% y 5% nicotina<\/strong> para adaptarse a sus preferencias, ofreci\u00e9ndole un control total sobre su experiencia de vapeo.<\/li>\n\n\n\n<li><strong>Producci\u00f3n de vapor mejorada<\/strong>: Con un <strong>Bobina de malla 1,0<\/strong> y <strong>flujo de aire ajustable<\/strong>, Este vaporizador ofrece un vapor suave y sabroso con la opci\u00f3n de personalizar el tama\u00f1o y la intensidad de la nube.<\/li>\n\n\n\n<li><strong>Potente y recargable<\/strong>: Impulsado por un <strong>Bater\u00eda recargable de 850 mAh<\/strong>, Bang Beach garantiza un rendimiento constante durante toda su vida \u00fatil. El <strong>Puerto de carga Tipo-C<\/strong> permite una recarga r\u00e1pida y eficaz, minimizando el tiempo de inactividad.<\/li>\n\n\n\n<li><strong>Pantalla LED<\/strong>: Mant\u00e9ngase informado con la <strong>Pantalla LED<\/strong>, que muestra informaci\u00f3n actualizada en tiempo real sobre la duraci\u00f3n de la bater\u00eda y los niveles de e-l\u00edquido, para que siempre est\u00e9s listo para vapear.<\/li>\n<\/ul>\n\n\n\n<h3 class=\"wp-block-heading\"><strong>Selecci\u00f3n de sabores<\/strong><\/h3>\n\n\n\n<p>Con <strong>12 sabores \u00fanicos<\/strong>, Bang Beach ofrece algo para todos los gustos. Desde frutas refrescantes hasta mezclas dulces e indulgentes, cada opci\u00f3n est\u00e1 elaborada para proporcionar un sabor rico y satisfactorio:<\/p>\n\n\n\n<ul class=\"wp-block-list\">\n<li>Melocot\u00f3n helado<\/li>\n\n\n\n<li>Melocot\u00f3n Mango<\/li>\n\n\n\n<li>Mezcla de bayas<\/li>\n\n\n\n<li>Limonada rosa<\/li>\n\n\n\n<li>Sand\u00eda con fresa<\/li>\n\n\n\n<li>Hielo de sand\u00eda<\/li>\n\n\n\n<li>Hielo de uva<\/li>\n\n\n\n<li>Vimto<\/li>\n\n\n\n<li>Fresa helada<\/li>\n\n\n\n<li>Cereza Ar\u00e1ndano<\/li>\n\n\n\n<li>Frambuesa<\/li>\n\n\n\n<li>Manzana \u00e1cida<\/li>\n<\/ul>\n\n\n\n<h3 class=\"wp-block-heading\"><strong>Especificaciones<\/strong><\/h3>\n\n\n\n<ul class=\"wp-block-list\">\n<li><strong>Puffs<\/strong>: Hasta <strong>22k bocanadas<\/strong><\/li>\n\n\n\n<li><strong>Capacidad de e-l\u00edquido<\/strong>: <strong>36 ml precargados<\/strong><\/li>\n\n\n\n<li><strong>Potencia de nicotina<\/strong>: <strong>0%, 2%, 3%, 5%<\/strong><\/li>\n\n\n\n<li><strong>Bater\u00eda<\/strong>: <strong>850mAh<\/strong> (Recargable mediante <strong>Puerto Tipo-C<\/strong>)<\/li>\n\n\n\n<li><strong>Bobina<\/strong>: <strong>Bobina de malla 1,0<\/strong> con <strong>flujo de aire ajustable<\/strong><\/li>\n\n\n\n<li><strong>Sabores disponibles<\/strong>: <strong>12 deliciosas opciones<\/strong><\/li>\n\n\n\n<li><strong>Tipo<\/strong>: <strong>Desechable<\/strong><\/li>\n<\/ul>\n\n\n\n<h3 class=\"wp-block-heading\"><strong>Conclusi\u00f3n<\/strong><\/h3>\n\n\n\n<p>En <strong>Vapeador con pantalla LED Bang Beach 22000 Puffs<\/strong> ofrece el equilibrio perfecto entre rendimiento, sabor y comodidad. Con su gran capacidad de e-l\u00edquido, opciones de nicotina personalizables y bater\u00eda recargable, est\u00e1 dise\u00f1ado para ofrecer una experiencia de vapeo premium que dura. Elige tu sabor, personaliza la intensidad de nicotina y disfruta de caladas suaves y sabrosas en todo momento.<\/p>\n\n\n\n<p><strong>\u00bfBusca m\u00e1s opciones de vapeo premium? Visite nuestro <a href=\"https:\/\/vapemaison.com\">p\u00e1gina de inicio<\/a> para ver los \u00faltimos lanzamientos, consulte la colecci\u00f3n completa en nuestra <a href=\"https:\/\/vapemaison.com\/shop\">tienda<\/a>, o explorar otros dispositivos desde el <a href=\"https:\/\/vapemaison.com\/brand\/bang\">Marca Bang<\/a>. Tambi\u00e9n puede que le gusten los desechables de gran capacidad de <a href=\"https:\/\/vapemaison.com\/brand\/jnr\/\">JNR<\/a> o consulte todos nuestros <a href=\"https:\/\/vapemaison.com\/product-category\/puffs-count\/\">Dispositivos Puffs<\/a> para una satisfacci\u00f3n duradera.<\/strong><\/p>","protected":false},"excerpt":{"rendered":"<div id=\"model-response-message-contentr_4e64e8fee7e2056a\" class=\"markdown markdown-main-panel stronger enable-updated-hr-color\" dir=\"ltr\" aria-live=\"polite\" aria-busy=\"false\">\n<p data-path-to-node=\"0\">Disfruta de 22.000 caladas y un enorme dep\u00f3sito de 36 ml con una bobina de malla 1.0 y flujo de aire ajustable para obtener la nube personalizada definitiva. Controla tus niveles de bater\u00eda y e-l\u00edquido en tiempo real con la pantalla LED inteligente, selecciona tu concentraci\u00f3n de nicotina ahora para asegurarte este modelo de alta capacidad mientras haya stock y env\u00edo r\u00e1pido.<\/p>\n<\/div>","protected":false},"featured_media":17275,"comment_status":"open","ping_status":"closed","template":"","meta":[],"product_brand":[57],"product_cat":[16],"product_tag":[],"class_list":{"0":"post-17271","1":"product","2":"type-product","3":"status-publish","4":"has-post-thumbnail","6":"product_brand-bang","7":"product_cat-uncategorized","9":"first","10":"instock","11":"sale","12":"shipping-taxable","13":"purchasable","14":"product-type-variable"},"yoast_head":"<!-- This site is optimized with the Yoast SEO plugin v27.4 - https:\/\/yoast.com\/product\/yoast-seo-wordpress\/ -->\n<title>Bang Beach 22k Puffs Vape Pen Disposable with LED Display - VapeMaison<\/title>\n<meta name=\"description\" content=\"Enjoy 22k puffs with the Bang Beach Vape Pen. 36ml e-liquid, adjustable airflow,and customizable nicotine strength for a longer, satisfying vape.\" \/>\n<meta name=\"robots\" content=\"index, follow, max-snippet:-1, max-image-preview:large, max-video-preview:-1\" \/>\n<link rel=\"canonical\" href=\"https:\/\/vapemaison.com\/es\/producto\/bang-beach-22k-puffs-vape-pen-desechable\/\" \/>\n<meta property=\"og:locale\" content=\"es_ES\" \/>\n<meta property=\"og:type\" content=\"article\" \/>\n<meta property=\"og:title\" content=\"Bang Beach 22k Puffs Vape Pen Disposable with LED Display - VapeMaison\" \/>\n<meta property=\"og:description\" content=\"Enjoy 22k puffs with the Bang Beach Vape Pen. 36ml e-liquid, adjustable airflow,and customizable nicotine strength for a longer, satisfying vape.\" \/>\n<meta property=\"og:url\" content=\"https:\/\/vapemaison.com\/es\/producto\/bang-beach-22k-puffs-vape-pen-desechable\/\" \/>\n<meta property=\"og:site_name\" content=\"VapeMaison\" \/>\n<meta property=\"article:modified_time\" content=\"2025-12-22T09:24:32+00:00\" \/>\n<meta property=\"og:image\" content=\"https:\/\/vapemaison.com\/wp-content\/uploads\/2025\/12\/bang-beach-22000-puff-vapes-mixed-berry.webp\" \/>\n\t<meta property=\"og:image:width\" content=\"1500\" \/>\n\t<meta property=\"og:image:height\" content=\"1500\" \/>\n\t<meta property=\"og:image:type\" content=\"image\/webp\" \/>\n<meta name=\"twitter:card\" content=\"summary_large_image\" \/>\n<meta name=\"twitter:label1\" content=\"Tiempo de lectura\" \/>\n\t<meta name=\"twitter:data1\" content=\"2 minutos\" \/>\n<!-- \/ Yoast SEO plugin. -->","yoast_head_json":{"title":"Vapeador desechable Bang Beach 22k Puffs con pantalla LED - VapeMaison","description":"Disfruta de 22k caladas con el vaporizador Bang Beach. 36ml e-l\u00edquido, flujo de aire ajustable, y la fuerza de nicotina personalizable para un vape m\u00e1s largo y satisfactorio.","robots":{"index":"index","follow":"follow","max-snippet":"max-snippet:-1","max-image-preview":"max-image-preview:large","max-video-preview":"max-video-preview:-1"},"canonical":"https:\/\/vapemaison.com\/es\/producto\/bang-beach-22k-puffs-vape-pen-desechable\/","og_locale":"es_ES","og_type":"article","og_title":"Bang Beach 22k Puffs Vape Pen Disposable with LED Display - VapeMaison","og_description":"Enjoy 22k puffs with the Bang Beach Vape Pen. 36ml e-liquid, adjustable airflow,and customizable nicotine strength for a longer, satisfying vape.","og_url":"https:\/\/vapemaison.com\/es\/producto\/bang-beach-22k-puffs-vape-pen-desechable\/","og_site_name":"VapeMaison","article_modified_time":"2025-12-22T09:24:32+00:00","og_image":[{"width":1500,"height":1500,"url":"https:\/\/vapemaison.com\/wp-content\/uploads\/2025\/12\/bang-beach-22000-puff-vapes-mixed-berry.webp","type":"image\/webp"}],"twitter_card":"summary_large_image","twitter_misc":{"Tiempo de lectura":"2 minutos"},"schema":{"@context":"https:\/\/schema.org","@graph":[{"@type":"WebPage","@id":"https:\/\/vapemaison.com\/product\/bang-beach-22k-puffs-vape-pen-disposable\/","url":"https:\/\/vapemaison.com\/product\/bang-beach-22k-puffs-vape-pen-disposable\/","name":"Vapeador desechable Bang Beach 22k Puffs con pantalla LED - VapeMaison","isPartOf":{"@id":"https:\/\/vapemaison.com\/#website"},"primaryImageOfPage":{"@id":"https:\/\/vapemaison.com\/product\/bang-beach-22k-puffs-vape-pen-disposable\/#primaryimage"},"image":{"@id":"https:\/\/vapemaison.com\/product\/bang-beach-22k-puffs-vape-pen-disposable\/#primaryimage"},"thumbnailUrl":"https:\/\/vapemaison.com\/wp-content\/uploads\/2025\/12\/bang-beach-22000-puff-vapes-mixed-berry.webp","datePublished":"2025-12-12T03:21:20+00:00","dateModified":"2025-12-22T09:24:32+00:00","description":"Disfruta de 22k caladas con el vaporizador Bang Beach. 36ml e-l\u00edquido, flujo de aire ajustable, y la fuerza de nicotina personalizable para un vape m\u00e1s largo y satisfactorio.","breadcrumb":{"@id":"https:\/\/vapemaison.com\/product\/bang-beach-22k-puffs-vape-pen-disposable\/#breadcrumb"},"inLanguage":"es","potentialAction":[{"@type":"ReadAction","target":["https:\/\/vapemaison.com\/product\/bang-beach-22k-puffs-vape-pen-disposable\/"]}]},{"@type":"ImageObject","inLanguage":"es","@id":"https:\/\/vapemaison.com\/product\/bang-beach-22k-puffs-vape-pen-disposable\/#primaryimage","url":"https:\/\/vapemaison.com\/wp-content\/uploads\/2025\/12\/bang-beach-22000-puff-vapes-mixed-berry.webp","contentUrl":"https:\/\/vapemaison.com\/wp-content\/uploads\/2025\/12\/bang-beach-22000-puff-vapes-mixed-berry.webp","width":1500,"height":1500,"caption":"Bang Beach Puff Vapes Mixed Berry"},{"@type":"BreadcrumbList","@id":"https:\/\/vapemaison.com\/product\/bang-beach-22k-puffs-vape-pen-disposable\/#breadcrumb","itemListElement":[{"@type":"ListItem","position":1,"name":"\u9996\u9875","item":"https:\/\/vapemaison.com\/"},{"@type":"ListItem","position":2,"name":"Shop","item":"https:\/\/vapemaison.com\/shop\/"},{"@type":"ListItem","position":3,"name":"Bang","item":"https:\/\/vapemaison.com\/brand\/bang\/"},{"@type":"ListItem","position":4,"name":"Bang Beach 22k Puffs LED Display Disposable Vape"}]},{"@type":"WebSite","@id":"https:\/\/vapemaison.com\/#website","url":"https:\/\/vapemaison.com\/","name":"VapeMaison","description":"Dispositivos y accesorios premium para vapear","publisher":{"@id":"https:\/\/vapemaison.com\/#organization"},"potentialAction":[{"@type":"SearchAction","target":{"@type":"EntryPoint","urlTemplate":"https:\/\/vapemaison.com\/?s={search_term_string}"},"query-input":{"@type":"PropertyValueSpecification","valueRequired":true,"valueName":"search_term_string"}}],"inLanguage":"es"},{"@type":"Organization","@id":"https:\/\/vapemaison.com\/#organization","name":"VapeMaison","url":"https:\/\/vapemaison.com\/","logo":{"@type":"ImageObject","inLanguage":"es","@id":"https:\/\/vapemaison.com\/#\/schema\/logo\/image\/","url":"https:\/\/vapemaison.com\/wp-content\/uploads\/2026\/01\/cropped-vapemaison-logo-g-2026.webp","contentUrl":"https:\/\/vapemaison.com\/wp-content\/uploads\/2026\/01\/cropped-vapemaison-logo-g-2026.webp","width":350,"height":280,"caption":"VapeMaison"},"image":{"@id":"https:\/\/vapemaison.com\/#\/schema\/logo\/image\/"},"sameAs":["https:\/\/www.youtube.com\/@VapeMaison"]}]}},"tiered_pricing_type":"fixed","tiered_pricing_fixed_rules":{"30":"9.99","50":"9.42","100":"8.85","200":"8.21"},"tiered_pricing_product_settings":{"layout":"default","base_unit_name":{"singular":null,"plural":null},"default_variation":null},"tiered_pricing_minimum_quantity":10,"tiered_pricing_roles_data":[],"tiered_pricing_percentage_rules":[],"tiered_pricing_maximum_quantity":null,"tiered_pricing_quantity_step":"10","_links":{"self":[{"href":"https:\/\/vapemaison.com\/es\/wp-json\/wp\/v2\/product\/17271","targetHints":{"allow":["GET"]}}],"collection":[{"href":"https:\/\/vapemaison.com\/es\/wp-json\/wp\/v2\/product"}],"about":[{"href":"https:\/\/vapemaison.com\/es\/wp-json\/wp\/v2\/types\/product"}],"replies":[{"embeddable":true,"href":"https:\/\/vapemaison.com\/es\/wp-json\/wp\/v2\/comments?post=17271"}],"version-history":[{"count":0,"href":"https:\/\/vapemaison.com\/es\/wp-json\/wp\/v2\/product\/17271\/revisions"}],"wp:featuredmedia":[{"embeddable":true,"href":"https:\/\/vapemaison.com\/es\/wp-json\/wp\/v2\/media\/17275"}],"wp:attachment":[{"href":"https:\/\/vapemaison.com\/es\/wp-json\/wp\/v2\/media?parent=17271"}],"wp:term":[{"taxonomy":"product_brand","embeddable":true,"href":"https:\/\/vapemaison.com\/es\/wp-json\/wp\/v2\/product_brand?post=17271"},{"taxonomy":"product_cat","embeddable":true,"href":"https:\/\/vapemaison.com\/es\/wp-json\/wp\/v2\/product_cat?post=17271"},{"taxonomy":"product_tag","embeddable":true,"href":"https:\/\/vapemaison.com\/es\/wp-json\/wp\/v2\/product_tag?post=17271"}],"curies":[{"name":"wp","href":"https:\/\/api.w.org\/{rel}","templated":true}]}}