

{"id":17293,"date":"2025-12-12T03:46:36","date_gmt":"2025-12-12T03:46:36","guid":{"rendered":"https:\/\/vapemaison.com\/?post_type=product&#038;p=17293"},"modified":"2025-12-22T09:23:53","modified_gmt":"2025-12-22T09:23:53","slug":"bang-crown-bar-18000-puffs-vape-desechable","status":"publish","type":"product","link":"https:\/\/vapemaison.com\/es\/product\/bang-crown-bar-18000-puffs-disposable-vape\/","title":{"rendered":"Bang Crown Bar 18000 Puffs 0% 2% 3% 5% Nicotina Vape Desechable"},"content":{"rendered":"<p>En <strong>Bang Crown Bar 18000 Puffs<\/strong> El Vape Pen desechable ofrece hasta <strong>18.000 bocanadas<\/strong> para una experiencia de vapeo prolongada y satisfactoria. Cuenta con un <strong>Cartucho de e-l\u00edquido precargado de 20 ml<\/strong> y un <strong>Bater\u00eda recargable de 650 mAh<\/strong> con carga Type-C para mayor comodidad. Personaliza tu experiencia con potencias de nicotina de <strong>0%, 2%, 3% y 5% Sal de nicotina<\/strong>, y disfruta de un vapor suave y sabroso gracias al <strong>Bobina de malla de 0,6ohm<\/strong> y <strong>flujo de aire ajustable<\/strong>. Con <strong>16 sabores \u00fanicos<\/strong>, El Bang CrownBar tiene algo para todos los paladares.<\/p>\n\n\n\n<h3 class=\"wp-block-heading\"><strong>Caracter\u00edsticas principales<\/strong><\/h3>\n\n\n\n<ul class=\"wp-block-list\">\n<li><strong>Puffs<\/strong>: Hasta <strong>18.000 bocanadas<\/strong><\/li>\n\n\n\n<li><strong>Capacidad de e-l\u00edquido<\/strong>: <strong>20 ml precargados<\/strong><\/li>\n\n\n\n<li><strong>Opciones de nicotina<\/strong>: <strong>0%, 2%, 3%, 5% Sal de nicotina<\/strong><\/li>\n\n\n\n<li><strong>Bater\u00eda<\/strong>: <strong>650 mAh<\/strong> recargable, puerto Type-C<\/li>\n\n\n\n<li><strong>Bobina<\/strong>: <strong>Bobina de malla de 0,6ohm<\/strong> con <strong>flujo de aire ajustable<\/strong><\/li>\n\n\n\n<li><strong>Sabores<\/strong>: <strong>16 opciones diversas<\/strong><\/li>\n<\/ul>\n\n\n\n<h3 class=\"wp-block-heading\">Bang Crown Bar <strong>Lista de sabores<\/strong><\/h3>\n\n\n\n<ul class=\"wp-block-list\">\n<li>Melocot\u00f3n Mango<\/li>\n\n\n\n<li>Manzana \u00e1cida<\/li>\n\n\n\n<li>Uva<\/li>\n\n\n\n<li>Sangre de tigre<\/li>\n\n\n\n<li>Ar\u00e1ndano Frambuesa<\/li>\n\n\n\n<li>Uvas de ar\u00e1ndano<\/li>\n\n\n\n<li>Frutas variadas<\/li>\n\n\n\n<li>Sand\u00eda con fresa<\/li>\n\n\n\n<li>Fresa Kiwi<\/li>\n\n\n\n<li>Fresa Mango<\/li>\n\n\n\n<li>Pi\u00f1a Coco<\/li>\n\n\n\n<li>Hielo de menta<\/li>\n\n\n\n<li>Sand\u00eda<\/li>\n\n\n\n<li>Hielo de ar\u00e1ndanos<\/li>\n\n\n\n<li>Melocot\u00f3n helado<\/li>\n\n\n\n<li>Chicle de sand\u00eda<\/li>\n<\/ul>\n\n\n\n<p>\u00bfBusca m\u00e1s opciones de vapeo premium? Visite nuestro <a href=\"https:\/\/vapemaison.com\">p\u00e1gina de inicio<\/a> para ver los \u00faltimos lanzamientos, consulte la colecci\u00f3n completa en nuestra <a href=\"https:\/\/vapemaison.com\/shop\">tienda<\/a>, o explorar otros dispositivos desde el <a href=\"https:\/\/vapemaison.com\/brand\/bang\">Marca Bang<\/a>. Tambi\u00e9n puede que le gusten los desechables de gran capacidad de <a href=\"https:\/\/vapemaison.com\/brand\/jnr\/\">JNR<\/a> o consulte todos nuestros <a href=\"https:\/\/vapemaison.com\/product-category\/puffs-count\/\">Dispositivos Puffs<\/a> para una satisfacci\u00f3n duradera.<\/p>\n\n\n\n<p><\/p>","protected":false},"excerpt":{"rendered":"<p><span class=\"\">Experiencia 18,<\/span><span class=\"\">000 bocanadas premium con un 0.<\/span>Bobina de malla de 6ohm y flujo de aire ajustable dise\u00f1ados para el m\u00e1ximo control de sabor y vapor suave. Con 20 ml de e-l\u00edquido y un puerto Type-C de carga r\u00e1pida, este dispositivo est\u00e1 construido para la m\u00e1xima resistencia - ordene el suyo hoy para asegurar su sabor favorito y tomar ventaja de nuestra garant\u00eda de env\u00edo r\u00e1pido actual.<\/p>","protected":false},"featured_media":17298,"comment_status":"open","ping_status":"closed","template":"","meta":[],"product_brand":[57],"product_cat":[175],"product_tag":[],"class_list":{"0":"post-17293","1":"product","2":"type-product","3":"status-publish","4":"has-post-thumbnail","6":"product_brand-bang","7":"product_cat-18k-puffs","9":"first","10":"instock","11":"sale","12":"shipping-taxable","13":"purchasable","14":"product-type-variable"},"yoast_head":"<!-- This site is optimized with the Yoast SEO plugin v27.4 - https:\/\/yoast.com\/product\/yoast-seo-wordpress\/ -->\n<title>Bang Crown Bar 18000 Puffs Disposable Vape Flavorful Vaping - VapeMaison<\/title>\n<meta name=\"description\" content=\"Enjoy 18000 puffs with the Bang Crown Bar Vape,and 16 flavors. Customize your nicotine level and vape longer with its rechargeable battery.\" \/>\n<meta name=\"robots\" content=\"index, follow, max-snippet:-1, max-image-preview:large, max-video-preview:-1\" \/>\n<link rel=\"canonical\" href=\"https:\/\/vapemaison.com\/es\/producto\/bang-crown-bar-18000-puffs-vape-desechable\/\" \/>\n<meta property=\"og:locale\" content=\"es_ES\" \/>\n<meta property=\"og:type\" content=\"article\" \/>\n<meta property=\"og:title\" content=\"Bang Crown Bar 18000 Puffs Disposable Vape Flavorful Vaping - VapeMaison\" \/>\n<meta property=\"og:description\" content=\"Enjoy 18000 puffs with the Bang Crown Bar Vape,and 16 flavors. Customize your nicotine level and vape longer with its rechargeable battery.\" \/>\n<meta property=\"og:url\" content=\"https:\/\/vapemaison.com\/es\/producto\/bang-crown-bar-18000-puffs-vape-desechable\/\" \/>\n<meta property=\"og:site_name\" content=\"VapeMaison\" \/>\n<meta property=\"article:modified_time\" content=\"2025-12-22T09:23:53+00:00\" \/>\n<meta property=\"og:image\" content=\"https:\/\/vapemaison.com\/wp-content\/uploads\/2025\/12\/vape-bang-crown-bar-18000-puff-5.webp\" \/>\n\t<meta property=\"og:image:width\" content=\"654\" \/>\n\t<meta property=\"og:image:height\" content=\"690\" \/>\n\t<meta property=\"og:image:type\" content=\"image\/webp\" \/>\n<meta name=\"twitter:card\" content=\"summary_large_image\" \/>\n<meta name=\"twitter:label1\" content=\"Tiempo de lectura\" \/>\n\t<meta name=\"twitter:data1\" content=\"2 minutos\" \/>\n<!-- \/ Yoast SEO plugin. -->","yoast_head_json":{"title":"Bang Crown Bar 18000 Puffs Vape Desechable Vaping Sabroso - VapeMaison","description":"Disfruta de 18000 caladas con el Bang Crown Bar Vape,y 16 sabores. Personaliza tu nivel de nicotina y vapea m\u00e1s tiempo con su bater\u00eda recargable.","robots":{"index":"index","follow":"follow","max-snippet":"max-snippet:-1","max-image-preview":"max-image-preview:large","max-video-preview":"max-video-preview:-1"},"canonical":"https:\/\/vapemaison.com\/es\/producto\/bang-crown-bar-18000-puffs-vape-desechable\/","og_locale":"es_ES","og_type":"article","og_title":"Bang Crown Bar 18000 Puffs Disposable Vape Flavorful Vaping - VapeMaison","og_description":"Enjoy 18000 puffs with the Bang Crown Bar Vape,and 16 flavors. Customize your nicotine level and vape longer with its rechargeable battery.","og_url":"https:\/\/vapemaison.com\/es\/producto\/bang-crown-bar-18000-puffs-vape-desechable\/","og_site_name":"VapeMaison","article_modified_time":"2025-12-22T09:23:53+00:00","og_image":[{"width":654,"height":690,"url":"https:\/\/vapemaison.com\/wp-content\/uploads\/2025\/12\/vape-bang-crown-bar-18000-puff-5.webp","type":"image\/webp"}],"twitter_card":"summary_large_image","twitter_misc":{"Tiempo de lectura":"2 minutos"},"schema":{"@context":"https:\/\/schema.org","@graph":[{"@type":"WebPage","@id":"https:\/\/vapemaison.com\/product\/bang-crown-bar-18000-puffs-disposable-vape\/","url":"https:\/\/vapemaison.com\/product\/bang-crown-bar-18000-puffs-disposable-vape\/","name":"Bang Crown Bar 18000 Puffs Vape Desechable Vaping Sabroso - VapeMaison","isPartOf":{"@id":"https:\/\/vapemaison.com\/#website"},"primaryImageOfPage":{"@id":"https:\/\/vapemaison.com\/product\/bang-crown-bar-18000-puffs-disposable-vape\/#primaryimage"},"image":{"@id":"https:\/\/vapemaison.com\/product\/bang-crown-bar-18000-puffs-disposable-vape\/#primaryimage"},"thumbnailUrl":"https:\/\/vapemaison.com\/wp-content\/uploads\/2025\/12\/vape-bang-crown-bar-18000-puff-5.webp","datePublished":"2025-12-12T03:46:36+00:00","dateModified":"2025-12-22T09:23:53+00:00","description":"Disfruta de 18000 caladas con el Bang Crown Bar Vape,y 16 sabores. Personaliza tu nivel de nicotina y vapea m\u00e1s tiempo con su bater\u00eda recargable.","breadcrumb":{"@id":"https:\/\/vapemaison.com\/product\/bang-crown-bar-18000-puffs-disposable-vape\/#breadcrumb"},"inLanguage":"es","potentialAction":[{"@type":"ReadAction","target":["https:\/\/vapemaison.com\/product\/bang-crown-bar-18000-puffs-disposable-vape\/"]}]},{"@type":"ImageObject","inLanguage":"es","@id":"https:\/\/vapemaison.com\/product\/bang-crown-bar-18000-puffs-disposable-vape\/#primaryimage","url":"https:\/\/vapemaison.com\/wp-content\/uploads\/2025\/12\/vape-bang-crown-bar-18000-puff-5.webp","contentUrl":"https:\/\/vapemaison.com\/wp-content\/uploads\/2025\/12\/vape-bang-crown-bar-18000-puff-5.webp","width":654,"height":690,"caption":"Vape Bang Crown Bar Puff detail 2"},{"@type":"BreadcrumbList","@id":"https:\/\/vapemaison.com\/product\/bang-crown-bar-18000-puffs-disposable-vape\/#breadcrumb","itemListElement":[{"@type":"ListItem","position":1,"name":"\u9996\u9875","item":"https:\/\/vapemaison.com\/"},{"@type":"ListItem","position":2,"name":"Shop","item":"https:\/\/vapemaison.com\/shop\/"},{"@type":"ListItem","position":3,"name":"Bang","item":"https:\/\/vapemaison.com\/brand\/bang\/"},{"@type":"ListItem","position":4,"name":"Bang Crown Bar 18000 Puffs 0% 2% 3% 5% Nicotine Disposable Vape"}]},{"@type":"WebSite","@id":"https:\/\/vapemaison.com\/#website","url":"https:\/\/vapemaison.com\/","name":"VapeMaison","description":"Dispositivos y accesorios premium para vapear","publisher":{"@id":"https:\/\/vapemaison.com\/#organization"},"potentialAction":[{"@type":"SearchAction","target":{"@type":"EntryPoint","urlTemplate":"https:\/\/vapemaison.com\/?s={search_term_string}"},"query-input":{"@type":"PropertyValueSpecification","valueRequired":true,"valueName":"search_term_string"}}],"inLanguage":"es"},{"@type":"Organization","@id":"https:\/\/vapemaison.com\/#organization","name":"VapeMaison","url":"https:\/\/vapemaison.com\/","logo":{"@type":"ImageObject","inLanguage":"es","@id":"https:\/\/vapemaison.com\/#\/schema\/logo\/image\/","url":"https:\/\/vapemaison.com\/wp-content\/uploads\/2026\/01\/cropped-vapemaison-logo-g-2026.webp","contentUrl":"https:\/\/vapemaison.com\/wp-content\/uploads\/2026\/01\/cropped-vapemaison-logo-g-2026.webp","width":350,"height":280,"caption":"VapeMaison"},"image":{"@id":"https:\/\/vapemaison.com\/#\/schema\/logo\/image\/"},"sameAs":["https:\/\/www.youtube.com\/@VapeMaison"]}]}},"tiered_pricing_type":"fixed","tiered_pricing_fixed_rules":{"30":"7.99","50":"7.36","100":"6.87","200":"9.24"},"tiered_pricing_product_settings":{"layout":"default","base_unit_name":{"singular":null,"plural":null},"default_variation":null},"tiered_pricing_minimum_quantity":10,"tiered_pricing_roles_data":[],"tiered_pricing_percentage_rules":[],"tiered_pricing_maximum_quantity":null,"tiered_pricing_quantity_step":"10","_links":{"self":[{"href":"https:\/\/vapemaison.com\/es\/wp-json\/wp\/v2\/product\/17293","targetHints":{"allow":["GET"]}}],"collection":[{"href":"https:\/\/vapemaison.com\/es\/wp-json\/wp\/v2\/product"}],"about":[{"href":"https:\/\/vapemaison.com\/es\/wp-json\/wp\/v2\/types\/product"}],"replies":[{"embeddable":true,"href":"https:\/\/vapemaison.com\/es\/wp-json\/wp\/v2\/comments?post=17293"}],"version-history":[{"count":0,"href":"https:\/\/vapemaison.com\/es\/wp-json\/wp\/v2\/product\/17293\/revisions"}],"wp:featuredmedia":[{"embeddable":true,"href":"https:\/\/vapemaison.com\/es\/wp-json\/wp\/v2\/media\/17298"}],"wp:attachment":[{"href":"https:\/\/vapemaison.com\/es\/wp-json\/wp\/v2\/media?parent=17293"}],"wp:term":[{"taxonomy":"product_brand","embeddable":true,"href":"https:\/\/vapemaison.com\/es\/wp-json\/wp\/v2\/product_brand?post=17293"},{"taxonomy":"product_cat","embeddable":true,"href":"https:\/\/vapemaison.com\/es\/wp-json\/wp\/v2\/product_cat?post=17293"},{"taxonomy":"product_tag","embeddable":true,"href":"https:\/\/vapemaison.com\/es\/wp-json\/wp\/v2\/product_tag?post=17293"}],"curies":[{"name":"wp","href":"https:\/\/api.w.org\/{rel}","templated":true}]}}