

{"id":17356,"date":"2025-12-12T05:54:19","date_gmt":"2025-12-12T05:54:19","guid":{"rendered":"https:\/\/vapemaison.com\/?post_type=product&#038;p=17356"},"modified":"2026-02-10T09:20:49","modified_gmt":"2026-02-10T09:20:49","slug":"bang-30000-caladas-doble-sabor-vape-desechable","status":"publish","type":"product","link":"https:\/\/vapemaison.com\/es\/product\/bang-30000-puffs-double-taste-disposable-vape\/","title":{"rendered":"Bang 30000 30k Puffs 0%% 3% 5% Ncotine Vap Desechable"},"content":{"rendered":"<p>En <strong>Bang 30000 Puffs Doble Sabor Vape Desechable<\/strong> ofrece una experiencia de vapeo premium con hasta <strong>30000 bocanadas<\/strong>. Con un <strong>Capacidad de 36 ml de e-l\u00edquido<\/strong> y un <strong>Bobina de malla de 1,0ohm<\/strong>, Este dispositivo asegura un vapor suave y consistente con un sabor mejorado. Elija entre <strong>0%, 2%, 3% o 5% nicotina<\/strong> para una experiencia personalizada. En <strong>Bater\u00eda recargable de 550 mAh<\/strong> y <strong>Carga Tipo-C<\/strong> proporcionan una alimentaci\u00f3n eficiente y una recarga r\u00e1pida, minimizando el tiempo de inactividad. Su <strong>Pantalla digital LCD<\/strong> te mantiene informado de los niveles de bater\u00eda y e-l\u00edquido, mientras que el <strong>Doble Sabor<\/strong> te permite alternar entre dos excitantes sabores, haciendo que cada sesi\u00f3n sea \u00fanica.<\/p>\n\n\n\n<h3 class=\"wp-block-heading\">Bang 30000 <strong>Caracter\u00edsticas principales<\/strong><\/h3>\n\n\n\n<ul class=\"wp-block-list\">\n<li><strong>Capacidad de e-l\u00edquido<\/strong>: <strong>36 ml precargados<\/strong><\/li>\n\n\n\n<li><strong>Opciones de nicotina<\/strong>: <strong>2%, 3%, 5% Nicotina<\/strong><\/li>\n\n\n\n<li><strong>Bobina<\/strong>: <strong>Bobina de malla de 1,0ohm<\/strong> para un vapor suave<\/li>\n\n\n\n<li><strong>Bater\u00eda<\/strong>: <strong>550 mAh recargable<\/strong>, Puerto Tipo-C<\/li>\n\n\n\n<li><strong>Mostrar<\/strong>: <strong>Pantalla digital LCD<\/strong> para conocer el estado de la bater\u00eda y el e-l\u00edquido<\/li>\n\n\n\n<li><strong>Doble Sabor<\/strong>: Cambia entre dos sabores<\/li>\n<\/ul>\n\n\n\n<h3 class=\"wp-block-heading\"><strong>Lista de sabores<\/strong><\/h3>\n\n\n\n<ul class=\"wp-block-list\">\n<li>Hielo de sand\u00eda y menta con ar\u00e1ndanos<\/li>\n\n\n\n<li>Sand\u00eda Helada &amp; Fresa Mango<\/li>\n\n\n\n<li>Fresa Sand\u00eda y Kiwi Fruta de la Pasi\u00f3n Guayaba<\/li>\n\n\n\n<li>Hielo de fresa, sand\u00eda y uva<\/li>\n\n\n\n<li>Hielo de ar\u00e1ndano y hielo de drag\u00f3n negro<\/li>\n\n\n\n<li>Hielo de ar\u00e1ndanos y pl\u00e1tano con fresa<\/li>\n\n\n\n<li>Red Bull y sand\u00eda con ar\u00e1ndanos<\/li>\n\n\n\n<li>Red Bull y caramelos de burbujas de sand\u00eda<\/li>\n\n\n\n<li>Ar\u00e1ndano Frambuesa y Melocot\u00f3n Mango Sand\u00eda<\/li>\n\n\n\n<li>Frambuesa con ar\u00e1ndanos y mezcla de frutas enmohecidas<\/li>\n\n\n\n<li>Helado de fresa, kiwi y melocot\u00f3n<\/li>\n\n\n\n<li>Fresa Kiwi &amp; Manzana \u00e1cida Frambuesa<\/li>\n<\/ul>\n\n\n\n<p>Los fans de los productos Bang suelen explorar toda nuestra gama para encontrar su vaporizador perfecto. Empieza por el <a href=\"https:\/\/vapemaison.com\">p\u00e1gina de inicio<\/a>, Descubra todos los productos de nuestra <a href=\"https:\/\/vapemaison.com\/shop\">tienda<\/a>, o sum\u00e9rgete en el <a href=\"https:\/\/vapemaison.com\/brand\/bang\">Marca Bang<\/a> para ver el programa completo. \u00bfBusca algo diferente? Visite <a href=\"https:\/\/vapemaison.com\/brand\/waspe\">Colecci\u00f3n WASPE<\/a> y <a href=\"https:\/\/vapemaison.com\/product-category\/puffs-count\/\">Categor\u00eda Puffs<\/a> tienen muchas opciones para cada vaper.<\/p>","protected":false},"excerpt":{"rendered":"<p>Experimenta un nuevo est\u00e1ndar de resistencia con unas incre\u00edbles 30.000 caladas y un dep\u00f3sito de gran capacidad dise\u00f1ado para una satisfacci\u00f3n duradera y sin complicaciones. Disponible en varias concentraciones de nicotina para adaptarse a sus preferencias, esta potencia garantiza un sabor constante desde la primera calada hasta la \u00faltima.<\/p>\n<p>&nbsp;<\/p>","protected":false},"featured_media":17360,"comment_status":"open","ping_status":"closed","template":"","meta":[],"product_brand":[57],"product_cat":[134],"product_tag":[],"class_list":{"0":"post-17356","1":"product","2":"type-product","3":"status-publish","4":"has-post-thumbnail","6":"product_brand-bang","7":"product_cat-30k-puffs","9":"first","10":"instock","11":"sale","12":"shipping-taxable","13":"purchasable","14":"product-type-variable"},"yoast_head":"<!-- This site is optimized with the Yoast SEO plugin v27.4 - https:\/\/yoast.com\/product\/yoast-seo-wordpress\/ -->\n<title>Bang 30000 Puffs Double Taste Disposable Vape | LCD Display - VapeMaison<\/title>\n<meta name=\"description\" content=\"Enjoy 30000 puffs with the Bang 30000 Vape. Featuring a dual-flavor system. Customize your nicotine and vape longer with a rechargeable battery.\" \/>\n<meta name=\"robots\" content=\"index, follow, max-snippet:-1, max-image-preview:large, max-video-preview:-1\" \/>\n<link rel=\"canonical\" href=\"https:\/\/vapemaison.com\/es\/producto\/bang-30000-caladas-doble-sabor-vape-desechable\/\" \/>\n<meta property=\"og:locale\" content=\"es_ES\" \/>\n<meta property=\"og:type\" content=\"article\" \/>\n<meta property=\"og:title\" content=\"Bang 30000 Puffs Double Taste Disposable Vape | LCD Display - VapeMaison\" \/>\n<meta property=\"og:description\" content=\"Enjoy 30000 puffs with the Bang 30000 Vape. Featuring a dual-flavor system. Customize your nicotine and vape longer with a rechargeable battery.\" \/>\n<meta property=\"og:url\" content=\"https:\/\/vapemaison.com\/es\/producto\/bang-30000-caladas-doble-sabor-vape-desechable\/\" \/>\n<meta property=\"og:site_name\" content=\"VapeMaison\" \/>\n<meta property=\"article:modified_time\" content=\"2026-02-10T09:20:49+00:00\" \/>\n<meta property=\"og:image\" content=\"https:\/\/vapemaison.com\/wp-content\/uploads\/2025\/12\/vape-bang-king-30k-30000-puffs-main-image.jpg.webp\" \/>\n\t<meta property=\"og:image:width\" content=\"1000\" \/>\n\t<meta property=\"og:image:height\" content=\"1000\" \/>\n\t<meta property=\"og:image:type\" content=\"image\/webp\" \/>\n<meta name=\"twitter:card\" content=\"summary_large_image\" \/>\n<meta name=\"twitter:label1\" content=\"Tiempo de lectura\" \/>\n\t<meta name=\"twitter:data1\" content=\"2 minutos\" \/>\n<!-- \/ Yoast SEO plugin. -->","yoast_head_json":{"title":"Bang 30000 Puffs Doble Sabor Vape Desechable | Pantalla LCD - VapeMaison","description":"Disfruta de 30000 caladas con el Bang 30000 Vape. Con un sistema de doble sabor. Personaliza tu nicotina y vapea durante m\u00e1s tiempo con una bater\u00eda recargable.","robots":{"index":"index","follow":"follow","max-snippet":"max-snippet:-1","max-image-preview":"max-image-preview:large","max-video-preview":"max-video-preview:-1"},"canonical":"https:\/\/vapemaison.com\/es\/producto\/bang-30000-caladas-doble-sabor-vape-desechable\/","og_locale":"es_ES","og_type":"article","og_title":"Bang 30000 Puffs Double Taste Disposable Vape | LCD Display - VapeMaison","og_description":"Enjoy 30000 puffs with the Bang 30000 Vape. Featuring a dual-flavor system. Customize your nicotine and vape longer with a rechargeable battery.","og_url":"https:\/\/vapemaison.com\/es\/producto\/bang-30000-caladas-doble-sabor-vape-desechable\/","og_site_name":"VapeMaison","article_modified_time":"2026-02-10T09:20:49+00:00","og_image":[{"width":1000,"height":1000,"url":"https:\/\/vapemaison.com\/wp-content\/uploads\/2025\/12\/vape-bang-king-30k-30000-puffs-main-image.jpg.webp","type":"image\/webp"}],"twitter_card":"summary_large_image","twitter_misc":{"Tiempo de lectura":"2 minutos"},"schema":{"@context":"https:\/\/schema.org","@graph":[{"@type":"WebPage","@id":"https:\/\/vapemaison.com\/product\/bang-30000-puffs-double-taste-disposable-vape\/","url":"https:\/\/vapemaison.com\/product\/bang-30000-puffs-double-taste-disposable-vape\/","name":"Bang 30000 Puffs Doble Sabor Vape Desechable | Pantalla LCD - VapeMaison","isPartOf":{"@id":"https:\/\/vapemaison.com\/#website"},"primaryImageOfPage":{"@id":"https:\/\/vapemaison.com\/product\/bang-30000-puffs-double-taste-disposable-vape\/#primaryimage"},"image":{"@id":"https:\/\/vapemaison.com\/product\/bang-30000-puffs-double-taste-disposable-vape\/#primaryimage"},"thumbnailUrl":"https:\/\/vapemaison.com\/wp-content\/uploads\/2025\/12\/vape-bang-king-30k-30000-puffs-main-image.jpg.webp","datePublished":"2025-12-12T05:54:19+00:00","dateModified":"2026-02-10T09:20:49+00:00","description":"Disfruta de 30000 caladas con el Bang 30000 Vape. Con un sistema de doble sabor. Personaliza tu nicotina y vapea durante m\u00e1s tiempo con una bater\u00eda recargable.","breadcrumb":{"@id":"https:\/\/vapemaison.com\/product\/bang-30000-puffs-double-taste-disposable-vape\/#breadcrumb"},"inLanguage":"es","potentialAction":[{"@type":"ReadAction","target":["https:\/\/vapemaison.com\/product\/bang-30000-puffs-double-taste-disposable-vape\/"]}]},{"@type":"ImageObject","inLanguage":"es","@id":"https:\/\/vapemaison.com\/product\/bang-30000-puffs-double-taste-disposable-vape\/#primaryimage","url":"https:\/\/vapemaison.com\/wp-content\/uploads\/2025\/12\/vape-bang-king-30k-30000-puffs-main-image.jpg.webp","contentUrl":"https:\/\/vapemaison.com\/wp-content\/uploads\/2025\/12\/vape-bang-king-30k-30000-puffs-main-image.jpg.webp","width":1000,"height":1000,"caption":"Vape Bang King 30k Puffs Main Image.jpg"},{"@type":"BreadcrumbList","@id":"https:\/\/vapemaison.com\/product\/bang-30000-puffs-double-taste-disposable-vape\/#breadcrumb","itemListElement":[{"@type":"ListItem","position":1,"name":"\u9996\u9875","item":"https:\/\/vapemaison.com\/"},{"@type":"ListItem","position":2,"name":"Shop","item":"https:\/\/vapemaison.com\/shop\/"},{"@type":"ListItem","position":3,"name":"Bang","item":"https:\/\/vapemaison.com\/brand\/bang\/"},{"@type":"ListItem","position":4,"name":"Bang 30000 30k Puffs 0%% 3% 5% Ncotine Disposable Vap"}]},{"@type":"WebSite","@id":"https:\/\/vapemaison.com\/#website","url":"https:\/\/vapemaison.com\/","name":"VapeMaison","description":"Dispositivos y accesorios premium para vapear","publisher":{"@id":"https:\/\/vapemaison.com\/#organization"},"potentialAction":[{"@type":"SearchAction","target":{"@type":"EntryPoint","urlTemplate":"https:\/\/vapemaison.com\/?s={search_term_string}"},"query-input":{"@type":"PropertyValueSpecification","valueRequired":true,"valueName":"search_term_string"}}],"inLanguage":"es"},{"@type":"Organization","@id":"https:\/\/vapemaison.com\/#organization","name":"VapeMaison","url":"https:\/\/vapemaison.com\/","logo":{"@type":"ImageObject","inLanguage":"es","@id":"https:\/\/vapemaison.com\/#\/schema\/logo\/image\/","url":"https:\/\/vapemaison.com\/wp-content\/uploads\/2026\/01\/cropped-vapemaison-logo-g-2026.webp","contentUrl":"https:\/\/vapemaison.com\/wp-content\/uploads\/2026\/01\/cropped-vapemaison-logo-g-2026.webp","width":350,"height":280,"caption":"VapeMaison"},"image":{"@id":"https:\/\/vapemaison.com\/#\/schema\/logo\/image\/"},"sameAs":["https:\/\/www.youtube.com\/@VapeMaison"]}]}},"tiered_pricing_type":"fixed","tiered_pricing_fixed_rules":{"30":"9.39","50":"8.78","100":"8.25","200":"7.69"},"tiered_pricing_product_settings":{"layout":"default","base_unit_name":{"singular":null,"plural":null},"default_variation":null},"tiered_pricing_minimum_quantity":10,"tiered_pricing_roles_data":[],"tiered_pricing_percentage_rules":[],"tiered_pricing_maximum_quantity":null,"tiered_pricing_quantity_step":"10","_links":{"self":[{"href":"https:\/\/vapemaison.com\/es\/wp-json\/wp\/v2\/product\/17356","targetHints":{"allow":["GET"]}}],"collection":[{"href":"https:\/\/vapemaison.com\/es\/wp-json\/wp\/v2\/product"}],"about":[{"href":"https:\/\/vapemaison.com\/es\/wp-json\/wp\/v2\/types\/product"}],"replies":[{"embeddable":true,"href":"https:\/\/vapemaison.com\/es\/wp-json\/wp\/v2\/comments?post=17356"}],"version-history":[{"count":2,"href":"https:\/\/vapemaison.com\/es\/wp-json\/wp\/v2\/product\/17356\/revisions"}],"predecessor-version":[{"id":27201,"href":"https:\/\/vapemaison.com\/es\/wp-json\/wp\/v2\/product\/17356\/revisions\/27201"}],"wp:featuredmedia":[{"embeddable":true,"href":"https:\/\/vapemaison.com\/es\/wp-json\/wp\/v2\/media\/17360"}],"wp:attachment":[{"href":"https:\/\/vapemaison.com\/es\/wp-json\/wp\/v2\/media?parent=17356"}],"wp:term":[{"taxonomy":"product_brand","embeddable":true,"href":"https:\/\/vapemaison.com\/es\/wp-json\/wp\/v2\/product_brand?post=17356"},{"taxonomy":"product_cat","embeddable":true,"href":"https:\/\/vapemaison.com\/es\/wp-json\/wp\/v2\/product_cat?post=17356"},{"taxonomy":"product_tag","embeddable":true,"href":"https:\/\/vapemaison.com\/es\/wp-json\/wp\/v2\/product_tag?post=17356"}],"curies":[{"name":"wp","href":"https:\/\/api.w.org\/{rel}","templated":true}]}}