

{"id":17400,"date":"2025-12-12T06:23:43","date_gmt":"2025-12-12T06:23:43","guid":{"rendered":"https:\/\/vapemaison.com\/?post_type=product&#038;p=17400"},"modified":"2025-12-22T09:18:46","modified_gmt":"2025-12-22T09:18:46","slug":"bang-pi-10k-puffs-vape-desechable","status":"publish","type":"product","link":"https:\/\/vapemaison.com\/es\/product\/bang-pi-10k-puffs-disposable-vape\/","title":{"rendered":"Bang PI 10k Puffs Pantalla LED Vape Desechable"},"content":{"rendered":"<p>En <strong>Bang PI 10k Puffs <\/strong> El Vape desechable proporciona hasta <strong><a href=\"https:\/\/vapemaison.com\/product-category\/puffs-count\/10k-puffs\/\">10k puff<\/a><\/strong>, para garantizar una experiencia de vapeo duradera y satisfactoria. Equipado con un <strong>Bater\u00eda recargable de 500 mAh<\/strong> y <strong>15 ml de e-juice precargado<\/strong>, Proporciona un vapor suave y consistente en cada calada. El <strong>Pantalla LED<\/strong> te mantiene informado de los niveles de bater\u00eda y e-l\u00edquido, a\u00f1adiendo una comodidad extra para vapear sin problemas. Elija entre <strong>10 sabrosas opciones<\/strong> y personaliza tu experiencia con potencias de nicotina que van desde <strong>0%, 2%, 3% y 5%<\/strong>. En paquetes de <strong>10 vapes por caja expositora<\/strong>, Este dispositivo es perfecto tanto para uso personal como para compartirlo con los amigos.<\/p>\n\n\n\n<h3 class=\"wp-block-heading\">Bang PI 10k Puffs <strong>Caracter\u00edsticas principales<\/strong><\/h3>\n\n\n\n<ul class=\"wp-block-list\">\n<li><strong>Capacidad de e-l\u00edquido<\/strong>: <strong>15 ml precargados<\/strong><\/li>\n\n\n\n<li><strong>Potencia de nicotina<\/strong>: <strong>0%, 2%, 3%, 5%<\/strong><\/li>\n\n\n\n<li><strong>Bater\u00eda<\/strong>: <strong>500 mAh recargable<\/strong><\/li>\n\n\n\n<li><strong>Mostrar<\/strong>: <strong>Pantalla LED<\/strong> para conocer el estado de la bater\u00eda y el e-l\u00edquido<\/li>\n\n\n\n<li><strong>Embalaje<\/strong>: <strong>10 vapes por caja expositora<\/strong><\/li>\n<\/ul>\n\n\n\n<h3 class=\"wp-block-heading\"><strong>Lista de sabores<\/strong><\/h3>\n\n\n\n<ul class=\"wp-block-list\">\n<li>Melocot\u00f3n Mango Sand\u00eda<\/li>\n\n\n\n<li>Fresa Kiwi<\/li>\n\n\n\n<li>Americano<\/li>\n\n\n\n<li>Helado de mango<\/li>\n\n\n\n<li>Hielo de sand\u00eda<\/li>\n\n\n\n<li>Manzana \u00e1cida Frambuesa<\/li>\n\n\n\n<li>Kiwi Fruta de la pasi\u00f3n Guayaba<\/li>\n\n\n\n<li>Sand\u00eda con fresa<\/li>\n\n\n\n<li>Hielo de uva real<\/li>\n\n\n\n<li>Hielo de ar\u00e1ndanos<\/li>\n<\/ul>\n\n\n\n<p>Los fans de los productos Bang suelen explorar toda nuestra gama para encontrar su vaporizador perfecto. Empieza por el <a href=\"https:\/\/vapemaison.com\">p\u00e1gina de inicio<\/a>, Descubra todos los productos de nuestra <a href=\"https:\/\/vapemaison.com\/shop\">tienda<\/a>, o sum\u00e9rgete en el <a href=\"https:\/\/vapemaison.com\/brand\/bang\">Marca Bang<\/a> para ver el programa completo. \u00bfBusca algo diferente? Visite <a href=\"https:\/\/vapemaison.com\/brand\/waspe\">Colecci\u00f3n WASPE<\/a> y <a href=\"https:\/\/vapemaison.com\/product-category\/puffs-count\/\">Categor\u00eda Puffs<\/a> tienen muchas opciones para cada vaper.<\/p>","protected":false},"excerpt":{"rendered":"<div id=\"model-response-message-contentr_7a2668d875d9bfa0\" class=\"markdown markdown-main-panel stronger enable-updated-hr-color\" dir=\"ltr\" aria-live=\"polite\" aria-busy=\"false\">\n<p data-path-to-node=\"0\">Disfrute de 10.000 caladas suaves y una pantalla LED clara para el seguimiento en tiempo real de la bater\u00eda y el l\u00edquido en un dise\u00f1o compacto, precargado de 15 ml. Seleccione su sabor favorito y el nivel de nicotina hoy para asegurar este conductor diario fiable mientras que nuestro stock actual y el env\u00edo promocional est\u00e1n disponibles.<\/p>\n<\/div>","protected":false},"featured_media":17441,"comment_status":"open","ping_status":"closed","template":"","meta":[],"product_brand":[57],"product_cat":[132],"product_tag":[],"class_list":{"0":"post-17400","1":"product","2":"type-product","3":"status-publish","4":"has-post-thumbnail","6":"product_brand-bang","7":"product_cat-10k-puffs","9":"first","10":"instock","11":"sale","12":"shipping-taxable","13":"purchasable","14":"product-type-variable"},"yoast_head":"<!-- This site is optimized with the Yoast SEO plugin v27.4 - https:\/\/yoast.com\/product\/yoast-seo-wordpress\/ -->\n<title>Bang PI 10k Puffs Disposable Vape \u2013 with LED Display - VapeMaison<\/title>\n<meta name=\"description\" content=\"Enjoy 10k puffs with the Bang PI10000 Vape. Featuring 15ml e-liquid, 10 flavors, and an LED display for battery and e-liquid levels.\" \/>\n<meta name=\"robots\" content=\"index, follow, max-snippet:-1, max-image-preview:large, max-video-preview:-1\" \/>\n<link rel=\"canonical\" href=\"https:\/\/vapemaison.com\/es\/producto\/bang-pi-10k-puffs-vape-desechable\/\" \/>\n<meta property=\"og:locale\" content=\"es_ES\" \/>\n<meta property=\"og:type\" content=\"article\" \/>\n<meta property=\"og:title\" content=\"Bang PI 10k Puffs Disposable Vape \u2013 with LED Display - VapeMaison\" \/>\n<meta property=\"og:description\" content=\"Enjoy 10k puffs with the Bang PI10000 Vape. Featuring 15ml e-liquid, 10 flavors, and an LED display for battery and e-liquid levels.\" \/>\n<meta property=\"og:url\" content=\"https:\/\/vapemaison.com\/es\/producto\/bang-pi-10k-puffs-vape-desechable\/\" \/>\n<meta property=\"og:site_name\" content=\"VapeMaison\" \/>\n<meta property=\"article:modified_time\" content=\"2025-12-22T09:18:46+00:00\" \/>\n<meta property=\"og:image\" content=\"https:\/\/vapemaison.com\/wp-content\/uploads\/2025\/12\/vape-bang-PI10000-puffs-00001.webp\" \/>\n\t<meta property=\"og:image:width\" content=\"800\" \/>\n\t<meta property=\"og:image:height\" content=\"800\" \/>\n\t<meta property=\"og:image:type\" content=\"image\/webp\" \/>\n<meta name=\"twitter:card\" content=\"summary_large_image\" \/>\n<meta name=\"twitter:label1\" content=\"Tiempo de lectura\" \/>\n\t<meta name=\"twitter:data1\" content=\"1 minuto\" \/>\n<!-- \/ Yoast SEO plugin. -->","yoast_head_json":{"title":"Bang PI 10k Puffs Vapeador Desechable - con Pantalla LED - VapeMaison","description":"Disfruta de 10k caladas con el Bang PI10000 Vape. Con 15 ml de e-l\u00edquido, 10 sabores, y una pantalla LED para la bater\u00eda y los niveles de e-l\u00edquido.","robots":{"index":"index","follow":"follow","max-snippet":"max-snippet:-1","max-image-preview":"max-image-preview:large","max-video-preview":"max-video-preview:-1"},"canonical":"https:\/\/vapemaison.com\/es\/producto\/bang-pi-10k-puffs-vape-desechable\/","og_locale":"es_ES","og_type":"article","og_title":"Bang PI 10k Puffs Disposable Vape \u2013 with LED Display - VapeMaison","og_description":"Enjoy 10k puffs with the Bang PI10000 Vape. Featuring 15ml e-liquid, 10 flavors, and an LED display for battery and e-liquid levels.","og_url":"https:\/\/vapemaison.com\/es\/producto\/bang-pi-10k-puffs-vape-desechable\/","og_site_name":"VapeMaison","article_modified_time":"2025-12-22T09:18:46+00:00","og_image":[{"width":800,"height":800,"url":"https:\/\/vapemaison.com\/wp-content\/uploads\/2025\/12\/vape-bang-PI10000-puffs-00001.webp","type":"image\/webp"}],"twitter_card":"summary_large_image","twitter_misc":{"Tiempo de lectura":"1 minuto"},"schema":{"@context":"https:\/\/schema.org","@graph":[{"@type":"WebPage","@id":"https:\/\/vapemaison.com\/product\/bang-pi-10k-puffs-disposable-vape\/","url":"https:\/\/vapemaison.com\/product\/bang-pi-10k-puffs-disposable-vape\/","name":"Bang PI 10k Puffs Vapeador Desechable - con Pantalla LED - VapeMaison","isPartOf":{"@id":"https:\/\/vapemaison.com\/#website"},"primaryImageOfPage":{"@id":"https:\/\/vapemaison.com\/product\/bang-pi-10k-puffs-disposable-vape\/#primaryimage"},"image":{"@id":"https:\/\/vapemaison.com\/product\/bang-pi-10k-puffs-disposable-vape\/#primaryimage"},"thumbnailUrl":"https:\/\/vapemaison.com\/wp-content\/uploads\/2025\/12\/vape-bang-PI10000-puffs-00001.webp","datePublished":"2025-12-12T06:23:43+00:00","dateModified":"2025-12-22T09:18:46+00:00","description":"Disfruta de 10k caladas con el Bang PI10000 Vape. Con 15 ml de e-l\u00edquido, 10 sabores, y una pantalla LED para la bater\u00eda y los niveles de e-l\u00edquido.","breadcrumb":{"@id":"https:\/\/vapemaison.com\/product\/bang-pi-10k-puffs-disposable-vape\/#breadcrumb"},"inLanguage":"es","potentialAction":[{"@type":"ReadAction","target":["https:\/\/vapemaison.com\/product\/bang-pi-10k-puffs-disposable-vape\/"]}]},{"@type":"ImageObject","inLanguage":"es","@id":"https:\/\/vapemaison.com\/product\/bang-pi-10k-puffs-disposable-vape\/#primaryimage","url":"https:\/\/vapemaison.com\/wp-content\/uploads\/2025\/12\/vape-bang-PI10000-puffs-00001.webp","contentUrl":"https:\/\/vapemaison.com\/wp-content\/uploads\/2025\/12\/vape-bang-PI10000-puffs-00001.webp","width":800,"height":800,"caption":"vape-bang-PI10000-puffs-00001"},{"@type":"BreadcrumbList","@id":"https:\/\/vapemaison.com\/product\/bang-pi-10k-puffs-disposable-vape\/#breadcrumb","itemListElement":[{"@type":"ListItem","position":1,"name":"\u9996\u9875","item":"https:\/\/vapemaison.com\/"},{"@type":"ListItem","position":2,"name":"Shop","item":"https:\/\/vapemaison.com\/shop\/"},{"@type":"ListItem","position":3,"name":"Bang","item":"https:\/\/vapemaison.com\/brand\/bang\/"},{"@type":"ListItem","position":4,"name":"Bang PI 10k Puffs LED Display Disposable Vape"}]},{"@type":"WebSite","@id":"https:\/\/vapemaison.com\/#website","url":"https:\/\/vapemaison.com\/","name":"VapeMaison","description":"Dispositivos y accesorios premium para vapear","publisher":{"@id":"https:\/\/vapemaison.com\/#organization"},"potentialAction":[{"@type":"SearchAction","target":{"@type":"EntryPoint","urlTemplate":"https:\/\/vapemaison.com\/?s={search_term_string}"},"query-input":{"@type":"PropertyValueSpecification","valueRequired":true,"valueName":"search_term_string"}}],"inLanguage":"es"},{"@type":"Organization","@id":"https:\/\/vapemaison.com\/#organization","name":"VapeMaison","url":"https:\/\/vapemaison.com\/","logo":{"@type":"ImageObject","inLanguage":"es","@id":"https:\/\/vapemaison.com\/#\/schema\/logo\/image\/","url":"https:\/\/vapemaison.com\/wp-content\/uploads\/2026\/01\/cropped-vapemaison-logo-g-2026.webp","contentUrl":"https:\/\/vapemaison.com\/wp-content\/uploads\/2026\/01\/cropped-vapemaison-logo-g-2026.webp","width":350,"height":280,"caption":"VapeMaison"},"image":{"@id":"https:\/\/vapemaison.com\/#\/schema\/logo\/image\/"},"sameAs":["https:\/\/www.youtube.com\/@VapeMaison"]}]}},"tiered_pricing_type":"fixed","tiered_pricing_fixed_rules":{"30":"6.99","50":"6.54","100":"5.99","200":"5.69"},"tiered_pricing_product_settings":{"layout":"default","base_unit_name":{"singular":null,"plural":null},"default_variation":null},"tiered_pricing_minimum_quantity":10,"tiered_pricing_roles_data":[],"tiered_pricing_percentage_rules":[],"tiered_pricing_maximum_quantity":null,"tiered_pricing_quantity_step":"10","_links":{"self":[{"href":"https:\/\/vapemaison.com\/es\/wp-json\/wp\/v2\/product\/17400","targetHints":{"allow":["GET"]}}],"collection":[{"href":"https:\/\/vapemaison.com\/es\/wp-json\/wp\/v2\/product"}],"about":[{"href":"https:\/\/vapemaison.com\/es\/wp-json\/wp\/v2\/types\/product"}],"replies":[{"embeddable":true,"href":"https:\/\/vapemaison.com\/es\/wp-json\/wp\/v2\/comments?post=17400"}],"version-history":[{"count":0,"href":"https:\/\/vapemaison.com\/es\/wp-json\/wp\/v2\/product\/17400\/revisions"}],"wp:featuredmedia":[{"embeddable":true,"href":"https:\/\/vapemaison.com\/es\/wp-json\/wp\/v2\/media\/17441"}],"wp:attachment":[{"href":"https:\/\/vapemaison.com\/es\/wp-json\/wp\/v2\/media?parent=17400"}],"wp:term":[{"taxonomy":"product_brand","embeddable":true,"href":"https:\/\/vapemaison.com\/es\/wp-json\/wp\/v2\/product_brand?post=17400"},{"taxonomy":"product_cat","embeddable":true,"href":"https:\/\/vapemaison.com\/es\/wp-json\/wp\/v2\/product_cat?post=17400"},{"taxonomy":"product_tag","embeddable":true,"href":"https:\/\/vapemaison.com\/es\/wp-json\/wp\/v2\/product_tag?post=17400"}],"curies":[{"name":"wp","href":"https:\/\/api.w.org\/{rel}","templated":true}]}}