

{"id":17454,"date":"2025-12-12T06:39:43","date_gmt":"2025-12-12T06:39:43","guid":{"rendered":"https:\/\/vapemaison.com\/?post_type=product&#038;p=17454"},"modified":"2025-12-22T09:18:42","modified_gmt":"2025-12-22T09:18:42","slug":"bang-shisha-15000-caladas-vape-desechable","status":"publish","type":"product","link":"https:\/\/vapemaison.com\/es\/product\/bang-shisha-15000-puffs-disposable-vape\/","title":{"rendered":"Bang SHISHA 15000 Puffs Vape Desechable"},"content":{"rendered":"<p>En <strong>Bang SHISHA 15000 Puffs<\/strong> El cigarrillo electr\u00f3nico desechable est\u00e1 dise\u00f1ado para aquellos que buscan una inmersi\u00f3n <strong>Directo al pulm\u00f3n (DTL)<\/strong> experiencia de vapeo. Con una impresionante <strong>15.000 bocanadas<\/strong>, Este dispositivo est\u00e1 dise\u00f1ado para proporcionar un disfrute duradero. Cuenta con una gran capacidad <strong>Bater\u00eda de 600 mAh<\/strong> y una generosa <strong>Volumen de inyecci\u00f3n de aceite de 23 ml<\/strong>, para prolongar las sesiones de vapeo sin recargas frecuentes.<\/p>\n\n\n\n<p>Disponible con potencias de nicotina personalizables de <strong>0%, 2%, 3% y 5%<\/strong>, Este vape satisface diversas preferencias, proporcionando una succi\u00f3n pulmonar suave y satisfactoria. El <strong>18 sabrosas opciones<\/strong> ofrecen una amplia variedad de opciones para todos los gustos. Tanto si le apetece una sensaci\u00f3n afrutada como un refrescante toque helado, los <strong>Bang SHISHA<\/strong> garantiza una experiencia de vapeo satisfactoria. Perfecto para aquellos que prefieren <strong>DTL<\/strong> vaping, combina rendimiento, comodidad y sabor en un dise\u00f1o elegante.<\/p>\n\n\n\n<h3 class=\"wp-block-heading\"><strong>Caracter\u00edsticas principales<\/strong><\/h3>\n\n\n\n<figure class=\"wp-block-table\"><table class=\"has-fixed-layout\"><thead><tr><th><strong>Caracter\u00edstica<\/strong><\/th><th><strong>Especificaci\u00f3n<\/strong><\/th><\/tr><\/thead><tbody><tr><td><strong>Puffs<\/strong><\/td><td>Hasta <strong>15.000 bocanadas<\/strong><\/td><\/tr><tr><td><strong>Bater\u00eda<\/strong><\/td><td><strong>600 mAh recargable<\/strong><\/td><\/tr><tr><td><strong>Volumen de inyecci\u00f3n de aceite<\/strong><\/td><td><strong>23 ml precargados<\/strong><\/td><\/tr><tr><td><strong>Potencia de nicotina<\/strong><\/td><td><strong>0%, 2%, 3%, 5%<\/strong><\/td><\/tr><tr><td><strong>Tipo de vapeo<\/strong><\/td><td><strong>Directo al pulm\u00f3n (DTL)<\/strong><\/td><\/tr><tr><td><strong>Sabores<\/strong><\/td><td><strong>18 opciones diversas<\/strong><\/td><\/tr><\/tbody><\/table><\/figure>\n\n\n\n<h3 class=\"wp-block-heading\"><strong>Lista de sabores<\/strong><\/h3>\n\n\n\n<ul class=\"wp-block-list\">\n<li>Hielo de ar\u00e1ndanos<\/li>\n\n\n\n<li>Hielo Razz Azul<\/li>\n\n\n\n<li>Sand\u00eda cereza<\/li>\n\n\n\n<li>Manzana congelada<\/li>\n\n\n\n<li>Chicle Menta<\/li>\n\n\n\n<li>Mango Pl\u00e1tano<\/li>\n\n\n\n<li>Mix Berry Ice<\/li>\n\n\n\n<li>Pi\u00f1a Coco<\/li>\n\n\n\n<li>Granizado de bayas rojas<\/li>\n\n\n\n<li>Kiwi Maracuy\u00e1 Guayaba<\/li>\n\n\n\n<li>Ar\u00e1ndano Uva<\/li>\n\n\n\n<li>Fresa helada<\/li>\n\n\n\n<li>Fresa Kiwi<\/li>\n\n\n\n<li>Caramelo de fresa y frambuesa<\/li>\n\n\n\n<li>Hielo de sand\u00eda<\/li>\n\n\n\n<li>Melocotones jugosos<\/li>\n\n\n\n<li>Melocot\u00f3n Mango Sand\u00eda<\/li>\n\n\n\n<li>Sand\u00eda Fresa Chicle<\/li>\n<\/ul>\n\n\n\n<p>Los fans de los productos Bang suelen explorar toda nuestra gama para encontrar su vaporizador perfecto. Empieza por el <a href=\"https:\/\/vapemaison.com\">p\u00e1gina de inicio<\/a>, Descubra todos los productos de nuestra <a href=\"https:\/\/vapemaison.com\/shop\">tienda<\/a>, o sum\u00e9rgete en el <a href=\"https:\/\/vapemaison.com\/brand\/bang\">Marca Bang<\/a> para ver el programa completo. \u00bfBusca algo diferente? Visite <a href=\"https:\/\/vapemaison.com\/brand\/waspe\">Colecci\u00f3n WASPE<\/a> y <a href=\"https:\/\/vapemaison.com\/product-category\/puffs-count\/\">Categor\u00eda Puffs<\/a> tienen muchas opciones para cada vaper.<\/p>","protected":false},"excerpt":{"rendered":"<div id=\"model-response-message-contentr_ea460eeb7b56c70d\" class=\"markdown markdown-main-panel stronger enable-updated-hr-color\" dir=\"ltr\" aria-live=\"polite\" aria-busy=\"false\">\n<p data-path-to-node=\"0\">Sum\u00e9rgete en una experiencia DTL inmersiva con 15.000 caladas y un dep\u00f3sito masivo de 23ml dise\u00f1ado para nubes profundas y sabrosas. Elige entre 18 sabores premium inspirados en la shisha y aseg\u00farate tu concentraci\u00f3n de nicotina preferida hoy mismo para disfrutar de nuestros ahorros actuales en la compra al por mayor y de una r\u00e1pida entrega internacional.<\/p>\n<\/div>","protected":false},"featured_media":17506,"comment_status":"open","ping_status":"closed","template":"","meta":[],"product_brand":[57],"product_cat":[167],"product_tag":[],"class_list":{"0":"post-17454","1":"product","2":"type-product","3":"status-publish","4":"has-post-thumbnail","6":"product_brand-bang","7":"product_cat-15k-puffs","9":"first","10":"instock","11":"sale","12":"shipping-taxable","13":"purchasable","14":"product-type-variable"},"yoast_head":"<!-- This site is optimized with the Yoast SEO plugin v27.4 - https:\/\/yoast.com\/product\/yoast-seo-wordpress\/ -->\n<title>Bang SHISHA 15000 Puffs Disposable Vape \u2013 To Lung Experience - VapeMaison<\/title>\n<meta name=\"description\" content=\"Enjoy 15,000 puffs with the Bang SHISHA Vape. 23ml e-liquid, 18 flavors, and customizable nicotine options. Perfect for Direct To Lung (DTL) vaping.\" \/>\n<meta name=\"robots\" content=\"index, follow, max-snippet:-1, max-image-preview:large, max-video-preview:-1\" \/>\n<link rel=\"canonical\" href=\"https:\/\/vapemaison.com\/es\/producto\/bang-shisha-15000-caladas-vape-desechable\/\" \/>\n<meta property=\"og:locale\" content=\"es_ES\" \/>\n<meta property=\"og:type\" content=\"article\" \/>\n<meta property=\"og:title\" content=\"Bang SHISHA 15000 Puffs Disposable Vape \u2013 To Lung Experience - VapeMaison\" \/>\n<meta property=\"og:description\" content=\"Enjoy 15,000 puffs with the Bang SHISHA Vape. 23ml e-liquid, 18 flavors, and customizable nicotine options. Perfect for Direct To Lung (DTL) vaping.\" \/>\n<meta property=\"og:url\" content=\"https:\/\/vapemaison.com\/es\/producto\/bang-shisha-15000-caladas-vape-desechable\/\" \/>\n<meta property=\"og:site_name\" content=\"VapeMaison\" \/>\n<meta property=\"article:modified_time\" content=\"2025-12-22T09:18:42+00:00\" \/>\n<meta property=\"og:image\" content=\"https:\/\/vapemaison.com\/wp-content\/uploads\/2025\/12\/vape-bang-shi-sha-15000-puffs-1.webp\" \/>\n\t<meta property=\"og:image:width\" content=\"1000\" \/>\n\t<meta property=\"og:image:height\" content=\"1000\" \/>\n\t<meta property=\"og:image:type\" content=\"image\/webp\" \/>\n<meta name=\"twitter:card\" content=\"summary_large_image\" \/>\n<meta name=\"twitter:label1\" content=\"Tiempo de lectura\" \/>\n\t<meta name=\"twitter:data1\" content=\"2 minutos\" \/>\n<!-- \/ Yoast SEO plugin. -->","yoast_head_json":{"title":"Bang SHISHA 15000 Puffs Vape Desechable - A Pulm\u00f3n Experiencia - VapeMaison","description":"Disfruta de 15.000 caladas con el Bang SHISHA Vape. 23 ml de e-l\u00edquido, 18 sabores y opciones de nicotina personalizables. Perfecto para vapear directamente al pulm\u00f3n (DTL).","robots":{"index":"index","follow":"follow","max-snippet":"max-snippet:-1","max-image-preview":"max-image-preview:large","max-video-preview":"max-video-preview:-1"},"canonical":"https:\/\/vapemaison.com\/es\/producto\/bang-shisha-15000-caladas-vape-desechable\/","og_locale":"es_ES","og_type":"article","og_title":"Bang SHISHA 15000 Puffs Disposable Vape \u2013 To Lung Experience - VapeMaison","og_description":"Enjoy 15,000 puffs with the Bang SHISHA Vape. 23ml e-liquid, 18 flavors, and customizable nicotine options. Perfect for Direct To Lung (DTL) vaping.","og_url":"https:\/\/vapemaison.com\/es\/producto\/bang-shisha-15000-caladas-vape-desechable\/","og_site_name":"VapeMaison","article_modified_time":"2025-12-22T09:18:42+00:00","og_image":[{"width":1000,"height":1000,"url":"https:\/\/vapemaison.com\/wp-content\/uploads\/2025\/12\/vape-bang-shi-sha-15000-puffs-1.webp","type":"image\/webp"}],"twitter_card":"summary_large_image","twitter_misc":{"Tiempo de lectura":"2 minutos"},"schema":{"@context":"https:\/\/schema.org","@graph":[{"@type":"WebPage","@id":"https:\/\/vapemaison.com\/product\/bang-shisha-15000-puffs-disposable-vape\/","url":"https:\/\/vapemaison.com\/product\/bang-shisha-15000-puffs-disposable-vape\/","name":"Bang SHISHA 15000 Puffs Vape Desechable - A Pulm\u00f3n Experiencia - VapeMaison","isPartOf":{"@id":"https:\/\/vapemaison.com\/#website"},"primaryImageOfPage":{"@id":"https:\/\/vapemaison.com\/product\/bang-shisha-15000-puffs-disposable-vape\/#primaryimage"},"image":{"@id":"https:\/\/vapemaison.com\/product\/bang-shisha-15000-puffs-disposable-vape\/#primaryimage"},"thumbnailUrl":"https:\/\/vapemaison.com\/wp-content\/uploads\/2025\/12\/vape-bang-shi-sha-15000-puffs-1.webp","datePublished":"2025-12-12T06:39:43+00:00","dateModified":"2025-12-22T09:18:42+00:00","description":"Disfruta de 15.000 caladas con el Bang SHISHA Vape. 23 ml de e-l\u00edquido, 18 sabores y opciones de nicotina personalizables. Perfecto para vapear directamente al pulm\u00f3n (DTL).","breadcrumb":{"@id":"https:\/\/vapemaison.com\/product\/bang-shisha-15000-puffs-disposable-vape\/#breadcrumb"},"inLanguage":"es","potentialAction":[{"@type":"ReadAction","target":["https:\/\/vapemaison.com\/product\/bang-shisha-15000-puffs-disposable-vape\/"]}]},{"@type":"ImageObject","inLanguage":"es","@id":"https:\/\/vapemaison.com\/product\/bang-shisha-15000-puffs-disposable-vape\/#primaryimage","url":"https:\/\/vapemaison.com\/wp-content\/uploads\/2025\/12\/vape-bang-shi-sha-15000-puffs-1.webp","contentUrl":"https:\/\/vapemaison.com\/wp-content\/uploads\/2025\/12\/vape-bang-shi-sha-15000-puffs-1.webp","width":1000,"height":1000,"caption":"Vape Bang Shi Sha Puffs view 2"},{"@type":"BreadcrumbList","@id":"https:\/\/vapemaison.com\/product\/bang-shisha-15000-puffs-disposable-vape\/#breadcrumb","itemListElement":[{"@type":"ListItem","position":1,"name":"\u9996\u9875","item":"https:\/\/vapemaison.com\/"},{"@type":"ListItem","position":2,"name":"Shop","item":"https:\/\/vapemaison.com\/shop\/"},{"@type":"ListItem","position":3,"name":"Bang","item":"https:\/\/vapemaison.com\/brand\/bang\/"},{"@type":"ListItem","position":4,"name":"Bang SHISHA 15000 Puffs Disposable Vape"}]},{"@type":"WebSite","@id":"https:\/\/vapemaison.com\/#website","url":"https:\/\/vapemaison.com\/","name":"VapeMaison","description":"Dispositivos y accesorios premium para vapear","publisher":{"@id":"https:\/\/vapemaison.com\/#organization"},"potentialAction":[{"@type":"SearchAction","target":{"@type":"EntryPoint","urlTemplate":"https:\/\/vapemaison.com\/?s={search_term_string}"},"query-input":{"@type":"PropertyValueSpecification","valueRequired":true,"valueName":"search_term_string"}}],"inLanguage":"es"},{"@type":"Organization","@id":"https:\/\/vapemaison.com\/#organization","name":"VapeMaison","url":"https:\/\/vapemaison.com\/","logo":{"@type":"ImageObject","inLanguage":"es","@id":"https:\/\/vapemaison.com\/#\/schema\/logo\/image\/","url":"https:\/\/vapemaison.com\/wp-content\/uploads\/2026\/01\/cropped-vapemaison-logo-g-2026.webp","contentUrl":"https:\/\/vapemaison.com\/wp-content\/uploads\/2026\/01\/cropped-vapemaison-logo-g-2026.webp","width":350,"height":280,"caption":"VapeMaison"},"image":{"@id":"https:\/\/vapemaison.com\/#\/schema\/logo\/image\/"},"sameAs":["https:\/\/www.youtube.com\/@VapeMaison"]}]}},"tiered_pricing_type":"fixed","tiered_pricing_fixed_rules":{"30":"7.99","50":"7.36","100":"6.78","200":"6.24"},"tiered_pricing_product_settings":{"layout":"default","base_unit_name":{"singular":null,"plural":null},"default_variation":null},"tiered_pricing_minimum_quantity":10,"tiered_pricing_roles_data":[],"tiered_pricing_percentage_rules":[],"tiered_pricing_maximum_quantity":null,"tiered_pricing_quantity_step":"10","_links":{"self":[{"href":"https:\/\/vapemaison.com\/es\/wp-json\/wp\/v2\/product\/17454","targetHints":{"allow":["GET"]}}],"collection":[{"href":"https:\/\/vapemaison.com\/es\/wp-json\/wp\/v2\/product"}],"about":[{"href":"https:\/\/vapemaison.com\/es\/wp-json\/wp\/v2\/types\/product"}],"replies":[{"embeddable":true,"href":"https:\/\/vapemaison.com\/es\/wp-json\/wp\/v2\/comments?post=17454"}],"version-history":[{"count":0,"href":"https:\/\/vapemaison.com\/es\/wp-json\/wp\/v2\/product\/17454\/revisions"}],"wp:featuredmedia":[{"embeddable":true,"href":"https:\/\/vapemaison.com\/es\/wp-json\/wp\/v2\/media\/17506"}],"wp:attachment":[{"href":"https:\/\/vapemaison.com\/es\/wp-json\/wp\/v2\/media?parent=17454"}],"wp:term":[{"taxonomy":"product_brand","embeddable":true,"href":"https:\/\/vapemaison.com\/es\/wp-json\/wp\/v2\/product_brand?post=17454"},{"taxonomy":"product_cat","embeddable":true,"href":"https:\/\/vapemaison.com\/es\/wp-json\/wp\/v2\/product_cat?post=17454"},{"taxonomy":"product_tag","embeddable":true,"href":"https:\/\/vapemaison.com\/es\/wp-json\/wp\/v2\/product_tag?post=17454"}],"curies":[{"name":"wp","href":"https:\/\/api.w.org\/{rel}","templated":true}]}}