

{"id":17708,"date":"2025-12-12T08:37:35","date_gmt":"2025-12-12T08:37:35","guid":{"rendered":"https:\/\/vapemaison.com\/?post_type=product&#038;p=17708"},"modified":"2025-12-22T09:18:25","modified_gmt":"2025-12-22T09:18:25","slug":"bang-box-18000-bocanadas-led-pantalla-desechable-vape","status":"publish","type":"product","link":"https:\/\/vapemaison.com\/es\/product\/bang-box-18000-puffs-led-display-disposable-vape\/","title":{"rendered":"Bang Box 18000 Puffs Pantalla LED Vape Desechable"},"content":{"rendered":"<p><strong>Bang Box 18000 Puffs Pantalla LED Vape Desechable - Rendimiento Avanzado y Vapeo Duradero<\/strong><\/p>\n\n\n\n<p>En <strong>Bang Box 18000 Puffs Pantalla LED Vape Desechable<\/strong> es un dispositivo innovador dise\u00f1ado para proporcionar una experiencia de vapeo extraordinaria. Con un impresionante <strong>18000 bocanadas<\/strong>, Este vape garantiza un disfrute prolongado sin necesidad de recargas, por lo que es perfecto tanto para vapeadores ocasionales como experimentados.<\/p>\n\n\n\n<p>Equipado con un <strong>Bobina de malla de 0,8ohm<\/strong>, El <strong>Bang Box<\/strong> proporciona un vapor suave y sabroso con cada calada, mejorando tu experiencia de vapeo. El <strong>Capacidad de 26 ml de e-l\u00edquido<\/strong> garantiza un suministro generoso para un uso prolongado, mientras que los niveles de nicotina personalizables de <strong>0%, 2%, 3% y 5%<\/strong> proporcionan la flexibilidad necesaria para adaptar el dispositivo a sus preferencias.<\/p>\n\n\n\n<p>En <strong>Bater\u00eda recargable de 850 mAh<\/strong> garantiza un suministro de energ\u00eda eficiente, y con un <strong>Puerto de carga Tipo-C<\/strong>, La recarga es r\u00e1pida y c\u00f3moda para disfrutar de sesiones ininterrumpidas. El <strong>Pantalla digital LED<\/strong> permite a los usuarios controlar f\u00e1cilmente los niveles de bater\u00eda y e-l\u00edquido, ofreciendo una experiencia de vapeo fluida y f\u00e1cil de usar.<\/p>\n\n\n\n<h3 class=\"wp-block-heading\"><strong>Caracter\u00edsticas principales<\/strong><\/h3>\n\n\n\n<figure class=\"wp-block-table\"><table class=\"has-fixed-layout\"><thead><tr><th><strong>Caracter\u00edstica<\/strong><\/th><th><strong>Especificaci\u00f3n<\/strong><\/th><\/tr><\/thead><tbody><tr><td><strong>Puffs<\/strong><\/td><td>Hasta <strong>18.000 bocanadas<\/strong><\/td><\/tr><tr><td><strong>Bobina<\/strong><\/td><td><strong>Bobina de malla 0,8ohm<\/strong><\/td><\/tr><tr><td><strong>Capacidad de e-l\u00edquido<\/strong><\/td><td><strong>26 ml precargados<\/strong><\/td><\/tr><tr><td><strong>Potencia de nicotina<\/strong><\/td><td><strong>0%, 2%, 3%, 5%<\/strong><\/td><\/tr><tr><td><strong>Bater\u00eda<\/strong><\/td><td><strong>850mAh recargable<\/strong><\/td><\/tr><tr><td><strong>Cargando<\/strong><\/td><td><strong>Puerto Tipo-C<\/strong><\/td><\/tr><tr><td><strong>Mostrar<\/strong><\/td><td><strong>Pantalla digital LED<\/strong><\/td><\/tr><\/tbody><\/table><\/figure>\n\n\n\n<h3 class=\"wp-block-heading\">Bang Box <strong>Lista de sabores<\/strong><\/h3>\n\n\n\n<ol class=\"wp-block-list\">\n<li>Fresa Kiwi<\/li>\n\n\n\n<li>Hielo de ar\u00e1ndanos<\/li>\n\n\n\n<li>Sand\u00eda con fresa<\/li>\n\n\n\n<li>Hielo de sand\u00eda<\/li>\n\n\n\n<li>Hielo de frambuesa agrio con ar\u00e1ndanos<\/li>\n\n\n\n<li>Sand\u00eda con frambuesa<\/li>\n\n\n\n<li>Sangre de tigre<\/li>\n\n\n\n<li>Hielo triple de bayas<\/li>\n\n\n\n<li>Zumo de melocot\u00f3n<\/li>\n\n\n\n<li>Fresa Mango<\/li>\n\n\n\n<li>Manzana doble<\/li>\n\n\n\n<li>Mango Melocot\u00f3n Sand\u00eda<\/li>\n<\/ol>\n\n\n\n<p>Los fans de los productos Bang suelen explorar toda nuestra gama para encontrar su vaporizador perfecto. Empieza por el <a href=\"https:\/\/vapemaison.com\">p\u00e1gina de inicio<\/a>, Descubra todos los productos de nuestra <a href=\"https:\/\/vapemaison.com\/shop\">tienda<\/a>, o sum\u00e9rgete en el <a href=\"https:\/\/vapemaison.com\/brand\/bang\">Marca Bang<\/a> para ver el programa completo. \u00bfBusca algo diferente? Visite <a href=\"https:\/\/vapemaison.com\/brand\/waspe\">Colecci\u00f3n WASPE<\/a> y <a href=\"https:\/\/vapemaison.com\/product-category\/puffs-count\/\">Categor\u00eda Puffs<\/a> tienen muchas opciones para cada vaper.<\/p>","protected":false},"excerpt":{"rendered":"<p>Disfruta de 18.000 caladas llenas de sabor y una generosa capacidad de 26ml, todo impulsado por una bobina de malla de 0,8ohm de alto rendimiento y una pantalla LED de estado inteligente. Elige tu concentraci\u00f3n de nicotina ideal hoy para asegurarte este avanzado modelo de alta capacidad mientras nuestra oferta actual y nuestra oferta de env\u00edo r\u00e1pido sigan activas.<\/p>","protected":false},"featured_media":17709,"comment_status":"open","ping_status":"closed","template":"","meta":[],"product_brand":[57],"product_cat":[175],"product_tag":[],"class_list":{"0":"post-17708","1":"product","2":"type-product","3":"status-publish","4":"has-post-thumbnail","6":"product_brand-bang","7":"product_cat-18k-puffs","9":"first","10":"instock","11":"sale","12":"shipping-taxable","13":"purchasable","14":"product-type-variable"},"yoast_head":"<!-- This site is optimized with the Yoast SEO plugin v27.4 - https:\/\/yoast.com\/product\/yoast-seo-wordpress\/ -->\n<title>Bang Box 18000 Puffs LED Display Disposable Vape - VapeMaison<\/title>\n<meta name=\"description\" content=\"Enjoy 18,000 puffs with the Bang Box Vape. Featuring a 26ml e-liquid, Type-C charging, and LED display. Customize nicotine levels with 0%-5%.\" \/>\n<meta name=\"robots\" content=\"index, follow, max-snippet:-1, max-image-preview:large, max-video-preview:-1\" \/>\n<link rel=\"canonical\" href=\"https:\/\/vapemaison.com\/es\/producto\/bang-box-18000-bocanadas-led-pantalla-desechable-vape\/\" \/>\n<meta property=\"og:locale\" content=\"es_ES\" \/>\n<meta property=\"og:type\" content=\"article\" \/>\n<meta property=\"og:title\" content=\"Bang Box 18000 Puffs LED Display Disposable Vape - VapeMaison\" \/>\n<meta property=\"og:description\" content=\"Enjoy 18,000 puffs with the Bang Box Vape. Featuring a 26ml e-liquid, Type-C charging, and LED display. Customize nicotine levels with 0%-5%.\" \/>\n<meta property=\"og:url\" content=\"https:\/\/vapemaison.com\/es\/producto\/bang-box-18000-bocanadas-led-pantalla-desechable-vape\/\" \/>\n<meta property=\"og:site_name\" content=\"VapeMaison\" \/>\n<meta property=\"article:modified_time\" content=\"2025-12-22T09:18:25+00:00\" \/>\n<meta property=\"og:image\" content=\"https:\/\/vapemaison.com\/wp-content\/uploads\/2025\/12\/vape-bang-box-18000-puffs-00018.png.webp\" \/>\n\t<meta property=\"og:image:width\" content=\"1000\" \/>\n\t<meta property=\"og:image:height\" content=\"1000\" \/>\n\t<meta property=\"og:image:type\" content=\"image\/webp\" \/>\n<meta name=\"twitter:card\" content=\"summary_large_image\" \/>\n<meta name=\"twitter:label1\" content=\"Tiempo de lectura\" \/>\n\t<meta name=\"twitter:data1\" content=\"2 minutos\" \/>\n<!-- \/ Yoast SEO plugin. -->","yoast_head_json":{"title":"Bang Box 18000 Puffs Pantalla LED Vape Desechable - VapeMaison","description":"Disfruta de 18.000 caladas con el Bang Box Vape. Con 26 ml de e-l\u00edquido, carga Type-C y pantalla LED. Personaliza los niveles de nicotina con 0%-5%.","robots":{"index":"index","follow":"follow","max-snippet":"max-snippet:-1","max-image-preview":"max-image-preview:large","max-video-preview":"max-video-preview:-1"},"canonical":"https:\/\/vapemaison.com\/es\/producto\/bang-box-18000-bocanadas-led-pantalla-desechable-vape\/","og_locale":"es_ES","og_type":"article","og_title":"Bang Box 18000 Puffs LED Display Disposable Vape - VapeMaison","og_description":"Enjoy 18,000 puffs with the Bang Box Vape. Featuring a 26ml e-liquid, Type-C charging, and LED display. Customize nicotine levels with 0%-5%.","og_url":"https:\/\/vapemaison.com\/es\/producto\/bang-box-18000-bocanadas-led-pantalla-desechable-vape\/","og_site_name":"VapeMaison","article_modified_time":"2025-12-22T09:18:25+00:00","og_image":[{"width":1000,"height":1000,"url":"https:\/\/vapemaison.com\/wp-content\/uploads\/2025\/12\/vape-bang-box-18000-puffs-00018.png.webp","type":"image\/webp"}],"twitter_card":"summary_large_image","twitter_misc":{"Tiempo de lectura":"2 minutos"},"schema":{"@context":"https:\/\/schema.org","@graph":[{"@type":"WebPage","@id":"https:\/\/vapemaison.com\/product\/bang-box-18000-puffs-led-display-disposable-vape\/","url":"https:\/\/vapemaison.com\/product\/bang-box-18000-puffs-led-display-disposable-vape\/","name":"Bang Box 18000 Puffs Pantalla LED Vape Desechable - VapeMaison","isPartOf":{"@id":"https:\/\/vapemaison.com\/#website"},"primaryImageOfPage":{"@id":"https:\/\/vapemaison.com\/product\/bang-box-18000-puffs-led-display-disposable-vape\/#primaryimage"},"image":{"@id":"https:\/\/vapemaison.com\/product\/bang-box-18000-puffs-led-display-disposable-vape\/#primaryimage"},"thumbnailUrl":"https:\/\/vapemaison.com\/wp-content\/uploads\/2025\/12\/vape-bang-box-18000-puffs-00018.png.webp","datePublished":"2025-12-12T08:37:35+00:00","dateModified":"2025-12-22T09:18:25+00:00","description":"Disfruta de 18.000 caladas con el Bang Box Vape. Con 26 ml de e-l\u00edquido, carga Type-C y pantalla LED. Personaliza los niveles de nicotina con 0%-5%.","breadcrumb":{"@id":"https:\/\/vapemaison.com\/product\/bang-box-18000-puffs-led-display-disposable-vape\/#breadcrumb"},"inLanguage":"es","potentialAction":[{"@type":"ReadAction","target":["https:\/\/vapemaison.com\/product\/bang-box-18000-puffs-led-display-disposable-vape\/"]}]},{"@type":"ImageObject","inLanguage":"es","@id":"https:\/\/vapemaison.com\/product\/bang-box-18000-puffs-led-display-disposable-vape\/#primaryimage","url":"https:\/\/vapemaison.com\/wp-content\/uploads\/2025\/12\/vape-bang-box-18000-puffs-00018.png.webp","contentUrl":"https:\/\/vapemaison.com\/wp-content\/uploads\/2025\/12\/vape-bang-box-18000-puffs-00018.png.webp","width":1000,"height":1000,"caption":"vape-bang-box-18000-puffs-00018.png"},{"@type":"BreadcrumbList","@id":"https:\/\/vapemaison.com\/product\/bang-box-18000-puffs-led-display-disposable-vape\/#breadcrumb","itemListElement":[{"@type":"ListItem","position":1,"name":"\u9996\u9875","item":"https:\/\/vapemaison.com\/"},{"@type":"ListItem","position":2,"name":"Shop","item":"https:\/\/vapemaison.com\/shop\/"},{"@type":"ListItem","position":3,"name":"Bang","item":"https:\/\/vapemaison.com\/brand\/bang\/"},{"@type":"ListItem","position":4,"name":"Bang Box 18000 Puffs LED Display Disposable Vape"}]},{"@type":"WebSite","@id":"https:\/\/vapemaison.com\/#website","url":"https:\/\/vapemaison.com\/","name":"VapeMaison","description":"Dispositivos y accesorios premium para vapear","publisher":{"@id":"https:\/\/vapemaison.com\/#organization"},"potentialAction":[{"@type":"SearchAction","target":{"@type":"EntryPoint","urlTemplate":"https:\/\/vapemaison.com\/?s={search_term_string}"},"query-input":{"@type":"PropertyValueSpecification","valueRequired":true,"valueName":"search_term_string"}}],"inLanguage":"es"},{"@type":"Organization","@id":"https:\/\/vapemaison.com\/#organization","name":"VapeMaison","url":"https:\/\/vapemaison.com\/","logo":{"@type":"ImageObject","inLanguage":"es","@id":"https:\/\/vapemaison.com\/#\/schema\/logo\/image\/","url":"https:\/\/vapemaison.com\/wp-content\/uploads\/2026\/01\/cropped-vapemaison-logo-g-2026.webp","contentUrl":"https:\/\/vapemaison.com\/wp-content\/uploads\/2026\/01\/cropped-vapemaison-logo-g-2026.webp","width":350,"height":280,"caption":"VapeMaison"},"image":{"@id":"https:\/\/vapemaison.com\/#\/schema\/logo\/image\/"},"sameAs":["https:\/\/www.youtube.com\/@VapeMaison"]}]}},"tiered_pricing_type":"fixed","tiered_pricing_fixed_rules":{"30":"7.43","50":"6.98","100":"6.63","200":"5.99"},"tiered_pricing_product_settings":{"layout":"default","base_unit_name":{"singular":null,"plural":null},"default_variation":null},"tiered_pricing_minimum_quantity":10,"tiered_pricing_roles_data":[],"tiered_pricing_percentage_rules":[],"tiered_pricing_maximum_quantity":null,"tiered_pricing_quantity_step":"10","_links":{"self":[{"href":"https:\/\/vapemaison.com\/es\/wp-json\/wp\/v2\/product\/17708","targetHints":{"allow":["GET"]}}],"collection":[{"href":"https:\/\/vapemaison.com\/es\/wp-json\/wp\/v2\/product"}],"about":[{"href":"https:\/\/vapemaison.com\/es\/wp-json\/wp\/v2\/types\/product"}],"replies":[{"embeddable":true,"href":"https:\/\/vapemaison.com\/es\/wp-json\/wp\/v2\/comments?post=17708"}],"version-history":[{"count":0,"href":"https:\/\/vapemaison.com\/es\/wp-json\/wp\/v2\/product\/17708\/revisions"}],"wp:featuredmedia":[{"embeddable":true,"href":"https:\/\/vapemaison.com\/es\/wp-json\/wp\/v2\/media\/17709"}],"wp:attachment":[{"href":"https:\/\/vapemaison.com\/es\/wp-json\/wp\/v2\/media?parent=17708"}],"wp:term":[{"taxonomy":"product_brand","embeddable":true,"href":"https:\/\/vapemaison.com\/es\/wp-json\/wp\/v2\/product_brand?post=17708"},{"taxonomy":"product_cat","embeddable":true,"href":"https:\/\/vapemaison.com\/es\/wp-json\/wp\/v2\/product_cat?post=17708"},{"taxonomy":"product_tag","embeddable":true,"href":"https:\/\/vapemaison.com\/es\/wp-json\/wp\/v2\/product_tag?post=17708"}],"curies":[{"name":"wp","href":"https:\/\/api.w.org\/{rel}","templated":true}]}}