

{"id":17861,"date":"2025-12-12T09:03:53","date_gmt":"2025-12-12T09:03:53","guid":{"rendered":"https:\/\/vapemaison.com\/?post_type=product&#038;p=17861"},"modified":"2026-01-09T08:36:04","modified_gmt":"2026-01-09T08:36:04","slug":"bang-king-pantalla-inteligente-15000-puffs-vape","status":"publish","type":"product","link":"https:\/\/vapemaison.com\/es\/product\/bang-king-smart-screen-15000-puffs-vape\/","title":{"rendered":"Bang King Pantalla Inteligente 15000 Puffs Vape Desechable"},"content":{"rendered":"<p>En <strong>Bang King Smartscreen 15000 Puffs Pantalla LED Vape Desechable<\/strong> es un dispositivo premium dise\u00f1ado para quienes exigen un rendimiento y una comodidad superiores. Con una impresionante <strong>Capacidad de 25 ml de e-l\u00edquido<\/strong> y <strong>15000 bocanadas<\/strong>, Este vape ofrece una experiencia duradera y satisfactoria. El <strong>Bater\u00eda de 650 mAh<\/strong> proporciona energ\u00eda fiable, mientras que el <strong>Puerto recargable de tipo C<\/strong> garantiza una carga r\u00e1pida y eficaz.<\/p>\n\n\n\n<p>En <strong>Alambre calefactor con n\u00facleo de malla de 1.0\u03a9<\/strong> proporciona un vapor consistente y suave, maximizando el sabor y el rendimiento con cada calada. El <strong>Pantalla LED<\/strong> ofrece visibilidad en tiempo real tanto del <strong>bater\u00eda<\/strong> y <strong>niveles de e-l\u00edquido<\/strong>, que permite a los usuarios mantenerse informados y en control durante sus sesiones de vapeo.<\/p>\n\n\n\n<p>Con <strong>concentraciones de nicotina ajustables<\/strong> de <strong>0%, 2%, 3% y 5%<\/strong>, El <strong>Bang King Smartscreen<\/strong> se adapta a todas las preferencias, garantizando una experiencia optimizada tanto si prefieres un efecto sin nicotina como si prefieres un efecto m\u00e1s potente.<\/p>\n\n\n\n<h3 class=\"wp-block-heading\">Bang King <strong>Caracter\u00edsticas principales<\/strong><\/h3>\n\n\n\n<figure class=\"wp-block-table\"><table class=\"has-fixed-layout\"><thead><tr><th><strong>Caracter\u00edstica<\/strong><\/th><th><strong>Especificaci\u00f3n<\/strong><\/th><\/tr><\/thead><tbody><tr><td><strong>Capacidad de e-l\u00edquido<\/strong><\/td><td><strong>25 ml precargados<\/strong><\/td><\/tr><tr><td><strong>Potencia de nicotina<\/strong><\/td><td><strong>0%, 2%, 3%, 5%<\/strong><\/td><\/tr><tr><td><strong>Bater\u00eda<\/strong><\/td><td><strong>650 mAh recargable<\/strong><\/td><\/tr><tr><td><strong>Puffs<\/strong><\/td><td>Hasta <strong>15.000 bocanadas<\/strong><\/td><\/tr><tr><td><strong>Cargando<\/strong><\/td><td><strong>Puerto tipo C<\/strong><\/td><\/tr><tr><td><strong>Cable calefactor<\/strong><\/td><td><strong>N\u00facleo de malla de 1,0 \u03a9<\/strong><\/td><\/tr><tr><td><strong>Mostrar<\/strong><\/td><td><strong>Pantalla LED<\/strong> para niveles de bater\u00eda y e-l\u00edquido<\/td><\/tr><tr><td><strong>Embalaje<\/strong><\/td><td><strong>1 caja contiene 10 unidades<\/strong><\/td><\/tr><\/tbody><\/table><\/figure>\n\n\n\n<h3 class=\"wp-block-heading\"><strong>Lista de sabores<\/strong><\/h3>\n\n\n\n<ol class=\"wp-block-list\">\n<li>Blue Freeze<\/li>\n\n\n\n<li>Explosi\u00f3n de bayas<\/li>\n\n\n\n<li>Blue Cherry Lim\u00f3n<\/li>\n\n\n\n<li>Melocot\u00f3n helado<\/li>\n\n\n\n<li>Uva Freeze<\/li>\n\n\n\n<li>Melocot\u00f3n baya<\/li>\n\n\n\n<li>Razberry de manzana \u00e1cida<\/li>\n\n\n\n<li>Fruta triple<\/li>\n\n\n\n<li>Hielo exuberante<\/li>\n\n\n\n<li>Sand\u00eda con fresa<\/li>\n<\/ol>\n\n\n\n<p>Los fans de los productos Bang suelen explorar toda nuestra gama para encontrar su vaporizador perfecto. Empieza por el <a href=\"https:\/\/vapemaison.com\">p\u00e1gina de inicio<\/a>, y nuestro <a href=\"https:\/\/vapemaison.com\/product-category\/hot-series\/\">Los m\u00e1s vendidos<\/a> l\u00edneas.descubra todos los productos en nuestra <a href=\"https:\/\/vapemaison.com\/shop\">tienda<\/a>, o sum\u00e9rgete en el <a href=\"https:\/\/vapemaison.com\/brand\/bang\">Marca Bang<\/a> para ver el programa completo. \u00bfBusca algo diferente? Visite <a href=\"https:\/\/vapemaison.com\/brand\/waspe\">Colecci\u00f3n WASPE<\/a> y <a href=\"https:\/\/vapemaison.com\/product-category\/puffs-count\/\">Categor\u00eda Puffs<\/a> tienen muchas opciones para cada vaper. <\/p>","protected":false},"excerpt":{"rendered":"<div id=\"model-response-message-contentr_24982b67bbe72fe7\" class=\"markdown markdown-main-panel stronger enable-updated-hr-color\" dir=\"ltr\" aria-live=\"polite\" aria-busy=\"false\">\n<p data-path-to-node=\"0\">Maximice su satisfacci\u00f3n con 15.000 caladas suaves y una capacidad de 25 ml, todo supervisado a trav\u00e9s de una pantalla LED en tiempo real para un control total de la bater\u00eda y el l\u00edquido. Seleccione su concentraci\u00f3n de nicotina preferida y haga su pedido ahora para beneficiarse de nuestra disponibilidad de stock actual y env\u00edo prioritario.<\/p>\n<\/div>","protected":false},"featured_media":17866,"comment_status":"open","ping_status":"closed","template":"","meta":[],"product_brand":[57],"product_cat":[167],"product_tag":[],"class_list":{"0":"post-17861","1":"product","2":"type-product","3":"status-publish","4":"has-post-thumbnail","6":"product_brand-bang","7":"product_cat-15k-puffs","9":"first","10":"instock","11":"sale","12":"shipping-taxable","13":"purchasable","14":"product-type-variable"},"yoast_head":"<!-- This site is optimized with the Yoast SEO plugin v27.4 - https:\/\/yoast.com\/product\/yoast-seo-wordpress\/ -->\n<title>Bang King Smart Screen 15000 Puffs Vape \u2013 LED Display - VapeMaison<\/title>\n<meta name=\"description\" content=\"Enjoy 15,000 puffs with the Bang King Smartscreen Vape. 25ml e-liquid, mesh coil, LED display. Choose your nicotine strength and vape with style.\" \/>\n<meta name=\"robots\" content=\"index, follow, max-snippet:-1, max-image-preview:large, max-video-preview:-1\" \/>\n<link rel=\"canonical\" href=\"https:\/\/vapemaison.com\/es\/producto\/bang-king-pantalla-inteligente-15000-puffs-vape\/\" \/>\n<meta property=\"og:locale\" content=\"es_ES\" \/>\n<meta property=\"og:type\" content=\"article\" \/>\n<meta property=\"og:title\" content=\"Bang King Smart Screen 15000 Puffs Vape \u2013 LED Display - VapeMaison\" \/>\n<meta property=\"og:description\" content=\"Enjoy 15,000 puffs with the Bang King Smartscreen Vape. 25ml e-liquid, mesh coil, LED display. Choose your nicotine strength and vape with style.\" \/>\n<meta property=\"og:url\" content=\"https:\/\/vapemaison.com\/es\/producto\/bang-king-pantalla-inteligente-15000-puffs-vape\/\" \/>\n<meta property=\"og:site_name\" content=\"VapeMaison\" \/>\n<meta property=\"article:modified_time\" content=\"2026-01-09T08:36:04+00:00\" \/>\n<meta property=\"og:image\" content=\"https:\/\/vapemaison.com\/wp-content\/uploads\/2025\/12\/vape-bang-king-smartscreen-15000-puffs-00001-00006.png.webp\" \/>\n\t<meta property=\"og:image:width\" content=\"1000\" \/>\n\t<meta property=\"og:image:height\" content=\"1000\" \/>\n\t<meta property=\"og:image:type\" content=\"image\/webp\" \/>\n<meta name=\"twitter:card\" content=\"summary_large_image\" \/>\n<meta name=\"twitter:label1\" content=\"Tiempo de lectura\" \/>\n\t<meta name=\"twitter:data1\" content=\"2 minutos\" \/>\n<!-- \/ Yoast SEO plugin. -->","yoast_head_json":{"title":"Bang King Pantalla Inteligente 15000 Puffs Vape - Pantalla LED - VapeMaison","description":"Disfrute de 15.000 caladas con el Bang King Smartscreen Vape. 25ml e-liquid, bobina de malla, pantalla LED. Elija su potencia de nicotina y vapee con estilo.","robots":{"index":"index","follow":"follow","max-snippet":"max-snippet:-1","max-image-preview":"max-image-preview:large","max-video-preview":"max-video-preview:-1"},"canonical":"https:\/\/vapemaison.com\/es\/producto\/bang-king-pantalla-inteligente-15000-puffs-vape\/","og_locale":"es_ES","og_type":"article","og_title":"Bang King Smart Screen 15000 Puffs Vape \u2013 LED Display - VapeMaison","og_description":"Enjoy 15,000 puffs with the Bang King Smartscreen Vape. 25ml e-liquid, mesh coil, LED display. Choose your nicotine strength and vape with style.","og_url":"https:\/\/vapemaison.com\/es\/producto\/bang-king-pantalla-inteligente-15000-puffs-vape\/","og_site_name":"VapeMaison","article_modified_time":"2026-01-09T08:36:04+00:00","og_image":[{"width":1000,"height":1000,"url":"https:\/\/vapemaison.com\/wp-content\/uploads\/2025\/12\/vape-bang-king-smartscreen-15000-puffs-00001-00006.png.webp","type":"image\/webp"}],"twitter_card":"summary_large_image","twitter_misc":{"Tiempo de lectura":"2 minutos"},"schema":{"@context":"https:\/\/schema.org","@graph":[{"@type":"WebPage","@id":"https:\/\/vapemaison.com\/product\/bang-king-smart-screen-15000-puffs-vape\/","url":"https:\/\/vapemaison.com\/product\/bang-king-smart-screen-15000-puffs-vape\/","name":"Bang King Pantalla Inteligente 15000 Puffs Vape - Pantalla LED - VapeMaison","isPartOf":{"@id":"https:\/\/vapemaison.com\/#website"},"primaryImageOfPage":{"@id":"https:\/\/vapemaison.com\/product\/bang-king-smart-screen-15000-puffs-vape\/#primaryimage"},"image":{"@id":"https:\/\/vapemaison.com\/product\/bang-king-smart-screen-15000-puffs-vape\/#primaryimage"},"thumbnailUrl":"https:\/\/vapemaison.com\/wp-content\/uploads\/2025\/12\/vape-bang-king-smartscreen-15000-puffs-00001-00006.png.webp","datePublished":"2025-12-12T09:03:53+00:00","dateModified":"2026-01-09T08:36:04+00:00","description":"Disfrute de 15.000 caladas con el Bang King Smartscreen Vape. 25ml e-liquid, bobina de malla, pantalla LED. Elija su potencia de nicotina y vapee con estilo.","breadcrumb":{"@id":"https:\/\/vapemaison.com\/product\/bang-king-smart-screen-15000-puffs-vape\/#breadcrumb"},"inLanguage":"es","potentialAction":[{"@type":"ReadAction","target":["https:\/\/vapemaison.com\/product\/bang-king-smart-screen-15000-puffs-vape\/"]}]},{"@type":"ImageObject","inLanguage":"es","@id":"https:\/\/vapemaison.com\/product\/bang-king-smart-screen-15000-puffs-vape\/#primaryimage","url":"https:\/\/vapemaison.com\/wp-content\/uploads\/2025\/12\/vape-bang-king-smartscreen-15000-puffs-00001-00006.png.webp","contentUrl":"https:\/\/vapemaison.com\/wp-content\/uploads\/2025\/12\/vape-bang-king-smartscreen-15000-puffs-00001-00006.png.webp","width":1000,"height":1000,"caption":"vape-bang-king-smartscreen-15000-puffs-00001-00006.png"},{"@type":"BreadcrumbList","@id":"https:\/\/vapemaison.com\/product\/bang-king-smart-screen-15000-puffs-vape\/#breadcrumb","itemListElement":[{"@type":"ListItem","position":1,"name":"\u9996\u9875","item":"https:\/\/vapemaison.com\/"},{"@type":"ListItem","position":2,"name":"Shop","item":"https:\/\/vapemaison.com\/shop\/"},{"@type":"ListItem","position":3,"name":"Bang","item":"https:\/\/vapemaison.com\/brand\/bang\/"},{"@type":"ListItem","position":4,"name":"Bang King Smart Screen 15000 Puffs Disposable Vape"}]},{"@type":"WebSite","@id":"https:\/\/vapemaison.com\/#website","url":"https:\/\/vapemaison.com\/","name":"VapeMaison","description":"Dispositivos y accesorios premium para vapear","publisher":{"@id":"https:\/\/vapemaison.com\/#organization"},"potentialAction":[{"@type":"SearchAction","target":{"@type":"EntryPoint","urlTemplate":"https:\/\/vapemaison.com\/?s={search_term_string}"},"query-input":{"@type":"PropertyValueSpecification","valueRequired":true,"valueName":"search_term_string"}}],"inLanguage":"es"},{"@type":"Organization","@id":"https:\/\/vapemaison.com\/#organization","name":"VapeMaison","url":"https:\/\/vapemaison.com\/","logo":{"@type":"ImageObject","inLanguage":"es","@id":"https:\/\/vapemaison.com\/#\/schema\/logo\/image\/","url":"https:\/\/vapemaison.com\/wp-content\/uploads\/2026\/01\/cropped-vapemaison-logo-g-2026.webp","contentUrl":"https:\/\/vapemaison.com\/wp-content\/uploads\/2026\/01\/cropped-vapemaison-logo-g-2026.webp","width":350,"height":280,"caption":"VapeMaison"},"image":{"@id":"https:\/\/vapemaison.com\/#\/schema\/logo\/image\/"},"sameAs":["https:\/\/www.youtube.com\/@VapeMaison"]}]}},"tiered_pricing_type":"fixed","tiered_pricing_fixed_rules":{"30":"6.99","50":"6.63","100":"5.79","200":"5.24"},"tiered_pricing_product_settings":{"layout":"default","base_unit_name":{"singular":null,"plural":null},"default_variation":null},"tiered_pricing_minimum_quantity":10,"tiered_pricing_roles_data":[],"tiered_pricing_percentage_rules":[],"tiered_pricing_maximum_quantity":null,"tiered_pricing_quantity_step":"10","_links":{"self":[{"href":"https:\/\/vapemaison.com\/es\/wp-json\/wp\/v2\/product\/17861","targetHints":{"allow":["GET"]}}],"collection":[{"href":"https:\/\/vapemaison.com\/es\/wp-json\/wp\/v2\/product"}],"about":[{"href":"https:\/\/vapemaison.com\/es\/wp-json\/wp\/v2\/types\/product"}],"replies":[{"embeddable":true,"href":"https:\/\/vapemaison.com\/es\/wp-json\/wp\/v2\/comments?post=17861"}],"version-history":[{"count":0,"href":"https:\/\/vapemaison.com\/es\/wp-json\/wp\/v2\/product\/17861\/revisions"}],"wp:featuredmedia":[{"embeddable":true,"href":"https:\/\/vapemaison.com\/es\/wp-json\/wp\/v2\/media\/17866"}],"wp:attachment":[{"href":"https:\/\/vapemaison.com\/es\/wp-json\/wp\/v2\/media?parent=17861"}],"wp:term":[{"taxonomy":"product_brand","embeddable":true,"href":"https:\/\/vapemaison.com\/es\/wp-json\/wp\/v2\/product_brand?post=17861"},{"taxonomy":"product_cat","embeddable":true,"href":"https:\/\/vapemaison.com\/es\/wp-json\/wp\/v2\/product_cat?post=17861"},{"taxonomy":"product_tag","embeddable":true,"href":"https:\/\/vapemaison.com\/es\/wp-json\/wp\/v2\/product_tag?post=17861"}],"curies":[{"name":"wp","href":"https:\/\/api.w.org\/{rel}","templated":true}]}}