

{"id":18372,"date":"2025-12-15T07:51:39","date_gmt":"2025-12-15T07:51:39","guid":{"rendered":"https:\/\/vapemaison.com\/?post_type=product&#038;p=18372"},"modified":"2026-01-09T08:58:38","modified_gmt":"2026-01-09T08:58:38","slug":"vape-recargable-vozol-rave-40000-caladas-sabor-arandano-helado","status":"publish","type":"product","link":"https:\/\/vapemaison.com\/es\/product\/rechargeable-vape-vozol-rave-40000-puffs-blueberry-ice-flavor\/","title":{"rendered":"VOZOL RAVE 40000 Puffs | Pantalla LED Sabor Sand\u00eda Ar\u00e1ndanos | VOZOL Vapes"},"content":{"rendered":"<h2 class=\"wp-block-heading\">VOZOL RAVE 40000 Puffs Sand\u00eda Ar\u00e1ndanos: Un d\u00fao jugoso<\/h2>\n\n\n\n<p>En <strong>VOZOL RAVE 40000 Puffs Vape Desechable<\/strong> en Blueberry Watermelon ofrece una deliciosa mezcla veraniega, combinando dos de los sabores frutales m\u00e1s populares en una experiencia inolvidable. Dise\u00f1ado para una resistencia sin igual, este modelo cuenta con un impresionante <strong>Capacidad para 40000 soplidos<\/strong> y presenta el llamativo <strong>Espect\u00e1culo de luces LED de 270<\/strong>. Este <strong>Vape recargable<\/strong> est\u00e1 dise\u00f1ado para vapeadores que exigen tanto una fidelidad de sabor superior como una longevidad extrema.<\/p>\n\n\n\n<h4 class=\"wp-block-heading\">Fest\u00edn de sabores: Descubra su favorito<\/h4>\n\n\n\n<h2 class=\"wp-block-heading\">Sand\u00eda con ar\u00e1ndanos: Las bayas dulces se unen al mel\u00f3n hidratante<\/h2>\n\n\n\n<p>Blueberry Watermelon es una sofisticada mezcla de sabores que equilibra las notas profundas y ligeramente \u00e1cidas del <strong>ar\u00e1ndanos frescos<\/strong> con el <strong>el dulzor ligero e hidratante de la sand\u00eda madura<\/strong>. Esta combinaci\u00f3n es incre\u00edblemente suave y refrescante, por lo que es un excelente vape durante todo el d\u00eda sin ning\u00fan tipo de frescor abrumador.<\/p>\n\n\n\n<ul class=\"wp-block-list\">\n<li>Hielo Razz Azul<\/li>\n\n\n\n<li>Hielo de ar\u00e1ndanos<\/li>\n\n\n\n<li><strong>Sand\u00eda con ar\u00e1ndanos:<\/strong> Una fusi\u00f3n equilibrada de dulce y rico ar\u00e1ndano y jugosa y refrescante sand\u00eda.<\/li>\n\n\n\n<li>Fresa cereza<\/li>\n\n\n\n<li>Menta fresca<\/li>\n\n\n\n<li>Manzana doble<\/li>\n\n\n\n<li>Hielo de uva<\/li>\n\n\n\n<li>Amor 777<\/li>\n\n\n\n<li>Mango Ice<\/li>\n\n\n\n<li>Mango Melocot\u00f3n<\/li>\n\n\n\n<li>Melocot\u00f3n helado<\/li>\n\n\n\n<li>Limonada de frambuesa y melocot\u00f3n<\/li>\n\n\n\n<li>Fresa helada<\/li>\n\n\n\n<li>Fresa Kiwi<\/li>\n\n\n\n<li>Fresa Mango<\/li>\n\n\n\n<li>Sand\u00eda con fresa<\/li>\n\n\n\n<li>Sand\u00eda Melocot\u00f3n<\/li>\n\n\n\n<li>Sand\u00eda Chicle<\/li>\n\n\n\n<li>Hielo de sand\u00eda<\/li>\n\n\n\n<li>Sand\u00eda Razz Rancher<\/li>\n<\/ul>\n\n\n\n<h4 class=\"wp-block-heading\">Especificaciones t\u00e9cnicas y dise\u00f1o<\/h4>\n\n\n\n<h2 class=\"wp-block-heading\">VOZOL RAVE 40000 Especificaciones t\u00e9cnicas e innovaci\u00f3n<\/h2>\n\n\n\n<p>El VOZOL RAVE 40000 est\u00e1 fabricado con la tecnolog\u00eda m\u00e1s avanzada para garantizar una experiencia de primera en cada calada.<\/p>\n\n\n\n<ul class=\"wp-block-list\">\n<li><strong>Max Puffs:<\/strong> Aprox. <strong>40000 Puffs<\/strong><\/li>\n\n\n\n<li><strong>Capacidad de e-l\u00edquido:<\/strong> 20 ml<\/li>\n\n\n\n<li><strong>Bater\u00eda:<\/strong> 1000 mAh <strong>Recargable<\/strong><\/li>\n\n\n\n<li><strong>Potencia de nicotina:<\/strong> 5% (50mg\/ml) Nicotina salada<\/li>\n\n\n\n<li><strong>Sistema de bobinas:<\/strong> <strong>Bobina de malla doble<\/strong> con S.i.L.C. Tech<\/li>\n\n\n\n<li><strong>Cargando:<\/strong> Puerto USB tipo C (carga r\u00e1pida)<\/li>\n\n\n\n<li><strong>Reportaje especial:<\/strong> <strong>Pantalla LED con detecci\u00f3n de latido de 270<\/strong><\/li>\n\n\n\n<li><strong>Activaci\u00f3n:<\/strong> Activado por dibujo<\/li>\n<\/ul>\n\n\n\n<p>Gracias a la tecnolog\u00eda <strong>Bobina de malla doble<\/strong> El VOZOL RAVE 40000 separa y amplifica perfectamente las notas distintivas del ar\u00e1ndano y de la sand\u00eda, proporcionando un perfil de sabor suave y lleno de matices en todas las fases del proceso. <strong>40000 bocanadas<\/strong>.<\/p>\n\n\n\n<h4 class=\"wp-block-heading\">Razones para comprar ahora<\/h4>\n\n\n\n<h2 class=\"wp-block-heading\">Alerta de existencias limitadas: \u00a1Consigue tu VOZOL RAVE de sand\u00eda y ar\u00e1ndanos!<\/h2>\n\n\n\n<p>El VOZOL RAVE 40000 ha irrumpido con fuerza en el mercado, estableciendo el list\u00f3n para <strong>VOZOL vapes<\/strong> y <strong>40000 Puffs Vape desechable<\/strong> dispositivos. El complejo y satisfactorio sabor Blueberry Watermelon es una prueba obligada. <strong>Este lote de sabores espec\u00edficos es limitado.<\/strong><\/p>\n\n\n\n<p><strong>Act\u00fae r\u00e1pido:<\/strong> Aseg\u00farese ahora su VOZOL RAVE 40000 y experimente la perfecta armon\u00eda de sabores respaldada por un n\u00famero de caladas sin precedentes. <strong>No se demore: \u00a1a\u00f1ada hoy mismo este innovador Vape Recargable a su colecci\u00f3n!<\/strong><\/p>","protected":false},"excerpt":{"rendered":"<p>VOZOL RAVE 40000 Puffs Blueberry Watermelon: A Juicy Duet The VOZOL RAVE 40000 Puffs Disposable Vape in Blueberry Watermelon offers a delightful summer mashup, combining two of the most popular fruit flavors into one unforgettable experience. Engineered for unparalleled endurance, this model boasts a stunning 40000 puff capacity and features the attention-grabbing 270\u00b0 LED Light [&hellip;]<\/p>\n","protected":false},"featured_media":19283,"comment_status":"open","ping_status":"closed","template":"","meta":[],"product_brand":[178],"product_cat":[135],"product_tag":[],"class_list":{"0":"post-18372","1":"product","2":"type-product","3":"status-publish","4":"has-post-thumbnail","6":"product_brand-vozol","7":"product_cat-40k-puffs","9":"first","10":"instock","11":"sale","12":"featured","13":"shipping-taxable","14":"purchasable","15":"product-type-variable"},"yoast_head":"<!-- This site is optimized with the Yoast SEO plugin v27.4 - https:\/\/yoast.com\/product\/yoast-seo-wordpress\/ -->\n<title>VOZOL RAVE 40000 Puffs | Blueberry Watermelon Flavor LED Display | VOZOL Vapes<\/title>\n<meta name=\"description\" content=\"Try the exotic Blueberry Watermelon VOZOL RAVE 40000 Puffs Disposable Vape. Features a massive 20ml pre-filled tank and the revolutionary 270\u00b0 Beat-Sensing LED Light for a vibrant look. The perfect blend of sweet blueberry and juicy watermelon is waiting. Buy this premium Rechargeable Vape today for maximum flavor and enjoyment.\" \/>\n<meta name=\"robots\" content=\"index, follow, max-snippet:-1, max-image-preview:large, max-video-preview:-1\" \/>\n<link rel=\"canonical\" href=\"https:\/\/vapemaison.com\/es\/producto\/vape-recargable-vozol-rave-40000-caladas-sabor-arandano-helado\/\" \/>\n<meta property=\"og:locale\" content=\"es_ES\" \/>\n<meta property=\"og:type\" content=\"article\" \/>\n<meta property=\"og:title\" content=\"VOZOL RAVE 40000 Puffs | Blueberry Watermelon Flavor LED Display | VOZOL Vapes\" \/>\n<meta property=\"og:description\" content=\"Try the exotic Blueberry Watermelon VOZOL RAVE 40000 Puffs Disposable Vape. Features a massive 20ml pre-filled tank and the revolutionary 270\u00b0 Beat-Sensing LED Light for a vibrant look. The perfect blend of sweet blueberry and juicy watermelon is waiting. Buy this premium Rechargeable Vape today for maximum flavor and enjoyment.\" \/>\n<meta property=\"og:url\" content=\"https:\/\/vapemaison.com\/es\/producto\/vape-recargable-vozol-rave-40000-caladas-sabor-arandano-helado\/\" \/>\n<meta property=\"og:site_name\" content=\"VapeMaison\" \/>\n<meta property=\"article:modified_time\" content=\"2026-01-09T08:58:38+00:00\" \/>\n<meta property=\"og:image\" content=\"https:\/\/vapemaison.com\/wp-content\/uploads\/2025\/12\/vozol-rave-40000-Blueberry-Ice-2-768x768-1.webp\" \/>\n\t<meta property=\"og:image:width\" content=\"768\" \/>\n\t<meta property=\"og:image:height\" content=\"768\" \/>\n\t<meta property=\"og:image:type\" content=\"image\/webp\" \/>\n<meta name=\"twitter:card\" content=\"summary_large_image\" \/>\n<meta name=\"twitter:label1\" content=\"Tiempo de lectura\" \/>\n\t<meta name=\"twitter:data1\" content=\"2 minutos\" \/>\n<!-- \/ Yoast SEO plugin. -->","yoast_head_json":{"title":"VOZOL RAVE 40000 Puffs | Pantalla LED Sabor Sand\u00eda Ar\u00e1ndanos | VOZOL Vapes","description":"Prueba el ex\u00f3tico VOZOL RAVE 40000 Puffs Blueberry Watermelon Vape desechable. Cuenta con un enorme tanque precargado de 20ml y la revolucionaria luz LED de 270\u00b0 Beat-Sensing para un aspecto vibrante. La mezcla perfecta de dulce ar\u00e1ndano y jugosa sand\u00eda te est\u00e1 esperando. Compre este Vape Recargable de primera calidad hoy mismo para disfrutar del m\u00e1ximo sabor y placer.","robots":{"index":"index","follow":"follow","max-snippet":"max-snippet:-1","max-image-preview":"max-image-preview:large","max-video-preview":"max-video-preview:-1"},"canonical":"https:\/\/vapemaison.com\/es\/producto\/vape-recargable-vozol-rave-40000-caladas-sabor-arandano-helado\/","og_locale":"es_ES","og_type":"article","og_title":"VOZOL RAVE 40000 Puffs | Blueberry Watermelon Flavor LED Display | VOZOL Vapes","og_description":"Try the exotic Blueberry Watermelon VOZOL RAVE 40000 Puffs Disposable Vape. Features a massive 20ml pre-filled tank and the revolutionary 270\u00b0 Beat-Sensing LED Light for a vibrant look. The perfect blend of sweet blueberry and juicy watermelon is waiting. Buy this premium Rechargeable Vape today for maximum flavor and enjoyment.","og_url":"https:\/\/vapemaison.com\/es\/producto\/vape-recargable-vozol-rave-40000-caladas-sabor-arandano-helado\/","og_site_name":"VapeMaison","article_modified_time":"2026-01-09T08:58:38+00:00","og_image":[{"width":768,"height":768,"url":"https:\/\/vapemaison.com\/wp-content\/uploads\/2025\/12\/vozol-rave-40000-Blueberry-Ice-2-768x768-1.webp","type":"image\/webp"}],"twitter_card":"summary_large_image","twitter_misc":{"Tiempo de lectura":"2 minutos"},"schema":{"@context":"https:\/\/schema.org","@graph":[{"@type":"WebPage","@id":"https:\/\/vapemaison.com\/product\/rechargeable-vape-vozol-rave-40000-puffs-blueberry-ice-flavor\/","url":"https:\/\/vapemaison.com\/product\/rechargeable-vape-vozol-rave-40000-puffs-blueberry-ice-flavor\/","name":"VOZOL RAVE 40000 Puffs | Pantalla LED Sabor Sand\u00eda Ar\u00e1ndanos | VOZOL Vapes","isPartOf":{"@id":"https:\/\/vapemaison.com\/#website"},"primaryImageOfPage":{"@id":"https:\/\/vapemaison.com\/product\/rechargeable-vape-vozol-rave-40000-puffs-blueberry-ice-flavor\/#primaryimage"},"image":{"@id":"https:\/\/vapemaison.com\/product\/rechargeable-vape-vozol-rave-40000-puffs-blueberry-ice-flavor\/#primaryimage"},"thumbnailUrl":"https:\/\/vapemaison.com\/wp-content\/uploads\/2025\/12\/vozol-rave-40000-Blueberry-Ice-2-768x768-1.webp","datePublished":"2025-12-15T07:51:39+00:00","dateModified":"2026-01-09T08:58:38+00:00","description":"Prueba el ex\u00f3tico VOZOL RAVE 40000 Puffs Blueberry Watermelon Vape desechable. Cuenta con un enorme tanque precargado de 20ml y la revolucionaria luz LED de 270\u00b0 Beat-Sensing para un aspecto vibrante. La mezcla perfecta de dulce ar\u00e1ndano y jugosa sand\u00eda te est\u00e1 esperando. Compre este Vape Recargable de primera calidad hoy mismo para disfrutar del m\u00e1ximo sabor y placer.","breadcrumb":{"@id":"https:\/\/vapemaison.com\/product\/rechargeable-vape-vozol-rave-40000-puffs-blueberry-ice-flavor\/#breadcrumb"},"inLanguage":"es","potentialAction":[{"@type":"ReadAction","target":["https:\/\/vapemaison.com\/product\/rechargeable-vape-vozol-rave-40000-puffs-blueberry-ice-flavor\/"]}]},{"@type":"ImageObject","inLanguage":"es","@id":"https:\/\/vapemaison.com\/product\/rechargeable-vape-vozol-rave-40000-puffs-blueberry-ice-flavor\/#primaryimage","url":"https:\/\/vapemaison.com\/wp-content\/uploads\/2025\/12\/vozol-rave-40000-Blueberry-Ice-2-768x768-1.webp","contentUrl":"https:\/\/vapemaison.com\/wp-content\/uploads\/2025\/12\/vozol-rave-40000-Blueberry-Ice-2-768x768-1.webp","width":768,"height":768,"caption":"Vozol Rave Blueberry Ice 2 768x768 Disposable Vape Device"},{"@type":"BreadcrumbList","@id":"https:\/\/vapemaison.com\/product\/rechargeable-vape-vozol-rave-40000-puffs-blueberry-ice-flavor\/#breadcrumb","itemListElement":[{"@type":"ListItem","position":1,"name":"\u9996\u9875","item":"https:\/\/vapemaison.com\/"},{"@type":"ListItem","position":2,"name":"Shop","item":"https:\/\/vapemaison.com\/shop\/"},{"@type":"ListItem","position":3,"name":"Vozol","item":"https:\/\/vapemaison.com\/brand\/vozol\/"},{"@type":"ListItem","position":4,"name":"VOZOL RAVE 40000 Puffs | Blueberry Watermelon Flavor LED Display | VOZOL Vapes"}]},{"@type":"WebSite","@id":"https:\/\/vapemaison.com\/#website","url":"https:\/\/vapemaison.com\/","name":"VapeMaison","description":"Dispositivos y accesorios premium para vapear","publisher":{"@id":"https:\/\/vapemaison.com\/#organization"},"potentialAction":[{"@type":"SearchAction","target":{"@type":"EntryPoint","urlTemplate":"https:\/\/vapemaison.com\/?s={search_term_string}"},"query-input":{"@type":"PropertyValueSpecification","valueRequired":true,"valueName":"search_term_string"}}],"inLanguage":"es"},{"@type":"Organization","@id":"https:\/\/vapemaison.com\/#organization","name":"VapeMaison","url":"https:\/\/vapemaison.com\/","logo":{"@type":"ImageObject","inLanguage":"es","@id":"https:\/\/vapemaison.com\/#\/schema\/logo\/image\/","url":"https:\/\/vapemaison.com\/wp-content\/uploads\/2026\/01\/cropped-vapemaison-logo-g-2026.webp","contentUrl":"https:\/\/vapemaison.com\/wp-content\/uploads\/2026\/01\/cropped-vapemaison-logo-g-2026.webp","width":350,"height":280,"caption":"VapeMaison"},"image":{"@id":"https:\/\/vapemaison.com\/#\/schema\/logo\/image\/"},"sameAs":["https:\/\/www.youtube.com\/@VapeMaison"]}]}},"tiered_pricing_type":"fixed","tiered_pricing_fixed_rules":{"30":"12.24","50":"11.63","100":"10.86","200":"9.98"},"tiered_pricing_product_settings":{"layout":"default","base_unit_name":{"singular":null,"plural":null},"default_variation":null},"tiered_pricing_minimum_quantity":10,"tiered_pricing_roles_data":[],"tiered_pricing_percentage_rules":[],"tiered_pricing_maximum_quantity":null,"tiered_pricing_quantity_step":"10","_links":{"self":[{"href":"https:\/\/vapemaison.com\/es\/wp-json\/wp\/v2\/product\/18372","targetHints":{"allow":["GET"]}}],"collection":[{"href":"https:\/\/vapemaison.com\/es\/wp-json\/wp\/v2\/product"}],"about":[{"href":"https:\/\/vapemaison.com\/es\/wp-json\/wp\/v2\/types\/product"}],"replies":[{"embeddable":true,"href":"https:\/\/vapemaison.com\/es\/wp-json\/wp\/v2\/comments?post=18372"}],"version-history":[{"count":0,"href":"https:\/\/vapemaison.com\/es\/wp-json\/wp\/v2\/product\/18372\/revisions"}],"wp:featuredmedia":[{"embeddable":true,"href":"https:\/\/vapemaison.com\/es\/wp-json\/wp\/v2\/media\/19283"}],"wp:attachment":[{"href":"https:\/\/vapemaison.com\/es\/wp-json\/wp\/v2\/media?parent=18372"}],"wp:term":[{"taxonomy":"product_brand","embeddable":true,"href":"https:\/\/vapemaison.com\/es\/wp-json\/wp\/v2\/product_brand?post=18372"},{"taxonomy":"product_cat","embeddable":true,"href":"https:\/\/vapemaison.com\/es\/wp-json\/wp\/v2\/product_cat?post=18372"},{"taxonomy":"product_tag","embeddable":true,"href":"https:\/\/vapemaison.com\/es\/wp-json\/wp\/v2\/product_tag?post=18372"}],"curies":[{"name":"wp","href":"https:\/\/api.w.org\/{rel}","templated":true}]}}