

{"id":18422,"date":"2025-12-15T07:51:49","date_gmt":"2025-12-15T07:51:49","guid":{"rendered":"https:\/\/vapemaison.com\/?post_type=product&#038;p=18422"},"modified":"2025-12-20T09:17:38","modified_gmt":"2025-12-20T09:17:38","slug":"vozol-rave-cherry-strawberry-led-display-40k-puffs-vape-desechable","status":"publish","type":"product","link":"https:\/\/vapemaison.com\/es\/product\/vozol-rave-cherry-strawberry-led-display-40k-puffs-disposable-vape\/","title":{"rendered":"VOZOL RAVE Cherry Strawberry Pantalla LED | 40k Puffs Vape Desechable"},"content":{"rendered":"<p>En <strong>VOZOL RAVE 40000 Puffs Vape Desechable<\/strong> en Blue Razz Ice ofrece una estimulante combinaci\u00f3n de refresco dulce, \u00e1cido y helado. Dise\u00f1ado para el rendimiento y la diversi\u00f3n, este dispositivo cuenta con un sin precedentes <strong>40000 caladas<\/strong> y es VOZOL RAVE 40000 Puffs Cereza Fresa: Doble delicia<\/p>\n\n\n\n<p>En <strong>VOZOL RAVE 40000 Puffs Vape Desechable<\/strong> en Cherry Strawberry ofrece un perfil de sabor profundo e indulgente para los amantes de las mezclas de frutos rojos. Este excepcional dispositivo ofrece no s\u00f3lo un delicioso sabor, sino tambi\u00e9n una excelente <strong>40000 caladas<\/strong> y un dise\u00f1o llamativo y divertido con el <strong>Pantalla LED para fiestas de 270<\/strong>. Es el perfecto <strong>Vape recargable<\/strong> para un uso prolongado sin comprometer la intensidad del sabor ni el atractivo visual.<\/p>\n\n\n\n<h4 class=\"wp-block-heading\">Fest\u00edn de sabores: Descubra su favorito<\/h4>\n\n\n\n<h2 class=\"wp-block-heading\">Cereza y fresa: Un maridaje cl\u00e1sico y dulce<\/h2>\n\n\n\n<p>Fresa cereza es una fusi\u00f3n rica y satisfactoria en la que el <strong>nota profunda y ligeramente \u00e1cida de cerezas maduras<\/strong> armoniza con la <strong>el sabor brillante y dulce de las fresas frescas del huerto<\/strong>. El sabor resultante es complejo pero familiar, y ofrece una experiencia de vapeo dulce y reconfortante durante todo el d\u00eda.<\/p>\n\n\n\n<ul class=\"wp-block-list\">\n<li>Hielo Razz Azul<\/li>\n\n\n\n<li>Hielo de ar\u00e1ndanos<\/li>\n\n\n\n<li>Sand\u00eda con ar\u00e1ndanos<\/li>\n\n\n\n<li><strong>Fresa cereza:<\/strong> Una mezcla atrevida y dulce en la que el inconfundible sabor de la cereza complementa la dulzura cl\u00e1sica de la fresa.<\/li>\n\n\n\n<li>Menta fresca<\/li>\n\n\n\n<li>Manzana doble<\/li>\n\n\n\n<li>Hielo de uva<\/li>\n\n\n\n<li>Amor 777<\/li>\n\n\n\n<li>Mango Ice<\/li>\n\n\n\n<li>Mango Melocot\u00f3n<\/li>\n\n\n\n<li>Melocot\u00f3n helado<\/li>\n\n\n\n<li>Limonada de frambuesa y melocot\u00f3n<\/li>\n\n\n\n<li>Fresa helada<\/li>\n\n\n\n<li>Fresa Kiwi<\/li>\n\n\n\n<li>Fresa Mango<\/li>\n\n\n\n<li>Sand\u00eda con fresa<\/li>\n\n\n\n<li>Sand\u00eda Melocot\u00f3n<\/li>\n\n\n\n<li>Sand\u00eda Chicle<\/li>\n\n\n\n<li>Hielo de sand\u00eda<\/li>\n\n\n\n<li>Sand\u00eda Razz Rancher<\/li>\n<\/ul>\n\n\n\n<h4 class=\"wp-block-heading\">Especificaciones t\u00e9cnicas y dise\u00f1o<\/h4>\n\n\n\n<h2 class=\"wp-block-heading\">VOZOL RAVE 40000 Especificaciones t\u00e9cnicas e innovaci\u00f3n<\/h2>\n\n\n\n<p>El VOZOL RAVE 40000 est\u00e1 fabricado con la tecnolog\u00eda m\u00e1s avanzada para garantizar una experiencia de primera en cada calada.<\/p>\n\n\n\n<ul class=\"wp-block-list\">\n<li><strong>Max Puffs:<\/strong> Aprox. <strong>40000 Puffs<\/strong><\/li>\n\n\n\n<li><strong>Capacidad de e-l\u00edquido:<\/strong> 20 ml<\/li>\n\n\n\n<li><strong>Bater\u00eda:<\/strong> 1000 mAh <strong>Recargable<\/strong><\/li>\n\n\n\n<li><strong>Potencia de nicotina:<\/strong> 5% (50mg\/ml) Nicotina salada<\/li>\n\n\n\n<li><strong>Sistema de bobinas:<\/strong> <strong>Bobina de malla doble<\/strong> con S.i.L.C. Tech<\/li>\n\n\n\n<li><strong>Cargando:<\/strong> Puerto USB tipo C (carga r\u00e1pida)<\/li>\n\n\n\n<li><strong>Reportaje especial:<\/strong> <strong>Pantalla LED con detecci\u00f3n de latido de 270<\/strong><\/li>\n\n\n\n<li><strong>Activaci\u00f3n:<\/strong> Activado por dibujo<\/li>\n<\/ul>\n\n\n\n<p>El poderoso <strong>Bobina de malla doble<\/strong> dentro del VOZOL RAVE 40000 maneja con maestr\u00eda la rica mezcla de cereza y fresa, proporcionando las profundas notas frutales con la m\u00e1xima calidez y densidad de nube para una calada realmente satisfactoria en todo momento.<\/p>\n\n\n\n<h4 class=\"wp-block-heading\">D. \ud83d\uded2 Razones para comprar ahora<\/h4>\n\n\n\n<h2 class=\"wp-block-heading\">Alerta de existencias limitadas: \u00a1Consigue tu VOZOL RAVE de fresa y cereza!<\/h2>\n\n\n\n<p>El VOZOL RAVE 40000 se est\u00e1 convirtiendo r\u00e1pidamente en la referencia para <strong>40000 Puffs Vape desechable<\/strong> en todo el mundo, apreciado por su longevidad y rendimiento. El delicioso sabor a fresa y cereza est\u00e1 siempre muy solicitado. <strong>\u00a1Nos quedan unidades limitadas!<\/strong><\/p>\n\n\n\n<p><strong>Act\u00fae r\u00e1pido:<\/strong> Aseg\u00farese ahora su VOZOL RAVE 40000 y disfrute de una experiencia de vapeo premium e ininterrumpida respaldada por un espectacular show de luces. <strong>\u00a1Pide este incre\u00edble vape VOZOL antes de que se agote!<\/strong><\/p>\n\n\n\n<p><\/p>","protected":false},"excerpt":{"rendered":"<p>The VOZOL RAVE 40000 Puffs Disposable Vape in Blue Razz Ice delivers an exhilarating combination of sweet, tart, and icy refreshment. Engineered for performance and fun, this device boasts an unprecedented 40000 puff count and is VOZOL RAVE 40000 Puffs Cherry Strawberry: Double the Delight The VOZOL RAVE 40000 Puffs Disposable Vape in Cherry Strawberry [&hellip;]<\/p>\n","protected":false},"featured_media":19296,"comment_status":"open","ping_status":"closed","template":"","meta":[],"product_brand":[178],"product_cat":[135],"product_tag":[],"class_list":{"0":"post-18422","1":"product","2":"type-product","3":"status-publish","4":"has-post-thumbnail","6":"product_brand-vozol","7":"product_cat-40k-puffs","9":"first","10":"instock","11":"sale","12":"shipping-taxable","13":"purchasable","14":"product-type-variable"},"yoast_head":"<!-- This site is optimized with the Yoast SEO plugin v27.4 - https:\/\/yoast.com\/product\/yoast-seo-wordpress\/ -->\n<title>40k Puffs Disposable Vape | VOZOL RAVE Cherry Strawberry<\/title>\n<meta name=\"description\" content=\"Discover the luscious Cherry Strawberry VOZOL RAVE 40000, combining two sweet red fruits for an intense flavor. Enjoy 40000 Puffs, a massive 20ml capacity, and the thrilling 270\u00b0 Beat-Sensing LED Display. This is the ultimate VOZOL vapes experience. Order your long-lasting, flavor-rich device today!\" \/>\n<meta name=\"robots\" content=\"index, follow, max-snippet:-1, max-image-preview:large, max-video-preview:-1\" \/>\n<link rel=\"canonical\" href=\"https:\/\/vapemaison.com\/es\/producto\/vozol-rave-cherry-strawberry-led-display-40k-puffs-vape-desechable\/\" \/>\n<meta property=\"og:locale\" content=\"es_ES\" \/>\n<meta property=\"og:type\" content=\"article\" \/>\n<meta property=\"og:title\" content=\"40k Puffs Disposable Vape | VOZOL RAVE Cherry Strawberry\" \/>\n<meta property=\"og:description\" content=\"Discover the luscious Cherry Strawberry VOZOL RAVE 40000, combining two sweet red fruits for an intense flavor. Enjoy 40000 Puffs, a massive 20ml capacity, and the thrilling 270\u00b0 Beat-Sensing LED Display. This is the ultimate VOZOL vapes experience. Order your long-lasting, flavor-rich device today!\" \/>\n<meta property=\"og:url\" content=\"https:\/\/vapemaison.com\/es\/producto\/vozol-rave-cherry-strawberry-led-display-40k-puffs-vape-desechable\/\" \/>\n<meta property=\"og:site_name\" content=\"VapeMaison\" \/>\n<meta property=\"article:modified_time\" content=\"2025-12-20T09:17:38+00:00\" \/>\n<meta property=\"og:image\" content=\"https:\/\/vapemaison.com\/wp-content\/uploads\/2025\/12\/vozol-rave-40000-Peach-Ice-3-768x768-1.webp\" \/>\n\t<meta property=\"og:image:width\" content=\"768\" \/>\n\t<meta property=\"og:image:height\" content=\"768\" \/>\n\t<meta property=\"og:image:type\" content=\"image\/webp\" \/>\n<meta name=\"twitter:card\" content=\"summary_large_image\" \/>\n<meta name=\"twitter:label1\" content=\"Tiempo de lectura\" \/>\n\t<meta name=\"twitter:data1\" content=\"3 minutos\" \/>\n<!-- \/ Yoast SEO plugin. -->","yoast_head_json":{"title":"40k Puffs Vape Desechable | VOZOL RAVE Cherry Strawberry","description":"Descubra el exquisito VOZOL RAVE 40000 Cereza-Fresa, que combina dos dulces frutos rojos para un sabor intenso. Disfruta de 40000 caladas, una enorme capacidad de 20ml y la emocionante pantalla LED de 270\u00b0 con sensor de ritmo. Esta es la experiencia VOZOL vapes definitiva. Pida hoy mismo su dispositivo de larga duraci\u00f3n y sabor intenso.","robots":{"index":"index","follow":"follow","max-snippet":"max-snippet:-1","max-image-preview":"max-image-preview:large","max-video-preview":"max-video-preview:-1"},"canonical":"https:\/\/vapemaison.com\/es\/producto\/vozol-rave-cherry-strawberry-led-display-40k-puffs-vape-desechable\/","og_locale":"es_ES","og_type":"article","og_title":"40k Puffs Disposable Vape | VOZOL RAVE Cherry Strawberry","og_description":"Discover the luscious Cherry Strawberry VOZOL RAVE 40000, combining two sweet red fruits for an intense flavor. Enjoy 40000 Puffs, a massive 20ml capacity, and the thrilling 270\u00b0 Beat-Sensing LED Display. This is the ultimate VOZOL vapes experience. Order your long-lasting, flavor-rich device today!","og_url":"https:\/\/vapemaison.com\/es\/producto\/vozol-rave-cherry-strawberry-led-display-40k-puffs-vape-desechable\/","og_site_name":"VapeMaison","article_modified_time":"2025-12-20T09:17:38+00:00","og_image":[{"width":768,"height":768,"url":"https:\/\/vapemaison.com\/wp-content\/uploads\/2025\/12\/vozol-rave-40000-Peach-Ice-3-768x768-1.webp","type":"image\/webp"}],"twitter_card":"summary_large_image","twitter_misc":{"Tiempo de lectura":"3 minutos"},"schema":{"@context":"https:\/\/schema.org","@graph":[{"@type":"WebPage","@id":"https:\/\/vapemaison.com\/product\/vozol-rave-cherry-strawberry-led-display-40k-puffs-disposable-vape\/","url":"https:\/\/vapemaison.com\/product\/vozol-rave-cherry-strawberry-led-display-40k-puffs-disposable-vape\/","name":"40k Puffs Vape Desechable | VOZOL RAVE Cherry Strawberry","isPartOf":{"@id":"https:\/\/vapemaison.com\/#website"},"primaryImageOfPage":{"@id":"https:\/\/vapemaison.com\/product\/vozol-rave-cherry-strawberry-led-display-40k-puffs-disposable-vape\/#primaryimage"},"image":{"@id":"https:\/\/vapemaison.com\/product\/vozol-rave-cherry-strawberry-led-display-40k-puffs-disposable-vape\/#primaryimage"},"thumbnailUrl":"https:\/\/vapemaison.com\/wp-content\/uploads\/2025\/12\/vozol-rave-40000-Peach-Ice-3-768x768-1.webp","datePublished":"2025-12-15T07:51:49+00:00","dateModified":"2025-12-20T09:17:38+00:00","description":"Descubra el exquisito VOZOL RAVE 40000 Cereza-Fresa, que combina dos dulces frutos rojos para un sabor intenso. Disfruta de 40000 caladas, una enorme capacidad de 20ml y la emocionante pantalla LED de 270\u00b0 con sensor de ritmo. Esta es la experiencia VOZOL vapes definitiva. Pida hoy mismo su dispositivo de larga duraci\u00f3n y sabor intenso.","breadcrumb":{"@id":"https:\/\/vapemaison.com\/product\/vozol-rave-cherry-strawberry-led-display-40k-puffs-disposable-vape\/#breadcrumb"},"inLanguage":"es","potentialAction":[{"@type":"ReadAction","target":["https:\/\/vapemaison.com\/product\/vozol-rave-cherry-strawberry-led-display-40k-puffs-disposable-vape\/"]}]},{"@type":"ImageObject","inLanguage":"es","@id":"https:\/\/vapemaison.com\/product\/vozol-rave-cherry-strawberry-led-display-40k-puffs-disposable-vape\/#primaryimage","url":"https:\/\/vapemaison.com\/wp-content\/uploads\/2025\/12\/vozol-rave-40000-Peach-Ice-3-768x768-1.webp","contentUrl":"https:\/\/vapemaison.com\/wp-content\/uploads\/2025\/12\/vozol-rave-40000-Peach-Ice-3-768x768-1.webp","width":768,"height":768,"caption":"Vozol Rave Peach Ice 3 768x768 Disposable Vape Device"},{"@type":"BreadcrumbList","@id":"https:\/\/vapemaison.com\/product\/vozol-rave-cherry-strawberry-led-display-40k-puffs-disposable-vape\/#breadcrumb","itemListElement":[{"@type":"ListItem","position":1,"name":"\u9996\u9875","item":"https:\/\/vapemaison.com\/"},{"@type":"ListItem","position":2,"name":"Shop","item":"https:\/\/vapemaison.com\/shop\/"},{"@type":"ListItem","position":3,"name":"Vozol","item":"https:\/\/vapemaison.com\/brand\/vozol\/"},{"@type":"ListItem","position":4,"name":"VOZOL RAVE Cherry Strawberry LED Display | 40k Puffs Disposable Vape"}]},{"@type":"WebSite","@id":"https:\/\/vapemaison.com\/#website","url":"https:\/\/vapemaison.com\/","name":"VapeMaison","description":"Dispositivos y accesorios premium para vapear","publisher":{"@id":"https:\/\/vapemaison.com\/#organization"},"potentialAction":[{"@type":"SearchAction","target":{"@type":"EntryPoint","urlTemplate":"https:\/\/vapemaison.com\/?s={search_term_string}"},"query-input":{"@type":"PropertyValueSpecification","valueRequired":true,"valueName":"search_term_string"}}],"inLanguage":"es"},{"@type":"Organization","@id":"https:\/\/vapemaison.com\/#organization","name":"VapeMaison","url":"https:\/\/vapemaison.com\/","logo":{"@type":"ImageObject","inLanguage":"es","@id":"https:\/\/vapemaison.com\/#\/schema\/logo\/image\/","url":"https:\/\/vapemaison.com\/wp-content\/uploads\/2026\/01\/cropped-vapemaison-logo-g-2026.webp","contentUrl":"https:\/\/vapemaison.com\/wp-content\/uploads\/2026\/01\/cropped-vapemaison-logo-g-2026.webp","width":350,"height":280,"caption":"VapeMaison"},"image":{"@id":"https:\/\/vapemaison.com\/#\/schema\/logo\/image\/"},"sameAs":["https:\/\/www.youtube.com\/@VapeMaison"]}]}},"tiered_pricing_type":"fixed","tiered_pricing_fixed_rules":{"30":"12.24","50":"11.63","100":"10.86","200":"9.98"},"tiered_pricing_product_settings":{"layout":"default","base_unit_name":{"singular":null,"plural":null},"default_variation":null},"tiered_pricing_minimum_quantity":10,"tiered_pricing_roles_data":[],"tiered_pricing_percentage_rules":[],"tiered_pricing_maximum_quantity":null,"tiered_pricing_quantity_step":"10","_links":{"self":[{"href":"https:\/\/vapemaison.com\/es\/wp-json\/wp\/v2\/product\/18422","targetHints":{"allow":["GET"]}}],"collection":[{"href":"https:\/\/vapemaison.com\/es\/wp-json\/wp\/v2\/product"}],"about":[{"href":"https:\/\/vapemaison.com\/es\/wp-json\/wp\/v2\/types\/product"}],"replies":[{"embeddable":true,"href":"https:\/\/vapemaison.com\/es\/wp-json\/wp\/v2\/comments?post=18422"}],"version-history":[{"count":0,"href":"https:\/\/vapemaison.com\/es\/wp-json\/wp\/v2\/product\/18422\/revisions"}],"wp:featuredmedia":[{"embeddable":true,"href":"https:\/\/vapemaison.com\/es\/wp-json\/wp\/v2\/media\/19296"}],"wp:attachment":[{"href":"https:\/\/vapemaison.com\/es\/wp-json\/wp\/v2\/media?parent=18422"}],"wp:term":[{"taxonomy":"product_brand","embeddable":true,"href":"https:\/\/vapemaison.com\/es\/wp-json\/wp\/v2\/product_brand?post=18422"},{"taxonomy":"product_cat","embeddable":true,"href":"https:\/\/vapemaison.com\/es\/wp-json\/wp\/v2\/product_cat?post=18422"},{"taxonomy":"product_tag","embeddable":true,"href":"https:\/\/vapemaison.com\/es\/wp-json\/wp\/v2\/product_tag?post=18422"}],"curies":[{"name":"wp","href":"https:\/\/api.w.org\/{rel}","templated":true}]}}