

{"id":18472,"date":"2025-12-15T07:51:55","date_gmt":"2025-12-15T07:51:55","guid":{"rendered":"https:\/\/vapemaison.com\/?post_type=product&#038;p=18472"},"modified":"2026-01-09T08:58:17","modified_gmt":"2026-01-09T08:58:17","slug":"vozol-rave-doble-manzana-led-display-40k-puffs-vape-desechable","status":"publish","type":"product","link":"https:\/\/vapemaison.com\/es\/product\/vozol-rave-double-apple-led-display-40k-puffs-disposable-vape\/","title":{"rendered":"Vape Doble Manzana | VOZOL RAVE 40000 Puffs Pantalla LED | 40000 Puffs Vape Desechable"},"content":{"rendered":"<h2 class=\"wp-block-heading\">VVOZOL RAVE 40000 Puffs Doble Manzana: El cl\u00e1sico de siempre<\/h2>\n\n\n\n<p>En <strong>VOZOL RAVE 40000 Puffs Vape Desechable<\/strong> en Double Apple ofrece una experiencia frutal atemporal y profundamente satisfactoria, combinando notas de manzana roja y verde. Dise\u00f1ado para durar, este modelo ofrece un incre\u00edble <strong>40000 caladas<\/strong> alimentado por una fiable bater\u00eda de 1000mAh. El exclusivo <strong>Espect\u00e1culo de luces LED de 270<\/strong> a\u00f1ade un toque moderno a este sabor cl\u00e1sico, convirtiendo al VOZOL RAVE en el producto definitivo, duradero y visualmente din\u00e1mico. <strong>Vape recargable<\/strong> en el mercado.<\/p>\n\n\n\n<h4 class=\"wp-block-heading\">Fest\u00edn de sabores: Descubra su favorito<\/h4>\n\n\n\n<h2 class=\"wp-block-heading\">Doble Manzana: La mezcla perfecta de frutas<\/h2>\n\n\n\n<p>El sabor Doble Manzana es famoso por su complejidad, mezclando el <strong>notas crujientes y ligeramente \u00e1cidas de manzana verde<\/strong> con el <strong>matices dulces y suaves de manzana roja<\/strong>. El sabor resultante tiene mucho cuerpo, es arom\u00e1tico y proporciona un sabor frutal perfectamente equilibrado y ligeramente terroso que atrae a una amplia gama de vapeadores.<\/p>\n\n\n\n<ul class=\"wp-block-list\">\n<li>Hielo Razz Azul<\/li>\n\n\n\n<li>Hielo de ar\u00e1ndanos<\/li>\n\n\n\n<li>Sand\u00eda con ar\u00e1ndanos<\/li>\n\n\n\n<li>Fresa cereza<\/li>\n\n\n\n<li>Menta fresca<\/li>\n\n\n\n<li><strong>Doble manzana:<\/strong> Una mezcla rica y compleja de manzana roja dulce y manzana verde \u00e1cida, que proporciona una aut\u00e9ntica esencia frutal.<\/li>\n\n\n\n<li>Hielo de uva<\/li>\n\n\n\n<li>Amor 777<\/li>\n\n\n\n<li>Mango Ice<\/li>\n\n\n\n<li>Mango Melocot\u00f3n<\/li>\n\n\n\n<li>Melocot\u00f3n helado<\/li>\n\n\n\n<li>Limonada de frambuesa y melocot\u00f3n<\/li>\n\n\n\n<li>Fresa helada<\/li>\n\n\n\n<li>Fresa Kiwi<\/li>\n\n\n\n<li>Fresa Mango<\/li>\n\n\n\n<li>Sand\u00eda con fresa<\/li>\n\n\n\n<li>Sand\u00eda Melocot\u00f3n<\/li>\n\n\n\n<li>Sand\u00eda Chicle<\/li>\n\n\n\n<li>Hielo de sand\u00eda<\/li>\n\n\n\n<li>Sand\u00eda Razz Rancher<\/li>\n<\/ul>\n\n\n\n<h4 class=\"wp-block-heading\">Especificaciones t\u00e9cnicas y dise\u00f1o<\/h4>\n\n\n\n<h2 class=\"wp-block-heading\">VOZOL RAVE 40000 Especificaciones t\u00e9cnicas e innovaci\u00f3n<\/h2>\n\n\n\n<p>El VOZOL RAVE 40000 est\u00e1 fabricado con la tecnolog\u00eda m\u00e1s avanzada para garantizar una experiencia de primera en cada calada.<\/p>\n\n\n\n<ul class=\"wp-block-list\">\n<li><strong>Max Puffs:<\/strong> Aprox. <strong>40000 Puffs<\/strong><\/li>\n\n\n\n<li><strong>Capacidad de e-l\u00edquido:<\/strong> 20 ml<\/li>\n\n\n\n<li><strong>Bater\u00eda:<\/strong> 1000 mAh <strong>Recargable<\/strong><\/li>\n\n\n\n<li><strong>Potencia de nicotina:<\/strong> 5% (50mg\/ml) Nicotina salada<\/li>\n\n\n\n<li><strong>Sistema de bobinas:<\/strong> <strong>Bobina de malla doble<\/strong> con S.i.L.C. Tech<\/li>\n\n\n\n<li><strong>Cargando:<\/strong> Puerto USB tipo C (carga r\u00e1pida)<\/li>\n\n\n\n<li><strong>Reportaje especial:<\/strong> <strong>Pantalla LED con detecci\u00f3n de latido de 270<\/strong><\/li>\n\n\n\n<li><strong>Activaci\u00f3n:<\/strong> Activado por dibujo<\/li>\n<\/ul>\n\n\n\n<p>Los especializados <strong>Bobina de malla doble<\/strong> asegura que las sutiles diferencias entre las dos variedades de manzana se articulen completamente, dando a la VOZOL RAVE 40000 Doble Manzana una riqueza de sabor profunda y consistente desde la primera calada hasta la \u00faltima.<\/p>\n\n\n\n<h4 class=\"wp-block-heading\">Razones para comprar ahora<\/h4>\n\n\n\n<h2 class=\"wp-block-heading\">Alerta de existencias limitadas: \u00a1Consigue tu VOZOL RAVE doble de manzana!<\/h2>\n\n\n\n<p>El VOZOL RAVE 40000 est\u00e1 revolucionando el mercado de los desechables con su extraordinaria <strong>40000 Puffs Vape desechable<\/strong> cuenta. El cl\u00e1sico sabor Doble Manzana es uno de los favoritos en todo el mundo. <strong>Este sabor se est\u00e1 agotando r\u00e1pidamente.<\/strong><\/p>\n\n\n\n<p><strong>Act\u00fae r\u00e1pido:<\/strong> Aseg\u00farese ahora su VOZOL RAVE 40000 y disfrute de una experiencia de vapeo premium e ininterrumpida con un toque de estilo. <strong>No te pierdas este popular vape VOZOL, \u00a1haz tu pedido hoy mismo!<\/strong><\/p>","protected":false},"excerpt":{"rendered":"<p>VVOZOL RAVE 40000 Puffs Double Apple: The Timeless Classic The VOZOL RAVE 40000 Puffs Disposable Vape in Double Apple delivers a timeless, deeply satisfying fruit experience, combining both red and green apple notes. Engineered for endurance, this model offers an unbelievable 40000 puff count powered by a reliable 1000mAh battery. The unique 270\u00b0 LED Light [&hellip;]<\/p>\n","protected":false},"featured_media":19290,"comment_status":"open","ping_status":"closed","template":"","meta":[],"product_brand":[178],"product_cat":[135],"product_tag":[],"class_list":{"0":"post-18472","1":"product","2":"type-product","3":"status-publish","4":"has-post-thumbnail","6":"product_brand-vozol","7":"product_cat-40k-puffs","9":"first","10":"instock","11":"sale","12":"featured","13":"shipping-taxable","14":"purchasable","15":"product-type-variable"},"yoast_head":"<!-- This site is optimized with the Yoast SEO plugin v27.4 - https:\/\/yoast.com\/product\/yoast-seo-wordpress\/ -->\n<title>Double Apple Vape | VOZOL RAVE 40000 Puffs LED Display | 40000 Puffs Disposable Vape<\/title>\n<meta name=\"description\" content=\"Savor the rich, aromatic Double Apple VOZOL RAVE 40000. A classic blend delivered with 40000 puffs, a 20ml e-liquid capacity, and the dazzling 270\u00b0 Beat-Sensing LED Light. This premium Rechargeable Vape ensures maximum flavor fidelity and longevity. Shop VOZOL vapes now for an unparalleled vaping journey!\" \/>\n<meta name=\"robots\" content=\"index, follow, max-snippet:-1, max-image-preview:large, max-video-preview:-1\" \/>\n<link rel=\"canonical\" href=\"https:\/\/vapemaison.com\/es\/producto\/vozol-rave-doble-manzana-led-display-40k-puffs-vape-desechable\/\" \/>\n<meta property=\"og:locale\" content=\"es_ES\" \/>\n<meta property=\"og:type\" content=\"article\" \/>\n<meta property=\"og:title\" content=\"Double Apple Vape | VOZOL RAVE 40000 Puffs LED Display | 40000 Puffs Disposable Vape\" \/>\n<meta property=\"og:description\" content=\"Savor the rich, aromatic Double Apple VOZOL RAVE 40000. A classic blend delivered with 40000 puffs, a 20ml e-liquid capacity, and the dazzling 270\u00b0 Beat-Sensing LED Light. This premium Rechargeable Vape ensures maximum flavor fidelity and longevity. Shop VOZOL vapes now for an unparalleled vaping journey!\" \/>\n<meta property=\"og:url\" content=\"https:\/\/vapemaison.com\/es\/producto\/vozol-rave-doble-manzana-led-display-40k-puffs-vape-desechable\/\" \/>\n<meta property=\"og:site_name\" content=\"VapeMaison\" \/>\n<meta property=\"article:modified_time\" content=\"2026-01-09T08:58:17+00:00\" \/>\n<meta property=\"og:image\" content=\"https:\/\/vapemaison.com\/wp-content\/uploads\/2025\/12\/vozol-rave-40000-Double-Apple-3.webp\" \/>\n\t<meta property=\"og:image:width\" content=\"1200\" \/>\n\t<meta property=\"og:image:height\" content=\"1200\" \/>\n\t<meta property=\"og:image:type\" content=\"image\/webp\" \/>\n<meta name=\"twitter:card\" content=\"summary_large_image\" \/>\n<meta name=\"twitter:label1\" content=\"Tiempo de lectura\" \/>\n\t<meta name=\"twitter:data1\" content=\"2 minutos\" \/>\n<!-- \/ Yoast SEO plugin. -->","yoast_head_json":{"title":"Vape Doble Manzana | VOZOL RAVE 40000 Puffs Pantalla LED | 40000 Puffs Vape Desechable","description":"Saborea el rico y arom\u00e1tico VOZOL RAVE 40000 Doble Manzana. Una mezcla cl\u00e1sica entregada con 40000 caladas, una capacidad de 20ml de e-l\u00edquido, y la deslumbrante luz LED de 270\u00b0 Beat-Sensing. Este vape recargable premium garantiza la m\u00e1xima fidelidad de sabor y longevidad. \u00a1Compre VOZOL vapes ahora para un viaje de vapeo sin igual!","robots":{"index":"index","follow":"follow","max-snippet":"max-snippet:-1","max-image-preview":"max-image-preview:large","max-video-preview":"max-video-preview:-1"},"canonical":"https:\/\/vapemaison.com\/es\/producto\/vozol-rave-doble-manzana-led-display-40k-puffs-vape-desechable\/","og_locale":"es_ES","og_type":"article","og_title":"Double Apple Vape | VOZOL RAVE 40000 Puffs LED Display | 40000 Puffs Disposable Vape","og_description":"Savor the rich, aromatic Double Apple VOZOL RAVE 40000. A classic blend delivered with 40000 puffs, a 20ml e-liquid capacity, and the dazzling 270\u00b0 Beat-Sensing LED Light. This premium Rechargeable Vape ensures maximum flavor fidelity and longevity. Shop VOZOL vapes now for an unparalleled vaping journey!","og_url":"https:\/\/vapemaison.com\/es\/producto\/vozol-rave-doble-manzana-led-display-40k-puffs-vape-desechable\/","og_site_name":"VapeMaison","article_modified_time":"2026-01-09T08:58:17+00:00","og_image":[{"width":1200,"height":1200,"url":"https:\/\/vapemaison.com\/wp-content\/uploads\/2025\/12\/vozol-rave-40000-Double-Apple-3.webp","type":"image\/webp"}],"twitter_card":"summary_large_image","twitter_misc":{"Tiempo de lectura":"2 minutos"},"schema":{"@context":"https:\/\/schema.org","@graph":[{"@type":"WebPage","@id":"https:\/\/vapemaison.com\/product\/vozol-rave-double-apple-led-display-40k-puffs-disposable-vape\/","url":"https:\/\/vapemaison.com\/product\/vozol-rave-double-apple-led-display-40k-puffs-disposable-vape\/","name":"Vape Doble Manzana | VOZOL RAVE 40000 Puffs Pantalla LED | 40000 Puffs Vape Desechable","isPartOf":{"@id":"https:\/\/vapemaison.com\/#website"},"primaryImageOfPage":{"@id":"https:\/\/vapemaison.com\/product\/vozol-rave-double-apple-led-display-40k-puffs-disposable-vape\/#primaryimage"},"image":{"@id":"https:\/\/vapemaison.com\/product\/vozol-rave-double-apple-led-display-40k-puffs-disposable-vape\/#primaryimage"},"thumbnailUrl":"https:\/\/vapemaison.com\/wp-content\/uploads\/2025\/12\/vozol-rave-40000-Double-Apple-3.webp","datePublished":"2025-12-15T07:51:55+00:00","dateModified":"2026-01-09T08:58:17+00:00","description":"Saborea el rico y arom\u00e1tico VOZOL RAVE 40000 Doble Manzana. Una mezcla cl\u00e1sica entregada con 40000 caladas, una capacidad de 20ml de e-l\u00edquido, y la deslumbrante luz LED de 270\u00b0 Beat-Sensing. Este vape recargable premium garantiza la m\u00e1xima fidelidad de sabor y longevidad. \u00a1Compre VOZOL vapes ahora para un viaje de vapeo sin igual!","breadcrumb":{"@id":"https:\/\/vapemaison.com\/product\/vozol-rave-double-apple-led-display-40k-puffs-disposable-vape\/#breadcrumb"},"inLanguage":"es","potentialAction":[{"@type":"ReadAction","target":["https:\/\/vapemaison.com\/product\/vozol-rave-double-apple-led-display-40k-puffs-disposable-vape\/"]}]},{"@type":"ImageObject","inLanguage":"es","@id":"https:\/\/vapemaison.com\/product\/vozol-rave-double-apple-led-display-40k-puffs-disposable-vape\/#primaryimage","url":"https:\/\/vapemaison.com\/wp-content\/uploads\/2025\/12\/vozol-rave-40000-Double-Apple-3.webp","contentUrl":"https:\/\/vapemaison.com\/wp-content\/uploads\/2025\/12\/vozol-rave-40000-Double-Apple-3.webp","width":1200,"height":1200,"caption":"Vozol Rave Double Apple Disposable Vape Device"},{"@type":"BreadcrumbList","@id":"https:\/\/vapemaison.com\/product\/vozol-rave-double-apple-led-display-40k-puffs-disposable-vape\/#breadcrumb","itemListElement":[{"@type":"ListItem","position":1,"name":"\u9996\u9875","item":"https:\/\/vapemaison.com\/"},{"@type":"ListItem","position":2,"name":"Shop","item":"https:\/\/vapemaison.com\/shop\/"},{"@type":"ListItem","position":3,"name":"Vozol","item":"https:\/\/vapemaison.com\/brand\/vozol\/"},{"@type":"ListItem","position":4,"name":"Double Apple Vape | VOZOL RAVE 40000 Puffs LED Display | 40000 Puffs Disposable Vape"}]},{"@type":"WebSite","@id":"https:\/\/vapemaison.com\/#website","url":"https:\/\/vapemaison.com\/","name":"VapeMaison","description":"Dispositivos y accesorios premium para vapear","publisher":{"@id":"https:\/\/vapemaison.com\/#organization"},"potentialAction":[{"@type":"SearchAction","target":{"@type":"EntryPoint","urlTemplate":"https:\/\/vapemaison.com\/?s={search_term_string}"},"query-input":{"@type":"PropertyValueSpecification","valueRequired":true,"valueName":"search_term_string"}}],"inLanguage":"es"},{"@type":"Organization","@id":"https:\/\/vapemaison.com\/#organization","name":"VapeMaison","url":"https:\/\/vapemaison.com\/","logo":{"@type":"ImageObject","inLanguage":"es","@id":"https:\/\/vapemaison.com\/#\/schema\/logo\/image\/","url":"https:\/\/vapemaison.com\/wp-content\/uploads\/2026\/01\/cropped-vapemaison-logo-g-2026.webp","contentUrl":"https:\/\/vapemaison.com\/wp-content\/uploads\/2026\/01\/cropped-vapemaison-logo-g-2026.webp","width":350,"height":280,"caption":"VapeMaison"},"image":{"@id":"https:\/\/vapemaison.com\/#\/schema\/logo\/image\/"},"sameAs":["https:\/\/www.youtube.com\/@VapeMaison"]}]}},"tiered_pricing_type":"fixed","tiered_pricing_fixed_rules":{"30":"12.24","50":"11.63","100":"10.86","200":"9.98"},"tiered_pricing_product_settings":{"layout":"default","base_unit_name":{"singular":null,"plural":null},"default_variation":null},"tiered_pricing_minimum_quantity":10,"tiered_pricing_roles_data":[],"tiered_pricing_percentage_rules":[],"tiered_pricing_maximum_quantity":null,"tiered_pricing_quantity_step":"10","_links":{"self":[{"href":"https:\/\/vapemaison.com\/es\/wp-json\/wp\/v2\/product\/18472","targetHints":{"allow":["GET"]}}],"collection":[{"href":"https:\/\/vapemaison.com\/es\/wp-json\/wp\/v2\/product"}],"about":[{"href":"https:\/\/vapemaison.com\/es\/wp-json\/wp\/v2\/types\/product"}],"replies":[{"embeddable":true,"href":"https:\/\/vapemaison.com\/es\/wp-json\/wp\/v2\/comments?post=18472"}],"version-history":[{"count":0,"href":"https:\/\/vapemaison.com\/es\/wp-json\/wp\/v2\/product\/18472\/revisions"}],"wp:featuredmedia":[{"embeddable":true,"href":"https:\/\/vapemaison.com\/es\/wp-json\/wp\/v2\/media\/19290"}],"wp:attachment":[{"href":"https:\/\/vapemaison.com\/es\/wp-json\/wp\/v2\/media?parent=18472"}],"wp:term":[{"taxonomy":"product_brand","embeddable":true,"href":"https:\/\/vapemaison.com\/es\/wp-json\/wp\/v2\/product_brand?post=18472"},{"taxonomy":"product_cat","embeddable":true,"href":"https:\/\/vapemaison.com\/es\/wp-json\/wp\/v2\/product_cat?post=18472"},{"taxonomy":"product_tag","embeddable":true,"href":"https:\/\/vapemaison.com\/es\/wp-json\/wp\/v2\/product_tag?post=18472"}],"curies":[{"name":"wp","href":"https:\/\/api.w.org\/{rel}","templated":true}]}}