

{"id":18522,"date":"2025-12-15T07:52:00","date_gmt":"2025-12-15T07:52:00","guid":{"rendered":"https:\/\/vapemaison.com\/?post_type=product&#038;p=18522"},"modified":"2025-12-20T09:15:30","modified_gmt":"2025-12-20T09:15:30","slug":"40000-caladas-vape-desechable-vozol-rave-mango-sabor-hielo-led-vape-recargable","status":"publish","type":"product","link":"https:\/\/vapemaison.com\/es\/product\/40000-puffs-disposable-vape-vozol-rave-mango-ice-flavor-led-rechargeable-vape\/","title":{"rendered":"40000 Puffs Vape Desechable | VOZOL RAVE Mango Ice Flavor LED | Vape Recargable"},"content":{"rendered":"<p>En <strong>VOZOL RAVE 40000 Puffs Vape Desechable<\/strong> en el intrigante sabor Love 777 ofrece una experiencia de vapeo verdaderamente \u00fanica y cautivadora que te mantiene adivinando. Dise\u00f1ado para el vapeador aventurero, este dispositivo proporciona una inigualable <strong>40000 <\/strong>VOZOL RAVE 40000 Puffs Mango Ice: Para\u00edso Tropical, Explosi\u00f3n \u00c1rtica<\/p>\n\n\n\n<p>En <strong>VOZOL RAVE 40000 Puffs Vape Desechable<\/strong> en Mango Ice aporta la mezcla perfecta de dulzura ex\u00f3tica y mentol refrescante. Este dispositivo es un campe\u00f3n indiscutible de la longevidad, ofreciendo un <strong>Capacidad para 40000 soplidos<\/strong> y con el llamativo <strong>Espect\u00e1culo de luces LED de 270<\/strong>. El VOZOL RAVE es el <strong>Vape recargable<\/strong> para los que desean una escapada tropical potente y duradera con cada calada.<\/p>\n\n\n\n<h4 class=\"wp-block-heading\">Fest\u00edn de sabores: Descubra su favorito<\/h4>\n\n\n\n<h2 class=\"wp-block-heading\">Mango Ice: dulce, jugoso y fresco<\/h2>\n\n\n\n<p>Mango Ice ofrece lo aut\u00e9ntico, <strong>exuberante sabor de mangos perfectamente maduros y dulces<\/strong>, caracterizados por su perfil profundo y fragante. La dulzura se ve bellamente contrastada por un <strong>exhalaci\u00f3n mentolada de potencia media<\/strong>, El resultado es una sensaci\u00f3n de frescor y jugosidad tropical que nunca resulta demasiado fuerte.<\/p>\n\n\n\n<ul class=\"wp-block-list\">\n<li>Hielo Razz Azul<\/li>\n\n\n\n<li>Hielo de ar\u00e1ndanos<\/li>\n\n\n\n<li>Sand\u00eda con ar\u00e1ndanos<\/li>\n\n\n\n<li>Fresa cereza<\/li>\n\n\n\n<li>Menta fresca<\/li>\n\n\n\n<li>Manzana doble<\/li>\n\n\n\n<li>Hielo de uva<\/li>\n\n\n\n<li>Amor 777<\/li>\n\n\n\n<li><strong>Mango Ice:<\/strong> El sabor fragante y profundamente dulce del mango maduro terminado con una limpia y refrescante capa de hielo.<\/li>\n\n\n\n<li>Mango Melocot\u00f3n<\/li>\n\n\n\n<li>Melocot\u00f3n helado<\/li>\n\n\n\n<li>Limonada de frambuesa y melocot\u00f3n<\/li>\n\n\n\n<li>Fresa helada<\/li>\n\n\n\n<li>Fresa Kiwi<\/li>\n\n\n\n<li>Fresa Mango<\/li>\n\n\n\n<li>Sand\u00eda con fresa<\/li>\n\n\n\n<li>Sand\u00eda Melocot\u00f3n<\/li>\n\n\n\n<li>Sand\u00eda Chicle<\/li>\n\n\n\n<li>Hielo de sand\u00eda<\/li>\n\n\n\n<li>Sand\u00eda Razz Rancher<\/li>\n<\/ul>\n\n\n\n<h4 class=\"wp-block-heading\">Especificaciones t\u00e9cnicas y dise\u00f1o<\/h4>\n\n\n\n<h2 class=\"wp-block-heading\">VOZOL RAVE 40000 Especificaciones t\u00e9cnicas e innovaci\u00f3n<\/h2>\n\n\n\n<p>El VOZOL RAVE 40000 est\u00e1 fabricado con la tecnolog\u00eda m\u00e1s avanzada para garantizar una experiencia de primera en cada calada.<\/p>\n\n\n\n<ul class=\"wp-block-list\">\n<li><strong>Max Puffs:<\/strong> Aprox. <strong>40000 Puffs<\/strong><\/li>\n\n\n\n<li><strong>Capacidad de e-l\u00edquido:<\/strong> 20 ml<\/li>\n\n\n\n<li><strong>Bater\u00eda:<\/strong> 1000 mAh <strong>Recargable<\/strong><\/li>\n\n\n\n<li><strong>Potencia de nicotina:<\/strong> 5% (50mg\/ml) Nicotina salada<\/li>\n\n\n\n<li><strong>Sistema de bobinas:<\/strong> <strong>Bobina de malla doble<\/strong> con S.i.L.C. Tech<\/li>\n\n\n\n<li><strong>Cargando:<\/strong> Puerto USB tipo C (carga r\u00e1pida)<\/li>\n\n\n\n<li><strong>Reportaje especial:<\/strong> <strong>Pantalla LED con detecci\u00f3n de latido de 270<\/strong><\/li>\n\n\n\n<li><strong>Activaci\u00f3n:<\/strong> Activado por dibujo<\/li>\n<\/ul>\n\n\n\n<p>El poderoso <strong>Bobina de malla doble<\/strong> se ha ajustado de forma experta para manejar la intensidad de la fruta tropical, garantizando que las fragantes notas de mango y el fresco mentol se emitan perfectamente con un vapor denso y constante durante todo el proceso de vaporizaci\u00f3n. <strong>40000 Puffs Vape desechable<\/strong> de por vida.<\/p>\n\n\n\n<h4 class=\"wp-block-heading\">Razones para comprar ahora<\/h4>\n\n\n\n<h2 class=\"wp-block-heading\">Alerta de existencias limitadas: \u00a1Consigue tu VOZOL RAVE helado de mango!<\/h2>\n\n\n\n<p>El VOZOL RAVE 40000 es la elecci\u00f3n clara para los vapers que buscan el mejor <strong>40000 Puffs Vape desechable<\/strong> en el mercado. Mango Ice es un sabor que gusta a todo el mundo y que se vende r\u00e1pidamente. <strong>Las existencias actuales disminuyen r\u00e1pidamente.<\/strong><\/p>\n\n\n\n<p><strong>Act\u00fae r\u00e1pido:<\/strong> Aseg\u00farate tu VOZOL RAVE 40000 ahora y disfruta de un vapeo tropical premium y duradero con un toque de fiesta \u00fanico. <strong>\u00a1No se pierda este popular vape VOZOL-a\u00f1adir a la cesta inmediatamente!<\/strong><\/p>","protected":false},"excerpt":{"rendered":"<p>The VOZOL RAVE 40000 Puffs Disposable Vape in the intriguing Love 777 flavor offers a truly unique and captivating vaping experience that keeps you guessing. Designed for the adventurous vaper, this device provides an unparalleled 40000 VOZOL RAVE 40000 Puffs Mango Ice: Tropical Paradise, Arctic Blast The VOZOL RAVE 40000 Puffs Disposable Vape in Mango [&hellip;]<\/p>\n","protected":false},"featured_media":19302,"comment_status":"open","ping_status":"closed","template":"","meta":[],"product_brand":[178],"product_cat":[135],"product_tag":[],"class_list":{"0":"post-18522","1":"product","2":"type-product","3":"status-publish","4":"has-post-thumbnail","6":"product_brand-vozol","7":"product_cat-40k-puffs","9":"first","10":"instock","11":"sale","12":"shipping-taxable","13":"purchasable","14":"product-type-variable"},"yoast_head":"<!-- This site is optimized with the Yoast SEO plugin v27.4 - https:\/\/yoast.com\/product\/yoast-seo-wordpress\/ -->\n<title>40000 Puffs Disposable Vape | VOZOL RAVE Mango Ice Flavor LED | Rechargeable Vape<\/title>\n<meta name=\"description\" content=\"Taste the tropical chill of Mango Ice with the VOZOL RAVE 40000. Features 40000 ultra-long puffs, a 20ml e-liquid capacity, and the thrilling 270\u00b0 Beat-Sensing LED Light. Get this premium VOZOL vapes device for intense, frosty mango flavor and unmatched longevity. Shop now for your reliable Rechargeable Vape!\" \/>\n<meta name=\"robots\" content=\"index, follow, max-snippet:-1, max-image-preview:large, max-video-preview:-1\" \/>\n<link rel=\"canonical\" href=\"https:\/\/vapemaison.com\/es\/producto\/40000-caladas-vape-desechable-vozol-rave-mango-sabor-hielo-led-vape-recargable\/\" \/>\n<meta property=\"og:locale\" content=\"es_ES\" \/>\n<meta property=\"og:type\" content=\"article\" \/>\n<meta property=\"og:title\" content=\"40000 Puffs Disposable Vape | VOZOL RAVE Mango Ice Flavor LED | Rechargeable Vape\" \/>\n<meta property=\"og:description\" content=\"Taste the tropical chill of Mango Ice with the VOZOL RAVE 40000. Features 40000 ultra-long puffs, a 20ml e-liquid capacity, and the thrilling 270\u00b0 Beat-Sensing LED Light. Get this premium VOZOL vapes device for intense, frosty mango flavor and unmatched longevity. Shop now for your reliable Rechargeable Vape!\" \/>\n<meta property=\"og:url\" content=\"https:\/\/vapemaison.com\/es\/producto\/40000-caladas-vape-desechable-vozol-rave-mango-sabor-hielo-led-vape-recargable\/\" \/>\n<meta property=\"og:site_name\" content=\"VapeMaison\" \/>\n<meta property=\"article:modified_time\" content=\"2025-12-20T09:15:30+00:00\" \/>\n<meta property=\"og:image\" content=\"https:\/\/vapemaison.com\/wp-content\/uploads\/2025\/12\/vozol-rave-40000-Strawberry-Mango-3-768x768-1.webp\" \/>\n\t<meta property=\"og:image:width\" content=\"768\" \/>\n\t<meta property=\"og:image:height\" content=\"768\" \/>\n\t<meta property=\"og:image:type\" content=\"image\/webp\" \/>\n<meta name=\"twitter:card\" content=\"summary_large_image\" \/>\n<meta name=\"twitter:label1\" content=\"Tiempo de lectura\" \/>\n\t<meta name=\"twitter:data1\" content=\"2 minutos\" \/>\n<!-- \/ Yoast SEO plugin. -->","yoast_head_json":{"title":"40000 Puffs Vape Desechable | VOZOL RAVE Mango Ice Flavor LED | Vape Recargable","description":"Saborea el fr\u00edo tropical del Mango Ice con el VOZOL RAVE 40000. Cuenta con 40000 caladas ultra-largas, una capacidad de e-l\u00edquido de 20ml, y la emocionante luz LED de 270\u00b0. Consigue este dispositivo VOZOL vapes premium para un intenso sabor a mango helado y una longevidad inigualable. \u00a1Compre ahora su Vape Recargable de confianza!","robots":{"index":"index","follow":"follow","max-snippet":"max-snippet:-1","max-image-preview":"max-image-preview:large","max-video-preview":"max-video-preview:-1"},"canonical":"https:\/\/vapemaison.com\/es\/producto\/40000-caladas-vape-desechable-vozol-rave-mango-sabor-hielo-led-vape-recargable\/","og_locale":"es_ES","og_type":"article","og_title":"40000 Puffs Disposable Vape | VOZOL RAVE Mango Ice Flavor LED | Rechargeable Vape","og_description":"Taste the tropical chill of Mango Ice with the VOZOL RAVE 40000. Features 40000 ultra-long puffs, a 20ml e-liquid capacity, and the thrilling 270\u00b0 Beat-Sensing LED Light. Get this premium VOZOL vapes device for intense, frosty mango flavor and unmatched longevity. Shop now for your reliable Rechargeable Vape!","og_url":"https:\/\/vapemaison.com\/es\/producto\/40000-caladas-vape-desechable-vozol-rave-mango-sabor-hielo-led-vape-recargable\/","og_site_name":"VapeMaison","article_modified_time":"2025-12-20T09:15:30+00:00","og_image":[{"width":768,"height":768,"url":"https:\/\/vapemaison.com\/wp-content\/uploads\/2025\/12\/vozol-rave-40000-Strawberry-Mango-3-768x768-1.webp","type":"image\/webp"}],"twitter_card":"summary_large_image","twitter_misc":{"Tiempo de lectura":"2 minutos"},"schema":{"@context":"https:\/\/schema.org","@graph":[{"@type":"WebPage","@id":"https:\/\/vapemaison.com\/product\/40000-puffs-disposable-vape-vozol-rave-mango-ice-flavor-led-rechargeable-vape\/","url":"https:\/\/vapemaison.com\/product\/40000-puffs-disposable-vape-vozol-rave-mango-ice-flavor-led-rechargeable-vape\/","name":"40000 Puffs Vape Desechable | VOZOL RAVE Mango Ice Flavor LED | Vape Recargable","isPartOf":{"@id":"https:\/\/vapemaison.com\/#website"},"primaryImageOfPage":{"@id":"https:\/\/vapemaison.com\/product\/40000-puffs-disposable-vape-vozol-rave-mango-ice-flavor-led-rechargeable-vape\/#primaryimage"},"image":{"@id":"https:\/\/vapemaison.com\/product\/40000-puffs-disposable-vape-vozol-rave-mango-ice-flavor-led-rechargeable-vape\/#primaryimage"},"thumbnailUrl":"https:\/\/vapemaison.com\/wp-content\/uploads\/2025\/12\/vozol-rave-40000-Strawberry-Mango-3-768x768-1.webp","datePublished":"2025-12-15T07:52:00+00:00","dateModified":"2025-12-20T09:15:30+00:00","description":"Saborea el fr\u00edo tropical del Mango Ice con el VOZOL RAVE 40000. Cuenta con 40000 caladas ultra-largas, una capacidad de e-l\u00edquido de 20ml, y la emocionante luz LED de 270\u00b0. Consigue este dispositivo VOZOL vapes premium para un intenso sabor a mango helado y una longevidad inigualable. \u00a1Compre ahora su Vape Recargable de confianza!","breadcrumb":{"@id":"https:\/\/vapemaison.com\/product\/40000-puffs-disposable-vape-vozol-rave-mango-ice-flavor-led-rechargeable-vape\/#breadcrumb"},"inLanguage":"es","potentialAction":[{"@type":"ReadAction","target":["https:\/\/vapemaison.com\/product\/40000-puffs-disposable-vape-vozol-rave-mango-ice-flavor-led-rechargeable-vape\/"]}]},{"@type":"ImageObject","inLanguage":"es","@id":"https:\/\/vapemaison.com\/product\/40000-puffs-disposable-vape-vozol-rave-mango-ice-flavor-led-rechargeable-vape\/#primaryimage","url":"https:\/\/vapemaison.com\/wp-content\/uploads\/2025\/12\/vozol-rave-40000-Strawberry-Mango-3-768x768-1.webp","contentUrl":"https:\/\/vapemaison.com\/wp-content\/uploads\/2025\/12\/vozol-rave-40000-Strawberry-Mango-3-768x768-1.webp","width":768,"height":768,"caption":"Vozol Rave Strawberry Mango 3 768x768 Disposable Vape Device"},{"@type":"BreadcrumbList","@id":"https:\/\/vapemaison.com\/product\/40000-puffs-disposable-vape-vozol-rave-mango-ice-flavor-led-rechargeable-vape\/#breadcrumb","itemListElement":[{"@type":"ListItem","position":1,"name":"\u9996\u9875","item":"https:\/\/vapemaison.com\/"},{"@type":"ListItem","position":2,"name":"Shop","item":"https:\/\/vapemaison.com\/shop\/"},{"@type":"ListItem","position":3,"name":"Vozol","item":"https:\/\/vapemaison.com\/brand\/vozol\/"},{"@type":"ListItem","position":4,"name":"40000 Puffs Disposable Vape | VOZOL RAVE Mango Ice Flavor LED | Rechargeable Vape"}]},{"@type":"WebSite","@id":"https:\/\/vapemaison.com\/#website","url":"https:\/\/vapemaison.com\/","name":"VapeMaison","description":"Dispositivos y accesorios premium para vapear","publisher":{"@id":"https:\/\/vapemaison.com\/#organization"},"potentialAction":[{"@type":"SearchAction","target":{"@type":"EntryPoint","urlTemplate":"https:\/\/vapemaison.com\/?s={search_term_string}"},"query-input":{"@type":"PropertyValueSpecification","valueRequired":true,"valueName":"search_term_string"}}],"inLanguage":"es"},{"@type":"Organization","@id":"https:\/\/vapemaison.com\/#organization","name":"VapeMaison","url":"https:\/\/vapemaison.com\/","logo":{"@type":"ImageObject","inLanguage":"es","@id":"https:\/\/vapemaison.com\/#\/schema\/logo\/image\/","url":"https:\/\/vapemaison.com\/wp-content\/uploads\/2026\/01\/cropped-vapemaison-logo-g-2026.webp","contentUrl":"https:\/\/vapemaison.com\/wp-content\/uploads\/2026\/01\/cropped-vapemaison-logo-g-2026.webp","width":350,"height":280,"caption":"VapeMaison"},"image":{"@id":"https:\/\/vapemaison.com\/#\/schema\/logo\/image\/"},"sameAs":["https:\/\/www.youtube.com\/@VapeMaison"]}]}},"tiered_pricing_type":"fixed","tiered_pricing_fixed_rules":{"30":"12.24","50":"11.63","100":"10.86","200":"9.98"},"tiered_pricing_product_settings":{"layout":"default","base_unit_name":{"singular":null,"plural":null},"default_variation":null},"tiered_pricing_minimum_quantity":10,"tiered_pricing_roles_data":[],"tiered_pricing_percentage_rules":[],"tiered_pricing_maximum_quantity":null,"tiered_pricing_quantity_step":"10","_links":{"self":[{"href":"https:\/\/vapemaison.com\/es\/wp-json\/wp\/v2\/product\/18522","targetHints":{"allow":["GET"]}}],"collection":[{"href":"https:\/\/vapemaison.com\/es\/wp-json\/wp\/v2\/product"}],"about":[{"href":"https:\/\/vapemaison.com\/es\/wp-json\/wp\/v2\/types\/product"}],"replies":[{"embeddable":true,"href":"https:\/\/vapemaison.com\/es\/wp-json\/wp\/v2\/comments?post=18522"}],"version-history":[{"count":0,"href":"https:\/\/vapemaison.com\/es\/wp-json\/wp\/v2\/product\/18522\/revisions"}],"wp:featuredmedia":[{"embeddable":true,"href":"https:\/\/vapemaison.com\/es\/wp-json\/wp\/v2\/media\/19302"}],"wp:attachment":[{"href":"https:\/\/vapemaison.com\/es\/wp-json\/wp\/v2\/media?parent=18522"}],"wp:term":[{"taxonomy":"product_brand","embeddable":true,"href":"https:\/\/vapemaison.com\/es\/wp-json\/wp\/v2\/product_brand?post=18522"},{"taxonomy":"product_cat","embeddable":true,"href":"https:\/\/vapemaison.com\/es\/wp-json\/wp\/v2\/product_cat?post=18522"},{"taxonomy":"product_tag","embeddable":true,"href":"https:\/\/vapemaison.com\/es\/wp-json\/wp\/v2\/product_tag?post=18522"}],"curies":[{"name":"wp","href":"https:\/\/api.w.org\/{rel}","templated":true}]}}