

{"id":18644,"date":"2025-12-15T09:13:33","date_gmt":"2025-12-15T09:13:33","guid":{"rendered":"https:\/\/vapemaison.com\/?post_type=product&#038;p=18644"},"modified":"2025-12-20T09:12:04","modified_gmt":"2025-12-20T09:12:04","slug":"vape-recargable-vozol-rave-40000-caladas-sabor-fresa-hielo-vozol-vapes","status":"publish","type":"product","link":"https:\/\/vapemaison.com\/es\/product\/rechargeable-vape-vozol-rave-40000-puffs-strawberry-ice-flavor-vozol-vapes\/","title":{"rendered":"Vape Recargable | VOZOL RAVE 40000 Puffs Sabor Fresa Helada | VOZOL Vapes"},"content":{"rendered":"<h2 class=\"wp-block-heading\">VOZOL RAVE 40000 Puffs Helados de Fresa: Dulzor cl\u00e1sico, toque helado<\/h2>\n\n\n\n<p>En <strong>VOZOL RAVE 40000 Puffs Vape Desechable<\/strong> en Strawberry Ice proporciona uno de los perfiles de sabor m\u00e1s queridos y consistentes: fresa dulce con una exhalaci\u00f3n fresca. Dise\u00f1ado para la m\u00e1xima satisfacci\u00f3n del usuario, este dispositivo cuenta con una extraordinaria <strong>Capacidad para 40000 soplidos<\/strong> y es visualmente impresionante con su vibrante <strong>Espect\u00e1culo de luces LED de 270<\/strong>. El VOZOL RAVE es el <strong>Vape recargable<\/strong> para vapeadores que buscan un sabor cl\u00e1sico y fiable en un formato de alto rendimiento y larga duraci\u00f3n.<\/p>\n\n\n\n<h4 class=\"wp-block-heading\">Fest\u00edn de sabores: Descubra su favorito<\/h4>\n\n\n\n<h2 class=\"wp-block-heading\">Fresas heladas: Perfecci\u00f3n simple<\/h2>\n\n\n\n<p>El helado de fresa es un cl\u00e1sico por una raz\u00f3n. Proporciona el <strong>sabor puro y reconocible de fresas de jard\u00edn dulces y calentadas al sol<\/strong> y termina la experiencia con un <strong>crujiente y limpia ola de mentol<\/strong>. El sabor es sencillo, incre\u00edblemente suave y ofrece una experiencia refrescante y afrutada que puede disfrutarse durante todo el d\u00eda.<\/p>\n\n\n\n<ul class=\"wp-block-list\">\n<li>Hielo Razz Azul<\/li>\n\n\n\n<li>Hielo de ar\u00e1ndanos<\/li>\n\n\n\n<li>Sand\u00eda con ar\u00e1ndanos<\/li>\n\n\n\n<li>Fresa cereza<\/li>\n\n\n\n<li>Menta fresca<\/li>\n\n\n\n<li>Manzana doble<\/li>\n\n\n\n<li>Hielo de uva<\/li>\n\n\n\n<li>Amor 777<\/li>\n\n\n\n<li>Mango Ice<\/li>\n\n\n\n<li>Mango Melocot\u00f3n<\/li>\n\n\n\n<li>Melocot\u00f3n helado<\/li>\n\n\n\n<li>Limonada de frambuesa y melocot\u00f3n<\/li>\n\n\n\n<li><strong>Hielo de fresa:<\/strong> La eterna dulzura de las fresas frescas y maduras, acabada con un fr\u00edo mentolado perfectamente equilibrado.<\/li>\n\n\n\n<li>Fresa Kiwi<\/li>\n\n\n\n<li>Fresa Mango<\/li>\n\n\n\n<li>Sand\u00eda con fresa<\/li>\n\n\n\n<li>Sand\u00eda Melocot\u00f3n<\/li>\n\n\n\n<li>Sand\u00eda Chicle<\/li>\n\n\n\n<li>Hielo de sand\u00eda<\/li>\n\n\n\n<li>Sand\u00eda Razz Rancher<\/li>\n<\/ul>\n\n\n\n<h4 class=\"wp-block-heading\">Especificaciones t\u00e9cnicas y dise\u00f1o<\/h4>\n\n\n\n<h2 class=\"wp-block-heading\">VOZOL RAVE 40000 Especificaciones t\u00e9cnicas e innovaci\u00f3n<\/h2>\n\n\n\n<p>El VOZOL RAVE 40000 est\u00e1 fabricado con la tecnolog\u00eda m\u00e1s avanzada para garantizar una experiencia de primera en cada calada.<\/p>\n\n\n\n<ul class=\"wp-block-list\">\n<li><strong>Max Puffs:<\/strong> Aprox. <strong>40000 Puffs<\/strong><\/li>\n\n\n\n<li><strong>Capacidad de e-l\u00edquido:<\/strong> 20 ml<\/li>\n\n\n\n<li><strong>Bater\u00eda:<\/strong> 1000 mAh <strong>Recargable<\/strong><\/li>\n\n\n\n<li><strong>Potencia de nicotina:<\/strong> 5% (50mg\/ml) Nicotina salada<\/li>\n\n\n\n<li><strong>Sistema de bobinas:<\/strong> <strong>Bobina de malla doble<\/strong> con S.i.L.C. Tech<\/li>\n\n\n\n<li><strong>Cargando:<\/strong> Puerto USB tipo C (carga r\u00e1pida)<\/li>\n\n\n\n<li><strong>Reportaje especial:<\/strong> <strong>Pantalla LED con detecci\u00f3n de latido de 270<\/strong><\/li>\n\n\n\n<li><strong>Activaci\u00f3n:<\/strong> Activado por dibujo<\/li>\n<\/ul>\n\n\n\n<p>Gracias a la gran eficacia <strong>Bobina de malla doble<\/strong> VOZOL RAVE 40000 es capaz de preservar el car\u00e1cter delicado y dulce de la fresa mientras proporciona el fr\u00edo y satisfactorio hielo, asegurando una perfecta consistencia del sabor a lo largo de todo el proceso. <strong>40000 Puffs Vape desechable<\/strong> de por vida.<\/p>\n\n\n\n<h4 class=\"wp-block-heading\">D. \ud83d\uded2 Razones para comprar ahora<\/h4>\n\n\n\n<h2 class=\"wp-block-heading\">Alerta de existencias limitadas: \u00a1Consigue tu VOZOL RAVE helado de fresa!<\/h2>\n\n\n\n<p>El VOZOL RAVE 40000 es el est\u00e1ndar de oro para <strong>40000 Puffs Vape desechable<\/strong> que combinan un n\u00famero revolucionario de caladas con un sabor superior. Strawberry Ice es uno de nuestros sabores m\u00e1s vendidos de todos los tiempos. <strong>Los niveles actuales de existencias son extremadamente bajos.<\/strong><\/p>\n\n\n\n<p><strong>Act\u00fae r\u00e1pido:<\/strong> Aseg\u00farate tu VOZOL RAVE 40000 ahora y disfruta de una experiencia de vapeo premium, duradera y refrescantemente dulce. <strong>No espere m\u00e1s: \u00a1haga hoy mismo su pedido de este vape VOZOL esencial!<\/strong><\/p>","protected":false},"excerpt":{"rendered":"<p>VOZOL RAVE 40000 Puffs Strawberry Ice: Classic Sweetness, Icy Twist The VOZOL RAVE 40000 Puffs Disposable Vape in Strawberry Ice provides one of the most beloved and consistent flavor profiles\u2014sweet strawberry with a cool exhale. Designed for maximum user satisfaction, this device features an extraordinary 40000 puff capacity and is visually stunning with its vibrant [&hellip;]<\/p>\n","protected":false},"featured_media":19297,"comment_status":"open","ping_status":"closed","template":"","meta":[],"product_brand":[178],"product_cat":[135],"product_tag":[],"class_list":{"0":"post-18644","1":"product","2":"type-product","3":"status-publish","4":"has-post-thumbnail","6":"product_brand-vozol","7":"product_cat-40k-puffs","9":"first","10":"instock","11":"sale","12":"shipping-taxable","13":"purchasable","14":"product-type-variable"},"yoast_head":"<!-- This site is optimized with the Yoast SEO plugin v27.4 - https:\/\/yoast.com\/product\/yoast-seo-wordpress\/ -->\n<title>Rechargeable Vape | VOZOL RAVE 40000 Puffs Strawberry Ice Flavor | VOZOL Vapes<\/title>\n<meta name=\"description\" content=\"Taste the pure, sweet delight of Strawberry Ice with the VOZOL RAVE 40000. This 40000 Puffs Disposable Vape offers a huge 20ml capacity and the mesmerizing 270\u00b0 Beat-Sensing LED Light. Get the best of VOZOL vapes with this classic, frosty strawberry blend. Order your long-lasting, flavorful device today!\" \/>\n<meta name=\"robots\" content=\"index, follow, max-snippet:-1, max-image-preview:large, max-video-preview:-1\" \/>\n<link rel=\"canonical\" href=\"https:\/\/vapemaison.com\/es\/producto\/vape-recargable-vozol-rave-40000-caladas-sabor-fresa-hielo-vozol-vapes\/\" \/>\n<meta property=\"og:locale\" content=\"es_ES\" \/>\n<meta property=\"og:type\" content=\"article\" \/>\n<meta property=\"og:title\" content=\"Rechargeable Vape | VOZOL RAVE 40000 Puffs Strawberry Ice Flavor | VOZOL Vapes\" \/>\n<meta property=\"og:description\" content=\"Taste the pure, sweet delight of Strawberry Ice with the VOZOL RAVE 40000. This 40000 Puffs Disposable Vape offers a huge 20ml capacity and the mesmerizing 270\u00b0 Beat-Sensing LED Light. Get the best of VOZOL vapes with this classic, frosty strawberry blend. Order your long-lasting, flavorful device today!\" \/>\n<meta property=\"og:url\" content=\"https:\/\/vapemaison.com\/es\/producto\/vape-recargable-vozol-rave-40000-caladas-sabor-fresa-hielo-vozol-vapes\/\" \/>\n<meta property=\"og:site_name\" content=\"VapeMaison\" \/>\n<meta property=\"article:modified_time\" content=\"2025-12-20T09:12:04+00:00\" \/>\n<meta property=\"og:image\" content=\"https:\/\/vapemaison.com\/wp-content\/uploads\/2025\/12\/vozol-rave-40000-Strawberry-Ice-2-800x800-1.webp\" \/>\n\t<meta property=\"og:image:width\" content=\"800\" \/>\n\t<meta property=\"og:image:height\" content=\"800\" \/>\n\t<meta property=\"og:image:type\" content=\"image\/webp\" \/>\n<meta name=\"twitter:card\" content=\"summary_large_image\" \/>\n<meta name=\"twitter:label1\" content=\"Tiempo de lectura\" \/>\n\t<meta name=\"twitter:data1\" content=\"2 minutos\" \/>\n<!-- \/ Yoast SEO plugin. -->","yoast_head_json":{"title":"Vape Recargable | VOZOL RAVE 40000 Puffs Sabor Fresa Helada | VOZOL Vapes","description":"Saborea la pura y dulce delicia de la fresa helada con el VOZOL RAVE 40000. Este vapeador desechable de 40000 caladas ofrece una enorme capacidad de 20ml y la hipnotizante luz LED de 270\u00b0 con sensor de ritmo. Consigue lo mejor de los vapes VOZOL con esta mezcla cl\u00e1sica de fresa escarchada. \u00a1Pide tu dispositivo de larga duraci\u00f3n y sabor hoy mismo!","robots":{"index":"index","follow":"follow","max-snippet":"max-snippet:-1","max-image-preview":"max-image-preview:large","max-video-preview":"max-video-preview:-1"},"canonical":"https:\/\/vapemaison.com\/es\/producto\/vape-recargable-vozol-rave-40000-caladas-sabor-fresa-hielo-vozol-vapes\/","og_locale":"es_ES","og_type":"article","og_title":"Rechargeable Vape | VOZOL RAVE 40000 Puffs Strawberry Ice Flavor | VOZOL Vapes","og_description":"Taste the pure, sweet delight of Strawberry Ice with the VOZOL RAVE 40000. This 40000 Puffs Disposable Vape offers a huge 20ml capacity and the mesmerizing 270\u00b0 Beat-Sensing LED Light. Get the best of VOZOL vapes with this classic, frosty strawberry blend. Order your long-lasting, flavorful device today!","og_url":"https:\/\/vapemaison.com\/es\/producto\/vape-recargable-vozol-rave-40000-caladas-sabor-fresa-hielo-vozol-vapes\/","og_site_name":"VapeMaison","article_modified_time":"2025-12-20T09:12:04+00:00","og_image":[{"width":800,"height":800,"url":"https:\/\/vapemaison.com\/wp-content\/uploads\/2025\/12\/vozol-rave-40000-Strawberry-Ice-2-800x800-1.webp","type":"image\/webp"}],"twitter_card":"summary_large_image","twitter_misc":{"Tiempo de lectura":"2 minutos"},"schema":{"@context":"https:\/\/schema.org","@graph":[{"@type":"WebPage","@id":"https:\/\/vapemaison.com\/product\/rechargeable-vape-vozol-rave-40000-puffs-strawberry-ice-flavor-vozol-vapes\/","url":"https:\/\/vapemaison.com\/product\/rechargeable-vape-vozol-rave-40000-puffs-strawberry-ice-flavor-vozol-vapes\/","name":"Vape Recargable | VOZOL RAVE 40000 Puffs Sabor Fresa Helada | VOZOL Vapes","isPartOf":{"@id":"https:\/\/vapemaison.com\/#website"},"primaryImageOfPage":{"@id":"https:\/\/vapemaison.com\/product\/rechargeable-vape-vozol-rave-40000-puffs-strawberry-ice-flavor-vozol-vapes\/#primaryimage"},"image":{"@id":"https:\/\/vapemaison.com\/product\/rechargeable-vape-vozol-rave-40000-puffs-strawberry-ice-flavor-vozol-vapes\/#primaryimage"},"thumbnailUrl":"https:\/\/vapemaison.com\/wp-content\/uploads\/2025\/12\/vozol-rave-40000-Strawberry-Ice-2-800x800-1.webp","datePublished":"2025-12-15T09:13:33+00:00","dateModified":"2025-12-20T09:12:04+00:00","description":"Saborea la pura y dulce delicia de la fresa helada con el VOZOL RAVE 40000. Este vapeador desechable de 40000 caladas ofrece una enorme capacidad de 20ml y la hipnotizante luz LED de 270\u00b0 con sensor de ritmo. Consigue lo mejor de los vapes VOZOL con esta mezcla cl\u00e1sica de fresa escarchada. \u00a1Pide tu dispositivo de larga duraci\u00f3n y sabor hoy mismo!","breadcrumb":{"@id":"https:\/\/vapemaison.com\/product\/rechargeable-vape-vozol-rave-40000-puffs-strawberry-ice-flavor-vozol-vapes\/#breadcrumb"},"inLanguage":"es","potentialAction":[{"@type":"ReadAction","target":["https:\/\/vapemaison.com\/product\/rechargeable-vape-vozol-rave-40000-puffs-strawberry-ice-flavor-vozol-vapes\/"]}]},{"@type":"ImageObject","inLanguage":"es","@id":"https:\/\/vapemaison.com\/product\/rechargeable-vape-vozol-rave-40000-puffs-strawberry-ice-flavor-vozol-vapes\/#primaryimage","url":"https:\/\/vapemaison.com\/wp-content\/uploads\/2025\/12\/vozol-rave-40000-Strawberry-Ice-2-800x800-1.webp","contentUrl":"https:\/\/vapemaison.com\/wp-content\/uploads\/2025\/12\/vozol-rave-40000-Strawberry-Ice-2-800x800-1.webp","width":800,"height":800,"caption":"Vozol Rave Strawberry Ice 2 800x800 Disposable Vape Device"},{"@type":"BreadcrumbList","@id":"https:\/\/vapemaison.com\/product\/rechargeable-vape-vozol-rave-40000-puffs-strawberry-ice-flavor-vozol-vapes\/#breadcrumb","itemListElement":[{"@type":"ListItem","position":1,"name":"\u9996\u9875","item":"https:\/\/vapemaison.com\/"},{"@type":"ListItem","position":2,"name":"Shop","item":"https:\/\/vapemaison.com\/shop\/"},{"@type":"ListItem","position":3,"name":"Vozol","item":"https:\/\/vapemaison.com\/brand\/vozol\/"},{"@type":"ListItem","position":4,"name":"Rechargeable Vape | VOZOL RAVE 40000 Puffs Strawberry Ice Flavor | VOZOL Vapes"}]},{"@type":"WebSite","@id":"https:\/\/vapemaison.com\/#website","url":"https:\/\/vapemaison.com\/","name":"VapeMaison","description":"Dispositivos y accesorios premium para vapear","publisher":{"@id":"https:\/\/vapemaison.com\/#organization"},"potentialAction":[{"@type":"SearchAction","target":{"@type":"EntryPoint","urlTemplate":"https:\/\/vapemaison.com\/?s={search_term_string}"},"query-input":{"@type":"PropertyValueSpecification","valueRequired":true,"valueName":"search_term_string"}}],"inLanguage":"es"},{"@type":"Organization","@id":"https:\/\/vapemaison.com\/#organization","name":"VapeMaison","url":"https:\/\/vapemaison.com\/","logo":{"@type":"ImageObject","inLanguage":"es","@id":"https:\/\/vapemaison.com\/#\/schema\/logo\/image\/","url":"https:\/\/vapemaison.com\/wp-content\/uploads\/2026\/01\/cropped-vapemaison-logo-g-2026.webp","contentUrl":"https:\/\/vapemaison.com\/wp-content\/uploads\/2026\/01\/cropped-vapemaison-logo-g-2026.webp","width":350,"height":280,"caption":"VapeMaison"},"image":{"@id":"https:\/\/vapemaison.com\/#\/schema\/logo\/image\/"},"sameAs":["https:\/\/www.youtube.com\/@VapeMaison"]}]}},"tiered_pricing_type":"fixed","tiered_pricing_fixed_rules":{"30":"12.24","50":"11.63","100":"10.86","200":"9.98"},"tiered_pricing_product_settings":{"layout":"default","base_unit_name":{"singular":null,"plural":null},"default_variation":null},"tiered_pricing_minimum_quantity":10,"tiered_pricing_roles_data":[],"tiered_pricing_percentage_rules":[],"tiered_pricing_maximum_quantity":null,"tiered_pricing_quantity_step":"10","_links":{"self":[{"href":"https:\/\/vapemaison.com\/es\/wp-json\/wp\/v2\/product\/18644","targetHints":{"allow":["GET"]}}],"collection":[{"href":"https:\/\/vapemaison.com\/es\/wp-json\/wp\/v2\/product"}],"about":[{"href":"https:\/\/vapemaison.com\/es\/wp-json\/wp\/v2\/types\/product"}],"replies":[{"embeddable":true,"href":"https:\/\/vapemaison.com\/es\/wp-json\/wp\/v2\/comments?post=18644"}],"version-history":[{"count":0,"href":"https:\/\/vapemaison.com\/es\/wp-json\/wp\/v2\/product\/18644\/revisions"}],"wp:featuredmedia":[{"embeddable":true,"href":"https:\/\/vapemaison.com\/es\/wp-json\/wp\/v2\/media\/19297"}],"wp:attachment":[{"href":"https:\/\/vapemaison.com\/es\/wp-json\/wp\/v2\/media?parent=18644"}],"wp:term":[{"taxonomy":"product_brand","embeddable":true,"href":"https:\/\/vapemaison.com\/es\/wp-json\/wp\/v2\/product_brand?post=18644"},{"taxonomy":"product_cat","embeddable":true,"href":"https:\/\/vapemaison.com\/es\/wp-json\/wp\/v2\/product_cat?post=18644"},{"taxonomy":"product_tag","embeddable":true,"href":"https:\/\/vapemaison.com\/es\/wp-json\/wp\/v2\/product_tag?post=18644"}],"curies":[{"name":"wp","href":"https:\/\/api.w.org\/{rel}","templated":true}]}}